{"id":5878,"date":"2019-03-11T09:24:09","date_gmt":"2019-03-11T08:24:09","guid":{"rendered":"http:\/\/edel.stephanie.ct.webcd.lan\/shop\/alternateur-fendtlsh-lamborghini-same-hurlimannrenault-claas-volt-ampere-14-150\/"},"modified":"2026-02-04T02:00:30","modified_gmt":"2026-02-04T01:00:30","slug":"alternateur-fendtlsh-lamborghini-same-hurlimannrenault-claas-volt-ampere-14-150","status":"publish","type":"product","link":"https:\/\/edel.fr\/en\/product\/alternateur-fendtlsh-lamborghini-same-hurlimannrenault-claas-volt-ampere-14-150\/","title":{"rendered":"Alternateur Fendt, LSH Same, Renault &#8211; 14 Volt \/ 150 Amp\u00e8re"},"content":{"rendered":"<div data-elementor-type=\"wp-post\" data-elementor-id=\"5878\" class=\"elementor elementor-5878\">\n\t\t\t\t\t\t<section class=\"elementor-section elementor-top-section elementor-element elementor-element-4efb7136 elementor-section-boxed elementor-section-height-default elementor-section-height-default\" data-id=\"4efb7136\" data-element_type=\"section\" data-e-type=\"section\">\n\t\t\t\t\t\t<div class=\"elementor-container elementor-column-gap-default\">\n\t\t\t\t\t<div class=\"elementor-column elementor-col-100 elementor-top-column elementor-element elementor-element-15e7500b\" data-id=\"15e7500b\" data-element_type=\"column\" data-e-type=\"column\">\n\t\t\t<div class=\"elementor-widget-wrap elementor-element-populated\">\n\t\t\t\t\t\t<div class=\"elementor-element elementor-element-41a75a elementor-widget elementor-widget-heading\" data-id=\"41a75a\" data-element_type=\"widget\" data-e-type=\"widget\" data-widget_type=\"heading.default\">\n\t\t\t\t<div class=\"elementor-widget-container\">\n\t\t\t\t\t<h2 class=\"elementor-heading-title elementor-size-default\">Alternateur Fendt, Lsh Lamborghini Same H\u00fcrlimann, Renault Claas - 14 Volt \/ 150 Amp\u00e8re<\/h2>\t\t\t\t<\/div>\n\t\t\t\t<\/div>\n\t\t\t\t<div class=\"elementor-element elementor-element-3e8ba401 elementor-widget elementor-widget-heading\" data-id=\"3e8ba401\" data-element_type=\"widget\" data-e-type=\"widget\" data-widget_type=\"heading.default\">\n\t\t\t\t<div class=\"elementor-widget-container\">\n\t\t\t\t\t<h3 class=\"elementor-heading-title elementor-size-default\">Information du produit :<\/h3>\t\t\t\t<\/div>\n\t\t\t\t<\/div>\n\t\t\t\t\t<\/div>\n\t\t<\/div>\n\t\t\t\t\t<\/div>\n\t\t<\/section>\n\t\t\t\t<section class=\"elementor-section elementor-top-section elementor-element elementor-element-24a0a918 elementor-section-boxed elementor-section-height-default elementor-section-height-default\" data-id=\"24a0a918\" data-element_type=\"section\" data-e-type=\"section\">\n\t\t\t\t\t\t<div class=\"elementor-container elementor-column-gap-default\">\n\t\t\t\t\t<div class=\"elementor-column elementor-col-100 elementor-top-column elementor-element elementor-element-2d53ea\" data-id=\"2d53ea\" data-element_type=\"column\" data-e-type=\"column\">\n\t\t\t<div class=\"elementor-widget-wrap elementor-element-populated\">\n\t\t\t\t\t\t<div class=\"elementor-element elementor-element-258dcbab elementor-widget elementor-widget-text-editor\" data-id=\"258dcbab\" data-element_type=\"widget\" data-e-type=\"widget\" data-widget_type=\"text-editor.default\">\n\t\t\t\t<div class=\"elementor-widget-container\">\n\t\t\t\t\t\t\t\t\t<p>Votre alternateur g\u00e9n\u00e8re de l\u2019\u00e9nergie \u00e9lectrique en convertissant l&rsquo;\u00e9nergie cin\u00e9tique. Cette \u00e9nergie est stock\u00e9e par la batterie et consomm\u00e9e par les diff\u00e9rents organes \u00e9lectriques et \u00e9lectroniques.<\/p><p>C&rsquo;est pourquoi nous vous proposons une pi\u00e8ce de marque <a href=\"https:\/\/edel.fr\/en\/constructeur\/mahle\/\">Mahle<\/a> \/ <a href=\"https:\/\/edel.fr\/en\/constructeur\/letrika\/\">Letrika<\/a> reconnue pour sa fiabilit\u00e9.<\/p><p>Fendt, LSH Same, Renault : 300, 309, 310, 400, 410 Vario, 500, 509, 512, 514, 600, 700, 712, 716, 718, 818, 900, Champion 120, Jaguar.<\/p><p><strong>R\u00e9f\u00e9rences du constructeur :<\/strong><\/p><p>AGCO : C000900010620, C718901010010.<\/p><p>BOSCH : 0123510060, 0123510074, 0123512502, 0123520015, 0123520030, 0124615041, 0124615053, 0986043130.<\/p><p>CASE : 87452821<\/p><p>CNH \/ FIAT AGRI : 73327991<\/p><p>DAF : 1340893<\/p><p>DELCO REMY : DRB3130<\/p><p>DEUTZ AG (KHD) : 0118 0758<\/p><p>FENDT : F 404 900 010 050, F 934 900 010 040, G 515 900 010 100.<\/p><p>HELLA : 8EL 737 704-001, 8EL 738 231-001, CA 1480 IR.<\/p><p>LESTER : 12381, 12675.<\/p><p>LUCAS : LRA02138, LRA02234.<\/p><p>MAN : 51 26101 7221, 51 26101 7251.<\/p><p>MERCEDES-BENZ : 010 154 15 02<\/p><p>SAME (DEUTZ- FAHR GROUP) : 2 9439 610 0, 2 9439 650 0.<\/p>\t\t\t\t\t\t\t\t<\/div>\n\t\t\t\t<\/div>\n\t\t\t\t\t<\/div>\n\t\t<\/div>\n\t\t\t\t\t<\/div>\n\t\t<\/section>\n\t\t\t\t<\/div>","protected":false},"excerpt":{"rendered":"<p>Alternateur Fendt, Lsh Lamborghini Same H\u00fcrlimann, Renault Claas &#8211; 14 Volt \/ 150 Amp\u00e8re Information du produit : Votre alternateur g\u00e9n\u00e8re de l\u2019\u00e9nergie \u00e9lectrique en convertissant l&rsquo;\u00e9nergie cin\u00e9tique. Cette \u00e9nergie est stock\u00e9e par la batterie et consomm\u00e9e par les diff\u00e9rents organes \u00e9lectriques et \u00e9lectroniques. C&rsquo;est pourquoi nous vous proposons une pi\u00e8ce de marque Mahle \/<br \/><a class=\"more-link\" href=\"https:\/\/edel.fr\/en\/product\/alternateur-fendtlsh-lamborghini-same-hurlimannrenault-claas-volt-ampere-14-150\/\"><br \/>\n        Read More<span class=\"screen-reader-text\"> \u00ab\u00a0Alternateur Fendt, LSH Same, Renault &#8211; 14 Volt \/ 150 Amp\u00e8re\u00a0\u00bb<\/span><\/a><\/p>","protected":false},"featured_media":5615,"template":"","meta":[],"product_brand":[],"product_cat":[4018,4024,4032,164,154,119],"product_tag":[2459,180],"tracteur":[],"class_list":{"0":"post-5878","1":"product","2":"type-product","3":"status-publish","4":"has-post-thumbnail","6":"product_cat-alternateur-fendt","7":"product_cat-alternateur-lamborghini-same","8":"product_cat-alternateur-renault-claas","9":"product_cat-alternateurs","10":"product_cat-electricite","11":"product_cat-tracteurs-agricoles","12":"product_tag-alternateurs","13":"product_tag-electricite","14":"product_shipping_class-142","15":"pa_fabriquant-mahle","16":"pa_marque-tracteur-fendt","17":"pa_marque-tracteur-lsh","18":"pa_marque-tracteur-renault-claas","19":"pa_modele-tracteur-champion","20":"pa_type-2-1732","21":"pa_type-2-1733","22":"pa_type-2-1734","23":"pa_type-2-1735","24":"pa_type-2-410-vario","25":"pa_type-2-1736","26":"pa_type-2-1737","27":"pa_type-2-1738","28":"pa_type-2-1739","29":"pa_type-2-1740","30":"pa_type-2-1536","31":"pa_type-2-1741","32":"pa_type-2-1742","33":"pa_type-2-1743","34":"pa_type-2-1744","35":"pa_type-2-1745","36":"pa_type-2-champion-120","37":"pa_type-2-jaguar","38":"badges-style-2","40":"first","41":"instock","42":"taxable","43":"shipping-taxable","44":"purchasable","45":"product-type-simple"},"acf":[],"yoast_head":"<!-- This site is optimized with the Yoast SEO plugin v27.3 - https:\/\/yoast.com\/product\/yoast-seo-wordpress\/ -->\n<title>Alternateur Fendt, LSH Same, Renault - 14 Volt \/ 150 Amp\u00e8re - Edel<\/title>\n<meta name=\"description\" content=\"Alternateur Fendt, LSH Same, Renault - 14 Volt \/ 150 Amp\u00e8re - 300 309 310 400 410 Vario 500 509 512 514 600 700 712 716 718 818 900 Champion 120 Jaguar\" \/>\n<meta name=\"robots\" content=\"index, follow, max-snippet:-1, max-image-preview:large, max-video-preview:-1\" \/>\n<link rel=\"canonical\" href=\"https:\/\/www.edel.fr\/produit\/alternateur-fendtlsh-lamborghini-same-hurlimannrenault-claas-volt-ampere-14-150\/\" \/>\n<meta property=\"og:locale\" content=\"en_US\" \/>\n<meta property=\"og:type\" content=\"article\" \/>\n<meta property=\"og:title\" content=\"Alternateur Fendt, LSH Same, Renault - 14 Volt \/ 150 Amp\u00e8re - Edel\" \/>\n<meta property=\"og:description\" content=\"Alternateur Fendt, LSH Same, Renault - 14 Volt \/ 150 Amp\u00e8re - 300 309 310 400 410 Vario 500 509 512 514 600 700 712 716 718 818 900 Champion 120 Jaguar\" \/>\n<meta property=\"og:url\" content=\"https:\/\/www.edel.fr\/produit\/alternateur-fendtlsh-lamborghini-same-hurlimannrenault-claas-volt-ampere-14-150\/\" \/>\n<meta property=\"og:site_name\" content=\"Edel\" \/>\n<meta property=\"article:modified_time\" content=\"2026-02-04T01:00:30+00:00\" \/>\n<meta property=\"og:image\" content=\"https:\/\/www.edel.fr\/uploads\/2019\/03\/A34.jpg\" \/>\n\t<meta property=\"og:image:width\" content=\"1920\" \/>\n\t<meta property=\"og:image:height\" content=\"1213\" \/>\n\t<meta property=\"og:image:type\" content=\"image\/jpeg\" \/>\n<meta name=\"twitter:card\" content=\"summary_large_image\" \/>\n<meta name=\"twitter:label1\" content=\"Est. reading time\" \/>\n\t<meta name=\"twitter:data1\" content=\"1 minute\" \/>\n<script type=\"application\/ld+json\" class=\"yoast-schema-graph\">{\"@context\":\"https:\\\/\\\/schema.org\",\"@graph\":[{\"@type\":\"WebPage\",\"@id\":\"https:\\\/\\\/www.edel.fr\\\/produit\\\/alternateur-fendtlsh-lamborghini-same-hurlimannrenault-claas-volt-ampere-14-150\\\/\",\"url\":\"https:\\\/\\\/www.edel.fr\\\/produit\\\/alternateur-fendtlsh-lamborghini-same-hurlimannrenault-claas-volt-ampere-14-150\\\/\",\"name\":\"Alternateur Fendt, LSH Same, Renault - 14 Volt \\\/ 150 Amp\u00e8re - Edel\",\"isPartOf\":{\"@id\":\"http:\\\/\\\/www.edel.fr\\\/en\\\/#website\"},\"primaryImageOfPage\":{\"@id\":\"https:\\\/\\\/www.edel.fr\\\/produit\\\/alternateur-fendtlsh-lamborghini-same-hurlimannrenault-claas-volt-ampere-14-150\\\/#primaryimage\"},\"image\":{\"@id\":\"https:\\\/\\\/www.edel.fr\\\/produit\\\/alternateur-fendtlsh-lamborghini-same-hurlimannrenault-claas-volt-ampere-14-150\\\/#primaryimage\"},\"thumbnailUrl\":\"https:\\\/\\\/edel.fr\\\/uploads\\\/2019\\\/03\\\/A34.jpg\",\"datePublished\":\"2019-03-11T08:24:09+00:00\",\"dateModified\":\"2026-02-04T01:00:30+00:00\",\"description\":\"Alternateur Fendt, LSH Same, Renault - 14 Volt \\\/ 150 Amp\u00e8re - 300 309 310 400 410 Vario 500 509 512 514 600 700 712 716 718 818 900 Champion 120 Jaguar\",\"breadcrumb\":{\"@id\":\"https:\\\/\\\/www.edel.fr\\\/produit\\\/alternateur-fendtlsh-lamborghini-same-hurlimannrenault-claas-volt-ampere-14-150\\\/#breadcrumb\"},\"inLanguage\":\"en-US\",\"potentialAction\":[{\"@type\":\"ReadAction\",\"target\":[\"https:\\\/\\\/www.edel.fr\\\/produit\\\/alternateur-fendtlsh-lamborghini-same-hurlimannrenault-claas-volt-ampere-14-150\\\/\"]}]},{\"@type\":\"ImageObject\",\"inLanguage\":\"en-US\",\"@id\":\"https:\\\/\\\/www.edel.fr\\\/produit\\\/alternateur-fendtlsh-lamborghini-same-hurlimannrenault-claas-volt-ampere-14-150\\\/#primaryimage\",\"url\":\"https:\\\/\\\/edel.fr\\\/uploads\\\/2019\\\/03\\\/A34.jpg\",\"contentUrl\":\"https:\\\/\\\/edel.fr\\\/uploads\\\/2019\\\/03\\\/A34.jpg\",\"width\":1920,\"height\":1213,\"caption\":\"Alternateur Fendt, LSH Same, Renault - 14 Volt \\\/ 150 Amp\u00e8re\"},{\"@type\":\"BreadcrumbList\",\"@id\":\"https:\\\/\\\/www.edel.fr\\\/produit\\\/alternateur-fendtlsh-lamborghini-same-hurlimannrenault-claas-volt-ampere-14-150\\\/#breadcrumb\",\"itemListElement\":[{\"@type\":\"ListItem\",\"position\":1,\"name\":\"Pi\u00e8ce Tracteur\",\"item\":\"http:\\\/\\\/www.edel.fr\\\/en\\\/\"},{\"@type\":\"ListItem\",\"position\":2,\"name\":\"Toutes nos pi\u00e8ces Tracteur\",\"item\":\"https:\\\/\\\/edel.fr\\\/shop\\\/\"},{\"@type\":\"ListItem\",\"position\":3,\"name\":\"Alternateur Fendt, LSH Same, Renault &#8211; 14 Volt \\\/ 150 Amp\u00e8re\"}]},{\"@type\":\"WebSite\",\"@id\":\"http:\\\/\\\/www.edel.fr\\\/en\\\/#website\",\"url\":\"http:\\\/\\\/www.edel.fr\\\/en\\\/\",\"name\":\"Edel\",\"description\":\"Pi\u00e8ce d\u00e9tach\u00e9e de Tracteur Agricole\",\"publisher\":{\"@id\":\"http:\\\/\\\/www.edel.fr\\\/en\\\/#organization\"},\"potentialAction\":[{\"@type\":\"SearchAction\",\"target\":{\"@type\":\"EntryPoint\",\"urlTemplate\":\"http:\\\/\\\/www.edel.fr\\\/en\\\/?s={search_term_string}\"},\"query-input\":{\"@type\":\"PropertyValueSpecification\",\"valueRequired\":true,\"valueName\":\"search_term_string\"}}],\"inLanguage\":\"en-US\"},{\"@type\":\"Organization\",\"@id\":\"http:\\\/\\\/www.edel.fr\\\/en\\\/#organization\",\"name\":\"Edel\",\"url\":\"http:\\\/\\\/www.edel.fr\\\/en\\\/\",\"logo\":{\"@type\":\"ImageObject\",\"inLanguage\":\"en-US\",\"@id\":\"http:\\\/\\\/www.edel.fr\\\/en\\\/#\\\/schema\\\/logo\\\/image\\\/\",\"url\":\"https:\\\/\\\/www.edel.fr\\\/uploads\\\/2018\\\/11\\\/logo-edel.png\",\"contentUrl\":\"https:\\\/\\\/www.edel.fr\\\/uploads\\\/2018\\\/11\\\/logo-edel.png\",\"width\":257,\"height\":68,\"caption\":\"Edel\"},\"image\":{\"@id\":\"http:\\\/\\\/www.edel.fr\\\/en\\\/#\\\/schema\\\/logo\\\/image\\\/\"}}]}<\/script>\n<!-- \/ Yoast SEO plugin. -->","yoast_head_json":{"title":"Alternateur Fendt, LSH Same, Renault - 14 Volt \/ 150 Amp\u00e8re - Edel","description":"Alternateur Fendt, LSH Same, Renault - 14 Volt \/ 150 Amp\u00e8re - 300 309 310 400 410 Vario 500 509 512 514 600 700 712 716 718 818 900 Champion 120 Jaguar","robots":{"index":"index","follow":"follow","max-snippet":"max-snippet:-1","max-image-preview":"max-image-preview:large","max-video-preview":"max-video-preview:-1"},"canonical":"https:\/\/www.edel.fr\/produit\/alternateur-fendtlsh-lamborghini-same-hurlimannrenault-claas-volt-ampere-14-150\/","og_locale":"en_US","og_type":"article","og_title":"Alternateur Fendt, LSH Same, Renault - 14 Volt \/ 150 Amp\u00e8re - Edel","og_description":"Alternateur Fendt, LSH Same, Renault - 14 Volt \/ 150 Amp\u00e8re - 300 309 310 400 410 Vario 500 509 512 514 600 700 712 716 718 818 900 Champion 120 Jaguar","og_url":"https:\/\/www.edel.fr\/produit\/alternateur-fendtlsh-lamborghini-same-hurlimannrenault-claas-volt-ampere-14-150\/","og_site_name":"Edel","article_modified_time":"2026-02-04T01:00:30+00:00","og_image":[{"width":1920,"height":1213,"url":"https:\/\/www.edel.fr\/uploads\/2019\/03\/A34.jpg","type":"image\/jpeg"}],"twitter_card":"summary_large_image","twitter_misc":{"Est. reading time":"1 minute"},"schema":{"@context":"https:\/\/schema.org","@graph":[{"@type":"WebPage","@id":"https:\/\/www.edel.fr\/produit\/alternateur-fendtlsh-lamborghini-same-hurlimannrenault-claas-volt-ampere-14-150\/","url":"https:\/\/www.edel.fr\/produit\/alternateur-fendtlsh-lamborghini-same-hurlimannrenault-claas-volt-ampere-14-150\/","name":"Alternateur Fendt, LSH Same, Renault - 14 Volt \/ 150 Amp\u00e8re - Edel","isPartOf":{"@id":"http:\/\/www.edel.fr\/en\/#website"},"primaryImageOfPage":{"@id":"https:\/\/www.edel.fr\/produit\/alternateur-fendtlsh-lamborghini-same-hurlimannrenault-claas-volt-ampere-14-150\/#primaryimage"},"image":{"@id":"https:\/\/www.edel.fr\/produit\/alternateur-fendtlsh-lamborghini-same-hurlimannrenault-claas-volt-ampere-14-150\/#primaryimage"},"thumbnailUrl":"https:\/\/edel.fr\/uploads\/2019\/03\/A34.jpg","datePublished":"2019-03-11T08:24:09+00:00","dateModified":"2026-02-04T01:00:30+00:00","description":"Alternateur Fendt, LSH Same, Renault - 14 Volt \/ 150 Amp\u00e8re - 300 309 310 400 410 Vario 500 509 512 514 600 700 712 716 718 818 900 Champion 120 Jaguar","breadcrumb":{"@id":"https:\/\/www.edel.fr\/produit\/alternateur-fendtlsh-lamborghini-same-hurlimannrenault-claas-volt-ampere-14-150\/#breadcrumb"},"inLanguage":"en-US","potentialAction":[{"@type":"ReadAction","target":["https:\/\/www.edel.fr\/produit\/alternateur-fendtlsh-lamborghini-same-hurlimannrenault-claas-volt-ampere-14-150\/"]}]},{"@type":"ImageObject","inLanguage":"en-US","@id":"https:\/\/www.edel.fr\/produit\/alternateur-fendtlsh-lamborghini-same-hurlimannrenault-claas-volt-ampere-14-150\/#primaryimage","url":"https:\/\/edel.fr\/uploads\/2019\/03\/A34.jpg","contentUrl":"https:\/\/edel.fr\/uploads\/2019\/03\/A34.jpg","width":1920,"height":1213,"caption":"Alternateur Fendt, LSH Same, Renault - 14 Volt \/ 150 Amp\u00e8re"},{"@type":"BreadcrumbList","@id":"https:\/\/www.edel.fr\/produit\/alternateur-fendtlsh-lamborghini-same-hurlimannrenault-claas-volt-ampere-14-150\/#breadcrumb","itemListElement":[{"@type":"ListItem","position":1,"name":"Pi\u00e8ce Tracteur","item":"http:\/\/www.edel.fr\/en\/"},{"@type":"ListItem","position":2,"name":"Toutes nos pi\u00e8ces Tracteur","item":"https:\/\/edel.fr\/shop\/"},{"@type":"ListItem","position":3,"name":"Alternateur Fendt, LSH Same, Renault &#8211; 14 Volt \/ 150 Amp\u00e8re"}]},{"@type":"WebSite","@id":"http:\/\/www.edel.fr\/en\/#website","url":"http:\/\/www.edel.fr\/en\/","name":"Edel","description":"Pi\u00e8ce d\u00e9tach\u00e9e de Tracteur Agricole","publisher":{"@id":"http:\/\/www.edel.fr\/en\/#organization"},"potentialAction":[{"@type":"SearchAction","target":{"@type":"EntryPoint","urlTemplate":"http:\/\/www.edel.fr\/en\/?s={search_term_string}"},"query-input":{"@type":"PropertyValueSpecification","valueRequired":true,"valueName":"search_term_string"}}],"inLanguage":"en-US"},{"@type":"Organization","@id":"http:\/\/www.edel.fr\/en\/#organization","name":"Edel","url":"http:\/\/www.edel.fr\/en\/","logo":{"@type":"ImageObject","inLanguage":"en-US","@id":"http:\/\/www.edel.fr\/en\/#\/schema\/logo\/image\/","url":"https:\/\/www.edel.fr\/uploads\/2018\/11\/logo-edel.png","contentUrl":"https:\/\/www.edel.fr\/uploads\/2018\/11\/logo-edel.png","width":257,"height":68,"caption":"Edel"},"image":{"@id":"http:\/\/www.edel.fr\/en\/#\/schema\/logo\/image\/"}}]}},"_links":{"self":[{"href":"https:\/\/edel.fr\/en\/wp-json\/wp\/v2\/product\/5878","targetHints":{"allow":["GET"]}}],"collection":[{"href":"https:\/\/edel.fr\/en\/wp-json\/wp\/v2\/product"}],"about":[{"href":"https:\/\/edel.fr\/en\/wp-json\/wp\/v2\/types\/product"}],"version-history":[{"count":2,"href":"https:\/\/edel.fr\/en\/wp-json\/wp\/v2\/product\/5878\/revisions"}],"predecessor-version":[{"id":15145,"href":"https:\/\/edel.fr\/en\/wp-json\/wp\/v2\/product\/5878\/revisions\/15145"}],"wp:featuredmedia":[{"embeddable":true,"href":"https:\/\/edel.fr\/en\/wp-json\/wp\/v2\/media\/5615"}],"wp:attachment":[{"href":"https:\/\/edel.fr\/en\/wp-json\/wp\/v2\/media?parent=5878"}],"wp:term":[{"taxonomy":"product_brand","embeddable":true,"href":"https:\/\/edel.fr\/en\/wp-json\/wp\/v2\/product_brand?post=5878"},{"taxonomy":"product_cat","embeddable":true,"href":"https:\/\/edel.fr\/en\/wp-json\/wp\/v2\/product_cat?post=5878"},{"taxonomy":"product_tag","embeddable":true,"href":"https:\/\/edel.fr\/en\/wp-json\/wp\/v2\/product_tag?post=5878"},{"taxonomy":"tracteur","embeddable":true,"href":"https:\/\/edel.fr\/en\/wp-json\/wp\/v2\/tracteur?post=5878"}],"curies":[{"name":"wp","href":"https:\/\/api.w.org\/{rel}","templated":true}]}}