{"id":5879,"date":"2019-03-11T09:24:09","date_gmt":"2019-03-11T08:24:09","guid":{"rendered":"http:\/\/edel.stephanie.ct.webcd.lan\/shop\/alternateur-case-ihford-new-hollandjohn-deererenault-claassteyr-volt-ampere-14-95\/"},"modified":"2026-02-04T02:00:39","modified_gmt":"2026-02-04T01:00:39","slug":"alternateur-case-ihford-new-hollandjohn-deererenault-claassteyr-volt-ampere-14-95","status":"publish","type":"product","link":"https:\/\/edel.fr\/en\/product\/alternateur-case-ihford-new-hollandjohn-deererenault-claassteyr-volt-ampere-14-95\/","title":{"rendered":"Alternateur Ford, Case IH, John Deere, Renault, Steyr &#8211; 14 V \/ 95 A"},"content":{"rendered":"<div data-elementor-type=\"wp-post\" data-elementor-id=\"5879\" class=\"elementor elementor-5879\">\n\t\t\t\t\t\t<section class=\"elementor-section elementor-top-section elementor-element elementor-element-5c21c78b elementor-section-boxed elementor-section-height-default elementor-section-height-default\" data-id=\"5c21c78b\" data-element_type=\"section\" data-e-type=\"section\">\n\t\t\t\t\t\t<div class=\"elementor-container elementor-column-gap-default\">\n\t\t\t\t\t<div class=\"elementor-column elementor-col-100 elementor-top-column elementor-element elementor-element-7b7c4ebe\" data-id=\"7b7c4ebe\" data-element_type=\"column\" data-e-type=\"column\">\n\t\t\t<div class=\"elementor-widget-wrap elementor-element-populated\">\n\t\t\t\t\t\t<div class=\"elementor-element elementor-element-4f1473e3 elementor-widget elementor-widget-heading\" data-id=\"4f1473e3\" data-element_type=\"widget\" data-e-type=\"widget\" data-widget_type=\"heading.default\">\n\t\t\t\t<div class=\"elementor-widget-container\">\n\t\t\t\t\t<h2 class=\"elementor-heading-title elementor-size-default\">Alternateur Ford, Case IH, John Deere, Renault, Steyr - 14 V \/ 95 A<\/h2>\t\t\t\t<\/div>\n\t\t\t\t<\/div>\n\t\t\t\t<div class=\"elementor-element elementor-element-2e4b56ba elementor-widget elementor-widget-heading\" data-id=\"2e4b56ba\" data-element_type=\"widget\" data-e-type=\"widget\" data-widget_type=\"heading.default\">\n\t\t\t\t<div class=\"elementor-widget-container\">\n\t\t\t\t\t<h3 class=\"elementor-heading-title elementor-size-default\">Information du produit :<\/h3>\t\t\t\t<\/div>\n\t\t\t\t<\/div>\n\t\t\t\t\t<\/div>\n\t\t<\/div>\n\t\t\t\t\t<\/div>\n\t\t<\/section>\n\t\t\t\t<section class=\"elementor-section elementor-top-section elementor-element elementor-element-1a54ac7 elementor-section-boxed elementor-section-height-default elementor-section-height-default\" data-id=\"1a54ac7\" data-element_type=\"section\" data-e-type=\"section\">\n\t\t\t\t\t\t<div class=\"elementor-container elementor-column-gap-default\">\n\t\t\t\t\t<div class=\"elementor-column elementor-col-100 elementor-top-column elementor-element elementor-element-6e164de3\" data-id=\"6e164de3\" data-element_type=\"column\" data-e-type=\"column\">\n\t\t\t<div class=\"elementor-widget-wrap elementor-element-populated\">\n\t\t\t\t\t\t<div class=\"elementor-element elementor-element-168cd51a elementor-widget elementor-widget-text-editor\" data-id=\"168cd51a\" data-element_type=\"widget\" data-e-type=\"widget\" data-widget_type=\"text-editor.default\">\n\t\t\t\t<div class=\"elementor-widget-container\">\n\t\t\t\t\t\t\t\t\t<p>Votre alternateur g\u00e9n\u00e8re de l\u2019\u00e9nergie \u00e9lectrique en convertissant l&rsquo;\u00e9nergie cin\u00e9tique. Cette \u00e9nergie est stock\u00e9e par la batterie et consomm\u00e9e par les diff\u00e9rents organes \u00e9lectriques et \u00e9lectroniques.<\/p><p>C&rsquo;est pourquoi nous vous proposons une pi\u00e8ce de marque <a href=\"https:\/\/edel.fr\/en\/constructeur\/mahle\/\">Mahle<\/a> \/ <a href=\"https:\/\/edel.fr\/en\/constructeur\/letrika\/\">Letrika<\/a> reconnue pour sa fiabilit\u00e9. Cet alternateur\u00a0est aussi compatible avec les tracteurs et les moissonneuses-batteuses \u00e9quip\u00e9s de moteurs Cummins Case.<\/p><p>Alternateur Ford, Case IH, John Deere, Renault, Steyr : 110, 1150, 1155, 120, 135, 1550, 1640, 455, 480, 5130, 5140 Cummins, 610, 735ZZ, 850, 855, 8630, 8730, 8830, 90.94, 9086 Sisu, CS 86 Sisu ou MWM, CS100, CS68, CS94, Maxum 100, Maxum 110, Maxum 120, Maxum 135, Maxum 150, Maxum 170, Maxum 5120, Maxum 5130, Maxum 5140, MC105, MC115C, MX100C, MX110, MX120, MX135, MX150, MX80, MX90C.<\/p><p><strong>R\u00e9f\u00e9rences du constructeur :<\/strong><\/p><p>BOSCH : 0120484018, 0120484026, 0986040280.<\/p><p>CASE : A 187 623<\/p><p>CATERPILLAR : 9X 0341<\/p><p>CLAAS : 6005720754<\/p><p>CUMMINS : 3 282 554<\/p><p>DELCO REMY : DRB0280<\/p><p>HELLA : 8EL 737 218-001, CA 1198 IR.<\/p><p>LESTER : 12145<\/p><p>NIKKO : A18 7623<\/p><p>SPAREX : 361710<\/p>\t\t\t\t\t\t\t\t<\/div>\n\t\t\t\t<\/div>\n\t\t\t\t\t<\/div>\n\t\t<\/div>\n\t\t\t\t\t<\/div>\n\t\t<\/section>\n\t\t\t\t<\/div>","protected":false},"excerpt":{"rendered":"<p>Alternateur Ford, Case IH, John Deere, Renault, Steyr &#8211; 14 V \/ 95 A Information du produit : Votre alternateur g\u00e9n\u00e8re de l\u2019\u00e9nergie \u00e9lectrique en convertissant l&rsquo;\u00e9nergie cin\u00e9tique. Cette \u00e9nergie est stock\u00e9e par la batterie et consomm\u00e9e par les diff\u00e9rents organes \u00e9lectriques et \u00e9lectroniques. C&rsquo;est pourquoi nous vous proposons une pi\u00e8ce de marque Mahle \/<br \/><a class=\"more-link\" href=\"https:\/\/edel.fr\/en\/product\/alternateur-case-ihford-new-hollandjohn-deererenault-claassteyr-volt-ampere-14-95\/\"><br \/>\n        Read More<span class=\"screen-reader-text\"> \u00ab\u00a0Alternateur Ford, Case IH, John Deere, Renault, Steyr &#8211; 14 V \/ 95 A\u00a0\u00bb<\/span><\/a><\/p>","protected":false},"featured_media":5616,"template":"","meta":[],"product_brand":[],"product_cat":[4016,4020,4022,4032,4033,164,154,119],"product_tag":[2459,180],"tracteur":[],"class_list":{"0":"post-5879","1":"product","2":"type-product","3":"status-publish","4":"has-post-thumbnail","6":"product_cat-alternateur-case-ih","7":"product_cat-alternateur-ford-new-holland","8":"product_cat-alternateur-john-deere","9":"product_cat-alternateur-renault-claas","10":"product_cat-alternateur-steyr","11":"product_cat-alternateurs","12":"product_cat-electricite","13":"product_cat-tracteurs-agricoles","14":"product_tag-alternateurs","15":"product_tag-electricite","16":"product_shipping_class-142","17":"pa_fabriquant-mahle","18":"pa_marque-tracteur-case-ih","19":"pa_marque-tracteur-ford-new-holland","20":"pa_marque-tracteur-john-deere","21":"pa_marque-tracteur-renault-claas","22":"pa_marque-tracteur-steyr","23":"pa_modele-tracteur-ares","24":"pa_modele-tracteur-maxum","25":"pa_modele-tracteur-mc","26":"pa_modele-tracteur-mx","27":"pa_type-2-1285","28":"pa_type-2-1633","29":"pa_type-2-1634","30":"pa_type-2-1237","31":"pa_type-2-1190","32":"pa_type-2-1635","33":"pa_type-2-1636","34":"pa_type-2-1631","35":"pa_type-2-1167","36":"pa_type-2-1764","37":"pa_type-2-5140-cummins","38":"pa_type-2-1551","39":"pa_type-2-735zz","40":"pa_type-2-1632","41":"pa_type-2-1171","42":"pa_type-2-1642","43":"pa_type-2-1769","44":"pa_type-2-1770","45":"pa_type-2-90-94","46":"pa_type-2-9086-sisu","47":"pa_type-2-cs-86-sisu-ou-mwm","48":"pa_type-2-cs100","49":"pa_type-2-cs68","50":"pa_type-2-cs94","51":"pa_type-2-maxum-100","52":"pa_type-2-maxum-110","53":"pa_type-2-maxum-120","54":"pa_type-2-maxum-135","55":"pa_type-2-maxum-150","56":"pa_type-2-maxum-170","57":"pa_type-2-maxum-5120","58":"pa_type-2-maxum-5130","59":"pa_type-2-maxum-5140","60":"pa_type-2-mc105","61":"pa_type-2-mc115c","62":"pa_type-2-mx100c","63":"pa_type-2-mx110","64":"pa_type-2-mx120","65":"pa_type-2-mx135","66":"pa_type-2-mx150","67":"pa_type-2-mx80","68":"pa_type-2-mx90c","69":"badges-style-2","71":"first","72":"instock","73":"taxable","74":"shipping-taxable","75":"purchasable","76":"product-type-simple"},"acf":[],"yoast_head":"<!-- This site is optimized with the Yoast SEO plugin v27.3 - https:\/\/yoast.com\/product\/yoast-seo-wordpress\/ -->\n<title>Alternateur Ford, Case IH, John Deere, Renault, Steyr - 14 V \/ 95 A - Edel<\/title>\n<meta name=\"description\" content=\"Alternateur Ford, Case IH, John Deere, Renault, Steyr - 14 V \/ 95 A - 110 1150 135 1550 480 5130 610 850 8630 8730 90.94 CS100 CS68 Maxum 100 MC105 MX110\" \/>\n<meta name=\"robots\" content=\"index, follow, max-snippet:-1, max-image-preview:large, max-video-preview:-1\" \/>\n<link rel=\"canonical\" href=\"http:\/\/edel.fr\/en\/product\/alternateur-case-ihford-new-hollandjohn-deererenault-claassteyr-volt-ampere-14-95\/\" \/>\n<meta property=\"og:locale\" content=\"en_US\" \/>\n<meta property=\"og:type\" content=\"article\" \/>\n<meta property=\"og:title\" content=\"Alternateur Ford, Case IH, John Deere, Renault, Steyr - 14 V \/ 95 A - Edel\" \/>\n<meta property=\"og:description\" content=\"Alternateur Ford, Case IH, John Deere, Renault, Steyr - 14 V \/ 95 A - 110 1150 135 1550 480 5130 610 850 8630 8730 90.94 CS100 CS68 Maxum 100 MC105 MX110\" \/>\n<meta property=\"og:url\" content=\"http:\/\/edel.fr\/en\/product\/alternateur-case-ihford-new-hollandjohn-deererenault-claassteyr-volt-ampere-14-95\/\" \/>\n<meta property=\"og:site_name\" content=\"Edel\" \/>\n<meta property=\"article:modified_time\" content=\"2026-02-04T01:00:39+00:00\" \/>\n<meta property=\"og:image\" content=\"http:\/\/edel.fr\/uploads\/2019\/03\/A35.jpg\" \/>\n\t<meta property=\"og:image:width\" content=\"1920\" \/>\n\t<meta property=\"og:image:height\" content=\"1223\" \/>\n\t<meta property=\"og:image:type\" content=\"image\/jpeg\" \/>\n<meta name=\"twitter:card\" content=\"summary_large_image\" \/>\n<meta name=\"twitter:label1\" content=\"Est. reading time\" \/>\n\t<meta name=\"twitter:data1\" content=\"1 minute\" \/>\n<script type=\"application\/ld+json\" class=\"yoast-schema-graph\">{\"@context\":\"https:\\\/\\\/schema.org\",\"@graph\":[{\"@type\":\"WebPage\",\"@id\":\"http:\\\/\\\/edel.fr\\\/produit\\\/alternateur-case-ihford-new-hollandjohn-deererenault-claassteyr-volt-ampere-14-95\\\/\",\"url\":\"http:\\\/\\\/edel.fr\\\/produit\\\/alternateur-case-ihford-new-hollandjohn-deererenault-claassteyr-volt-ampere-14-95\\\/\",\"name\":\"Alternateur Ford, Case IH, John Deere, Renault, Steyr - 14 V \\\/ 95 A - Edel\",\"isPartOf\":{\"@id\":\"https:\\\/\\\/www.edel.fr\\\/en\\\/#website\"},\"primaryImageOfPage\":{\"@id\":\"http:\\\/\\\/edel.fr\\\/produit\\\/alternateur-case-ihford-new-hollandjohn-deererenault-claassteyr-volt-ampere-14-95\\\/#primaryimage\"},\"image\":{\"@id\":\"http:\\\/\\\/edel.fr\\\/produit\\\/alternateur-case-ihford-new-hollandjohn-deererenault-claassteyr-volt-ampere-14-95\\\/#primaryimage\"},\"thumbnailUrl\":\"https:\\\/\\\/edel.fr\\\/uploads\\\/2019\\\/03\\\/A35.jpg\",\"datePublished\":\"2019-03-11T08:24:09+00:00\",\"dateModified\":\"2026-02-04T01:00:39+00:00\",\"description\":\"Alternateur Ford, Case IH, John Deere, Renault, Steyr - 14 V \\\/ 95 A - 110 1150 135 1550 480 5130 610 850 8630 8730 90.94 CS100 CS68 Maxum 100 MC105 MX110\",\"breadcrumb\":{\"@id\":\"http:\\\/\\\/edel.fr\\\/produit\\\/alternateur-case-ihford-new-hollandjohn-deererenault-claassteyr-volt-ampere-14-95\\\/#breadcrumb\"},\"inLanguage\":\"en-US\",\"potentialAction\":[{\"@type\":\"ReadAction\",\"target\":[\"http:\\\/\\\/edel.fr\\\/produit\\\/alternateur-case-ihford-new-hollandjohn-deererenault-claassteyr-volt-ampere-14-95\\\/\"]}]},{\"@type\":\"ImageObject\",\"inLanguage\":\"en-US\",\"@id\":\"http:\\\/\\\/edel.fr\\\/produit\\\/alternateur-case-ihford-new-hollandjohn-deererenault-claassteyr-volt-ampere-14-95\\\/#primaryimage\",\"url\":\"https:\\\/\\\/edel.fr\\\/uploads\\\/2019\\\/03\\\/A35.jpg\",\"contentUrl\":\"https:\\\/\\\/edel.fr\\\/uploads\\\/2019\\\/03\\\/A35.jpg\",\"width\":1920,\"height\":1223,\"caption\":\"Alternateur Ford, Case IH, John Deere, Renault, Steyr - 14 V \\\/ 95 A\"},{\"@type\":\"BreadcrumbList\",\"@id\":\"http:\\\/\\\/edel.fr\\\/produit\\\/alternateur-case-ihford-new-hollandjohn-deererenault-claassteyr-volt-ampere-14-95\\\/#breadcrumb\",\"itemListElement\":[{\"@type\":\"ListItem\",\"position\":1,\"name\":\"Pi\u00e8ce Tracteur\",\"item\":\"https:\\\/\\\/www.edel.fr\\\/en\\\/\"},{\"@type\":\"ListItem\",\"position\":2,\"name\":\"Toutes nos pi\u00e8ces Tracteur\",\"item\":\"https:\\\/\\\/edel.fr\\\/shop\\\/\"},{\"@type\":\"ListItem\",\"position\":3,\"name\":\"Alternateur Ford, Case IH, John Deere, Renault, Steyr &#8211; 14 V \\\/ 95 A\"}]},{\"@type\":\"WebSite\",\"@id\":\"https:\\\/\\\/www.edel.fr\\\/en\\\/#website\",\"url\":\"https:\\\/\\\/www.edel.fr\\\/en\\\/\",\"name\":\"Edel\",\"description\":\"Pi\u00e8ce d\u00e9tach\u00e9e de Tracteur Agricole\",\"publisher\":{\"@id\":\"https:\\\/\\\/www.edel.fr\\\/en\\\/#organization\"},\"potentialAction\":[{\"@type\":\"SearchAction\",\"target\":{\"@type\":\"EntryPoint\",\"urlTemplate\":\"https:\\\/\\\/www.edel.fr\\\/en\\\/?s={search_term_string}\"},\"query-input\":{\"@type\":\"PropertyValueSpecification\",\"valueRequired\":true,\"valueName\":\"search_term_string\"}}],\"inLanguage\":\"en-US\"},{\"@type\":\"Organization\",\"@id\":\"https:\\\/\\\/www.edel.fr\\\/en\\\/#organization\",\"name\":\"Edel\",\"url\":\"https:\\\/\\\/www.edel.fr\\\/en\\\/\",\"logo\":{\"@type\":\"ImageObject\",\"inLanguage\":\"en-US\",\"@id\":\"https:\\\/\\\/www.edel.fr\\\/en\\\/#\\\/schema\\\/logo\\\/image\\\/\",\"url\":\"https:\\\/\\\/www.edel.fr\\\/uploads\\\/2018\\\/11\\\/logo-edel.png\",\"contentUrl\":\"https:\\\/\\\/www.edel.fr\\\/uploads\\\/2018\\\/11\\\/logo-edel.png\",\"width\":257,\"height\":68,\"caption\":\"Edel\"},\"image\":{\"@id\":\"https:\\\/\\\/www.edel.fr\\\/en\\\/#\\\/schema\\\/logo\\\/image\\\/\"}}]}<\/script>\n<!-- \/ Yoast SEO plugin. -->","yoast_head_json":{"title":"Alternateur Ford, Case IH, John Deere, Renault, Steyr - 14 V \/ 95 A - Edel","description":"Alternateur Ford, Case IH, John Deere, Renault, Steyr - 14 V \/ 95 A - 110 1150 135 1550 480 5130 610 850 8630 8730 90.94 CS100 CS68 Maxum 100 MC105 MX110","robots":{"index":"index","follow":"follow","max-snippet":"max-snippet:-1","max-image-preview":"max-image-preview:large","max-video-preview":"max-video-preview:-1"},"canonical":"http:\/\/edel.fr\/en\/product\/alternateur-case-ihford-new-hollandjohn-deererenault-claassteyr-volt-ampere-14-95\/","og_locale":"en_US","og_type":"article","og_title":"Alternateur Ford, Case IH, John Deere, Renault, Steyr - 14 V \/ 95 A - Edel","og_description":"Alternateur Ford, Case IH, John Deere, Renault, Steyr - 14 V \/ 95 A - 110 1150 135 1550 480 5130 610 850 8630 8730 90.94 CS100 CS68 Maxum 100 MC105 MX110","og_url":"http:\/\/edel.fr\/en\/product\/alternateur-case-ihford-new-hollandjohn-deererenault-claassteyr-volt-ampere-14-95\/","og_site_name":"Edel","article_modified_time":"2026-02-04T01:00:39+00:00","og_image":[{"width":1920,"height":1223,"url":"http:\/\/edel.fr\/uploads\/2019\/03\/A35.jpg","type":"image\/jpeg"}],"twitter_card":"summary_large_image","twitter_misc":{"Est. reading time":"1 minute"},"schema":{"@context":"https:\/\/schema.org","@graph":[{"@type":"WebPage","@id":"http:\/\/edel.fr\/produit\/alternateur-case-ihford-new-hollandjohn-deererenault-claassteyr-volt-ampere-14-95\/","url":"http:\/\/edel.fr\/produit\/alternateur-case-ihford-new-hollandjohn-deererenault-claassteyr-volt-ampere-14-95\/","name":"Alternateur Ford, Case IH, John Deere, Renault, Steyr - 14 V \/ 95 A - Edel","isPartOf":{"@id":"https:\/\/www.edel.fr\/en\/#website"},"primaryImageOfPage":{"@id":"http:\/\/edel.fr\/produit\/alternateur-case-ihford-new-hollandjohn-deererenault-claassteyr-volt-ampere-14-95\/#primaryimage"},"image":{"@id":"http:\/\/edel.fr\/produit\/alternateur-case-ihford-new-hollandjohn-deererenault-claassteyr-volt-ampere-14-95\/#primaryimage"},"thumbnailUrl":"https:\/\/edel.fr\/uploads\/2019\/03\/A35.jpg","datePublished":"2019-03-11T08:24:09+00:00","dateModified":"2026-02-04T01:00:39+00:00","description":"Alternateur Ford, Case IH, John Deere, Renault, Steyr - 14 V \/ 95 A - 110 1150 135 1550 480 5130 610 850 8630 8730 90.94 CS100 CS68 Maxum 100 MC105 MX110","breadcrumb":{"@id":"http:\/\/edel.fr\/produit\/alternateur-case-ihford-new-hollandjohn-deererenault-claassteyr-volt-ampere-14-95\/#breadcrumb"},"inLanguage":"en-US","potentialAction":[{"@type":"ReadAction","target":["http:\/\/edel.fr\/produit\/alternateur-case-ihford-new-hollandjohn-deererenault-claassteyr-volt-ampere-14-95\/"]}]},{"@type":"ImageObject","inLanguage":"en-US","@id":"http:\/\/edel.fr\/produit\/alternateur-case-ihford-new-hollandjohn-deererenault-claassteyr-volt-ampere-14-95\/#primaryimage","url":"https:\/\/edel.fr\/uploads\/2019\/03\/A35.jpg","contentUrl":"https:\/\/edel.fr\/uploads\/2019\/03\/A35.jpg","width":1920,"height":1223,"caption":"Alternateur Ford, Case IH, John Deere, Renault, Steyr - 14 V \/ 95 A"},{"@type":"BreadcrumbList","@id":"http:\/\/edel.fr\/produit\/alternateur-case-ihford-new-hollandjohn-deererenault-claassteyr-volt-ampere-14-95\/#breadcrumb","itemListElement":[{"@type":"ListItem","position":1,"name":"Pi\u00e8ce Tracteur","item":"https:\/\/www.edel.fr\/en\/"},{"@type":"ListItem","position":2,"name":"Toutes nos pi\u00e8ces Tracteur","item":"https:\/\/edel.fr\/shop\/"},{"@type":"ListItem","position":3,"name":"Alternateur Ford, Case IH, John Deere, Renault, Steyr &#8211; 14 V \/ 95 A"}]},{"@type":"WebSite","@id":"https:\/\/www.edel.fr\/en\/#website","url":"https:\/\/www.edel.fr\/en\/","name":"Edel","description":"Pi\u00e8ce d\u00e9tach\u00e9e de Tracteur Agricole","publisher":{"@id":"https:\/\/www.edel.fr\/en\/#organization"},"potentialAction":[{"@type":"SearchAction","target":{"@type":"EntryPoint","urlTemplate":"https:\/\/www.edel.fr\/en\/?s={search_term_string}"},"query-input":{"@type":"PropertyValueSpecification","valueRequired":true,"valueName":"search_term_string"}}],"inLanguage":"en-US"},{"@type":"Organization","@id":"https:\/\/www.edel.fr\/en\/#organization","name":"Edel","url":"https:\/\/www.edel.fr\/en\/","logo":{"@type":"ImageObject","inLanguage":"en-US","@id":"https:\/\/www.edel.fr\/en\/#\/schema\/logo\/image\/","url":"https:\/\/www.edel.fr\/uploads\/2018\/11\/logo-edel.png","contentUrl":"https:\/\/www.edel.fr\/uploads\/2018\/11\/logo-edel.png","width":257,"height":68,"caption":"Edel"},"image":{"@id":"https:\/\/www.edel.fr\/en\/#\/schema\/logo\/image\/"}}]}},"_links":{"self":[{"href":"https:\/\/edel.fr\/en\/wp-json\/wp\/v2\/product\/5879","targetHints":{"allow":["GET"]}}],"collection":[{"href":"https:\/\/edel.fr\/en\/wp-json\/wp\/v2\/product"}],"about":[{"href":"https:\/\/edel.fr\/en\/wp-json\/wp\/v2\/types\/product"}],"version-history":[{"count":2,"href":"https:\/\/edel.fr\/en\/wp-json\/wp\/v2\/product\/5879\/revisions"}],"predecessor-version":[{"id":15128,"href":"https:\/\/edel.fr\/en\/wp-json\/wp\/v2\/product\/5879\/revisions\/15128"}],"wp:featuredmedia":[{"embeddable":true,"href":"https:\/\/edel.fr\/en\/wp-json\/wp\/v2\/media\/5616"}],"wp:attachment":[{"href":"https:\/\/edel.fr\/en\/wp-json\/wp\/v2\/media?parent=5879"}],"wp:term":[{"taxonomy":"product_brand","embeddable":true,"href":"https:\/\/edel.fr\/en\/wp-json\/wp\/v2\/product_brand?post=5879"},{"taxonomy":"product_cat","embeddable":true,"href":"https:\/\/edel.fr\/en\/wp-json\/wp\/v2\/product_cat?post=5879"},{"taxonomy":"product_tag","embeddable":true,"href":"https:\/\/edel.fr\/en\/wp-json\/wp\/v2\/product_tag?post=5879"},{"taxonomy":"tracteur","embeddable":true,"href":"https:\/\/edel.fr\/en\/wp-json\/wp\/v2\/tracteur?post=5879"}],"curies":[{"name":"wp","href":"https:\/\/api.w.org\/{rel}","templated":true}]}}