{"id":5880,"date":"2019-03-11T09:24:09","date_gmt":"2019-03-11T08:24:09","guid":{"rendered":"http:\/\/edel.stephanie.ct.webcd.lan\/shop\/alternateur-case-ihdeutzfendtrenault-claassteyr-volt-ampere-14-120\/"},"modified":"2026-03-19T02:00:09","modified_gmt":"2026-03-19T01:00:09","slug":"alternateur-case-ihdeutzfendtrenault-claassteyr-volt-ampere-14-120","status":"publish","type":"product","link":"https:\/\/edel.fr\/en\/product\/alternateur-case-ihdeutzfendtrenault-claassteyr-volt-ampere-14-120\/","title":{"rendered":"Alternateur Steyr, Case Ih, Deutz, Renault, Fendt &#8211; 14 V \/ 120 A"},"content":{"rendered":"<div data-elementor-type=\"wp-post\" data-elementor-id=\"5880\" class=\"elementor elementor-5880\">\n\t\t\t\t\t\t<section class=\"elementor-section elementor-top-section elementor-element elementor-element-3af7e2bb elementor-section-boxed elementor-section-height-default elementor-section-height-default\" data-id=\"3af7e2bb\" data-element_type=\"section\" data-e-type=\"section\">\n\t\t\t\t\t\t<div class=\"elementor-container elementor-column-gap-default\">\n\t\t\t\t\t<div class=\"elementor-column elementor-col-100 elementor-top-column elementor-element elementor-element-501e14b0\" data-id=\"501e14b0\" data-element_type=\"column\" data-e-type=\"column\">\n\t\t\t<div class=\"elementor-widget-wrap elementor-element-populated\">\n\t\t\t\t\t\t<div class=\"elementor-element elementor-element-1af168fe elementor-widget elementor-widget-heading\" data-id=\"1af168fe\" data-element_type=\"widget\" data-e-type=\"widget\" data-widget_type=\"heading.default\">\n\t\t\t\t<div class=\"elementor-widget-container\">\n\t\t\t\t\t<h2 class=\"elementor-heading-title elementor-size-default\">Alternateur Steyr, Case Ih, Deutz, Renault, Fendt - 14 Volt \/ 120 Amp\u00e8re<\/h2>\t\t\t\t<\/div>\n\t\t\t\t<\/div>\n\t\t\t\t<div class=\"elementor-element elementor-element-242b0835 elementor-widget elementor-widget-heading\" data-id=\"242b0835\" data-element_type=\"widget\" data-e-type=\"widget\" data-widget_type=\"heading.default\">\n\t\t\t\t<div class=\"elementor-widget-container\">\n\t\t\t\t\t<h3 class=\"elementor-heading-title elementor-size-default\">Information du produit :<\/h3>\t\t\t\t<\/div>\n\t\t\t\t<\/div>\n\t\t\t\t\t<\/div>\n\t\t<\/div>\n\t\t\t\t\t<\/div>\n\t\t<\/section>\n\t\t\t\t<section class=\"elementor-section elementor-top-section elementor-element elementor-element-442a7302 elementor-section-boxed elementor-section-height-default elementor-section-height-default\" data-id=\"442a7302\" data-element_type=\"section\" data-e-type=\"section\">\n\t\t\t\t\t\t<div class=\"elementor-container elementor-column-gap-default\">\n\t\t\t\t\t<div class=\"elementor-column elementor-col-100 elementor-top-column elementor-element elementor-element-4c6eff1\" data-id=\"4c6eff1\" data-element_type=\"column\" data-e-type=\"column\">\n\t\t\t<div class=\"elementor-widget-wrap elementor-element-populated\">\n\t\t\t\t\t\t<div class=\"elementor-element elementor-element-1dfb2aaf elementor-widget elementor-widget-text-editor\" data-id=\"1dfb2aaf\" data-element_type=\"widget\" data-e-type=\"widget\" data-widget_type=\"text-editor.default\">\n\t\t\t\t<div class=\"elementor-widget-container\">\n\t\t\t\t\t\t\t\t\t<p>Votre alternateur g\u00e9n\u00e8re de l\u2019\u00e9nergie \u00e9lectrique en convertissant l&rsquo;\u00e9nergie cin\u00e9tique. Cette \u00e9nergie est stock\u00e9e par la batterie et consomm\u00e9e par les diff\u00e9rents organes \u00e9lectriques et \u00e9lectroniques.<\/p><p>C&rsquo;est pourquoi nous vous proposons une pi\u00e8ce de marque <a href=\"https:\/\/edel.fr\/en\/constructeur\/mahle\/\">Mahle<\/a> \/ <a href=\"https:\/\/edel.fr\/en\/constructeur\/letrika\/\">Letrika<\/a> reconnue pour sa fiabilit\u00e9.<\/p><p>Alternateur Steyr, Case Ih, Deutz, Renault, Fendt : 115, 160, 308C, 309C, 311, 345GT, 470, 480, 485, 490, 495, 511, 512, 605, 610, 6280, 710, 830, 90, 9115, 9125, 9145, Agrotron 85, CS110, CS120, CS130, CS150, CS94, CX78, DX650, STEYR 9125 Sisu.<\/p><p><strong>R\u00e9f\u00e9rences du constructeur :<\/strong><\/p><p>AGCO : C000 900 010 210, G198 902 011 010, G210 902 010 010.<\/p><p>BOSCH : 0120484015, 0120484021, 0120488134, 0986039820, 6033GB2009.<\/p><p>CNH \/ FIAT AGRI : 130100090006<\/p><p>DEUTZ AG (KHD) : 0118 1250, 1227 0187, 1227 0612.<\/p><p>FENDT : G 198 902 011 010<\/p><p>HELLA : 8EL 737 516-001, CA 1335 IR.<\/p><p>LESTER : 12684<\/p><p>MWM-DIESEL : 1 2270 186<\/p><p>SPAREX : 36203<\/p><p>ZANOTTI S.P.A. : 3ALT007<\/p>\t\t\t\t\t\t\t\t<\/div>\n\t\t\t\t<\/div>\n\t\t\t\t\t<\/div>\n\t\t<\/div>\n\t\t\t\t\t<\/div>\n\t\t<\/section>\n\t\t\t\t<\/div>","protected":false},"excerpt":{"rendered":"<p>Alternateur Steyr, Case Ih, Deutz, Renault, Fendt &#8211; 14 Volt \/ 120 Amp\u00e8re Information du produit : Votre alternateur g\u00e9n\u00e8re de l\u2019\u00e9nergie \u00e9lectrique en convertissant l&rsquo;\u00e9nergie cin\u00e9tique. Cette \u00e9nergie est stock\u00e9e par la batterie et consomm\u00e9e par les diff\u00e9rents organes \u00e9lectriques et \u00e9lectroniques. C&rsquo;est pourquoi nous vous proposons une pi\u00e8ce de marque Mahle \/ Letrika<br \/><a class=\"more-link\" href=\"https:\/\/edel.fr\/en\/product\/alternateur-case-ihdeutzfendtrenault-claassteyr-volt-ampere-14-120\/\"><br \/>\n        Read More<span class=\"screen-reader-text\"> \u00ab\u00a0Alternateur Steyr, Case Ih, Deutz, Renault, Fendt &#8211; 14 V \/ 120 A\u00a0\u00bb<\/span><\/a><\/p>","protected":false},"featured_media":5617,"template":"","meta":[],"product_brand":[],"product_cat":[4016,4023,4018,4032,4033,164,154,119],"product_tag":[2459,180],"tracteur":[],"class_list":{"0":"post-5880","1":"product","2":"type-product","3":"status-publish","4":"has-post-thumbnail","6":"product_cat-alternateur-case-ih","7":"product_cat-alternateur-deutz","8":"product_cat-alternateur-fendt","9":"product_cat-alternateur-renault-claas","10":"product_cat-alternateur-steyr","11":"product_cat-alternateurs","12":"product_cat-electricite","13":"product_cat-tracteurs-agricoles","14":"product_tag-alternateurs","15":"product_tag-electricite","16":"product_shipping_class-142","17":"pa_fabriquant-mahle","18":"pa_marque-tracteur-case-ih","19":"pa_marque-tracteur-fendt","20":"pa_marque-tracteur-khd-deutz","21":"pa_marque-tracteur-renault-claas","22":"pa_marque-tracteur-steyr","23":"pa_modele-tracteur-agrotron","24":"pa_modele-tracteur-cs","25":"pa_modele-tracteur-cx","26":"pa_modele-tracteur-dx","27":"pa_modele-tracteur-lexion","28":"pa_type-2-1781","29":"pa_type-2-1782","30":"pa_type-2-308c","31":"pa_type-2-309c","32":"pa_type-2-1790","33":"pa_type-2-345gt","34":"pa_type-2-1476","35":"pa_type-2-1167","36":"pa_type-2-1352","37":"pa_type-2-1783","38":"pa_type-2-1784","39":"pa_type-2-1792","40":"pa_type-2-1738","41":"pa_type-2-1344","42":"pa_type-2-1551","43":"pa_type-2-1793","44":"pa_type-2-1785","45":"pa_type-2-1786","46":"pa_type-2-1240","47":"pa_type-2-1254","48":"pa_type-2-1794","49":"pa_type-2-1795","50":"pa_type-2-agrotron-85","51":"pa_type-2-cs110","52":"pa_type-2-cs120","53":"pa_type-2-cs130","54":"pa_type-2-cs150","55":"pa_type-2-cs94","56":"pa_type-2-cx78","57":"pa_type-2-dx650","58":"pa_type-2-steyr-9125-sisu","59":"badges-style-2","61":"first","62":"instock","63":"taxable","64":"shipping-taxable","65":"purchasable","66":"product-type-simple"},"acf":[],"yoast_head":"<!-- This site is optimized with the Yoast SEO plugin v27.3 - https:\/\/yoast.com\/product\/yoast-seo-wordpress\/ -->\n<title>Alternateur Steyr, Case Ih, Deutz, Renault, Fendt - 14 V \/ 120 A - Edel<\/title>\n<meta name=\"description\" content=\"Alternateur Steyr, Case Ih, Deutz, Renault, Fendt - 14 Volt \/ 120 Amp\u00e8re - 160 308C 309C 311 470 480 511 605 610 6280 710 830 90 9115 9125 CS110 CS120 CX78\" \/>\n<meta name=\"robots\" content=\"index, follow, max-snippet:-1, max-image-preview:large, max-video-preview:-1\" \/>\n<link rel=\"canonical\" href=\"https:\/\/edel.fr\/en\/product\/alternateur-case-ihdeutzfendtrenault-claassteyr-volt-ampere-14-120\/\" \/>\n<meta property=\"og:locale\" content=\"en_US\" \/>\n<meta property=\"og:type\" content=\"article\" \/>\n<meta property=\"og:title\" content=\"Alternateur Steyr, Case Ih, Deutz, Renault, Fendt - 14 V \/ 120 A - Edel\" \/>\n<meta property=\"og:description\" content=\"Alternateur Steyr, Case Ih, Deutz, Renault, Fendt - 14 Volt \/ 120 Amp\u00e8re - 160 308C 309C 311 470 480 511 605 610 6280 710 830 90 9115 9125 CS110 CS120 CX78\" \/>\n<meta property=\"og:url\" content=\"https:\/\/edel.fr\/en\/product\/alternateur-case-ihdeutzfendtrenault-claassteyr-volt-ampere-14-120\/\" \/>\n<meta property=\"og:site_name\" content=\"Edel\" \/>\n<meta property=\"article:modified_time\" content=\"2026-03-19T01:00:09+00:00\" \/>\n<meta property=\"og:image\" content=\"https:\/\/edel.fr\/uploads\/2019\/03\/A36.jpg\" \/>\n\t<meta property=\"og:image:width\" content=\"1920\" \/>\n\t<meta property=\"og:image:height\" content=\"1179\" \/>\n\t<meta property=\"og:image:type\" content=\"image\/jpeg\" \/>\n<meta name=\"twitter:card\" content=\"summary_large_image\" \/>\n<meta name=\"twitter:label1\" content=\"Est. reading time\" \/>\n\t<meta name=\"twitter:data1\" content=\"1 minute\" \/>\n<script type=\"application\/ld+json\" class=\"yoast-schema-graph\">{\"@context\":\"https:\\\/\\\/schema.org\",\"@graph\":[{\"@type\":\"WebPage\",\"@id\":\"https:\\\/\\\/edel.fr\\\/en\\\/product\\\/alternateur-case-ihdeutzfendtrenault-claassteyr-volt-ampere-14-120\\\/\",\"url\":\"https:\\\/\\\/edel.fr\\\/en\\\/product\\\/alternateur-case-ihdeutzfendtrenault-claassteyr-volt-ampere-14-120\\\/\",\"name\":\"Alternateur Steyr, Case Ih, Deutz, Renault, Fendt - 14 V \\\/ 120 A - Edel\",\"isPartOf\":{\"@id\":\"http:\\\/\\\/www.edel.fr\\\/en\\\/#website\"},\"primaryImageOfPage\":{\"@id\":\"https:\\\/\\\/edel.fr\\\/en\\\/product\\\/alternateur-case-ihdeutzfendtrenault-claassteyr-volt-ampere-14-120\\\/#primaryimage\"},\"image\":{\"@id\":\"https:\\\/\\\/edel.fr\\\/en\\\/product\\\/alternateur-case-ihdeutzfendtrenault-claassteyr-volt-ampere-14-120\\\/#primaryimage\"},\"thumbnailUrl\":\"https:\\\/\\\/edel.fr\\\/uploads\\\/2019\\\/03\\\/A36.jpg\",\"datePublished\":\"2019-03-11T08:24:09+00:00\",\"dateModified\":\"2026-03-19T01:00:09+00:00\",\"description\":\"Alternateur Steyr, Case Ih, Deutz, Renault, Fendt - 14 Volt \\\/ 120 Amp\u00e8re - 160 308C 309C 311 470 480 511 605 610 6280 710 830 90 9115 9125 CS110 CS120 CX78\",\"breadcrumb\":{\"@id\":\"https:\\\/\\\/edel.fr\\\/en\\\/product\\\/alternateur-case-ihdeutzfendtrenault-claassteyr-volt-ampere-14-120\\\/#breadcrumb\"},\"inLanguage\":\"en-US\",\"potentialAction\":[{\"@type\":\"ReadAction\",\"target\":[\"https:\\\/\\\/edel.fr\\\/en\\\/product\\\/alternateur-case-ihdeutzfendtrenault-claassteyr-volt-ampere-14-120\\\/\"]}]},{\"@type\":\"ImageObject\",\"inLanguage\":\"en-US\",\"@id\":\"https:\\\/\\\/edel.fr\\\/en\\\/product\\\/alternateur-case-ihdeutzfendtrenault-claassteyr-volt-ampere-14-120\\\/#primaryimage\",\"url\":\"https:\\\/\\\/edel.fr\\\/uploads\\\/2019\\\/03\\\/A36.jpg\",\"contentUrl\":\"https:\\\/\\\/edel.fr\\\/uploads\\\/2019\\\/03\\\/A36.jpg\",\"width\":1920,\"height\":1179,\"caption\":\"Alternateur Steyr, Case Ih, Deutz, Renault, Fendt - 14 Volt \\\/ 120 Amp\u00e8re\"},{\"@type\":\"BreadcrumbList\",\"@id\":\"https:\\\/\\\/edel.fr\\\/en\\\/product\\\/alternateur-case-ihdeutzfendtrenault-claassteyr-volt-ampere-14-120\\\/#breadcrumb\",\"itemListElement\":[{\"@type\":\"ListItem\",\"position\":1,\"name\":\"Pi\u00e8ce Tracteur\",\"item\":\"http:\\\/\\\/www.edel.fr\\\/en\\\/\"},{\"@type\":\"ListItem\",\"position\":2,\"name\":\"Toutes nos pi\u00e8ces Tracteur\",\"item\":\"https:\\\/\\\/edel.fr\\\/shop\\\/\"},{\"@type\":\"ListItem\",\"position\":3,\"name\":\"Alternateur Steyr, Case Ih, Deutz, Renault, Fendt &#8211; 14 V \\\/ 120 A\"}]},{\"@type\":\"WebSite\",\"@id\":\"http:\\\/\\\/www.edel.fr\\\/en\\\/#website\",\"url\":\"http:\\\/\\\/www.edel.fr\\\/en\\\/\",\"name\":\"Edel\",\"description\":\"Pi\u00e8ce d\u00e9tach\u00e9e de Tracteur Agricole\",\"publisher\":{\"@id\":\"http:\\\/\\\/www.edel.fr\\\/en\\\/#organization\"},\"potentialAction\":[{\"@type\":\"SearchAction\",\"target\":{\"@type\":\"EntryPoint\",\"urlTemplate\":\"http:\\\/\\\/www.edel.fr\\\/en\\\/?s={search_term_string}\"},\"query-input\":{\"@type\":\"PropertyValueSpecification\",\"valueRequired\":true,\"valueName\":\"search_term_string\"}}],\"inLanguage\":\"en-US\"},{\"@type\":\"Organization\",\"@id\":\"http:\\\/\\\/www.edel.fr\\\/en\\\/#organization\",\"name\":\"Edel\",\"url\":\"http:\\\/\\\/www.edel.fr\\\/en\\\/\",\"logo\":{\"@type\":\"ImageObject\",\"inLanguage\":\"en-US\",\"@id\":\"http:\\\/\\\/www.edel.fr\\\/en\\\/#\\\/schema\\\/logo\\\/image\\\/\",\"url\":\"https:\\\/\\\/www.edel.fr\\\/uploads\\\/2018\\\/11\\\/logo-edel.png\",\"contentUrl\":\"https:\\\/\\\/www.edel.fr\\\/uploads\\\/2018\\\/11\\\/logo-edel.png\",\"width\":257,\"height\":68,\"caption\":\"Edel\"},\"image\":{\"@id\":\"http:\\\/\\\/www.edel.fr\\\/en\\\/#\\\/schema\\\/logo\\\/image\\\/\"}}]}<\/script>\n<!-- \/ Yoast SEO plugin. -->","yoast_head_json":{"title":"Alternateur Steyr, Case Ih, Deutz, Renault, Fendt - 14 V \/ 120 A - Edel","description":"Alternateur Steyr, Case Ih, Deutz, Renault, Fendt - 14 Volt \/ 120 Amp\u00e8re - 160 308C 309C 311 470 480 511 605 610 6280 710 830 90 9115 9125 CS110 CS120 CX78","robots":{"index":"index","follow":"follow","max-snippet":"max-snippet:-1","max-image-preview":"max-image-preview:large","max-video-preview":"max-video-preview:-1"},"canonical":"https:\/\/edel.fr\/en\/product\/alternateur-case-ihdeutzfendtrenault-claassteyr-volt-ampere-14-120\/","og_locale":"en_US","og_type":"article","og_title":"Alternateur Steyr, Case Ih, Deutz, Renault, Fendt - 14 V \/ 120 A - Edel","og_description":"Alternateur Steyr, Case Ih, Deutz, Renault, Fendt - 14 Volt \/ 120 Amp\u00e8re - 160 308C 309C 311 470 480 511 605 610 6280 710 830 90 9115 9125 CS110 CS120 CX78","og_url":"https:\/\/edel.fr\/en\/product\/alternateur-case-ihdeutzfendtrenault-claassteyr-volt-ampere-14-120\/","og_site_name":"Edel","article_modified_time":"2026-03-19T01:00:09+00:00","og_image":[{"width":1920,"height":1179,"url":"https:\/\/edel.fr\/uploads\/2019\/03\/A36.jpg","type":"image\/jpeg"}],"twitter_card":"summary_large_image","twitter_misc":{"Est. reading time":"1 minute"},"schema":{"@context":"https:\/\/schema.org","@graph":[{"@type":"WebPage","@id":"https:\/\/edel.fr\/en\/product\/alternateur-case-ihdeutzfendtrenault-claassteyr-volt-ampere-14-120\/","url":"https:\/\/edel.fr\/en\/product\/alternateur-case-ihdeutzfendtrenault-claassteyr-volt-ampere-14-120\/","name":"Alternateur Steyr, Case Ih, Deutz, Renault, Fendt - 14 V \/ 120 A - Edel","isPartOf":{"@id":"http:\/\/www.edel.fr\/en\/#website"},"primaryImageOfPage":{"@id":"https:\/\/edel.fr\/en\/product\/alternateur-case-ihdeutzfendtrenault-claassteyr-volt-ampere-14-120\/#primaryimage"},"image":{"@id":"https:\/\/edel.fr\/en\/product\/alternateur-case-ihdeutzfendtrenault-claassteyr-volt-ampere-14-120\/#primaryimage"},"thumbnailUrl":"https:\/\/edel.fr\/uploads\/2019\/03\/A36.jpg","datePublished":"2019-03-11T08:24:09+00:00","dateModified":"2026-03-19T01:00:09+00:00","description":"Alternateur Steyr, Case Ih, Deutz, Renault, Fendt - 14 Volt \/ 120 Amp\u00e8re - 160 308C 309C 311 470 480 511 605 610 6280 710 830 90 9115 9125 CS110 CS120 CX78","breadcrumb":{"@id":"https:\/\/edel.fr\/en\/product\/alternateur-case-ihdeutzfendtrenault-claassteyr-volt-ampere-14-120\/#breadcrumb"},"inLanguage":"en-US","potentialAction":[{"@type":"ReadAction","target":["https:\/\/edel.fr\/en\/product\/alternateur-case-ihdeutzfendtrenault-claassteyr-volt-ampere-14-120\/"]}]},{"@type":"ImageObject","inLanguage":"en-US","@id":"https:\/\/edel.fr\/en\/product\/alternateur-case-ihdeutzfendtrenault-claassteyr-volt-ampere-14-120\/#primaryimage","url":"https:\/\/edel.fr\/uploads\/2019\/03\/A36.jpg","contentUrl":"https:\/\/edel.fr\/uploads\/2019\/03\/A36.jpg","width":1920,"height":1179,"caption":"Alternateur Steyr, Case Ih, Deutz, Renault, Fendt - 14 Volt \/ 120 Amp\u00e8re"},{"@type":"BreadcrumbList","@id":"https:\/\/edel.fr\/en\/product\/alternateur-case-ihdeutzfendtrenault-claassteyr-volt-ampere-14-120\/#breadcrumb","itemListElement":[{"@type":"ListItem","position":1,"name":"Pi\u00e8ce Tracteur","item":"http:\/\/www.edel.fr\/en\/"},{"@type":"ListItem","position":2,"name":"Toutes nos pi\u00e8ces Tracteur","item":"https:\/\/edel.fr\/shop\/"},{"@type":"ListItem","position":3,"name":"Alternateur Steyr, Case Ih, Deutz, Renault, Fendt &#8211; 14 V \/ 120 A"}]},{"@type":"WebSite","@id":"http:\/\/www.edel.fr\/en\/#website","url":"http:\/\/www.edel.fr\/en\/","name":"Edel","description":"Pi\u00e8ce d\u00e9tach\u00e9e de Tracteur Agricole","publisher":{"@id":"http:\/\/www.edel.fr\/en\/#organization"},"potentialAction":[{"@type":"SearchAction","target":{"@type":"EntryPoint","urlTemplate":"http:\/\/www.edel.fr\/en\/?s={search_term_string}"},"query-input":{"@type":"PropertyValueSpecification","valueRequired":true,"valueName":"search_term_string"}}],"inLanguage":"en-US"},{"@type":"Organization","@id":"http:\/\/www.edel.fr\/en\/#organization","name":"Edel","url":"http:\/\/www.edel.fr\/en\/","logo":{"@type":"ImageObject","inLanguage":"en-US","@id":"http:\/\/www.edel.fr\/en\/#\/schema\/logo\/image\/","url":"https:\/\/www.edel.fr\/uploads\/2018\/11\/logo-edel.png","contentUrl":"https:\/\/www.edel.fr\/uploads\/2018\/11\/logo-edel.png","width":257,"height":68,"caption":"Edel"},"image":{"@id":"http:\/\/www.edel.fr\/en\/#\/schema\/logo\/image\/"}}]}},"_links":{"self":[{"href":"https:\/\/edel.fr\/en\/wp-json\/wp\/v2\/product\/5880","targetHints":{"allow":["GET"]}}],"collection":[{"href":"https:\/\/edel.fr\/en\/wp-json\/wp\/v2\/product"}],"about":[{"href":"https:\/\/edel.fr\/en\/wp-json\/wp\/v2\/types\/product"}],"version-history":[{"count":2,"href":"https:\/\/edel.fr\/en\/wp-json\/wp\/v2\/product\/5880\/revisions"}],"predecessor-version":[{"id":15127,"href":"https:\/\/edel.fr\/en\/wp-json\/wp\/v2\/product\/5880\/revisions\/15127"}],"wp:featuredmedia":[{"embeddable":true,"href":"https:\/\/edel.fr\/en\/wp-json\/wp\/v2\/media\/5617"}],"wp:attachment":[{"href":"https:\/\/edel.fr\/en\/wp-json\/wp\/v2\/media?parent=5880"}],"wp:term":[{"taxonomy":"product_brand","embeddable":true,"href":"https:\/\/edel.fr\/en\/wp-json\/wp\/v2\/product_brand?post=5880"},{"taxonomy":"product_cat","embeddable":true,"href":"https:\/\/edel.fr\/en\/wp-json\/wp\/v2\/product_cat?post=5880"},{"taxonomy":"product_tag","embeddable":true,"href":"https:\/\/edel.fr\/en\/wp-json\/wp\/v2\/product_tag?post=5880"},{"taxonomy":"tracteur","embeddable":true,"href":"https:\/\/edel.fr\/en\/wp-json\/wp\/v2\/tracteur?post=5880"}],"curies":[{"name":"wp","href":"https:\/\/api.w.org\/{rel}","templated":true}]}}