{"id":5881,"date":"2019-03-11T09:24:09","date_gmt":"2019-03-11T08:24:09","guid":{"rendered":"http:\/\/edel.stephanie.ct.webcd.lan\/shop\/alternateur-fendt-volt-ampere-14-90\/"},"modified":"2026-02-17T02:01:09","modified_gmt":"2026-02-17T01:01:09","slug":"alternateur-fendt-volt-ampere-14-90","status":"publish","type":"product","link":"https:\/\/edel.fr\/en\/product\/alternateur-fendt-volt-ampere-14-90\/","title":{"rendered":"Fendt &#8211; Alternateur 14 Volt \/ 90 Amp\u00e8re &#8211; 826 920 926 930"},"content":{"rendered":"<div data-elementor-type=\"wp-post\" data-elementor-id=\"5881\" class=\"elementor elementor-5881\">\n\t\t\t\t\t\t<section class=\"elementor-section elementor-top-section elementor-element elementor-element-6e362259 elementor-section-boxed elementor-section-height-default elementor-section-height-default\" data-id=\"6e362259\" data-element_type=\"section\" data-e-type=\"section\">\n\t\t\t\t\t\t<div class=\"elementor-container elementor-column-gap-default\">\n\t\t\t\t\t<div class=\"elementor-column elementor-col-100 elementor-top-column elementor-element elementor-element-69abf7a1\" data-id=\"69abf7a1\" data-element_type=\"column\" data-e-type=\"column\">\n\t\t\t<div class=\"elementor-widget-wrap elementor-element-populated\">\n\t\t\t\t\t\t<div class=\"elementor-element elementor-element-5ada1942 elementor-widget elementor-widget-heading\" data-id=\"5ada1942\" data-element_type=\"widget\" data-e-type=\"widget\" data-widget_type=\"heading.default\">\n\t\t\t\t<div class=\"elementor-widget-container\">\n\t\t\t\t\t<h2 class=\"elementor-heading-title elementor-size-default\">Fendt - Alternateur 14 Volt \/ 90 Amp\u00e8re<\/h2>\t\t\t\t<\/div>\n\t\t\t\t<\/div>\n\t\t\t\t<div class=\"elementor-element elementor-element-728cca98 elementor-widget elementor-widget-heading\" data-id=\"728cca98\" data-element_type=\"widget\" data-e-type=\"widget\" data-widget_type=\"heading.default\">\n\t\t\t\t<div class=\"elementor-widget-container\">\n\t\t\t\t\t<h3 class=\"elementor-heading-title elementor-size-default\">Information du produit :<\/h3>\t\t\t\t<\/div>\n\t\t\t\t<\/div>\n\t\t\t\t\t<\/div>\n\t\t<\/div>\n\t\t\t\t\t<\/div>\n\t\t<\/section>\n\t\t\t\t<section class=\"elementor-section elementor-top-section elementor-element elementor-element-43c4fd99 elementor-section-boxed elementor-section-height-default elementor-section-height-default\" data-id=\"43c4fd99\" data-element_type=\"section\" data-e-type=\"section\">\n\t\t\t\t\t\t<div class=\"elementor-container elementor-column-gap-default\">\n\t\t\t\t\t<div class=\"elementor-column elementor-col-100 elementor-top-column elementor-element elementor-element-54f8c2b5\" data-id=\"54f8c2b5\" data-element_type=\"column\" data-e-type=\"column\">\n\t\t\t<div class=\"elementor-widget-wrap elementor-element-populated\">\n\t\t\t\t\t\t<div class=\"elementor-element elementor-element-60f6df5b elementor-widget elementor-widget-text-editor\" data-id=\"60f6df5b\" data-element_type=\"widget\" data-e-type=\"widget\" data-widget_type=\"text-editor.default\">\n\t\t\t\t<div class=\"elementor-widget-container\">\n\t\t\t\t\t\t\t\t\t<p>Votre alternateur g\u00e9n\u00e8re de l\u2019\u00e9nergie \u00e9lectrique en convertissant l&rsquo;\u00e9nergie cin\u00e9tique. Cette \u00e9nergie est stock\u00e9e par la batterie et consomm\u00e9e par les diff\u00e9rents organes \u00e9lectriques et \u00e9lectroniques.<\/p><p>C&rsquo;est pourquoi nous vous proposons une pi\u00e8ce de marque <a href=\"https:\/\/edel.fr\/en\/constructeur\/mahle\/\">Mahle<\/a> \/ <a href=\"https:\/\/edel.fr\/en\/constructeur\/letrika\/\">Letrika<\/a> reconnue pour sa fiabilit\u00e9.<\/p><p>Fendt : 826, 920, 926, 930.<\/p><p><strong>R\u00e9f\u00e9rences du constructeur :<\/strong><\/p><p>BOSCH : 0123320044, 0123320056, 0123335002, 0123335006, 0986038160, 0986039740.<\/p><p>DELCO REMY : DRA8160<\/p><p>HELLA : 8EL 732 716-001, CA 1044 IR.<\/p><p>LESTER : 13613, 13709, 13709.<\/p><p>LUCAS : LRB00193<\/p><p>MERCEDES-BENZ : 009 154 01 02, 009 154 02 02, 009 154 59 02, 010 154 46 02, 010 154 55 02.<\/p><p>PARIS-RHONE : A 13 VI 100, A 13 VI 135, A 13 VI 169, A 13 VI 176, A 13 VI 198, A 13 VI 220.<\/p><p>VALEO : 436 451, 436 667, 437 125, 439 244, A 13 VI 75.<\/p>\t\t\t\t\t\t\t\t<\/div>\n\t\t\t\t<\/div>\n\t\t\t\t\t<\/div>\n\t\t<\/div>\n\t\t\t\t\t<\/div>\n\t\t<\/section>\n\t\t\t\t<\/div>","protected":false},"excerpt":{"rendered":"<p>Fendt &#8211; Alternateur 14 Volt \/ 90 Amp\u00e8re Information du produit : Votre alternateur g\u00e9n\u00e8re de l\u2019\u00e9nergie \u00e9lectrique en convertissant l&rsquo;\u00e9nergie cin\u00e9tique. Cette \u00e9nergie est stock\u00e9e par la batterie et consomm\u00e9e par les diff\u00e9rents organes \u00e9lectriques et \u00e9lectroniques. C&rsquo;est pourquoi nous vous proposons une pi\u00e8ce de marque Mahle \/ Letrika reconnue pour sa fiabilit\u00e9. Fendt<br \/><a class=\"more-link\" href=\"https:\/\/edel.fr\/en\/product\/alternateur-fendt-volt-ampere-14-90\/\"><br \/>\n        Read More<span class=\"screen-reader-text\"> \u00ab\u00a0Fendt &#8211; Alternateur 14 Volt \/ 90 Amp\u00e8re &#8211; 826 920 926 930\u00a0\u00bb<\/span><\/a><\/p>","protected":false},"featured_media":5618,"template":"","meta":[],"product_brand":[],"product_cat":[4018,164,154,119],"product_tag":[2459,180],"tracteur":[],"class_list":{"0":"post-5881","1":"product","2":"type-product","3":"status-publish","4":"has-post-thumbnail","6":"product_cat-alternateur-fendt","7":"product_cat-alternateurs","8":"product_cat-electricite","9":"product_cat-tracteurs-agricoles","10":"product_tag-alternateurs","11":"product_tag-electricite","12":"product_shipping_class-142","13":"pa_fabriquant-mahle","14":"pa_marque-tracteur-fendt","15":"pa_type-2-1796","16":"pa_type-2-1797","17":"pa_type-2-1798","18":"pa_type-2-1648","19":"badges-style-2","21":"first","22":"instock","23":"taxable","24":"shipping-taxable","25":"purchasable","26":"product-type-simple"},"acf":[],"yoast_head":"<!-- This site is optimized with the Yoast SEO plugin v27.3 - https:\/\/yoast.com\/product\/yoast-seo-wordpress\/ -->\n<title>Fendt - Alternateur 14 Volt \/ 90 Amp\u00e8re - 826 920 926 930 - Edel<\/title>\n<meta name=\"description\" content=\"Fendt - Alternateur 14 Volt \/ 90 Amp\u00e8re - 826 920 926 930 - 0123320044 0123320056 0123335002 0123335006 0986038160 0986039740 436 451 436 667 - Tracteur\" \/>\n<meta name=\"robots\" content=\"index, follow, max-snippet:-1, max-image-preview:large, max-video-preview:-1\" \/>\n<link rel=\"canonical\" href=\"https:\/\/edel.fr\/en\/product\/alternateur-fendt-volt-ampere-14-90\/\" \/>\n<meta property=\"og:locale\" content=\"en_US\" \/>\n<meta property=\"og:type\" content=\"article\" \/>\n<meta property=\"og:title\" content=\"Fendt - Alternateur 14 Volt \/ 90 Amp\u00e8re - 826 920 926 930 - Edel\" \/>\n<meta property=\"og:description\" content=\"Fendt - Alternateur 14 Volt \/ 90 Amp\u00e8re - 826 920 926 930 - 0123320044 0123320056 0123335002 0123335006 0986038160 0986039740 436 451 436 667 - Tracteur\" \/>\n<meta property=\"og:url\" content=\"https:\/\/edel.fr\/en\/product\/alternateur-fendt-volt-ampere-14-90\/\" \/>\n<meta property=\"og:site_name\" content=\"Edel\" \/>\n<meta property=\"article:modified_time\" content=\"2026-02-17T01:01:09+00:00\" \/>\n<meta property=\"og:image\" content=\"https:\/\/edel.fr\/uploads\/2019\/03\/A37.jpg\" \/>\n\t<meta property=\"og:image:width\" content=\"1920\" \/>\n\t<meta property=\"og:image:height\" content=\"1145\" \/>\n\t<meta property=\"og:image:type\" content=\"image\/jpeg\" \/>\n<meta name=\"twitter:card\" content=\"summary_large_image\" \/>\n<meta name=\"twitter:label1\" content=\"Est. reading time\" \/>\n\t<meta name=\"twitter:data1\" content=\"1 minute\" \/>\n<script type=\"application\/ld+json\" class=\"yoast-schema-graph\">{\"@context\":\"https:\\\/\\\/schema.org\",\"@graph\":[{\"@type\":\"WebPage\",\"@id\":\"https:\\\/\\\/edel.fr\\\/produit\\\/alternateur-fendt-volt-ampere-14-90\\\/\",\"url\":\"https:\\\/\\\/edel.fr\\\/produit\\\/alternateur-fendt-volt-ampere-14-90\\\/\",\"name\":\"Fendt - Alternateur 14 Volt \\\/ 90 Amp\u00e8re - 826 920 926 930 - Edel\",\"isPartOf\":{\"@id\":\"http:\\\/\\\/www.edel.fr\\\/en\\\/#website\"},\"primaryImageOfPage\":{\"@id\":\"https:\\\/\\\/edel.fr\\\/produit\\\/alternateur-fendt-volt-ampere-14-90\\\/#primaryimage\"},\"image\":{\"@id\":\"https:\\\/\\\/edel.fr\\\/produit\\\/alternateur-fendt-volt-ampere-14-90\\\/#primaryimage\"},\"thumbnailUrl\":\"https:\\\/\\\/edel.fr\\\/uploads\\\/2019\\\/03\\\/A37.jpg\",\"datePublished\":\"2019-03-11T08:24:09+00:00\",\"dateModified\":\"2026-02-17T01:01:09+00:00\",\"description\":\"Fendt - Alternateur 14 Volt \\\/ 90 Amp\u00e8re - 826 920 926 930 - 0123320044 0123320056 0123335002 0123335006 0986038160 0986039740 436 451 436 667 - Tracteur\",\"breadcrumb\":{\"@id\":\"https:\\\/\\\/edel.fr\\\/produit\\\/alternateur-fendt-volt-ampere-14-90\\\/#breadcrumb\"},\"inLanguage\":\"en-US\",\"potentialAction\":[{\"@type\":\"ReadAction\",\"target\":[\"https:\\\/\\\/edel.fr\\\/produit\\\/alternateur-fendt-volt-ampere-14-90\\\/\"]}]},{\"@type\":\"ImageObject\",\"inLanguage\":\"en-US\",\"@id\":\"https:\\\/\\\/edel.fr\\\/produit\\\/alternateur-fendt-volt-ampere-14-90\\\/#primaryimage\",\"url\":\"https:\\\/\\\/edel.fr\\\/uploads\\\/2019\\\/03\\\/A37.jpg\",\"contentUrl\":\"https:\\\/\\\/edel.fr\\\/uploads\\\/2019\\\/03\\\/A37.jpg\",\"width\":1920,\"height\":1145,\"caption\":\"Fendt - Alternateur 14 Volt \\\/ 90 Amp\u00e8re\"},{\"@type\":\"BreadcrumbList\",\"@id\":\"https:\\\/\\\/edel.fr\\\/produit\\\/alternateur-fendt-volt-ampere-14-90\\\/#breadcrumb\",\"itemListElement\":[{\"@type\":\"ListItem\",\"position\":1,\"name\":\"Pi\u00e8ce Tracteur\",\"item\":\"http:\\\/\\\/www.edel.fr\\\/en\\\/\"},{\"@type\":\"ListItem\",\"position\":2,\"name\":\"Toutes nos pi\u00e8ces Tracteur\",\"item\":\"https:\\\/\\\/edel.fr\\\/shop\\\/\"},{\"@type\":\"ListItem\",\"position\":3,\"name\":\"Fendt &#8211; Alternateur 14 Volt \\\/ 90 Amp\u00e8re &#8211; 826 920 926 930\"}]},{\"@type\":\"WebSite\",\"@id\":\"http:\\\/\\\/www.edel.fr\\\/en\\\/#website\",\"url\":\"http:\\\/\\\/www.edel.fr\\\/en\\\/\",\"name\":\"Edel\",\"description\":\"Pi\u00e8ce d\u00e9tach\u00e9e de Tracteur Agricole\",\"publisher\":{\"@id\":\"http:\\\/\\\/www.edel.fr\\\/en\\\/#organization\"},\"potentialAction\":[{\"@type\":\"SearchAction\",\"target\":{\"@type\":\"EntryPoint\",\"urlTemplate\":\"http:\\\/\\\/www.edel.fr\\\/en\\\/?s={search_term_string}\"},\"query-input\":{\"@type\":\"PropertyValueSpecification\",\"valueRequired\":true,\"valueName\":\"search_term_string\"}}],\"inLanguage\":\"en-US\"},{\"@type\":\"Organization\",\"@id\":\"http:\\\/\\\/www.edel.fr\\\/en\\\/#organization\",\"name\":\"Edel\",\"url\":\"http:\\\/\\\/www.edel.fr\\\/en\\\/\",\"logo\":{\"@type\":\"ImageObject\",\"inLanguage\":\"en-US\",\"@id\":\"http:\\\/\\\/www.edel.fr\\\/en\\\/#\\\/schema\\\/logo\\\/image\\\/\",\"url\":\"https:\\\/\\\/www.edel.fr\\\/uploads\\\/2018\\\/11\\\/logo-edel.png\",\"contentUrl\":\"https:\\\/\\\/www.edel.fr\\\/uploads\\\/2018\\\/11\\\/logo-edel.png\",\"width\":257,\"height\":68,\"caption\":\"Edel\"},\"image\":{\"@id\":\"http:\\\/\\\/www.edel.fr\\\/en\\\/#\\\/schema\\\/logo\\\/image\\\/\"}}]}<\/script>\n<!-- \/ Yoast SEO plugin. -->","yoast_head_json":{"title":"Fendt - Alternateur 14 Volt \/ 90 Amp\u00e8re - 826 920 926 930 - Edel","description":"Fendt - Alternateur 14 Volt \/ 90 Amp\u00e8re - 826 920 926 930 - 0123320044 0123320056 0123335002 0123335006 0986038160 0986039740 436 451 436 667 - Tracteur","robots":{"index":"index","follow":"follow","max-snippet":"max-snippet:-1","max-image-preview":"max-image-preview:large","max-video-preview":"max-video-preview:-1"},"canonical":"https:\/\/edel.fr\/en\/product\/alternateur-fendt-volt-ampere-14-90\/","og_locale":"en_US","og_type":"article","og_title":"Fendt - Alternateur 14 Volt \/ 90 Amp\u00e8re - 826 920 926 930 - Edel","og_description":"Fendt - Alternateur 14 Volt \/ 90 Amp\u00e8re - 826 920 926 930 - 0123320044 0123320056 0123335002 0123335006 0986038160 0986039740 436 451 436 667 - Tracteur","og_url":"https:\/\/edel.fr\/en\/product\/alternateur-fendt-volt-ampere-14-90\/","og_site_name":"Edel","article_modified_time":"2026-02-17T01:01:09+00:00","og_image":[{"width":1920,"height":1145,"url":"https:\/\/edel.fr\/uploads\/2019\/03\/A37.jpg","type":"image\/jpeg"}],"twitter_card":"summary_large_image","twitter_misc":{"Est. reading time":"1 minute"},"schema":{"@context":"https:\/\/schema.org","@graph":[{"@type":"WebPage","@id":"https:\/\/edel.fr\/produit\/alternateur-fendt-volt-ampere-14-90\/","url":"https:\/\/edel.fr\/produit\/alternateur-fendt-volt-ampere-14-90\/","name":"Fendt - Alternateur 14 Volt \/ 90 Amp\u00e8re - 826 920 926 930 - Edel","isPartOf":{"@id":"http:\/\/www.edel.fr\/en\/#website"},"primaryImageOfPage":{"@id":"https:\/\/edel.fr\/produit\/alternateur-fendt-volt-ampere-14-90\/#primaryimage"},"image":{"@id":"https:\/\/edel.fr\/produit\/alternateur-fendt-volt-ampere-14-90\/#primaryimage"},"thumbnailUrl":"https:\/\/edel.fr\/uploads\/2019\/03\/A37.jpg","datePublished":"2019-03-11T08:24:09+00:00","dateModified":"2026-02-17T01:01:09+00:00","description":"Fendt - Alternateur 14 Volt \/ 90 Amp\u00e8re - 826 920 926 930 - 0123320044 0123320056 0123335002 0123335006 0986038160 0986039740 436 451 436 667 - Tracteur","breadcrumb":{"@id":"https:\/\/edel.fr\/produit\/alternateur-fendt-volt-ampere-14-90\/#breadcrumb"},"inLanguage":"en-US","potentialAction":[{"@type":"ReadAction","target":["https:\/\/edel.fr\/produit\/alternateur-fendt-volt-ampere-14-90\/"]}]},{"@type":"ImageObject","inLanguage":"en-US","@id":"https:\/\/edel.fr\/produit\/alternateur-fendt-volt-ampere-14-90\/#primaryimage","url":"https:\/\/edel.fr\/uploads\/2019\/03\/A37.jpg","contentUrl":"https:\/\/edel.fr\/uploads\/2019\/03\/A37.jpg","width":1920,"height":1145,"caption":"Fendt - Alternateur 14 Volt \/ 90 Amp\u00e8re"},{"@type":"BreadcrumbList","@id":"https:\/\/edel.fr\/produit\/alternateur-fendt-volt-ampere-14-90\/#breadcrumb","itemListElement":[{"@type":"ListItem","position":1,"name":"Pi\u00e8ce Tracteur","item":"http:\/\/www.edel.fr\/en\/"},{"@type":"ListItem","position":2,"name":"Toutes nos pi\u00e8ces Tracteur","item":"https:\/\/edel.fr\/shop\/"},{"@type":"ListItem","position":3,"name":"Fendt &#8211; Alternateur 14 Volt \/ 90 Amp\u00e8re &#8211; 826 920 926 930"}]},{"@type":"WebSite","@id":"http:\/\/www.edel.fr\/en\/#website","url":"http:\/\/www.edel.fr\/en\/","name":"Edel","description":"Pi\u00e8ce d\u00e9tach\u00e9e de Tracteur Agricole","publisher":{"@id":"http:\/\/www.edel.fr\/en\/#organization"},"potentialAction":[{"@type":"SearchAction","target":{"@type":"EntryPoint","urlTemplate":"http:\/\/www.edel.fr\/en\/?s={search_term_string}"},"query-input":{"@type":"PropertyValueSpecification","valueRequired":true,"valueName":"search_term_string"}}],"inLanguage":"en-US"},{"@type":"Organization","@id":"http:\/\/www.edel.fr\/en\/#organization","name":"Edel","url":"http:\/\/www.edel.fr\/en\/","logo":{"@type":"ImageObject","inLanguage":"en-US","@id":"http:\/\/www.edel.fr\/en\/#\/schema\/logo\/image\/","url":"https:\/\/www.edel.fr\/uploads\/2018\/11\/logo-edel.png","contentUrl":"https:\/\/www.edel.fr\/uploads\/2018\/11\/logo-edel.png","width":257,"height":68,"caption":"Edel"},"image":{"@id":"http:\/\/www.edel.fr\/en\/#\/schema\/logo\/image\/"}}]}},"_links":{"self":[{"href":"https:\/\/edel.fr\/en\/wp-json\/wp\/v2\/product\/5881","targetHints":{"allow":["GET"]}}],"collection":[{"href":"https:\/\/edel.fr\/en\/wp-json\/wp\/v2\/product"}],"about":[{"href":"https:\/\/edel.fr\/en\/wp-json\/wp\/v2\/types\/product"}],"version-history":[{"count":2,"href":"https:\/\/edel.fr\/en\/wp-json\/wp\/v2\/product\/5881\/revisions"}],"predecessor-version":[{"id":15144,"href":"https:\/\/edel.fr\/en\/wp-json\/wp\/v2\/product\/5881\/revisions\/15144"}],"wp:featuredmedia":[{"embeddable":true,"href":"https:\/\/edel.fr\/en\/wp-json\/wp\/v2\/media\/5618"}],"wp:attachment":[{"href":"https:\/\/edel.fr\/en\/wp-json\/wp\/v2\/media?parent=5881"}],"wp:term":[{"taxonomy":"product_brand","embeddable":true,"href":"https:\/\/edel.fr\/en\/wp-json\/wp\/v2\/product_brand?post=5881"},{"taxonomy":"product_cat","embeddable":true,"href":"https:\/\/edel.fr\/en\/wp-json\/wp\/v2\/product_cat?post=5881"},{"taxonomy":"product_tag","embeddable":true,"href":"https:\/\/edel.fr\/en\/wp-json\/wp\/v2\/product_tag?post=5881"},{"taxonomy":"tracteur","embeddable":true,"href":"https:\/\/edel.fr\/en\/wp-json\/wp\/v2\/tracteur?post=5881"}],"curies":[{"name":"wp","href":"https:\/\/api.w.org\/{rel}","templated":true}]}}