{"id":5884,"date":"2019-03-11T09:24:17","date_gmt":"2019-03-11T08:24:17","guid":{"rendered":"http:\/\/edel.stephanie.ct.webcd.lan\/shop\/alternateur-fendtjohn-deere-volt-ampere-14-120\/"},"modified":"2026-02-04T02:00:22","modified_gmt":"2026-02-04T01:00:22","slug":"alternateur-fendtjohn-deere-volt-ampere-14-120","status":"publish","type":"product","link":"https:\/\/edel.fr\/en\/product\/alternateur-fendtjohn-deere-volt-ampere-14-120\/","title":{"rendered":"Alternateur &#8211; Fendt, John Deere &#8211; 14 Volt \/ 120 Amp\u00e8re"},"content":{"rendered":"<div data-elementor-type=\"wp-post\" data-elementor-id=\"5884\" class=\"elementor elementor-5884\">\n\t\t\t\t\t\t<section class=\"elementor-section elementor-top-section elementor-element elementor-element-4815a642 elementor-section-boxed elementor-section-height-default elementor-section-height-default\" data-id=\"4815a642\" data-element_type=\"section\" data-e-type=\"section\">\n\t\t\t\t\t\t<div class=\"elementor-container elementor-column-gap-default\">\n\t\t\t\t\t<div class=\"elementor-column elementor-col-100 elementor-top-column elementor-element elementor-element-44e90710\" data-id=\"44e90710\" data-element_type=\"column\" data-e-type=\"column\">\n\t\t\t<div class=\"elementor-widget-wrap elementor-element-populated\">\n\t\t\t\t\t\t<div class=\"elementor-element elementor-element-6dea4bff elementor-widget elementor-widget-heading\" data-id=\"6dea4bff\" data-element_type=\"widget\" data-e-type=\"widget\" data-widget_type=\"heading.default\">\n\t\t\t\t<div class=\"elementor-widget-container\">\n\t\t\t\t\t<h2 class=\"elementor-heading-title elementor-size-default\">Alternateur - Fendt, John Deere - 14 Volt\/ 120 Amp\u00e8re<\/h2>\t\t\t\t<\/div>\n\t\t\t\t<\/div>\n\t\t\t\t<div class=\"elementor-element elementor-element-7c70930a elementor-widget elementor-widget-heading\" data-id=\"7c70930a\" data-element_type=\"widget\" data-e-type=\"widget\" data-widget_type=\"heading.default\">\n\t\t\t\t<div class=\"elementor-widget-container\">\n\t\t\t\t\t<h3 class=\"elementor-heading-title elementor-size-default\">Information du produit :<\/h3>\t\t\t\t<\/div>\n\t\t\t\t<\/div>\n\t\t\t\t\t<\/div>\n\t\t<\/div>\n\t\t\t\t\t<\/div>\n\t\t<\/section>\n\t\t\t\t<section class=\"elementor-section elementor-top-section elementor-element elementor-element-57f2b053 elementor-section-boxed elementor-section-height-default elementor-section-height-default\" data-id=\"57f2b053\" data-element_type=\"section\" data-e-type=\"section\">\n\t\t\t\t\t\t<div class=\"elementor-container elementor-column-gap-default\">\n\t\t\t\t\t<div class=\"elementor-column elementor-col-100 elementor-top-column elementor-element elementor-element-2bab4230\" data-id=\"2bab4230\" data-element_type=\"column\" data-e-type=\"column\">\n\t\t\t<div class=\"elementor-widget-wrap elementor-element-populated\">\n\t\t\t\t\t\t<div class=\"elementor-element elementor-element-5265c25 elementor-widget elementor-widget-text-editor\" data-id=\"5265c25\" data-element_type=\"widget\" data-e-type=\"widget\" data-widget_type=\"text-editor.default\">\n\t\t\t\t<div class=\"elementor-widget-container\">\n\t\t\t\t\t\t\t\t\t<p>Votre alternateur g\u00e9n\u00e8re de l\u2019\u00e9nergie \u00e9lectrique en convertissant l&rsquo;\u00e9nergie cin\u00e9tique. Cette \u00e9nergie est stock\u00e9e par la batterie et consomm\u00e9e par les diff\u00e9rents organes \u00e9lectriques et \u00e9lectroniques.<\/p><p>C&rsquo;est pourquoi nous vous proposons une pi\u00e8ce de marque <a href=\"https:\/\/edel.fr\/en\/constructeur\/mahle\/\">Mahle<\/a> \/ <a href=\"https:\/\/edel.fr\/en\/constructeur\/letrika\/\">Letrika<\/a> reconnue pour sa fiabilit\u00e9.<\/p><p>Fendt, John Deere : 5820, 6110, 6210, 6220, 6310, 6320, 6410, 6420, 6530, 6610, 6620, 6810, 6910, 6920, 818 MAN, Xylon 522.<\/p><p><strong>R\u00e9f\u00e9rences du constructeur :<\/strong><\/p><p>BOSCH : 0123512500, 0986046030, AL 5053 X.<\/p><p>DELCO REMY : DRB6030<\/p><p>JOHN DEERE : AL111676, AL114093.<\/p><p>LESTER : 12370<\/p><p>LUCAS : LRA01949<\/p><p>SPAREX : 360940<\/p><p>WILSON : 90-15-6390<\/p><p>Edel vous propose \u00e9galement une large gamme d&rsquo;alternateurs et d\u00e9marreurs pour des applications sp\u00e9cifiques, et de diff\u00e9rentes marques.<\/p><p>Donc, pour plus de renseignements, n&rsquo;h\u00e9sitez pas \u00e0 nous consulter !<\/p>\t\t\t\t\t\t\t\t<\/div>\n\t\t\t\t<\/div>\n\t\t\t\t\t<\/div>\n\t\t<\/div>\n\t\t\t\t\t<\/div>\n\t\t<\/section>\n\t\t\t\t<\/div>","protected":false},"excerpt":{"rendered":"<p>Alternateur &#8211; Fendt, John Deere &#8211; 14 Volt\/ 120 Amp\u00e8re Information du produit : Votre alternateur g\u00e9n\u00e8re de l\u2019\u00e9nergie \u00e9lectrique en convertissant l&rsquo;\u00e9nergie cin\u00e9tique. Cette \u00e9nergie est stock\u00e9e par la batterie et consomm\u00e9e par les diff\u00e9rents organes \u00e9lectriques et \u00e9lectroniques. C&rsquo;est pourquoi nous vous proposons une pi\u00e8ce de marque Mahle \/ Letrika reconnue pour sa<br \/><a class=\"more-link\" href=\"https:\/\/edel.fr\/en\/product\/alternateur-fendtjohn-deere-volt-ampere-14-120\/\"><br \/>\n        Read More<span class=\"screen-reader-text\"> \u00ab\u00a0Alternateur &#8211; Fendt, John Deere &#8211; 14 Volt \/ 120 Amp\u00e8re\u00a0\u00bb<\/span><\/a><\/p>","protected":false},"featured_media":5621,"template":"","meta":[],"product_brand":[],"product_cat":[4018,4022,164,154,119],"product_tag":[2459,180],"tracteur":[],"class_list":{"0":"post-5884","1":"product","2":"type-product","3":"status-publish","4":"has-post-thumbnail","6":"product_cat-alternateur-fendt","7":"product_cat-alternateur-john-deere","8":"product_cat-alternateurs","9":"product_cat-electricite","10":"product_cat-tracteurs-agricoles","11":"product_tag-alternateurs","12":"product_tag-electricite","13":"product_shipping_class-142","14":"pa_fabriquant-mahle","15":"pa_marque-tracteur-fendt","16":"pa_marque-tracteur-john-deere","17":"pa_modele-tracteur-xylon","18":"pa_type-2-1812","19":"pa_type-2-1456","20":"pa_type-2-1813","21":"pa_type-2-1814","22":"pa_type-2-1815","23":"pa_type-2-1816","24":"pa_type-2-1672","25":"pa_type-2-1817","26":"pa_type-2-1818","27":"pa_type-2-1673","28":"pa_type-2-1819","29":"pa_type-2-1676","30":"pa_type-2-1820","31":"pa_type-2-1821","32":"pa_type-2-818-man","33":"pa_type-2-xylon-522","34":"badges-style-2","36":"first","37":"instock","38":"taxable","39":"shipping-taxable","40":"purchasable","41":"product-type-simple"},"acf":[],"yoast_head":"<!-- This site is optimized with the Yoast SEO plugin v27.3 - https:\/\/yoast.com\/product\/yoast-seo-wordpress\/ -->\n<title>Alternateur - Fendt, John Deere - 14 Volt \/ 120 Amp\u00e8re - Edel<\/title>\n<meta name=\"description\" content=\"Alternateur - Fendt, John Deere - Volt\/Amp\u00e8re 14\/120 - 5820 6110 6210 6220 6310 6320 6410 6420 6530 6610 6620 6810 6910 6920 818 MAN Xylon 522\" \/>\n<meta name=\"robots\" content=\"index, follow, max-snippet:-1, max-image-preview:large, max-video-preview:-1\" \/>\n<link rel=\"canonical\" href=\"http:\/\/www.edel.fr\/produit\/alternateur-fendtjohn-deere-volt-ampere-14-120\/\" \/>\n<meta property=\"og:locale\" content=\"en_US\" \/>\n<meta property=\"og:type\" content=\"article\" \/>\n<meta property=\"og:title\" content=\"Alternateur - Fendt, John Deere - 14 Volt \/ 120 Amp\u00e8re - Edel\" \/>\n<meta property=\"og:description\" content=\"Alternateur - Fendt, John Deere - Volt\/Amp\u00e8re 14\/120 - 5820 6110 6210 6220 6310 6320 6410 6420 6530 6610 6620 6810 6910 6920 818 MAN Xylon 522\" \/>\n<meta property=\"og:url\" content=\"http:\/\/www.edel.fr\/produit\/alternateur-fendtjohn-deere-volt-ampere-14-120\/\" \/>\n<meta property=\"og:site_name\" content=\"Edel\" \/>\n<meta property=\"article:modified_time\" content=\"2026-02-04T01:00:22+00:00\" \/>\n<meta property=\"og:image\" content=\"http:\/\/www.edel.fr\/uploads\/2019\/03\/A40.jpg\" \/>\n\t<meta property=\"og:image:width\" content=\"1920\" \/>\n\t<meta property=\"og:image:height\" content=\"1253\" \/>\n\t<meta property=\"og:image:type\" content=\"image\/jpeg\" \/>\n<meta name=\"twitter:card\" content=\"summary_large_image\" \/>\n<meta name=\"twitter:label1\" content=\"Est. reading time\" \/>\n\t<meta name=\"twitter:data1\" content=\"1 minute\" \/>\n<script type=\"application\/ld+json\" class=\"yoast-schema-graph\">{\"@context\":\"https:\\\/\\\/schema.org\",\"@graph\":[{\"@type\":\"WebPage\",\"@id\":\"http:\\\/\\\/www.edel.fr\\\/produit\\\/alternateur-fendtjohn-deere-volt-ampere-14-120\\\/\",\"url\":\"http:\\\/\\\/www.edel.fr\\\/produit\\\/alternateur-fendtjohn-deere-volt-ampere-14-120\\\/\",\"name\":\"Alternateur - Fendt, John Deere - 14 Volt \\\/ 120 Amp\u00e8re - Edel\",\"isPartOf\":{\"@id\":\"https:\\\/\\\/www.edel.fr\\\/en\\\/#website\"},\"primaryImageOfPage\":{\"@id\":\"http:\\\/\\\/www.edel.fr\\\/produit\\\/alternateur-fendtjohn-deere-volt-ampere-14-120\\\/#primaryimage\"},\"image\":{\"@id\":\"http:\\\/\\\/www.edel.fr\\\/produit\\\/alternateur-fendtjohn-deere-volt-ampere-14-120\\\/#primaryimage\"},\"thumbnailUrl\":\"https:\\\/\\\/edel.fr\\\/uploads\\\/2019\\\/03\\\/A40.jpg\",\"datePublished\":\"2019-03-11T08:24:17+00:00\",\"dateModified\":\"2026-02-04T01:00:22+00:00\",\"description\":\"Alternateur - Fendt, John Deere - Volt\\\/Amp\u00e8re 14\\\/120 - 5820 6110 6210 6220 6310 6320 6410 6420 6530 6610 6620 6810 6910 6920 818 MAN Xylon 522\",\"breadcrumb\":{\"@id\":\"http:\\\/\\\/www.edel.fr\\\/produit\\\/alternateur-fendtjohn-deere-volt-ampere-14-120\\\/#breadcrumb\"},\"inLanguage\":\"en-US\",\"potentialAction\":[{\"@type\":\"ReadAction\",\"target\":[\"http:\\\/\\\/www.edel.fr\\\/produit\\\/alternateur-fendtjohn-deere-volt-ampere-14-120\\\/\"]}]},{\"@type\":\"ImageObject\",\"inLanguage\":\"en-US\",\"@id\":\"http:\\\/\\\/www.edel.fr\\\/produit\\\/alternateur-fendtjohn-deere-volt-ampere-14-120\\\/#primaryimage\",\"url\":\"https:\\\/\\\/edel.fr\\\/uploads\\\/2019\\\/03\\\/A40.jpg\",\"contentUrl\":\"https:\\\/\\\/edel.fr\\\/uploads\\\/2019\\\/03\\\/A40.jpg\",\"width\":1920,\"height\":1253,\"caption\":\"Alternateur - Fendt, John Deere - Volt\\\/Amp\u00e8re 14\\\/120\"},{\"@type\":\"BreadcrumbList\",\"@id\":\"http:\\\/\\\/www.edel.fr\\\/produit\\\/alternateur-fendtjohn-deere-volt-ampere-14-120\\\/#breadcrumb\",\"itemListElement\":[{\"@type\":\"ListItem\",\"position\":1,\"name\":\"Pi\u00e8ce Tracteur\",\"item\":\"https:\\\/\\\/www.edel.fr\\\/en\\\/\"},{\"@type\":\"ListItem\",\"position\":2,\"name\":\"Toutes nos pi\u00e8ces Tracteur\",\"item\":\"https:\\\/\\\/edel.fr\\\/shop\\\/\"},{\"@type\":\"ListItem\",\"position\":3,\"name\":\"Alternateur &#8211; Fendt, John Deere &#8211; 14 Volt \\\/ 120 Amp\u00e8re\"}]},{\"@type\":\"WebSite\",\"@id\":\"https:\\\/\\\/www.edel.fr\\\/en\\\/#website\",\"url\":\"https:\\\/\\\/www.edel.fr\\\/en\\\/\",\"name\":\"Edel\",\"description\":\"Pi\u00e8ce d\u00e9tach\u00e9e de Tracteur Agricole\",\"publisher\":{\"@id\":\"https:\\\/\\\/www.edel.fr\\\/en\\\/#organization\"},\"potentialAction\":[{\"@type\":\"SearchAction\",\"target\":{\"@type\":\"EntryPoint\",\"urlTemplate\":\"https:\\\/\\\/www.edel.fr\\\/en\\\/?s={search_term_string}\"},\"query-input\":{\"@type\":\"PropertyValueSpecification\",\"valueRequired\":true,\"valueName\":\"search_term_string\"}}],\"inLanguage\":\"en-US\"},{\"@type\":\"Organization\",\"@id\":\"https:\\\/\\\/www.edel.fr\\\/en\\\/#organization\",\"name\":\"Edel\",\"url\":\"https:\\\/\\\/www.edel.fr\\\/en\\\/\",\"logo\":{\"@type\":\"ImageObject\",\"inLanguage\":\"en-US\",\"@id\":\"https:\\\/\\\/www.edel.fr\\\/en\\\/#\\\/schema\\\/logo\\\/image\\\/\",\"url\":\"https:\\\/\\\/www.edel.fr\\\/uploads\\\/2018\\\/11\\\/logo-edel.png\",\"contentUrl\":\"https:\\\/\\\/www.edel.fr\\\/uploads\\\/2018\\\/11\\\/logo-edel.png\",\"width\":257,\"height\":68,\"caption\":\"Edel\"},\"image\":{\"@id\":\"https:\\\/\\\/www.edel.fr\\\/en\\\/#\\\/schema\\\/logo\\\/image\\\/\"}}]}<\/script>\n<!-- \/ Yoast SEO plugin. -->","yoast_head_json":{"title":"Alternateur - Fendt, John Deere - 14 Volt \/ 120 Amp\u00e8re - Edel","description":"Alternateur - Fendt, John Deere - Volt\/Amp\u00e8re 14\/120 - 5820 6110 6210 6220 6310 6320 6410 6420 6530 6610 6620 6810 6910 6920 818 MAN Xylon 522","robots":{"index":"index","follow":"follow","max-snippet":"max-snippet:-1","max-image-preview":"max-image-preview:large","max-video-preview":"max-video-preview:-1"},"canonical":"http:\/\/www.edel.fr\/produit\/alternateur-fendtjohn-deere-volt-ampere-14-120\/","og_locale":"en_US","og_type":"article","og_title":"Alternateur - Fendt, John Deere - 14 Volt \/ 120 Amp\u00e8re - Edel","og_description":"Alternateur - Fendt, John Deere - Volt\/Amp\u00e8re 14\/120 - 5820 6110 6210 6220 6310 6320 6410 6420 6530 6610 6620 6810 6910 6920 818 MAN Xylon 522","og_url":"http:\/\/www.edel.fr\/produit\/alternateur-fendtjohn-deere-volt-ampere-14-120\/","og_site_name":"Edel","article_modified_time":"2026-02-04T01:00:22+00:00","og_image":[{"width":1920,"height":1253,"url":"http:\/\/www.edel.fr\/uploads\/2019\/03\/A40.jpg","type":"image\/jpeg"}],"twitter_card":"summary_large_image","twitter_misc":{"Est. reading time":"1 minute"},"schema":{"@context":"https:\/\/schema.org","@graph":[{"@type":"WebPage","@id":"http:\/\/www.edel.fr\/produit\/alternateur-fendtjohn-deere-volt-ampere-14-120\/","url":"http:\/\/www.edel.fr\/produit\/alternateur-fendtjohn-deere-volt-ampere-14-120\/","name":"Alternateur - Fendt, John Deere - 14 Volt \/ 120 Amp\u00e8re - Edel","isPartOf":{"@id":"https:\/\/www.edel.fr\/en\/#website"},"primaryImageOfPage":{"@id":"http:\/\/www.edel.fr\/produit\/alternateur-fendtjohn-deere-volt-ampere-14-120\/#primaryimage"},"image":{"@id":"http:\/\/www.edel.fr\/produit\/alternateur-fendtjohn-deere-volt-ampere-14-120\/#primaryimage"},"thumbnailUrl":"https:\/\/edel.fr\/uploads\/2019\/03\/A40.jpg","datePublished":"2019-03-11T08:24:17+00:00","dateModified":"2026-02-04T01:00:22+00:00","description":"Alternateur - Fendt, John Deere - Volt\/Amp\u00e8re 14\/120 - 5820 6110 6210 6220 6310 6320 6410 6420 6530 6610 6620 6810 6910 6920 818 MAN Xylon 522","breadcrumb":{"@id":"http:\/\/www.edel.fr\/produit\/alternateur-fendtjohn-deere-volt-ampere-14-120\/#breadcrumb"},"inLanguage":"en-US","potentialAction":[{"@type":"ReadAction","target":["http:\/\/www.edel.fr\/produit\/alternateur-fendtjohn-deere-volt-ampere-14-120\/"]}]},{"@type":"ImageObject","inLanguage":"en-US","@id":"http:\/\/www.edel.fr\/produit\/alternateur-fendtjohn-deere-volt-ampere-14-120\/#primaryimage","url":"https:\/\/edel.fr\/uploads\/2019\/03\/A40.jpg","contentUrl":"https:\/\/edel.fr\/uploads\/2019\/03\/A40.jpg","width":1920,"height":1253,"caption":"Alternateur - Fendt, John Deere - Volt\/Amp\u00e8re 14\/120"},{"@type":"BreadcrumbList","@id":"http:\/\/www.edel.fr\/produit\/alternateur-fendtjohn-deere-volt-ampere-14-120\/#breadcrumb","itemListElement":[{"@type":"ListItem","position":1,"name":"Pi\u00e8ce Tracteur","item":"https:\/\/www.edel.fr\/en\/"},{"@type":"ListItem","position":2,"name":"Toutes nos pi\u00e8ces Tracteur","item":"https:\/\/edel.fr\/shop\/"},{"@type":"ListItem","position":3,"name":"Alternateur &#8211; Fendt, John Deere &#8211; 14 Volt \/ 120 Amp\u00e8re"}]},{"@type":"WebSite","@id":"https:\/\/www.edel.fr\/en\/#website","url":"https:\/\/www.edel.fr\/en\/","name":"Edel","description":"Pi\u00e8ce d\u00e9tach\u00e9e de Tracteur Agricole","publisher":{"@id":"https:\/\/www.edel.fr\/en\/#organization"},"potentialAction":[{"@type":"SearchAction","target":{"@type":"EntryPoint","urlTemplate":"https:\/\/www.edel.fr\/en\/?s={search_term_string}"},"query-input":{"@type":"PropertyValueSpecification","valueRequired":true,"valueName":"search_term_string"}}],"inLanguage":"en-US"},{"@type":"Organization","@id":"https:\/\/www.edel.fr\/en\/#organization","name":"Edel","url":"https:\/\/www.edel.fr\/en\/","logo":{"@type":"ImageObject","inLanguage":"en-US","@id":"https:\/\/www.edel.fr\/en\/#\/schema\/logo\/image\/","url":"https:\/\/www.edel.fr\/uploads\/2018\/11\/logo-edel.png","contentUrl":"https:\/\/www.edel.fr\/uploads\/2018\/11\/logo-edel.png","width":257,"height":68,"caption":"Edel"},"image":{"@id":"https:\/\/www.edel.fr\/en\/#\/schema\/logo\/image\/"}}]}},"_links":{"self":[{"href":"https:\/\/edel.fr\/en\/wp-json\/wp\/v2\/product\/5884","targetHints":{"allow":["GET"]}}],"collection":[{"href":"https:\/\/edel.fr\/en\/wp-json\/wp\/v2\/product"}],"about":[{"href":"https:\/\/edel.fr\/en\/wp-json\/wp\/v2\/types\/product"}],"version-history":[{"count":2,"href":"https:\/\/edel.fr\/en\/wp-json\/wp\/v2\/product\/5884\/revisions"}],"predecessor-version":[{"id":15143,"href":"https:\/\/edel.fr\/en\/wp-json\/wp\/v2\/product\/5884\/revisions\/15143"}],"wp:featuredmedia":[{"embeddable":true,"href":"https:\/\/edel.fr\/en\/wp-json\/wp\/v2\/media\/5621"}],"wp:attachment":[{"href":"https:\/\/edel.fr\/en\/wp-json\/wp\/v2\/media?parent=5884"}],"wp:term":[{"taxonomy":"product_brand","embeddable":true,"href":"https:\/\/edel.fr\/en\/wp-json\/wp\/v2\/product_brand?post=5884"},{"taxonomy":"product_cat","embeddable":true,"href":"https:\/\/edel.fr\/en\/wp-json\/wp\/v2\/product_cat?post=5884"},{"taxonomy":"product_tag","embeddable":true,"href":"https:\/\/edel.fr\/en\/wp-json\/wp\/v2\/product_tag?post=5884"},{"taxonomy":"tracteur","embeddable":true,"href":"https:\/\/edel.fr\/en\/wp-json\/wp\/v2\/tracteur?post=5884"}],"curies":[{"name":"wp","href":"https:\/\/api.w.org\/{rel}","templated":true}]}}