{"id":5885,"date":"2019-03-11T09:24:17","date_gmt":"2019-03-11T08:24:17","guid":{"rendered":"http:\/\/edel.stephanie.ct.webcd.lan\/shop\/alternateur-deutzfendtmanitou-volt-ampere-14-95\/"},"modified":"2026-03-25T02:00:21","modified_gmt":"2026-03-25T01:00:21","slug":"alternateur-deutzfendtmanitou-volt-ampere-14-95","status":"publish","type":"product","link":"https:\/\/edel.fr\/en\/product\/alternateur-deutzfendtmanitou-volt-ampere-14-95\/","title":{"rendered":"Alternateur &#8211; Deutz, Fendt, Manitou &#8211; 14 Volt \/ 95 Amp\u00e8re"},"content":{"rendered":"<div data-elementor-type=\"wp-post\" data-elementor-id=\"5885\" class=\"elementor elementor-5885\">\n\t\t\t\t\t\t<section class=\"elementor-section elementor-top-section elementor-element elementor-element-65628e43 elementor-section-boxed elementor-section-height-default elementor-section-height-default\" data-id=\"65628e43\" data-element_type=\"section\" data-e-type=\"section\">\n\t\t\t\t\t\t<div class=\"elementor-container elementor-column-gap-default\">\n\t\t\t\t\t<div class=\"elementor-column elementor-col-100 elementor-top-column elementor-element elementor-element-3773826b\" data-id=\"3773826b\" data-element_type=\"column\" data-e-type=\"column\">\n\t\t\t<div class=\"elementor-widget-wrap elementor-element-populated\">\n\t\t\t\t\t\t<div class=\"elementor-element elementor-element-440a9844 elementor-widget elementor-widget-heading\" data-id=\"440a9844\" data-element_type=\"widget\" data-e-type=\"widget\" data-widget_type=\"heading.default\">\n\t\t\t\t<div class=\"elementor-widget-container\">\n\t\t\t\t\t<h2 class=\"elementor-heading-title elementor-size-default\">Alternateur adapt\u00e9 pour Deutz, Fendt, Manitou\n- 14 Volt \/ 95 Amp\u00e8re\u00a0 <\/h2>\t\t\t\t<\/div>\n\t\t\t\t<\/div>\n\t\t\t\t<div class=\"elementor-element elementor-element-234caad4 elementor-widget elementor-widget-heading\" data-id=\"234caad4\" data-element_type=\"widget\" data-e-type=\"widget\" data-widget_type=\"heading.default\">\n\t\t\t\t<div class=\"elementor-widget-container\">\n\t\t\t\t\t<h3 class=\"elementor-heading-title elementor-size-default\">Information du produit :<\/h3>\t\t\t\t<\/div>\n\t\t\t\t<\/div>\n\t\t\t\t\t<\/div>\n\t\t<\/div>\n\t\t\t\t\t<\/div>\n\t\t<\/section>\n\t\t\t\t<section class=\"elementor-section elementor-top-section elementor-element elementor-element-7aeb9715 elementor-section-boxed elementor-section-height-default elementor-section-height-default\" data-id=\"7aeb9715\" data-element_type=\"section\" data-e-type=\"section\">\n\t\t\t\t\t\t<div class=\"elementor-container elementor-column-gap-default\">\n\t\t\t\t\t<div class=\"elementor-column elementor-col-100 elementor-top-column elementor-element elementor-element-3f672e82\" data-id=\"3f672e82\" data-element_type=\"column\" data-e-type=\"column\">\n\t\t\t<div class=\"elementor-widget-wrap elementor-element-populated\">\n\t\t\t\t\t\t<div class=\"elementor-element elementor-element-42f0ef3 elementor-widget elementor-widget-text-editor\" data-id=\"42f0ef3\" data-element_type=\"widget\" data-e-type=\"widget\" data-widget_type=\"text-editor.default\">\n\t\t\t\t<div class=\"elementor-widget-container\">\n\t\t\t\t\t\t\t\t\t<p>Votre alternateur g\u00e9n\u00e8re de l\u2019\u00e9nergie \u00e9lectrique en convertissant l&rsquo;\u00e9nergie cin\u00e9tique. Cette \u00e9nergie est stock\u00e9e par la batterie et consomm\u00e9e par les diff\u00e9rents organes \u00e9lectriques et \u00e9lectroniques.<\/p><p>C&rsquo;est pourquoi nous vous proposons une pi\u00e8ce de marque <a href=\"https:\/\/edel.fr\/en\/constructeur\/mahle\/\">Mahle<\/a> \/ <a href=\"https:\/\/edel.fr\/en\/constructeur\/letrika\/\">Letrika<\/a> reconnue pour sa fiabilit\u00e9.<\/p><p>Deutz, Fendt, Manitou : 115, 120, 30.9, 308 C KHD, 3700, 390, 4.57, 450, 470, 480, 485, 490, 495, 6.11, 6.38, 605, 610, 650, 80, 830, 85, 90, 92, Agrotron 4.47, DX110, Merlo 40.7.<\/p><p><strong>R\u00e9f\u00e9rences du constructeur :<\/strong><\/p><p>BOMAG : 05717201<\/p><p>BOSCH : 0120484001, 0986041840.<\/p><p>DELCO REMY : DRB1840<\/p><p>DEUTZ AG (KHD) : 0117 7063, 0117 8607, 0118 2173, 0118 2961, 0118 3455, 0118 3630, 0118 3844, 0419 1523.<\/p><p>HELLA : 8EL 737 617-001, CA 1433 IR.<\/p><p>IVECO : 1177063, 1178607, 42498275, 42522743.<\/p><p>JOHN DEERE : AL3846201, AZ3846201.<\/p><p>KRAMER : 1000108966, 1000182341.<\/p><p>LESTER : 12169, 13203.<\/p><p>LUCAS : LRA01397<\/p><p>SAME (DEUTZ- FAHR GROUP) : 0 9002 117 5<\/p><p>SPAREX : 36204<\/p><p>VALEO : 434 017<\/p><p>WILSON : 90-15-6224<\/p><p>Edel vous propose \u00e9galement une large gamme d&rsquo;alternateurs et d\u00e9marreurs pour des applications sp\u00e9cifiques, et de diff\u00e9rentes marques.<\/p><p>Donc, pour plus de renseignements, n&rsquo;h\u00e9sitez pas \u00e0 nous consulter !<\/p>\t\t\t\t\t\t\t\t<\/div>\n\t\t\t\t<\/div>\n\t\t\t\t\t<\/div>\n\t\t<\/div>\n\t\t\t\t\t<\/div>\n\t\t<\/section>\n\t\t\t\t<\/div>","protected":false},"excerpt":{"rendered":"<p>Alternateur adapt\u00e9 pour Deutz, Fendt, Manitou &#8211; 14 Volt \/ 95 Amp\u00e8re Information du produit : Votre alternateur g\u00e9n\u00e8re de l\u2019\u00e9nergie \u00e9lectrique en convertissant l&rsquo;\u00e9nergie cin\u00e9tique. Cette \u00e9nergie est stock\u00e9e par la batterie et consomm\u00e9e par les diff\u00e9rents organes \u00e9lectriques et \u00e9lectroniques. C&rsquo;est pourquoi nous vous proposons une pi\u00e8ce de marque Mahle \/ Letrika reconnue<br \/><a class=\"more-link\" href=\"https:\/\/edel.fr\/en\/product\/alternateur-deutzfendtmanitou-volt-ampere-14-95\/\"><br \/>\n        Read More<span class=\"screen-reader-text\"> \u00ab\u00a0Alternateur &#8211; Deutz, Fendt, Manitou &#8211; 14 Volt \/ 95 Amp\u00e8re\u00a0\u00bb<\/span><\/a><\/p>","protected":false},"featured_media":5622,"template":"","meta":[],"product_brand":[],"product_cat":[4023,4018,4028,164,154,119],"product_tag":[2459,180],"tracteur":[],"class_list":{"0":"post-5885","1":"product","2":"type-product","3":"status-publish","4":"has-post-thumbnail","6":"product_cat-alternateur-deutz","7":"product_cat-alternateur-fendt","8":"product_cat-alternateur-manitou","9":"product_cat-alternateurs","10":"product_cat-electricite","11":"product_cat-tracteurs-agricoles","12":"product_tag-alternateurs","13":"product_tag-electricite","14":"product_shipping_class-142","15":"pa_fabriquant-mahle","16":"pa_marque-tracteur-fendt","17":"pa_marque-tracteur-khd-deutz","18":"pa_marque-tracteur-manitou","19":"pa_modele-tracteur-agrotron","20":"pa_modele-tracteur-dx","21":"pa_modele-tracteur-merlo","22":"pa_type-2-1781","23":"pa_type-2-1237","24":"pa_type-2-30-9","25":"pa_type-2-308-c-khd","26":"pa_type-2-1552","27":"pa_type-2-1314","28":"pa_type-2-4-57","29":"pa_type-2-1146","30":"pa_type-2-1225","31":"pa_type-2-1476","32":"pa_type-2-1167","33":"pa_type-2-1226","34":"pa_type-2-1352","35":"pa_type-2-1783","36":"pa_type-2-1784","37":"pa_type-2-6-11","38":"pa_type-2-6-38","39":"pa_type-2-1344","40":"pa_type-2-1551","41":"pa_type-2-1586","42":"pa_type-2-1785","43":"pa_type-2-1238","44":"pa_type-2-1786","45":"pa_type-2-1239","46":"pa_type-2-1240","47":"pa_type-2-1241","48":"pa_type-2-agrotron-4-47","49":"pa_type-2-dx110","50":"pa_type-2-merlo-40-7","51":"badges-style-2","53":"first","54":"instock","55":"taxable","56":"shipping-taxable","57":"purchasable","58":"product-type-simple"},"acf":[],"yoast_head":"<!-- This site is optimized with the Yoast SEO plugin v27.3 - https:\/\/yoast.com\/product\/yoast-seo-wordpress\/ -->\n<title>Alternateur - Deutz, Fendt, Manitou - 14 Volt \/ 95 Amp\u00e8re - Edel<\/title>\n<meta name=\"description\" content=\"Alternateur - Deutz, Fendt, Manitou | 115 120 3700 390 4.57 450 4506 470 480 4807 485 490 495 5206 5207 6007 605 610 6206 6207 650 6806 710 7206 7207 7807\" \/>\n<meta name=\"robots\" content=\"index, follow, max-snippet:-1, max-image-preview:large, max-video-preview:-1\" \/>\n<link rel=\"canonical\" href=\"http:\/\/www.edel.fr\/en\/product\/alternateur-deutzfendtmanitou-volt-ampere-14-95\/\" \/>\n<meta property=\"og:locale\" content=\"en_US\" \/>\n<meta property=\"og:type\" content=\"article\" \/>\n<meta property=\"og:title\" content=\"Alternateur - Deutz, Fendt, Manitou - 14 Volt \/ 95 Amp\u00e8re - Edel\" \/>\n<meta property=\"og:description\" content=\"Alternateur - Deutz, Fendt, Manitou | 115 120 3700 390 4.57 450 4506 470 480 4807 485 490 495 5206 5207 6007 605 610 6206 6207 650 6806 710 7206 7207 7807\" \/>\n<meta property=\"og:url\" content=\"http:\/\/www.edel.fr\/en\/product\/alternateur-deutzfendtmanitou-volt-ampere-14-95\/\" \/>\n<meta property=\"og:site_name\" content=\"Edel\" \/>\n<meta property=\"article:modified_time\" content=\"2026-03-25T01:00:21+00:00\" \/>\n<meta property=\"og:image\" content=\"http:\/\/www.edel.fr\/uploads\/2019\/03\/A41.jpg\" \/>\n\t<meta property=\"og:image:width\" content=\"1920\" \/>\n\t<meta property=\"og:image:height\" content=\"1180\" \/>\n\t<meta property=\"og:image:type\" content=\"image\/jpeg\" \/>\n<meta name=\"twitter:card\" content=\"summary_large_image\" \/>\n<meta name=\"twitter:label1\" content=\"Est. reading time\" \/>\n\t<meta name=\"twitter:data1\" content=\"1 minute\" \/>\n<script type=\"application\/ld+json\" class=\"yoast-schema-graph\">{\"@context\":\"https:\\\/\\\/schema.org\",\"@graph\":[{\"@type\":\"WebPage\",\"@id\":\"http:\\\/\\\/www.edel.fr\\\/en\\\/product\\\/alternateur-deutzfendtmanitou-volt-ampere-14-95\\\/\",\"url\":\"http:\\\/\\\/www.edel.fr\\\/en\\\/product\\\/alternateur-deutzfendtmanitou-volt-ampere-14-95\\\/\",\"name\":\"Alternateur - Deutz, Fendt, Manitou - 14 Volt \\\/ 95 Amp\u00e8re - Edel\",\"isPartOf\":{\"@id\":\"http:\\\/\\\/www.edel.fr\\\/en\\\/#website\"},\"primaryImageOfPage\":{\"@id\":\"http:\\\/\\\/www.edel.fr\\\/en\\\/product\\\/alternateur-deutzfendtmanitou-volt-ampere-14-95\\\/#primaryimage\"},\"image\":{\"@id\":\"http:\\\/\\\/www.edel.fr\\\/en\\\/product\\\/alternateur-deutzfendtmanitou-volt-ampere-14-95\\\/#primaryimage\"},\"thumbnailUrl\":\"https:\\\/\\\/edel.fr\\\/uploads\\\/2019\\\/03\\\/A41.jpg\",\"datePublished\":\"2019-03-11T08:24:17+00:00\",\"dateModified\":\"2026-03-25T01:00:21+00:00\",\"description\":\"Alternateur - Deutz, Fendt, Manitou | 115 120 3700 390 4.57 450 4506 470 480 4807 485 490 495 5206 5207 6007 605 610 6206 6207 650 6806 710 7206 7207 7807\",\"breadcrumb\":{\"@id\":\"http:\\\/\\\/www.edel.fr\\\/en\\\/product\\\/alternateur-deutzfendtmanitou-volt-ampere-14-95\\\/#breadcrumb\"},\"inLanguage\":\"en-US\",\"potentialAction\":[{\"@type\":\"ReadAction\",\"target\":[\"http:\\\/\\\/www.edel.fr\\\/en\\\/product\\\/alternateur-deutzfendtmanitou-volt-ampere-14-95\\\/\"]}]},{\"@type\":\"ImageObject\",\"inLanguage\":\"en-US\",\"@id\":\"http:\\\/\\\/www.edel.fr\\\/en\\\/product\\\/alternateur-deutzfendtmanitou-volt-ampere-14-95\\\/#primaryimage\",\"url\":\"https:\\\/\\\/edel.fr\\\/uploads\\\/2019\\\/03\\\/A41.jpg\",\"contentUrl\":\"https:\\\/\\\/edel.fr\\\/uploads\\\/2019\\\/03\\\/A41.jpg\",\"width\":1920,\"height\":1180,\"caption\":\"Alternateur - Deutz, Fendt, Manitou - Volt\\\/Amp\u00e8re 14\\\/95 | 450 4506\"},{\"@type\":\"BreadcrumbList\",\"@id\":\"http:\\\/\\\/www.edel.fr\\\/en\\\/product\\\/alternateur-deutzfendtmanitou-volt-ampere-14-95\\\/#breadcrumb\",\"itemListElement\":[{\"@type\":\"ListItem\",\"position\":1,\"name\":\"Pi\u00e8ce Tracteur\",\"item\":\"http:\\\/\\\/www.edel.fr\\\/en\\\/\"},{\"@type\":\"ListItem\",\"position\":2,\"name\":\"Toutes nos pi\u00e8ces Tracteur\",\"item\":\"https:\\\/\\\/edel.fr\\\/shop\\\/\"},{\"@type\":\"ListItem\",\"position\":3,\"name\":\"Alternateur &#8211; Deutz, Fendt, Manitou &#8211; 14 Volt \\\/ 95 Amp\u00e8re\"}]},{\"@type\":\"WebSite\",\"@id\":\"http:\\\/\\\/www.edel.fr\\\/en\\\/#website\",\"url\":\"http:\\\/\\\/www.edel.fr\\\/en\\\/\",\"name\":\"Edel\",\"description\":\"Pi\u00e8ce d\u00e9tach\u00e9e de Tracteur Agricole\",\"publisher\":{\"@id\":\"http:\\\/\\\/www.edel.fr\\\/en\\\/#organization\"},\"potentialAction\":[{\"@type\":\"SearchAction\",\"target\":{\"@type\":\"EntryPoint\",\"urlTemplate\":\"http:\\\/\\\/www.edel.fr\\\/en\\\/?s={search_term_string}\"},\"query-input\":{\"@type\":\"PropertyValueSpecification\",\"valueRequired\":true,\"valueName\":\"search_term_string\"}}],\"inLanguage\":\"en-US\"},{\"@type\":\"Organization\",\"@id\":\"http:\\\/\\\/www.edel.fr\\\/en\\\/#organization\",\"name\":\"Edel\",\"url\":\"http:\\\/\\\/www.edel.fr\\\/en\\\/\",\"logo\":{\"@type\":\"ImageObject\",\"inLanguage\":\"en-US\",\"@id\":\"http:\\\/\\\/www.edel.fr\\\/en\\\/#\\\/schema\\\/logo\\\/image\\\/\",\"url\":\"https:\\\/\\\/www.edel.fr\\\/uploads\\\/2018\\\/11\\\/logo-edel.png\",\"contentUrl\":\"https:\\\/\\\/www.edel.fr\\\/uploads\\\/2018\\\/11\\\/logo-edel.png\",\"width\":257,\"height\":68,\"caption\":\"Edel\"},\"image\":{\"@id\":\"http:\\\/\\\/www.edel.fr\\\/en\\\/#\\\/schema\\\/logo\\\/image\\\/\"}}]}<\/script>\n<!-- \/ Yoast SEO plugin. -->","yoast_head_json":{"title":"Alternateur - Deutz, Fendt, Manitou - 14 Volt \/ 95 Amp\u00e8re - Edel","description":"Alternateur - Deutz, Fendt, Manitou | 115 120 3700 390 4.57 450 4506 470 480 4807 485 490 495 5206 5207 6007 605 610 6206 6207 650 6806 710 7206 7207 7807","robots":{"index":"index","follow":"follow","max-snippet":"max-snippet:-1","max-image-preview":"max-image-preview:large","max-video-preview":"max-video-preview:-1"},"canonical":"http:\/\/www.edel.fr\/en\/product\/alternateur-deutzfendtmanitou-volt-ampere-14-95\/","og_locale":"en_US","og_type":"article","og_title":"Alternateur - Deutz, Fendt, Manitou - 14 Volt \/ 95 Amp\u00e8re - Edel","og_description":"Alternateur - Deutz, Fendt, Manitou | 115 120 3700 390 4.57 450 4506 470 480 4807 485 490 495 5206 5207 6007 605 610 6206 6207 650 6806 710 7206 7207 7807","og_url":"http:\/\/www.edel.fr\/en\/product\/alternateur-deutzfendtmanitou-volt-ampere-14-95\/","og_site_name":"Edel","article_modified_time":"2026-03-25T01:00:21+00:00","og_image":[{"width":1920,"height":1180,"url":"http:\/\/www.edel.fr\/uploads\/2019\/03\/A41.jpg","type":"image\/jpeg"}],"twitter_card":"summary_large_image","twitter_misc":{"Est. reading time":"1 minute"},"schema":{"@context":"https:\/\/schema.org","@graph":[{"@type":"WebPage","@id":"http:\/\/www.edel.fr\/en\/product\/alternateur-deutzfendtmanitou-volt-ampere-14-95\/","url":"http:\/\/www.edel.fr\/en\/product\/alternateur-deutzfendtmanitou-volt-ampere-14-95\/","name":"Alternateur - Deutz, Fendt, Manitou - 14 Volt \/ 95 Amp\u00e8re - Edel","isPartOf":{"@id":"http:\/\/www.edel.fr\/en\/#website"},"primaryImageOfPage":{"@id":"http:\/\/www.edel.fr\/en\/product\/alternateur-deutzfendtmanitou-volt-ampere-14-95\/#primaryimage"},"image":{"@id":"http:\/\/www.edel.fr\/en\/product\/alternateur-deutzfendtmanitou-volt-ampere-14-95\/#primaryimage"},"thumbnailUrl":"https:\/\/edel.fr\/uploads\/2019\/03\/A41.jpg","datePublished":"2019-03-11T08:24:17+00:00","dateModified":"2026-03-25T01:00:21+00:00","description":"Alternateur - Deutz, Fendt, Manitou | 115 120 3700 390 4.57 450 4506 470 480 4807 485 490 495 5206 5207 6007 605 610 6206 6207 650 6806 710 7206 7207 7807","breadcrumb":{"@id":"http:\/\/www.edel.fr\/en\/product\/alternateur-deutzfendtmanitou-volt-ampere-14-95\/#breadcrumb"},"inLanguage":"en-US","potentialAction":[{"@type":"ReadAction","target":["http:\/\/www.edel.fr\/en\/product\/alternateur-deutzfendtmanitou-volt-ampere-14-95\/"]}]},{"@type":"ImageObject","inLanguage":"en-US","@id":"http:\/\/www.edel.fr\/en\/product\/alternateur-deutzfendtmanitou-volt-ampere-14-95\/#primaryimage","url":"https:\/\/edel.fr\/uploads\/2019\/03\/A41.jpg","contentUrl":"https:\/\/edel.fr\/uploads\/2019\/03\/A41.jpg","width":1920,"height":1180,"caption":"Alternateur - Deutz, Fendt, Manitou - Volt\/Amp\u00e8re 14\/95 | 450 4506"},{"@type":"BreadcrumbList","@id":"http:\/\/www.edel.fr\/en\/product\/alternateur-deutzfendtmanitou-volt-ampere-14-95\/#breadcrumb","itemListElement":[{"@type":"ListItem","position":1,"name":"Pi\u00e8ce Tracteur","item":"http:\/\/www.edel.fr\/en\/"},{"@type":"ListItem","position":2,"name":"Toutes nos pi\u00e8ces Tracteur","item":"https:\/\/edel.fr\/shop\/"},{"@type":"ListItem","position":3,"name":"Alternateur &#8211; Deutz, Fendt, Manitou &#8211; 14 Volt \/ 95 Amp\u00e8re"}]},{"@type":"WebSite","@id":"http:\/\/www.edel.fr\/en\/#website","url":"http:\/\/www.edel.fr\/en\/","name":"Edel","description":"Pi\u00e8ce d\u00e9tach\u00e9e de Tracteur Agricole","publisher":{"@id":"http:\/\/www.edel.fr\/en\/#organization"},"potentialAction":[{"@type":"SearchAction","target":{"@type":"EntryPoint","urlTemplate":"http:\/\/www.edel.fr\/en\/?s={search_term_string}"},"query-input":{"@type":"PropertyValueSpecification","valueRequired":true,"valueName":"search_term_string"}}],"inLanguage":"en-US"},{"@type":"Organization","@id":"http:\/\/www.edel.fr\/en\/#organization","name":"Edel","url":"http:\/\/www.edel.fr\/en\/","logo":{"@type":"ImageObject","inLanguage":"en-US","@id":"http:\/\/www.edel.fr\/en\/#\/schema\/logo\/image\/","url":"https:\/\/www.edel.fr\/uploads\/2018\/11\/logo-edel.png","contentUrl":"https:\/\/www.edel.fr\/uploads\/2018\/11\/logo-edel.png","width":257,"height":68,"caption":"Edel"},"image":{"@id":"http:\/\/www.edel.fr\/en\/#\/schema\/logo\/image\/"}}]}},"_links":{"self":[{"href":"https:\/\/edel.fr\/en\/wp-json\/wp\/v2\/product\/5885","targetHints":{"allow":["GET"]}}],"collection":[{"href":"https:\/\/edel.fr\/en\/wp-json\/wp\/v2\/product"}],"about":[{"href":"https:\/\/edel.fr\/en\/wp-json\/wp\/v2\/types\/product"}],"version-history":[{"count":3,"href":"https:\/\/edel.fr\/en\/wp-json\/wp\/v2\/product\/5885\/revisions"}],"predecessor-version":[{"id":15160,"href":"https:\/\/edel.fr\/en\/wp-json\/wp\/v2\/product\/5885\/revisions\/15160"}],"wp:featuredmedia":[{"embeddable":true,"href":"https:\/\/edel.fr\/en\/wp-json\/wp\/v2\/media\/5622"}],"wp:attachment":[{"href":"https:\/\/edel.fr\/en\/wp-json\/wp\/v2\/media?parent=5885"}],"wp:term":[{"taxonomy":"product_brand","embeddable":true,"href":"https:\/\/edel.fr\/en\/wp-json\/wp\/v2\/product_brand?post=5885"},{"taxonomy":"product_cat","embeddable":true,"href":"https:\/\/edel.fr\/en\/wp-json\/wp\/v2\/product_cat?post=5885"},{"taxonomy":"product_tag","embeddable":true,"href":"https:\/\/edel.fr\/en\/wp-json\/wp\/v2\/product_tag?post=5885"},{"taxonomy":"tracteur","embeddable":true,"href":"https:\/\/edel.fr\/en\/wp-json\/wp\/v2\/tracteur?post=5885"}],"curies":[{"name":"wp","href":"https:\/\/api.w.org\/{rel}","templated":true}]}}