{"id":5898,"date":"2019-03-11T09:24:17","date_gmt":"2019-03-11T08:24:17","guid":{"rendered":"http:\/\/edel.stephanie.ct.webcd.lan\/shop\/demarreur-lsh-lamborghini-same-hurlimannsteyr-volt-kw-12-30-11-dentsvolt-kw-12-30-11-dents\/"},"modified":"2026-02-04T02:00:36","modified_gmt":"2026-02-04T01:00:36","slug":"demarreur-lsh-lamborghini-same-hurlimannsteyr-volt-kw-12-30-11-dents","status":"publish","type":"product","link":"https:\/\/edel.fr\/en\/product\/demarreur-lsh-lamborghini-same-hurlimannsteyr-volt-kw-12-30-11-dents\/","title":{"rendered":"D\u00e9marreur Lsh Lamborghini Same, Steyr &#8211; 12 Volt \/ 3,0Kw, 11 Dents"},"content":{"rendered":"<div data-elementor-type=\"wp-post\" data-elementor-id=\"5898\" class=\"elementor elementor-5898\">\n\t\t\t\t\t\t<section class=\"elementor-section elementor-top-section elementor-element elementor-element-678ab710 elementor-section-boxed elementor-section-height-default elementor-section-height-default\" data-id=\"678ab710\" data-element_type=\"section\" data-e-type=\"section\">\n\t\t\t\t\t\t<div class=\"elementor-container elementor-column-gap-default\">\n\t\t\t\t\t<div class=\"elementor-column elementor-col-100 elementor-top-column elementor-element elementor-element-6efbdc08\" data-id=\"6efbdc08\" data-element_type=\"column\" data-e-type=\"column\">\n\t\t\t<div class=\"elementor-widget-wrap elementor-element-populated\">\n\t\t\t\t\t\t<div class=\"elementor-element elementor-element-1e97af32 elementor-widget elementor-widget-heading\" data-id=\"1e97af32\" data-element_type=\"widget\" data-e-type=\"widget\" data-widget_type=\"heading.default\">\n\t\t\t\t<div class=\"elementor-widget-container\">\n\t\t\t\t\t<h2 class=\"elementor-heading-title elementor-size-default\">D\u00e9marreur Lsh Lamborghini Same H\u00fcrlimann, Steyr<\/h2>\t\t\t\t<\/div>\n\t\t\t\t<\/div>\n\t\t\t\t<div class=\"elementor-element elementor-element-53990189 elementor-widget elementor-widget-heading\" data-id=\"53990189\" data-element_type=\"widget\" data-e-type=\"widget\" data-widget_type=\"heading.default\">\n\t\t\t\t<div class=\"elementor-widget-container\">\n\t\t\t\t\t<h3 class=\"elementor-heading-title elementor-size-default\">Information du produit :<\/h3>\t\t\t\t<\/div>\n\t\t\t\t<\/div>\n\t\t\t\t\t<\/div>\n\t\t<\/div>\n\t\t\t\t\t<\/div>\n\t\t<\/section>\n\t\t\t\t<section class=\"elementor-section elementor-top-section elementor-element elementor-element-4aeb8489 elementor-section-boxed elementor-section-height-default elementor-section-height-default\" data-id=\"4aeb8489\" data-element_type=\"section\" data-e-type=\"section\">\n\t\t\t\t\t\t<div class=\"elementor-container elementor-column-gap-default\">\n\t\t\t\t\t<div class=\"elementor-column elementor-col-100 elementor-top-column elementor-element elementor-element-3f9c2e49\" data-id=\"3f9c2e49\" data-element_type=\"column\" data-e-type=\"column\">\n\t\t\t<div class=\"elementor-widget-wrap elementor-element-populated\">\n\t\t\t\t\t\t<div class=\"elementor-element elementor-element-7faa5394 elementor-widget elementor-widget-text-editor\" data-id=\"7faa5394\" data-element_type=\"widget\" data-e-type=\"widget\" data-widget_type=\"text-editor.default\">\n\t\t\t\t<div class=\"elementor-widget-container\">\n\t\t\t\t\t\t\t\t\t<p><strong>12 Volt \/ 3,0 Kw, 11 Dents<\/strong><\/p><p>Le d\u00e9marreur de votre tracteur est indispensable, le tracteur ne pourra pas d\u00e9marrer correctement si le d\u00e9marreur n&rsquo;est pas fonctionnel. Il se pr\u00e9sente sous la forme d\u2019un petit moteur \u00e9lectrique, rattach\u00e9 au volant moteur. Il est directement aliment\u00e9 par la batterie et il a pour r\u00f4le de mettre en marche le moteur\u00a0de votre tracteur.<\/p><p>Pour trouver le bon <strong>d\u00e9marreur tracteur<\/strong> qui s\u2019adaptera au mieux \u00e0 votre engin agricole, il est \u00e9galement pr\u00e9f\u00e9rable de se r\u00e9f\u00e9rer \u00e0 sa r\u00e9f\u00e9rence d\u2019origine. Elle est en g\u00e9n\u00e9ral inscrite sur le d\u00e9marreur. Sans cette r\u00e9f\u00e9rence, il faudra vous appuyer sur la marque et le mod\u00e8le de votre <strong>tracteur agricole.<\/strong><\/p><p>Avant le d\u00e9montage de votre d\u00e9marreur, nous vous conseillons d&rsquo;abord de d\u00e9brancher votre batterie. Mais aussi de rep\u00e9rer les diff\u00e9rents branchements d\u2019alimentation du d\u00e9marreur.<\/p><p>Pour choisir son <strong>d\u00e9marreur de tracteur<\/strong>, il faut choisir entre les d\u00e9marreurs classiques ou les <strong>d\u00e9marreurs avec r\u00e9ducteur droit ou d\u00e9cal\u00e9.<\/strong><\/p><p>Il est possible de changer le d\u00e9marreur classique par un <strong>d\u00e9marreur avec r\u00e9ducteur.<\/strong> Par exemple, sur un <strong>tracteur ancien<\/strong>, cela lui simplifiera consid\u00e9rablement son d\u00e9marrage.<\/p><p>C\u2019est pourquoi nous vous proposons une pi\u00e8ce de marque\u00a0<a href=\"https:\/\/edel.fr\/en\/constructeur\/mahle\/\">Mahle<\/a>\u00a0\/\u00a0<a href=\"https:\/\/edel.fr\/en\/constructeur\/letrika\/\">Letrika<\/a>\u00a0reconnue pour sa fiabilit\u00e9.<\/p><p>D\u00e9marreur Lsh Lamborghini Same H\u00fcrlimann, Steyr : 1054, 1055, 1056, 1256, 1506, 1556, 650, 654, 658, 674 70, 754, 760, 768, 774 70, 854, 955, 985, Explorer 80 3, Solar60.<\/p><p><strong>R\u00e9f\u00e9rences constructeur\u00a0<\/strong><\/p><p>AGCO : C000900060020<\/p><p>BOSCH : 0001358003, 0001358020, 0001358051, 0001359004, 0001359108, 0001367013, 0986012710.<\/p><p>CLAAS : 6005706616<\/p><p>CNH \/ FIAT AGRI : 140800090010<\/p><p>EFEL : 11750<\/p><p>HELLA : 8EA 726 083-001, 8EA 737 245-001, CS 335, CS 996.<\/p><p>LESTER : 17113, 17326.<\/p><p>LUCAS : LRS00932<\/p><p>MAGNETI MARELLI : 632 168 76, MSN 614, MT 68 PA.<\/p><p>SAME (DEUTZ- FAHR GROUP) : 2 9619 180 0<\/p><p>SPAREX : 359830<\/p><p>STEYR : 408 00 09 0010<\/p><p>Edel vous propose \u00e9galement une large gamme de d\u00e9marreur pour des applications sp\u00e9cifiques, et de diff\u00e9rentes marques.<\/p><p>Donc, pour plus de renseignements, n\u2019h\u00e9sitez pas \u00e0 nous consulter !<\/p>\t\t\t\t\t\t\t\t<\/div>\n\t\t\t\t<\/div>\n\t\t\t\t\t<\/div>\n\t\t<\/div>\n\t\t\t\t\t<\/div>\n\t\t<\/section>\n\t\t\t\t<\/div>","protected":false},"excerpt":{"rendered":"<p>D\u00e9marreur Lsh Lamborghini Same H\u00fcrlimann, Steyr Information du produit : 12 Volt \/ 3,0 Kw, 11 Dents Le d\u00e9marreur de votre tracteur est indispensable, le tracteur ne pourra pas d\u00e9marrer correctement si le d\u00e9marreur n&rsquo;est pas fonctionnel. Il se pr\u00e9sente sous la forme d\u2019un petit moteur \u00e9lectrique, rattach\u00e9 au volant moteur. Il est directement aliment\u00e9<br \/><a class=\"more-link\" href=\"https:\/\/edel.fr\/en\/product\/demarreur-lsh-lamborghini-same-hurlimannsteyr-volt-kw-12-30-11-dents\/\"><br \/>\n        Read More<span class=\"screen-reader-text\"> \u00ab\u00a0D\u00e9marreur Lsh Lamborghini Same, Steyr &#8211; 12 Volt \/ 3,0Kw, 11 Dents\u00a0\u00bb<\/span><\/a><\/p>","protected":false},"featured_media":5633,"template":"","meta":[],"product_brand":[],"product_cat":[4004,4012,165,154,119],"product_tag":[2460,180],"tracteur":[],"class_list":{"0":"post-5898","1":"product","2":"type-product","3":"status-publish","4":"has-post-thumbnail","6":"product_cat-demarreur-lamborghini-same","7":"product_cat-demarreur-steyr","8":"product_cat-demarreurs","9":"product_cat-electricite","10":"product_cat-tracteurs-agricoles","11":"product_tag-demarreurs","12":"product_tag-electricite","13":"product_shipping_class-142","14":"pa_fabriquant-mahle","15":"pa_marque-tracteur-lsh","16":"pa_marque-tracteur-steyr","17":"pa_modele-tracteur-antares","18":"pa_modele-tracteur-buffalo","19":"pa_modele-tracteur-centurion","20":"pa_modele-tracteur-condor","21":"pa_modele-tracteur-corsaro","22":"pa_modele-tracteur-drago","23":"pa_modele-tracteur-explorer","24":"pa_modele-tracteur-falcon","25":"pa_modele-tracteur-hercules","26":"pa_modele-tracteur-jaguar","27":"pa_modele-tracteur-laser","28":"pa_modele-tracteur-leopard","29":"pa_modele-tracteur-panter","30":"pa_modele-tracteur-silver-v","31":"pa_modele-tracteur-solar","32":"pa_modele-tracteur-tiger","33":"pa_modele-tracteur-titan","34":"pa_type-2-1923","35":"pa_type-2-1267","36":"pa_type-2-1163","37":"pa_type-2-1924","38":"pa_type-2-1280","39":"pa_type-2-1925","40":"pa_type-2-1586","41":"pa_type-2-1157","42":"pa_type-2-1929","43":"pa_type-2-674-70","44":"pa_type-2-1161","45":"pa_type-2-1930","46":"pa_type-2-1931","47":"pa_type-2-774-70","48":"pa_type-2-1921","49":"pa_type-2-1173","50":"pa_type-2-1922","51":"pa_type-2-explorer-80-3","52":"pa_type-2-solar60","53":"badges-style-2","55":"first","56":"instock","57":"taxable","58":"shipping-taxable","59":"purchasable","60":"product-type-simple"},"acf":[],"yoast_head":"<!-- This site is optimized with the Yoast SEO plugin v27.3 - https:\/\/yoast.com\/product\/yoast-seo-wordpress\/ -->\n<title>D\u00e9marreur Lsh Lamborghini Same, Steyr - 12 Volt \/ 3,0Kw, 11 Dents - Edel<\/title>\n<meta name=\"description\" content=\"D\u00e9marreur Lsh Lamborghini Same H\u00fcrlimann, Steyr - 12 Volt \/ 3,0 Kw, 11 Dents - 1054 1055 1056 1256 1506 1556 650 654 658 754 760 768 854 955 985 Solar60\" \/>\n<meta name=\"robots\" content=\"index, follow, max-snippet:-1, max-image-preview:large, max-video-preview:-1\" \/>\n<link rel=\"canonical\" href=\"http:\/\/edel.fr\/en\/product\/demarreur-lsh-lamborghini-same-hurlimannsteyr-volt-kw-12-30-11-dents\/\" \/>\n<meta property=\"og:locale\" content=\"en_US\" \/>\n<meta property=\"og:type\" content=\"article\" \/>\n<meta property=\"og:title\" content=\"D\u00e9marreur Lsh Lamborghini Same, Steyr - 12 Volt \/ 3,0Kw, 11 Dents - Edel\" \/>\n<meta property=\"og:description\" content=\"D\u00e9marreur Lsh Lamborghini Same H\u00fcrlimann, Steyr - 12 Volt \/ 3,0 Kw, 11 Dents - 1054 1055 1056 1256 1506 1556 650 654 658 754 760 768 854 955 985 Solar60\" \/>\n<meta property=\"og:url\" content=\"http:\/\/edel.fr\/en\/product\/demarreur-lsh-lamborghini-same-hurlimannsteyr-volt-kw-12-30-11-dents\/\" \/>\n<meta property=\"og:site_name\" content=\"Edel\" \/>\n<meta property=\"article:modified_time\" content=\"2026-02-04T01:00:36+00:00\" \/>\n<meta property=\"og:image\" content=\"http:\/\/edel.fr\/uploads\/2019\/03\/D3.jpg\" \/>\n\t<meta property=\"og:image:width\" content=\"1920\" \/>\n\t<meta property=\"og:image:height\" content=\"1280\" \/>\n\t<meta property=\"og:image:type\" content=\"image\/jpeg\" \/>\n<meta name=\"twitter:card\" content=\"summary_large_image\" \/>\n<meta name=\"twitter:label1\" content=\"Est. reading time\" \/>\n\t<meta name=\"twitter:data1\" content=\"2 minutes\" \/>\n<script type=\"application\/ld+json\" class=\"yoast-schema-graph\">{\"@context\":\"https:\\\/\\\/schema.org\",\"@graph\":[{\"@type\":\"WebPage\",\"@id\":\"http:\\\/\\\/edel.fr\\\/produit\\\/demarreur-lsh-lamborghini-same-hurlimannsteyr-volt-kw-12-30-11-dents\\\/\",\"url\":\"http:\\\/\\\/edel.fr\\\/produit\\\/demarreur-lsh-lamborghini-same-hurlimannsteyr-volt-kw-12-30-11-dents\\\/\",\"name\":\"D\u00e9marreur Lsh Lamborghini Same, Steyr - 12 Volt \\\/ 3,0Kw, 11 Dents - Edel\",\"isPartOf\":{\"@id\":\"https:\\\/\\\/www.edel.fr\\\/en\\\/#website\"},\"primaryImageOfPage\":{\"@id\":\"http:\\\/\\\/edel.fr\\\/produit\\\/demarreur-lsh-lamborghini-same-hurlimannsteyr-volt-kw-12-30-11-dents\\\/#primaryimage\"},\"image\":{\"@id\":\"http:\\\/\\\/edel.fr\\\/produit\\\/demarreur-lsh-lamborghini-same-hurlimannsteyr-volt-kw-12-30-11-dents\\\/#primaryimage\"},\"thumbnailUrl\":\"https:\\\/\\\/edel.fr\\\/uploads\\\/2019\\\/03\\\/D3.jpg\",\"datePublished\":\"2019-03-11T08:24:17+00:00\",\"dateModified\":\"2026-02-04T01:00:36+00:00\",\"description\":\"D\u00e9marreur Lsh Lamborghini Same H\u00fcrlimann, Steyr - 12 Volt \\\/ 3,0 Kw, 11 Dents - 1054 1055 1056 1256 1506 1556 650 654 658 754 760 768 854 955 985 Solar60\",\"breadcrumb\":{\"@id\":\"http:\\\/\\\/edel.fr\\\/produit\\\/demarreur-lsh-lamborghini-same-hurlimannsteyr-volt-kw-12-30-11-dents\\\/#breadcrumb\"},\"inLanguage\":\"en-US\",\"potentialAction\":[{\"@type\":\"ReadAction\",\"target\":[\"http:\\\/\\\/edel.fr\\\/produit\\\/demarreur-lsh-lamborghini-same-hurlimannsteyr-volt-kw-12-30-11-dents\\\/\"]}]},{\"@type\":\"ImageObject\",\"inLanguage\":\"en-US\",\"@id\":\"http:\\\/\\\/edel.fr\\\/produit\\\/demarreur-lsh-lamborghini-same-hurlimannsteyr-volt-kw-12-30-11-dents\\\/#primaryimage\",\"url\":\"https:\\\/\\\/edel.fr\\\/uploads\\\/2019\\\/03\\\/D3.jpg\",\"contentUrl\":\"https:\\\/\\\/edel.fr\\\/uploads\\\/2019\\\/03\\\/D3.jpg\",\"width\":1920,\"height\":1280,\"caption\":\"D\u00e9marreur Lsh Lamborghini Same, Steyr - 12 Volt \\\/ 3,0Kw, 11 Dents\"},{\"@type\":\"BreadcrumbList\",\"@id\":\"http:\\\/\\\/edel.fr\\\/produit\\\/demarreur-lsh-lamborghini-same-hurlimannsteyr-volt-kw-12-30-11-dents\\\/#breadcrumb\",\"itemListElement\":[{\"@type\":\"ListItem\",\"position\":1,\"name\":\"Pi\u00e8ce Tracteur\",\"item\":\"https:\\\/\\\/www.edel.fr\\\/en\\\/\"},{\"@type\":\"ListItem\",\"position\":2,\"name\":\"Toutes nos pi\u00e8ces Tracteur\",\"item\":\"https:\\\/\\\/edel.fr\\\/shop\\\/\"},{\"@type\":\"ListItem\",\"position\":3,\"name\":\"D\u00e9marreur Lsh Lamborghini Same, Steyr &#8211; 12 Volt \\\/ 3,0Kw, 11 Dents\"}]},{\"@type\":\"WebSite\",\"@id\":\"https:\\\/\\\/www.edel.fr\\\/en\\\/#website\",\"url\":\"https:\\\/\\\/www.edel.fr\\\/en\\\/\",\"name\":\"Edel\",\"description\":\"Pi\u00e8ce d\u00e9tach\u00e9e de Tracteur Agricole\",\"publisher\":{\"@id\":\"https:\\\/\\\/www.edel.fr\\\/en\\\/#organization\"},\"potentialAction\":[{\"@type\":\"SearchAction\",\"target\":{\"@type\":\"EntryPoint\",\"urlTemplate\":\"https:\\\/\\\/www.edel.fr\\\/en\\\/?s={search_term_string}\"},\"query-input\":{\"@type\":\"PropertyValueSpecification\",\"valueRequired\":true,\"valueName\":\"search_term_string\"}}],\"inLanguage\":\"en-US\"},{\"@type\":\"Organization\",\"@id\":\"https:\\\/\\\/www.edel.fr\\\/en\\\/#organization\",\"name\":\"Edel\",\"url\":\"https:\\\/\\\/www.edel.fr\\\/en\\\/\",\"logo\":{\"@type\":\"ImageObject\",\"inLanguage\":\"en-US\",\"@id\":\"https:\\\/\\\/www.edel.fr\\\/en\\\/#\\\/schema\\\/logo\\\/image\\\/\",\"url\":\"https:\\\/\\\/www.edel.fr\\\/uploads\\\/2018\\\/11\\\/logo-edel.png\",\"contentUrl\":\"https:\\\/\\\/www.edel.fr\\\/uploads\\\/2018\\\/11\\\/logo-edel.png\",\"width\":257,\"height\":68,\"caption\":\"Edel\"},\"image\":{\"@id\":\"https:\\\/\\\/www.edel.fr\\\/en\\\/#\\\/schema\\\/logo\\\/image\\\/\"}}]}<\/script>\n<!-- \/ Yoast SEO plugin. -->","yoast_head_json":{"title":"D\u00e9marreur Lsh Lamborghini Same, Steyr - 12 Volt \/ 3,0Kw, 11 Dents - Edel","description":"D\u00e9marreur Lsh Lamborghini Same H\u00fcrlimann, Steyr - 12 Volt \/ 3,0 Kw, 11 Dents - 1054 1055 1056 1256 1506 1556 650 654 658 754 760 768 854 955 985 Solar60","robots":{"index":"index","follow":"follow","max-snippet":"max-snippet:-1","max-image-preview":"max-image-preview:large","max-video-preview":"max-video-preview:-1"},"canonical":"http:\/\/edel.fr\/en\/product\/demarreur-lsh-lamborghini-same-hurlimannsteyr-volt-kw-12-30-11-dents\/","og_locale":"en_US","og_type":"article","og_title":"D\u00e9marreur Lsh Lamborghini Same, Steyr - 12 Volt \/ 3,0Kw, 11 Dents - Edel","og_description":"D\u00e9marreur Lsh Lamborghini Same H\u00fcrlimann, Steyr - 12 Volt \/ 3,0 Kw, 11 Dents - 1054 1055 1056 1256 1506 1556 650 654 658 754 760 768 854 955 985 Solar60","og_url":"http:\/\/edel.fr\/en\/product\/demarreur-lsh-lamborghini-same-hurlimannsteyr-volt-kw-12-30-11-dents\/","og_site_name":"Edel","article_modified_time":"2026-02-04T01:00:36+00:00","og_image":[{"width":1920,"height":1280,"url":"http:\/\/edel.fr\/uploads\/2019\/03\/D3.jpg","type":"image\/jpeg"}],"twitter_card":"summary_large_image","twitter_misc":{"Est. reading time":"2 minutes"},"schema":{"@context":"https:\/\/schema.org","@graph":[{"@type":"WebPage","@id":"http:\/\/edel.fr\/produit\/demarreur-lsh-lamborghini-same-hurlimannsteyr-volt-kw-12-30-11-dents\/","url":"http:\/\/edel.fr\/produit\/demarreur-lsh-lamborghini-same-hurlimannsteyr-volt-kw-12-30-11-dents\/","name":"D\u00e9marreur Lsh Lamborghini Same, Steyr - 12 Volt \/ 3,0Kw, 11 Dents - Edel","isPartOf":{"@id":"https:\/\/www.edel.fr\/en\/#website"},"primaryImageOfPage":{"@id":"http:\/\/edel.fr\/produit\/demarreur-lsh-lamborghini-same-hurlimannsteyr-volt-kw-12-30-11-dents\/#primaryimage"},"image":{"@id":"http:\/\/edel.fr\/produit\/demarreur-lsh-lamborghini-same-hurlimannsteyr-volt-kw-12-30-11-dents\/#primaryimage"},"thumbnailUrl":"https:\/\/edel.fr\/uploads\/2019\/03\/D3.jpg","datePublished":"2019-03-11T08:24:17+00:00","dateModified":"2026-02-04T01:00:36+00:00","description":"D\u00e9marreur Lsh Lamborghini Same H\u00fcrlimann, Steyr - 12 Volt \/ 3,0 Kw, 11 Dents - 1054 1055 1056 1256 1506 1556 650 654 658 754 760 768 854 955 985 Solar60","breadcrumb":{"@id":"http:\/\/edel.fr\/produit\/demarreur-lsh-lamborghini-same-hurlimannsteyr-volt-kw-12-30-11-dents\/#breadcrumb"},"inLanguage":"en-US","potentialAction":[{"@type":"ReadAction","target":["http:\/\/edel.fr\/produit\/demarreur-lsh-lamborghini-same-hurlimannsteyr-volt-kw-12-30-11-dents\/"]}]},{"@type":"ImageObject","inLanguage":"en-US","@id":"http:\/\/edel.fr\/produit\/demarreur-lsh-lamborghini-same-hurlimannsteyr-volt-kw-12-30-11-dents\/#primaryimage","url":"https:\/\/edel.fr\/uploads\/2019\/03\/D3.jpg","contentUrl":"https:\/\/edel.fr\/uploads\/2019\/03\/D3.jpg","width":1920,"height":1280,"caption":"D\u00e9marreur Lsh Lamborghini Same, Steyr - 12 Volt \/ 3,0Kw, 11 Dents"},{"@type":"BreadcrumbList","@id":"http:\/\/edel.fr\/produit\/demarreur-lsh-lamborghini-same-hurlimannsteyr-volt-kw-12-30-11-dents\/#breadcrumb","itemListElement":[{"@type":"ListItem","position":1,"name":"Pi\u00e8ce Tracteur","item":"https:\/\/www.edel.fr\/en\/"},{"@type":"ListItem","position":2,"name":"Toutes nos pi\u00e8ces Tracteur","item":"https:\/\/edel.fr\/shop\/"},{"@type":"ListItem","position":3,"name":"D\u00e9marreur Lsh Lamborghini Same, Steyr &#8211; 12 Volt \/ 3,0Kw, 11 Dents"}]},{"@type":"WebSite","@id":"https:\/\/www.edel.fr\/en\/#website","url":"https:\/\/www.edel.fr\/en\/","name":"Edel","description":"Pi\u00e8ce d\u00e9tach\u00e9e de Tracteur Agricole","publisher":{"@id":"https:\/\/www.edel.fr\/en\/#organization"},"potentialAction":[{"@type":"SearchAction","target":{"@type":"EntryPoint","urlTemplate":"https:\/\/www.edel.fr\/en\/?s={search_term_string}"},"query-input":{"@type":"PropertyValueSpecification","valueRequired":true,"valueName":"search_term_string"}}],"inLanguage":"en-US"},{"@type":"Organization","@id":"https:\/\/www.edel.fr\/en\/#organization","name":"Edel","url":"https:\/\/www.edel.fr\/en\/","logo":{"@type":"ImageObject","inLanguage":"en-US","@id":"https:\/\/www.edel.fr\/en\/#\/schema\/logo\/image\/","url":"https:\/\/www.edel.fr\/uploads\/2018\/11\/logo-edel.png","contentUrl":"https:\/\/www.edel.fr\/uploads\/2018\/11\/logo-edel.png","width":257,"height":68,"caption":"Edel"},"image":{"@id":"https:\/\/www.edel.fr\/en\/#\/schema\/logo\/image\/"}}]}},"_links":{"self":[{"href":"https:\/\/edel.fr\/en\/wp-json\/wp\/v2\/product\/5898","targetHints":{"allow":["GET"]}}],"collection":[{"href":"https:\/\/edel.fr\/en\/wp-json\/wp\/v2\/product"}],"about":[{"href":"https:\/\/edel.fr\/en\/wp-json\/wp\/v2\/types\/product"}],"version-history":[{"count":2,"href":"https:\/\/edel.fr\/en\/wp-json\/wp\/v2\/product\/5898\/revisions"}],"predecessor-version":[{"id":15118,"href":"https:\/\/edel.fr\/en\/wp-json\/wp\/v2\/product\/5898\/revisions\/15118"}],"wp:featuredmedia":[{"embeddable":true,"href":"https:\/\/edel.fr\/en\/wp-json\/wp\/v2\/media\/5633"}],"wp:attachment":[{"href":"https:\/\/edel.fr\/en\/wp-json\/wp\/v2\/media?parent=5898"}],"wp:term":[{"taxonomy":"product_brand","embeddable":true,"href":"https:\/\/edel.fr\/en\/wp-json\/wp\/v2\/product_brand?post=5898"},{"taxonomy":"product_cat","embeddable":true,"href":"https:\/\/edel.fr\/en\/wp-json\/wp\/v2\/product_cat?post=5898"},{"taxonomy":"product_tag","embeddable":true,"href":"https:\/\/edel.fr\/en\/wp-json\/wp\/v2\/product_tag?post=5898"},{"taxonomy":"tracteur","embeddable":true,"href":"https:\/\/edel.fr\/en\/wp-json\/wp\/v2\/tracteur?post=5898"}],"curies":[{"name":"wp","href":"https:\/\/api.w.org\/{rel}","templated":true}]}}