{"id":5902,"date":"2019-03-11T09:24:24","date_gmt":"2019-03-11T08:24:24","guid":{"rendered":"http:\/\/edel.stephanie.ct.webcd.lan\/shop\/demarreur-case-ihfiat-new-holland-12-30-moteur-ivecovolt-kw-12-30-moteur-iveco\/"},"modified":"2026-03-24T02:00:34","modified_gmt":"2026-03-24T01:00:34","slug":"demarreur-case-ihfiat-new-holland-12-30-moteur-ivecovolt-kw-12-3","status":"publish","type":"product","link":"https:\/\/edel.fr\/en\/product\/demarreur-case-ihfiat-new-holland-12-30-moteur-ivecovolt-kw-12-3\/","title":{"rendered":"D\u00e9marreur Case Ih, Fiat New Holland &#8211; 12 Volt \/3,0Kw, Moteur Iveco"},"content":{"rendered":"<div data-elementor-type=\"wp-post\" data-elementor-id=\"5902\" class=\"elementor elementor-5902\">\n\t\t\t\t\t\t<section class=\"elementor-section elementor-top-section elementor-element elementor-element-3f072fc0 elementor-section-boxed elementor-section-height-default elementor-section-height-default\" data-id=\"3f072fc0\" data-element_type=\"section\" data-e-type=\"section\">\n\t\t\t\t\t\t<div class=\"elementor-container elementor-column-gap-default\">\n\t\t\t\t\t<div class=\"elementor-column elementor-col-100 elementor-top-column elementor-element elementor-element-12beacc\" data-id=\"12beacc\" data-element_type=\"column\" data-e-type=\"column\">\n\t\t\t<div class=\"elementor-widget-wrap elementor-element-populated\">\n\t\t\t\t\t\t<div class=\"elementor-element elementor-element-1cb644c4 elementor-widget elementor-widget-heading\" data-id=\"1cb644c4\" data-element_type=\"widget\" data-e-type=\"widget\" data-widget_type=\"heading.default\">\n\t\t\t\t<div class=\"elementor-widget-container\">\n\t\t\t\t\t<h2 class=\"elementor-heading-title elementor-size-default\">D\u00e9marreur Case Ih, Fiat New Holland<\/h2>\t\t\t\t<\/div>\n\t\t\t\t<\/div>\n\t\t\t\t<div class=\"elementor-element elementor-element-a2d753f elementor-widget elementor-widget-heading\" data-id=\"a2d753f\" data-element_type=\"widget\" data-e-type=\"widget\" data-widget_type=\"heading.default\">\n\t\t\t\t<div class=\"elementor-widget-container\">\n\t\t\t\t\t<h3 class=\"elementor-heading-title elementor-size-default\">Information du produit :<\/h3>\t\t\t\t<\/div>\n\t\t\t\t<\/div>\n\t\t\t\t\t<\/div>\n\t\t<\/div>\n\t\t\t\t\t<\/div>\n\t\t<\/section>\n\t\t\t\t<section class=\"elementor-section elementor-top-section elementor-element elementor-element-61c96f65 elementor-section-boxed elementor-section-height-default elementor-section-height-default\" data-id=\"61c96f65\" data-element_type=\"section\" data-e-type=\"section\">\n\t\t\t\t\t\t<div class=\"elementor-container elementor-column-gap-default\">\n\t\t\t\t\t<div class=\"elementor-column elementor-col-100 elementor-top-column elementor-element elementor-element-38b6c989\" data-id=\"38b6c989\" data-element_type=\"column\" data-e-type=\"column\">\n\t\t\t<div class=\"elementor-widget-wrap elementor-element-populated\">\n\t\t\t\t\t\t<div class=\"elementor-element elementor-element-7a38ee25 elementor-widget elementor-widget-text-editor\" data-id=\"7a38ee25\" data-element_type=\"widget\" data-e-type=\"widget\" data-widget_type=\"text-editor.default\">\n\t\t\t\t<div class=\"elementor-widget-container\">\n\t\t\t\t\t\t\t\t\t<p><strong>12 Volt \/ 3,0 Kw, Moteur Iveco<\/strong><\/p><p>Le d\u00e9marreur de votre tracteur est indispensable, le tracteur ne pourra pas d\u00e9marrer correctement si le d\u00e9marreur n&rsquo;est pas fonctionnel. Il se pr\u00e9sente sous la forme d\u2019un petit moteur \u00e9lectrique, rattach\u00e9 au volant moteur. Il est directement aliment\u00e9 par la batterie et il a pour r\u00f4le de mettre en marche le moteur\u00a0de votre tracteur.<\/p><p>Pour trouver le bon <strong>d\u00e9marreur tracteur<\/strong> qui s\u2019adaptera au mieux \u00e0 votre engin agricole, il est \u00e9galement pr\u00e9f\u00e9rable de se r\u00e9f\u00e9rer \u00e0 sa r\u00e9f\u00e9rence d\u2019origine. Elle est en g\u00e9n\u00e9ral inscrite sur le d\u00e9marreur. Sans cette r\u00e9f\u00e9rence, il faudra vous appuyer sur la marque et le mod\u00e8le de votre <strong>tracteur agricole.<\/strong><\/p><p>Avant le d\u00e9montage de votre d\u00e9marreur, nous vous conseillons d&rsquo;abord de d\u00e9brancher votre batterie. Mais aussi de rep\u00e9rer les diff\u00e9rents branchements d\u2019alimentation du d\u00e9marreur.<\/p><p>Pour choisir son <strong>d\u00e9marreur de tracteur<\/strong>, il faut choisir entre les d\u00e9marreurs classiques ou les <strong>d\u00e9marreurs avec r\u00e9ducteur droit ou d\u00e9cal\u00e9.<\/strong><\/p><p>Il est possible de changer le d\u00e9marreur classique par un <strong>d\u00e9marreur avec r\u00e9ducteur.<\/strong> Par exemple, sur un <strong>tracteur ancien<\/strong>, cela lui simplifiera consid\u00e9rablement son d\u00e9marrage.<\/p><p>C\u2019est pourquoi nous vous proposons une pi\u00e8ce de marque\u00a0<a href=\"https:\/\/edel.fr\/en\/constructeur\/mahle\/\">Mahle<\/a>\u00a0\/\u00a0<a href=\"https:\/\/edel.fr\/en\/constructeur\/letrika\/\">Letrika<\/a>\u00a0reconnue pour sa fiabilit\u00e9.<\/p><p>D\u00e9marreur Case Ih, Fiat New Holland : 1000, 1300, 1380, 446DT, 55.66, 60.66, 640, 65.66, 65.94, 66.35, 66.90, 666, 680, 70;86, 70.66, 70.75, 766, 780, 80.76, 88\/93, 880.5, 900, 980, JXU 80, L65, L85, L85NH, L95, NH4835, TL85, TL90, TN95.<\/p><p><strong>R\u00e9f\u00e9rences constructeur\u00a0<\/strong><\/p><p>AGCO : C000900060050<\/p><p>BOSCH : 0001359021, 0001359102, 0001367028, 0001367082, 0986011220, 0986011221, SR 914 X.<\/p><p>CLAAS : 6005706621<\/p><p>CNH \/ FIAT AGRI : 87376493<\/p><p>EFEL : 11370<\/p><p>FIAT : 2022506, 4699705, 4737755, 4755109, 4807375, 88205006, 9972215.<\/p><p>FIAT NEW HOLLAND : 4169093, 4692478, 4702248, 4832942.<\/p><p>HELLA : 8EA 726 032-001, CS 240.<\/p><p>IVECO : 500333271, 504059251.<\/p><p>LANCIA : 2022507, 4699705, 88205006.<\/p><p>LESTER : 17111, 18029.<\/p><p>LUCAS : LRS00847<\/p><p>MAGNETI MARELLI : 303 803 01, 632 138 15, 632 168 25, 632 168 26, 632 168 27, 632 968 65, MSN 219, MT 38 QA, MT 38 TB, MT 68 A, MT 68 AA, MT 68 AB, MT 68 AC, MT 68 AD.<\/p><p>PRESTOLITE : 20500847<\/p><p>SPAREX : 35971<\/p><p>VALEO : 436 073, 458 297.<\/p><p>WILSON : 91-15-7010<\/p><p>Edel vous propose \u00e9galement une large gamme de d\u00e9marreur pour des applications sp\u00e9cifiques, et de diff\u00e9rentes marques.<\/p><p>Donc, pour plus de renseignements, n\u2019h\u00e9sitez pas \u00e0 nous consulter !<\/p>\t\t\t\t\t\t\t\t<\/div>\n\t\t\t\t<\/div>\n\t\t\t\t\t<\/div>\n\t\t<\/div>\n\t\t\t\t\t<\/div>\n\t\t<\/section>\n\t\t\t\t<\/div>","protected":false},"excerpt":{"rendered":"<p>D\u00e9marreur Case Ih, Fiat New Holland Information du produit : 12 Volt \/ 3,0 Kw, Moteur Iveco Le d\u00e9marreur de votre tracteur est indispensable, le tracteur ne pourra pas d\u00e9marrer correctement si le d\u00e9marreur n&rsquo;est pas fonctionnel. Il se pr\u00e9sente sous la forme d\u2019un petit moteur \u00e9lectrique, rattach\u00e9 au volant moteur. Il est directement aliment\u00e9<br \/><a class=\"more-link\" href=\"https:\/\/edel.fr\/en\/product\/demarreur-case-ihfiat-new-holland-12-30-moteur-ivecovolt-kw-12-3\/\"><br \/>\n        Read More<span class=\"screen-reader-text\"> \u00ab\u00a0D\u00e9marreur Case Ih, Fiat New Holland &#8211; 12 Volt \/3,0Kw, Moteur Iveco\u00a0\u00bb<\/span><\/a><\/p>","protected":false},"featured_media":5637,"template":"","meta":[],"product_brand":[],"product_cat":[3994,3998,165,154,119],"product_tag":[2460,180],"tracteur":[],"class_list":{"0":"post-5902","1":"product","2":"type-product","3":"status-publish","4":"has-post-thumbnail","6":"product_cat-demarreur-case-ih","7":"product_cat-demarreur-fiat-new-holland","8":"product_cat-demarreurs","9":"product_cat-electricite","10":"product_cat-tracteurs-agricoles","11":"product_tag-demarreurs","12":"product_tag-electricite","13":"product_shipping_class-142","14":"pa_fabriquant-mahle","15":"pa_marque-tracteur-case-ih","16":"pa_marque-tracteur-fiat-new-holland","17":"pa_modele-tracteur-jxu","18":"pa_modele-tracteur-laverda","19":"pa_modele-tracteur-moissonneuse-batteuse","20":"pa_type-2-1150","21":"pa_type-2-1957","22":"pa_type-2-1177","23":"pa_type-2-446dt","24":"pa_type-2-55-66","25":"pa_type-2-60-66","26":"pa_type-2-1147","27":"pa_type-2-65-66","28":"pa_type-2-65-94","29":"pa_type-2-66-35","30":"pa_type-2-66-90","31":"pa_type-2-1624","32":"pa_type-2-1169","33":"pa_type-2-1962","34":"pa_type-2-70-66","35":"pa_type-2-70-75","36":"pa_type-2-1625","37":"pa_type-2-1170","38":"pa_type-2-80-76","39":"pa_type-2-88-93","40":"pa_type-2-880-5","41":"pa_type-2-1745","42":"pa_type-2-1174","43":"pa_type-2-jxu-80","44":"pa_type-2-l65","45":"pa_type-2-l85","46":"pa_type-2-l85nh","47":"pa_type-2-l95","48":"pa_type-2-nh4835","49":"pa_type-2-tl85","50":"pa_type-2-tl90","51":"pa_type-2-tn95","52":"badges-style-2","54":"first","55":"instock","56":"taxable","57":"shipping-taxable","58":"purchasable","59":"product-type-simple"},"acf":[],"yoast_head":"<!-- This site is optimized with the Yoast SEO plugin v27.3 - https:\/\/yoast.com\/product\/yoast-seo-wordpress\/ -->\n<title>D\u00e9marreur Case Ih, Fiat New Holland - 12 Volt \/3,0Kw, Moteur Iveco - Edel<\/title>\n<meta name=\"description\" content=\"D\u00e9marreur Case Ih, Fiat New Holland - 12 Volt \/3,0 Kw, Moteur Iveco - 1000 1300 1380 446DT 60.66 640 65.94 666 680 70.75 766 780 900 980 L85 L95 TL85 TL90\" \/>\n<meta name=\"robots\" content=\"index, follow, max-snippet:-1, max-image-preview:large, max-video-preview:-1\" \/>\n<link rel=\"canonical\" href=\"https:\/\/www.edel.fr\/en\/product\/demarreur-case-ihfiat-new-holland-12-30-moteur-ivecovolt-kw-12-3\/\" \/>\n<meta property=\"og:locale\" content=\"en_US\" \/>\n<meta property=\"og:type\" content=\"article\" \/>\n<meta property=\"og:title\" content=\"D\u00e9marreur Case Ih, Fiat New Holland - 12 Volt \/3,0Kw, Moteur Iveco - Edel\" \/>\n<meta property=\"og:description\" content=\"D\u00e9marreur Case Ih, Fiat New Holland - 12 Volt \/3,0 Kw, Moteur Iveco - 1000 1300 1380 446DT 60.66 640 65.94 666 680 70.75 766 780 900 980 L85 L95 TL85 TL90\" \/>\n<meta property=\"og:url\" content=\"https:\/\/www.edel.fr\/en\/product\/demarreur-case-ihfiat-new-holland-12-30-moteur-ivecovolt-kw-12-3\/\" \/>\n<meta property=\"og:site_name\" content=\"Edel\" \/>\n<meta property=\"article:modified_time\" content=\"2026-03-24T01:00:34+00:00\" \/>\n<meta property=\"og:image\" content=\"https:\/\/www.edel.fr\/uploads\/2019\/03\/D7.jpg\" \/>\n\t<meta property=\"og:image:width\" content=\"1920\" \/>\n\t<meta property=\"og:image:height\" content=\"1280\" \/>\n\t<meta property=\"og:image:type\" content=\"image\/jpeg\" \/>\n<meta name=\"twitter:card\" content=\"summary_large_image\" \/>\n<meta name=\"twitter:label1\" content=\"Est. reading time\" \/>\n\t<meta name=\"twitter:data1\" content=\"2 minutes\" \/>\n<script type=\"application\/ld+json\" class=\"yoast-schema-graph\">{\"@context\":\"https:\\\/\\\/schema.org\",\"@graph\":[{\"@type\":\"WebPage\",\"@id\":\"https:\\\/\\\/www.edel.fr\\\/en\\\/product\\\/demarreur-case-ihfiat-new-holland-12-30-moteur-ivecovolt-kw-12-3\\\/\",\"url\":\"https:\\\/\\\/www.edel.fr\\\/en\\\/product\\\/demarreur-case-ihfiat-new-holland-12-30-moteur-ivecovolt-kw-12-3\\\/\",\"name\":\"D\u00e9marreur Case Ih, Fiat New Holland - 12 Volt \\\/3,0Kw, Moteur Iveco - Edel\",\"isPartOf\":{\"@id\":\"https:\\\/\\\/www.edel.fr\\\/en\\\/#website\"},\"primaryImageOfPage\":{\"@id\":\"https:\\\/\\\/www.edel.fr\\\/en\\\/product\\\/demarreur-case-ihfiat-new-holland-12-30-moteur-ivecovolt-kw-12-3\\\/#primaryimage\"},\"image\":{\"@id\":\"https:\\\/\\\/www.edel.fr\\\/en\\\/product\\\/demarreur-case-ihfiat-new-holland-12-30-moteur-ivecovolt-kw-12-3\\\/#primaryimage\"},\"thumbnailUrl\":\"https:\\\/\\\/edel.fr\\\/uploads\\\/2019\\\/03\\\/D7.jpg\",\"datePublished\":\"2019-03-11T08:24:24+00:00\",\"dateModified\":\"2026-03-24T01:00:34+00:00\",\"description\":\"D\u00e9marreur Case Ih, Fiat New Holland - 12 Volt \\\/3,0 Kw, Moteur Iveco - 1000 1300 1380 446DT 60.66 640 65.94 666 680 70.75 766 780 900 980 L85 L95 TL85 TL90\",\"breadcrumb\":{\"@id\":\"https:\\\/\\\/www.edel.fr\\\/en\\\/product\\\/demarreur-case-ihfiat-new-holland-12-30-moteur-ivecovolt-kw-12-3\\\/#breadcrumb\"},\"inLanguage\":\"en-US\",\"potentialAction\":[{\"@type\":\"ReadAction\",\"target\":[\"https:\\\/\\\/www.edel.fr\\\/en\\\/product\\\/demarreur-case-ihfiat-new-holland-12-30-moteur-ivecovolt-kw-12-3\\\/\"]}]},{\"@type\":\"ImageObject\",\"inLanguage\":\"en-US\",\"@id\":\"https:\\\/\\\/www.edel.fr\\\/en\\\/product\\\/demarreur-case-ihfiat-new-holland-12-30-moteur-ivecovolt-kw-12-3\\\/#primaryimage\",\"url\":\"https:\\\/\\\/edel.fr\\\/uploads\\\/2019\\\/03\\\/D7.jpg\",\"contentUrl\":\"https:\\\/\\\/edel.fr\\\/uploads\\\/2019\\\/03\\\/D7.jpg\",\"width\":1920,\"height\":1280,\"caption\":\"D\u00e9marreur Case Ih, Fiat New Holland - 12 Volt \\\/3,0Kw, Moteur Iveco\"},{\"@type\":\"BreadcrumbList\",\"@id\":\"https:\\\/\\\/www.edel.fr\\\/en\\\/product\\\/demarreur-case-ihfiat-new-holland-12-30-moteur-ivecovolt-kw-12-3\\\/#breadcrumb\",\"itemListElement\":[{\"@type\":\"ListItem\",\"position\":1,\"name\":\"Pi\u00e8ce Tracteur\",\"item\":\"https:\\\/\\\/www.edel.fr\\\/en\\\/\"},{\"@type\":\"ListItem\",\"position\":2,\"name\":\"Toutes nos pi\u00e8ces Tracteur\",\"item\":\"https:\\\/\\\/edel.fr\\\/shop\\\/\"},{\"@type\":\"ListItem\",\"position\":3,\"name\":\"D\u00e9marreur Case Ih, Fiat New Holland &#8211; 12 Volt \\\/3,0Kw, Moteur Iveco\"}]},{\"@type\":\"WebSite\",\"@id\":\"https:\\\/\\\/www.edel.fr\\\/en\\\/#website\",\"url\":\"https:\\\/\\\/www.edel.fr\\\/en\\\/\",\"name\":\"Edel\",\"description\":\"Pi\u00e8ce d\u00e9tach\u00e9e de Tracteur Agricole\",\"publisher\":{\"@id\":\"https:\\\/\\\/www.edel.fr\\\/en\\\/#organization\"},\"potentialAction\":[{\"@type\":\"SearchAction\",\"target\":{\"@type\":\"EntryPoint\",\"urlTemplate\":\"https:\\\/\\\/www.edel.fr\\\/en\\\/?s={search_term_string}\"},\"query-input\":{\"@type\":\"PropertyValueSpecification\",\"valueRequired\":true,\"valueName\":\"search_term_string\"}}],\"inLanguage\":\"en-US\"},{\"@type\":\"Organization\",\"@id\":\"https:\\\/\\\/www.edel.fr\\\/en\\\/#organization\",\"name\":\"Edel\",\"url\":\"https:\\\/\\\/www.edel.fr\\\/en\\\/\",\"logo\":{\"@type\":\"ImageObject\",\"inLanguage\":\"en-US\",\"@id\":\"https:\\\/\\\/www.edel.fr\\\/en\\\/#\\\/schema\\\/logo\\\/image\\\/\",\"url\":\"https:\\\/\\\/www.edel.fr\\\/uploads\\\/2018\\\/11\\\/logo-edel.png\",\"contentUrl\":\"https:\\\/\\\/www.edel.fr\\\/uploads\\\/2018\\\/11\\\/logo-edel.png\",\"width\":257,\"height\":68,\"caption\":\"Edel\"},\"image\":{\"@id\":\"https:\\\/\\\/www.edel.fr\\\/en\\\/#\\\/schema\\\/logo\\\/image\\\/\"}}]}<\/script>\n<!-- \/ Yoast SEO plugin. -->","yoast_head_json":{"title":"D\u00e9marreur Case Ih, Fiat New Holland - 12 Volt \/3,0Kw, Moteur Iveco - Edel","description":"D\u00e9marreur Case Ih, Fiat New Holland - 12 Volt \/3,0 Kw, Moteur Iveco - 1000 1300 1380 446DT 60.66 640 65.94 666 680 70.75 766 780 900 980 L85 L95 TL85 TL90","robots":{"index":"index","follow":"follow","max-snippet":"max-snippet:-1","max-image-preview":"max-image-preview:large","max-video-preview":"max-video-preview:-1"},"canonical":"https:\/\/www.edel.fr\/en\/product\/demarreur-case-ihfiat-new-holland-12-30-moteur-ivecovolt-kw-12-3\/","og_locale":"en_US","og_type":"article","og_title":"D\u00e9marreur Case Ih, Fiat New Holland - 12 Volt \/3,0Kw, Moteur Iveco - Edel","og_description":"D\u00e9marreur Case Ih, Fiat New Holland - 12 Volt \/3,0 Kw, Moteur Iveco - 1000 1300 1380 446DT 60.66 640 65.94 666 680 70.75 766 780 900 980 L85 L95 TL85 TL90","og_url":"https:\/\/www.edel.fr\/en\/product\/demarreur-case-ihfiat-new-holland-12-30-moteur-ivecovolt-kw-12-3\/","og_site_name":"Edel","article_modified_time":"2026-03-24T01:00:34+00:00","og_image":[{"width":1920,"height":1280,"url":"https:\/\/www.edel.fr\/uploads\/2019\/03\/D7.jpg","type":"image\/jpeg"}],"twitter_card":"summary_large_image","twitter_misc":{"Est. reading time":"2 minutes"},"schema":{"@context":"https:\/\/schema.org","@graph":[{"@type":"WebPage","@id":"https:\/\/www.edel.fr\/en\/product\/demarreur-case-ihfiat-new-holland-12-30-moteur-ivecovolt-kw-12-3\/","url":"https:\/\/www.edel.fr\/en\/product\/demarreur-case-ihfiat-new-holland-12-30-moteur-ivecovolt-kw-12-3\/","name":"D\u00e9marreur Case Ih, Fiat New Holland - 12 Volt \/3,0Kw, Moteur Iveco - Edel","isPartOf":{"@id":"https:\/\/www.edel.fr\/en\/#website"},"primaryImageOfPage":{"@id":"https:\/\/www.edel.fr\/en\/product\/demarreur-case-ihfiat-new-holland-12-30-moteur-ivecovolt-kw-12-3\/#primaryimage"},"image":{"@id":"https:\/\/www.edel.fr\/en\/product\/demarreur-case-ihfiat-new-holland-12-30-moteur-ivecovolt-kw-12-3\/#primaryimage"},"thumbnailUrl":"https:\/\/edel.fr\/uploads\/2019\/03\/D7.jpg","datePublished":"2019-03-11T08:24:24+00:00","dateModified":"2026-03-24T01:00:34+00:00","description":"D\u00e9marreur Case Ih, Fiat New Holland - 12 Volt \/3,0 Kw, Moteur Iveco - 1000 1300 1380 446DT 60.66 640 65.94 666 680 70.75 766 780 900 980 L85 L95 TL85 TL90","breadcrumb":{"@id":"https:\/\/www.edel.fr\/en\/product\/demarreur-case-ihfiat-new-holland-12-30-moteur-ivecovolt-kw-12-3\/#breadcrumb"},"inLanguage":"en-US","potentialAction":[{"@type":"ReadAction","target":["https:\/\/www.edel.fr\/en\/product\/demarreur-case-ihfiat-new-holland-12-30-moteur-ivecovolt-kw-12-3\/"]}]},{"@type":"ImageObject","inLanguage":"en-US","@id":"https:\/\/www.edel.fr\/en\/product\/demarreur-case-ihfiat-new-holland-12-30-moteur-ivecovolt-kw-12-3\/#primaryimage","url":"https:\/\/edel.fr\/uploads\/2019\/03\/D7.jpg","contentUrl":"https:\/\/edel.fr\/uploads\/2019\/03\/D7.jpg","width":1920,"height":1280,"caption":"D\u00e9marreur Case Ih, Fiat New Holland - 12 Volt \/3,0Kw, Moteur Iveco"},{"@type":"BreadcrumbList","@id":"https:\/\/www.edel.fr\/en\/product\/demarreur-case-ihfiat-new-holland-12-30-moteur-ivecovolt-kw-12-3\/#breadcrumb","itemListElement":[{"@type":"ListItem","position":1,"name":"Pi\u00e8ce Tracteur","item":"https:\/\/www.edel.fr\/en\/"},{"@type":"ListItem","position":2,"name":"Toutes nos pi\u00e8ces Tracteur","item":"https:\/\/edel.fr\/shop\/"},{"@type":"ListItem","position":3,"name":"D\u00e9marreur Case Ih, Fiat New Holland &#8211; 12 Volt \/3,0Kw, Moteur Iveco"}]},{"@type":"WebSite","@id":"https:\/\/www.edel.fr\/en\/#website","url":"https:\/\/www.edel.fr\/en\/","name":"Edel","description":"Pi\u00e8ce d\u00e9tach\u00e9e de Tracteur Agricole","publisher":{"@id":"https:\/\/www.edel.fr\/en\/#organization"},"potentialAction":[{"@type":"SearchAction","target":{"@type":"EntryPoint","urlTemplate":"https:\/\/www.edel.fr\/en\/?s={search_term_string}"},"query-input":{"@type":"PropertyValueSpecification","valueRequired":true,"valueName":"search_term_string"}}],"inLanguage":"en-US"},{"@type":"Organization","@id":"https:\/\/www.edel.fr\/en\/#organization","name":"Edel","url":"https:\/\/www.edel.fr\/en\/","logo":{"@type":"ImageObject","inLanguage":"en-US","@id":"https:\/\/www.edel.fr\/en\/#\/schema\/logo\/image\/","url":"https:\/\/www.edel.fr\/uploads\/2018\/11\/logo-edel.png","contentUrl":"https:\/\/www.edel.fr\/uploads\/2018\/11\/logo-edel.png","width":257,"height":68,"caption":"Edel"},"image":{"@id":"https:\/\/www.edel.fr\/en\/#\/schema\/logo\/image\/"}}]}},"_links":{"self":[{"href":"https:\/\/edel.fr\/en\/wp-json\/wp\/v2\/product\/5902","targetHints":{"allow":["GET"]}}],"collection":[{"href":"https:\/\/edel.fr\/en\/wp-json\/wp\/v2\/product"}],"about":[{"href":"https:\/\/edel.fr\/en\/wp-json\/wp\/v2\/types\/product"}],"version-history":[{"count":2,"href":"https:\/\/edel.fr\/en\/wp-json\/wp\/v2\/product\/5902\/revisions"}],"predecessor-version":[{"id":15094,"href":"https:\/\/edel.fr\/en\/wp-json\/wp\/v2\/product\/5902\/revisions\/15094"}],"wp:featuredmedia":[{"embeddable":true,"href":"https:\/\/edel.fr\/en\/wp-json\/wp\/v2\/media\/5637"}],"wp:attachment":[{"href":"https:\/\/edel.fr\/en\/wp-json\/wp\/v2\/media?parent=5902"}],"wp:term":[{"taxonomy":"product_brand","embeddable":true,"href":"https:\/\/edel.fr\/en\/wp-json\/wp\/v2\/product_brand?post=5902"},{"taxonomy":"product_cat","embeddable":true,"href":"https:\/\/edel.fr\/en\/wp-json\/wp\/v2\/product_cat?post=5902"},{"taxonomy":"product_tag","embeddable":true,"href":"https:\/\/edel.fr\/en\/wp-json\/wp\/v2\/product_tag?post=5902"},{"taxonomy":"tracteur","embeddable":true,"href":"https:\/\/edel.fr\/en\/wp-json\/wp\/v2\/tracteur?post=5902"}],"curies":[{"name":"wp","href":"https:\/\/api.w.org\/{rel}","templated":true}]}}