{"id":5906,"date":"2019-03-11T09:24:24","date_gmt":"2019-03-11T08:24:24","guid":{"rendered":"http:\/\/edel.stephanie.ct.webcd.lan\/shop\/demarreur-case-ihlandinimanitoumassey-fergusonrenault-claas-volt-kw-12-28-fixation-a-gauchevolt-kw-12-28-fixation-a-gauchevolt-kw-12-28-fixation-a-gauchevolt-kw-12-28-fixation-a-gauche\/"},"modified":"2026-03-11T02:00:12","modified_gmt":"2026-03-11T01:00:12","slug":"demarreur-case-ihlandinimanitoumassey-fergusonrenault-claas-volt-kw-12-28-fixation-a-gauche","status":"publish","type":"product","link":"https:\/\/edel.fr\/en\/product\/demarreur-case-ihlandinimanitoumassey-fergusonrenault-claas-volt-kw-12-28-fixation-a-gauche\/","title":{"rendered":"D\u00e9marreur Case Ih, Landini, Manitou, MF, Renault &#8211; 12 Volt \/ 2,8 Kw"},"content":{"rendered":"<div data-elementor-type=\"wp-post\" data-elementor-id=\"5906\" class=\"elementor elementor-5906\">\n\t\t\t\t\t\t<section class=\"elementor-section elementor-top-section elementor-element elementor-element-57532a56 elementor-section-boxed elementor-section-height-default elementor-section-height-default\" data-id=\"57532a56\" data-element_type=\"section\" data-e-type=\"section\">\n\t\t\t\t\t\t<div class=\"elementor-container elementor-column-gap-default\">\n\t\t\t\t\t<div class=\"elementor-column elementor-col-100 elementor-top-column elementor-element elementor-element-2da4da3d\" data-id=\"2da4da3d\" data-element_type=\"column\" data-e-type=\"column\">\n\t\t\t<div class=\"elementor-widget-wrap elementor-element-populated\">\n\t\t\t\t\t\t<div class=\"elementor-element elementor-element-3e817aa5 elementor-widget elementor-widget-heading\" data-id=\"3e817aa5\" data-element_type=\"widget\" data-e-type=\"widget\" data-widget_type=\"heading.default\">\n\t\t\t\t<div class=\"elementor-widget-container\">\n\t\t\t\t\t<h2 class=\"elementor-heading-title elementor-size-default\">D\u00e9marreur Case Ih, Landini, Manitou, Massey Ferguson, Renault Claas<\/h2>\t\t\t\t<\/div>\n\t\t\t\t<\/div>\n\t\t\t\t<div class=\"elementor-element elementor-element-3c0b0fe4 elementor-widget elementor-widget-heading\" data-id=\"3c0b0fe4\" data-element_type=\"widget\" data-e-type=\"widget\" data-widget_type=\"heading.default\">\n\t\t\t\t<div class=\"elementor-widget-container\">\n\t\t\t\t\t<h3 class=\"elementor-heading-title elementor-size-default\">Information du produit :<\/h3>\t\t\t\t<\/div>\n\t\t\t\t<\/div>\n\t\t\t\t\t<\/div>\n\t\t<\/div>\n\t\t\t\t\t<\/div>\n\t\t<\/section>\n\t\t\t\t<section class=\"elementor-section elementor-top-section elementor-element elementor-element-2a0217be elementor-section-boxed elementor-section-height-default elementor-section-height-default\" data-id=\"2a0217be\" data-element_type=\"section\" data-e-type=\"section\">\n\t\t\t\t\t\t<div class=\"elementor-container elementor-column-gap-default\">\n\t\t\t\t\t<div class=\"elementor-column elementor-col-100 elementor-top-column elementor-element elementor-element-7d630fc3\" data-id=\"7d630fc3\" data-element_type=\"column\" data-e-type=\"column\">\n\t\t\t<div class=\"elementor-widget-wrap elementor-element-populated\">\n\t\t\t\t\t\t<div class=\"elementor-element elementor-element-5212ea7c elementor-widget elementor-widget-text-editor\" data-id=\"5212ea7c\" data-element_type=\"widget\" data-e-type=\"widget\" data-widget_type=\"text-editor.default\">\n\t\t\t\t<div class=\"elementor-widget-container\">\n\t\t\t\t\t\t\t\t\t<p><strong>12 Volt \/ 2,8 Kw, Fixation \u00e0 gauche<\/strong><\/p><p>Le d\u00e9marreur de votre tracteur est indispensable, le tracteur ne pourra pas d\u00e9marrer correctement si le d\u00e9marreur n&rsquo;est pas fonctionnel. Il se pr\u00e9sente sous la forme d\u2019un petit moteur \u00e9lectrique, rattach\u00e9 au volant moteur. Il est directement aliment\u00e9 par la batterie et il a pour r\u00f4le de mettre en marche le moteur\u00a0de votre tracteur.<\/p><p>Pour trouver le bon <strong>d\u00e9marreur tracteur<\/strong> qui s\u2019adaptera au mieux \u00e0 votre engin agricole, il est \u00e9galement pr\u00e9f\u00e9rable de se r\u00e9f\u00e9rer \u00e0 sa r\u00e9f\u00e9rence d\u2019origine. Elle est en g\u00e9n\u00e9ral inscrite sur le d\u00e9marreur. Sans cette r\u00e9f\u00e9rence, il faudra vous appuyer sur la marque et le mod\u00e8le de votre <strong>tracteur agricole.<\/strong><\/p><p>Avant le d\u00e9montage de votre d\u00e9marreur, nous vous conseillons d&rsquo;abord de d\u00e9brancher votre batterie. Mais aussi de rep\u00e9rer les diff\u00e9rents branchements d\u2019alimentation du d\u00e9marreur.<\/p><p>Pour choisir son <strong>d\u00e9marreur de tracteur<\/strong>, il faut choisir entre les d\u00e9marreurs classiques ou les <strong>d\u00e9marreurs avec r\u00e9ducteur droit ou d\u00e9cal\u00e9.<\/strong><\/p><p>Il est possible de changer le d\u00e9marreur classique par un <strong>d\u00e9marreur avec r\u00e9ducteur.<\/strong> Par exemple, sur un <strong>tracteur ancien<\/strong>, cela lui simplifiera consid\u00e9rablement son d\u00e9marrage.<\/p><p>C\u2019est pourquoi nous vous proposons une pi\u00e8ce de marque\u00a0<a href=\"https:\/\/edel.fr\/en\/constructeur\/mahle\/\">Mahle<\/a>\u00a0\/\u00a0<a href=\"https:\/\/edel.fr\/en\/constructeur\/letrika\/\">Letrika<\/a>\u00a0reconnue pour sa fiabilit\u00e9.<\/p><p>D\u00e9marreur Case Ih, Landini, Manitou, Massey Ferguson, Renault Claas : 1080, 1100, 1190, 165, 168, 174, 175, 178, 188, 265, 275, 285, 290, 298, 3050, 3060, 3065, 3070, 362, 365, 374, 375, 384, 398, 4000, 4200, 4235, 4245, 4260, 4360, 520, 525, 565, 575, 590, 593, 595, 598, 6000, 6060, 6130, 6140, 6150, 620, 6235, 625, 6255, 6265, 628, 629, 630, 633, 675, 6830, 6860, 695, 698, 7014, 730, 7880, 8880, Blizard 85, Ceres 75, CS68, CS78, CS94, CX100, CX50, CX60, CX70, CX80, CX85, CX90, CX95, MC115, MC80, MC80\/90, MCX100, ML100, ML80, ML90, MTX175, MX100, MX80, MX90, R88, RLT55, RLT57.<\/p><p><strong>R\u00e9f\u00e9rences constructeur\u00a0<\/strong><\/p><p>AGCO : C000900060070<\/p><p>BOSCH : 0001367040, 9000143416.<\/p><p>CASE : 234 987 A1<\/p><p>CLAAS : 6005700081<\/p><p>DELCO REMY : DRS3287, DRS3333, DRS3769.<\/p><p>DUCELLIER : 6233<\/p><p>HELLA : 8EA 737 250-001, CS 1033.<\/p><p>JCB : 714\/29500<\/p><p>LANDINI : 3542 185 M91, 3542 185 M92, 3546 391 M91.<\/p><p>LESTER : 17072, 17650, 18289, 18482, 19736.<\/p><p>LUCAS : 26 410, 27 572B, LRS00232, NSB 531, NSB 540, S 5027.<\/p><p>MAGNETI MARELLI : 542 932 80, 632 168 17, 632 263 23, 632 263 45, 632 264 05, 632 264 06, 632 264 10, 632 275 10, 632 275 15, 632 275 23, 632 275 39, 632 275 41, 632 275 65, 632 275 68, 632 275 90, 632 275 98, 632 276 02, MSN 199, MT 68 S.<\/p><p>MASSEY-FERGUSON : 1691 806 R1, 1860 093 M2, 1868 285 R3, 1868 287 T, 2873D002, 3519 400 M92, 3597 372 M2, 3930 506 R1, 3930 509 R1.<\/p><p>PARIS-RHONE : D 11 E 137, D 11 E 154.<\/p><p>PERKINS : 26410R, 2873B055, 2873B057, 2873B072.<\/p><p>PRESTOLITE : 20500969<\/p><p>RENAULT AGRICULTURE\/CLAAS : 60 05 003 154, 60 05 021 272, 60 05 700 081, 77 00 011 850, 77 01 031 686.<\/p><p>SPAREX : 35976<\/p><p>Edel vous propose \u00e9galement une large gamme de d\u00e9marreur pour des applications sp\u00e9cifiques, et de diff\u00e9rentes marques.<\/p><p>Donc, pour plus de renseignements, n\u2019h\u00e9sitez pas \u00e0 nous consulter !<\/p>\t\t\t\t\t\t\t\t<\/div>\n\t\t\t\t<\/div>\n\t\t\t\t\t<\/div>\n\t\t<\/div>\n\t\t\t\t\t<\/div>\n\t\t<\/section>\n\t\t\t\t<\/div>","protected":false},"excerpt":{"rendered":"<p>D\u00e9marreur Case Ih, Landini, Manitou, Massey Ferguson, Renault Claas Information du produit : 12 Volt \/ 2,8 Kw, Fixation \u00e0 gauche Le d\u00e9marreur de votre tracteur est indispensable, le tracteur ne pourra pas d\u00e9marrer correctement si le d\u00e9marreur n&rsquo;est pas fonctionnel. Il se pr\u00e9sente sous la forme d\u2019un petit moteur \u00e9lectrique, rattach\u00e9 au volant moteur.<br \/><a class=\"more-link\" href=\"https:\/\/edel.fr\/en\/product\/demarreur-case-ihlandinimanitoumassey-fergusonrenault-claas-volt-kw-12-28-fixation-a-gauche\/\"><br \/>\n        Read More<span class=\"screen-reader-text\"> \u00ab\u00a0D\u00e9marreur Case Ih, Landini, Manitou, MF, Renault &#8211; 12 Volt \/ 2,8 Kw\u00a0\u00bb<\/span><\/a><\/p>","protected":false},"featured_media":5641,"template":"","meta":[],"product_brand":[],"product_cat":[3994,4005,4006,4007,4011,165,154,119],"product_tag":[2460,180],"tracteur":[],"class_list":{"0":"post-5906","1":"product","2":"type-product","3":"status-publish","4":"has-post-thumbnail","6":"product_cat-demarreur-case-ih","7":"product_cat-demarreur-landini","8":"product_cat-demarreur-manitou","9":"product_cat-demarreur-massey-ferguson","10":"product_cat-demarreur-renault-claas","11":"product_cat-demarreurs","12":"product_cat-electricite","13":"product_cat-tracteurs-agricoles","14":"product_tag-demarreurs","15":"product_tag-electricite","16":"product_shipping_class-142","17":"pa_fabriquant-mahle","18":"pa_marque-tracteur-case-ih","19":"pa_marque-tracteur-landini","20":"pa_marque-tracteur-manitou","21":"pa_marque-tracteur-massey-ferguson","22":"pa_marque-tracteur-renault-claas","23":"pa_modele-tracteur-atlas","24":"pa_modele-tracteur-blizard","25":"pa_modele-tracteur-ceres","26":"pa_modele-tracteur-cs","27":"pa_modele-tracteur-cx","28":"pa_modele-tracteur-manuscop","29":"pa_modele-tracteur-master","30":"pa_modele-tracteur-mc","31":"pa_modele-tracteur-mcx","32":"pa_modele-tracteur-ml","33":"pa_modele-tracteur-mtx","34":"pa_modele-tracteur-mx","35":"pa_modele-tracteur-r","36":"pa_modele-tracteur-rlt","37":"pa_modele-tracteur-super-5","38":"pa_modele-tracteur-tous-types","39":"pa_type-2-2013","40":"pa_type-2-2014","41":"pa_type-2-2015","42":"pa_type-2-1196","43":"pa_type-2-1197","44":"pa_type-2-2000","45":"pa_type-2-2001","46":"pa_type-2-1198","47":"pa_type-2-1200","48":"pa_type-2-1205","49":"pa_type-2-1206","50":"pa_type-2-2002","51":"pa_type-2-1207","52":"pa_type-2-1429","53":"pa_type-2-1446","54":"pa_type-2-1447","55":"pa_type-2-2016","56":"pa_type-2-1448","57":"pa_type-2-2003","58":"pa_type-2-1311","59":"pa_type-2-1377","60":"pa_type-2-1313","61":"pa_type-2-1378","62":"pa_type-2-1315","63":"pa_type-2-2017","64":"pa_type-2-1662","65":"pa_type-2-1325","66":"pa_type-2-1326","67":"pa_type-2-2018","68":"pa_type-2-2019","69":"pa_type-2-2004","70":"pa_type-2-2005","71":"pa_type-2-1432","72":"pa_type-2-1433","73":"pa_type-2-1434","74":"pa_type-2-2006","75":"pa_type-2-1436","76":"pa_type-2-2007","77":"pa_type-2-1828","78":"pa_type-2-1999","79":"pa_type-2-1329","80":"pa_type-2-1457","81":"pa_type-2-1330","82":"pa_type-2-1584","83":"pa_type-2-2020","84":"pa_type-2-2008","85":"pa_type-2-1826","86":"pa_type-2-1827","87":"pa_type-2-2009","88":"pa_type-2-2010","89":"pa_type-2-1585","90":"pa_type-2-1423","91":"pa_type-2-2011","92":"pa_type-2-1362","93":"pa_type-2-1680","94":"pa_type-2-1985","95":"pa_type-2-1438","96":"pa_type-2-1385","97":"pa_type-2-2012","98":"pa_type-2-1363","99":"pa_type-2-1392","100":"pa_type-2-blizard-85","101":"pa_type-2-ceres-75","102":"pa_type-2-cs68","103":"pa_type-2-cs78","104":"pa_type-2-cs94","105":"pa_type-2-cx100","106":"pa_type-2-cx50","107":"pa_type-2-cx60","108":"pa_type-2-cx70","109":"pa_type-2-cx80","110":"pa_type-2-cx85","111":"pa_type-2-cx90","112":"pa_type-2-cx95","113":"pa_type-2-mc115","114":"pa_type-2-mc80","115":"pa_type-2-mc80-90","116":"pa_type-2-mcx100","117":"pa_type-2-ml100","118":"pa_type-2-ml80","119":"pa_type-2-ml90","120":"pa_type-2-mtx175","121":"pa_type-2-mx100","122":"pa_type-2-mx80","123":"pa_type-2-mx90","124":"pa_type-2-r88","125":"pa_type-2-rlt55","126":"pa_type-2-rlt57","127":"badges-style-2","129":"first","130":"instock","131":"taxable","132":"shipping-taxable","133":"purchasable","134":"product-type-simple"},"acf":[],"yoast_head":"<!-- This site is optimized with the Yoast SEO plugin v27.3 - https:\/\/yoast.com\/product\/yoast-seo-wordpress\/ -->\n<title>D\u00e9marreur Case Ih, Landini, Manitou, MF, Renault - 12 Volt \/ 2,8 Kw - Edel<\/title>\n<meta name=\"description\" content=\"D\u00e9marreur Case Ih, Landini, Manitou, Massey Ferguson, Renault Claas - 12 Volt \/ 2,8 Kw, Fixation \u00e0 gauche - 1080 1100 1190 165 168 174 175 178 188 265 275\" \/>\n<meta name=\"robots\" content=\"index, follow, max-snippet:-1, max-image-preview:large, max-video-preview:-1\" \/>\n<link rel=\"canonical\" href=\"https:\/\/edel.fr\/en\/product\/demarreur-case-ihlandinimanitoumassey-fergusonrenault-claas-volt-kw-12-28-fixation-a-gauche\/\" \/>\n<meta property=\"og:locale\" content=\"en_US\" \/>\n<meta property=\"og:type\" content=\"article\" \/>\n<meta property=\"og:title\" content=\"D\u00e9marreur Case Ih, Landini, Manitou, MF, Renault - 12 Volt \/ 2,8 Kw - Edel\" \/>\n<meta property=\"og:description\" content=\"D\u00e9marreur Case Ih, Landini, Manitou, Massey Ferguson, Renault Claas - 12 Volt \/ 2,8 Kw, Fixation \u00e0 gauche - 1080 1100 1190 165 168 174 175 178 188 265 275\" \/>\n<meta property=\"og:url\" content=\"https:\/\/edel.fr\/en\/product\/demarreur-case-ihlandinimanitoumassey-fergusonrenault-claas-volt-kw-12-28-fixation-a-gauche\/\" \/>\n<meta property=\"og:site_name\" content=\"Edel\" \/>\n<meta property=\"article:modified_time\" content=\"2026-03-11T01:00:12+00:00\" \/>\n<meta property=\"og:image\" content=\"https:\/\/edel.fr\/uploads\/2019\/03\/D11.jpg\" \/>\n\t<meta property=\"og:image:width\" content=\"1920\" \/>\n\t<meta property=\"og:image:height\" content=\"1280\" \/>\n\t<meta property=\"og:image:type\" content=\"image\/jpeg\" \/>\n<meta name=\"twitter:card\" content=\"summary_large_image\" \/>\n<meta name=\"twitter:label1\" content=\"Est. reading time\" \/>\n\t<meta name=\"twitter:data1\" content=\"3 minutes\" \/>\n<script type=\"application\/ld+json\" class=\"yoast-schema-graph\">{\"@context\":\"https:\\\/\\\/schema.org\",\"@graph\":[{\"@type\":\"WebPage\",\"@id\":\"https:\\\/\\\/edel.fr\\\/produit\\\/demarreur-case-ihlandinimanitoumassey-fergusonrenault-claas-volt-kw-12-28-fixation-a-gauche\\\/\",\"url\":\"https:\\\/\\\/edel.fr\\\/produit\\\/demarreur-case-ihlandinimanitoumassey-fergusonrenault-claas-volt-kw-12-28-fixation-a-gauche\\\/\",\"name\":\"D\u00e9marreur Case Ih, Landini, Manitou, MF, Renault - 12 Volt \\\/ 2,8 Kw - Edel\",\"isPartOf\":{\"@id\":\"https:\\\/\\\/www.edel.fr\\\/en\\\/#website\"},\"primaryImageOfPage\":{\"@id\":\"https:\\\/\\\/edel.fr\\\/produit\\\/demarreur-case-ihlandinimanitoumassey-fergusonrenault-claas-volt-kw-12-28-fixation-a-gauche\\\/#primaryimage\"},\"image\":{\"@id\":\"https:\\\/\\\/edel.fr\\\/produit\\\/demarreur-case-ihlandinimanitoumassey-fergusonrenault-claas-volt-kw-12-28-fixation-a-gauche\\\/#primaryimage\"},\"thumbnailUrl\":\"https:\\\/\\\/edel.fr\\\/uploads\\\/2019\\\/03\\\/D11.jpg\",\"datePublished\":\"2019-03-11T08:24:24+00:00\",\"dateModified\":\"2026-03-11T01:00:12+00:00\",\"description\":\"D\u00e9marreur Case Ih, Landini, Manitou, Massey Ferguson, Renault Claas - 12 Volt \\\/ 2,8 Kw, Fixation \u00e0 gauche - 1080 1100 1190 165 168 174 175 178 188 265 275\",\"breadcrumb\":{\"@id\":\"https:\\\/\\\/edel.fr\\\/produit\\\/demarreur-case-ihlandinimanitoumassey-fergusonrenault-claas-volt-kw-12-28-fixation-a-gauche\\\/#breadcrumb\"},\"inLanguage\":\"en-US\",\"potentialAction\":[{\"@type\":\"ReadAction\",\"target\":[\"https:\\\/\\\/edel.fr\\\/produit\\\/demarreur-case-ihlandinimanitoumassey-fergusonrenault-claas-volt-kw-12-28-fixation-a-gauche\\\/\"]}]},{\"@type\":\"ImageObject\",\"inLanguage\":\"en-US\",\"@id\":\"https:\\\/\\\/edel.fr\\\/produit\\\/demarreur-case-ihlandinimanitoumassey-fergusonrenault-claas-volt-kw-12-28-fixation-a-gauche\\\/#primaryimage\",\"url\":\"https:\\\/\\\/edel.fr\\\/uploads\\\/2019\\\/03\\\/D11.jpg\",\"contentUrl\":\"https:\\\/\\\/edel.fr\\\/uploads\\\/2019\\\/03\\\/D11.jpg\",\"width\":1920,\"height\":1280,\"caption\":\"D\u00e9marreur Case Ih, Landini, Manitou, MF, Renault - 12 Volt \\\/ 2,8 Kw\"},{\"@type\":\"BreadcrumbList\",\"@id\":\"https:\\\/\\\/edel.fr\\\/produit\\\/demarreur-case-ihlandinimanitoumassey-fergusonrenault-claas-volt-kw-12-28-fixation-a-gauche\\\/#breadcrumb\",\"itemListElement\":[{\"@type\":\"ListItem\",\"position\":1,\"name\":\"Pi\u00e8ce Tracteur\",\"item\":\"https:\\\/\\\/www.edel.fr\\\/en\\\/\"},{\"@type\":\"ListItem\",\"position\":2,\"name\":\"Toutes nos pi\u00e8ces Tracteur\",\"item\":\"https:\\\/\\\/edel.fr\\\/shop\\\/\"},{\"@type\":\"ListItem\",\"position\":3,\"name\":\"D\u00e9marreur Case Ih, Landini, Manitou, MF, Renault &#8211; 12 Volt \\\/ 2,8 Kw\"}]},{\"@type\":\"WebSite\",\"@id\":\"https:\\\/\\\/www.edel.fr\\\/en\\\/#website\",\"url\":\"https:\\\/\\\/www.edel.fr\\\/en\\\/\",\"name\":\"Edel\",\"description\":\"Pi\u00e8ce d\u00e9tach\u00e9e de Tracteur Agricole\",\"publisher\":{\"@id\":\"https:\\\/\\\/www.edel.fr\\\/en\\\/#organization\"},\"potentialAction\":[{\"@type\":\"SearchAction\",\"target\":{\"@type\":\"EntryPoint\",\"urlTemplate\":\"https:\\\/\\\/www.edel.fr\\\/en\\\/?s={search_term_string}\"},\"query-input\":{\"@type\":\"PropertyValueSpecification\",\"valueRequired\":true,\"valueName\":\"search_term_string\"}}],\"inLanguage\":\"en-US\"},{\"@type\":\"Organization\",\"@id\":\"https:\\\/\\\/www.edel.fr\\\/en\\\/#organization\",\"name\":\"Edel\",\"url\":\"https:\\\/\\\/www.edel.fr\\\/en\\\/\",\"logo\":{\"@type\":\"ImageObject\",\"inLanguage\":\"en-US\",\"@id\":\"https:\\\/\\\/www.edel.fr\\\/en\\\/#\\\/schema\\\/logo\\\/image\\\/\",\"url\":\"https:\\\/\\\/www.edel.fr\\\/uploads\\\/2018\\\/11\\\/logo-edel.png\",\"contentUrl\":\"https:\\\/\\\/www.edel.fr\\\/uploads\\\/2018\\\/11\\\/logo-edel.png\",\"width\":257,\"height\":68,\"caption\":\"Edel\"},\"image\":{\"@id\":\"https:\\\/\\\/www.edel.fr\\\/en\\\/#\\\/schema\\\/logo\\\/image\\\/\"}}]}<\/script>\n<!-- \/ Yoast SEO plugin. -->","yoast_head_json":{"title":"D\u00e9marreur Case Ih, Landini, Manitou, MF, Renault - 12 Volt \/ 2,8 Kw - Edel","description":"D\u00e9marreur Case Ih, Landini, Manitou, Massey Ferguson, Renault Claas - 12 Volt \/ 2,8 Kw, Fixation \u00e0 gauche - 1080 1100 1190 165 168 174 175 178 188 265 275","robots":{"index":"index","follow":"follow","max-snippet":"max-snippet:-1","max-image-preview":"max-image-preview:large","max-video-preview":"max-video-preview:-1"},"canonical":"https:\/\/edel.fr\/en\/product\/demarreur-case-ihlandinimanitoumassey-fergusonrenault-claas-volt-kw-12-28-fixation-a-gauche\/","og_locale":"en_US","og_type":"article","og_title":"D\u00e9marreur Case Ih, Landini, Manitou, MF, Renault - 12 Volt \/ 2,8 Kw - Edel","og_description":"D\u00e9marreur Case Ih, Landini, Manitou, Massey Ferguson, Renault Claas - 12 Volt \/ 2,8 Kw, Fixation \u00e0 gauche - 1080 1100 1190 165 168 174 175 178 188 265 275","og_url":"https:\/\/edel.fr\/en\/product\/demarreur-case-ihlandinimanitoumassey-fergusonrenault-claas-volt-kw-12-28-fixation-a-gauche\/","og_site_name":"Edel","article_modified_time":"2026-03-11T01:00:12+00:00","og_image":[{"width":1920,"height":1280,"url":"https:\/\/edel.fr\/uploads\/2019\/03\/D11.jpg","type":"image\/jpeg"}],"twitter_card":"summary_large_image","twitter_misc":{"Est. reading time":"3 minutes"},"schema":{"@context":"https:\/\/schema.org","@graph":[{"@type":"WebPage","@id":"https:\/\/edel.fr\/produit\/demarreur-case-ihlandinimanitoumassey-fergusonrenault-claas-volt-kw-12-28-fixation-a-gauche\/","url":"https:\/\/edel.fr\/produit\/demarreur-case-ihlandinimanitoumassey-fergusonrenault-claas-volt-kw-12-28-fixation-a-gauche\/","name":"D\u00e9marreur Case Ih, Landini, Manitou, MF, Renault - 12 Volt \/ 2,8 Kw - Edel","isPartOf":{"@id":"https:\/\/www.edel.fr\/en\/#website"},"primaryImageOfPage":{"@id":"https:\/\/edel.fr\/produit\/demarreur-case-ihlandinimanitoumassey-fergusonrenault-claas-volt-kw-12-28-fixation-a-gauche\/#primaryimage"},"image":{"@id":"https:\/\/edel.fr\/produit\/demarreur-case-ihlandinimanitoumassey-fergusonrenault-claas-volt-kw-12-28-fixation-a-gauche\/#primaryimage"},"thumbnailUrl":"https:\/\/edel.fr\/uploads\/2019\/03\/D11.jpg","datePublished":"2019-03-11T08:24:24+00:00","dateModified":"2026-03-11T01:00:12+00:00","description":"D\u00e9marreur Case Ih, Landini, Manitou, Massey Ferguson, Renault Claas - 12 Volt \/ 2,8 Kw, Fixation \u00e0 gauche - 1080 1100 1190 165 168 174 175 178 188 265 275","breadcrumb":{"@id":"https:\/\/edel.fr\/produit\/demarreur-case-ihlandinimanitoumassey-fergusonrenault-claas-volt-kw-12-28-fixation-a-gauche\/#breadcrumb"},"inLanguage":"en-US","potentialAction":[{"@type":"ReadAction","target":["https:\/\/edel.fr\/produit\/demarreur-case-ihlandinimanitoumassey-fergusonrenault-claas-volt-kw-12-28-fixation-a-gauche\/"]}]},{"@type":"ImageObject","inLanguage":"en-US","@id":"https:\/\/edel.fr\/produit\/demarreur-case-ihlandinimanitoumassey-fergusonrenault-claas-volt-kw-12-28-fixation-a-gauche\/#primaryimage","url":"https:\/\/edel.fr\/uploads\/2019\/03\/D11.jpg","contentUrl":"https:\/\/edel.fr\/uploads\/2019\/03\/D11.jpg","width":1920,"height":1280,"caption":"D\u00e9marreur Case Ih, Landini, Manitou, MF, Renault - 12 Volt \/ 2,8 Kw"},{"@type":"BreadcrumbList","@id":"https:\/\/edel.fr\/produit\/demarreur-case-ihlandinimanitoumassey-fergusonrenault-claas-volt-kw-12-28-fixation-a-gauche\/#breadcrumb","itemListElement":[{"@type":"ListItem","position":1,"name":"Pi\u00e8ce Tracteur","item":"https:\/\/www.edel.fr\/en\/"},{"@type":"ListItem","position":2,"name":"Toutes nos pi\u00e8ces Tracteur","item":"https:\/\/edel.fr\/shop\/"},{"@type":"ListItem","position":3,"name":"D\u00e9marreur Case Ih, Landini, Manitou, MF, Renault &#8211; 12 Volt \/ 2,8 Kw"}]},{"@type":"WebSite","@id":"https:\/\/www.edel.fr\/en\/#website","url":"https:\/\/www.edel.fr\/en\/","name":"Edel","description":"Pi\u00e8ce d\u00e9tach\u00e9e de Tracteur Agricole","publisher":{"@id":"https:\/\/www.edel.fr\/en\/#organization"},"potentialAction":[{"@type":"SearchAction","target":{"@type":"EntryPoint","urlTemplate":"https:\/\/www.edel.fr\/en\/?s={search_term_string}"},"query-input":{"@type":"PropertyValueSpecification","valueRequired":true,"valueName":"search_term_string"}}],"inLanguage":"en-US"},{"@type":"Organization","@id":"https:\/\/www.edel.fr\/en\/#organization","name":"Edel","url":"https:\/\/www.edel.fr\/en\/","logo":{"@type":"ImageObject","inLanguage":"en-US","@id":"https:\/\/www.edel.fr\/en\/#\/schema\/logo\/image\/","url":"https:\/\/www.edel.fr\/uploads\/2018\/11\/logo-edel.png","contentUrl":"https:\/\/www.edel.fr\/uploads\/2018\/11\/logo-edel.png","width":257,"height":68,"caption":"Edel"},"image":{"@id":"https:\/\/www.edel.fr\/en\/#\/schema\/logo\/image\/"}}]}},"_links":{"self":[{"href":"https:\/\/edel.fr\/en\/wp-json\/wp\/v2\/product\/5906","targetHints":{"allow":["GET"]}}],"collection":[{"href":"https:\/\/edel.fr\/en\/wp-json\/wp\/v2\/product"}],"about":[{"href":"https:\/\/edel.fr\/en\/wp-json\/wp\/v2\/types\/product"}],"version-history":[{"count":2,"href":"https:\/\/edel.fr\/en\/wp-json\/wp\/v2\/product\/5906\/revisions"}],"predecessor-version":[{"id":15093,"href":"https:\/\/edel.fr\/en\/wp-json\/wp\/v2\/product\/5906\/revisions\/15093"}],"wp:featuredmedia":[{"embeddable":true,"href":"https:\/\/edel.fr\/en\/wp-json\/wp\/v2\/media\/5641"}],"wp:attachment":[{"href":"https:\/\/edel.fr\/en\/wp-json\/wp\/v2\/media?parent=5906"}],"wp:term":[{"taxonomy":"product_brand","embeddable":true,"href":"https:\/\/edel.fr\/en\/wp-json\/wp\/v2\/product_brand?post=5906"},{"taxonomy":"product_cat","embeddable":true,"href":"https:\/\/edel.fr\/en\/wp-json\/wp\/v2\/product_cat?post=5906"},{"taxonomy":"product_tag","embeddable":true,"href":"https:\/\/edel.fr\/en\/wp-json\/wp\/v2\/product_tag?post=5906"},{"taxonomy":"tracteur","embeddable":true,"href":"https:\/\/edel.fr\/en\/wp-json\/wp\/v2\/tracteur?post=5906"}],"curies":[{"name":"wp","href":"https:\/\/api.w.org\/{rel}","templated":true}]}}