{"id":5908,"date":"2019-03-11T09:24:24","date_gmt":"2019-03-11T08:24:24","guid":{"rendered":"http:\/\/edel.stephanie.ct.webcd.lan\/shop\/demarreur-john-deererenault-claas-volt-kw-12-31-4-cylindresvolt-kw-12-31-4-cylindres\/"},"modified":"2026-04-03T03:00:56","modified_gmt":"2026-04-03T01:00:56","slug":"demarreur-john-deererenault-claas-volt-kw-12-31-4-cylindres","status":"publish","type":"product","link":"https:\/\/edel.fr\/en\/product\/demarreur-john-deererenault-claas-volt-kw-12-31-4-cylindres\/","title":{"rendered":"D\u00e9marreur | John Deere, Renault Claas &#8211; 12Volt \/ 3,1Kw, 4 Cylindres"},"content":{"rendered":"<div data-elementor-type=\"wp-post\" data-elementor-id=\"5908\" class=\"elementor elementor-5908\">\n\t\t\t\t\t\t<section class=\"elementor-section elementor-top-section elementor-element elementor-element-86b4c50 elementor-section-boxed elementor-section-height-default elementor-section-height-default\" data-id=\"86b4c50\" data-element_type=\"section\" data-e-type=\"section\">\n\t\t\t\t\t\t<div class=\"elementor-container elementor-column-gap-default\">\n\t\t\t\t\t<div class=\"elementor-column elementor-col-100 elementor-top-column elementor-element elementor-element-56556e4f\" data-id=\"56556e4f\" data-element_type=\"column\" data-e-type=\"column\">\n\t\t\t<div class=\"elementor-widget-wrap elementor-element-populated\">\n\t\t\t\t\t\t<div class=\"elementor-element elementor-element-4decf815 elementor-widget elementor-widget-heading\" data-id=\"4decf815\" data-element_type=\"widget\" data-e-type=\"widget\" data-widget_type=\"heading.default\">\n\t\t\t\t<div class=\"elementor-widget-container\">\n\t\t\t\t\t<h2 class=\"elementor-heading-title elementor-size-default\">D\u00e9marreur | John Deere, Renault Claas<\/h2>\t\t\t\t<\/div>\n\t\t\t\t<\/div>\n\t\t\t\t<div class=\"elementor-element elementor-element-10aa7568 elementor-widget elementor-widget-heading\" data-id=\"10aa7568\" data-element_type=\"widget\" data-e-type=\"widget\" data-widget_type=\"heading.default\">\n\t\t\t\t<div class=\"elementor-widget-container\">\n\t\t\t\t\t<h3 class=\"elementor-heading-title elementor-size-default\">Information du produit :<\/h3>\t\t\t\t<\/div>\n\t\t\t\t<\/div>\n\t\t\t\t\t<\/div>\n\t\t<\/div>\n\t\t\t\t\t<\/div>\n\t\t<\/section>\n\t\t\t\t<section class=\"elementor-section elementor-top-section elementor-element elementor-element-22406059 elementor-section-boxed elementor-section-height-default elementor-section-height-default\" data-id=\"22406059\" data-element_type=\"section\" data-e-type=\"section\">\n\t\t\t\t\t\t<div class=\"elementor-container elementor-column-gap-default\">\n\t\t\t\t\t<div class=\"elementor-column elementor-col-100 elementor-top-column elementor-element elementor-element-25ee05c7\" data-id=\"25ee05c7\" data-element_type=\"column\" data-e-type=\"column\">\n\t\t\t<div class=\"elementor-widget-wrap elementor-element-populated\">\n\t\t\t\t\t\t<div class=\"elementor-element elementor-element-61e4ae52 elementor-widget elementor-widget-text-editor\" data-id=\"61e4ae52\" data-element_type=\"widget\" data-e-type=\"widget\" data-widget_type=\"text-editor.default\">\n\t\t\t\t<div class=\"elementor-widget-container\">\n\t\t\t\t\t\t\t\t\t<p><strong>12 Volt \/ 3,1 Kw, 4 Cylindres<\/strong><\/p><p>Le d\u00e9marreur de votre tracteur est indispensable, le tracteur ne pourra pas d\u00e9marrer correctement si le d\u00e9marreur n&rsquo;est pas fonctionnel. Il se pr\u00e9sente sous la forme d\u2019un petit moteur \u00e9lectrique, rattach\u00e9 au volant moteur. Il est directement aliment\u00e9 par la batterie et il a pour r\u00f4le de mettre en marche le moteur\u00a0de votre tracteur.<\/p><p>Pour trouver le bon <strong>d\u00e9marreur tracteur<\/strong> qui s\u2019adaptera au mieux \u00e0 votre engin agricole, il est \u00e9galement pr\u00e9f\u00e9rable de se r\u00e9f\u00e9rer \u00e0 sa r\u00e9f\u00e9rence d\u2019origine. Elle est en g\u00e9n\u00e9ral inscrite sur le d\u00e9marreur. Sans cette r\u00e9f\u00e9rence, il faudra vous appuyer sur la marque et le mod\u00e8le de votre <strong>tracteur agricole.<\/strong><\/p><p>Avant le d\u00e9montage de votre d\u00e9marreur, nous vous conseillons d&rsquo;abord de d\u00e9brancher votre batterie. Mais aussi de rep\u00e9rer les diff\u00e9rents branchements d\u2019alimentation du d\u00e9marreur.<\/p><p>Pour choisir son <strong>d\u00e9marreur de tracteur<\/strong>, il faut choisir entre les d\u00e9marreurs classiques ou les <strong>d\u00e9marreurs avec r\u00e9ducteur droit ou d\u00e9cal\u00e9.<\/strong><\/p><p>Il est possible de changer le d\u00e9marreur classique par un <strong>d\u00e9marreur avec r\u00e9ducteur.<\/strong> Par exemple, sur un <strong>tracteur ancien<\/strong>, cela lui simplifiera consid\u00e9rablement son d\u00e9marrage.<\/p><p>C\u2019est pourquoi nous vous proposons une pi\u00e8ce de marque\u00a0<a href=\"https:\/\/edel.fr\/en\/constructeur\/mahle\/\">Mahle<\/a>\u00a0\/\u00a0<a href=\"https:\/\/edel.fr\/en\/constructeur\/letrika\/\">Letrika<\/a>\u00a0reconnue pour sa fiabilit\u00e9.<\/p><p>D\u00e9marreur | John Deere, Renault Claas : 1075, 20, 30, 310, 320, 3200, 3300, 330X340, 340, 40, 50, 5300, 6000, 6210, 6300, 6310, 710, 920, 95, A540, A546, Ceres 85, Cergos 330, MB1072.<\/p><p><strong>R\u00e9f\u00e9rences constructeur\u00a0<\/strong><\/p><p>BOSCH : 0001230005, 0001358041, 0001359016, 0001359090, 0001362312, 0001362316, 0001367037, 0001367075, 0001367078, 0001369001, 0001369005, 0001369022, 0986012420, 0986014730, 0986014740, SR 901X, SR 9988 X.<\/p><p>CARGO : 111221, 113478.<\/p><p>CLAAS : 11320110<\/p><p>CNH \/ FIAT AGRI : 73328003<\/p><p>DELCO REMY : 10461443, 1107577, 1107599, 1113271, 820089, DRS0152, DRS2420.<\/p><p>DIXIE : TS-6174<\/p><p>HELLA : 8EA 726 143-001, 8EA 730 222-001, CS 395, CS 706.<\/p><p>JOHN DEERE : AJ59342, AL110503, AL110504, AL110597, AL110598, AL39700, AL41247, AL62690, AL62772, AL70850, AL78760, AR70436, AT18150, AT23401, AT25619, RE19187, RE500733, RE500819, RE50095, RE501002, RE501298, RE501689, RE501713, RE505670, RE505745, RE507670, RE509658, RE519568, RE529594, RE549296, RE60384, SE5011402, SE501425, SE501851, TY1458, TY25650, TY25952, TY25974, TY25994, TY29551, TY6620, TY66515, TY6720, TY6727, TY6728, TY6780.<\/p><p>LESTER : 16563, 17095, 18359, 18422, 18475, 3579, 6570, 6860.<\/p><p>LUCAS : LRS00565, LRS01089, LRS01484, LRS02467.<\/p><p>MAGNETI MARELLI : 9432 522 56, 9432 522 95, MSR 733, MSR 746.<\/p><p>PRESTOLITE : 35258810, 35259580, 35259580S, M100R2017SE.<\/p><p>RENAULT AGRICULTURE\/CLAAS : 60 05 012 976, 77 00 044 184.<\/p><p>SPAREX : 359750<\/p><p>VALEO : 436 070<\/p><p>WAI : 17095N, 18359N, 18422N.<\/p><p>WILSON : 91-01-4367, 91-04-7835, 91-15-6872, 91-15-7088.<\/p><p>Edel vous propose \u00e9galement une large gamme de d\u00e9marreur pour des applications sp\u00e9cifiques, et de diff\u00e9rentes marques.<\/p><p>Donc, pour plus de renseignements, n\u2019h\u00e9sitez pas \u00e0 nous consulter !<\/p>\t\t\t\t\t\t\t\t<\/div>\n\t\t\t\t<\/div>\n\t\t\t\t\t<\/div>\n\t\t<\/div>\n\t\t\t\t\t<\/div>\n\t\t<\/section>\n\t\t\t\t<\/div>","protected":false},"excerpt":{"rendered":"<p>D\u00e9marreur | John Deere, Renault Claas Information du produit : 12 Volt \/ 3,1 Kw, 4 Cylindres Le d\u00e9marreur de votre tracteur est indispensable, le tracteur ne pourra pas d\u00e9marrer correctement si le d\u00e9marreur n&rsquo;est pas fonctionnel. Il se pr\u00e9sente sous la forme d\u2019un petit moteur \u00e9lectrique, rattach\u00e9 au volant moteur. Il est directement aliment\u00e9<br \/><a class=\"more-link\" href=\"https:\/\/edel.fr\/en\/product\/demarreur-john-deererenault-claas-volt-kw-12-31-4-cylindres\/\"><br \/>\n        Read More<span class=\"screen-reader-text\"> \u00ab\u00a0D\u00e9marreur | John Deere, Renault Claas &#8211; 12Volt \/ 3,1Kw, 4 Cylindres\u00a0\u00bb<\/span><\/a><\/p>","protected":false},"featured_media":5643,"template":"","meta":[],"product_brand":[],"product_cat":[4002,4011,165,154,119],"product_tag":[2460,180],"tracteur":[],"class_list":{"0":"post-5908","1":"product","2":"type-product","3":"status-publish","4":"has-post-thumbnail","6":"product_cat-demarreur-john-deere","7":"product_cat-demarreur-renault-claas","8":"product_cat-demarreurs","9":"product_cat-electricite","10":"product_cat-tracteurs-agricoles","11":"product_tag-demarreurs","12":"product_tag-electricite","13":"product_shipping_class-142","14":"pa_fabriquant-mahle","15":"pa_marque-tracteur-john-deere","16":"pa_marque-tracteur-renault-claas","17":"pa_modele-tracteur-a","18":"pa_modele-tracteur-ceres","19":"pa_modele-tracteur-cergos","20":"pa_modele-tracteur-ergos","21":"pa_modele-tracteur-tous-types","22":"pa_type-2-2036","23":"pa_type-2-2032","24":"pa_type-2-2033","25":"pa_type-2-1734","26":"pa_type-2-2040","27":"pa_type-2-1559","28":"pa_type-2-1560","29":"pa_type-2-330x340","30":"pa_type-2-2043","31":"pa_type-2-1874","32":"pa_type-2-2034","33":"pa_type-2-2037","34":"pa_type-2-1828","35":"pa_type-2-1813","36":"pa_type-2-1570","37":"pa_type-2-1815","38":"pa_type-2-1785","39":"pa_type-2-1797","40":"pa_type-2-1657","41":"pa_type-2-a540","42":"pa_type-2-a546","43":"pa_type-2-ceres-85","44":"pa_type-2-cergos-330","45":"pa_type-2-mb1072","46":"badges-style-2","48":"first","49":"instock","50":"taxable","51":"shipping-taxable","52":"purchasable","53":"product-type-simple"},"acf":[],"yoast_head":"<!-- This site is optimized with the Yoast SEO plugin v27.3 - https:\/\/yoast.com\/product\/yoast-seo-wordpress\/ -->\n<title>D\u00e9marreur | John Deere, Renault Claas - 12Volt \/ 3,1Kw, 4 Cylindres - Edel<\/title>\n<meta name=\"description\" content=\"D\u00e9marreur | John Deere, Renault Claas - 12Volt\/3,1Kw, 4 Cylindres - 1075 20 30 310 320 3200 3300 330X340 340 40 50 5300 6000 6210 6300 6310 710 920 95 A540\" \/>\n<meta name=\"robots\" content=\"index, follow, max-snippet:-1, max-image-preview:large, max-video-preview:-1\" \/>\n<link rel=\"canonical\" href=\"https:\/\/www.edel.fr\/produit\/demarreur-john-deererenault-claas-volt-kw-12-31-4-cylindres\/\" \/>\n<meta property=\"og:locale\" content=\"en_US\" \/>\n<meta property=\"og:type\" content=\"article\" \/>\n<meta property=\"og:title\" content=\"D\u00e9marreur | John Deere, Renault Claas - 12Volt \/ 3,1Kw, 4 Cylindres - Edel\" \/>\n<meta property=\"og:description\" content=\"D\u00e9marreur | John Deere, Renault Claas - 12Volt\/3,1Kw, 4 Cylindres - 1075 20 30 310 320 3200 3300 330X340 340 40 50 5300 6000 6210 6300 6310 710 920 95 A540\" \/>\n<meta property=\"og:url\" content=\"https:\/\/www.edel.fr\/produit\/demarreur-john-deererenault-claas-volt-kw-12-31-4-cylindres\/\" \/>\n<meta property=\"og:site_name\" content=\"Edel\" \/>\n<meta property=\"article:modified_time\" content=\"2026-04-03T01:00:56+00:00\" \/>\n<meta property=\"og:image\" content=\"https:\/\/www.edel.fr\/uploads\/2019\/03\/D13.jpg\" \/>\n\t<meta property=\"og:image:width\" content=\"1920\" \/>\n\t<meta property=\"og:image:height\" content=\"1280\" \/>\n\t<meta property=\"og:image:type\" content=\"image\/jpeg\" \/>\n<meta name=\"twitter:card\" content=\"summary_large_image\" \/>\n<meta name=\"twitter:label1\" content=\"Est. reading time\" \/>\n\t<meta name=\"twitter:data1\" content=\"3 minutes\" \/>\n<script type=\"application\/ld+json\" class=\"yoast-schema-graph\">{\"@context\":\"https:\\\/\\\/schema.org\",\"@graph\":[{\"@type\":\"WebPage\",\"@id\":\"https:\\\/\\\/www.edel.fr\\\/produit\\\/demarreur-john-deererenault-claas-volt-kw-12-31-4-cylindres\\\/\",\"url\":\"https:\\\/\\\/www.edel.fr\\\/produit\\\/demarreur-john-deererenault-claas-volt-kw-12-31-4-cylindres\\\/\",\"name\":\"D\u00e9marreur | John Deere, Renault Claas - 12Volt \\\/ 3,1Kw, 4 Cylindres - Edel\",\"isPartOf\":{\"@id\":\"http:\\\/\\\/www.edel.fr\\\/en\\\/#website\"},\"primaryImageOfPage\":{\"@id\":\"https:\\\/\\\/www.edel.fr\\\/produit\\\/demarreur-john-deererenault-claas-volt-kw-12-31-4-cylindres\\\/#primaryimage\"},\"image\":{\"@id\":\"https:\\\/\\\/www.edel.fr\\\/produit\\\/demarreur-john-deererenault-claas-volt-kw-12-31-4-cylindres\\\/#primaryimage\"},\"thumbnailUrl\":\"https:\\\/\\\/edel.fr\\\/uploads\\\/2019\\\/03\\\/D13.jpg\",\"datePublished\":\"2019-03-11T08:24:24+00:00\",\"dateModified\":\"2026-04-03T01:00:56+00:00\",\"description\":\"D\u00e9marreur | John Deere, Renault Claas - 12Volt\\\/3,1Kw, 4 Cylindres - 1075 20 30 310 320 3200 3300 330X340 340 40 50 5300 6000 6210 6300 6310 710 920 95 A540\",\"breadcrumb\":{\"@id\":\"https:\\\/\\\/www.edel.fr\\\/produit\\\/demarreur-john-deererenault-claas-volt-kw-12-31-4-cylindres\\\/#breadcrumb\"},\"inLanguage\":\"en-US\",\"potentialAction\":[{\"@type\":\"ReadAction\",\"target\":[\"https:\\\/\\\/www.edel.fr\\\/produit\\\/demarreur-john-deererenault-claas-volt-kw-12-31-4-cylindres\\\/\"]}]},{\"@type\":\"ImageObject\",\"inLanguage\":\"en-US\",\"@id\":\"https:\\\/\\\/www.edel.fr\\\/produit\\\/demarreur-john-deererenault-claas-volt-kw-12-31-4-cylindres\\\/#primaryimage\",\"url\":\"https:\\\/\\\/edel.fr\\\/uploads\\\/2019\\\/03\\\/D13.jpg\",\"contentUrl\":\"https:\\\/\\\/edel.fr\\\/uploads\\\/2019\\\/03\\\/D13.jpg\",\"width\":1920,\"height\":1280,\"caption\":\"D\u00e9marreur | John Deere, Renault Claas - 12Volt \\\/ 3,1Kw, 4 Cylindres\"},{\"@type\":\"BreadcrumbList\",\"@id\":\"https:\\\/\\\/www.edel.fr\\\/produit\\\/demarreur-john-deererenault-claas-volt-kw-12-31-4-cylindres\\\/#breadcrumb\",\"itemListElement\":[{\"@type\":\"ListItem\",\"position\":1,\"name\":\"Pi\u00e8ce Tracteur\",\"item\":\"http:\\\/\\\/www.edel.fr\\\/en\\\/\"},{\"@type\":\"ListItem\",\"position\":2,\"name\":\"Toutes nos pi\u00e8ces Tracteur\",\"item\":\"https:\\\/\\\/edel.fr\\\/shop\\\/\"},{\"@type\":\"ListItem\",\"position\":3,\"name\":\"D\u00e9marreur | John Deere, Renault Claas &#8211; 12Volt \\\/ 3,1Kw, 4 Cylindres\"}]},{\"@type\":\"WebSite\",\"@id\":\"http:\\\/\\\/www.edel.fr\\\/en\\\/#website\",\"url\":\"http:\\\/\\\/www.edel.fr\\\/en\\\/\",\"name\":\"Edel\",\"description\":\"Pi\u00e8ce d\u00e9tach\u00e9e de Tracteur Agricole\",\"publisher\":{\"@id\":\"http:\\\/\\\/www.edel.fr\\\/en\\\/#organization\"},\"potentialAction\":[{\"@type\":\"SearchAction\",\"target\":{\"@type\":\"EntryPoint\",\"urlTemplate\":\"http:\\\/\\\/www.edel.fr\\\/en\\\/?s={search_term_string}\"},\"query-input\":{\"@type\":\"PropertyValueSpecification\",\"valueRequired\":true,\"valueName\":\"search_term_string\"}}],\"inLanguage\":\"en-US\"},{\"@type\":\"Organization\",\"@id\":\"http:\\\/\\\/www.edel.fr\\\/en\\\/#organization\",\"name\":\"Edel\",\"url\":\"http:\\\/\\\/www.edel.fr\\\/en\\\/\",\"logo\":{\"@type\":\"ImageObject\",\"inLanguage\":\"en-US\",\"@id\":\"http:\\\/\\\/www.edel.fr\\\/en\\\/#\\\/schema\\\/logo\\\/image\\\/\",\"url\":\"https:\\\/\\\/www.edel.fr\\\/uploads\\\/2018\\\/11\\\/logo-edel.png\",\"contentUrl\":\"https:\\\/\\\/www.edel.fr\\\/uploads\\\/2018\\\/11\\\/logo-edel.png\",\"width\":257,\"height\":68,\"caption\":\"Edel\"},\"image\":{\"@id\":\"http:\\\/\\\/www.edel.fr\\\/en\\\/#\\\/schema\\\/logo\\\/image\\\/\"}}]}<\/script>\n<!-- \/ Yoast SEO plugin. -->","yoast_head_json":{"title":"D\u00e9marreur | John Deere, Renault Claas - 12Volt \/ 3,1Kw, 4 Cylindres - Edel","description":"D\u00e9marreur | John Deere, Renault Claas - 12Volt\/3,1Kw, 4 Cylindres - 1075 20 30 310 320 3200 3300 330X340 340 40 50 5300 6000 6210 6300 6310 710 920 95 A540","robots":{"index":"index","follow":"follow","max-snippet":"max-snippet:-1","max-image-preview":"max-image-preview:large","max-video-preview":"max-video-preview:-1"},"canonical":"https:\/\/www.edel.fr\/produit\/demarreur-john-deererenault-claas-volt-kw-12-31-4-cylindres\/","og_locale":"en_US","og_type":"article","og_title":"D\u00e9marreur | John Deere, Renault Claas - 12Volt \/ 3,1Kw, 4 Cylindres - Edel","og_description":"D\u00e9marreur | John Deere, Renault Claas - 12Volt\/3,1Kw, 4 Cylindres - 1075 20 30 310 320 3200 3300 330X340 340 40 50 5300 6000 6210 6300 6310 710 920 95 A540","og_url":"https:\/\/www.edel.fr\/produit\/demarreur-john-deererenault-claas-volt-kw-12-31-4-cylindres\/","og_site_name":"Edel","article_modified_time":"2026-04-03T01:00:56+00:00","og_image":[{"width":1920,"height":1280,"url":"https:\/\/www.edel.fr\/uploads\/2019\/03\/D13.jpg","type":"image\/jpeg"}],"twitter_card":"summary_large_image","twitter_misc":{"Est. reading time":"3 minutes"},"schema":{"@context":"https:\/\/schema.org","@graph":[{"@type":"WebPage","@id":"https:\/\/www.edel.fr\/produit\/demarreur-john-deererenault-claas-volt-kw-12-31-4-cylindres\/","url":"https:\/\/www.edel.fr\/produit\/demarreur-john-deererenault-claas-volt-kw-12-31-4-cylindres\/","name":"D\u00e9marreur | John Deere, Renault Claas - 12Volt \/ 3,1Kw, 4 Cylindres - Edel","isPartOf":{"@id":"http:\/\/www.edel.fr\/en\/#website"},"primaryImageOfPage":{"@id":"https:\/\/www.edel.fr\/produit\/demarreur-john-deererenault-claas-volt-kw-12-31-4-cylindres\/#primaryimage"},"image":{"@id":"https:\/\/www.edel.fr\/produit\/demarreur-john-deererenault-claas-volt-kw-12-31-4-cylindres\/#primaryimage"},"thumbnailUrl":"https:\/\/edel.fr\/uploads\/2019\/03\/D13.jpg","datePublished":"2019-03-11T08:24:24+00:00","dateModified":"2026-04-03T01:00:56+00:00","description":"D\u00e9marreur | John Deere, Renault Claas - 12Volt\/3,1Kw, 4 Cylindres - 1075 20 30 310 320 3200 3300 330X340 340 40 50 5300 6000 6210 6300 6310 710 920 95 A540","breadcrumb":{"@id":"https:\/\/www.edel.fr\/produit\/demarreur-john-deererenault-claas-volt-kw-12-31-4-cylindres\/#breadcrumb"},"inLanguage":"en-US","potentialAction":[{"@type":"ReadAction","target":["https:\/\/www.edel.fr\/produit\/demarreur-john-deererenault-claas-volt-kw-12-31-4-cylindres\/"]}]},{"@type":"ImageObject","inLanguage":"en-US","@id":"https:\/\/www.edel.fr\/produit\/demarreur-john-deererenault-claas-volt-kw-12-31-4-cylindres\/#primaryimage","url":"https:\/\/edel.fr\/uploads\/2019\/03\/D13.jpg","contentUrl":"https:\/\/edel.fr\/uploads\/2019\/03\/D13.jpg","width":1920,"height":1280,"caption":"D\u00e9marreur | John Deere, Renault Claas - 12Volt \/ 3,1Kw, 4 Cylindres"},{"@type":"BreadcrumbList","@id":"https:\/\/www.edel.fr\/produit\/demarreur-john-deererenault-claas-volt-kw-12-31-4-cylindres\/#breadcrumb","itemListElement":[{"@type":"ListItem","position":1,"name":"Pi\u00e8ce Tracteur","item":"http:\/\/www.edel.fr\/en\/"},{"@type":"ListItem","position":2,"name":"Toutes nos pi\u00e8ces Tracteur","item":"https:\/\/edel.fr\/shop\/"},{"@type":"ListItem","position":3,"name":"D\u00e9marreur | John Deere, Renault Claas &#8211; 12Volt \/ 3,1Kw, 4 Cylindres"}]},{"@type":"WebSite","@id":"http:\/\/www.edel.fr\/en\/#website","url":"http:\/\/www.edel.fr\/en\/","name":"Edel","description":"Pi\u00e8ce d\u00e9tach\u00e9e de Tracteur Agricole","publisher":{"@id":"http:\/\/www.edel.fr\/en\/#organization"},"potentialAction":[{"@type":"SearchAction","target":{"@type":"EntryPoint","urlTemplate":"http:\/\/www.edel.fr\/en\/?s={search_term_string}"},"query-input":{"@type":"PropertyValueSpecification","valueRequired":true,"valueName":"search_term_string"}}],"inLanguage":"en-US"},{"@type":"Organization","@id":"http:\/\/www.edel.fr\/en\/#organization","name":"Edel","url":"http:\/\/www.edel.fr\/en\/","logo":{"@type":"ImageObject","inLanguage":"en-US","@id":"http:\/\/www.edel.fr\/en\/#\/schema\/logo\/image\/","url":"https:\/\/www.edel.fr\/uploads\/2018\/11\/logo-edel.png","contentUrl":"https:\/\/www.edel.fr\/uploads\/2018\/11\/logo-edel.png","width":257,"height":68,"caption":"Edel"},"image":{"@id":"http:\/\/www.edel.fr\/en\/#\/schema\/logo\/image\/"}}]}},"_links":{"self":[{"href":"https:\/\/edel.fr\/en\/wp-json\/wp\/v2\/product\/5908","targetHints":{"allow":["GET"]}}],"collection":[{"href":"https:\/\/edel.fr\/en\/wp-json\/wp\/v2\/product"}],"about":[{"href":"https:\/\/edel.fr\/en\/wp-json\/wp\/v2\/types\/product"}],"version-history":[{"count":2,"href":"https:\/\/edel.fr\/en\/wp-json\/wp\/v2\/product\/5908\/revisions"}],"predecessor-version":[{"id":15113,"href":"https:\/\/edel.fr\/en\/wp-json\/wp\/v2\/product\/5908\/revisions\/15113"}],"wp:featuredmedia":[{"embeddable":true,"href":"https:\/\/edel.fr\/en\/wp-json\/wp\/v2\/media\/5643"}],"wp:attachment":[{"href":"https:\/\/edel.fr\/en\/wp-json\/wp\/v2\/media?parent=5908"}],"wp:term":[{"taxonomy":"product_brand","embeddable":true,"href":"https:\/\/edel.fr\/en\/wp-json\/wp\/v2\/product_brand?post=5908"},{"taxonomy":"product_cat","embeddable":true,"href":"https:\/\/edel.fr\/en\/wp-json\/wp\/v2\/product_cat?post=5908"},{"taxonomy":"product_tag","embeddable":true,"href":"https:\/\/edel.fr\/en\/wp-json\/wp\/v2\/product_tag?post=5908"},{"taxonomy":"tracteur","embeddable":true,"href":"https:\/\/edel.fr\/en\/wp-json\/wp\/v2\/tracteur?post=5908"}],"curies":[{"name":"wp","href":"https:\/\/api.w.org\/{rel}","templated":true}]}}