{"id":5909,"date":"2019-03-11T09:24:24","date_gmt":"2019-03-11T08:24:24","guid":{"rendered":"http:\/\/edel.stephanie.ct.webcd.lan\/shop\/demarreur-deutzfendtrenault-claasvalmet-volt-kw-12-27-moteur-khd-3-cylindres-912913volt-kw-12-27-moteur-khd-3-cylindres-912913volt-kw-12-27-moteur-khd-3-cylindres-912913volt-kw-12-27\/"},"modified":"2026-04-03T03:00:48","modified_gmt":"2026-04-03T01:00:48","slug":"demarreur-deutzfendtrenault-claasvalmet-volt-kw-12-27-moteur-khd-3-cylindres-912913","status":"publish","type":"product","link":"https:\/\/edel.fr\/en\/product\/demarreur-deutzfendtrenault-claasvalmet-volt-kw-12-27-moteur-khd-3-cylindres-912913\/","title":{"rendered":"D\u00e9marreur &#8211; Deutz Fendt Renault Valmet &#8211; 12V\/2,7Kw, KHD 912 913"},"content":{"rendered":"<div data-elementor-type=\"wp-post\" data-elementor-id=\"5909\" class=\"elementor elementor-5909\">\n\t\t\t\t\t\t<section class=\"elementor-section elementor-top-section elementor-element elementor-element-5811c57 elementor-section-boxed elementor-section-height-default elementor-section-height-default\" data-id=\"5811c57\" data-element_type=\"section\" data-e-type=\"section\">\n\t\t\t\t\t\t<div class=\"elementor-container elementor-column-gap-default\">\n\t\t\t\t\t<div class=\"elementor-column elementor-col-100 elementor-top-column elementor-element elementor-element-7b70c4c7\" data-id=\"7b70c4c7\" data-element_type=\"column\" data-e-type=\"column\">\n\t\t\t<div class=\"elementor-widget-wrap elementor-element-populated\">\n\t\t\t\t\t\t<div class=\"elementor-element elementor-element-69877320 elementor-widget elementor-widget-heading\" data-id=\"69877320\" data-element_type=\"widget\" data-e-type=\"widget\" data-widget_type=\"heading.default\">\n\t\t\t\t<div class=\"elementor-widget-container\">\n\t\t\t\t\t<h2 class=\"elementor-heading-title elementor-size-default\">D\u00e9marreur - Deutz Fendt Renault Valmet<\/h2>\t\t\t\t<\/div>\n\t\t\t\t<\/div>\n\t\t\t\t<div class=\"elementor-element elementor-element-85b6bc9 elementor-widget elementor-widget-heading\" data-id=\"85b6bc9\" data-element_type=\"widget\" data-e-type=\"widget\" data-widget_type=\"heading.default\">\n\t\t\t\t<div class=\"elementor-widget-container\">\n\t\t\t\t\t<h3 class=\"elementor-heading-title elementor-size-default\">Information du produit :<\/h3>\t\t\t\t<\/div>\n\t\t\t\t<\/div>\n\t\t\t\t\t<\/div>\n\t\t<\/div>\n\t\t\t\t\t<\/div>\n\t\t<\/section>\n\t\t\t\t<section class=\"elementor-section elementor-top-section elementor-element elementor-element-48df1662 elementor-section-boxed elementor-section-height-default elementor-section-height-default\" data-id=\"48df1662\" data-element_type=\"section\" data-e-type=\"section\">\n\t\t\t\t\t\t<div class=\"elementor-container elementor-column-gap-default\">\n\t\t\t\t\t<div class=\"elementor-column elementor-col-100 elementor-top-column elementor-element elementor-element-3add80\" data-id=\"3add80\" data-element_type=\"column\" data-e-type=\"column\">\n\t\t\t<div class=\"elementor-widget-wrap elementor-element-populated\">\n\t\t\t\t\t\t<div class=\"elementor-element elementor-element-68300c0c elementor-widget elementor-widget-text-editor\" data-id=\"68300c0c\" data-element_type=\"widget\" data-e-type=\"widget\" data-widget_type=\"text-editor.default\">\n\t\t\t\t<div class=\"elementor-widget-container\">\n\t\t\t\t\t\t\t\t\t<p><strong>12 Volt \/ 2,7 Kw, Moteur KHD 3 Cylindres, 912 913<\/strong><\/p><p>Le d\u00e9marreur de votre tracteur est indispensable, le tracteur ne pourra pas d\u00e9marrer correctement si le d\u00e9marreur n&rsquo;est pas fonctionnel. Il se pr\u00e9sente sous la forme d\u2019un petit moteur \u00e9lectrique, rattach\u00e9 au volant moteur. Il est directement aliment\u00e9 par la batterie et il a pour r\u00f4le de mettre en marche le moteur\u00a0de votre tracteur.<\/p><p>Pour trouver le bon <strong>d\u00e9marreur tracteur<\/strong> qui s\u2019adaptera au mieux \u00e0 votre engin agricole, il est \u00e9galement pr\u00e9f\u00e9rable de se r\u00e9f\u00e9rer \u00e0 sa r\u00e9f\u00e9rence d\u2019origine. Elle est en g\u00e9n\u00e9ral inscrite sur le d\u00e9marreur. Sans cette r\u00e9f\u00e9rence, il faudra vous appuyer sur la marque et le mod\u00e8le de votre <strong>tracteur agricole.<\/strong><\/p><p>Avant le d\u00e9montage de votre d\u00e9marreur, nous vous conseillons d&rsquo;abord de d\u00e9brancher votre batterie. Mais aussi de rep\u00e9rer les diff\u00e9rents branchements d\u2019alimentation du d\u00e9marreur.<\/p><p>Pour choisir son <strong>d\u00e9marreur de tracteur<\/strong>, il faut choisir entre les d\u00e9marreurs classiques ou les <strong>d\u00e9marreurs avec r\u00e9ducteur droit ou d\u00e9cal\u00e9.<\/strong><\/p><p>Il est possible de changer le d\u00e9marreur classique par un <strong>d\u00e9marreur avec r\u00e9ducteur.<\/strong> Par exemple, sur un <strong>tracteur ancien<\/strong>, cela lui simplifiera consid\u00e9rablement son d\u00e9marrage.<\/p><p>C\u2019est pourquoi nous vous proposons une pi\u00e8ce de marque\u00a0<a href=\"https:\/\/edel.fr\/en\/constructeur\/mahle\/\">Mahle<\/a>\u00a0\/\u00a0<a href=\"https:\/\/edel.fr\/en\/constructeur\/letrika\/\">Letrika<\/a>\u00a0reconnue pour sa fiabilit\u00e9.<\/p><p>D\u00e9marreur &#8211; Deutz Fendt Renault Valmet : 204.28, 3300.35, 55\/12, DX390S.<\/p><p><strong>R\u00e9f\u00e9rences constructeur\u00a0<\/strong><\/p><p>AGCO : C830100007000<\/p><p>BOMAG : 057 198 97<\/p><p>BOSCH : 0001358046, 0001358049, 0001359073, 0001362016, 0001362034, 0001362091, 0001362305, 0001362311, 0001362313, 0001367000, 0986010990, 0986011140, 0986013680, SR 926 X.<\/p><p>CARGO : 110536<\/p><p>CLAAS : 6005706632<\/p><p>DELCO REMY : 19024252, DRS0990, DRS1140.<\/p><p>DEUTZ AG (KHD) : 0116 4668, 0117 4166, 0117 5886, 0117 8026, 0117 8686.<\/p><p>EFEL : 14100<\/p><p>FENDT : X 830 100 001<\/p><p>HELLA : 8EA 725 962-001, 8EA 725 967-001, CS 103, CS 114.<\/p><p>JUNGHEINRICH : 50150902, 50185621.<\/p><p>KRAMER : 1000092774<\/p><p>LESTER : 17074, 17075, 18027, 18046, 30056, 30057.<\/p><p>LUCAS : LRS00762, LRS00921.<\/p><p>MAGNETI MARELLI : 9432 520 71, 9432 522 17, MSN 697, MSR 683, MSR 707, MT 74 G.<\/p><p>MAGNETON : 9142 803<\/p><p>NIKKO : V941 501<\/p><p>POCLAIN : M 0041572<\/p><p>SAME (DEUTZ- FAHR GROUP) : 0.902.0029.0<\/p><p>SPAREX : 359730<\/p><p>STEINBOCK : 17769, 4434536<\/p><p>WILSON : 91-15-6896<\/p><p>Edel vous propose \u00e9galement une large gamme de d\u00e9marreur pour des applications sp\u00e9cifiques, et de diff\u00e9rentes marques.<\/p><p>Donc, pour plus de renseignements, n\u2019h\u00e9sitez pas \u00e0 nous consulter !<\/p>\t\t\t\t\t\t\t\t<\/div>\n\t\t\t\t<\/div>\n\t\t\t\t\t<\/div>\n\t\t<\/div>\n\t\t\t\t\t<\/div>\n\t\t<\/section>\n\t\t\t\t<\/div>","protected":false},"excerpt":{"rendered":"<p>D\u00e9marreur &#8211; Deutz Fendt Renault Valmet Information du produit : 12 Volt \/ 2,7 Kw, Moteur KHD 3 Cylindres, 912 913 Le d\u00e9marreur de votre tracteur est indispensable, le tracteur ne pourra pas d\u00e9marrer correctement si le d\u00e9marreur n&rsquo;est pas fonctionnel. Il se pr\u00e9sente sous la forme d\u2019un petit moteur \u00e9lectrique, rattach\u00e9 au volant moteur.<br \/><a class=\"more-link\" href=\"https:\/\/edel.fr\/en\/product\/demarreur-deutzfendtrenault-claasvalmet-volt-kw-12-27-moteur-khd-3-cylindres-912913\/\"><br \/>\n        Read More<span class=\"screen-reader-text\"> \u00ab\u00a0D\u00e9marreur &#8211; Deutz Fendt Renault Valmet &#8211; 12V\/2,7Kw, KHD 912 913\u00a0\u00bb<\/span><\/a><\/p>","protected":false},"featured_media":5644,"template":"","meta":[],"product_brand":[],"product_cat":[4003,3997,4011,165,4014,154,119],"product_tag":[2460,180],"tracteur":[],"class_list":{"0":"post-5909","1":"product","2":"type-product","3":"status-publish","4":"has-post-thumbnail","6":"product_cat-demarreur-deutz","7":"product_cat-demarreur-fendt","8":"product_cat-demarreur-renault-claas","9":"product_cat-demarreurs","10":"product_cat-demarreur-valmet","11":"product_cat-electricite","12":"product_cat-tracteurs-agricoles","13":"product_tag-demarreurs","14":"product_tag-electricite","15":"product_shipping_class-142","16":"pa_fabriquant-selection-edel","17":"pa_marque-tracteur-fendt","18":"pa_marque-tracteur-khd-deutz","19":"pa_marque-tracteur-renault-claas","20":"pa_marque-tracteur-valtra-valmet","21":"pa_modele-tracteur-carraro","22":"pa_modele-tracteur-dx","23":"pa_type-2-204-28","24":"pa_type-2-3300-35","25":"pa_type-2-55-12","26":"pa_type-2-dx390s","27":"badges-style-2","29":"first","30":"instock","31":"taxable","32":"shipping-taxable","33":"purchasable","34":"product-type-simple"},"acf":[],"yoast_head":"<!-- This site is optimized with the Yoast SEO plugin v27.3 - https:\/\/yoast.com\/product\/yoast-seo-wordpress\/ -->\n<title>D\u00e9marreur - Deutz Fendt Renault Valmet - 12V\/2,7Kw, KHD 912 913 - Edel<\/title>\n<meta name=\"description\" content=\"D\u00e9marreur - Deutz Fendt Renault Valmet - 12 Volt \/ 2,7 Kw, Moteur KHD 3 Cylindres, 912 913 - 204.28, 3300.35, 55\/12, DX390S - Tracteur Agricole\" \/>\n<meta name=\"robots\" content=\"index, follow, max-snippet:-1, max-image-preview:large, max-video-preview:-1\" \/>\n<link rel=\"canonical\" href=\"https:\/\/edel.fr\/en\/product\/demarreur-deutzfendtrenault-claasvalmet-volt-kw-12-27-moteur-khd-3-cylindres-912913\/\" \/>\n<meta property=\"og:locale\" content=\"en_US\" \/>\n<meta property=\"og:type\" content=\"article\" \/>\n<meta property=\"og:title\" content=\"D\u00e9marreur - Deutz Fendt Renault Valmet - 12V\/2,7Kw, KHD 912 913 - Edel\" \/>\n<meta property=\"og:description\" content=\"D\u00e9marreur - Deutz Fendt Renault Valmet - 12 Volt \/ 2,7 Kw, Moteur KHD 3 Cylindres, 912 913 - 204.28, 3300.35, 55\/12, DX390S - Tracteur Agricole\" \/>\n<meta property=\"og:url\" content=\"https:\/\/edel.fr\/en\/product\/demarreur-deutzfendtrenault-claasvalmet-volt-kw-12-27-moteur-khd-3-cylindres-912913\/\" \/>\n<meta property=\"og:site_name\" content=\"Edel\" \/>\n<meta property=\"article:modified_time\" content=\"2026-04-03T01:00:48+00:00\" \/>\n<meta property=\"og:image\" content=\"https:\/\/edel.fr\/uploads\/2019\/03\/D14.jpg\" \/>\n\t<meta property=\"og:image:width\" content=\"1920\" \/>\n\t<meta property=\"og:image:height\" content=\"1280\" \/>\n\t<meta property=\"og:image:type\" content=\"image\/jpeg\" \/>\n<meta name=\"twitter:card\" content=\"summary_large_image\" \/>\n<meta name=\"twitter:label1\" content=\"Est. reading time\" \/>\n\t<meta name=\"twitter:data1\" content=\"2 minutes\" \/>\n<script type=\"application\/ld+json\" class=\"yoast-schema-graph\">{\"@context\":\"https:\\\/\\\/schema.org\",\"@graph\":[{\"@type\":\"WebPage\",\"@id\":\"https:\\\/\\\/edel.fr\\\/en\\\/product\\\/demarreur-deutzfendtrenault-claasvalmet-volt-kw-12-27-moteur-khd-3-cylindres-912913\\\/\",\"url\":\"https:\\\/\\\/edel.fr\\\/en\\\/product\\\/demarreur-deutzfendtrenault-claasvalmet-volt-kw-12-27-moteur-khd-3-cylindres-912913\\\/\",\"name\":\"D\u00e9marreur - Deutz Fendt Renault Valmet - 12V\\\/2,7Kw, KHD 912 913 - Edel\",\"isPartOf\":{\"@id\":\"https:\\\/\\\/www.edel.fr\\\/en\\\/#website\"},\"primaryImageOfPage\":{\"@id\":\"https:\\\/\\\/edel.fr\\\/en\\\/product\\\/demarreur-deutzfendtrenault-claasvalmet-volt-kw-12-27-moteur-khd-3-cylindres-912913\\\/#primaryimage\"},\"image\":{\"@id\":\"https:\\\/\\\/edel.fr\\\/en\\\/product\\\/demarreur-deutzfendtrenault-claasvalmet-volt-kw-12-27-moteur-khd-3-cylindres-912913\\\/#primaryimage\"},\"thumbnailUrl\":\"https:\\\/\\\/edel.fr\\\/uploads\\\/2019\\\/03\\\/D14.jpg\",\"datePublished\":\"2019-03-11T08:24:24+00:00\",\"dateModified\":\"2026-04-03T01:00:48+00:00\",\"description\":\"D\u00e9marreur - Deutz Fendt Renault Valmet - 12 Volt \\\/ 2,7 Kw, Moteur KHD 3 Cylindres, 912 913 - 204.28, 3300.35, 55\\\/12, DX390S - Tracteur Agricole\",\"breadcrumb\":{\"@id\":\"https:\\\/\\\/edel.fr\\\/en\\\/product\\\/demarreur-deutzfendtrenault-claasvalmet-volt-kw-12-27-moteur-khd-3-cylindres-912913\\\/#breadcrumb\"},\"inLanguage\":\"en-US\",\"potentialAction\":[{\"@type\":\"ReadAction\",\"target\":[\"https:\\\/\\\/edel.fr\\\/en\\\/product\\\/demarreur-deutzfendtrenault-claasvalmet-volt-kw-12-27-moteur-khd-3-cylindres-912913\\\/\"]}]},{\"@type\":\"ImageObject\",\"inLanguage\":\"en-US\",\"@id\":\"https:\\\/\\\/edel.fr\\\/en\\\/product\\\/demarreur-deutzfendtrenault-claasvalmet-volt-kw-12-27-moteur-khd-3-cylindres-912913\\\/#primaryimage\",\"url\":\"https:\\\/\\\/edel.fr\\\/uploads\\\/2019\\\/03\\\/D14.jpg\",\"contentUrl\":\"https:\\\/\\\/edel.fr\\\/uploads\\\/2019\\\/03\\\/D14.jpg\",\"width\":1920,\"height\":1280,\"caption\":\"D\u00e9marreur - Deutz Fendt Renault Valmet - 12V\\\/2,7Kw, KHD 912 913\"},{\"@type\":\"BreadcrumbList\",\"@id\":\"https:\\\/\\\/edel.fr\\\/en\\\/product\\\/demarreur-deutzfendtrenault-claasvalmet-volt-kw-12-27-moteur-khd-3-cylindres-912913\\\/#breadcrumb\",\"itemListElement\":[{\"@type\":\"ListItem\",\"position\":1,\"name\":\"Pi\u00e8ce Tracteur\",\"item\":\"https:\\\/\\\/www.edel.fr\\\/en\\\/\"},{\"@type\":\"ListItem\",\"position\":2,\"name\":\"Toutes nos pi\u00e8ces Tracteur\",\"item\":\"https:\\\/\\\/edel.fr\\\/shop\\\/\"},{\"@type\":\"ListItem\",\"position\":3,\"name\":\"D\u00e9marreur &#8211; Deutz Fendt Renault Valmet &#8211; 12V\\\/2,7Kw, KHD 912 913\"}]},{\"@type\":\"WebSite\",\"@id\":\"https:\\\/\\\/www.edel.fr\\\/en\\\/#website\",\"url\":\"https:\\\/\\\/www.edel.fr\\\/en\\\/\",\"name\":\"Edel\",\"description\":\"Pi\u00e8ce d\u00e9tach\u00e9e de Tracteur Agricole\",\"publisher\":{\"@id\":\"https:\\\/\\\/www.edel.fr\\\/en\\\/#organization\"},\"potentialAction\":[{\"@type\":\"SearchAction\",\"target\":{\"@type\":\"EntryPoint\",\"urlTemplate\":\"https:\\\/\\\/www.edel.fr\\\/en\\\/?s={search_term_string}\"},\"query-input\":{\"@type\":\"PropertyValueSpecification\",\"valueRequired\":true,\"valueName\":\"search_term_string\"}}],\"inLanguage\":\"en-US\"},{\"@type\":\"Organization\",\"@id\":\"https:\\\/\\\/www.edel.fr\\\/en\\\/#organization\",\"name\":\"Edel\",\"url\":\"https:\\\/\\\/www.edel.fr\\\/en\\\/\",\"logo\":{\"@type\":\"ImageObject\",\"inLanguage\":\"en-US\",\"@id\":\"https:\\\/\\\/www.edel.fr\\\/en\\\/#\\\/schema\\\/logo\\\/image\\\/\",\"url\":\"https:\\\/\\\/www.edel.fr\\\/uploads\\\/2018\\\/11\\\/logo-edel.png\",\"contentUrl\":\"https:\\\/\\\/www.edel.fr\\\/uploads\\\/2018\\\/11\\\/logo-edel.png\",\"width\":257,\"height\":68,\"caption\":\"Edel\"},\"image\":{\"@id\":\"https:\\\/\\\/www.edel.fr\\\/en\\\/#\\\/schema\\\/logo\\\/image\\\/\"}}]}<\/script>\n<!-- \/ Yoast SEO plugin. -->","yoast_head_json":{"title":"D\u00e9marreur - Deutz Fendt Renault Valmet - 12V\/2,7Kw, KHD 912 913 - Edel","description":"D\u00e9marreur - Deutz Fendt Renault Valmet - 12 Volt \/ 2,7 Kw, Moteur KHD 3 Cylindres, 912 913 - 204.28, 3300.35, 55\/12, DX390S - Tracteur Agricole","robots":{"index":"index","follow":"follow","max-snippet":"max-snippet:-1","max-image-preview":"max-image-preview:large","max-video-preview":"max-video-preview:-1"},"canonical":"https:\/\/edel.fr\/en\/product\/demarreur-deutzfendtrenault-claasvalmet-volt-kw-12-27-moteur-khd-3-cylindres-912913\/","og_locale":"en_US","og_type":"article","og_title":"D\u00e9marreur - Deutz Fendt Renault Valmet - 12V\/2,7Kw, KHD 912 913 - Edel","og_description":"D\u00e9marreur - Deutz Fendt Renault Valmet - 12 Volt \/ 2,7 Kw, Moteur KHD 3 Cylindres, 912 913 - 204.28, 3300.35, 55\/12, DX390S - Tracteur Agricole","og_url":"https:\/\/edel.fr\/en\/product\/demarreur-deutzfendtrenault-claasvalmet-volt-kw-12-27-moteur-khd-3-cylindres-912913\/","og_site_name":"Edel","article_modified_time":"2026-04-03T01:00:48+00:00","og_image":[{"width":1920,"height":1280,"url":"https:\/\/edel.fr\/uploads\/2019\/03\/D14.jpg","type":"image\/jpeg"}],"twitter_card":"summary_large_image","twitter_misc":{"Est. reading time":"2 minutes"},"schema":{"@context":"https:\/\/schema.org","@graph":[{"@type":"WebPage","@id":"https:\/\/edel.fr\/en\/product\/demarreur-deutzfendtrenault-claasvalmet-volt-kw-12-27-moteur-khd-3-cylindres-912913\/","url":"https:\/\/edel.fr\/en\/product\/demarreur-deutzfendtrenault-claasvalmet-volt-kw-12-27-moteur-khd-3-cylindres-912913\/","name":"D\u00e9marreur - Deutz Fendt Renault Valmet - 12V\/2,7Kw, KHD 912 913 - Edel","isPartOf":{"@id":"https:\/\/www.edel.fr\/en\/#website"},"primaryImageOfPage":{"@id":"https:\/\/edel.fr\/en\/product\/demarreur-deutzfendtrenault-claasvalmet-volt-kw-12-27-moteur-khd-3-cylindres-912913\/#primaryimage"},"image":{"@id":"https:\/\/edel.fr\/en\/product\/demarreur-deutzfendtrenault-claasvalmet-volt-kw-12-27-moteur-khd-3-cylindres-912913\/#primaryimage"},"thumbnailUrl":"https:\/\/edel.fr\/uploads\/2019\/03\/D14.jpg","datePublished":"2019-03-11T08:24:24+00:00","dateModified":"2026-04-03T01:00:48+00:00","description":"D\u00e9marreur - Deutz Fendt Renault Valmet - 12 Volt \/ 2,7 Kw, Moteur KHD 3 Cylindres, 912 913 - 204.28, 3300.35, 55\/12, DX390S - Tracteur Agricole","breadcrumb":{"@id":"https:\/\/edel.fr\/en\/product\/demarreur-deutzfendtrenault-claasvalmet-volt-kw-12-27-moteur-khd-3-cylindres-912913\/#breadcrumb"},"inLanguage":"en-US","potentialAction":[{"@type":"ReadAction","target":["https:\/\/edel.fr\/en\/product\/demarreur-deutzfendtrenault-claasvalmet-volt-kw-12-27-moteur-khd-3-cylindres-912913\/"]}]},{"@type":"ImageObject","inLanguage":"en-US","@id":"https:\/\/edel.fr\/en\/product\/demarreur-deutzfendtrenault-claasvalmet-volt-kw-12-27-moteur-khd-3-cylindres-912913\/#primaryimage","url":"https:\/\/edel.fr\/uploads\/2019\/03\/D14.jpg","contentUrl":"https:\/\/edel.fr\/uploads\/2019\/03\/D14.jpg","width":1920,"height":1280,"caption":"D\u00e9marreur - Deutz Fendt Renault Valmet - 12V\/2,7Kw, KHD 912 913"},{"@type":"BreadcrumbList","@id":"https:\/\/edel.fr\/en\/product\/demarreur-deutzfendtrenault-claasvalmet-volt-kw-12-27-moteur-khd-3-cylindres-912913\/#breadcrumb","itemListElement":[{"@type":"ListItem","position":1,"name":"Pi\u00e8ce Tracteur","item":"https:\/\/www.edel.fr\/en\/"},{"@type":"ListItem","position":2,"name":"Toutes nos pi\u00e8ces Tracteur","item":"https:\/\/edel.fr\/shop\/"},{"@type":"ListItem","position":3,"name":"D\u00e9marreur &#8211; Deutz Fendt Renault Valmet &#8211; 12V\/2,7Kw, KHD 912 913"}]},{"@type":"WebSite","@id":"https:\/\/www.edel.fr\/en\/#website","url":"https:\/\/www.edel.fr\/en\/","name":"Edel","description":"Pi\u00e8ce d\u00e9tach\u00e9e de Tracteur Agricole","publisher":{"@id":"https:\/\/www.edel.fr\/en\/#organization"},"potentialAction":[{"@type":"SearchAction","target":{"@type":"EntryPoint","urlTemplate":"https:\/\/www.edel.fr\/en\/?s={search_term_string}"},"query-input":{"@type":"PropertyValueSpecification","valueRequired":true,"valueName":"search_term_string"}}],"inLanguage":"en-US"},{"@type":"Organization","@id":"https:\/\/www.edel.fr\/en\/#organization","name":"Edel","url":"https:\/\/www.edel.fr\/en\/","logo":{"@type":"ImageObject","inLanguage":"en-US","@id":"https:\/\/www.edel.fr\/en\/#\/schema\/logo\/image\/","url":"https:\/\/www.edel.fr\/uploads\/2018\/11\/logo-edel.png","contentUrl":"https:\/\/www.edel.fr\/uploads\/2018\/11\/logo-edel.png","width":257,"height":68,"caption":"Edel"},"image":{"@id":"https:\/\/www.edel.fr\/en\/#\/schema\/logo\/image\/"}}]}},"_links":{"self":[{"href":"https:\/\/edel.fr\/en\/wp-json\/wp\/v2\/product\/5909","targetHints":{"allow":["GET"]}}],"collection":[{"href":"https:\/\/edel.fr\/en\/wp-json\/wp\/v2\/product"}],"about":[{"href":"https:\/\/edel.fr\/en\/wp-json\/wp\/v2\/types\/product"}],"version-history":[{"count":2,"href":"https:\/\/edel.fr\/en\/wp-json\/wp\/v2\/product\/5909\/revisions"}],"predecessor-version":[{"id":15101,"href":"https:\/\/edel.fr\/en\/wp-json\/wp\/v2\/product\/5909\/revisions\/15101"}],"wp:featuredmedia":[{"embeddable":true,"href":"https:\/\/edel.fr\/en\/wp-json\/wp\/v2\/media\/5644"}],"wp:attachment":[{"href":"https:\/\/edel.fr\/en\/wp-json\/wp\/v2\/media?parent=5909"}],"wp:term":[{"taxonomy":"product_brand","embeddable":true,"href":"https:\/\/edel.fr\/en\/wp-json\/wp\/v2\/product_brand?post=5909"},{"taxonomy":"product_cat","embeddable":true,"href":"https:\/\/edel.fr\/en\/wp-json\/wp\/v2\/product_cat?post=5909"},{"taxonomy":"product_tag","embeddable":true,"href":"https:\/\/edel.fr\/en\/wp-json\/wp\/v2\/product_tag?post=5909"},{"taxonomy":"tracteur","embeddable":true,"href":"https:\/\/edel.fr\/en\/wp-json\/wp\/v2\/tracteur?post=5909"}],"curies":[{"name":"wp","href":"https:\/\/api.w.org\/{rel}","templated":true}]}}