{"id":5910,"date":"2019-03-11T09:24:24","date_gmt":"2019-03-11T08:24:24","guid":{"rendered":"http:\/\/edel.stephanie.ct.webcd.lan\/shop\/demarreur-claysondeutzfendtrenault-claas-volt-kw-12-30-moteur-moteur-khd-46-cylindres-912913volt-kw-12-30-moteur-moteur-khd-46-cylindres-912913volt-kw-12-30-moteur-moteur-khd-46-cy\/"},"modified":"2026-03-17T02:00:29","modified_gmt":"2026-03-17T01:00:29","slug":"demarreur-claysondeutzfendtrenault-claas-volt-kw-12-30-moteurmoteur-khd-46-cylindres-912913","status":"publish","type":"product","link":"https:\/\/edel.fr\/en\/product\/demarreur-claysondeutzfendtrenault-claas-volt-kw-12-30-moteurmoteur-khd-46-cylindres-912913\/","title":{"rendered":"D\u00e9marreur Clayson, Deutz, Fendt, Renault &#8211; 12V\/3Kw, KHD 912 913"},"content":{"rendered":"<div data-elementor-type=\"wp-post\" data-elementor-id=\"5910\" class=\"elementor elementor-5910\">\n\t\t\t\t\t\t<section class=\"elementor-section elementor-top-section elementor-element elementor-element-21fad15d elementor-section-boxed elementor-section-height-default elementor-section-height-default\" data-id=\"21fad15d\" data-element_type=\"section\" data-e-type=\"section\">\n\t\t\t\t\t\t<div class=\"elementor-container elementor-column-gap-default\">\n\t\t\t\t\t<div class=\"elementor-column elementor-col-100 elementor-top-column elementor-element elementor-element-47e68ac7\" data-id=\"47e68ac7\" data-element_type=\"column\" data-e-type=\"column\">\n\t\t\t<div class=\"elementor-widget-wrap elementor-element-populated\">\n\t\t\t\t\t\t<div class=\"elementor-element elementor-element-44d04f29 elementor-widget elementor-widget-heading\" data-id=\"44d04f29\" data-element_type=\"widget\" data-e-type=\"widget\" data-widget_type=\"heading.default\">\n\t\t\t\t<div class=\"elementor-widget-container\">\n\t\t\t\t\t<h2 class=\"elementor-heading-title elementor-size-default\">D\u00e9marreur Clayson, Deutz, Fendt, Renault Claas<\/h2>\t\t\t\t<\/div>\n\t\t\t\t<\/div>\n\t\t\t\t<div class=\"elementor-element elementor-element-568cabbd elementor-widget elementor-widget-heading\" data-id=\"568cabbd\" data-element_type=\"widget\" data-e-type=\"widget\" data-widget_type=\"heading.default\">\n\t\t\t\t<div class=\"elementor-widget-container\">\n\t\t\t\t\t<h3 class=\"elementor-heading-title elementor-size-default\">Information du produit :<\/h3>\t\t\t\t<\/div>\n\t\t\t\t<\/div>\n\t\t\t\t\t<\/div>\n\t\t<\/div>\n\t\t\t\t\t<\/div>\n\t\t<\/section>\n\t\t\t\t<section class=\"elementor-section elementor-top-section elementor-element elementor-element-6acc4a02 elementor-section-boxed elementor-section-height-default elementor-section-height-default\" data-id=\"6acc4a02\" data-element_type=\"section\" data-e-type=\"section\">\n\t\t\t\t\t\t<div class=\"elementor-container elementor-column-gap-default\">\n\t\t\t\t\t<div class=\"elementor-column elementor-col-100 elementor-top-column elementor-element elementor-element-72e2eb61\" data-id=\"72e2eb61\" data-element_type=\"column\" data-e-type=\"column\">\n\t\t\t<div class=\"elementor-widget-wrap elementor-element-populated\">\n\t\t\t\t\t\t<div class=\"elementor-element elementor-element-6e428a5e elementor-widget elementor-widget-text-editor\" data-id=\"6e428a5e\" data-element_type=\"widget\" data-e-type=\"widget\" data-widget_type=\"text-editor.default\">\n\t\t\t\t<div class=\"elementor-widget-container\">\n\t\t\t\t\t\t\t\t\t<p><strong>12 Volt \/ 3,0 Kw, Moteur KHD 4,6 Cylindres 912 913<\/strong><\/p><p>Le d\u00e9marreur de votre tracteur est indispensable, le tracteur ne pourra pas d\u00e9marrer correctement si le d\u00e9marreur n&rsquo;est pas fonctionnel. Il se pr\u00e9sente sous la forme d\u2019un petit moteur \u00e9lectrique, rattach\u00e9 au volant moteur. Il est directement aliment\u00e9 par la batterie et il a pour r\u00f4le de mettre en marche le moteur\u00a0de votre tracteur.<\/p><p>Pour trouver le bon <strong>d\u00e9marreur tracteur<\/strong> qui s\u2019adaptera au mieux \u00e0 votre engin agricole, il est \u00e9galement pr\u00e9f\u00e9rable de se r\u00e9f\u00e9rer \u00e0 sa r\u00e9f\u00e9rence d\u2019origine. Elle est en g\u00e9n\u00e9ral inscrite sur le d\u00e9marreur. Sans cette r\u00e9f\u00e9rence, il faudra vous appuyer sur la marque et le mod\u00e8le de votre <strong>tracteur agricole.<\/strong><\/p><p>Avant le d\u00e9montage de votre d\u00e9marreur, nous vous conseillons d&rsquo;abord de d\u00e9brancher votre batterie. Mais aussi de rep\u00e9rer les diff\u00e9rents branchements d\u2019alimentation du d\u00e9marreur.<\/p><p>Pour choisir son <strong>d\u00e9marreur de tracteur<\/strong>, il faut choisir entre les d\u00e9marreurs classiques ou les <strong>d\u00e9marreurs avec r\u00e9ducteur droit ou d\u00e9cal\u00e9.<\/strong><\/p><p>Il est possible de changer le d\u00e9marreur classique par un <strong>d\u00e9marreur avec r\u00e9ducteur.<\/strong> Par exemple, sur un <strong>tracteur ancien<\/strong>, cela lui simplifiera consid\u00e9rablement son d\u00e9marrage.<\/p><p>C\u2019est pourquoi nous vous proposons une pi\u00e8ce de marque\u00a0<a href=\"https:\/\/edel.fr\/en\/constructeur\/mahle\/\">Mahle<\/a>\u00a0\/\u00a0<a href=\"https:\/\/edel.fr\/en\/constructeur\/letrika\/\">Letrika<\/a>\u00a0reconnue pour sa fiabilit\u00e9.<\/p><p>D\u00e9marreur Clayson, Deutz, Fendt, Renault : 200S, 204, 275S, 5506, Carraro 7014.<\/p><p><strong>R\u00e9f\u00e9rences constructeur\u00a0<\/strong><\/p><p>AGCO : C000900060110<\/p><p>AGRITALIA (CARRARO) : 130 652<\/p><p>BOSCH : 0001359027, 0001359073, 0001367004, 0986011200, SR 912 X.<\/p><p>CARGO : 110818<\/p><p>CARRARO : 130652<\/p><p>CLAAS : 6005016395<\/p><p>DEUTZ AG (KHD) : 0116 1384, 0116 3669, 0116 4994, 0117 3240.<\/p><p>EFEL : 10430, 11640.<\/p><p>LESTER : 17074<\/p><p>MAGNETI MARELLI : 9432 168 18, 9432 174 07, 9432 522 04, MSR 218, MSR 240, MSR 697, MT 68 T.<\/p><p>MAGNETON : 9142 764<\/p><p>PRESTOLITE : 20500762<\/p><p>RENAULT AGRICULTURE\/CLAAS : 60 00 102 270, 60 00 102 394, 60 05 003 155, 60 05 003 156, 60 05 016 395.<\/p><p>SPAREX : 359800<\/p><p>TORPEDO : 021 2321<\/p><p>VALEO : 433 318, 436 077.<\/p><p>Edel vous propose \u00e9galement une large gamme de d\u00e9marreur pour des applications sp\u00e9cifiques, et de diff\u00e9rentes marques.<\/p><p>Donc, pour plus de renseignements, n\u2019h\u00e9sitez pas \u00e0 nous consulter !<\/p>\t\t\t\t\t\t\t\t<\/div>\n\t\t\t\t<\/div>\n\t\t\t\t\t<\/div>\n\t\t<\/div>\n\t\t\t\t\t<\/div>\n\t\t<\/section>\n\t\t\t\t<\/div>","protected":false},"excerpt":{"rendered":"<p>D\u00e9marreur Clayson, Deutz, Fendt, Renault Claas Information du produit : 12 Volt \/ 3,0 Kw, Moteur KHD 4,6 Cylindres 912 913 Le d\u00e9marreur de votre tracteur est indispensable, le tracteur ne pourra pas d\u00e9marrer correctement si le d\u00e9marreur n&rsquo;est pas fonctionnel. Il se pr\u00e9sente sous la forme d\u2019un petit moteur \u00e9lectrique, rattach\u00e9 au volant moteur.<br \/><a class=\"more-link\" href=\"https:\/\/edel.fr\/en\/product\/demarreur-claysondeutzfendtrenault-claas-volt-kw-12-30-moteurmoteur-khd-46-cylindres-912913\/\"><br \/>\n        Read More<span class=\"screen-reader-text\"> \u00ab\u00a0D\u00e9marreur Clayson, Deutz, Fendt, Renault &#8211; 12V\/3Kw, KHD 912 913\u00a0\u00bb<\/span><\/a><\/p>","protected":false},"featured_media":5645,"template":"","meta":[],"product_brand":[],"product_cat":[3995,4003,3997,4011,165,154,119],"product_tag":[2460,180],"tracteur":[],"class_list":{"0":"post-5910","1":"product","2":"type-product","3":"status-publish","4":"has-post-thumbnail","6":"product_cat-demarreur-clayson","7":"product_cat-demarreur-deutz","8":"product_cat-demarreur-fendt","9":"product_cat-demarreur-renault-claas","10":"product_cat-demarreurs","11":"product_cat-electricite","12":"product_cat-tracteurs-agricoles","13":"product_tag-demarreurs","14":"product_tag-electricite","15":"product_shipping_class-142","16":"pa_fabriquant-mahle","17":"pa_marque-tracteur-clayson","18":"pa_marque-tracteur-fendt","19":"pa_marque-tracteur-khd-deutz","20":"pa_marque-tracteur-renault-claas","21":"pa_modele-tracteur-carraro","22":"pa_modele-tracteur-gamme-dx","23":"pa_modele-tracteur-moissonneuse-batteuse","24":"pa_type-2-200s","25":"pa_type-2-2051","26":"pa_type-2-275s","27":"pa_type-2-2048","28":"pa_type-2-carraro-7014","29":"badges-style-2","31":"first","32":"instock","33":"taxable","34":"shipping-taxable","35":"purchasable","36":"product-type-simple"},"acf":[],"yoast_head":"<!-- This site is optimized with the Yoast SEO plugin v27.3 - https:\/\/yoast.com\/product\/yoast-seo-wordpress\/ -->\n<title>D\u00e9marreur Clayson, Deutz, Fendt, Renault - 12V\/3Kw, KHD 912 913 - Edel<\/title>\n<meta name=\"description\" content=\"D\u00e9marreur Clayson, Deutz, Fendt, Renault Claas - 12 Volt \/ 3,0 Kw, Moteur KHD 4,6 Cylindres 912 913 - 200S, 204, 275S, 5506, Carraro 7014\" \/>\n<meta name=\"robots\" content=\"index, follow, max-snippet:-1, max-image-preview:large, max-video-preview:-1\" \/>\n<link rel=\"canonical\" href=\"https:\/\/edel.fr\/en\/product\/demarreur-claysondeutzfendtrenault-claas-volt-kw-12-30-moteurmoteur-khd-46-cylindres-912913\/\" \/>\n<meta property=\"og:locale\" content=\"en_US\" \/>\n<meta property=\"og:type\" content=\"article\" \/>\n<meta property=\"og:title\" content=\"D\u00e9marreur Clayson, Deutz, Fendt, Renault - 12V\/3Kw, KHD 912 913 - Edel\" \/>\n<meta property=\"og:description\" content=\"D\u00e9marreur Clayson, Deutz, Fendt, Renault Claas - 12 Volt \/ 3,0 Kw, Moteur KHD 4,6 Cylindres 912 913 - 200S, 204, 275S, 5506, Carraro 7014\" \/>\n<meta property=\"og:url\" content=\"https:\/\/edel.fr\/en\/product\/demarreur-claysondeutzfendtrenault-claas-volt-kw-12-30-moteurmoteur-khd-46-cylindres-912913\/\" \/>\n<meta property=\"og:site_name\" content=\"Edel\" \/>\n<meta property=\"article:modified_time\" content=\"2026-03-17T01:00:29+00:00\" \/>\n<meta property=\"og:image\" content=\"https:\/\/edel.fr\/uploads\/2019\/03\/D15.jpg\" \/>\n\t<meta property=\"og:image:width\" content=\"1920\" \/>\n\t<meta property=\"og:image:height\" content=\"1280\" \/>\n\t<meta property=\"og:image:type\" content=\"image\/jpeg\" \/>\n<meta name=\"twitter:card\" content=\"summary_large_image\" \/>\n<meta name=\"twitter:label1\" content=\"Est. reading time\" \/>\n\t<meta name=\"twitter:data1\" content=\"2 minutes\" \/>\n<script type=\"application\/ld+json\" class=\"yoast-schema-graph\">{\"@context\":\"https:\\\/\\\/schema.org\",\"@graph\":[{\"@type\":\"WebPage\",\"@id\":\"https:\\\/\\\/edel.fr\\\/produit\\\/demarreur-claysondeutzfendtrenault-claas-volt-kw-12-30-moteurmoteur-khd-46-cylindres-912913\\\/\",\"url\":\"https:\\\/\\\/edel.fr\\\/produit\\\/demarreur-claysondeutzfendtrenault-claas-volt-kw-12-30-moteurmoteur-khd-46-cylindres-912913\\\/\",\"name\":\"D\u00e9marreur Clayson, Deutz, Fendt, Renault - 12V\\\/3Kw, KHD 912 913 - Edel\",\"isPartOf\":{\"@id\":\"https:\\\/\\\/www.edel.fr\\\/en\\\/#website\"},\"primaryImageOfPage\":{\"@id\":\"https:\\\/\\\/edel.fr\\\/produit\\\/demarreur-claysondeutzfendtrenault-claas-volt-kw-12-30-moteurmoteur-khd-46-cylindres-912913\\\/#primaryimage\"},\"image\":{\"@id\":\"https:\\\/\\\/edel.fr\\\/produit\\\/demarreur-claysondeutzfendtrenault-claas-volt-kw-12-30-moteurmoteur-khd-46-cylindres-912913\\\/#primaryimage\"},\"thumbnailUrl\":\"https:\\\/\\\/edel.fr\\\/uploads\\\/2019\\\/03\\\/D15.jpg\",\"datePublished\":\"2019-03-11T08:24:24+00:00\",\"dateModified\":\"2026-03-17T01:00:29+00:00\",\"description\":\"D\u00e9marreur Clayson, Deutz, Fendt, Renault Claas - 12 Volt \\\/ 3,0 Kw, Moteur KHD 4,6 Cylindres 912 913 - 200S, 204, 275S, 5506, Carraro 7014\",\"breadcrumb\":{\"@id\":\"https:\\\/\\\/edel.fr\\\/produit\\\/demarreur-claysondeutzfendtrenault-claas-volt-kw-12-30-moteurmoteur-khd-46-cylindres-912913\\\/#breadcrumb\"},\"inLanguage\":\"en-US\",\"potentialAction\":[{\"@type\":\"ReadAction\",\"target\":[\"https:\\\/\\\/edel.fr\\\/produit\\\/demarreur-claysondeutzfendtrenault-claas-volt-kw-12-30-moteurmoteur-khd-46-cylindres-912913\\\/\"]}]},{\"@type\":\"ImageObject\",\"inLanguage\":\"en-US\",\"@id\":\"https:\\\/\\\/edel.fr\\\/produit\\\/demarreur-claysondeutzfendtrenault-claas-volt-kw-12-30-moteurmoteur-khd-46-cylindres-912913\\\/#primaryimage\",\"url\":\"https:\\\/\\\/edel.fr\\\/uploads\\\/2019\\\/03\\\/D15.jpg\",\"contentUrl\":\"https:\\\/\\\/edel.fr\\\/uploads\\\/2019\\\/03\\\/D15.jpg\",\"width\":1920,\"height\":1280,\"caption\":\"D\u00e9marreur Clayson, Deutz, Fendt, Renault - 12V\\\/3Kw, KHD 912 913\"},{\"@type\":\"BreadcrumbList\",\"@id\":\"https:\\\/\\\/edel.fr\\\/produit\\\/demarreur-claysondeutzfendtrenault-claas-volt-kw-12-30-moteurmoteur-khd-46-cylindres-912913\\\/#breadcrumb\",\"itemListElement\":[{\"@type\":\"ListItem\",\"position\":1,\"name\":\"Pi\u00e8ce Tracteur\",\"item\":\"https:\\\/\\\/www.edel.fr\\\/en\\\/\"},{\"@type\":\"ListItem\",\"position\":2,\"name\":\"Toutes nos pi\u00e8ces Tracteur\",\"item\":\"https:\\\/\\\/edel.fr\\\/shop\\\/\"},{\"@type\":\"ListItem\",\"position\":3,\"name\":\"D\u00e9marreur Clayson, Deutz, Fendt, Renault &#8211; 12V\\\/3Kw, KHD 912 913\"}]},{\"@type\":\"WebSite\",\"@id\":\"https:\\\/\\\/www.edel.fr\\\/en\\\/#website\",\"url\":\"https:\\\/\\\/www.edel.fr\\\/en\\\/\",\"name\":\"Edel\",\"description\":\"Pi\u00e8ce d\u00e9tach\u00e9e de Tracteur Agricole\",\"publisher\":{\"@id\":\"https:\\\/\\\/www.edel.fr\\\/en\\\/#organization\"},\"potentialAction\":[{\"@type\":\"SearchAction\",\"target\":{\"@type\":\"EntryPoint\",\"urlTemplate\":\"https:\\\/\\\/www.edel.fr\\\/en\\\/?s={search_term_string}\"},\"query-input\":{\"@type\":\"PropertyValueSpecification\",\"valueRequired\":true,\"valueName\":\"search_term_string\"}}],\"inLanguage\":\"en-US\"},{\"@type\":\"Organization\",\"@id\":\"https:\\\/\\\/www.edel.fr\\\/en\\\/#organization\",\"name\":\"Edel\",\"url\":\"https:\\\/\\\/www.edel.fr\\\/en\\\/\",\"logo\":{\"@type\":\"ImageObject\",\"inLanguage\":\"en-US\",\"@id\":\"https:\\\/\\\/www.edel.fr\\\/en\\\/#\\\/schema\\\/logo\\\/image\\\/\",\"url\":\"https:\\\/\\\/www.edel.fr\\\/uploads\\\/2018\\\/11\\\/logo-edel.png\",\"contentUrl\":\"https:\\\/\\\/www.edel.fr\\\/uploads\\\/2018\\\/11\\\/logo-edel.png\",\"width\":257,\"height\":68,\"caption\":\"Edel\"},\"image\":{\"@id\":\"https:\\\/\\\/www.edel.fr\\\/en\\\/#\\\/schema\\\/logo\\\/image\\\/\"}}]}<\/script>\n<!-- \/ Yoast SEO plugin. -->","yoast_head_json":{"title":"D\u00e9marreur Clayson, Deutz, Fendt, Renault - 12V\/3Kw, KHD 912 913 - Edel","description":"D\u00e9marreur Clayson, Deutz, Fendt, Renault Claas - 12 Volt \/ 3,0 Kw, Moteur KHD 4,6 Cylindres 912 913 - 200S, 204, 275S, 5506, Carraro 7014","robots":{"index":"index","follow":"follow","max-snippet":"max-snippet:-1","max-image-preview":"max-image-preview:large","max-video-preview":"max-video-preview:-1"},"canonical":"https:\/\/edel.fr\/en\/product\/demarreur-claysondeutzfendtrenault-claas-volt-kw-12-30-moteurmoteur-khd-46-cylindres-912913\/","og_locale":"en_US","og_type":"article","og_title":"D\u00e9marreur Clayson, Deutz, Fendt, Renault - 12V\/3Kw, KHD 912 913 - Edel","og_description":"D\u00e9marreur Clayson, Deutz, Fendt, Renault Claas - 12 Volt \/ 3,0 Kw, Moteur KHD 4,6 Cylindres 912 913 - 200S, 204, 275S, 5506, Carraro 7014","og_url":"https:\/\/edel.fr\/en\/product\/demarreur-claysondeutzfendtrenault-claas-volt-kw-12-30-moteurmoteur-khd-46-cylindres-912913\/","og_site_name":"Edel","article_modified_time":"2026-03-17T01:00:29+00:00","og_image":[{"width":1920,"height":1280,"url":"https:\/\/edel.fr\/uploads\/2019\/03\/D15.jpg","type":"image\/jpeg"}],"twitter_card":"summary_large_image","twitter_misc":{"Est. reading time":"2 minutes"},"schema":{"@context":"https:\/\/schema.org","@graph":[{"@type":"WebPage","@id":"https:\/\/edel.fr\/produit\/demarreur-claysondeutzfendtrenault-claas-volt-kw-12-30-moteurmoteur-khd-46-cylindres-912913\/","url":"https:\/\/edel.fr\/produit\/demarreur-claysondeutzfendtrenault-claas-volt-kw-12-30-moteurmoteur-khd-46-cylindres-912913\/","name":"D\u00e9marreur Clayson, Deutz, Fendt, Renault - 12V\/3Kw, KHD 912 913 - Edel","isPartOf":{"@id":"https:\/\/www.edel.fr\/en\/#website"},"primaryImageOfPage":{"@id":"https:\/\/edel.fr\/produit\/demarreur-claysondeutzfendtrenault-claas-volt-kw-12-30-moteurmoteur-khd-46-cylindres-912913\/#primaryimage"},"image":{"@id":"https:\/\/edel.fr\/produit\/demarreur-claysondeutzfendtrenault-claas-volt-kw-12-30-moteurmoteur-khd-46-cylindres-912913\/#primaryimage"},"thumbnailUrl":"https:\/\/edel.fr\/uploads\/2019\/03\/D15.jpg","datePublished":"2019-03-11T08:24:24+00:00","dateModified":"2026-03-17T01:00:29+00:00","description":"D\u00e9marreur Clayson, Deutz, Fendt, Renault Claas - 12 Volt \/ 3,0 Kw, Moteur KHD 4,6 Cylindres 912 913 - 200S, 204, 275S, 5506, Carraro 7014","breadcrumb":{"@id":"https:\/\/edel.fr\/produit\/demarreur-claysondeutzfendtrenault-claas-volt-kw-12-30-moteurmoteur-khd-46-cylindres-912913\/#breadcrumb"},"inLanguage":"en-US","potentialAction":[{"@type":"ReadAction","target":["https:\/\/edel.fr\/produit\/demarreur-claysondeutzfendtrenault-claas-volt-kw-12-30-moteurmoteur-khd-46-cylindres-912913\/"]}]},{"@type":"ImageObject","inLanguage":"en-US","@id":"https:\/\/edel.fr\/produit\/demarreur-claysondeutzfendtrenault-claas-volt-kw-12-30-moteurmoteur-khd-46-cylindres-912913\/#primaryimage","url":"https:\/\/edel.fr\/uploads\/2019\/03\/D15.jpg","contentUrl":"https:\/\/edel.fr\/uploads\/2019\/03\/D15.jpg","width":1920,"height":1280,"caption":"D\u00e9marreur Clayson, Deutz, Fendt, Renault - 12V\/3Kw, KHD 912 913"},{"@type":"BreadcrumbList","@id":"https:\/\/edel.fr\/produit\/demarreur-claysondeutzfendtrenault-claas-volt-kw-12-30-moteurmoteur-khd-46-cylindres-912913\/#breadcrumb","itemListElement":[{"@type":"ListItem","position":1,"name":"Pi\u00e8ce Tracteur","item":"https:\/\/www.edel.fr\/en\/"},{"@type":"ListItem","position":2,"name":"Toutes nos pi\u00e8ces Tracteur","item":"https:\/\/edel.fr\/shop\/"},{"@type":"ListItem","position":3,"name":"D\u00e9marreur Clayson, Deutz, Fendt, Renault &#8211; 12V\/3Kw, KHD 912 913"}]},{"@type":"WebSite","@id":"https:\/\/www.edel.fr\/en\/#website","url":"https:\/\/www.edel.fr\/en\/","name":"Edel","description":"Pi\u00e8ce d\u00e9tach\u00e9e de Tracteur Agricole","publisher":{"@id":"https:\/\/www.edel.fr\/en\/#organization"},"potentialAction":[{"@type":"SearchAction","target":{"@type":"EntryPoint","urlTemplate":"https:\/\/www.edel.fr\/en\/?s={search_term_string}"},"query-input":{"@type":"PropertyValueSpecification","valueRequired":true,"valueName":"search_term_string"}}],"inLanguage":"en-US"},{"@type":"Organization","@id":"https:\/\/www.edel.fr\/en\/#organization","name":"Edel","url":"https:\/\/www.edel.fr\/en\/","logo":{"@type":"ImageObject","inLanguage":"en-US","@id":"https:\/\/www.edel.fr\/en\/#\/schema\/logo\/image\/","url":"https:\/\/www.edel.fr\/uploads\/2018\/11\/logo-edel.png","contentUrl":"https:\/\/www.edel.fr\/uploads\/2018\/11\/logo-edel.png","width":257,"height":68,"caption":"Edel"},"image":{"@id":"https:\/\/www.edel.fr\/en\/#\/schema\/logo\/image\/"}}]}},"_links":{"self":[{"href":"https:\/\/edel.fr\/en\/wp-json\/wp\/v2\/product\/5910","targetHints":{"allow":["GET"]}}],"collection":[{"href":"https:\/\/edel.fr\/en\/wp-json\/wp\/v2\/product"}],"about":[{"href":"https:\/\/edel.fr\/en\/wp-json\/wp\/v2\/types\/product"}],"version-history":[{"count":2,"href":"https:\/\/edel.fr\/en\/wp-json\/wp\/v2\/product\/5910\/revisions"}],"predecessor-version":[{"id":15097,"href":"https:\/\/edel.fr\/en\/wp-json\/wp\/v2\/product\/5910\/revisions\/15097"}],"wp:featuredmedia":[{"embeddable":true,"href":"https:\/\/edel.fr\/en\/wp-json\/wp\/v2\/media\/5645"}],"wp:attachment":[{"href":"https:\/\/edel.fr\/en\/wp-json\/wp\/v2\/media?parent=5910"}],"wp:term":[{"taxonomy":"product_brand","embeddable":true,"href":"https:\/\/edel.fr\/en\/wp-json\/wp\/v2\/product_brand?post=5910"},{"taxonomy":"product_cat","embeddable":true,"href":"https:\/\/edel.fr\/en\/wp-json\/wp\/v2\/product_cat?post=5910"},{"taxonomy":"product_tag","embeddable":true,"href":"https:\/\/edel.fr\/en\/wp-json\/wp\/v2\/product_tag?post=5910"},{"taxonomy":"tracteur","embeddable":true,"href":"https:\/\/edel.fr\/en\/wp-json\/wp\/v2\/tracteur?post=5910"}],"curies":[{"name":"wp","href":"https:\/\/api.w.org\/{rel}","templated":true}]}}