{"id":5916,"date":"2019-03-11T09:24:24","date_gmt":"2019-03-11T08:24:24","guid":{"rendered":"http:\/\/edel.stephanie.ct.webcd.lan\/shop\/demarreur-case-ihfendtrenault-claassteyr-volt-kw-12-31-moteur-mwmvolt-kw-12-31-moteur-mwmvolt-kw-12-31-moteur-mwmvolt-kw-12-31-moteur-mwm\/"},"modified":"2026-03-21T02:00:17","modified_gmt":"2026-03-21T01:00:17","slug":"demarreur-case-ihfendtrenault-claassteyr-volt-kw-12-31-moteur-mwm","status":"publish","type":"product","link":"https:\/\/edel.fr\/en\/product\/demarreur-case-ihfendtrenault-claassteyr-volt-kw-12-31-moteur-mwm\/","title":{"rendered":"D\u00e9marreur &#8211; Fendt, Case Ih, Renault Claas, Steyr 12V\/3,1Kw, MWM"},"content":{"rendered":"<div data-elementor-type=\"wp-post\" data-elementor-id=\"5916\" class=\"elementor elementor-5916\">\n\t\t\t\t\t\t<section class=\"elementor-section elementor-top-section elementor-element elementor-element-1b5bc06a elementor-section-boxed elementor-section-height-default elementor-section-height-default\" data-id=\"1b5bc06a\" data-element_type=\"section\" data-e-type=\"section\">\n\t\t\t\t\t\t<div class=\"elementor-container elementor-column-gap-default\">\n\t\t\t\t\t<div class=\"elementor-column elementor-col-100 elementor-top-column elementor-element elementor-element-4df4f96\" data-id=\"4df4f96\" data-element_type=\"column\" data-e-type=\"column\">\n\t\t\t<div class=\"elementor-widget-wrap elementor-element-populated\">\n\t\t\t\t\t\t<div class=\"elementor-element elementor-element-2dba642d elementor-widget elementor-widget-heading\" data-id=\"2dba642d\" data-element_type=\"widget\" data-e-type=\"widget\" data-widget_type=\"heading.default\">\n\t\t\t\t<div class=\"elementor-widget-container\">\n\t\t\t\t\t<h2 class=\"elementor-heading-title elementor-size-default\">D\u00e9marreur - Fendt, Case Ih, Renault Claas, Steyr<\/h2>\t\t\t\t<\/div>\n\t\t\t\t<\/div>\n\t\t\t\t<div class=\"elementor-element elementor-element-52c60814 elementor-widget elementor-widget-heading\" data-id=\"52c60814\" data-element_type=\"widget\" data-e-type=\"widget\" data-widget_type=\"heading.default\">\n\t\t\t\t<div class=\"elementor-widget-container\">\n\t\t\t\t\t<h3 class=\"elementor-heading-title elementor-size-default\">Information du produit :<\/h3>\t\t\t\t<\/div>\n\t\t\t\t<\/div>\n\t\t\t\t\t<\/div>\n\t\t<\/div>\n\t\t\t\t\t<\/div>\n\t\t<\/section>\n\t\t\t\t<section class=\"elementor-section elementor-top-section elementor-element elementor-element-6669d2af elementor-section-boxed elementor-section-height-default elementor-section-height-default\" data-id=\"6669d2af\" data-element_type=\"section\" data-e-type=\"section\">\n\t\t\t\t\t\t<div class=\"elementor-container elementor-column-gap-default\">\n\t\t\t\t\t<div class=\"elementor-column elementor-col-100 elementor-top-column elementor-element elementor-element-35178345\" data-id=\"35178345\" data-element_type=\"column\" data-e-type=\"column\">\n\t\t\t<div class=\"elementor-widget-wrap elementor-element-populated\">\n\t\t\t\t\t\t<div class=\"elementor-element elementor-element-437ca8e7 elementor-widget elementor-widget-text-editor\" data-id=\"437ca8e7\" data-element_type=\"widget\" data-e-type=\"widget\" data-widget_type=\"text-editor.default\">\n\t\t\t\t<div class=\"elementor-widget-container\">\n\t\t\t\t\t\t\t\t\t<p><strong>12 Volt \/ 3,1 Kw, Moteur MWM<\/strong><\/p><p>Le d\u00e9marreur de votre tracteur est indispensable, le tracteur ne pourra pas d\u00e9marrer correctement si le d\u00e9marreur n&rsquo;est pas fonctionnel. Il se pr\u00e9sente sous la forme d\u2019un petit moteur \u00e9lectrique, rattach\u00e9 au volant moteur. Il est directement aliment\u00e9 par la batterie et il a pour r\u00f4le de mettre en marche le moteur\u00a0de votre tracteur.<\/p><p>Pour trouver le bon <strong>d\u00e9marreur tracteur<\/strong> qui s\u2019adaptera au mieux \u00e0 votre engin agricole, il est \u00e9galement pr\u00e9f\u00e9rable de se r\u00e9f\u00e9rer \u00e0 sa r\u00e9f\u00e9rence d\u2019origine. Elle est en g\u00e9n\u00e9ral inscrite sur le d\u00e9marreur. Sans cette r\u00e9f\u00e9rence, il faudra vous appuyer sur la marque et le mod\u00e8le de votre <strong>tracteur agricole.<\/strong><\/p><p>Avant le d\u00e9montage de votre d\u00e9marreur, nous vous conseillons d&rsquo;abord de d\u00e9brancher votre batterie. Mais aussi de rep\u00e9rer les diff\u00e9rents branchements d\u2019alimentation du d\u00e9marreur.<\/p><p>Pour choisir son <strong>d\u00e9marreur de tracteur<\/strong>, il faut choisir entre les d\u00e9marreurs classiques ou les <strong>d\u00e9marreurs avec r\u00e9ducteur droit ou d\u00e9cal\u00e9.<\/strong><\/p><p>Il est possible de changer le d\u00e9marreur classique par un <strong>d\u00e9marreur avec r\u00e9ducteur.<\/strong> Par exemple, sur un <strong>tracteur ancien<\/strong>, cela lui simplifiera consid\u00e9rablement son d\u00e9marrage.<\/p><p>C\u2019est pourquoi nous vous proposons une pi\u00e8ce de marque\u00a0<a href=\"https:\/\/edel.fr\/en\/constructeur\/mahle\/\">Mahle<\/a>\u00a0\/\u00a0<a href=\"https:\/\/edel.fr\/en\/constructeur\/letrika\/\">Letrika<\/a>\u00a0reconnue pour sa fiabilit\u00e9.<\/p><p>D\u00e9marreur &#8211; Fendt, Case Ih, Renault Claas, Steyr : 226, 227, 308 C, 325, 327, 509, 51, 512, 514, 53, 56, 75.14, 75.34, 80, 86, 9083.9086, Ceres 82, Ceres 95, CS 78, CS 86.<\/p><p><strong>R\u00e9f\u00e9rences constructeur<\/strong><\/p><p>AGCO : C000900060180<\/p><p>BOSCH : 0001359025, 0001369017.<\/p><p>LESTER : 18229<\/p><p>LUCAS : LRS01069<\/p><p>RENAULT AGRICULTURE\/CLAAS : 60 05 003 153, 60 05 701 125, 77 00 519 797, 77 00 525 547.<\/p><p>SPAREX : 36134<\/p><p>Edel vous propose \u00e9galement une large gamme de d\u00e9marreur pour des applications sp\u00e9cifiques, et de diff\u00e9rentes marques.<\/p><p>Donc, pour plus de renseignements, n\u2019h\u00e9sitez pas \u00e0 nous consulter !<\/p>\t\t\t\t\t\t\t\t<\/div>\n\t\t\t\t<\/div>\n\t\t\t\t\t<\/div>\n\t\t<\/div>\n\t\t\t\t\t<\/div>\n\t\t<\/section>\n\t\t\t\t<\/div>","protected":false},"excerpt":{"rendered":"<p>D\u00e9marreur &#8211; Fendt, Case Ih, Renault Claas, Steyr Information du produit : 12 Volt \/ 3,1 Kw, Moteur MWM Le d\u00e9marreur de votre tracteur est indispensable, le tracteur ne pourra pas d\u00e9marrer correctement si le d\u00e9marreur n&rsquo;est pas fonctionnel. Il se pr\u00e9sente sous la forme d\u2019un petit moteur \u00e9lectrique, rattach\u00e9 au volant moteur. Il est<br \/><a class=\"more-link\" href=\"https:\/\/edel.fr\/en\/product\/demarreur-case-ihfendtrenault-claassteyr-volt-kw-12-31-moteur-mwm\/\"><br \/>\n        Read More<span class=\"screen-reader-text\"> \u00ab\u00a0D\u00e9marreur &#8211; Fendt, Case Ih, Renault Claas, Steyr 12V\/3,1Kw, MWM\u00a0\u00bb<\/span><\/a><\/p>","protected":false},"featured_media":5651,"template":"","meta":[],"product_brand":[],"product_cat":[3994,3997,4011,4012,165,154,119],"product_tag":[2460,180],"tracteur":[],"class_list":{"0":"post-5916","1":"product","2":"type-product","3":"status-publish","4":"has-post-thumbnail","6":"product_cat-demarreur-case-ih","7":"product_cat-demarreur-fendt","8":"product_cat-demarreur-renault-claas","9":"product_cat-demarreur-steyr","10":"product_cat-demarreurs","11":"product_cat-electricite","12":"product_cat-tracteurs-agricoles","13":"product_tag-demarreurs","14":"product_tag-electricite","15":"product_shipping_class-142","16":"pa_fabriquant-mahle","17":"pa_marque-tracteur-case-ih","18":"pa_marque-tracteur-fendt","19":"pa_marque-tracteur-renault-claas","20":"pa_marque-tracteur-steyr","21":"pa_modele-tracteur-ceres","22":"pa_modele-tracteur-cs","23":"pa_modele-tracteur-tous-types","24":"pa_type-2-2114","25":"pa_type-2-2115","26":"pa_type-2-308-c","27":"pa_type-2-2116","28":"pa_type-2-2117","29":"pa_type-2-1737","30":"pa_type-2-2112","31":"pa_type-2-1738","32":"pa_type-2-1739","33":"pa_type-2-2113","34":"pa_type-2-1208","35":"pa_type-2-75-14","36":"pa_type-2-75-34","37":"pa_type-2-1238","38":"pa_type-2-1685","39":"pa_type-2-9083-9086","40":"pa_type-2-ceres-82","41":"pa_type-2-ceres-95","42":"pa_type-2-cs-78","43":"pa_type-2-cs-86","44":"badges-style-2","46":"first","47":"instock","48":"taxable","49":"shipping-taxable","50":"purchasable","51":"product-type-simple"},"acf":[],"yoast_head":"<!-- This site is optimized with the Yoast SEO plugin v27.3 - https:\/\/yoast.com\/product\/yoast-seo-wordpress\/ -->\n<title>D\u00e9marreur - Fendt, Case Ih, Renault Claas, Steyr 12V\/3,1Kw, MWM - Edel<\/title>\n<meta name=\"description\" content=\"D\u00e9marreur - Fendt, Case Ih, Renault Claas, Steyr - 12 Volt \/ 3,1 Kw, Moteur MWM - 226 227 308 C 325 327 509 51 512 514 53 56 75.14 80 86 Ceres 95 CS78 CS86\" \/>\n<meta name=\"robots\" content=\"index, follow, max-snippet:-1, max-image-preview:large, max-video-preview:-1\" \/>\n<link rel=\"canonical\" href=\"http:\/\/www.edel.fr\/en\/product\/demarreur-case-ihfendtrenault-claassteyr-volt-kw-12-31-moteur-mwm\/\" \/>\n<meta property=\"og:locale\" content=\"en_US\" \/>\n<meta property=\"og:type\" content=\"article\" \/>\n<meta property=\"og:title\" content=\"D\u00e9marreur - Fendt, Case Ih, Renault Claas, Steyr 12V\/3,1Kw, MWM - Edel\" \/>\n<meta property=\"og:description\" content=\"D\u00e9marreur - Fendt, Case Ih, Renault Claas, Steyr - 12 Volt \/ 3,1 Kw, Moteur MWM - 226 227 308 C 325 327 509 51 512 514 53 56 75.14 80 86 Ceres 95 CS78 CS86\" \/>\n<meta property=\"og:url\" content=\"http:\/\/www.edel.fr\/en\/product\/demarreur-case-ihfendtrenault-claassteyr-volt-kw-12-31-moteur-mwm\/\" \/>\n<meta property=\"og:site_name\" content=\"Edel\" \/>\n<meta property=\"article:modified_time\" content=\"2026-03-21T01:00:17+00:00\" \/>\n<meta property=\"og:image\" content=\"http:\/\/www.edel.fr\/uploads\/2019\/03\/D21.jpg\" \/>\n\t<meta property=\"og:image:width\" content=\"1920\" \/>\n\t<meta property=\"og:image:height\" content=\"1280\" \/>\n\t<meta property=\"og:image:type\" content=\"image\/jpeg\" \/>\n<meta name=\"twitter:card\" content=\"summary_large_image\" \/>\n<meta name=\"twitter:label1\" content=\"Est. reading time\" \/>\n\t<meta name=\"twitter:data1\" content=\"2 minutes\" \/>\n<script type=\"application\/ld+json\" class=\"yoast-schema-graph\">{\"@context\":\"https:\\\/\\\/schema.org\",\"@graph\":[{\"@type\":\"WebPage\",\"@id\":\"http:\\\/\\\/www.edel.fr\\\/en\\\/product\\\/demarreur-case-ihfendtrenault-claassteyr-volt-kw-12-31-moteur-mwm\\\/\",\"url\":\"http:\\\/\\\/www.edel.fr\\\/en\\\/product\\\/demarreur-case-ihfendtrenault-claassteyr-volt-kw-12-31-moteur-mwm\\\/\",\"name\":\"D\u00e9marreur - Fendt, Case Ih, Renault Claas, Steyr 12V\\\/3,1Kw, MWM - Edel\",\"isPartOf\":{\"@id\":\"http:\\\/\\\/www.edel.fr\\\/en\\\/#website\"},\"primaryImageOfPage\":{\"@id\":\"http:\\\/\\\/www.edel.fr\\\/en\\\/product\\\/demarreur-case-ihfendtrenault-claassteyr-volt-kw-12-31-moteur-mwm\\\/#primaryimage\"},\"image\":{\"@id\":\"http:\\\/\\\/www.edel.fr\\\/en\\\/product\\\/demarreur-case-ihfendtrenault-claassteyr-volt-kw-12-31-moteur-mwm\\\/#primaryimage\"},\"thumbnailUrl\":\"https:\\\/\\\/edel.fr\\\/uploads\\\/2019\\\/03\\\/D21.jpg\",\"datePublished\":\"2019-03-11T08:24:24+00:00\",\"dateModified\":\"2026-03-21T01:00:17+00:00\",\"description\":\"D\u00e9marreur - Fendt, Case Ih, Renault Claas, Steyr - 12 Volt \\\/ 3,1 Kw, Moteur MWM - 226 227 308 C 325 327 509 51 512 514 53 56 75.14 80 86 Ceres 95 CS78 CS86\",\"breadcrumb\":{\"@id\":\"http:\\\/\\\/www.edel.fr\\\/en\\\/product\\\/demarreur-case-ihfendtrenault-claassteyr-volt-kw-12-31-moteur-mwm\\\/#breadcrumb\"},\"inLanguage\":\"en-US\",\"potentialAction\":[{\"@type\":\"ReadAction\",\"target\":[\"http:\\\/\\\/www.edel.fr\\\/en\\\/product\\\/demarreur-case-ihfendtrenault-claassteyr-volt-kw-12-31-moteur-mwm\\\/\"]}]},{\"@type\":\"ImageObject\",\"inLanguage\":\"en-US\",\"@id\":\"http:\\\/\\\/www.edel.fr\\\/en\\\/product\\\/demarreur-case-ihfendtrenault-claassteyr-volt-kw-12-31-moteur-mwm\\\/#primaryimage\",\"url\":\"https:\\\/\\\/edel.fr\\\/uploads\\\/2019\\\/03\\\/D21.jpg\",\"contentUrl\":\"https:\\\/\\\/edel.fr\\\/uploads\\\/2019\\\/03\\\/D21.jpg\",\"width\":1920,\"height\":1280,\"caption\":\"D\u00e9marreur - Fendt, Case Ih, Renault Claas, Steyr 12V\\\/3,1Kw, MWM\"},{\"@type\":\"BreadcrumbList\",\"@id\":\"http:\\\/\\\/www.edel.fr\\\/en\\\/product\\\/demarreur-case-ihfendtrenault-claassteyr-volt-kw-12-31-moteur-mwm\\\/#breadcrumb\",\"itemListElement\":[{\"@type\":\"ListItem\",\"position\":1,\"name\":\"Pi\u00e8ce Tracteur\",\"item\":\"http:\\\/\\\/www.edel.fr\\\/en\\\/\"},{\"@type\":\"ListItem\",\"position\":2,\"name\":\"Toutes nos pi\u00e8ces Tracteur\",\"item\":\"https:\\\/\\\/edel.fr\\\/shop\\\/\"},{\"@type\":\"ListItem\",\"position\":3,\"name\":\"D\u00e9marreur &#8211; Fendt, Case Ih, Renault Claas, Steyr 12V\\\/3,1Kw, MWM\"}]},{\"@type\":\"WebSite\",\"@id\":\"http:\\\/\\\/www.edel.fr\\\/en\\\/#website\",\"url\":\"http:\\\/\\\/www.edel.fr\\\/en\\\/\",\"name\":\"Edel\",\"description\":\"Pi\u00e8ce d\u00e9tach\u00e9e de Tracteur Agricole\",\"publisher\":{\"@id\":\"http:\\\/\\\/www.edel.fr\\\/en\\\/#organization\"},\"potentialAction\":[{\"@type\":\"SearchAction\",\"target\":{\"@type\":\"EntryPoint\",\"urlTemplate\":\"http:\\\/\\\/www.edel.fr\\\/en\\\/?s={search_term_string}\"},\"query-input\":{\"@type\":\"PropertyValueSpecification\",\"valueRequired\":true,\"valueName\":\"search_term_string\"}}],\"inLanguage\":\"en-US\"},{\"@type\":\"Organization\",\"@id\":\"http:\\\/\\\/www.edel.fr\\\/en\\\/#organization\",\"name\":\"Edel\",\"url\":\"http:\\\/\\\/www.edel.fr\\\/en\\\/\",\"logo\":{\"@type\":\"ImageObject\",\"inLanguage\":\"en-US\",\"@id\":\"http:\\\/\\\/www.edel.fr\\\/en\\\/#\\\/schema\\\/logo\\\/image\\\/\",\"url\":\"https:\\\/\\\/www.edel.fr\\\/uploads\\\/2018\\\/11\\\/logo-edel.png\",\"contentUrl\":\"https:\\\/\\\/www.edel.fr\\\/uploads\\\/2018\\\/11\\\/logo-edel.png\",\"width\":257,\"height\":68,\"caption\":\"Edel\"},\"image\":{\"@id\":\"http:\\\/\\\/www.edel.fr\\\/en\\\/#\\\/schema\\\/logo\\\/image\\\/\"}}]}<\/script>\n<!-- \/ Yoast SEO plugin. -->","yoast_head_json":{"title":"D\u00e9marreur - Fendt, Case Ih, Renault Claas, Steyr 12V\/3,1Kw, MWM - Edel","description":"D\u00e9marreur - Fendt, Case Ih, Renault Claas, Steyr - 12 Volt \/ 3,1 Kw, Moteur MWM - 226 227 308 C 325 327 509 51 512 514 53 56 75.14 80 86 Ceres 95 CS78 CS86","robots":{"index":"index","follow":"follow","max-snippet":"max-snippet:-1","max-image-preview":"max-image-preview:large","max-video-preview":"max-video-preview:-1"},"canonical":"http:\/\/www.edel.fr\/en\/product\/demarreur-case-ihfendtrenault-claassteyr-volt-kw-12-31-moteur-mwm\/","og_locale":"en_US","og_type":"article","og_title":"D\u00e9marreur - Fendt, Case Ih, Renault Claas, Steyr 12V\/3,1Kw, MWM - Edel","og_description":"D\u00e9marreur - Fendt, Case Ih, Renault Claas, Steyr - 12 Volt \/ 3,1 Kw, Moteur MWM - 226 227 308 C 325 327 509 51 512 514 53 56 75.14 80 86 Ceres 95 CS78 CS86","og_url":"http:\/\/www.edel.fr\/en\/product\/demarreur-case-ihfendtrenault-claassteyr-volt-kw-12-31-moteur-mwm\/","og_site_name":"Edel","article_modified_time":"2026-03-21T01:00:17+00:00","og_image":[{"width":1920,"height":1280,"url":"http:\/\/www.edel.fr\/uploads\/2019\/03\/D21.jpg","type":"image\/jpeg"}],"twitter_card":"summary_large_image","twitter_misc":{"Est. reading time":"2 minutes"},"schema":{"@context":"https:\/\/schema.org","@graph":[{"@type":"WebPage","@id":"http:\/\/www.edel.fr\/en\/product\/demarreur-case-ihfendtrenault-claassteyr-volt-kw-12-31-moteur-mwm\/","url":"http:\/\/www.edel.fr\/en\/product\/demarreur-case-ihfendtrenault-claassteyr-volt-kw-12-31-moteur-mwm\/","name":"D\u00e9marreur - Fendt, Case Ih, Renault Claas, Steyr 12V\/3,1Kw, MWM - Edel","isPartOf":{"@id":"http:\/\/www.edel.fr\/en\/#website"},"primaryImageOfPage":{"@id":"http:\/\/www.edel.fr\/en\/product\/demarreur-case-ihfendtrenault-claassteyr-volt-kw-12-31-moteur-mwm\/#primaryimage"},"image":{"@id":"http:\/\/www.edel.fr\/en\/product\/demarreur-case-ihfendtrenault-claassteyr-volt-kw-12-31-moteur-mwm\/#primaryimage"},"thumbnailUrl":"https:\/\/edel.fr\/uploads\/2019\/03\/D21.jpg","datePublished":"2019-03-11T08:24:24+00:00","dateModified":"2026-03-21T01:00:17+00:00","description":"D\u00e9marreur - Fendt, Case Ih, Renault Claas, Steyr - 12 Volt \/ 3,1 Kw, Moteur MWM - 226 227 308 C 325 327 509 51 512 514 53 56 75.14 80 86 Ceres 95 CS78 CS86","breadcrumb":{"@id":"http:\/\/www.edel.fr\/en\/product\/demarreur-case-ihfendtrenault-claassteyr-volt-kw-12-31-moteur-mwm\/#breadcrumb"},"inLanguage":"en-US","potentialAction":[{"@type":"ReadAction","target":["http:\/\/www.edel.fr\/en\/product\/demarreur-case-ihfendtrenault-claassteyr-volt-kw-12-31-moteur-mwm\/"]}]},{"@type":"ImageObject","inLanguage":"en-US","@id":"http:\/\/www.edel.fr\/en\/product\/demarreur-case-ihfendtrenault-claassteyr-volt-kw-12-31-moteur-mwm\/#primaryimage","url":"https:\/\/edel.fr\/uploads\/2019\/03\/D21.jpg","contentUrl":"https:\/\/edel.fr\/uploads\/2019\/03\/D21.jpg","width":1920,"height":1280,"caption":"D\u00e9marreur - Fendt, Case Ih, Renault Claas, Steyr 12V\/3,1Kw, MWM"},{"@type":"BreadcrumbList","@id":"http:\/\/www.edel.fr\/en\/product\/demarreur-case-ihfendtrenault-claassteyr-volt-kw-12-31-moteur-mwm\/#breadcrumb","itemListElement":[{"@type":"ListItem","position":1,"name":"Pi\u00e8ce Tracteur","item":"http:\/\/www.edel.fr\/en\/"},{"@type":"ListItem","position":2,"name":"Toutes nos pi\u00e8ces Tracteur","item":"https:\/\/edel.fr\/shop\/"},{"@type":"ListItem","position":3,"name":"D\u00e9marreur &#8211; Fendt, Case Ih, Renault Claas, Steyr 12V\/3,1Kw, MWM"}]},{"@type":"WebSite","@id":"http:\/\/www.edel.fr\/en\/#website","url":"http:\/\/www.edel.fr\/en\/","name":"Edel","description":"Pi\u00e8ce d\u00e9tach\u00e9e de Tracteur Agricole","publisher":{"@id":"http:\/\/www.edel.fr\/en\/#organization"},"potentialAction":[{"@type":"SearchAction","target":{"@type":"EntryPoint","urlTemplate":"http:\/\/www.edel.fr\/en\/?s={search_term_string}"},"query-input":{"@type":"PropertyValueSpecification","valueRequired":true,"valueName":"search_term_string"}}],"inLanguage":"en-US"},{"@type":"Organization","@id":"http:\/\/www.edel.fr\/en\/#organization","name":"Edel","url":"http:\/\/www.edel.fr\/en\/","logo":{"@type":"ImageObject","inLanguage":"en-US","@id":"http:\/\/www.edel.fr\/en\/#\/schema\/logo\/image\/","url":"https:\/\/www.edel.fr\/uploads\/2018\/11\/logo-edel.png","contentUrl":"https:\/\/www.edel.fr\/uploads\/2018\/11\/logo-edel.png","width":257,"height":68,"caption":"Edel"},"image":{"@id":"http:\/\/www.edel.fr\/en\/#\/schema\/logo\/image\/"}}]}},"_links":{"self":[{"href":"https:\/\/edel.fr\/en\/wp-json\/wp\/v2\/product\/5916","targetHints":{"allow":["GET"]}}],"collection":[{"href":"https:\/\/edel.fr\/en\/wp-json\/wp\/v2\/product"}],"about":[{"href":"https:\/\/edel.fr\/en\/wp-json\/wp\/v2\/types\/product"}],"version-history":[{"count":2,"href":"https:\/\/edel.fr\/en\/wp-json\/wp\/v2\/product\/5916\/revisions"}],"predecessor-version":[{"id":15088,"href":"https:\/\/edel.fr\/en\/wp-json\/wp\/v2\/product\/5916\/revisions\/15088"}],"wp:featuredmedia":[{"embeddable":true,"href":"https:\/\/edel.fr\/en\/wp-json\/wp\/v2\/media\/5651"}],"wp:attachment":[{"href":"https:\/\/edel.fr\/en\/wp-json\/wp\/v2\/media?parent=5916"}],"wp:term":[{"taxonomy":"product_brand","embeddable":true,"href":"https:\/\/edel.fr\/en\/wp-json\/wp\/v2\/product_brand?post=5916"},{"taxonomy":"product_cat","embeddable":true,"href":"https:\/\/edel.fr\/en\/wp-json\/wp\/v2\/product_cat?post=5916"},{"taxonomy":"product_tag","embeddable":true,"href":"https:\/\/edel.fr\/en\/wp-json\/wp\/v2\/product_tag?post=5916"},{"taxonomy":"tracteur","embeddable":true,"href":"https:\/\/edel.fr\/en\/wp-json\/wp\/v2\/tracteur?post=5916"}],"curies":[{"name":"wp","href":"https:\/\/api.w.org\/{rel}","templated":true}]}}