{"id":5920,"date":"2019-03-11T09:24:24","date_gmt":"2019-03-11T08:24:24","guid":{"rendered":"http:\/\/edel.stephanie.ct.webcd.lan\/shop\/demarreur-massey-ferguson-volt-kw-12-28-fixation-a-gauche-gamme-6-cylindres\/"},"modified":"2026-02-04T02:00:30","modified_gmt":"2026-02-04T01:00:30","slug":"demarreur-massey-ferguson-volt-kw-12-28-fixation-a-gauche-gamme-6-cylindres","status":"publish","type":"product","link":"https:\/\/edel.fr\/en\/product\/demarreur-massey-ferguson-volt-kw-12-28-fixation-a-gauche-gamme-6-cylindres\/","title":{"rendered":"D\u00e9marreur Massey Ferguson &#8211; 12 Volt \/ 2,8 Kw, Fixation \u00e0 gauche"},"content":{"rendered":"<div data-elementor-type=\"wp-post\" data-elementor-id=\"5920\" class=\"elementor elementor-5920\">\n\t\t\t\t\t\t<section class=\"elementor-section elementor-top-section elementor-element elementor-element-1f4a180d elementor-section-boxed elementor-section-height-default elementor-section-height-default\" data-id=\"1f4a180d\" data-element_type=\"section\" data-e-type=\"section\">\n\t\t\t\t\t\t<div class=\"elementor-container elementor-column-gap-default\">\n\t\t\t\t\t<div class=\"elementor-column elementor-col-100 elementor-top-column elementor-element elementor-element-68c0d5df\" data-id=\"68c0d5df\" data-element_type=\"column\" data-e-type=\"column\">\n\t\t\t<div class=\"elementor-widget-wrap elementor-element-populated\">\n\t\t\t\t\t\t<div class=\"elementor-element elementor-element-1b18bd81 elementor-widget elementor-widget-heading\" data-id=\"1b18bd81\" data-element_type=\"widget\" data-e-type=\"widget\" data-widget_type=\"heading.default\">\n\t\t\t\t<div class=\"elementor-widget-container\">\n\t\t\t\t\t<h2 class=\"elementor-heading-title elementor-size-default\">D\u00e9marreur Massey Ferguson<\/h2>\t\t\t\t<\/div>\n\t\t\t\t<\/div>\n\t\t\t\t<div class=\"elementor-element elementor-element-2bd854a7 elementor-widget elementor-widget-heading\" data-id=\"2bd854a7\" data-element_type=\"widget\" data-e-type=\"widget\" data-widget_type=\"heading.default\">\n\t\t\t\t<div class=\"elementor-widget-container\">\n\t\t\t\t\t<h3 class=\"elementor-heading-title elementor-size-default\">Information du produit :<\/h3>\t\t\t\t<\/div>\n\t\t\t\t<\/div>\n\t\t\t\t\t<\/div>\n\t\t<\/div>\n\t\t\t\t\t<\/div>\n\t\t<\/section>\n\t\t\t\t<section class=\"elementor-section elementor-top-section elementor-element elementor-element-7271f674 elementor-section-boxed elementor-section-height-default elementor-section-height-default\" data-id=\"7271f674\" data-element_type=\"section\" data-e-type=\"section\">\n\t\t\t\t\t\t<div class=\"elementor-container elementor-column-gap-default\">\n\t\t\t\t\t<div class=\"elementor-column elementor-col-100 elementor-top-column elementor-element elementor-element-3371f10f\" data-id=\"3371f10f\" data-element_type=\"column\" data-e-type=\"column\">\n\t\t\t<div class=\"elementor-widget-wrap elementor-element-populated\">\n\t\t\t\t\t\t<div class=\"elementor-element elementor-element-450306b6 elementor-widget elementor-widget-text-editor\" data-id=\"450306b6\" data-element_type=\"widget\" data-e-type=\"widget\" data-widget_type=\"text-editor.default\">\n\t\t\t\t<div class=\"elementor-widget-container\">\n\t\t\t\t\t\t\t\t\t<p><strong>12 Volt \/ 2,8 Kw, Fixation \u00e0 gauche Gamme 6 cylindres<\/strong><\/p><p>Le d\u00e9marreur de votre tracteur est indispensable, le tracteur ne pourra pas d\u00e9marrer correctement si le d\u00e9marreur n&rsquo;est pas fonctionnel. Il se pr\u00e9sente sous la forme d\u2019un petit moteur \u00e9lectrique, rattach\u00e9 au volant moteur. Il est directement aliment\u00e9 par la batterie et il a pour r\u00f4le de mettre en marche le moteur\u00a0de votre tracteur.<\/p><p>Pour trouver le bon <strong>d\u00e9marreur tracteur<\/strong> qui s\u2019adaptera au mieux \u00e0 votre engin agricole, il est \u00e9galement pr\u00e9f\u00e9rable de se r\u00e9f\u00e9rer \u00e0 sa r\u00e9f\u00e9rence d\u2019origine. Elle est en g\u00e9n\u00e9ral inscrite sur le d\u00e9marreur. Sans cette r\u00e9f\u00e9rence, il faudra vous appuyer sur la marque et le mod\u00e8le de votre <strong>tracteur agricole.<\/strong><\/p><p>Avant le d\u00e9montage de votre d\u00e9marreur, nous vous conseillons d&rsquo;abord de d\u00e9brancher votre batterie. Mais aussi de rep\u00e9rer les diff\u00e9rents branchements d\u2019alimentation du d\u00e9marreur.<\/p><p>Pour choisir son <strong>d\u00e9marreur de tracteur<\/strong>, il faut choisir entre les d\u00e9marreurs classiques ou les <strong>d\u00e9marreurs avec r\u00e9ducteur droit ou d\u00e9cal\u00e9.<\/strong><\/p><p>Il est possible de changer le d\u00e9marreur classique par un <strong>d\u00e9marreur avec r\u00e9ducteur.<\/strong> Par exemple, sur un <strong>tracteur ancien<\/strong>, cela lui simplifiera consid\u00e9rablement son d\u00e9marrage.<\/p><p>C\u2019est pourquoi nous vous proposons une pi\u00e8ce de marque\u00a0<a href=\"https:\/\/edel.fr\/en\/constructeur\/mahle\/\">Mahle<\/a>\u00a0\/\u00a0<a href=\"https:\/\/edel.fr\/en\/constructeur\/letrika\/\">Letrika<\/a>\u00a0reconnue pour sa fiabilit\u00e9.<\/p><p>D\u00e9marreur Massey Ferguson : 2620, 2625, 2640, 2645, 2680, 2685, 2720, 2725, 3080, 3090, 3610, 3630, 3650.<\/p><p><strong>R\u00e9f\u00e9rences constructeur\u00a0<\/strong><\/p><p>CLAAS : 6005706644<\/p><p>HELLA : 8EA 730 193-001, CS 623.<\/p><p>LESTER : 16669<\/p><p>LUCAS : LRS00553<\/p><p>MAGNETI MARELLI : MSN 192<\/p><p>MASSEY-FERGUSON : 1618 050 M14, 1618 050 M4, 1618 050 R4, 3637 269 R91, 3931 421 M91.<\/p><p>SPAREX : 41141<\/p><p>Edel vous propose \u00e9galement une large gamme de d\u00e9marreur pour des applications sp\u00e9cifiques, et de diff\u00e9rentes marques.<\/p><p>Donc, pour plus de renseignements, n\u2019h\u00e9sitez pas \u00e0 nous consulter !<\/p>\t\t\t\t\t\t\t\t<\/div>\n\t\t\t\t<\/div>\n\t\t\t\t\t<\/div>\n\t\t<\/div>\n\t\t\t\t\t<\/div>\n\t\t<\/section>\n\t\t\t\t<\/div>","protected":false},"excerpt":{"rendered":"<p>D\u00e9marreur Massey Ferguson Information du produit : 12 Volt \/ 2,8 Kw, Fixation \u00e0 gauche Gamme 6 cylindres Le d\u00e9marreur de votre tracteur est indispensable, le tracteur ne pourra pas d\u00e9marrer correctement si le d\u00e9marreur n&rsquo;est pas fonctionnel. Il se pr\u00e9sente sous la forme d\u2019un petit moteur \u00e9lectrique, rattach\u00e9 au volant moteur. Il est directement<br \/><a class=\"more-link\" href=\"https:\/\/edel.fr\/en\/product\/demarreur-massey-ferguson-volt-kw-12-28-fixation-a-gauche-gamme-6-cylindres\/\"><br \/>\n        Read More<span class=\"screen-reader-text\"> \u00ab\u00a0D\u00e9marreur Massey Ferguson &#8211; 12 Volt \/ 2,8 Kw, Fixation \u00e0 gauche\u00a0\u00bb<\/span><\/a><\/p>","protected":false},"featured_media":5653,"template":"","meta":[],"product_brand":[],"product_cat":[4007,165,154,119],"product_tag":[2460,180],"tracteur":[],"class_list":{"0":"post-5920","1":"product","2":"type-product","3":"status-publish","4":"has-post-thumbnail","6":"product_cat-demarreur-massey-ferguson","7":"product_cat-demarreurs","8":"product_cat-electricite","9":"product_cat-tracteurs-agricoles","10":"product_tag-demarreurs","11":"product_tag-electricite","12":"product_shipping_class-142","13":"pa_fabriquant-mahle","14":"pa_marque-tracteur-massey-ferguson","15":"pa_type-2-1440","16":"pa_type-2-2130","17":"pa_type-2-1441","18":"pa_type-2-2131","19":"pa_type-2-1443","20":"pa_type-2-1444","21":"pa_type-2-2132","22":"pa_type-2-2133","23":"pa_type-2-1450","24":"pa_type-2-1451","25":"pa_type-2-1453","26":"pa_type-2-1454","27":"pa_type-2-1563","28":"badges-style-2","30":"first","31":"instock","32":"taxable","33":"shipping-taxable","34":"purchasable","35":"product-type-simple"},"acf":[],"yoast_head":"<!-- This site is optimized with the Yoast SEO plugin v27.3 - https:\/\/yoast.com\/product\/yoast-seo-wordpress\/ -->\n<title>D\u00e9marreur Massey Ferguson - 12 Volt \/ 2,8 Kw, Fixation \u00e0 gauche - Edel<\/title>\n<meta name=\"description\" content=\"D\u00e9marreur Massey Ferguson - 12 Volt \/ 2,8 Kw, Fixation \u00e0 gauche Gamme 6 cylindres - 2620 2625 2640 2645 2680 2685 2720 2725 3080 3090 3610 3630 3650\" \/>\n<meta name=\"robots\" content=\"index, follow, max-snippet:-1, max-image-preview:large, max-video-preview:-1\" \/>\n<link rel=\"canonical\" href=\"http:\/\/www.edel.fr\/en\/product\/demarreur-massey-ferguson-volt-kw-12-28-fixation-a-gauche-gamme-6-cylindres\/\" \/>\n<meta property=\"og:locale\" content=\"en_US\" \/>\n<meta property=\"og:type\" content=\"article\" \/>\n<meta property=\"og:title\" content=\"D\u00e9marreur Massey Ferguson - 12 Volt \/ 2,8 Kw, Fixation \u00e0 gauche - Edel\" \/>\n<meta property=\"og:description\" content=\"D\u00e9marreur Massey Ferguson - 12 Volt \/ 2,8 Kw, Fixation \u00e0 gauche Gamme 6 cylindres - 2620 2625 2640 2645 2680 2685 2720 2725 3080 3090 3610 3630 3650\" \/>\n<meta property=\"og:url\" content=\"http:\/\/www.edel.fr\/en\/product\/demarreur-massey-ferguson-volt-kw-12-28-fixation-a-gauche-gamme-6-cylindres\/\" \/>\n<meta property=\"og:site_name\" content=\"Edel\" \/>\n<meta property=\"article:modified_time\" content=\"2026-02-04T01:00:30+00:00\" \/>\n<meta property=\"og:image\" content=\"http:\/\/www.edel.fr\/uploads\/2019\/03\/D25.jpg\" \/>\n\t<meta property=\"og:image:width\" content=\"1920\" \/>\n\t<meta property=\"og:image:height\" content=\"1280\" \/>\n\t<meta property=\"og:image:type\" content=\"image\/jpeg\" \/>\n<meta name=\"twitter:card\" content=\"summary_large_image\" \/>\n<meta name=\"twitter:label1\" content=\"Est. reading time\" \/>\n\t<meta name=\"twitter:data1\" content=\"2 minutes\" \/>\n<script type=\"application\/ld+json\" class=\"yoast-schema-graph\">{\"@context\":\"https:\\\/\\\/schema.org\",\"@graph\":[{\"@type\":\"WebPage\",\"@id\":\"http:\\\/\\\/www.edel.fr\\\/en\\\/product\\\/demarreur-massey-ferguson-volt-kw-12-28-fixation-a-gauche-gamme-6-cylindres\\\/\",\"url\":\"http:\\\/\\\/www.edel.fr\\\/en\\\/product\\\/demarreur-massey-ferguson-volt-kw-12-28-fixation-a-gauche-gamme-6-cylindres\\\/\",\"name\":\"D\u00e9marreur Massey Ferguson - 12 Volt \\\/ 2,8 Kw, Fixation \u00e0 gauche - Edel\",\"isPartOf\":{\"@id\":\"https:\\\/\\\/www.edel.fr\\\/#website\"},\"primaryImageOfPage\":{\"@id\":\"http:\\\/\\\/www.edel.fr\\\/en\\\/product\\\/demarreur-massey-ferguson-volt-kw-12-28-fixation-a-gauche-gamme-6-cylindres\\\/#primaryimage\"},\"image\":{\"@id\":\"http:\\\/\\\/www.edel.fr\\\/en\\\/product\\\/demarreur-massey-ferguson-volt-kw-12-28-fixation-a-gauche-gamme-6-cylindres\\\/#primaryimage\"},\"thumbnailUrl\":\"https:\\\/\\\/edel.fr\\\/uploads\\\/2019\\\/03\\\/D25.jpg\",\"datePublished\":\"2019-03-11T08:24:24+00:00\",\"dateModified\":\"2026-02-04T01:00:30+00:00\",\"description\":\"D\u00e9marreur Massey Ferguson - 12 Volt \\\/ 2,8 Kw, Fixation \u00e0 gauche Gamme 6 cylindres - 2620 2625 2640 2645 2680 2685 2720 2725 3080 3090 3610 3630 3650\",\"breadcrumb\":{\"@id\":\"http:\\\/\\\/www.edel.fr\\\/en\\\/product\\\/demarreur-massey-ferguson-volt-kw-12-28-fixation-a-gauche-gamme-6-cylindres\\\/#breadcrumb\"},\"inLanguage\":\"en-US\",\"potentialAction\":[{\"@type\":\"ReadAction\",\"target\":[\"http:\\\/\\\/www.edel.fr\\\/en\\\/product\\\/demarreur-massey-ferguson-volt-kw-12-28-fixation-a-gauche-gamme-6-cylindres\\\/\"]}]},{\"@type\":\"ImageObject\",\"inLanguage\":\"en-US\",\"@id\":\"http:\\\/\\\/www.edel.fr\\\/en\\\/product\\\/demarreur-massey-ferguson-volt-kw-12-28-fixation-a-gauche-gamme-6-cylindres\\\/#primaryimage\",\"url\":\"https:\\\/\\\/edel.fr\\\/uploads\\\/2019\\\/03\\\/D25.jpg\",\"contentUrl\":\"https:\\\/\\\/edel.fr\\\/uploads\\\/2019\\\/03\\\/D25.jpg\",\"width\":1920,\"height\":1280,\"caption\":\"D\u00e9marreur Massey Ferguson - 12 Volt \\\/ 2,8 Kw, Fixation \u00e0 gauche\"},{\"@type\":\"BreadcrumbList\",\"@id\":\"http:\\\/\\\/www.edel.fr\\\/en\\\/product\\\/demarreur-massey-ferguson-volt-kw-12-28-fixation-a-gauche-gamme-6-cylindres\\\/#breadcrumb\",\"itemListElement\":[{\"@type\":\"ListItem\",\"position\":1,\"name\":\"Pi\u00e8ce Tracteur\",\"item\":\"https:\\\/\\\/www.edel.fr\\\/\"},{\"@type\":\"ListItem\",\"position\":2,\"name\":\"Toutes nos pi\u00e8ces Tracteur\",\"item\":\"https:\\\/\\\/www.edel.fr\\\/en\\\/shop\\\/\"},{\"@type\":\"ListItem\",\"position\":3,\"name\":\"D\u00e9marreur Massey Ferguson &#8211; 12 Volt \\\/ 2,8 Kw, Fixation \u00e0 gauche\"}]},{\"@type\":\"WebSite\",\"@id\":\"https:\\\/\\\/www.edel.fr\\\/#website\",\"url\":\"https:\\\/\\\/www.edel.fr\\\/\",\"name\":\"Edel\",\"description\":\"Pi\u00e8ce d\u00e9tach\u00e9e de Tracteur Agricole\",\"publisher\":{\"@id\":\"https:\\\/\\\/www.edel.fr\\\/#organization\"},\"potentialAction\":[{\"@type\":\"SearchAction\",\"target\":{\"@type\":\"EntryPoint\",\"urlTemplate\":\"https:\\\/\\\/www.edel.fr\\\/?s={search_term_string}\"},\"query-input\":{\"@type\":\"PropertyValueSpecification\",\"valueRequired\":true,\"valueName\":\"search_term_string\"}}],\"inLanguage\":\"en-US\"},{\"@type\":\"Organization\",\"@id\":\"https:\\\/\\\/www.edel.fr\\\/#organization\",\"name\":\"Edel\",\"url\":\"https:\\\/\\\/www.edel.fr\\\/\",\"logo\":{\"@type\":\"ImageObject\",\"inLanguage\":\"en-US\",\"@id\":\"https:\\\/\\\/www.edel.fr\\\/#\\\/schema\\\/logo\\\/image\\\/\",\"url\":\"https:\\\/\\\/www.edel.fr\\\/uploads\\\/2018\\\/11\\\/logo-edel.png\",\"contentUrl\":\"https:\\\/\\\/www.edel.fr\\\/uploads\\\/2018\\\/11\\\/logo-edel.png\",\"width\":257,\"height\":68,\"caption\":\"Edel\"},\"image\":{\"@id\":\"https:\\\/\\\/www.edel.fr\\\/#\\\/schema\\\/logo\\\/image\\\/\"}}]}<\/script>\n<!-- \/ Yoast SEO plugin. -->","yoast_head_json":{"title":"D\u00e9marreur Massey Ferguson - 12 Volt \/ 2,8 Kw, Fixation \u00e0 gauche - Edel","description":"D\u00e9marreur Massey Ferguson - 12 Volt \/ 2,8 Kw, Fixation \u00e0 gauche Gamme 6 cylindres - 2620 2625 2640 2645 2680 2685 2720 2725 3080 3090 3610 3630 3650","robots":{"index":"index","follow":"follow","max-snippet":"max-snippet:-1","max-image-preview":"max-image-preview:large","max-video-preview":"max-video-preview:-1"},"canonical":"http:\/\/www.edel.fr\/en\/product\/demarreur-massey-ferguson-volt-kw-12-28-fixation-a-gauche-gamme-6-cylindres\/","og_locale":"en_US","og_type":"article","og_title":"D\u00e9marreur Massey Ferguson - 12 Volt \/ 2,8 Kw, Fixation \u00e0 gauche - Edel","og_description":"D\u00e9marreur Massey Ferguson - 12 Volt \/ 2,8 Kw, Fixation \u00e0 gauche Gamme 6 cylindres - 2620 2625 2640 2645 2680 2685 2720 2725 3080 3090 3610 3630 3650","og_url":"http:\/\/www.edel.fr\/en\/product\/demarreur-massey-ferguson-volt-kw-12-28-fixation-a-gauche-gamme-6-cylindres\/","og_site_name":"Edel","article_modified_time":"2026-02-04T01:00:30+00:00","og_image":[{"width":1920,"height":1280,"url":"http:\/\/www.edel.fr\/uploads\/2019\/03\/D25.jpg","type":"image\/jpeg"}],"twitter_card":"summary_large_image","twitter_misc":{"Est. reading time":"2 minutes"},"schema":{"@context":"https:\/\/schema.org","@graph":[{"@type":"WebPage","@id":"http:\/\/www.edel.fr\/en\/product\/demarreur-massey-ferguson-volt-kw-12-28-fixation-a-gauche-gamme-6-cylindres\/","url":"http:\/\/www.edel.fr\/en\/product\/demarreur-massey-ferguson-volt-kw-12-28-fixation-a-gauche-gamme-6-cylindres\/","name":"D\u00e9marreur Massey Ferguson - 12 Volt \/ 2,8 Kw, Fixation \u00e0 gauche - Edel","isPartOf":{"@id":"https:\/\/www.edel.fr\/#website"},"primaryImageOfPage":{"@id":"http:\/\/www.edel.fr\/en\/product\/demarreur-massey-ferguson-volt-kw-12-28-fixation-a-gauche-gamme-6-cylindres\/#primaryimage"},"image":{"@id":"http:\/\/www.edel.fr\/en\/product\/demarreur-massey-ferguson-volt-kw-12-28-fixation-a-gauche-gamme-6-cylindres\/#primaryimage"},"thumbnailUrl":"https:\/\/edel.fr\/uploads\/2019\/03\/D25.jpg","datePublished":"2019-03-11T08:24:24+00:00","dateModified":"2026-02-04T01:00:30+00:00","description":"D\u00e9marreur Massey Ferguson - 12 Volt \/ 2,8 Kw, Fixation \u00e0 gauche Gamme 6 cylindres - 2620 2625 2640 2645 2680 2685 2720 2725 3080 3090 3610 3630 3650","breadcrumb":{"@id":"http:\/\/www.edel.fr\/en\/product\/demarreur-massey-ferguson-volt-kw-12-28-fixation-a-gauche-gamme-6-cylindres\/#breadcrumb"},"inLanguage":"en-US","potentialAction":[{"@type":"ReadAction","target":["http:\/\/www.edel.fr\/en\/product\/demarreur-massey-ferguson-volt-kw-12-28-fixation-a-gauche-gamme-6-cylindres\/"]}]},{"@type":"ImageObject","inLanguage":"en-US","@id":"http:\/\/www.edel.fr\/en\/product\/demarreur-massey-ferguson-volt-kw-12-28-fixation-a-gauche-gamme-6-cylindres\/#primaryimage","url":"https:\/\/edel.fr\/uploads\/2019\/03\/D25.jpg","contentUrl":"https:\/\/edel.fr\/uploads\/2019\/03\/D25.jpg","width":1920,"height":1280,"caption":"D\u00e9marreur Massey Ferguson - 12 Volt \/ 2,8 Kw, Fixation \u00e0 gauche"},{"@type":"BreadcrumbList","@id":"http:\/\/www.edel.fr\/en\/product\/demarreur-massey-ferguson-volt-kw-12-28-fixation-a-gauche-gamme-6-cylindres\/#breadcrumb","itemListElement":[{"@type":"ListItem","position":1,"name":"Pi\u00e8ce Tracteur","item":"https:\/\/www.edel.fr\/"},{"@type":"ListItem","position":2,"name":"Toutes nos pi\u00e8ces Tracteur","item":"https:\/\/www.edel.fr\/en\/shop\/"},{"@type":"ListItem","position":3,"name":"D\u00e9marreur Massey Ferguson &#8211; 12 Volt \/ 2,8 Kw, Fixation \u00e0 gauche"}]},{"@type":"WebSite","@id":"https:\/\/www.edel.fr\/#website","url":"https:\/\/www.edel.fr\/","name":"Edel","description":"Pi\u00e8ce d\u00e9tach\u00e9e de Tracteur Agricole","publisher":{"@id":"https:\/\/www.edel.fr\/#organization"},"potentialAction":[{"@type":"SearchAction","target":{"@type":"EntryPoint","urlTemplate":"https:\/\/www.edel.fr\/?s={search_term_string}"},"query-input":{"@type":"PropertyValueSpecification","valueRequired":true,"valueName":"search_term_string"}}],"inLanguage":"en-US"},{"@type":"Organization","@id":"https:\/\/www.edel.fr\/#organization","name":"Edel","url":"https:\/\/www.edel.fr\/","logo":{"@type":"ImageObject","inLanguage":"en-US","@id":"https:\/\/www.edel.fr\/#\/schema\/logo\/image\/","url":"https:\/\/www.edel.fr\/uploads\/2018\/11\/logo-edel.png","contentUrl":"https:\/\/www.edel.fr\/uploads\/2018\/11\/logo-edel.png","width":257,"height":68,"caption":"Edel"},"image":{"@id":"https:\/\/www.edel.fr\/#\/schema\/logo\/image\/"}}]}},"_links":{"self":[{"href":"https:\/\/edel.fr\/en\/wp-json\/wp\/v2\/product\/5920","targetHints":{"allow":["GET"]}}],"collection":[{"href":"https:\/\/edel.fr\/en\/wp-json\/wp\/v2\/product"}],"about":[{"href":"https:\/\/edel.fr\/en\/wp-json\/wp\/v2\/types\/product"}],"version-history":[{"count":2,"href":"https:\/\/edel.fr\/en\/wp-json\/wp\/v2\/product\/5920\/revisions"}],"predecessor-version":[{"id":15120,"href":"https:\/\/edel.fr\/en\/wp-json\/wp\/v2\/product\/5920\/revisions\/15120"}],"wp:featuredmedia":[{"embeddable":true,"href":"https:\/\/edel.fr\/en\/wp-json\/wp\/v2\/media\/5653"}],"wp:attachment":[{"href":"https:\/\/edel.fr\/en\/wp-json\/wp\/v2\/media?parent=5920"}],"wp:term":[{"taxonomy":"product_brand","embeddable":true,"href":"https:\/\/edel.fr\/en\/wp-json\/wp\/v2\/product_brand?post=5920"},{"taxonomy":"product_cat","embeddable":true,"href":"https:\/\/edel.fr\/en\/wp-json\/wp\/v2\/product_cat?post=5920"},{"taxonomy":"product_tag","embeddable":true,"href":"https:\/\/edel.fr\/en\/wp-json\/wp\/v2\/product_tag?post=5920"},{"taxonomy":"tracteur","embeddable":true,"href":"https:\/\/edel.fr\/en\/wp-json\/wp\/v2\/tracteur?post=5920"}],"curies":[{"name":"wp","href":"https:\/\/api.w.org\/{rel}","templated":true}]}}