{"id":5921,"date":"2019-03-11T09:24:24","date_gmt":"2019-03-11T08:24:24","guid":{"rendered":"http:\/\/edel.stephanie.ct.webcd.lan\/shop\/demarreur-david-brown-volt-kw-12-3\/"},"modified":"2026-02-04T02:00:37","modified_gmt":"2026-02-04T01:00:37","slug":"demarreur-david-brown-volt-kw-12-3","status":"publish","type":"product","link":"https:\/\/edel.fr\/en\/product\/demarreur-david-brown-volt-kw-12-3\/","title":{"rendered":"D\u00e9marreur David Brown &#8211; 12 Volt \/ 3 Kw &#8211; Tracteur Agricole"},"content":{"rendered":"<div data-elementor-type=\"wp-post\" data-elementor-id=\"5921\" class=\"elementor elementor-5921\">\n\t\t\t\t\t\t<section class=\"elementor-section elementor-top-section elementor-element elementor-element-5387415c elementor-section-boxed elementor-section-height-default elementor-section-height-default\" data-id=\"5387415c\" data-element_type=\"section\" data-e-type=\"section\">\n\t\t\t\t\t\t<div class=\"elementor-container elementor-column-gap-default\">\n\t\t\t\t\t<div class=\"elementor-column elementor-col-100 elementor-top-column elementor-element elementor-element-7aefa55d\" data-id=\"7aefa55d\" data-element_type=\"column\" data-e-type=\"column\">\n\t\t\t<div class=\"elementor-widget-wrap elementor-element-populated\">\n\t\t\t\t\t\t<div class=\"elementor-element elementor-element-ccee262 elementor-widget elementor-widget-heading\" data-id=\"ccee262\" data-element_type=\"widget\" data-e-type=\"widget\" data-widget_type=\"heading.default\">\n\t\t\t\t<div class=\"elementor-widget-container\">\n\t\t\t\t\t<h2 class=\"elementor-heading-title elementor-size-default\">D\u00e9marreur David Brown<\/h2>\t\t\t\t<\/div>\n\t\t\t\t<\/div>\n\t\t\t\t<div class=\"elementor-element elementor-element-780d2993 elementor-widget elementor-widget-heading\" data-id=\"780d2993\" data-element_type=\"widget\" data-e-type=\"widget\" data-widget_type=\"heading.default\">\n\t\t\t\t<div class=\"elementor-widget-container\">\n\t\t\t\t\t<h3 class=\"elementor-heading-title elementor-size-default\">Information du produit :<\/h3>\t\t\t\t<\/div>\n\t\t\t\t<\/div>\n\t\t\t\t\t<\/div>\n\t\t<\/div>\n\t\t\t\t\t<\/div>\n\t\t<\/section>\n\t\t\t\t<section class=\"elementor-section elementor-top-section elementor-element elementor-element-17c1185e elementor-section-boxed elementor-section-height-default elementor-section-height-default\" data-id=\"17c1185e\" data-element_type=\"section\" data-e-type=\"section\">\n\t\t\t\t\t\t<div class=\"elementor-container elementor-column-gap-default\">\n\t\t\t\t\t<div class=\"elementor-column elementor-col-100 elementor-top-column elementor-element elementor-element-44d15bd7\" data-id=\"44d15bd7\" data-element_type=\"column\" data-e-type=\"column\">\n\t\t\t<div class=\"elementor-widget-wrap elementor-element-populated\">\n\t\t\t\t\t\t<div class=\"elementor-element elementor-element-1e110c5a elementor-widget elementor-widget-text-editor\" data-id=\"1e110c5a\" data-element_type=\"widget\" data-e-type=\"widget\" data-widget_type=\"text-editor.default\">\n\t\t\t\t<div class=\"elementor-widget-container\">\n\t\t\t\t\t\t\t\t\t<p><strong>12 Volt \/ 3 Kw<\/strong><\/p><p>Le d\u00e9marreur de votre tracteur est indispensable, le tracteur ne pourra pas d\u00e9marrer correctement si le d\u00e9marreur n&rsquo;est pas fonctionnel. Il se pr\u00e9sente sous la forme d\u2019un petit moteur \u00e9lectrique, rattach\u00e9 au volant moteur. Il est directement aliment\u00e9 par la batterie et il a pour r\u00f4le de mettre en marche le moteur\u00a0de votre tracteur.<\/p><p>Pour trouver le bon <strong>d\u00e9marreur tracteur<\/strong> qui s\u2019adaptera au mieux \u00e0 votre engin agricole, il est \u00e9galement pr\u00e9f\u00e9rable de se r\u00e9f\u00e9rer \u00e0 sa r\u00e9f\u00e9rence d\u2019origine. Elle est en g\u00e9n\u00e9ral inscrite sur le d\u00e9marreur. Sans cette r\u00e9f\u00e9rence, il faudra vous appuyer sur la marque et le mod\u00e8le de votre <strong>tracteur agricole.<\/strong><\/p><p>Avant le d\u00e9montage de votre d\u00e9marreur, nous vous conseillons d&rsquo;abord de d\u00e9brancher votre batterie. Mais aussi de rep\u00e9rer les diff\u00e9rents branchements d\u2019alimentation du d\u00e9marreur.<\/p><p>Pour choisir son <strong>d\u00e9marreur de tracteur<\/strong>, il faut choisir entre les d\u00e9marreurs classiques ou les <strong>d\u00e9marreurs avec r\u00e9ducteur droit ou d\u00e9cal\u00e9.<\/strong><\/p><p>Il est possible de changer le d\u00e9marreur classique par un <strong>d\u00e9marreur avec r\u00e9ducteur.<\/strong> Par exemple, sur un <strong>tracteur ancien<\/strong>, cela lui simplifiera consid\u00e9rablement son d\u00e9marrage.<\/p><p>C\u2019est pourquoi nous vous proposons une pi\u00e8ce de marque\u00a0<a href=\"https:\/\/edel.fr\/en\/constructeur\/mahle\/\">Mahle<\/a>\u00a0\/\u00a0<a href=\"https:\/\/edel.fr\/en\/constructeur\/letrika\/\">Letrika<\/a> reconnue pour sa fiabilit\u00e9. Ce d\u00e9marreur est aussi compatible avec les tracteurs et les moissonneuses-batteuses \u00e9quip\u00e9s de moteurs Cummins Case.<\/p><p>D\u00e9marreur David Brown : 278, 284, 3210, 3230, 3654, 3964, 3965, 398, 4210, 4220, 4230, 4240, 475, 595, 695, 795, 885, 895, 995, C75, C85, C95.<\/p><h4><strong>R\u00e9f\u00e9rences constructeur\u00a0<\/strong><\/h4><p>BOSCH : 0001354107, 0001359045, 0001362310, 0001367003, 0001367042, 0986015040, SR 9937 X.<\/p><p>CARGO : 112660<\/p><p>CASE : 4033 00 R92, 5299 65 R92, 5371 40 R95.<\/p><p>CUMMINS : 3 575 730 RX, 3 675 130 RX.<\/p><p>DELCO REMY : 10461483, 10461607, 10461635, 10461638, 1107867, 1109270, 1113284, 12301335, 1998343, 323-678.<\/p><p>HELLA : 8EA 725 963-001, CS 106.<\/p><p>LESTER : 16984, 17077, 19652, 4275.<\/p><p>LUCAS : 26 336, 26 428, 26 433, 27 508, 27 556, 27 575, 27 586, 27 604, LRS00240, S 5029.<\/p><p>MAGNETI MARELLI : 632 276 04, MSN 799.<\/p><p>PRESTOLITE : 20500240<\/p><p>WILSON : 91-01-4067, 91-01-4414, 91-17-8877, 91-17-8887.<\/p><p>Edel vous propose \u00e9galement une large gamme de d\u00e9marreur pour des applications sp\u00e9cifiques, et de diff\u00e9rentes marques.<\/p><p>Donc, pour plus de renseignements, n\u2019h\u00e9sitez pas \u00e0 nous consulter !<\/p>\t\t\t\t\t\t\t\t<\/div>\n\t\t\t\t<\/div>\n\t\t\t\t\t<\/div>\n\t\t<\/div>\n\t\t\t\t\t<\/div>\n\t\t<\/section>\n\t\t\t\t<\/div>","protected":false},"excerpt":{"rendered":"<p>D\u00e9marreur David Brown Information du produit : 12 Volt \/ 3 Kw Le d\u00e9marreur de votre tracteur est indispensable, le tracteur ne pourra pas d\u00e9marrer correctement si le d\u00e9marreur n&rsquo;est pas fonctionnel. Il se pr\u00e9sente sous la forme d\u2019un petit moteur \u00e9lectrique, rattach\u00e9 au volant moteur. Il est directement aliment\u00e9 par la batterie et il<br \/><a class=\"more-link\" href=\"https:\/\/edel.fr\/en\/product\/demarreur-david-brown-volt-kw-12-3\/\"><br \/>\n        Read More<span class=\"screen-reader-text\"> \u00ab\u00a0D\u00e9marreur David Brown &#8211; 12 Volt \/ 3 Kw &#8211; Tracteur Agricole\u00a0\u00bb<\/span><\/a><\/p>","protected":false},"featured_media":5654,"template":"","meta":[],"product_brand":[],"product_cat":[3996,165,154,119],"product_tag":[2460,180],"tracteur":[],"class_list":{"0":"post-5921","1":"product","2":"type-product","3":"status-publish","4":"has-post-thumbnail","6":"product_cat-demarreur-david-brown","7":"product_cat-demarreurs","8":"product_cat-electricite","9":"product_cat-tracteurs-agricoles","10":"product_tag-demarreurs","11":"product_tag-electricite","12":"product_shipping_class-142","13":"pa_fabriquant-mahle","14":"pa_marque-tracteur-david-brown","15":"pa_type-2-1349","16":"pa_type-2-1350","17":"pa_type-2-1295","18":"pa_type-2-1296","19":"pa_type-2-2138","20":"pa_type-2-2139","21":"pa_type-2-2140","22":"pa_type-2-1315","23":"pa_type-2-1297","24":"pa_type-2-1298","25":"pa_type-2-1299","26":"pa_type-2-1300","27":"pa_type-2-1351","28":"pa_type-2-1436","29":"pa_type-2-1985","30":"pa_type-2-1356","31":"pa_type-2-1357","32":"pa_type-2-2137","33":"pa_type-2-1358","34":"pa_type-2-c75","35":"pa_type-2-c85","36":"pa_type-2-c95","37":"badges-style-2","39":"first","40":"outofstock","41":"taxable","42":"shipping-taxable","43":"purchasable","44":"product-type-simple"},"acf":[],"yoast_head":"<!-- This site is optimized with the Yoast SEO plugin v27.3 - https:\/\/yoast.com\/product\/yoast-seo-wordpress\/ -->\n<title>D\u00e9marreur David Brown - 12 Volt \/ 3 Kw - Tracteur Agricole - Edel<\/title>\n<meta name=\"description\" content=\"D\u00e9marreur David Brown - 12 Volt \/ 3 Kw - 278 284 3210 3230 3654 3964 3965 398 4210 4220 4230 4240 475 595 695 795 885 895 995 C75 C85 C95 - Tracteur\" \/>\n<meta name=\"robots\" content=\"index, follow, max-snippet:-1, max-image-preview:large, max-video-preview:-1\" \/>\n<link rel=\"canonical\" href=\"http:\/\/www.edel.fr\/en\/product\/demarreur-david-brown-volt-kw-12-3\/\" \/>\n<meta property=\"og:locale\" content=\"en_US\" \/>\n<meta property=\"og:type\" content=\"article\" \/>\n<meta property=\"og:title\" content=\"D\u00e9marreur David Brown - 12 Volt \/ 3 Kw - Tracteur Agricole - Edel\" \/>\n<meta property=\"og:description\" content=\"D\u00e9marreur David Brown - 12 Volt \/ 3 Kw - 278 284 3210 3230 3654 3964 3965 398 4210 4220 4230 4240 475 595 695 795 885 895 995 C75 C85 C95 - Tracteur\" \/>\n<meta property=\"og:url\" content=\"http:\/\/www.edel.fr\/en\/product\/demarreur-david-brown-volt-kw-12-3\/\" \/>\n<meta property=\"og:site_name\" content=\"Edel\" \/>\n<meta property=\"article:modified_time\" content=\"2026-02-04T01:00:37+00:00\" \/>\n<meta property=\"og:image\" content=\"http:\/\/www.edel.fr\/uploads\/2019\/03\/D26.jpg\" \/>\n\t<meta property=\"og:image:width\" content=\"1920\" \/>\n\t<meta property=\"og:image:height\" content=\"1280\" \/>\n\t<meta property=\"og:image:type\" content=\"image\/jpeg\" \/>\n<meta name=\"twitter:card\" content=\"summary_large_image\" \/>\n<meta name=\"twitter:label1\" content=\"Est. reading time\" \/>\n\t<meta name=\"twitter:data1\" content=\"2 minutes\" \/>\n<script type=\"application\/ld+json\" class=\"yoast-schema-graph\">{\"@context\":\"https:\\\/\\\/schema.org\",\"@graph\":[{\"@type\":\"WebPage\",\"@id\":\"http:\\\/\\\/www.edel.fr\\\/en\\\/product\\\/demarreur-david-brown-volt-kw-12-3\\\/\",\"url\":\"http:\\\/\\\/www.edel.fr\\\/en\\\/product\\\/demarreur-david-brown-volt-kw-12-3\\\/\",\"name\":\"D\u00e9marreur David Brown - 12 Volt \\\/ 3 Kw - Tracteur Agricole - Edel\",\"isPartOf\":{\"@id\":\"http:\\\/\\\/www.edel.fr\\\/en\\\/#website\"},\"primaryImageOfPage\":{\"@id\":\"http:\\\/\\\/www.edel.fr\\\/en\\\/product\\\/demarreur-david-brown-volt-kw-12-3\\\/#primaryimage\"},\"image\":{\"@id\":\"http:\\\/\\\/www.edel.fr\\\/en\\\/product\\\/demarreur-david-brown-volt-kw-12-3\\\/#primaryimage\"},\"thumbnailUrl\":\"https:\\\/\\\/edel.fr\\\/uploads\\\/2019\\\/03\\\/D26.jpg\",\"datePublished\":\"2019-03-11T08:24:24+00:00\",\"dateModified\":\"2026-02-04T01:00:37+00:00\",\"description\":\"D\u00e9marreur David Brown - 12 Volt \\\/ 3 Kw - 278 284 3210 3230 3654 3964 3965 398 4210 4220 4230 4240 475 595 695 795 885 895 995 C75 C85 C95 - Tracteur\",\"breadcrumb\":{\"@id\":\"http:\\\/\\\/www.edel.fr\\\/en\\\/product\\\/demarreur-david-brown-volt-kw-12-3\\\/#breadcrumb\"},\"inLanguage\":\"en-US\",\"potentialAction\":[{\"@type\":\"ReadAction\",\"target\":[\"http:\\\/\\\/www.edel.fr\\\/en\\\/product\\\/demarreur-david-brown-volt-kw-12-3\\\/\"]}]},{\"@type\":\"ImageObject\",\"inLanguage\":\"en-US\",\"@id\":\"http:\\\/\\\/www.edel.fr\\\/en\\\/product\\\/demarreur-david-brown-volt-kw-12-3\\\/#primaryimage\",\"url\":\"https:\\\/\\\/edel.fr\\\/uploads\\\/2019\\\/03\\\/D26.jpg\",\"contentUrl\":\"https:\\\/\\\/edel.fr\\\/uploads\\\/2019\\\/03\\\/D26.jpg\",\"width\":1920,\"height\":1280,\"caption\":\"D\u00e9marreur David Brown - 12 Volt \\\/ 3 Kw - Tracteur Agricole\"},{\"@type\":\"BreadcrumbList\",\"@id\":\"http:\\\/\\\/www.edel.fr\\\/en\\\/product\\\/demarreur-david-brown-volt-kw-12-3\\\/#breadcrumb\",\"itemListElement\":[{\"@type\":\"ListItem\",\"position\":1,\"name\":\"Pi\u00e8ce Tracteur\",\"item\":\"http:\\\/\\\/www.edel.fr\\\/en\\\/\"},{\"@type\":\"ListItem\",\"position\":2,\"name\":\"Toutes nos pi\u00e8ces Tracteur\",\"item\":\"https:\\\/\\\/edel.fr\\\/shop\\\/\"},{\"@type\":\"ListItem\",\"position\":3,\"name\":\"D\u00e9marreur David Brown &#8211; 12 Volt \\\/ 3 Kw &#8211; Tracteur Agricole\"}]},{\"@type\":\"WebSite\",\"@id\":\"http:\\\/\\\/www.edel.fr\\\/en\\\/#website\",\"url\":\"http:\\\/\\\/www.edel.fr\\\/en\\\/\",\"name\":\"Edel\",\"description\":\"Pi\u00e8ce d\u00e9tach\u00e9e de Tracteur Agricole\",\"publisher\":{\"@id\":\"http:\\\/\\\/www.edel.fr\\\/en\\\/#organization\"},\"potentialAction\":[{\"@type\":\"SearchAction\",\"target\":{\"@type\":\"EntryPoint\",\"urlTemplate\":\"http:\\\/\\\/www.edel.fr\\\/en\\\/?s={search_term_string}\"},\"query-input\":{\"@type\":\"PropertyValueSpecification\",\"valueRequired\":true,\"valueName\":\"search_term_string\"}}],\"inLanguage\":\"en-US\"},{\"@type\":\"Organization\",\"@id\":\"http:\\\/\\\/www.edel.fr\\\/en\\\/#organization\",\"name\":\"Edel\",\"url\":\"http:\\\/\\\/www.edel.fr\\\/en\\\/\",\"logo\":{\"@type\":\"ImageObject\",\"inLanguage\":\"en-US\",\"@id\":\"http:\\\/\\\/www.edel.fr\\\/en\\\/#\\\/schema\\\/logo\\\/image\\\/\",\"url\":\"https:\\\/\\\/www.edel.fr\\\/uploads\\\/2018\\\/11\\\/logo-edel.png\",\"contentUrl\":\"https:\\\/\\\/www.edel.fr\\\/uploads\\\/2018\\\/11\\\/logo-edel.png\",\"width\":257,\"height\":68,\"caption\":\"Edel\"},\"image\":{\"@id\":\"http:\\\/\\\/www.edel.fr\\\/en\\\/#\\\/schema\\\/logo\\\/image\\\/\"}}]}<\/script>\n<!-- \/ Yoast SEO plugin. -->","yoast_head_json":{"title":"D\u00e9marreur David Brown - 12 Volt \/ 3 Kw - Tracteur Agricole - Edel","description":"D\u00e9marreur David Brown - 12 Volt \/ 3 Kw - 278 284 3210 3230 3654 3964 3965 398 4210 4220 4230 4240 475 595 695 795 885 895 995 C75 C85 C95 - Tracteur","robots":{"index":"index","follow":"follow","max-snippet":"max-snippet:-1","max-image-preview":"max-image-preview:large","max-video-preview":"max-video-preview:-1"},"canonical":"http:\/\/www.edel.fr\/en\/product\/demarreur-david-brown-volt-kw-12-3\/","og_locale":"en_US","og_type":"article","og_title":"D\u00e9marreur David Brown - 12 Volt \/ 3 Kw - Tracteur Agricole - Edel","og_description":"D\u00e9marreur David Brown - 12 Volt \/ 3 Kw - 278 284 3210 3230 3654 3964 3965 398 4210 4220 4230 4240 475 595 695 795 885 895 995 C75 C85 C95 - Tracteur","og_url":"http:\/\/www.edel.fr\/en\/product\/demarreur-david-brown-volt-kw-12-3\/","og_site_name":"Edel","article_modified_time":"2026-02-04T01:00:37+00:00","og_image":[{"width":1920,"height":1280,"url":"http:\/\/www.edel.fr\/uploads\/2019\/03\/D26.jpg","type":"image\/jpeg"}],"twitter_card":"summary_large_image","twitter_misc":{"Est. reading time":"2 minutes"},"schema":{"@context":"https:\/\/schema.org","@graph":[{"@type":"WebPage","@id":"http:\/\/www.edel.fr\/en\/product\/demarreur-david-brown-volt-kw-12-3\/","url":"http:\/\/www.edel.fr\/en\/product\/demarreur-david-brown-volt-kw-12-3\/","name":"D\u00e9marreur David Brown - 12 Volt \/ 3 Kw - Tracteur Agricole - Edel","isPartOf":{"@id":"http:\/\/www.edel.fr\/en\/#website"},"primaryImageOfPage":{"@id":"http:\/\/www.edel.fr\/en\/product\/demarreur-david-brown-volt-kw-12-3\/#primaryimage"},"image":{"@id":"http:\/\/www.edel.fr\/en\/product\/demarreur-david-brown-volt-kw-12-3\/#primaryimage"},"thumbnailUrl":"https:\/\/edel.fr\/uploads\/2019\/03\/D26.jpg","datePublished":"2019-03-11T08:24:24+00:00","dateModified":"2026-02-04T01:00:37+00:00","description":"D\u00e9marreur David Brown - 12 Volt \/ 3 Kw - 278 284 3210 3230 3654 3964 3965 398 4210 4220 4230 4240 475 595 695 795 885 895 995 C75 C85 C95 - Tracteur","breadcrumb":{"@id":"http:\/\/www.edel.fr\/en\/product\/demarreur-david-brown-volt-kw-12-3\/#breadcrumb"},"inLanguage":"en-US","potentialAction":[{"@type":"ReadAction","target":["http:\/\/www.edel.fr\/en\/product\/demarreur-david-brown-volt-kw-12-3\/"]}]},{"@type":"ImageObject","inLanguage":"en-US","@id":"http:\/\/www.edel.fr\/en\/product\/demarreur-david-brown-volt-kw-12-3\/#primaryimage","url":"https:\/\/edel.fr\/uploads\/2019\/03\/D26.jpg","contentUrl":"https:\/\/edel.fr\/uploads\/2019\/03\/D26.jpg","width":1920,"height":1280,"caption":"D\u00e9marreur David Brown - 12 Volt \/ 3 Kw - Tracteur Agricole"},{"@type":"BreadcrumbList","@id":"http:\/\/www.edel.fr\/en\/product\/demarreur-david-brown-volt-kw-12-3\/#breadcrumb","itemListElement":[{"@type":"ListItem","position":1,"name":"Pi\u00e8ce Tracteur","item":"http:\/\/www.edel.fr\/en\/"},{"@type":"ListItem","position":2,"name":"Toutes nos pi\u00e8ces Tracteur","item":"https:\/\/edel.fr\/shop\/"},{"@type":"ListItem","position":3,"name":"D\u00e9marreur David Brown &#8211; 12 Volt \/ 3 Kw &#8211; Tracteur Agricole"}]},{"@type":"WebSite","@id":"http:\/\/www.edel.fr\/en\/#website","url":"http:\/\/www.edel.fr\/en\/","name":"Edel","description":"Pi\u00e8ce d\u00e9tach\u00e9e de Tracteur Agricole","publisher":{"@id":"http:\/\/www.edel.fr\/en\/#organization"},"potentialAction":[{"@type":"SearchAction","target":{"@type":"EntryPoint","urlTemplate":"http:\/\/www.edel.fr\/en\/?s={search_term_string}"},"query-input":{"@type":"PropertyValueSpecification","valueRequired":true,"valueName":"search_term_string"}}],"inLanguage":"en-US"},{"@type":"Organization","@id":"http:\/\/www.edel.fr\/en\/#organization","name":"Edel","url":"http:\/\/www.edel.fr\/en\/","logo":{"@type":"ImageObject","inLanguage":"en-US","@id":"http:\/\/www.edel.fr\/en\/#\/schema\/logo\/image\/","url":"https:\/\/www.edel.fr\/uploads\/2018\/11\/logo-edel.png","contentUrl":"https:\/\/www.edel.fr\/uploads\/2018\/11\/logo-edel.png","width":257,"height":68,"caption":"Edel"},"image":{"@id":"http:\/\/www.edel.fr\/en\/#\/schema\/logo\/image\/"}}]}},"_links":{"self":[{"href":"https:\/\/edel.fr\/en\/wp-json\/wp\/v2\/product\/5921","targetHints":{"allow":["GET"]}}],"collection":[{"href":"https:\/\/edel.fr\/en\/wp-json\/wp\/v2\/product"}],"about":[{"href":"https:\/\/edel.fr\/en\/wp-json\/wp\/v2\/types\/product"}],"version-history":[{"count":2,"href":"https:\/\/edel.fr\/en\/wp-json\/wp\/v2\/product\/5921\/revisions"}],"predecessor-version":[{"id":15098,"href":"https:\/\/edel.fr\/en\/wp-json\/wp\/v2\/product\/5921\/revisions\/15098"}],"wp:featuredmedia":[{"embeddable":true,"href":"https:\/\/edel.fr\/en\/wp-json\/wp\/v2\/media\/5654"}],"wp:attachment":[{"href":"https:\/\/edel.fr\/en\/wp-json\/wp\/v2\/media?parent=5921"}],"wp:term":[{"taxonomy":"product_brand","embeddable":true,"href":"https:\/\/edel.fr\/en\/wp-json\/wp\/v2\/product_brand?post=5921"},{"taxonomy":"product_cat","embeddable":true,"href":"https:\/\/edel.fr\/en\/wp-json\/wp\/v2\/product_cat?post=5921"},{"taxonomy":"product_tag","embeddable":true,"href":"https:\/\/edel.fr\/en\/wp-json\/wp\/v2\/product_tag?post=5921"},{"taxonomy":"tracteur","embeddable":true,"href":"https:\/\/edel.fr\/en\/wp-json\/wp\/v2\/tracteur?post=5921"}],"curies":[{"name":"wp","href":"https:\/\/api.w.org\/{rel}","templated":true}]}}