{"id":5922,"date":"2019-03-11T09:24:31","date_gmt":"2019-03-11T08:24:31","guid":{"rendered":"http:\/\/edel.stephanie.ct.webcd.lan\/shop\/demarreur-ford-new-holland-volt-kw-12-28\/"},"modified":"2026-02-04T02:00:39","modified_gmt":"2026-02-04T01:00:39","slug":"demarreur-ford-new-holland-volt-kw-12-28","status":"publish","type":"product","link":"https:\/\/edel.fr\/en\/product\/demarreur-ford-new-holland-volt-kw-12-28\/","title":{"rendered":"D\u00e9marreur Ford New Holland &#8211; 12 Volt \/ 2,8 Kw &#8211; Tracteur Agricole"},"content":{"rendered":"<div data-elementor-type=\"wp-post\" data-elementor-id=\"5922\" class=\"elementor elementor-5922\">\n\t\t\t\t\t\t<section class=\"elementor-section elementor-top-section elementor-element elementor-element-372e5199 elementor-section-boxed elementor-section-height-default elementor-section-height-default\" data-id=\"372e5199\" data-element_type=\"section\" data-e-type=\"section\">\n\t\t\t\t\t\t<div class=\"elementor-container elementor-column-gap-default\">\n\t\t\t\t\t<div class=\"elementor-column elementor-col-100 elementor-top-column elementor-element elementor-element-5f0f2f07\" data-id=\"5f0f2f07\" data-element_type=\"column\" data-e-type=\"column\">\n\t\t\t<div class=\"elementor-widget-wrap elementor-element-populated\">\n\t\t\t\t\t\t<div class=\"elementor-element elementor-element-141160c4 elementor-widget elementor-widget-heading\" data-id=\"141160c4\" data-element_type=\"widget\" data-e-type=\"widget\" data-widget_type=\"heading.default\">\n\t\t\t\t<div class=\"elementor-widget-container\">\n\t\t\t\t\t<h2 class=\"elementor-heading-title elementor-size-default\">D\u00e9marreur Ford New Holland<\/h2>\t\t\t\t<\/div>\n\t\t\t\t<\/div>\n\t\t\t\t<div class=\"elementor-element elementor-element-63432300 elementor-widget elementor-widget-heading\" data-id=\"63432300\" data-element_type=\"widget\" data-e-type=\"widget\" data-widget_type=\"heading.default\">\n\t\t\t\t<div class=\"elementor-widget-container\">\n\t\t\t\t\t<h3 class=\"elementor-heading-title elementor-size-default\">Information du produit :<\/h3>\t\t\t\t<\/div>\n\t\t\t\t<\/div>\n\t\t\t\t\t<\/div>\n\t\t<\/div>\n\t\t\t\t\t<\/div>\n\t\t<\/section>\n\t\t\t\t<section class=\"elementor-section elementor-top-section elementor-element elementor-element-752eb557 elementor-section-boxed elementor-section-height-default elementor-section-height-default\" data-id=\"752eb557\" data-element_type=\"section\" data-e-type=\"section\">\n\t\t\t\t\t\t<div class=\"elementor-container elementor-column-gap-default\">\n\t\t\t\t\t<div class=\"elementor-column elementor-col-100 elementor-top-column elementor-element elementor-element-45a86fd6\" data-id=\"45a86fd6\" data-element_type=\"column\" data-e-type=\"column\">\n\t\t\t<div class=\"elementor-widget-wrap elementor-element-populated\">\n\t\t\t\t\t\t<div class=\"elementor-element elementor-element-b73068 elementor-widget elementor-widget-text-editor\" data-id=\"b73068\" data-element_type=\"widget\" data-e-type=\"widget\" data-widget_type=\"text-editor.default\">\n\t\t\t\t<div class=\"elementor-widget-container\">\n\t\t\t\t\t\t\t\t\t<p><strong>12 Volt \/ 2,8 Kw<\/strong><\/p><p>Le d\u00e9marreur de votre tracteur est indispensable, le tracteur ne pourra pas d\u00e9marrer correctement si le d\u00e9marreur n&rsquo;est pas fonctionnel. Il se pr\u00e9sente sous la forme d\u2019un petit moteur \u00e9lectrique, rattach\u00e9 au volant moteur. Il est directement aliment\u00e9 par la batterie et il a pour r\u00f4le de mettre en marche le moteur\u00a0de votre tracteur.<\/p><p>Pour trouver le bon <strong>d\u00e9marreur tracteur<\/strong> qui s\u2019adaptera au mieux \u00e0 votre engin agricole, il est \u00e9galement pr\u00e9f\u00e9rable de se r\u00e9f\u00e9rer \u00e0 sa r\u00e9f\u00e9rence d\u2019origine. Elle est en g\u00e9n\u00e9ral inscrite sur le d\u00e9marreur. Sans cette r\u00e9f\u00e9rence, il faudra vous appuyer sur la marque et le mod\u00e8le de votre <strong>tracteur agricole.<\/strong><\/p><p>Avant le d\u00e9montage de votre d\u00e9marreur, nous vous conseillons d&rsquo;abord de d\u00e9brancher votre batterie. Mais aussi de rep\u00e9rer les diff\u00e9rents branchements d\u2019alimentation du d\u00e9marreur.<\/p><p>Pour choisir son <strong>d\u00e9marreur de tracteur<\/strong>, il faut choisir entre les d\u00e9marreurs classiques ou les <strong>d\u00e9marreurs avec r\u00e9ducteur droit ou d\u00e9cal\u00e9.<\/strong><\/p><p>Il est possible de changer le d\u00e9marreur classique par un <strong>d\u00e9marreur avec r\u00e9ducteur.<\/strong> Par exemple, sur un <strong>tracteur ancien<\/strong>, cela lui simplifiera consid\u00e9rablement son d\u00e9marrage.<\/p><p>C\u2019est pourquoi nous vous proposons une pi\u00e8ce de marque\u00a0<a href=\"https:\/\/edel.fr\/en\/constructeur\/mahle\/\">Mahle<\/a>\u00a0\/\u00a0<a href=\"https:\/\/edel.fr\/en\/constructeur\/letrika\/\">Letrika<\/a>\u00a0reconnue pour sa fiabilit\u00e9.<\/p><p>Ford New Holland : 2000, 2610, 3610, 3910, 3930, 4000, 4100, 4600, 4610, 5000, 550, 5600, 5610, 5900, 655, 6600, 6610, 6710, 6810, 7000, 7610, 7710, 7810, 8000, 8060, 8160, 8200, 8210, 8340, 8360, 8460, 8600, 8700, 8830, 9000, 9600, 9700, T85, TL80, TM160, TW15, TW20, TW25, TW35.<\/p><p><strong>R\u00e9f\u00e9rences constructeur\u00a0<\/strong><\/p><p>BOSCH : 0001369201, 0001369200.<\/p><p>CNH \/ FIAT AGRI : 82013923, 84036631.<\/p><p>FORD NEW HOLLAND : 81 868 126, 82 005 343, 82 013 923, F0 NN 7HO22 BA, F1 NN 11000 AA.<\/p><p>LESTER : 18034<\/p><p>NEW HOLLAND (SPERRY NEW HOLL.) : 840 366 31<\/p><p>Edel vous propose \u00e9galement une large gamme de d\u00e9marreur pour des applications sp\u00e9cifiques, et de diff\u00e9rentes marques.<\/p><p>Donc, pour plus de renseignements, n\u2019h\u00e9sitez pas \u00e0 nous consulter !<\/p>\t\t\t\t\t\t\t\t<\/div>\n\t\t\t\t<\/div>\n\t\t\t\t\t<\/div>\n\t\t<\/div>\n\t\t\t\t\t<\/div>\n\t\t<\/section>\n\t\t\t\t<\/div>","protected":false},"excerpt":{"rendered":"<p>D\u00e9marreur Ford New Holland Information du produit : 12 Volt \/ 2,8 Kw Le d\u00e9marreur de votre tracteur est indispensable, le tracteur ne pourra pas d\u00e9marrer correctement si le d\u00e9marreur n&rsquo;est pas fonctionnel. Il se pr\u00e9sente sous la forme d\u2019un petit moteur \u00e9lectrique, rattach\u00e9 au volant moteur. Il est directement aliment\u00e9 par la batterie et<br \/><a class=\"more-link\" href=\"https:\/\/edel.fr\/en\/product\/demarreur-ford-new-holland-volt-kw-12-28\/\"><br \/>\n        Read More<span class=\"screen-reader-text\"> \u00ab\u00a0D\u00e9marreur Ford New Holland &#8211; 12 Volt \/ 2,8 Kw &#8211; Tracteur Agricole\u00a0\u00bb<\/span><\/a><\/p>","protected":false},"featured_media":5655,"template":"","meta":[],"product_brand":[],"product_cat":[3999,165,154,119],"product_tag":[2460,180],"tracteur":[],"class_list":{"0":"post-5922","1":"product","2":"type-product","3":"status-publish","4":"has-post-thumbnail","6":"product_cat-demarreur-ford-new-holland","7":"product_cat-demarreurs","8":"product_cat-electricite","9":"product_cat-tracteurs-agricoles","10":"product_tag-demarreurs","11":"product_tag-electricite","12":"product_shipping_class-142","13":"pa_fabriquant-mahle","14":"pa_marque-tracteur-ford-new-holland","15":"pa_modele-tracteur-t","16":"pa_modele-tracteur-tl","17":"pa_modele-tracteur-tm","18":"pa_modele-tracteur-tw","19":"pa_type-2-1439","20":"pa_type-2-1665","21":"pa_type-2-1453","22":"pa_type-2-1666","23":"pa_type-2-2067","24":"pa_type-2-2017","25":"pa_type-2-2068","26":"pa_type-2-2070","27":"pa_type-2-1667","28":"pa_type-2-1669","29":"pa_type-2-1430","30":"pa_type-2-2071","31":"pa_type-2-1639","32":"pa_type-2-2072","33":"pa_type-2-2065","34":"pa_type-2-1615","35":"pa_type-2-1673","36":"pa_type-2-1675","37":"pa_type-2-1676","38":"pa_type-2-2073","39":"pa_type-2-1304","40":"pa_type-2-1678","41":"pa_type-2-1305","42":"pa_type-2-2074","43":"pa_type-2-1303","44":"pa_type-2-1338","45":"pa_type-2-1722","46":"pa_type-2-2075","47":"pa_type-2-1704","48":"pa_type-2-2076","49":"pa_type-2-2077","50":"pa_type-2-2078","51":"pa_type-2-1643","52":"pa_type-2-1770","53":"pa_type-2-2079","54":"pa_type-2-2080","55":"pa_type-2-1644","56":"pa_type-2-t85","57":"pa_type-2-tl80","58":"pa_type-2-tm160","59":"pa_type-2-tw15","60":"pa_type-2-tw20","61":"pa_type-2-tw25","62":"pa_type-2-tw35","63":"badges-style-2","65":"first","66":"outofstock","67":"taxable","68":"shipping-taxable","69":"purchasable","70":"product-type-simple"},"acf":[],"yoast_head":"<!-- This site is optimized with the Yoast SEO plugin v27.3 - https:\/\/yoast.com\/product\/yoast-seo-wordpress\/ -->\n<title>D\u00e9marreur Ford New Holland - 12 Volt \/ 2,8 Kw - Tracteur Agricole - Edel<\/title>\n<meta name=\"description\" content=\"D\u00e9marreur Ford New Holland - 12 Volt \/ 2,8 Kw - 2000 2610 3610 3910 4000 4100 4600 4610 5000 550 5600 655 6600 6610 6710 6810 7000 7610 8000 T85 TM160 TW15\" \/>\n<meta name=\"robots\" content=\"index, follow, max-snippet:-1, max-image-preview:large, max-video-preview:-1\" \/>\n<link rel=\"canonical\" href=\"https:\/\/edel.fr\/en\/product\/demarreur-ford-new-holland-volt-kw-12-28\/\" \/>\n<meta property=\"og:locale\" content=\"en_US\" \/>\n<meta property=\"og:type\" content=\"article\" \/>\n<meta property=\"og:title\" content=\"D\u00e9marreur Ford New Holland - 12 Volt \/ 2,8 Kw - Tracteur Agricole - Edel\" \/>\n<meta property=\"og:description\" content=\"D\u00e9marreur Ford New Holland - 12 Volt \/ 2,8 Kw - 2000 2610 3610 3910 4000 4100 4600 4610 5000 550 5600 655 6600 6610 6710 6810 7000 7610 8000 T85 TM160 TW15\" \/>\n<meta property=\"og:url\" content=\"https:\/\/edel.fr\/en\/product\/demarreur-ford-new-holland-volt-kw-12-28\/\" \/>\n<meta property=\"og:site_name\" content=\"Edel\" \/>\n<meta property=\"article:modified_time\" content=\"2026-02-04T01:00:39+00:00\" \/>\n<meta property=\"og:image\" content=\"https:\/\/edel.fr\/uploads\/2019\/03\/D27.jpg\" \/>\n\t<meta property=\"og:image:width\" content=\"1920\" \/>\n\t<meta property=\"og:image:height\" content=\"1280\" \/>\n\t<meta property=\"og:image:type\" content=\"image\/jpeg\" \/>\n<meta name=\"twitter:card\" content=\"summary_large_image\" \/>\n<meta name=\"twitter:label1\" content=\"Est. reading time\" \/>\n\t<meta name=\"twitter:data1\" content=\"2 minutes\" \/>\n<script type=\"application\/ld+json\" class=\"yoast-schema-graph\">{\"@context\":\"https:\\\/\\\/schema.org\",\"@graph\":[{\"@type\":\"WebPage\",\"@id\":\"https:\\\/\\\/edel.fr\\\/en\\\/product\\\/demarreur-ford-new-holland-volt-kw-12-28\\\/\",\"url\":\"https:\\\/\\\/edel.fr\\\/en\\\/product\\\/demarreur-ford-new-holland-volt-kw-12-28\\\/\",\"name\":\"D\u00e9marreur Ford New Holland - 12 Volt \\\/ 2,8 Kw - Tracteur Agricole - Edel\",\"isPartOf\":{\"@id\":\"http:\\\/\\\/www.edel.fr\\\/en\\\/#website\"},\"primaryImageOfPage\":{\"@id\":\"https:\\\/\\\/edel.fr\\\/en\\\/product\\\/demarreur-ford-new-holland-volt-kw-12-28\\\/#primaryimage\"},\"image\":{\"@id\":\"https:\\\/\\\/edel.fr\\\/en\\\/product\\\/demarreur-ford-new-holland-volt-kw-12-28\\\/#primaryimage\"},\"thumbnailUrl\":\"https:\\\/\\\/edel.fr\\\/uploads\\\/2019\\\/03\\\/D27.jpg\",\"datePublished\":\"2019-03-11T08:24:31+00:00\",\"dateModified\":\"2026-02-04T01:00:39+00:00\",\"description\":\"D\u00e9marreur Ford New Holland - 12 Volt \\\/ 2,8 Kw - 2000 2610 3610 3910 4000 4100 4600 4610 5000 550 5600 655 6600 6610 6710 6810 7000 7610 8000 T85 TM160 TW15\",\"breadcrumb\":{\"@id\":\"https:\\\/\\\/edel.fr\\\/en\\\/product\\\/demarreur-ford-new-holland-volt-kw-12-28\\\/#breadcrumb\"},\"inLanguage\":\"en-US\",\"potentialAction\":[{\"@type\":\"ReadAction\",\"target\":[\"https:\\\/\\\/edel.fr\\\/en\\\/product\\\/demarreur-ford-new-holland-volt-kw-12-28\\\/\"]}]},{\"@type\":\"ImageObject\",\"inLanguage\":\"en-US\",\"@id\":\"https:\\\/\\\/edel.fr\\\/en\\\/product\\\/demarreur-ford-new-holland-volt-kw-12-28\\\/#primaryimage\",\"url\":\"https:\\\/\\\/edel.fr\\\/uploads\\\/2019\\\/03\\\/D27.jpg\",\"contentUrl\":\"https:\\\/\\\/edel.fr\\\/uploads\\\/2019\\\/03\\\/D27.jpg\",\"width\":1920,\"height\":1280,\"caption\":\"D\u00e9marreur Ford New Holland - 12 Volt \\\/ 2,8 Kw - Tracteur Agricole\"},{\"@type\":\"BreadcrumbList\",\"@id\":\"https:\\\/\\\/edel.fr\\\/en\\\/product\\\/demarreur-ford-new-holland-volt-kw-12-28\\\/#breadcrumb\",\"itemListElement\":[{\"@type\":\"ListItem\",\"position\":1,\"name\":\"Pi\u00e8ce Tracteur\",\"item\":\"http:\\\/\\\/www.edel.fr\\\/en\\\/\"},{\"@type\":\"ListItem\",\"position\":2,\"name\":\"Toutes nos pi\u00e8ces Tracteur\",\"item\":\"https:\\\/\\\/edel.fr\\\/shop\\\/\"},{\"@type\":\"ListItem\",\"position\":3,\"name\":\"D\u00e9marreur Ford New Holland &#8211; 12 Volt \\\/ 2,8 Kw &#8211; Tracteur Agricole\"}]},{\"@type\":\"WebSite\",\"@id\":\"http:\\\/\\\/www.edel.fr\\\/en\\\/#website\",\"url\":\"http:\\\/\\\/www.edel.fr\\\/en\\\/\",\"name\":\"Edel\",\"description\":\"Pi\u00e8ce d\u00e9tach\u00e9e de Tracteur Agricole\",\"publisher\":{\"@id\":\"http:\\\/\\\/www.edel.fr\\\/en\\\/#organization\"},\"potentialAction\":[{\"@type\":\"SearchAction\",\"target\":{\"@type\":\"EntryPoint\",\"urlTemplate\":\"http:\\\/\\\/www.edel.fr\\\/en\\\/?s={search_term_string}\"},\"query-input\":{\"@type\":\"PropertyValueSpecification\",\"valueRequired\":true,\"valueName\":\"search_term_string\"}}],\"inLanguage\":\"en-US\"},{\"@type\":\"Organization\",\"@id\":\"http:\\\/\\\/www.edel.fr\\\/en\\\/#organization\",\"name\":\"Edel\",\"url\":\"http:\\\/\\\/www.edel.fr\\\/en\\\/\",\"logo\":{\"@type\":\"ImageObject\",\"inLanguage\":\"en-US\",\"@id\":\"http:\\\/\\\/www.edel.fr\\\/en\\\/#\\\/schema\\\/logo\\\/image\\\/\",\"url\":\"https:\\\/\\\/www.edel.fr\\\/uploads\\\/2018\\\/11\\\/logo-edel.png\",\"contentUrl\":\"https:\\\/\\\/www.edel.fr\\\/uploads\\\/2018\\\/11\\\/logo-edel.png\",\"width\":257,\"height\":68,\"caption\":\"Edel\"},\"image\":{\"@id\":\"http:\\\/\\\/www.edel.fr\\\/en\\\/#\\\/schema\\\/logo\\\/image\\\/\"}}]}<\/script>\n<!-- \/ Yoast SEO plugin. -->","yoast_head_json":{"title":"D\u00e9marreur Ford New Holland - 12 Volt \/ 2,8 Kw - Tracteur Agricole - Edel","description":"D\u00e9marreur Ford New Holland - 12 Volt \/ 2,8 Kw - 2000 2610 3610 3910 4000 4100 4600 4610 5000 550 5600 655 6600 6610 6710 6810 7000 7610 8000 T85 TM160 TW15","robots":{"index":"index","follow":"follow","max-snippet":"max-snippet:-1","max-image-preview":"max-image-preview:large","max-video-preview":"max-video-preview:-1"},"canonical":"https:\/\/edel.fr\/en\/product\/demarreur-ford-new-holland-volt-kw-12-28\/","og_locale":"en_US","og_type":"article","og_title":"D\u00e9marreur Ford New Holland - 12 Volt \/ 2,8 Kw - Tracteur Agricole - Edel","og_description":"D\u00e9marreur Ford New Holland - 12 Volt \/ 2,8 Kw - 2000 2610 3610 3910 4000 4100 4600 4610 5000 550 5600 655 6600 6610 6710 6810 7000 7610 8000 T85 TM160 TW15","og_url":"https:\/\/edel.fr\/en\/product\/demarreur-ford-new-holland-volt-kw-12-28\/","og_site_name":"Edel","article_modified_time":"2026-02-04T01:00:39+00:00","og_image":[{"width":1920,"height":1280,"url":"https:\/\/edel.fr\/uploads\/2019\/03\/D27.jpg","type":"image\/jpeg"}],"twitter_card":"summary_large_image","twitter_misc":{"Est. reading time":"2 minutes"},"schema":{"@context":"https:\/\/schema.org","@graph":[{"@type":"WebPage","@id":"https:\/\/edel.fr\/en\/product\/demarreur-ford-new-holland-volt-kw-12-28\/","url":"https:\/\/edel.fr\/en\/product\/demarreur-ford-new-holland-volt-kw-12-28\/","name":"D\u00e9marreur Ford New Holland - 12 Volt \/ 2,8 Kw - Tracteur Agricole - Edel","isPartOf":{"@id":"http:\/\/www.edel.fr\/en\/#website"},"primaryImageOfPage":{"@id":"https:\/\/edel.fr\/en\/product\/demarreur-ford-new-holland-volt-kw-12-28\/#primaryimage"},"image":{"@id":"https:\/\/edel.fr\/en\/product\/demarreur-ford-new-holland-volt-kw-12-28\/#primaryimage"},"thumbnailUrl":"https:\/\/edel.fr\/uploads\/2019\/03\/D27.jpg","datePublished":"2019-03-11T08:24:31+00:00","dateModified":"2026-02-04T01:00:39+00:00","description":"D\u00e9marreur Ford New Holland - 12 Volt \/ 2,8 Kw - 2000 2610 3610 3910 4000 4100 4600 4610 5000 550 5600 655 6600 6610 6710 6810 7000 7610 8000 T85 TM160 TW15","breadcrumb":{"@id":"https:\/\/edel.fr\/en\/product\/demarreur-ford-new-holland-volt-kw-12-28\/#breadcrumb"},"inLanguage":"en-US","potentialAction":[{"@type":"ReadAction","target":["https:\/\/edel.fr\/en\/product\/demarreur-ford-new-holland-volt-kw-12-28\/"]}]},{"@type":"ImageObject","inLanguage":"en-US","@id":"https:\/\/edel.fr\/en\/product\/demarreur-ford-new-holland-volt-kw-12-28\/#primaryimage","url":"https:\/\/edel.fr\/uploads\/2019\/03\/D27.jpg","contentUrl":"https:\/\/edel.fr\/uploads\/2019\/03\/D27.jpg","width":1920,"height":1280,"caption":"D\u00e9marreur Ford New Holland - 12 Volt \/ 2,8 Kw - Tracteur Agricole"},{"@type":"BreadcrumbList","@id":"https:\/\/edel.fr\/en\/product\/demarreur-ford-new-holland-volt-kw-12-28\/#breadcrumb","itemListElement":[{"@type":"ListItem","position":1,"name":"Pi\u00e8ce Tracteur","item":"http:\/\/www.edel.fr\/en\/"},{"@type":"ListItem","position":2,"name":"Toutes nos pi\u00e8ces Tracteur","item":"https:\/\/edel.fr\/shop\/"},{"@type":"ListItem","position":3,"name":"D\u00e9marreur Ford New Holland &#8211; 12 Volt \/ 2,8 Kw &#8211; Tracteur Agricole"}]},{"@type":"WebSite","@id":"http:\/\/www.edel.fr\/en\/#website","url":"http:\/\/www.edel.fr\/en\/","name":"Edel","description":"Pi\u00e8ce d\u00e9tach\u00e9e de Tracteur Agricole","publisher":{"@id":"http:\/\/www.edel.fr\/en\/#organization"},"potentialAction":[{"@type":"SearchAction","target":{"@type":"EntryPoint","urlTemplate":"http:\/\/www.edel.fr\/en\/?s={search_term_string}"},"query-input":{"@type":"PropertyValueSpecification","valueRequired":true,"valueName":"search_term_string"}}],"inLanguage":"en-US"},{"@type":"Organization","@id":"http:\/\/www.edel.fr\/en\/#organization","name":"Edel","url":"http:\/\/www.edel.fr\/en\/","logo":{"@type":"ImageObject","inLanguage":"en-US","@id":"http:\/\/www.edel.fr\/en\/#\/schema\/logo\/image\/","url":"https:\/\/www.edel.fr\/uploads\/2018\/11\/logo-edel.png","contentUrl":"https:\/\/www.edel.fr\/uploads\/2018\/11\/logo-edel.png","width":257,"height":68,"caption":"Edel"},"image":{"@id":"http:\/\/www.edel.fr\/en\/#\/schema\/logo\/image\/"}}]}},"_links":{"self":[{"href":"https:\/\/edel.fr\/en\/wp-json\/wp\/v2\/product\/5922","targetHints":{"allow":["GET"]}}],"collection":[{"href":"https:\/\/edel.fr\/en\/wp-json\/wp\/v2\/product"}],"about":[{"href":"https:\/\/edel.fr\/en\/wp-json\/wp\/v2\/types\/product"}],"version-history":[{"count":2,"href":"https:\/\/edel.fr\/en\/wp-json\/wp\/v2\/product\/5922\/revisions"}],"predecessor-version":[{"id":15109,"href":"https:\/\/edel.fr\/en\/wp-json\/wp\/v2\/product\/5922\/revisions\/15109"}],"wp:featuredmedia":[{"embeddable":true,"href":"https:\/\/edel.fr\/en\/wp-json\/wp\/v2\/media\/5655"}],"wp:attachment":[{"href":"https:\/\/edel.fr\/en\/wp-json\/wp\/v2\/media?parent=5922"}],"wp:term":[{"taxonomy":"product_brand","embeddable":true,"href":"https:\/\/edel.fr\/en\/wp-json\/wp\/v2\/product_brand?post=5922"},{"taxonomy":"product_cat","embeddable":true,"href":"https:\/\/edel.fr\/en\/wp-json\/wp\/v2\/product_cat?post=5922"},{"taxonomy":"product_tag","embeddable":true,"href":"https:\/\/edel.fr\/en\/wp-json\/wp\/v2\/product_tag?post=5922"},{"taxonomy":"tracteur","embeddable":true,"href":"https:\/\/edel.fr\/en\/wp-json\/wp\/v2\/tracteur?post=5922"}],"curies":[{"name":"wp","href":"https:\/\/api.w.org\/{rel}","templated":true}]}}