{"id":5923,"date":"2019-03-11T09:24:31","date_gmt":"2019-03-11T08:24:31","guid":{"rendered":"http:\/\/edel.stephanie.ct.webcd.lan\/shop\/demarreur-landinimanitoumassey-ferguson-volt-kw-12-28-moteur-perkins-fixation-a-droitevolt-kw-12-28-moteur-perkins-fixation-a-droitevolt-kw-12-28-moteur-perkins-fixation-a-droite\/"},"modified":"2026-02-04T02:00:25","modified_gmt":"2026-02-04T01:00:25","slug":"demarreur-landinimanitoumassey-ferguson-volt-kw-12-28-moteur-perkins-fixation-a-droite","status":"publish","type":"product","link":"https:\/\/edel.fr\/en\/product\/demarreur-landinimanitoumassey-ferguson-volt-kw-12-28-moteur-perkins-fixation-a-droite\/","title":{"rendered":"D\u00e9marreur Landini, Manitou, MF &#8211; 12V\/2,8Kw, Perkins fixation droite"},"content":{"rendered":"<div data-elementor-type=\"wp-post\" data-elementor-id=\"5923\" class=\"elementor elementor-5923\">\n\t\t\t\t\t\t<section class=\"elementor-section elementor-top-section elementor-element elementor-element-61d178fa elementor-section-boxed elementor-section-height-default elementor-section-height-default\" data-id=\"61d178fa\" data-element_type=\"section\" data-e-type=\"section\">\n\t\t\t\t\t\t<div class=\"elementor-container elementor-column-gap-default\">\n\t\t\t\t\t<div class=\"elementor-column elementor-col-100 elementor-top-column elementor-element elementor-element-67a4a9a1\" data-id=\"67a4a9a1\" data-element_type=\"column\" data-e-type=\"column\">\n\t\t\t<div class=\"elementor-widget-wrap elementor-element-populated\">\n\t\t\t\t\t\t<div class=\"elementor-element elementor-element-371da5ef elementor-widget elementor-widget-heading\" data-id=\"371da5ef\" data-element_type=\"widget\" data-e-type=\"widget\" data-widget_type=\"heading.default\">\n\t\t\t\t<div class=\"elementor-widget-container\">\n\t\t\t\t\t<h2 class=\"elementor-heading-title elementor-size-default\">D\u00e9marreur Landini, Manitou, Massey Ferguson<\/h2>\t\t\t\t<\/div>\n\t\t\t\t<\/div>\n\t\t\t\t<div class=\"elementor-element elementor-element-458f9472 elementor-widget elementor-widget-heading\" data-id=\"458f9472\" data-element_type=\"widget\" data-e-type=\"widget\" data-widget_type=\"heading.default\">\n\t\t\t\t<div class=\"elementor-widget-container\">\n\t\t\t\t\t<h3 class=\"elementor-heading-title elementor-size-default\">Information du produit :<\/h3>\t\t\t\t<\/div>\n\t\t\t\t<\/div>\n\t\t\t\t\t<\/div>\n\t\t<\/div>\n\t\t\t\t\t<\/div>\n\t\t<\/section>\n\t\t\t\t<section class=\"elementor-section elementor-top-section elementor-element elementor-element-5db48626 elementor-section-boxed elementor-section-height-default elementor-section-height-default\" data-id=\"5db48626\" data-element_type=\"section\" data-e-type=\"section\">\n\t\t\t\t\t\t<div class=\"elementor-container elementor-column-gap-default\">\n\t\t\t\t\t<div class=\"elementor-column elementor-col-100 elementor-top-column elementor-element elementor-element-2561d218\" data-id=\"2561d218\" data-element_type=\"column\" data-e-type=\"column\">\n\t\t\t<div class=\"elementor-widget-wrap elementor-element-populated\">\n\t\t\t\t\t\t<div class=\"elementor-element elementor-element-3f6e3124 elementor-widget elementor-widget-text-editor\" data-id=\"3f6e3124\" data-element_type=\"widget\" data-e-type=\"widget\" data-widget_type=\"text-editor.default\">\n\t\t\t\t<div class=\"elementor-widget-container\">\n\t\t\t\t\t\t\t\t\t<p><strong>12 Volt \/ 2,8 Kw, Moteur Perkins Fixation \u00e0 droite<\/strong><\/p><p>Le d\u00e9marreur de votre tracteur est indispensable, le tracteur ne pourra pas d\u00e9marrer correctement si le d\u00e9marreur n&rsquo;est pas fonctionnel. Il se pr\u00e9sente sous la forme d\u2019un petit moteur \u00e9lectrique, rattach\u00e9 au volant moteur. Il est directement aliment\u00e9 par la batterie et il a pour r\u00f4le de mettre en marche le moteur\u00a0de votre tracteur.<\/p><p>Pour trouver le bon <strong>d\u00e9marreur tracteur<\/strong> qui s\u2019adaptera au mieux \u00e0 votre engin agricole, il est \u00e9galement pr\u00e9f\u00e9rable de se r\u00e9f\u00e9rer \u00e0 sa r\u00e9f\u00e9rence d\u2019origine. Elle est en g\u00e9n\u00e9ral inscrite sur le d\u00e9marreur. Sans cette r\u00e9f\u00e9rence, il faudra vous appuyer sur la marque et le mod\u00e8le de votre <strong>tracteur agricole.<\/strong><\/p><p>Avant le d\u00e9montage de votre d\u00e9marreur, nous vous conseillons d&rsquo;abord de d\u00e9brancher votre batterie. Mais aussi de rep\u00e9rer les diff\u00e9rents branchements d\u2019alimentation du d\u00e9marreur.<\/p><p>Pour choisir son <strong>d\u00e9marreur de tracteur<\/strong>, il faut choisir entre les d\u00e9marreurs classiques ou les <strong>d\u00e9marreurs avec r\u00e9ducteur droit ou d\u00e9cal\u00e9.<\/strong><\/p><p>Il est possible de changer le d\u00e9marreur classique par un <strong>d\u00e9marreur avec r\u00e9ducteur.<\/strong> Par exemple, sur un <strong>tracteur ancien<\/strong>, cela lui simplifiera consid\u00e9rablement son d\u00e9marrage.<\/p><p>C\u2019est pourquoi nous vous proposons une pi\u00e8ce de marque\u00a0<a href=\"https:\/\/edel.fr\/en\/constructeur\/mahle\/\">Mahle<\/a>\u00a0\/\u00a0<a href=\"https:\/\/edel.fr\/en\/constructeur\/letrika\/\">Letrika<\/a>\u00a0reconnue pour sa fiabilit\u00e9.<\/p><p>D\u00e9marreur Landini, Manitou, Massey Ferguson : 115, 130, 3085, 3095, 3115, 3125, 3185, 3635, 3645, 3655, 3670, 3680, 3690, 3695, 425MT, 430MLT, 6160, 6170, 6180, 6190, 6230, 6260, 6270, 6280, 628MLT, 6290, 6480, 728, 7485, 8110, 8120, 8130, 8140, 8150, 8160, 8170, 8210, Chargeurs628, JCB4X, Legend 105, Merlo 3013, MF50B.<\/p><h4><strong>R\u00e9f\u00e9rences constructeur\u00a0<\/strong><\/h4><p>AGCO : C000900060090<\/p><p>AHLMANN (MECALAC) : 5029042<\/p><p>BOBCAT : 882134, 934232<\/p><p>BOSCH : 0986018151<\/p><p>CLAAS : 6005706629<\/p><p>CNH \/ FIAT AGRI : 73328002<\/p><p>DELCO REMY : DRS3289<\/p><p>HELLA : 8EA 730 209-001, 8EA 730 219-001, CS 693, CS 703.<\/p><p>HITACHI : S12-84<\/p><p>JCB : 714\/29300R, 714\/29500R.<\/p><p>LANDINI : 3551 773 M91, 3648 190 M91.<\/p><p>LESTER : 17644, 17649, 17650.<\/p><p>LUCAS : 27 518, 27 520, 27 570, 27 588, LRS00124, LRS00161, LRS00195, LRS00302, LRS00968, NSB 524, NSB 529.<\/p><p>MAGNETI MARELLI : 542 932 84, 632 274 78, 632 274 86, 632 275 18, 632 275 20, 632 275 85, 632 275 88, 632 275 96, 632 963 57, 9432 262 94, 9432 263 29, 9432 263 48, 9432 263 57, 9432 263 59, 9432 263 66, 9432 263 69, 9432 275 02, 9432 275 18, 9432 275 20, 9432 275 24, 9432 275 70, 9432 275 72, 9432 520 75, 9432 520 76, MSN 180, MSN 191.<\/p><p>MANITOU : 745011<\/p><p>MASSEY-FERGUSON : 2873 001 T, 3581 576 M1, 3581 576 M3.<\/p><p>MERLO : 934232<\/p><p>PERKINS : 1446 802 M91, 1447 732 MI, 1447 732 R1, 2873A001, 2873A030, 2873A102, 2873B056, 2873B071, 3581 576 M3, 3581 576 MI, 3581 576 R1, 37701400.<\/p><p>PRESTOLITE : 20500968<\/p><p>SPAREX : 361050<\/p><p>Edel vous propose \u00e9galement une large gamme de d\u00e9marreur pour des applications sp\u00e9cifiques, et de diff\u00e9rentes marques.<\/p><p>Donc, pour plus de renseignements, n\u2019h\u00e9sitez pas \u00e0 nous consulter !<\/p>\t\t\t\t\t\t\t\t<\/div>\n\t\t\t\t<\/div>\n\t\t\t\t\t<\/div>\n\t\t<\/div>\n\t\t\t\t\t<\/div>\n\t\t<\/section>\n\t\t\t\t<\/div>","protected":false},"excerpt":{"rendered":"<p>D\u00e9marreur Landini, Manitou, Massey Ferguson Information du produit : 12 Volt \/ 2,8 Kw, Moteur Perkins Fixation \u00e0 droite Le d\u00e9marreur de votre tracteur est indispensable, le tracteur ne pourra pas d\u00e9marrer correctement si le d\u00e9marreur n&rsquo;est pas fonctionnel. Il se pr\u00e9sente sous la forme d\u2019un petit moteur \u00e9lectrique, rattach\u00e9 au volant moteur. Il est<br \/><a class=\"more-link\" href=\"https:\/\/edel.fr\/en\/product\/demarreur-landinimanitoumassey-ferguson-volt-kw-12-28-moteur-perkins-fixation-a-droite\/\"><br \/>\n        Read More<span class=\"screen-reader-text\"> \u00ab\u00a0D\u00e9marreur Landini, Manitou, MF &#8211; 12V\/2,8Kw, Perkins fixation droite\u00a0\u00bb<\/span><\/a><\/p>","protected":false},"featured_media":5656,"template":"","meta":[],"product_brand":[],"product_cat":[4005,4006,4007,165,154,119],"product_tag":[2460,180],"tracteur":[],"class_list":{"0":"post-5923","1":"product","2":"type-product","3":"status-publish","4":"has-post-thumbnail","6":"product_cat-demarreur-landini","7":"product_cat-demarreur-manitou","8":"product_cat-demarreur-massey-ferguson","9":"product_cat-demarreurs","10":"product_cat-electricite","11":"product_cat-tracteurs-agricoles","12":"product_tag-demarreurs","13":"product_tag-electricite","14":"product_shipping_class-142","15":"pa_fabriquant-mahle","16":"pa_marque-tracteur-landini","17":"pa_marque-tracteur-manitou","18":"pa_marque-tracteur-massey-ferguson","19":"pa_modele-tracteur-elevateurs","20":"pa_modele-tracteur-legend","21":"pa_modele-tracteur-manuscop","22":"pa_modele-tracteur-merlo","23":"pa_modele-tracteur-portos","24":"pa_type-2-1781","25":"pa_type-2-2144","26":"pa_type-2-1318","27":"pa_type-2-1319","28":"pa_type-2-1320","29":"pa_type-2-1321","30":"pa_type-2-2145","31":"pa_type-2-1322","32":"pa_type-2-1323","33":"pa_type-2-1324","34":"pa_type-2-2146","35":"pa_type-2-1455","36":"pa_type-2-2147","37":"pa_type-2-2148","38":"pa_type-2-425mt","39":"pa_type-2-430mlt","40":"pa_type-2-1331","41":"pa_type-2-1332","42":"pa_type-2-1333","43":"pa_type-2-1334","44":"pa_type-2-2149","45":"pa_type-2-1335","46":"pa_type-2-1829","47":"pa_type-2-1793","48":"pa_type-2-628mlt","49":"pa_type-2-1830","50":"pa_type-2-1846","51":"pa_type-2-2154","52":"pa_type-2-1719","53":"pa_type-2-1252","54":"pa_type-2-1336","55":"pa_type-2-1337","56":"pa_type-2-2150","57":"pa_type-2-1617","58":"pa_type-2-1338","59":"pa_type-2-2151","60":"pa_type-2-2075","61":"pa_type-2-chargeurs628","62":"pa_type-2-jcb4x","63":"pa_type-2-legend-105","64":"pa_type-2-merlo-3013","65":"pa_type-2-mf50b","66":"badges-style-2","68":"first","69":"instock","70":"taxable","71":"shipping-taxable","72":"purchasable","73":"product-type-simple"},"acf":[],"yoast_head":"<!-- This site is optimized with the Yoast SEO plugin v27.3 - https:\/\/yoast.com\/product\/yoast-seo-wordpress\/ -->\n<title>D\u00e9marreur Landini, Manitou, MF - 12V\/2,8Kw, Perkins fixation droite - Edel<\/title>\n<meta name=\"description\" content=\"D\u00e9marreur Landini, Manitou, Massey Ferguson - 12 Volt \/ 2,8 Kw, Moteur Perkins Fixation \u00e0 droite - 115 130 3085 3115 3185 3635 3655 3670 3680 6160 6170 6230\" \/>\n<meta name=\"robots\" content=\"index, follow, max-snippet:-1, max-image-preview:large, max-video-preview:-1\" \/>\n<link rel=\"canonical\" href=\"https:\/\/www.edel.fr\/produit\/demarreur-landinimanitoumassey-ferguson-volt-kw-12-28-moteur-perkins-fixation-a-droite\/\" \/>\n<meta property=\"og:locale\" content=\"en_US\" \/>\n<meta property=\"og:type\" content=\"article\" \/>\n<meta property=\"og:title\" content=\"D\u00e9marreur Landini, Manitou, MF - 12V\/2,8Kw, Perkins fixation droite - Edel\" \/>\n<meta property=\"og:description\" content=\"D\u00e9marreur Landini, Manitou, Massey Ferguson - 12 Volt \/ 2,8 Kw, Moteur Perkins Fixation \u00e0 droite - 115 130 3085 3115 3185 3635 3655 3670 3680 6160 6170 6230\" \/>\n<meta property=\"og:url\" content=\"https:\/\/www.edel.fr\/produit\/demarreur-landinimanitoumassey-ferguson-volt-kw-12-28-moteur-perkins-fixation-a-droite\/\" \/>\n<meta property=\"og:site_name\" content=\"Edel\" \/>\n<meta property=\"article:modified_time\" content=\"2026-02-04T01:00:25+00:00\" \/>\n<meta property=\"og:image\" content=\"https:\/\/www.edel.fr\/uploads\/2019\/03\/D28.jpg\" \/>\n\t<meta property=\"og:image:width\" content=\"1920\" \/>\n\t<meta property=\"og:image:height\" content=\"1280\" \/>\n\t<meta property=\"og:image:type\" content=\"image\/jpeg\" \/>\n<meta name=\"twitter:card\" content=\"summary_large_image\" \/>\n<meta name=\"twitter:label1\" content=\"Est. reading time\" \/>\n\t<meta name=\"twitter:data1\" content=\"3 minutes\" \/>\n<script type=\"application\/ld+json\" class=\"yoast-schema-graph\">{\"@context\":\"https:\\\/\\\/schema.org\",\"@graph\":[{\"@type\":\"WebPage\",\"@id\":\"https:\\\/\\\/www.edel.fr\\\/produit\\\/demarreur-landinimanitoumassey-ferguson-volt-kw-12-28-moteur-perkins-fixation-a-droite\\\/\",\"url\":\"https:\\\/\\\/www.edel.fr\\\/produit\\\/demarreur-landinimanitoumassey-ferguson-volt-kw-12-28-moteur-perkins-fixation-a-droite\\\/\",\"name\":\"D\u00e9marreur Landini, Manitou, MF - 12V\\\/2,8Kw, Perkins fixation droite - Edel\",\"isPartOf\":{\"@id\":\"https:\\\/\\\/www.edel.fr\\\/en\\\/#website\"},\"primaryImageOfPage\":{\"@id\":\"https:\\\/\\\/www.edel.fr\\\/produit\\\/demarreur-landinimanitoumassey-ferguson-volt-kw-12-28-moteur-perkins-fixation-a-droite\\\/#primaryimage\"},\"image\":{\"@id\":\"https:\\\/\\\/www.edel.fr\\\/produit\\\/demarreur-landinimanitoumassey-ferguson-volt-kw-12-28-moteur-perkins-fixation-a-droite\\\/#primaryimage\"},\"thumbnailUrl\":\"https:\\\/\\\/edel.fr\\\/uploads\\\/2019\\\/03\\\/D28.jpg\",\"datePublished\":\"2019-03-11T08:24:31+00:00\",\"dateModified\":\"2026-02-04T01:00:25+00:00\",\"description\":\"D\u00e9marreur Landini, Manitou, Massey Ferguson - 12 Volt \\\/ 2,8 Kw, Moteur Perkins Fixation \u00e0 droite - 115 130 3085 3115 3185 3635 3655 3670 3680 6160 6170 6230\",\"breadcrumb\":{\"@id\":\"https:\\\/\\\/www.edel.fr\\\/produit\\\/demarreur-landinimanitoumassey-ferguson-volt-kw-12-28-moteur-perkins-fixation-a-droite\\\/#breadcrumb\"},\"inLanguage\":\"en-US\",\"potentialAction\":[{\"@type\":\"ReadAction\",\"target\":[\"https:\\\/\\\/www.edel.fr\\\/produit\\\/demarreur-landinimanitoumassey-ferguson-volt-kw-12-28-moteur-perkins-fixation-a-droite\\\/\"]}]},{\"@type\":\"ImageObject\",\"inLanguage\":\"en-US\",\"@id\":\"https:\\\/\\\/www.edel.fr\\\/produit\\\/demarreur-landinimanitoumassey-ferguson-volt-kw-12-28-moteur-perkins-fixation-a-droite\\\/#primaryimage\",\"url\":\"https:\\\/\\\/edel.fr\\\/uploads\\\/2019\\\/03\\\/D28.jpg\",\"contentUrl\":\"https:\\\/\\\/edel.fr\\\/uploads\\\/2019\\\/03\\\/D28.jpg\",\"width\":1920,\"height\":1280,\"caption\":\"D\u00e9marreur Landini, Manitou, MF - 12V\\\/2,8Kw, Perkins fixation droite\"},{\"@type\":\"BreadcrumbList\",\"@id\":\"https:\\\/\\\/www.edel.fr\\\/produit\\\/demarreur-landinimanitoumassey-ferguson-volt-kw-12-28-moteur-perkins-fixation-a-droite\\\/#breadcrumb\",\"itemListElement\":[{\"@type\":\"ListItem\",\"position\":1,\"name\":\"Pi\u00e8ce Tracteur\",\"item\":\"https:\\\/\\\/www.edel.fr\\\/en\\\/\"},{\"@type\":\"ListItem\",\"position\":2,\"name\":\"Toutes nos pi\u00e8ces Tracteur\",\"item\":\"https:\\\/\\\/edel.fr\\\/shop\\\/\"},{\"@type\":\"ListItem\",\"position\":3,\"name\":\"D\u00e9marreur Landini, Manitou, MF &#8211; 12V\\\/2,8Kw, Perkins fixation droite\"}]},{\"@type\":\"WebSite\",\"@id\":\"https:\\\/\\\/www.edel.fr\\\/en\\\/#website\",\"url\":\"https:\\\/\\\/www.edel.fr\\\/en\\\/\",\"name\":\"Edel\",\"description\":\"Pi\u00e8ce d\u00e9tach\u00e9e de Tracteur Agricole\",\"publisher\":{\"@id\":\"https:\\\/\\\/www.edel.fr\\\/en\\\/#organization\"},\"potentialAction\":[{\"@type\":\"SearchAction\",\"target\":{\"@type\":\"EntryPoint\",\"urlTemplate\":\"https:\\\/\\\/www.edel.fr\\\/en\\\/?s={search_term_string}\"},\"query-input\":{\"@type\":\"PropertyValueSpecification\",\"valueRequired\":true,\"valueName\":\"search_term_string\"}}],\"inLanguage\":\"en-US\"},{\"@type\":\"Organization\",\"@id\":\"https:\\\/\\\/www.edel.fr\\\/en\\\/#organization\",\"name\":\"Edel\",\"url\":\"https:\\\/\\\/www.edel.fr\\\/en\\\/\",\"logo\":{\"@type\":\"ImageObject\",\"inLanguage\":\"en-US\",\"@id\":\"https:\\\/\\\/www.edel.fr\\\/en\\\/#\\\/schema\\\/logo\\\/image\\\/\",\"url\":\"https:\\\/\\\/www.edel.fr\\\/uploads\\\/2018\\\/11\\\/logo-edel.png\",\"contentUrl\":\"https:\\\/\\\/www.edel.fr\\\/uploads\\\/2018\\\/11\\\/logo-edel.png\",\"width\":257,\"height\":68,\"caption\":\"Edel\"},\"image\":{\"@id\":\"https:\\\/\\\/www.edel.fr\\\/en\\\/#\\\/schema\\\/logo\\\/image\\\/\"}}]}<\/script>\n<!-- \/ Yoast SEO plugin. -->","yoast_head_json":{"title":"D\u00e9marreur Landini, Manitou, MF - 12V\/2,8Kw, Perkins fixation droite - Edel","description":"D\u00e9marreur Landini, Manitou, Massey Ferguson - 12 Volt \/ 2,8 Kw, Moteur Perkins Fixation \u00e0 droite - 115 130 3085 3115 3185 3635 3655 3670 3680 6160 6170 6230","robots":{"index":"index","follow":"follow","max-snippet":"max-snippet:-1","max-image-preview":"max-image-preview:large","max-video-preview":"max-video-preview:-1"},"canonical":"https:\/\/www.edel.fr\/produit\/demarreur-landinimanitoumassey-ferguson-volt-kw-12-28-moteur-perkins-fixation-a-droite\/","og_locale":"en_US","og_type":"article","og_title":"D\u00e9marreur Landini, Manitou, MF - 12V\/2,8Kw, Perkins fixation droite - Edel","og_description":"D\u00e9marreur Landini, Manitou, Massey Ferguson - 12 Volt \/ 2,8 Kw, Moteur Perkins Fixation \u00e0 droite - 115 130 3085 3115 3185 3635 3655 3670 3680 6160 6170 6230","og_url":"https:\/\/www.edel.fr\/produit\/demarreur-landinimanitoumassey-ferguson-volt-kw-12-28-moteur-perkins-fixation-a-droite\/","og_site_name":"Edel","article_modified_time":"2026-02-04T01:00:25+00:00","og_image":[{"width":1920,"height":1280,"url":"https:\/\/www.edel.fr\/uploads\/2019\/03\/D28.jpg","type":"image\/jpeg"}],"twitter_card":"summary_large_image","twitter_misc":{"Est. reading time":"3 minutes"},"schema":{"@context":"https:\/\/schema.org","@graph":[{"@type":"WebPage","@id":"https:\/\/www.edel.fr\/produit\/demarreur-landinimanitoumassey-ferguson-volt-kw-12-28-moteur-perkins-fixation-a-droite\/","url":"https:\/\/www.edel.fr\/produit\/demarreur-landinimanitoumassey-ferguson-volt-kw-12-28-moteur-perkins-fixation-a-droite\/","name":"D\u00e9marreur Landini, Manitou, MF - 12V\/2,8Kw, Perkins fixation droite - Edel","isPartOf":{"@id":"https:\/\/www.edel.fr\/en\/#website"},"primaryImageOfPage":{"@id":"https:\/\/www.edel.fr\/produit\/demarreur-landinimanitoumassey-ferguson-volt-kw-12-28-moteur-perkins-fixation-a-droite\/#primaryimage"},"image":{"@id":"https:\/\/www.edel.fr\/produit\/demarreur-landinimanitoumassey-ferguson-volt-kw-12-28-moteur-perkins-fixation-a-droite\/#primaryimage"},"thumbnailUrl":"https:\/\/edel.fr\/uploads\/2019\/03\/D28.jpg","datePublished":"2019-03-11T08:24:31+00:00","dateModified":"2026-02-04T01:00:25+00:00","description":"D\u00e9marreur Landini, Manitou, Massey Ferguson - 12 Volt \/ 2,8 Kw, Moteur Perkins Fixation \u00e0 droite - 115 130 3085 3115 3185 3635 3655 3670 3680 6160 6170 6230","breadcrumb":{"@id":"https:\/\/www.edel.fr\/produit\/demarreur-landinimanitoumassey-ferguson-volt-kw-12-28-moteur-perkins-fixation-a-droite\/#breadcrumb"},"inLanguage":"en-US","potentialAction":[{"@type":"ReadAction","target":["https:\/\/www.edel.fr\/produit\/demarreur-landinimanitoumassey-ferguson-volt-kw-12-28-moteur-perkins-fixation-a-droite\/"]}]},{"@type":"ImageObject","inLanguage":"en-US","@id":"https:\/\/www.edel.fr\/produit\/demarreur-landinimanitoumassey-ferguson-volt-kw-12-28-moteur-perkins-fixation-a-droite\/#primaryimage","url":"https:\/\/edel.fr\/uploads\/2019\/03\/D28.jpg","contentUrl":"https:\/\/edel.fr\/uploads\/2019\/03\/D28.jpg","width":1920,"height":1280,"caption":"D\u00e9marreur Landini, Manitou, MF - 12V\/2,8Kw, Perkins fixation droite"},{"@type":"BreadcrumbList","@id":"https:\/\/www.edel.fr\/produit\/demarreur-landinimanitoumassey-ferguson-volt-kw-12-28-moteur-perkins-fixation-a-droite\/#breadcrumb","itemListElement":[{"@type":"ListItem","position":1,"name":"Pi\u00e8ce Tracteur","item":"https:\/\/www.edel.fr\/en\/"},{"@type":"ListItem","position":2,"name":"Toutes nos pi\u00e8ces Tracteur","item":"https:\/\/edel.fr\/shop\/"},{"@type":"ListItem","position":3,"name":"D\u00e9marreur Landini, Manitou, MF &#8211; 12V\/2,8Kw, Perkins fixation droite"}]},{"@type":"WebSite","@id":"https:\/\/www.edel.fr\/en\/#website","url":"https:\/\/www.edel.fr\/en\/","name":"Edel","description":"Pi\u00e8ce d\u00e9tach\u00e9e de Tracteur Agricole","publisher":{"@id":"https:\/\/www.edel.fr\/en\/#organization"},"potentialAction":[{"@type":"SearchAction","target":{"@type":"EntryPoint","urlTemplate":"https:\/\/www.edel.fr\/en\/?s={search_term_string}"},"query-input":{"@type":"PropertyValueSpecification","valueRequired":true,"valueName":"search_term_string"}}],"inLanguage":"en-US"},{"@type":"Organization","@id":"https:\/\/www.edel.fr\/en\/#organization","name":"Edel","url":"https:\/\/www.edel.fr\/en\/","logo":{"@type":"ImageObject","inLanguage":"en-US","@id":"https:\/\/www.edel.fr\/en\/#\/schema\/logo\/image\/","url":"https:\/\/www.edel.fr\/uploads\/2018\/11\/logo-edel.png","contentUrl":"https:\/\/www.edel.fr\/uploads\/2018\/11\/logo-edel.png","width":257,"height":68,"caption":"Edel"},"image":{"@id":"https:\/\/www.edel.fr\/en\/#\/schema\/logo\/image\/"}}]}},"_links":{"self":[{"href":"https:\/\/edel.fr\/en\/wp-json\/wp\/v2\/product\/5923","targetHints":{"allow":["GET"]}}],"collection":[{"href":"https:\/\/edel.fr\/en\/wp-json\/wp\/v2\/product"}],"about":[{"href":"https:\/\/edel.fr\/en\/wp-json\/wp\/v2\/types\/product"}],"version-history":[{"count":2,"href":"https:\/\/edel.fr\/en\/wp-json\/wp\/v2\/product\/5923\/revisions"}],"predecessor-version":[{"id":15119,"href":"https:\/\/edel.fr\/en\/wp-json\/wp\/v2\/product\/5923\/revisions\/15119"}],"wp:featuredmedia":[{"embeddable":true,"href":"https:\/\/edel.fr\/en\/wp-json\/wp\/v2\/media\/5656"}],"wp:attachment":[{"href":"https:\/\/edel.fr\/en\/wp-json\/wp\/v2\/media?parent=5923"}],"wp:term":[{"taxonomy":"product_brand","embeddable":true,"href":"https:\/\/edel.fr\/en\/wp-json\/wp\/v2\/product_brand?post=5923"},{"taxonomy":"product_cat","embeddable":true,"href":"https:\/\/edel.fr\/en\/wp-json\/wp\/v2\/product_cat?post=5923"},{"taxonomy":"product_tag","embeddable":true,"href":"https:\/\/edel.fr\/en\/wp-json\/wp\/v2\/product_tag?post=5923"},{"taxonomy":"tracteur","embeddable":true,"href":"https:\/\/edel.fr\/en\/wp-json\/wp\/v2\/tracteur?post=5923"}],"curies":[{"name":"wp","href":"https:\/\/api.w.org\/{rel}","templated":true}]}}