{"id":5926,"date":"2019-03-11T09:24:31","date_gmt":"2019-03-11T08:24:31","guid":{"rendered":"http:\/\/edel.stephanie.ct.webcd.lan\/shop\/demarreur-case-ih-volt-kw-12-36-9-dents\/"},"modified":"2026-02-10T02:00:26","modified_gmt":"2026-02-10T01:00:26","slug":"demarreur-case-ih-volt-kw-12-36-9-dents","status":"publish","type":"product","link":"https:\/\/edel.fr\/en\/product\/demarreur-case-ih-volt-kw-12-36-9-dents\/","title":{"rendered":"Case Ih &#8211; D\u00e9marreur 12 Volt \/ 3,6 Kw, 9 Dents 1255.1455 &#8211; Tracteur"},"content":{"rendered":"<div data-elementor-type=\"wp-post\" data-elementor-id=\"5926\" class=\"elementor elementor-5926\">\n\t\t\t\t\t\t<section class=\"elementor-section elementor-top-section elementor-element elementor-element-66233d44 elementor-section-boxed elementor-section-height-default elementor-section-height-default\" data-id=\"66233d44\" data-element_type=\"section\" data-e-type=\"section\">\n\t\t\t\t\t\t<div class=\"elementor-container elementor-column-gap-default\">\n\t\t\t\t\t<div class=\"elementor-column elementor-col-100 elementor-top-column elementor-element elementor-element-5da2a4aa\" data-id=\"5da2a4aa\" data-element_type=\"column\" data-e-type=\"column\">\n\t\t\t<div class=\"elementor-widget-wrap elementor-element-populated\">\n\t\t\t\t\t\t<div class=\"elementor-element elementor-element-d1dbf9 elementor-widget elementor-widget-heading\" data-id=\"d1dbf9\" data-element_type=\"widget\" data-e-type=\"widget\" data-widget_type=\"heading.default\">\n\t\t\t\t<div class=\"elementor-widget-container\">\n\t\t\t\t\t<h2 class=\"elementor-heading-title elementor-size-default\">Case Ih - D\u00e9marreur<\/h2>\t\t\t\t<\/div>\n\t\t\t\t<\/div>\n\t\t\t\t<div class=\"elementor-element elementor-element-25a95cb0 elementor-widget elementor-widget-heading\" data-id=\"25a95cb0\" data-element_type=\"widget\" data-e-type=\"widget\" data-widget_type=\"heading.default\">\n\t\t\t\t<div class=\"elementor-widget-container\">\n\t\t\t\t\t<h3 class=\"elementor-heading-title elementor-size-default\">Information du produit :<\/h3>\t\t\t\t<\/div>\n\t\t\t\t<\/div>\n\t\t\t\t\t<\/div>\n\t\t<\/div>\n\t\t\t\t\t<\/div>\n\t\t<\/section>\n\t\t\t\t<section class=\"elementor-section elementor-top-section elementor-element elementor-element-38adb18 elementor-section-boxed elementor-section-height-default elementor-section-height-default\" data-id=\"38adb18\" data-element_type=\"section\" data-e-type=\"section\">\n\t\t\t\t\t\t<div class=\"elementor-container elementor-column-gap-default\">\n\t\t\t\t\t<div class=\"elementor-column elementor-col-100 elementor-top-column elementor-element elementor-element-18839c0b\" data-id=\"18839c0b\" data-element_type=\"column\" data-e-type=\"column\">\n\t\t\t<div class=\"elementor-widget-wrap elementor-element-populated\">\n\t\t\t\t\t\t<div class=\"elementor-element elementor-element-3a2e4dcb elementor-widget elementor-widget-text-editor\" data-id=\"3a2e4dcb\" data-element_type=\"widget\" data-e-type=\"widget\" data-widget_type=\"text-editor.default\">\n\t\t\t\t<div class=\"elementor-widget-container\">\n\t\t\t\t\t\t\t\t\t<p><strong>12 Volt \/ 3,6 Kw, 9 Dents <\/strong><\/p><p>Le d\u00e9marreur de votre tracteur est indispensable, le tracteur ne pourra pas d\u00e9marrer correctement si le d\u00e9marreur n&rsquo;est pas fonctionnel. Il se pr\u00e9sente sous la forme d\u2019un petit moteur \u00e9lectrique, rattach\u00e9 au volant moteur. Il est directement aliment\u00e9 par la batterie et il a pour r\u00f4le de mettre en marche le moteur\u00a0de votre tracteur.<\/p><p>Pour trouver le bon <strong>d\u00e9marreur tracteur<\/strong> qui s\u2019adaptera au mieux \u00e0 votre engin agricole, il est \u00e9galement pr\u00e9f\u00e9rable de se r\u00e9f\u00e9rer \u00e0 sa r\u00e9f\u00e9rence d\u2019origine. Elle est en g\u00e9n\u00e9ral inscrite sur le d\u00e9marreur. Sans cette r\u00e9f\u00e9rence, il faudra vous appuyer sur la marque et le mod\u00e8le de votre <strong>tracteur agricole.<\/strong><\/p><p>Avant le d\u00e9montage de votre d\u00e9marreur, nous vous conseillons d&rsquo;abord de d\u00e9brancher votre batterie. Mais aussi de rep\u00e9rer les diff\u00e9rents branchements d\u2019alimentation du d\u00e9marreur.<\/p><p>Pour choisir son <strong>d\u00e9marreur de tracteur<\/strong>, il faut choisir entre les d\u00e9marreurs classiques ou les <strong>d\u00e9marreurs avec r\u00e9ducteur droit ou d\u00e9cal\u00e9.<\/strong><\/p><p>Il est possible de changer le d\u00e9marreur classique par un <strong>d\u00e9marreur avec r\u00e9ducteur.<\/strong> Par exemple, sur un <strong>tracteur ancien<\/strong>, cela lui simplifiera consid\u00e9rablement son d\u00e9marrage.<\/p><p>Case Ih &#8211; D\u00e9marreur : 1255.1455.<\/p><p><strong>R\u00e9f\u00e9rences constructeur\u00a0<\/strong><\/p><p>AVF (REMY) : IM 34, IM 401.<\/p><p>BOSCH : 0001401011, 0001401017, 0001401050, 0001401066, 0001413001, 0001418001, 0986011400, 0986011530,\u00a0BNG4\/12CR201<\/p><p>EFEL 03106, 22801.<\/p><p>LESTER : 16369<\/p><p>LUCAS : LRS00821<\/p><p>MAGNETI MARELLI : 9432 520 45, MSR 679.<\/p><p>MAN : 51 26201 7012<\/p><p>MERCEDES-BENZ : 001 151 36 01, 002 151 84 01, 003 151 59 01.<\/p><p>NIKKO : 82 068 C92, 82 068 EX.<\/p><p>SPAREX : 36216<\/p><p>VOLVO : 6643899<\/p><p>Edel vous propose \u00e9galement une large gamme de d\u00e9marreur pour des applications sp\u00e9cifiques, et de diff\u00e9rentes marques.<\/p><p>Donc, pour plus de renseignements, n\u2019h\u00e9sitez pas \u00e0 nous consulter !<\/p>\t\t\t\t\t\t\t\t<\/div>\n\t\t\t\t<\/div>\n\t\t\t\t\t<\/div>\n\t\t<\/div>\n\t\t\t\t\t<\/div>\n\t\t<\/section>\n\t\t\t\t<\/div>","protected":false},"excerpt":{"rendered":"<p>Case Ih &#8211; D\u00e9marreur Information du produit : 12 Volt \/ 3,6 Kw, 9 Dents Le d\u00e9marreur de votre tracteur est indispensable, le tracteur ne pourra pas d\u00e9marrer correctement si le d\u00e9marreur n&rsquo;est pas fonctionnel. Il se pr\u00e9sente sous la forme d\u2019un petit moteur \u00e9lectrique, rattach\u00e9 au volant moteur. Il est directement aliment\u00e9 par la<br \/><a class=\"more-link\" href=\"https:\/\/edel.fr\/en\/product\/demarreur-case-ih-volt-kw-12-36-9-dents\/\"><br \/>\n        Read More<span class=\"screen-reader-text\"> \u00ab\u00a0Case Ih &#8211; D\u00e9marreur 12 Volt \/ 3,6 Kw, 9 Dents 1255.1455 &#8211; Tracteur\u00a0\u00bb<\/span><\/a><\/p>","protected":false},"featured_media":19007,"template":"","meta":[],"product_brand":[],"product_cat":[3994,3998,165,154,119],"product_tag":[2460,180],"tracteur":[],"class_list":{"0":"post-5926","1":"product","2":"type-product","3":"status-publish","4":"has-post-thumbnail","6":"product_cat-demarreur-case-ih","7":"product_cat-demarreur-fiat-new-holland","8":"product_cat-demarreurs","9":"product_cat-electricite","10":"product_cat-tracteurs-agricoles","11":"product_tag-demarreurs","12":"product_tag-electricite","13":"product_shipping_class-142","14":"pa_fabriquant-selection-edel","15":"pa_marque-tracteur-case-ih","16":"pa_marque-tracteur-someca","17":"pa_nombre-dents-pignon-4691","18":"pa_nombre-points-fixation-4692","19":"pa_puissance-3-6-kw","20":"pa_references-pieces-bng-4-12-cr201","21":"pa_rotation-horaire-droite","22":"pa_type-2-1255-1455","23":"pa_type-2-1876","24":"pa_voltage-12-v","25":"badges-style-2","27":"first","28":"outofstock","29":"taxable","30":"shipping-taxable","31":"purchasable","32":"product-type-simple"},"acf":[],"yoast_head":"<!-- This site is optimized with the Yoast SEO plugin v27.3 - https:\/\/yoast.com\/product\/yoast-seo-wordpress\/ -->\n<title>Case Ih - D\u00e9marreur 12 Volt \/ 3,6 Kw, 9 Dents 1255.1455 - Tracteur - Edel<\/title>\n<meta name=\"description\" content=\"Case Ih - D\u00e9marreur 12 Volt \/ 3,6 Kw, 9 Dents - 1255.1455 - 0001401011, 0001401017, 0001401050, 0001401066, 0001413001, 0001418001 -Tracteur Agricole\" \/>\n<meta name=\"robots\" content=\"index, follow, max-snippet:-1, max-image-preview:large, max-video-preview:-1\" \/>\n<link rel=\"canonical\" href=\"https:\/\/edel.fr\/en\/product\/demarreur-case-ih-volt-kw-12-36-9-dents\/\" \/>\n<meta property=\"og:locale\" content=\"en_US\" \/>\n<meta property=\"og:type\" content=\"article\" \/>\n<meta property=\"og:title\" content=\"Case Ih - D\u00e9marreur 12 Volt \/ 3,6 Kw, 9 Dents 1255.1455 - Tracteur - Edel\" \/>\n<meta property=\"og:description\" content=\"Case Ih - D\u00e9marreur 12 Volt \/ 3,6 Kw, 9 Dents - 1255.1455 - 0001401011, 0001401017, 0001401050, 0001401066, 0001413001, 0001418001 -Tracteur Agricole\" \/>\n<meta property=\"og:url\" content=\"https:\/\/edel.fr\/en\/product\/demarreur-case-ih-volt-kw-12-36-9-dents\/\" \/>\n<meta property=\"og:site_name\" content=\"Edel\" \/>\n<meta property=\"article:modified_time\" content=\"2026-02-10T01:00:26+00:00\" \/>\n<meta property=\"og:image\" content=\"https:\/\/edel.fr\/uploads\/2019\/03\/D1144S-1.jpg\" \/>\n\t<meta property=\"og:image:width\" content=\"600\" \/>\n\t<meta property=\"og:image:height\" content=\"222\" \/>\n\t<meta property=\"og:image:type\" content=\"image\/jpeg\" \/>\n<meta name=\"twitter:card\" content=\"summary_large_image\" \/>\n<meta name=\"twitter:label1\" content=\"Est. reading time\" \/>\n\t<meta name=\"twitter:data1\" content=\"2 minutes\" \/>\n<script type=\"application\/ld+json\" class=\"yoast-schema-graph\">{\"@context\":\"https:\\\/\\\/schema.org\",\"@graph\":[{\"@type\":\"WebPage\",\"@id\":\"https:\\\/\\\/edel.fr\\\/en\\\/product\\\/demarreur-case-ih-volt-kw-12-36-9-dents\\\/\",\"url\":\"https:\\\/\\\/edel.fr\\\/en\\\/product\\\/demarreur-case-ih-volt-kw-12-36-9-dents\\\/\",\"name\":\"Case Ih - D\u00e9marreur 12 Volt \\\/ 3,6 Kw, 9 Dents 1255.1455 - Tracteur - Edel\",\"isPartOf\":{\"@id\":\"https:\\\/\\\/www.edel.fr\\\/en\\\/#website\"},\"primaryImageOfPage\":{\"@id\":\"https:\\\/\\\/edel.fr\\\/en\\\/product\\\/demarreur-case-ih-volt-kw-12-36-9-dents\\\/#primaryimage\"},\"image\":{\"@id\":\"https:\\\/\\\/edel.fr\\\/en\\\/product\\\/demarreur-case-ih-volt-kw-12-36-9-dents\\\/#primaryimage\"},\"thumbnailUrl\":\"https:\\\/\\\/edel.fr\\\/uploads\\\/2019\\\/03\\\/D1144S-1.jpg\",\"datePublished\":\"2019-03-11T08:24:31+00:00\",\"dateModified\":\"2026-02-10T01:00:26+00:00\",\"description\":\"Case Ih - D\u00e9marreur 12 Volt \\\/ 3,6 Kw, 9 Dents - 1255.1455 - 0001401011, 0001401017, 0001401050, 0001401066, 0001413001, 0001418001 -Tracteur Agricole\",\"breadcrumb\":{\"@id\":\"https:\\\/\\\/edel.fr\\\/en\\\/product\\\/demarreur-case-ih-volt-kw-12-36-9-dents\\\/#breadcrumb\"},\"inLanguage\":\"en-US\",\"potentialAction\":[{\"@type\":\"ReadAction\",\"target\":[\"https:\\\/\\\/edel.fr\\\/en\\\/product\\\/demarreur-case-ih-volt-kw-12-36-9-dents\\\/\"]}]},{\"@type\":\"ImageObject\",\"inLanguage\":\"en-US\",\"@id\":\"https:\\\/\\\/edel.fr\\\/en\\\/product\\\/demarreur-case-ih-volt-kw-12-36-9-dents\\\/#primaryimage\",\"url\":\"https:\\\/\\\/edel.fr\\\/uploads\\\/2019\\\/03\\\/D1144S-1.jpg\",\"contentUrl\":\"https:\\\/\\\/edel.fr\\\/uploads\\\/2019\\\/03\\\/D1144S-1.jpg\",\"width\":600,\"height\":222,\"caption\":\"DEMARREUR BNG4\\\/12CR201 PIECE\"},{\"@type\":\"BreadcrumbList\",\"@id\":\"https:\\\/\\\/edel.fr\\\/en\\\/product\\\/demarreur-case-ih-volt-kw-12-36-9-dents\\\/#breadcrumb\",\"itemListElement\":[{\"@type\":\"ListItem\",\"position\":1,\"name\":\"Pi\u00e8ce Tracteur\",\"item\":\"https:\\\/\\\/www.edel.fr\\\/en\\\/\"},{\"@type\":\"ListItem\",\"position\":2,\"name\":\"Toutes nos pi\u00e8ces Tracteur\",\"item\":\"https:\\\/\\\/edel.fr\\\/shop\\\/\"},{\"@type\":\"ListItem\",\"position\":3,\"name\":\"Case Ih &#8211; D\u00e9marreur 12 Volt \\\/ 3,6 Kw, 9 Dents 1255.1455 &#8211; Tracteur\"}]},{\"@type\":\"WebSite\",\"@id\":\"https:\\\/\\\/www.edel.fr\\\/en\\\/#website\",\"url\":\"https:\\\/\\\/www.edel.fr\\\/en\\\/\",\"name\":\"Edel\",\"description\":\"Pi\u00e8ce d\u00e9tach\u00e9e de Tracteur Agricole\",\"publisher\":{\"@id\":\"https:\\\/\\\/www.edel.fr\\\/en\\\/#organization\"},\"potentialAction\":[{\"@type\":\"SearchAction\",\"target\":{\"@type\":\"EntryPoint\",\"urlTemplate\":\"https:\\\/\\\/www.edel.fr\\\/en\\\/?s={search_term_string}\"},\"query-input\":{\"@type\":\"PropertyValueSpecification\",\"valueRequired\":true,\"valueName\":\"search_term_string\"}}],\"inLanguage\":\"en-US\"},{\"@type\":\"Organization\",\"@id\":\"https:\\\/\\\/www.edel.fr\\\/en\\\/#organization\",\"name\":\"Edel\",\"url\":\"https:\\\/\\\/www.edel.fr\\\/en\\\/\",\"logo\":{\"@type\":\"ImageObject\",\"inLanguage\":\"en-US\",\"@id\":\"https:\\\/\\\/www.edel.fr\\\/en\\\/#\\\/schema\\\/logo\\\/image\\\/\",\"url\":\"https:\\\/\\\/www.edel.fr\\\/uploads\\\/2018\\\/11\\\/logo-edel.png\",\"contentUrl\":\"https:\\\/\\\/www.edel.fr\\\/uploads\\\/2018\\\/11\\\/logo-edel.png\",\"width\":257,\"height\":68,\"caption\":\"Edel\"},\"image\":{\"@id\":\"https:\\\/\\\/www.edel.fr\\\/en\\\/#\\\/schema\\\/logo\\\/image\\\/\"}}]}<\/script>\n<!-- \/ Yoast SEO plugin. -->","yoast_head_json":{"title":"Case Ih - D\u00e9marreur 12 Volt \/ 3,6 Kw, 9 Dents 1255.1455 - Tracteur - Edel","description":"Case Ih - D\u00e9marreur 12 Volt \/ 3,6 Kw, 9 Dents - 1255.1455 - 0001401011, 0001401017, 0001401050, 0001401066, 0001413001, 0001418001 -Tracteur Agricole","robots":{"index":"index","follow":"follow","max-snippet":"max-snippet:-1","max-image-preview":"max-image-preview:large","max-video-preview":"max-video-preview:-1"},"canonical":"https:\/\/edel.fr\/en\/product\/demarreur-case-ih-volt-kw-12-36-9-dents\/","og_locale":"en_US","og_type":"article","og_title":"Case Ih - D\u00e9marreur 12 Volt \/ 3,6 Kw, 9 Dents 1255.1455 - Tracteur - Edel","og_description":"Case Ih - D\u00e9marreur 12 Volt \/ 3,6 Kw, 9 Dents - 1255.1455 - 0001401011, 0001401017, 0001401050, 0001401066, 0001413001, 0001418001 -Tracteur Agricole","og_url":"https:\/\/edel.fr\/en\/product\/demarreur-case-ih-volt-kw-12-36-9-dents\/","og_site_name":"Edel","article_modified_time":"2026-02-10T01:00:26+00:00","og_image":[{"width":600,"height":222,"url":"https:\/\/edel.fr\/uploads\/2019\/03\/D1144S-1.jpg","type":"image\/jpeg"}],"twitter_card":"summary_large_image","twitter_misc":{"Est. reading time":"2 minutes"},"schema":{"@context":"https:\/\/schema.org","@graph":[{"@type":"WebPage","@id":"https:\/\/edel.fr\/en\/product\/demarreur-case-ih-volt-kw-12-36-9-dents\/","url":"https:\/\/edel.fr\/en\/product\/demarreur-case-ih-volt-kw-12-36-9-dents\/","name":"Case Ih - D\u00e9marreur 12 Volt \/ 3,6 Kw, 9 Dents 1255.1455 - Tracteur - Edel","isPartOf":{"@id":"https:\/\/www.edel.fr\/en\/#website"},"primaryImageOfPage":{"@id":"https:\/\/edel.fr\/en\/product\/demarreur-case-ih-volt-kw-12-36-9-dents\/#primaryimage"},"image":{"@id":"https:\/\/edel.fr\/en\/product\/demarreur-case-ih-volt-kw-12-36-9-dents\/#primaryimage"},"thumbnailUrl":"https:\/\/edel.fr\/uploads\/2019\/03\/D1144S-1.jpg","datePublished":"2019-03-11T08:24:31+00:00","dateModified":"2026-02-10T01:00:26+00:00","description":"Case Ih - D\u00e9marreur 12 Volt \/ 3,6 Kw, 9 Dents - 1255.1455 - 0001401011, 0001401017, 0001401050, 0001401066, 0001413001, 0001418001 -Tracteur Agricole","breadcrumb":{"@id":"https:\/\/edel.fr\/en\/product\/demarreur-case-ih-volt-kw-12-36-9-dents\/#breadcrumb"},"inLanguage":"en-US","potentialAction":[{"@type":"ReadAction","target":["https:\/\/edel.fr\/en\/product\/demarreur-case-ih-volt-kw-12-36-9-dents\/"]}]},{"@type":"ImageObject","inLanguage":"en-US","@id":"https:\/\/edel.fr\/en\/product\/demarreur-case-ih-volt-kw-12-36-9-dents\/#primaryimage","url":"https:\/\/edel.fr\/uploads\/2019\/03\/D1144S-1.jpg","contentUrl":"https:\/\/edel.fr\/uploads\/2019\/03\/D1144S-1.jpg","width":600,"height":222,"caption":"DEMARREUR BNG4\/12CR201 PIECE"},{"@type":"BreadcrumbList","@id":"https:\/\/edel.fr\/en\/product\/demarreur-case-ih-volt-kw-12-36-9-dents\/#breadcrumb","itemListElement":[{"@type":"ListItem","position":1,"name":"Pi\u00e8ce Tracteur","item":"https:\/\/www.edel.fr\/en\/"},{"@type":"ListItem","position":2,"name":"Toutes nos pi\u00e8ces Tracteur","item":"https:\/\/edel.fr\/shop\/"},{"@type":"ListItem","position":3,"name":"Case Ih &#8211; D\u00e9marreur 12 Volt \/ 3,6 Kw, 9 Dents 1255.1455 &#8211; Tracteur"}]},{"@type":"WebSite","@id":"https:\/\/www.edel.fr\/en\/#website","url":"https:\/\/www.edel.fr\/en\/","name":"Edel","description":"Pi\u00e8ce d\u00e9tach\u00e9e de Tracteur Agricole","publisher":{"@id":"https:\/\/www.edel.fr\/en\/#organization"},"potentialAction":[{"@type":"SearchAction","target":{"@type":"EntryPoint","urlTemplate":"https:\/\/www.edel.fr\/en\/?s={search_term_string}"},"query-input":{"@type":"PropertyValueSpecification","valueRequired":true,"valueName":"search_term_string"}}],"inLanguage":"en-US"},{"@type":"Organization","@id":"https:\/\/www.edel.fr\/en\/#organization","name":"Edel","url":"https:\/\/www.edel.fr\/en\/","logo":{"@type":"ImageObject","inLanguage":"en-US","@id":"https:\/\/www.edel.fr\/en\/#\/schema\/logo\/image\/","url":"https:\/\/www.edel.fr\/uploads\/2018\/11\/logo-edel.png","contentUrl":"https:\/\/www.edel.fr\/uploads\/2018\/11\/logo-edel.png","width":257,"height":68,"caption":"Edel"},"image":{"@id":"https:\/\/www.edel.fr\/en\/#\/schema\/logo\/image\/"}}]}},"_links":{"self":[{"href":"https:\/\/edel.fr\/en\/wp-json\/wp\/v2\/product\/5926","targetHints":{"allow":["GET"]}}],"collection":[{"href":"https:\/\/edel.fr\/en\/wp-json\/wp\/v2\/product"}],"about":[{"href":"https:\/\/edel.fr\/en\/wp-json\/wp\/v2\/types\/product"}],"version-history":[{"count":2,"href":"https:\/\/edel.fr\/en\/wp-json\/wp\/v2\/product\/5926\/revisions"}],"predecessor-version":[{"id":19013,"href":"https:\/\/edel.fr\/en\/wp-json\/wp\/v2\/product\/5926\/revisions\/19013"}],"wp:featuredmedia":[{"embeddable":true,"href":"https:\/\/edel.fr\/en\/wp-json\/wp\/v2\/media\/19007"}],"wp:attachment":[{"href":"https:\/\/edel.fr\/en\/wp-json\/wp\/v2\/media?parent=5926"}],"wp:term":[{"taxonomy":"product_brand","embeddable":true,"href":"https:\/\/edel.fr\/en\/wp-json\/wp\/v2\/product_brand?post=5926"},{"taxonomy":"product_cat","embeddable":true,"href":"https:\/\/edel.fr\/en\/wp-json\/wp\/v2\/product_cat?post=5926"},{"taxonomy":"product_tag","embeddable":true,"href":"https:\/\/edel.fr\/en\/wp-json\/wp\/v2\/product_tag?post=5926"},{"taxonomy":"tracteur","embeddable":true,"href":"https:\/\/edel.fr\/en\/wp-json\/wp\/v2\/tracteur?post=5926"}],"curies":[{"name":"wp","href":"https:\/\/api.w.org\/{rel}","templated":true}]}}