{"id":5930,"date":"2019-03-11T09:24:31","date_gmt":"2019-03-11T08:24:31","guid":{"rendered":"http:\/\/edel.stephanie.ct.webcd.lan\/shop\/demarreur-case-ihmassey-fergusonvalmet-volt-kw-12-3-moteur-sisu-10-dents\/"},"modified":"2026-02-25T02:01:11","modified_gmt":"2026-02-25T01:01:11","slug":"demarreur-case-ihmassey-fergusonvalmet-volt-kw-12-3-moteur-sisu-10-dents","status":"publish","type":"product","link":"https:\/\/edel.fr\/en\/product\/demarreur-case-ihmassey-fergusonvalmet-volt-kw-12-3-moteur-sisu-10-dents\/","title":{"rendered":"D\u00e9marreur Valmet, Case Ih, Massey Ferg. &#8211; 12V\/3Kw, Sisu 10 Dents"},"content":{"rendered":"<div data-elementor-type=\"wp-post\" data-elementor-id=\"5930\" class=\"elementor elementor-5930\">\n\t\t\t\t\t\t<section class=\"elementor-section elementor-top-section elementor-element elementor-element-12670984 elementor-section-boxed elementor-section-height-default elementor-section-height-default\" data-id=\"12670984\" data-element_type=\"section\" data-e-type=\"section\">\n\t\t\t\t\t\t<div class=\"elementor-container elementor-column-gap-default\">\n\t\t\t\t\t<div class=\"elementor-column elementor-col-100 elementor-top-column elementor-element elementor-element-349e67dd\" data-id=\"349e67dd\" data-element_type=\"column\" data-e-type=\"column\">\n\t\t\t<div class=\"elementor-widget-wrap elementor-element-populated\">\n\t\t\t\t\t\t<div class=\"elementor-element elementor-element-529e7ac9 elementor-widget elementor-widget-heading\" data-id=\"529e7ac9\" data-element_type=\"widget\" data-e-type=\"widget\" data-widget_type=\"heading.default\">\n\t\t\t\t<div class=\"elementor-widget-container\">\n\t\t\t\t\t<h2 class=\"elementor-heading-title elementor-size-default\">D\u00e9marreur Valmet, Case Ih, Massey Ferguson<\/h2>\t\t\t\t<\/div>\n\t\t\t\t<\/div>\n\t\t\t\t<div class=\"elementor-element elementor-element-6237b168 elementor-widget elementor-widget-heading\" data-id=\"6237b168\" data-element_type=\"widget\" data-e-type=\"widget\" data-widget_type=\"heading.default\">\n\t\t\t\t<div class=\"elementor-widget-container\">\n\t\t\t\t\t<h3 class=\"elementor-heading-title elementor-size-default\">Information du produit :<\/h3>\t\t\t\t<\/div>\n\t\t\t\t<\/div>\n\t\t\t\t\t<\/div>\n\t\t<\/div>\n\t\t\t\t\t<\/div>\n\t\t<\/section>\n\t\t\t\t<section class=\"elementor-section elementor-top-section elementor-element elementor-element-6d052272 elementor-section-boxed elementor-section-height-default elementor-section-height-default\" data-id=\"6d052272\" data-element_type=\"section\" data-e-type=\"section\">\n\t\t\t\t\t\t<div class=\"elementor-container elementor-column-gap-default\">\n\t\t\t\t\t<div class=\"elementor-column elementor-col-100 elementor-top-column elementor-element elementor-element-1ac9a017\" data-id=\"1ac9a017\" data-element_type=\"column\" data-e-type=\"column\">\n\t\t\t<div class=\"elementor-widget-wrap elementor-element-populated\">\n\t\t\t\t\t\t<div class=\"elementor-element elementor-element-2632a27f elementor-widget elementor-widget-text-editor\" data-id=\"2632a27f\" data-element_type=\"widget\" data-e-type=\"widget\" data-widget_type=\"text-editor.default\">\n\t\t\t\t<div class=\"elementor-widget-container\">\n\t\t\t\t\t\t\t\t\t<p><strong>12 Volt \/ 3 Kw, Moteur Sisu 10 Dents<\/strong><\/p><p>Le d\u00e9marreur de votre tracteur est indispensable, le tracteur ne pourra pas d\u00e9marrer correctement si le d\u00e9marreur n&rsquo;est pas fonctionnel. Il se pr\u00e9sente sous la forme d\u2019un petit moteur \u00e9lectrique, rattach\u00e9 au volant moteur. Il est directement aliment\u00e9 par la batterie et il a pour r\u00f4le de mettre en marche le moteur\u00a0de votre tracteur.<\/p><p>Pour trouver le bon <strong>d\u00e9marreur tracteur<\/strong> qui s\u2019adaptera au mieux \u00e0 votre engin agricole, il est \u00e9galement pr\u00e9f\u00e9rable de se r\u00e9f\u00e9rer \u00e0 sa r\u00e9f\u00e9rence d\u2019origine. Elle est en g\u00e9n\u00e9ral inscrite sur le d\u00e9marreur. Sans cette r\u00e9f\u00e9rence, il faudra vous appuyer sur la marque et le mod\u00e8le de votre <strong>tracteur agricole.<\/strong><\/p><p>Avant le d\u00e9montage de votre d\u00e9marreur, nous vous conseillons d&rsquo;abord de d\u00e9brancher votre batterie. Mais aussi de rep\u00e9rer les diff\u00e9rents branchements d\u2019alimentation du d\u00e9marreur.<\/p><p>Pour choisir son <strong>d\u00e9marreur de tracteur<\/strong>, il faut choisir entre les d\u00e9marreurs classiques ou les <strong>d\u00e9marreurs avec r\u00e9ducteur droit ou d\u00e9cal\u00e9.<\/strong><\/p><p>Il est possible de changer le d\u00e9marreur classique par un <strong>d\u00e9marreur avec r\u00e9ducteur.<\/strong> Par exemple, sur un <strong>tracteur ancien<\/strong>, cela lui simplifiera consid\u00e9rablement son d\u00e9marrage.<\/p><p>C\u2019est pourquoi nous vous proposons une pi\u00e8ce de marque\u00a0<a href=\"https:\/\/edel.fr\/en\/constructeur\/mahle\/\">Mahle<\/a>\u00a0\/\u00a0<a href=\"https:\/\/edel.fr\/en\/constructeur\/letrika\/\">Letrika<\/a>\u00a0reconnue pour sa fiabilit\u00e9.<\/p><p>D\u00e9marreur Valmet, Case Ih, Massey Ferguson : 355, 365, 38050, 455, 565, 600, 6000, 604, 6100, 6250, 6300, 6350, 6400, 6600, 6750, 6800, 6850, 7254.726, 800, 802, 803, 805, 8150, 8200, 8400, 8450, 8500, 8550, 8650, 900, 912, CS100, CS110, CS120, CS150, CS75, CS86, CS94, CVX 150, CVX130, CVX150, CVX170, T131.<\/p><p><strong>R\u00e9f\u00e9rences constructeur\u00a0<\/strong><\/p><p>AGCO : 8366 732 89<\/p><p>AGCO POWER (SISU DIESEL) : 8366 733 53, V8366 733 53.<\/p><p>CARGO : 114254<\/p><p>MAGNETON : 9142 722<\/p><p>VALTRA (VALMET) : VPF7264<\/p><p>VALTRA DO BRASIL : 83646400<\/p><p>WAI : 30528N<\/p><p>ZETOR : 6918.5771<\/p><p>Edel vous propose \u00e9galement une large gamme de d\u00e9marreur pour des applications sp\u00e9cifiques, et de diff\u00e9rentes marques.<\/p><p>Donc, pour plus de renseignements, n\u2019h\u00e9sitez pas \u00e0 nous consulter !<\/p>\t\t\t\t\t\t\t\t<\/div>\n\t\t\t\t<\/div>\n\t\t\t\t\t<\/div>\n\t\t<\/div>\n\t\t\t\t\t<\/div>\n\t\t<\/section>\n\t\t\t\t<\/div>","protected":false},"excerpt":{"rendered":"<p>D\u00e9marreur Valmet, Case Ih, Massey Ferguson Information du produit : 12 Volt \/ 3 Kw, Moteur Sisu 10 Dents Le d\u00e9marreur de votre tracteur est indispensable, le tracteur ne pourra pas d\u00e9marrer correctement si le d\u00e9marreur n&rsquo;est pas fonctionnel. Il se pr\u00e9sente sous la forme d\u2019un petit moteur \u00e9lectrique, rattach\u00e9 au volant moteur. Il est<br \/><a class=\"more-link\" href=\"https:\/\/edel.fr\/en\/product\/demarreur-case-ihmassey-fergusonvalmet-volt-kw-12-3-moteur-sisu-10-dents\/\"><br \/>\n        Read More<span class=\"screen-reader-text\"> \u00ab\u00a0D\u00e9marreur Valmet, Case Ih, Massey Ferg. &#8211; 12V\/3Kw, Sisu 10 Dents\u00a0\u00bb<\/span><\/a><\/p>","protected":false},"featured_media":5661,"template":"","meta":[],"product_brand":[],"product_cat":[3994,4007,165,4014,154,119],"product_tag":[2460,180],"tracteur":[],"class_list":{"0":"post-5930","1":"product","2":"type-product","3":"status-publish","4":"has-post-thumbnail","6":"product_cat-demarreur-case-ih","7":"product_cat-demarreur-massey-ferguson","8":"product_cat-demarreurs","9":"product_cat-demarreur-valmet","10":"product_cat-electricite","11":"product_cat-tracteurs-agricoles","12":"product_tag-demarreurs","13":"product_tag-electricite","14":"product_shipping_class-142","15":"pa_fabriquant-mahle","16":"pa_marque-tracteur-case-ih","17":"pa_marque-tracteur-massey-ferguson","18":"pa_marque-tracteur-valtra-valmet","19":"pa_modele-tracteur-cs","20":"pa_modele-tracteur-cvx","21":"pa_modele-tracteur-moissonneuse-batteuse","22":"pa_type-2-1883","23":"pa_type-2-1311","24":"pa_type-2-1898","25":"pa_type-2-1631","26":"pa_type-2-1432","27":"pa_type-2-1740","28":"pa_type-2-1828","29":"pa_type-2-1886","30":"pa_type-2-1568","31":"pa_type-2-1614","32":"pa_type-2-1570","33":"pa_type-2-2183","34":"pa_type-2-1571","35":"pa_type-2-1615","36":"pa_type-2-1896","37":"pa_type-2-1573","38":"pa_type-2-1897","39":"pa_type-2-7254-726","40":"pa_type-2-1888","41":"pa_type-2-1889","42":"pa_type-2-1890","43":"pa_type-2-1346","44":"pa_type-2-1617","45":"pa_type-2-1722","46":"pa_type-2-1618","47":"pa_type-2-1619","48":"pa_type-2-1899","49":"pa_type-2-1364","50":"pa_type-2-1900","51":"pa_type-2-1745","52":"pa_type-2-1892","53":"pa_type-2-cs100","54":"pa_type-2-cs110","55":"pa_type-2-cs120","56":"pa_type-2-cs150","57":"pa_type-2-cs75","58":"pa_type-2-cs86","59":"pa_type-2-cs94","60":"pa_type-2-cvx-150","61":"pa_type-2-cvx130","62":"pa_type-2-cvx150","63":"pa_type-2-cvx170","64":"pa_type-2-t131","65":"badges-style-2","67":"first","68":"instock","69":"taxable","70":"shipping-taxable","71":"purchasable","72":"product-type-simple"},"acf":[],"yoast_head":"<!-- This site is optimized with the Yoast SEO plugin v27.3 - https:\/\/yoast.com\/product\/yoast-seo-wordpress\/ -->\n<title>D\u00e9marreur Valmet, Case Ih, Massey Ferg. - 12V\/3Kw, Sisu 10 Dents - Edel<\/title>\n<meta name=\"description\" content=\"D\u00e9marreur Valmet, Case Ih, Massey Ferguson - 12 Volt \/ 3 Kw, Moteur Sisu 10 Dents - 365 455 565 600 6250 6300 6400 6600 800 802 8150 8200 900 CS100 CS110\" \/>\n<meta name=\"robots\" content=\"index, follow, max-snippet:-1, max-image-preview:large, max-video-preview:-1\" \/>\n<link rel=\"canonical\" href=\"https:\/\/www.edel.fr\/produit\/demarreur-case-ihmassey-fergusonvalmet-volt-kw-12-3-moteur-sisu-10-dents\/\" \/>\n<meta property=\"og:locale\" content=\"en_US\" \/>\n<meta property=\"og:type\" content=\"article\" \/>\n<meta property=\"og:title\" content=\"D\u00e9marreur Valmet, Case Ih, Massey Ferg. - 12V\/3Kw, Sisu 10 Dents - Edel\" \/>\n<meta property=\"og:description\" content=\"D\u00e9marreur Valmet, Case Ih, Massey Ferguson - 12 Volt \/ 3 Kw, Moteur Sisu 10 Dents - 365 455 565 600 6250 6300 6400 6600 800 802 8150 8200 900 CS100 CS110\" \/>\n<meta property=\"og:url\" content=\"https:\/\/www.edel.fr\/produit\/demarreur-case-ihmassey-fergusonvalmet-volt-kw-12-3-moteur-sisu-10-dents\/\" \/>\n<meta property=\"og:site_name\" content=\"Edel\" \/>\n<meta property=\"article:modified_time\" content=\"2026-02-25T01:01:11+00:00\" \/>\n<meta property=\"og:image\" content=\"https:\/\/www.edel.fr\/uploads\/2019\/03\/D35.jpg\" \/>\n\t<meta property=\"og:image:width\" content=\"1920\" \/>\n\t<meta property=\"og:image:height\" content=\"1280\" \/>\n\t<meta property=\"og:image:type\" content=\"image\/jpeg\" \/>\n<meta name=\"twitter:card\" content=\"summary_large_image\" \/>\n<meta name=\"twitter:label1\" content=\"Est. reading time\" \/>\n\t<meta name=\"twitter:data1\" content=\"2 minutes\" \/>\n<script type=\"application\/ld+json\" class=\"yoast-schema-graph\">{\"@context\":\"https:\\\/\\\/schema.org\",\"@graph\":[{\"@type\":\"WebPage\",\"@id\":\"https:\\\/\\\/www.edel.fr\\\/produit\\\/demarreur-case-ihmassey-fergusonvalmet-volt-kw-12-3-moteur-sisu-10-dents\\\/\",\"url\":\"https:\\\/\\\/www.edel.fr\\\/produit\\\/demarreur-case-ihmassey-fergusonvalmet-volt-kw-12-3-moteur-sisu-10-dents\\\/\",\"name\":\"D\u00e9marreur Valmet, Case Ih, Massey Ferg. - 12V\\\/3Kw, Sisu 10 Dents - Edel\",\"isPartOf\":{\"@id\":\"https:\\\/\\\/www.edel.fr\\\/en\\\/#website\"},\"primaryImageOfPage\":{\"@id\":\"https:\\\/\\\/www.edel.fr\\\/produit\\\/demarreur-case-ihmassey-fergusonvalmet-volt-kw-12-3-moteur-sisu-10-dents\\\/#primaryimage\"},\"image\":{\"@id\":\"https:\\\/\\\/www.edel.fr\\\/produit\\\/demarreur-case-ihmassey-fergusonvalmet-volt-kw-12-3-moteur-sisu-10-dents\\\/#primaryimage\"},\"thumbnailUrl\":\"https:\\\/\\\/edel.fr\\\/uploads\\\/2019\\\/03\\\/D35.jpg\",\"datePublished\":\"2019-03-11T08:24:31+00:00\",\"dateModified\":\"2026-02-25T01:01:11+00:00\",\"description\":\"D\u00e9marreur Valmet, Case Ih, Massey Ferguson - 12 Volt \\\/ 3 Kw, Moteur Sisu 10 Dents - 365 455 565 600 6250 6300 6400 6600 800 802 8150 8200 900 CS100 CS110\",\"breadcrumb\":{\"@id\":\"https:\\\/\\\/www.edel.fr\\\/produit\\\/demarreur-case-ihmassey-fergusonvalmet-volt-kw-12-3-moteur-sisu-10-dents\\\/#breadcrumb\"},\"inLanguage\":\"en-US\",\"potentialAction\":[{\"@type\":\"ReadAction\",\"target\":[\"https:\\\/\\\/www.edel.fr\\\/produit\\\/demarreur-case-ihmassey-fergusonvalmet-volt-kw-12-3-moteur-sisu-10-dents\\\/\"]}]},{\"@type\":\"ImageObject\",\"inLanguage\":\"en-US\",\"@id\":\"https:\\\/\\\/www.edel.fr\\\/produit\\\/demarreur-case-ihmassey-fergusonvalmet-volt-kw-12-3-moteur-sisu-10-dents\\\/#primaryimage\",\"url\":\"https:\\\/\\\/edel.fr\\\/uploads\\\/2019\\\/03\\\/D35.jpg\",\"contentUrl\":\"https:\\\/\\\/edel.fr\\\/uploads\\\/2019\\\/03\\\/D35.jpg\",\"width\":1920,\"height\":1280,\"caption\":\"D\u00e9marreur Valmet, Case Ih, Massey Ferg. - 12V\\\/3Kw, Sisu 10 Dents\"},{\"@type\":\"BreadcrumbList\",\"@id\":\"https:\\\/\\\/www.edel.fr\\\/produit\\\/demarreur-case-ihmassey-fergusonvalmet-volt-kw-12-3-moteur-sisu-10-dents\\\/#breadcrumb\",\"itemListElement\":[{\"@type\":\"ListItem\",\"position\":1,\"name\":\"Pi\u00e8ce Tracteur\",\"item\":\"https:\\\/\\\/www.edel.fr\\\/en\\\/\"},{\"@type\":\"ListItem\",\"position\":2,\"name\":\"Toutes nos pi\u00e8ces Tracteur\",\"item\":\"https:\\\/\\\/edel.fr\\\/shop\\\/\"},{\"@type\":\"ListItem\",\"position\":3,\"name\":\"D\u00e9marreur Valmet, Case Ih, Massey Ferg. &#8211; 12V\\\/3Kw, Sisu 10 Dents\"}]},{\"@type\":\"WebSite\",\"@id\":\"https:\\\/\\\/www.edel.fr\\\/en\\\/#website\",\"url\":\"https:\\\/\\\/www.edel.fr\\\/en\\\/\",\"name\":\"Edel\",\"description\":\"Pi\u00e8ce d\u00e9tach\u00e9e de Tracteur Agricole\",\"publisher\":{\"@id\":\"https:\\\/\\\/www.edel.fr\\\/en\\\/#organization\"},\"potentialAction\":[{\"@type\":\"SearchAction\",\"target\":{\"@type\":\"EntryPoint\",\"urlTemplate\":\"https:\\\/\\\/www.edel.fr\\\/en\\\/?s={search_term_string}\"},\"query-input\":{\"@type\":\"PropertyValueSpecification\",\"valueRequired\":true,\"valueName\":\"search_term_string\"}}],\"inLanguage\":\"en-US\"},{\"@type\":\"Organization\",\"@id\":\"https:\\\/\\\/www.edel.fr\\\/en\\\/#organization\",\"name\":\"Edel\",\"url\":\"https:\\\/\\\/www.edel.fr\\\/en\\\/\",\"logo\":{\"@type\":\"ImageObject\",\"inLanguage\":\"en-US\",\"@id\":\"https:\\\/\\\/www.edel.fr\\\/en\\\/#\\\/schema\\\/logo\\\/image\\\/\",\"url\":\"https:\\\/\\\/www.edel.fr\\\/uploads\\\/2018\\\/11\\\/logo-edel.png\",\"contentUrl\":\"https:\\\/\\\/www.edel.fr\\\/uploads\\\/2018\\\/11\\\/logo-edel.png\",\"width\":257,\"height\":68,\"caption\":\"Edel\"},\"image\":{\"@id\":\"https:\\\/\\\/www.edel.fr\\\/en\\\/#\\\/schema\\\/logo\\\/image\\\/\"}}]}<\/script>\n<!-- \/ Yoast SEO plugin. -->","yoast_head_json":{"title":"D\u00e9marreur Valmet, Case Ih, Massey Ferg. - 12V\/3Kw, Sisu 10 Dents - Edel","description":"D\u00e9marreur Valmet, Case Ih, Massey Ferguson - 12 Volt \/ 3 Kw, Moteur Sisu 10 Dents - 365 455 565 600 6250 6300 6400 6600 800 802 8150 8200 900 CS100 CS110","robots":{"index":"index","follow":"follow","max-snippet":"max-snippet:-1","max-image-preview":"max-image-preview:large","max-video-preview":"max-video-preview:-1"},"canonical":"https:\/\/www.edel.fr\/produit\/demarreur-case-ihmassey-fergusonvalmet-volt-kw-12-3-moteur-sisu-10-dents\/","og_locale":"en_US","og_type":"article","og_title":"D\u00e9marreur Valmet, Case Ih, Massey Ferg. - 12V\/3Kw, Sisu 10 Dents - Edel","og_description":"D\u00e9marreur Valmet, Case Ih, Massey Ferguson - 12 Volt \/ 3 Kw, Moteur Sisu 10 Dents - 365 455 565 600 6250 6300 6400 6600 800 802 8150 8200 900 CS100 CS110","og_url":"https:\/\/www.edel.fr\/produit\/demarreur-case-ihmassey-fergusonvalmet-volt-kw-12-3-moteur-sisu-10-dents\/","og_site_name":"Edel","article_modified_time":"2026-02-25T01:01:11+00:00","og_image":[{"width":1920,"height":1280,"url":"https:\/\/www.edel.fr\/uploads\/2019\/03\/D35.jpg","type":"image\/jpeg"}],"twitter_card":"summary_large_image","twitter_misc":{"Est. reading time":"2 minutes"},"schema":{"@context":"https:\/\/schema.org","@graph":[{"@type":"WebPage","@id":"https:\/\/www.edel.fr\/produit\/demarreur-case-ihmassey-fergusonvalmet-volt-kw-12-3-moteur-sisu-10-dents\/","url":"https:\/\/www.edel.fr\/produit\/demarreur-case-ihmassey-fergusonvalmet-volt-kw-12-3-moteur-sisu-10-dents\/","name":"D\u00e9marreur Valmet, Case Ih, Massey Ferg. - 12V\/3Kw, Sisu 10 Dents - Edel","isPartOf":{"@id":"https:\/\/www.edel.fr\/en\/#website"},"primaryImageOfPage":{"@id":"https:\/\/www.edel.fr\/produit\/demarreur-case-ihmassey-fergusonvalmet-volt-kw-12-3-moteur-sisu-10-dents\/#primaryimage"},"image":{"@id":"https:\/\/www.edel.fr\/produit\/demarreur-case-ihmassey-fergusonvalmet-volt-kw-12-3-moteur-sisu-10-dents\/#primaryimage"},"thumbnailUrl":"https:\/\/edel.fr\/uploads\/2019\/03\/D35.jpg","datePublished":"2019-03-11T08:24:31+00:00","dateModified":"2026-02-25T01:01:11+00:00","description":"D\u00e9marreur Valmet, Case Ih, Massey Ferguson - 12 Volt \/ 3 Kw, Moteur Sisu 10 Dents - 365 455 565 600 6250 6300 6400 6600 800 802 8150 8200 900 CS100 CS110","breadcrumb":{"@id":"https:\/\/www.edel.fr\/produit\/demarreur-case-ihmassey-fergusonvalmet-volt-kw-12-3-moteur-sisu-10-dents\/#breadcrumb"},"inLanguage":"en-US","potentialAction":[{"@type":"ReadAction","target":["https:\/\/www.edel.fr\/produit\/demarreur-case-ihmassey-fergusonvalmet-volt-kw-12-3-moteur-sisu-10-dents\/"]}]},{"@type":"ImageObject","inLanguage":"en-US","@id":"https:\/\/www.edel.fr\/produit\/demarreur-case-ihmassey-fergusonvalmet-volt-kw-12-3-moteur-sisu-10-dents\/#primaryimage","url":"https:\/\/edel.fr\/uploads\/2019\/03\/D35.jpg","contentUrl":"https:\/\/edel.fr\/uploads\/2019\/03\/D35.jpg","width":1920,"height":1280,"caption":"D\u00e9marreur Valmet, Case Ih, Massey Ferg. - 12V\/3Kw, Sisu 10 Dents"},{"@type":"BreadcrumbList","@id":"https:\/\/www.edel.fr\/produit\/demarreur-case-ihmassey-fergusonvalmet-volt-kw-12-3-moteur-sisu-10-dents\/#breadcrumb","itemListElement":[{"@type":"ListItem","position":1,"name":"Pi\u00e8ce Tracteur","item":"https:\/\/www.edel.fr\/en\/"},{"@type":"ListItem","position":2,"name":"Toutes nos pi\u00e8ces Tracteur","item":"https:\/\/edel.fr\/shop\/"},{"@type":"ListItem","position":3,"name":"D\u00e9marreur Valmet, Case Ih, Massey Ferg. &#8211; 12V\/3Kw, Sisu 10 Dents"}]},{"@type":"WebSite","@id":"https:\/\/www.edel.fr\/en\/#website","url":"https:\/\/www.edel.fr\/en\/","name":"Edel","description":"Pi\u00e8ce d\u00e9tach\u00e9e de Tracteur Agricole","publisher":{"@id":"https:\/\/www.edel.fr\/en\/#organization"},"potentialAction":[{"@type":"SearchAction","target":{"@type":"EntryPoint","urlTemplate":"https:\/\/www.edel.fr\/en\/?s={search_term_string}"},"query-input":{"@type":"PropertyValueSpecification","valueRequired":true,"valueName":"search_term_string"}}],"inLanguage":"en-US"},{"@type":"Organization","@id":"https:\/\/www.edel.fr\/en\/#organization","name":"Edel","url":"https:\/\/www.edel.fr\/en\/","logo":{"@type":"ImageObject","inLanguage":"en-US","@id":"https:\/\/www.edel.fr\/en\/#\/schema\/logo\/image\/","url":"https:\/\/www.edel.fr\/uploads\/2018\/11\/logo-edel.png","contentUrl":"https:\/\/www.edel.fr\/uploads\/2018\/11\/logo-edel.png","width":257,"height":68,"caption":"Edel"},"image":{"@id":"https:\/\/www.edel.fr\/en\/#\/schema\/logo\/image\/"}}]}},"_links":{"self":[{"href":"https:\/\/edel.fr\/en\/wp-json\/wp\/v2\/product\/5930","targetHints":{"allow":["GET"]}}],"collection":[{"href":"https:\/\/edel.fr\/en\/wp-json\/wp\/v2\/product"}],"about":[{"href":"https:\/\/edel.fr\/en\/wp-json\/wp\/v2\/types\/product"}],"version-history":[{"count":2,"href":"https:\/\/edel.fr\/en\/wp-json\/wp\/v2\/product\/5930\/revisions"}],"predecessor-version":[{"id":15084,"href":"https:\/\/edel.fr\/en\/wp-json\/wp\/v2\/product\/5930\/revisions\/15084"}],"wp:featuredmedia":[{"embeddable":true,"href":"https:\/\/edel.fr\/en\/wp-json\/wp\/v2\/media\/5661"}],"wp:attachment":[{"href":"https:\/\/edel.fr\/en\/wp-json\/wp\/v2\/media?parent=5930"}],"wp:term":[{"taxonomy":"product_brand","embeddable":true,"href":"https:\/\/edel.fr\/en\/wp-json\/wp\/v2\/product_brand?post=5930"},{"taxonomy":"product_cat","embeddable":true,"href":"https:\/\/edel.fr\/en\/wp-json\/wp\/v2\/product_cat?post=5930"},{"taxonomy":"product_tag","embeddable":true,"href":"https:\/\/edel.fr\/en\/wp-json\/wp\/v2\/product_tag?post=5930"},{"taxonomy":"tracteur","embeddable":true,"href":"https:\/\/edel.fr\/en\/wp-json\/wp\/v2\/tracteur?post=5930"}],"curies":[{"name":"wp","href":"https:\/\/api.w.org\/{rel}","templated":true}]}}