{"id":5933,"date":"2019-03-11T09:24:31","date_gmt":"2019-03-11T08:24:31","guid":{"rendered":"http:\/\/edel.stephanie.ct.webcd.lan\/shop\/demarreur-john-deererenault-claas-volt-kw-12-3-fixation-2-trous\/"},"modified":"2026-03-14T02:00:40","modified_gmt":"2026-03-14T01:00:40","slug":"demarreur-john-deererenault-claas-volt-kw-12-3-fixation-2-trous","status":"publish","type":"product","link":"https:\/\/edel.fr\/en\/product\/demarreur-john-deererenault-claas-volt-kw-12-3-fixation-2-trous\/","title":{"rendered":"D\u00e9marreur John Deere, Renault Claas &#8211; 12V \/ 3Kw, Fixation 2 Trous"},"content":{"rendered":"<div data-elementor-type=\"wp-post\" data-elementor-id=\"5933\" class=\"elementor elementor-5933\">\n\t\t\t\t\t\t<section class=\"elementor-section elementor-top-section elementor-element elementor-element-10e5d318 elementor-section-boxed elementor-section-height-default elementor-section-height-default\" data-id=\"10e5d318\" data-element_type=\"section\" data-e-type=\"section\">\n\t\t\t\t\t\t<div class=\"elementor-container elementor-column-gap-default\">\n\t\t\t\t\t<div class=\"elementor-column elementor-col-100 elementor-top-column elementor-element elementor-element-e518fe2\" data-id=\"e518fe2\" data-element_type=\"column\" data-e-type=\"column\">\n\t\t\t<div class=\"elementor-widget-wrap elementor-element-populated\">\n\t\t\t\t\t\t<div class=\"elementor-element elementor-element-28a213d6 elementor-widget elementor-widget-heading\" data-id=\"28a213d6\" data-element_type=\"widget\" data-e-type=\"widget\" data-widget_type=\"heading.default\">\n\t\t\t\t<div class=\"elementor-widget-container\">\n\t\t\t\t\t<h2 class=\"elementor-heading-title elementor-size-default\">D\u00e9marreur John Deere, Renault Claas<\/h2>\t\t\t\t<\/div>\n\t\t\t\t<\/div>\n\t\t\t\t<div class=\"elementor-element elementor-element-4308595e elementor-widget elementor-widget-heading\" data-id=\"4308595e\" data-element_type=\"widget\" data-e-type=\"widget\" data-widget_type=\"heading.default\">\n\t\t\t\t<div class=\"elementor-widget-container\">\n\t\t\t\t\t<h3 class=\"elementor-heading-title elementor-size-default\">Information du produit :<\/h3>\t\t\t\t<\/div>\n\t\t\t\t<\/div>\n\t\t\t\t\t<\/div>\n\t\t<\/div>\n\t\t\t\t\t<\/div>\n\t\t<\/section>\n\t\t\t\t<section class=\"elementor-section elementor-top-section elementor-element elementor-element-79523f8e elementor-section-boxed elementor-section-height-default elementor-section-height-default\" data-id=\"79523f8e\" data-element_type=\"section\" data-e-type=\"section\">\n\t\t\t\t\t\t<div class=\"elementor-container elementor-column-gap-default\">\n\t\t\t\t\t<div class=\"elementor-column elementor-col-100 elementor-top-column elementor-element elementor-element-13ca5e65\" data-id=\"13ca5e65\" data-element_type=\"column\" data-e-type=\"column\">\n\t\t\t<div class=\"elementor-widget-wrap elementor-element-populated\">\n\t\t\t\t\t\t<div class=\"elementor-element elementor-element-461aa241 elementor-widget elementor-widget-text-editor\" data-id=\"461aa241\" data-element_type=\"widget\" data-e-type=\"widget\" data-widget_type=\"text-editor.default\">\n\t\t\t\t<div class=\"elementor-widget-container\">\n\t\t\t\t\t\t\t\t\t<p><strong>12 Volt \/ 3 Kw, Fixation 2 Trous<\/strong><\/p><p>Le d\u00e9marreur de votre tracteur est indispensable, le tracteur ne pourra pas d\u00e9marrer correctement si le d\u00e9marreur n&rsquo;est pas fonctionnel. Il se pr\u00e9sente sous la forme d\u2019un petit moteur \u00e9lectrique, rattach\u00e9 au volant moteur. Il est directement aliment\u00e9 par la batterie et il a pour r\u00f4le de mettre en marche le moteur\u00a0de votre tracteur.<\/p><p>Pour trouver le bon <strong>d\u00e9marreur tracteur<\/strong> qui s\u2019adaptera au mieux \u00e0 votre engin agricole, il est \u00e9galement pr\u00e9f\u00e9rable de se r\u00e9f\u00e9rer \u00e0 sa r\u00e9f\u00e9rence d\u2019origine. Elle est en g\u00e9n\u00e9ral inscrite sur le d\u00e9marreur. Sans cette r\u00e9f\u00e9rence, il faudra vous appuyer sur la marque et le mod\u00e8le de votre <strong>tracteur agricole.<\/strong><\/p><p>Avant le d\u00e9montage de votre d\u00e9marreur, nous vous conseillons d&rsquo;abord de d\u00e9brancher votre batterie. Mais aussi de rep\u00e9rer les diff\u00e9rents branchements d\u2019alimentation du d\u00e9marreur.<\/p><p>Pour choisir son <strong>d\u00e9marreur de tracteur<\/strong>, il faut choisir entre les d\u00e9marreurs classiques ou les <strong>d\u00e9marreurs avec r\u00e9ducteur droit ou d\u00e9cal\u00e9.<\/strong><\/p><p>Il est possible de changer le d\u00e9marreur classique par un <strong>d\u00e9marreur avec r\u00e9ducteur.<\/strong> Par exemple, sur un <strong>tracteur ancien<\/strong>, cela lui simplifiera consid\u00e9rablement son d\u00e9marrage.<\/p><p>C\u2019est pourquoi nous vous proposons une pi\u00e8ce de marque\u00a0<a href=\"https:\/\/edel.fr\/en\/constructeur\/mahle\/\">Mahle<\/a>\u00a0\/\u00a0<a href=\"https:\/\/edel.fr\/en\/constructeur\/letrika\/\">Letrika<\/a>\u00a0reconnue pour sa fiabilit\u00e9.<\/p><p>D\u00e9marreur John Deere, Renault Claas : 355, 436, 446, 447, 566RZ, 6120.622, 620, 710, 720, 725, 735, 815, 825, Ares 466, Celtis 426, Ceres 335, Ergos 456RZ, Temis 550.<\/p><p><strong>R\u00e9f\u00e9rences constructeur\u00a0<\/strong><\/p><p>CLAAS : 0011230231, 0011271610, 01461400, 11271610.<\/p><p>RENAULT AGRICULTURE\/CLAAS : 77 00 047 132, 77 00 061 622, 77 00 066 115.<\/p><p>Edel vous propose \u00e9galement une large gamme de d\u00e9marreur pour des applications sp\u00e9cifiques, et de diff\u00e9rentes marques.<\/p><p>Donc, pour plus de renseignements, n\u2019h\u00e9sitez pas \u00e0 nous consulter !<\/p>\t\t\t\t\t\t\t\t<\/div>\n\t\t\t\t<\/div>\n\t\t\t\t\t<\/div>\n\t\t<\/div>\n\t\t\t\t\t<\/div>\n\t\t<\/section>\n\t\t\t\t<\/div>","protected":false},"excerpt":{"rendered":"<p>D\u00e9marreur John Deere, Renault Claas Information du produit : 12 Volt \/ 3 Kw, Fixation 2 Trous Le d\u00e9marreur de votre tracteur est indispensable, le tracteur ne pourra pas d\u00e9marrer correctement si le d\u00e9marreur n&rsquo;est pas fonctionnel. Il se pr\u00e9sente sous la forme d\u2019un petit moteur \u00e9lectrique, rattach\u00e9 au volant moteur. Il est directement aliment\u00e9<br \/><a class=\"more-link\" href=\"https:\/\/edel.fr\/en\/product\/demarreur-john-deererenault-claas-volt-kw-12-3-fixation-2-trous\/\"><br \/>\n        Read More<span class=\"screen-reader-text\"> \u00ab\u00a0D\u00e9marreur John Deere, Renault Claas &#8211; 12V \/ 3Kw, Fixation 2 Trous\u00a0\u00bb<\/span><\/a><\/p>","protected":false},"featured_media":5664,"template":"","meta":[],"product_brand":[],"product_cat":[4002,4011,165,154,119],"product_tag":[2460,180],"tracteur":[],"class_list":{"0":"post-5933","1":"product","2":"type-product","3":"status-publish","4":"has-post-thumbnail","6":"product_cat-demarreur-john-deere","7":"product_cat-demarreur-renault-claas","8":"product_cat-demarreurs","9":"product_cat-electricite","10":"product_cat-tracteurs-agricoles","11":"product_tag-demarreurs","12":"product_tag-electricite","13":"product_shipping_class-142","14":"pa_fabriquant-mahle","15":"pa_marque-tracteur-john-deere","16":"pa_marque-tracteur-renault-claas","17":"pa_modele-tracteur-ares","18":"pa_modele-tracteur-celtis","19":"pa_modele-tracteur-ceres","20":"pa_modele-tracteur-ergos","21":"pa_modele-tracteur-temis","22":"pa_type-2-1883","23":"pa_type-2-2188","24":"pa_type-2-1475","25":"pa_type-2-2196","26":"pa_type-2-566rz","27":"pa_type-2-6120-622","28":"pa_type-2-1584","29":"pa_type-2-1785","30":"pa_type-2-1538","31":"pa_type-2-2198","32":"pa_type-2-1803","33":"pa_type-2-2199","34":"pa_type-2-2200","35":"pa_type-2-ares-466","36":"pa_type-2-celtis-426","37":"pa_type-2-ceres-335","38":"pa_type-2-ergos-456rz","39":"pa_type-2-temis-550","40":"badges-style-2","42":"first","43":"instock","44":"taxable","45":"shipping-taxable","46":"purchasable","47":"product-type-simple"},"acf":[],"yoast_head":"<!-- This site is optimized with the Yoast SEO plugin v27.3 - https:\/\/yoast.com\/product\/yoast-seo-wordpress\/ -->\n<title>D\u00e9marreur John Deere, Renault Claas - 12V \/ 3Kw, Fixation 2 Trous - Edel<\/title>\n<meta name=\"description\" content=\"D\u00e9marreur John Deere, Renault Claas - 12V \/ 3Kw, Fixation 2 Trous - 355 436 446 566RZ 620 710 720 725 735 815 825 Ares 466 Celtis 426 Ceres 335 Ergos 456RZ\" \/>\n<meta name=\"robots\" content=\"index, follow, max-snippet:-1, max-image-preview:large, max-video-preview:-1\" \/>\n<link rel=\"canonical\" href=\"https:\/\/edel.fr\/en\/product\/demarreur-john-deererenault-claas-volt-kw-12-3-fixation-2-trous\/\" \/>\n<meta property=\"og:locale\" content=\"en_US\" \/>\n<meta property=\"og:type\" content=\"article\" \/>\n<meta property=\"og:title\" content=\"D\u00e9marreur John Deere, Renault Claas - 12V \/ 3Kw, Fixation 2 Trous - Edel\" \/>\n<meta property=\"og:description\" content=\"D\u00e9marreur John Deere, Renault Claas - 12V \/ 3Kw, Fixation 2 Trous - 355 436 446 566RZ 620 710 720 725 735 815 825 Ares 466 Celtis 426 Ceres 335 Ergos 456RZ\" \/>\n<meta property=\"og:url\" content=\"https:\/\/edel.fr\/en\/product\/demarreur-john-deererenault-claas-volt-kw-12-3-fixation-2-trous\/\" \/>\n<meta property=\"og:site_name\" content=\"Edel\" \/>\n<meta property=\"article:modified_time\" content=\"2026-03-14T01:00:40+00:00\" \/>\n<meta property=\"og:image\" content=\"https:\/\/edel.fr\/uploads\/2019\/03\/D38.jpg\" \/>\n\t<meta property=\"og:image:width\" content=\"1920\" \/>\n\t<meta property=\"og:image:height\" content=\"1280\" \/>\n\t<meta property=\"og:image:type\" content=\"image\/jpeg\" \/>\n<meta name=\"twitter:card\" content=\"summary_large_image\" \/>\n<meta name=\"twitter:label1\" content=\"Est. reading time\" \/>\n\t<meta name=\"twitter:data1\" content=\"2 minutes\" \/>\n<script type=\"application\/ld+json\" class=\"yoast-schema-graph\">{\"@context\":\"https:\\\/\\\/schema.org\",\"@graph\":[{\"@type\":\"WebPage\",\"@id\":\"https:\\\/\\\/edel.fr\\\/en\\\/product\\\/demarreur-john-deererenault-claas-volt-kw-12-3-fixation-2-trous\\\/\",\"url\":\"https:\\\/\\\/edel.fr\\\/en\\\/product\\\/demarreur-john-deererenault-claas-volt-kw-12-3-fixation-2-trous\\\/\",\"name\":\"D\u00e9marreur John Deere, Renault Claas - 12V \\\/ 3Kw, Fixation 2 Trous - Edel\",\"isPartOf\":{\"@id\":\"https:\\\/\\\/www.edel.fr\\\/en\\\/#website\"},\"primaryImageOfPage\":{\"@id\":\"https:\\\/\\\/edel.fr\\\/en\\\/product\\\/demarreur-john-deererenault-claas-volt-kw-12-3-fixation-2-trous\\\/#primaryimage\"},\"image\":{\"@id\":\"https:\\\/\\\/edel.fr\\\/en\\\/product\\\/demarreur-john-deererenault-claas-volt-kw-12-3-fixation-2-trous\\\/#primaryimage\"},\"thumbnailUrl\":\"https:\\\/\\\/edel.fr\\\/uploads\\\/2019\\\/03\\\/D38.jpg\",\"datePublished\":\"2019-03-11T08:24:31+00:00\",\"dateModified\":\"2026-03-14T01:00:40+00:00\",\"description\":\"D\u00e9marreur John Deere, Renault Claas - 12V \\\/ 3Kw, Fixation 2 Trous - 355 436 446 566RZ 620 710 720 725 735 815 825 Ares 466 Celtis 426 Ceres 335 Ergos 456RZ\",\"breadcrumb\":{\"@id\":\"https:\\\/\\\/edel.fr\\\/en\\\/product\\\/demarreur-john-deererenault-claas-volt-kw-12-3-fixation-2-trous\\\/#breadcrumb\"},\"inLanguage\":\"en-US\",\"potentialAction\":[{\"@type\":\"ReadAction\",\"target\":[\"https:\\\/\\\/edel.fr\\\/en\\\/product\\\/demarreur-john-deererenault-claas-volt-kw-12-3-fixation-2-trous\\\/\"]}]},{\"@type\":\"ImageObject\",\"inLanguage\":\"en-US\",\"@id\":\"https:\\\/\\\/edel.fr\\\/en\\\/product\\\/demarreur-john-deererenault-claas-volt-kw-12-3-fixation-2-trous\\\/#primaryimage\",\"url\":\"https:\\\/\\\/edel.fr\\\/uploads\\\/2019\\\/03\\\/D38.jpg\",\"contentUrl\":\"https:\\\/\\\/edel.fr\\\/uploads\\\/2019\\\/03\\\/D38.jpg\",\"width\":1920,\"height\":1280,\"caption\":\"D\u00e9marreur John Deere, Renault Claas - 12V \\\/ 3Kw, Fixation 2 Trous\"},{\"@type\":\"BreadcrumbList\",\"@id\":\"https:\\\/\\\/edel.fr\\\/en\\\/product\\\/demarreur-john-deererenault-claas-volt-kw-12-3-fixation-2-trous\\\/#breadcrumb\",\"itemListElement\":[{\"@type\":\"ListItem\",\"position\":1,\"name\":\"Pi\u00e8ce Tracteur\",\"item\":\"https:\\\/\\\/www.edel.fr\\\/en\\\/\"},{\"@type\":\"ListItem\",\"position\":2,\"name\":\"Toutes nos pi\u00e8ces Tracteur\",\"item\":\"https:\\\/\\\/edel.fr\\\/shop\\\/\"},{\"@type\":\"ListItem\",\"position\":3,\"name\":\"D\u00e9marreur John Deere, Renault Claas &#8211; 12V \\\/ 3Kw, Fixation 2 Trous\"}]},{\"@type\":\"WebSite\",\"@id\":\"https:\\\/\\\/www.edel.fr\\\/en\\\/#website\",\"url\":\"https:\\\/\\\/www.edel.fr\\\/en\\\/\",\"name\":\"Edel\",\"description\":\"Pi\u00e8ce d\u00e9tach\u00e9e de Tracteur Agricole\",\"publisher\":{\"@id\":\"https:\\\/\\\/www.edel.fr\\\/en\\\/#organization\"},\"potentialAction\":[{\"@type\":\"SearchAction\",\"target\":{\"@type\":\"EntryPoint\",\"urlTemplate\":\"https:\\\/\\\/www.edel.fr\\\/en\\\/?s={search_term_string}\"},\"query-input\":{\"@type\":\"PropertyValueSpecification\",\"valueRequired\":true,\"valueName\":\"search_term_string\"}}],\"inLanguage\":\"en-US\"},{\"@type\":\"Organization\",\"@id\":\"https:\\\/\\\/www.edel.fr\\\/en\\\/#organization\",\"name\":\"Edel\",\"url\":\"https:\\\/\\\/www.edel.fr\\\/en\\\/\",\"logo\":{\"@type\":\"ImageObject\",\"inLanguage\":\"en-US\",\"@id\":\"https:\\\/\\\/www.edel.fr\\\/en\\\/#\\\/schema\\\/logo\\\/image\\\/\",\"url\":\"https:\\\/\\\/www.edel.fr\\\/uploads\\\/2018\\\/11\\\/logo-edel.png\",\"contentUrl\":\"https:\\\/\\\/www.edel.fr\\\/uploads\\\/2018\\\/11\\\/logo-edel.png\",\"width\":257,\"height\":68,\"caption\":\"Edel\"},\"image\":{\"@id\":\"https:\\\/\\\/www.edel.fr\\\/en\\\/#\\\/schema\\\/logo\\\/image\\\/\"}}]}<\/script>\n<!-- \/ Yoast SEO plugin. -->","yoast_head_json":{"title":"D\u00e9marreur John Deere, Renault Claas - 12V \/ 3Kw, Fixation 2 Trous - Edel","description":"D\u00e9marreur John Deere, Renault Claas - 12V \/ 3Kw, Fixation 2 Trous - 355 436 446 566RZ 620 710 720 725 735 815 825 Ares 466 Celtis 426 Ceres 335 Ergos 456RZ","robots":{"index":"index","follow":"follow","max-snippet":"max-snippet:-1","max-image-preview":"max-image-preview:large","max-video-preview":"max-video-preview:-1"},"canonical":"https:\/\/edel.fr\/en\/product\/demarreur-john-deererenault-claas-volt-kw-12-3-fixation-2-trous\/","og_locale":"en_US","og_type":"article","og_title":"D\u00e9marreur John Deere, Renault Claas - 12V \/ 3Kw, Fixation 2 Trous - Edel","og_description":"D\u00e9marreur John Deere, Renault Claas - 12V \/ 3Kw, Fixation 2 Trous - 355 436 446 566RZ 620 710 720 725 735 815 825 Ares 466 Celtis 426 Ceres 335 Ergos 456RZ","og_url":"https:\/\/edel.fr\/en\/product\/demarreur-john-deererenault-claas-volt-kw-12-3-fixation-2-trous\/","og_site_name":"Edel","article_modified_time":"2026-03-14T01:00:40+00:00","og_image":[{"width":1920,"height":1280,"url":"https:\/\/edel.fr\/uploads\/2019\/03\/D38.jpg","type":"image\/jpeg"}],"twitter_card":"summary_large_image","twitter_misc":{"Est. reading time":"2 minutes"},"schema":{"@context":"https:\/\/schema.org","@graph":[{"@type":"WebPage","@id":"https:\/\/edel.fr\/en\/product\/demarreur-john-deererenault-claas-volt-kw-12-3-fixation-2-trous\/","url":"https:\/\/edel.fr\/en\/product\/demarreur-john-deererenault-claas-volt-kw-12-3-fixation-2-trous\/","name":"D\u00e9marreur John Deere, Renault Claas - 12V \/ 3Kw, Fixation 2 Trous - Edel","isPartOf":{"@id":"https:\/\/www.edel.fr\/en\/#website"},"primaryImageOfPage":{"@id":"https:\/\/edel.fr\/en\/product\/demarreur-john-deererenault-claas-volt-kw-12-3-fixation-2-trous\/#primaryimage"},"image":{"@id":"https:\/\/edel.fr\/en\/product\/demarreur-john-deererenault-claas-volt-kw-12-3-fixation-2-trous\/#primaryimage"},"thumbnailUrl":"https:\/\/edel.fr\/uploads\/2019\/03\/D38.jpg","datePublished":"2019-03-11T08:24:31+00:00","dateModified":"2026-03-14T01:00:40+00:00","description":"D\u00e9marreur John Deere, Renault Claas - 12V \/ 3Kw, Fixation 2 Trous - 355 436 446 566RZ 620 710 720 725 735 815 825 Ares 466 Celtis 426 Ceres 335 Ergos 456RZ","breadcrumb":{"@id":"https:\/\/edel.fr\/en\/product\/demarreur-john-deererenault-claas-volt-kw-12-3-fixation-2-trous\/#breadcrumb"},"inLanguage":"en-US","potentialAction":[{"@type":"ReadAction","target":["https:\/\/edel.fr\/en\/product\/demarreur-john-deererenault-claas-volt-kw-12-3-fixation-2-trous\/"]}]},{"@type":"ImageObject","inLanguage":"en-US","@id":"https:\/\/edel.fr\/en\/product\/demarreur-john-deererenault-claas-volt-kw-12-3-fixation-2-trous\/#primaryimage","url":"https:\/\/edel.fr\/uploads\/2019\/03\/D38.jpg","contentUrl":"https:\/\/edel.fr\/uploads\/2019\/03\/D38.jpg","width":1920,"height":1280,"caption":"D\u00e9marreur John Deere, Renault Claas - 12V \/ 3Kw, Fixation 2 Trous"},{"@type":"BreadcrumbList","@id":"https:\/\/edel.fr\/en\/product\/demarreur-john-deererenault-claas-volt-kw-12-3-fixation-2-trous\/#breadcrumb","itemListElement":[{"@type":"ListItem","position":1,"name":"Pi\u00e8ce Tracteur","item":"https:\/\/www.edel.fr\/en\/"},{"@type":"ListItem","position":2,"name":"Toutes nos pi\u00e8ces Tracteur","item":"https:\/\/edel.fr\/shop\/"},{"@type":"ListItem","position":3,"name":"D\u00e9marreur John Deere, Renault Claas &#8211; 12V \/ 3Kw, Fixation 2 Trous"}]},{"@type":"WebSite","@id":"https:\/\/www.edel.fr\/en\/#website","url":"https:\/\/www.edel.fr\/en\/","name":"Edel","description":"Pi\u00e8ce d\u00e9tach\u00e9e de Tracteur Agricole","publisher":{"@id":"https:\/\/www.edel.fr\/en\/#organization"},"potentialAction":[{"@type":"SearchAction","target":{"@type":"EntryPoint","urlTemplate":"https:\/\/www.edel.fr\/en\/?s={search_term_string}"},"query-input":{"@type":"PropertyValueSpecification","valueRequired":true,"valueName":"search_term_string"}}],"inLanguage":"en-US"},{"@type":"Organization","@id":"https:\/\/www.edel.fr\/en\/#organization","name":"Edel","url":"https:\/\/www.edel.fr\/en\/","logo":{"@type":"ImageObject","inLanguage":"en-US","@id":"https:\/\/www.edel.fr\/en\/#\/schema\/logo\/image\/","url":"https:\/\/www.edel.fr\/uploads\/2018\/11\/logo-edel.png","contentUrl":"https:\/\/www.edel.fr\/uploads\/2018\/11\/logo-edel.png","width":257,"height":68,"caption":"Edel"},"image":{"@id":"https:\/\/www.edel.fr\/en\/#\/schema\/logo\/image\/"}}]}},"_links":{"self":[{"href":"https:\/\/edel.fr\/en\/wp-json\/wp\/v2\/product\/5933","targetHints":{"allow":["GET"]}}],"collection":[{"href":"https:\/\/edel.fr\/en\/wp-json\/wp\/v2\/product"}],"about":[{"href":"https:\/\/edel.fr\/en\/wp-json\/wp\/v2\/types\/product"}],"version-history":[{"count":2,"href":"https:\/\/edel.fr\/en\/wp-json\/wp\/v2\/product\/5933\/revisions"}],"predecessor-version":[{"id":15112,"href":"https:\/\/edel.fr\/en\/wp-json\/wp\/v2\/product\/5933\/revisions\/15112"}],"wp:featuredmedia":[{"embeddable":true,"href":"https:\/\/edel.fr\/en\/wp-json\/wp\/v2\/media\/5664"}],"wp:attachment":[{"href":"https:\/\/edel.fr\/en\/wp-json\/wp\/v2\/media?parent=5933"}],"wp:term":[{"taxonomy":"product_brand","embeddable":true,"href":"https:\/\/edel.fr\/en\/wp-json\/wp\/v2\/product_brand?post=5933"},{"taxonomy":"product_cat","embeddable":true,"href":"https:\/\/edel.fr\/en\/wp-json\/wp\/v2\/product_cat?post=5933"},{"taxonomy":"product_tag","embeddable":true,"href":"https:\/\/edel.fr\/en\/wp-json\/wp\/v2\/product_tag?post=5933"},{"taxonomy":"tracteur","embeddable":true,"href":"https:\/\/edel.fr\/en\/wp-json\/wp\/v2\/tracteur?post=5933"}],"curies":[{"name":"wp","href":"https:\/\/api.w.org\/{rel}","templated":true}]}}