{"id":5936,"date":"2019-03-11T09:24:31","date_gmt":"2019-03-11T08:24:31","guid":{"rendered":"http:\/\/edel.stephanie.ct.webcd.lan\/shop\/demarreur-case-ih-volt-kw-12-3-moteur-cummins\/"},"modified":"2026-02-21T02:00:30","modified_gmt":"2026-02-21T01:00:30","slug":"demarreur-case-ih-volt-kw-12-3-moteur-cummins","status":"publish","type":"product","link":"https:\/\/edel.fr\/en\/product\/demarreur-case-ih-volt-kw-12-3-moteur-cummins\/","title":{"rendered":"Case IH | D\u00e9marreur 12 Volt \/ 3,2 Kw r\u00e9duct\u00e9 Cummins &#8211; Tracteur"},"content":{"rendered":"<div data-elementor-type=\"wp-post\" data-elementor-id=\"5936\" class=\"elementor elementor-5936\">\n\t\t\t\t\t\t<section class=\"elementor-section elementor-top-section elementor-element elementor-element-24542a28 elementor-section-boxed elementor-section-height-default elementor-section-height-default\" data-id=\"24542a28\" data-element_type=\"section\" data-e-type=\"section\">\n\t\t\t\t\t\t<div class=\"elementor-container elementor-column-gap-default\">\n\t\t\t\t\t<div class=\"elementor-column elementor-col-100 elementor-top-column elementor-element elementor-element-37d62fb3\" data-id=\"37d62fb3\" data-element_type=\"column\" data-e-type=\"column\">\n\t\t\t<div class=\"elementor-widget-wrap elementor-element-populated\">\n\t\t\t\t\t\t<div class=\"elementor-element elementor-element-630b7649 elementor-widget elementor-widget-heading\" data-id=\"630b7649\" data-element_type=\"widget\" data-e-type=\"widget\" data-widget_type=\"heading.default\">\n\t\t\t\t<div class=\"elementor-widget-container\">\n\t\t\t\t\t<h2 class=\"elementor-heading-title elementor-size-default\">Case Ih | D\u00e9marreur<\/h2>\t\t\t\t<\/div>\n\t\t\t\t<\/div>\n\t\t\t\t<div class=\"elementor-element elementor-element-67dd654b elementor-widget elementor-widget-heading\" data-id=\"67dd654b\" data-element_type=\"widget\" data-e-type=\"widget\" data-widget_type=\"heading.default\">\n\t\t\t\t<div class=\"elementor-widget-container\">\n\t\t\t\t\t<h3 class=\"elementor-heading-title elementor-size-default\">Information du produit :<\/h3>\t\t\t\t<\/div>\n\t\t\t\t<\/div>\n\t\t\t\t\t<\/div>\n\t\t<\/div>\n\t\t\t\t\t<\/div>\n\t\t<\/section>\n\t\t\t\t<section class=\"elementor-section elementor-top-section elementor-element elementor-element-6a27a53d elementor-section-boxed elementor-section-height-default elementor-section-height-default\" data-id=\"6a27a53d\" data-element_type=\"section\" data-e-type=\"section\">\n\t\t\t\t\t\t<div class=\"elementor-container elementor-column-gap-default\">\n\t\t\t\t\t<div class=\"elementor-column elementor-col-100 elementor-top-column elementor-element elementor-element-445c6ad8\" data-id=\"445c6ad8\" data-element_type=\"column\" data-e-type=\"column\">\n\t\t\t<div class=\"elementor-widget-wrap elementor-element-populated\">\n\t\t\t\t\t\t<div class=\"elementor-element elementor-element-14e341cf elementor-widget elementor-widget-text-editor\" data-id=\"14e341cf\" data-element_type=\"widget\" data-e-type=\"widget\" data-widget_type=\"text-editor.default\">\n\t\t\t\t<div class=\"elementor-widget-container\">\n\t\t\t\t\t\t\t\t\t<p><strong>12 Volt \/ 3,2 Kw, r\u00e9duct\u00e9<\/strong><\/p><p><strong>Moteur Cummins <\/strong><\/p><p>Le d\u00e9marreur de votre tracteur est indispensable, le tracteur ne pourra pas d\u00e9marrer correctement si le d\u00e9marreur n&rsquo;est pas fonctionnel. Il se pr\u00e9sente sous la forme d\u2019un petit moteur \u00e9lectrique, rattach\u00e9 au volant moteur. Il est directement aliment\u00e9 par la batterie et il a pour r\u00f4le de mettre en marche le moteur\u00a0de votre tracteur.<\/p><p>Pour trouver le bon <strong>d\u00e9marreur tracteur<\/strong> qui s\u2019adaptera au mieux \u00e0 votre engin agricole, il est \u00e9galement pr\u00e9f\u00e9rable de se r\u00e9f\u00e9rer \u00e0 sa r\u00e9f\u00e9rence d\u2019origine. Elle est en g\u00e9n\u00e9ral inscrite sur le d\u00e9marreur. Sans cette r\u00e9f\u00e9rence, il faudra vous appuyer sur la marque et le mod\u00e8le de votre <strong>tracteur agricole.<\/strong><\/p><p>Avant le d\u00e9montage de votre d\u00e9marreur, nous vous conseillons d&rsquo;abord de d\u00e9brancher votre batterie. Mais aussi de rep\u00e9rer les diff\u00e9rents branchements d\u2019alimentation du d\u00e9marreur.<\/p><p>Pour choisir son <strong>d\u00e9marreur de tracteur<\/strong>, il faut choisir entre les d\u00e9marreurs classiques ou les <strong>d\u00e9marreurs avec r\u00e9ducteur droit ou d\u00e9cal\u00e9.<\/strong><\/p><p>Il est possible de changer le d\u00e9marreur classique par un <strong>d\u00e9marreur avec r\u00e9ducteur.<\/strong> Par exemple, sur un <strong>tracteur ancien<\/strong>, cela lui simplifiera consid\u00e9rablement son d\u00e9marrage.<\/p><p>C\u2019est pourquoi nous vous proposons une pi\u00e8ce de marque\u00a0<a href=\"https:\/\/edel.fr\/en\/constructeur\/mahle\/\">Mahle<\/a>\u00a0\/\u00a0<a href=\"https:\/\/edel.fr\/en\/constructeur\/letrika\/\">Letrika<\/a> reconnue pour sa fiabilit\u00e9. Ce d\u00e9marreur est aussi compatible avec les tracteurs et les moissonneuses-batteuses \u00e9quip\u00e9s de moteurs Cummins Case.<\/p><p>Case Ih : 5120, 580, 580K.<\/p><h4><strong>R\u00e9f\u00e9rences constructeur\u00a0<\/strong><\/h4><p>BOMAG : 317 801 57<\/p><p>BOSCH : 0001326331, 0001362319, 0001367079, SR 9943 X, SR 9973 X.<\/p><p>CARGO : 110627, 112267.<\/p><p>CASE : 116 930 A1, A 187 549, A 47 496, R 393 41.<\/p><p>CUMMINS : 0191-2346, 2346, 3 283 329, 3 283 330, 3 604 481 RX, 3 604 482 RX, 3 604 648, 3 604 648 RX, 3 604 654, 3 604 654 RX, 3 901 365, 3 901 386, 3 904 445, 3 905 480, 3 916 854, 3 935 070.<\/p><p>DELCO REMY : 10461497, 10465026, 10465043, 10465399, 10465403, 10465407, 10479621, 1113276, 1113292.<\/p><p>DENSO : 028000-5880, 028000-5881, 028000-5882, 028000-5883, 028000-5884, 28000-5880, 28000-5881, 28000-5882, 28000-5883, 28000-5884.<\/p><p>DIXIE : 201-28106<\/p><p>FORD : E3 TF 11000 AA, E3 TU 11000 AA, E3 TZ 1100 2B, E4 TF 11000 AA.<\/p><p>HELLA : 8EA 730 322-001, US 845.<\/p><p>LESTER : 16658, 17037, 32295, 32296, 3300, 6573, 6583, 6869.<\/p><p>LUCAS : LRS01256<\/p><p>MERCURY : 50805991<\/p><p>MITSUBISHI : M3T90071, M3T90072.<\/p><p>ONAN (USA) : A051Z3186<\/p><p>PRESTOLITE : 35258940<\/p><p>WHITE : 30-3480429-1<\/p><p>WILSON : 91-01-4313, 91-01-4366, 91-04-7807, 91-15-7202, 91-27-3039, 91-29-3035.<\/p><p>Edel vous propose \u00e9galement une large gamme de d\u00e9marreur pour des applications sp\u00e9cifiques, et de diff\u00e9rentes marques.<\/p><p>Donc, pour plus de renseignements, n\u2019h\u00e9sitez pas \u00e0 nous consulter !<\/p>\t\t\t\t\t\t\t\t<\/div>\n\t\t\t\t<\/div>\n\t\t\t\t\t<\/div>\n\t\t<\/div>\n\t\t\t\t\t<\/div>\n\t\t<\/section>\n\t\t\t\t<\/div>","protected":false},"excerpt":{"rendered":"<p>Case Ih | D\u00e9marreur Information du produit : 12 Volt \/ 3,2 Kw, r\u00e9duct\u00e9 Moteur Cummins Le d\u00e9marreur de votre tracteur est indispensable, le tracteur ne pourra pas d\u00e9marrer correctement si le d\u00e9marreur n&rsquo;est pas fonctionnel. Il se pr\u00e9sente sous la forme d\u2019un petit moteur \u00e9lectrique, rattach\u00e9 au volant moteur. Il est directement aliment\u00e9 par<br \/><a class=\"more-link\" href=\"https:\/\/edel.fr\/en\/product\/demarreur-case-ih-volt-kw-12-3-moteur-cummins\/\"><br \/>\n        Read More<span class=\"screen-reader-text\"> \u00ab\u00a0Case IH | D\u00e9marreur 12 Volt \/ 3,2 Kw r\u00e9duct\u00e9 Cummins &#8211; Tracteur\u00a0\u00bb<\/span><\/a><\/p>","protected":false},"featured_media":5666,"template":"","meta":[],"product_brand":[],"product_cat":[3994,165,154,119],"product_tag":[2460,180],"tracteur":[],"class_list":{"0":"post-5936","1":"product","2":"type-product","3":"status-publish","4":"has-post-thumbnail","6":"product_cat-demarreur-case-ih","7":"product_cat-demarreurs","8":"product_cat-electricite","9":"product_cat-tracteurs-agricoles","10":"product_tag-demarreurs","11":"product_tag-electricite","12":"product_shipping_class-142","13":"pa_fabriquant-mahle","14":"pa_marque-tracteur-case-ih","15":"pa_modele-tracteur-tractopelle","16":"pa_type-2-1871","17":"pa_type-2-1168","18":"pa_type-2-580k","19":"badges-style-2","21":"first","22":"instock","23":"taxable","24":"shipping-taxable","25":"purchasable","26":"product-type-simple"},"acf":[],"yoast_head":"<!-- This site is optimized with the Yoast SEO plugin v27.3 - https:\/\/yoast.com\/product\/yoast-seo-wordpress\/ -->\n<title>Case IH | D\u00e9marreur 12 Volt \/ 3,2 Kw r\u00e9duct\u00e9 Cummins - Tracteur - Edel<\/title>\n<meta name=\"description\" content=\"Case Ih | D\u00e9marreur 12 Volt \/ 3 Kw, Moteur Cummins - 5120, 580, 580K - 116 930 A1, A 187 549, A 47 496, R 393 41, 0001326331 - Tracteur Agricole\" \/>\n<meta name=\"robots\" content=\"index, follow, max-snippet:-1, max-image-preview:large, max-video-preview:-1\" \/>\n<link rel=\"canonical\" href=\"https:\/\/edel.fr\/en\/product\/demarreur-case-ih-volt-kw-12-3-moteur-cummins\/\" \/>\n<meta property=\"og:locale\" content=\"en_US\" \/>\n<meta property=\"og:type\" content=\"article\" \/>\n<meta property=\"og:title\" content=\"Case IH | D\u00e9marreur 12 Volt \/ 3,2 Kw r\u00e9duct\u00e9 Cummins - Tracteur - Edel\" \/>\n<meta property=\"og:description\" content=\"Case Ih | D\u00e9marreur 12 Volt \/ 3 Kw, Moteur Cummins - 5120, 580, 580K - 116 930 A1, A 187 549, A 47 496, R 393 41, 0001326331 - Tracteur Agricole\" \/>\n<meta property=\"og:url\" content=\"https:\/\/edel.fr\/en\/product\/demarreur-case-ih-volt-kw-12-3-moteur-cummins\/\" \/>\n<meta property=\"og:site_name\" content=\"Edel\" \/>\n<meta property=\"article:modified_time\" content=\"2026-02-21T01:00:30+00:00\" \/>\n<meta property=\"og:image\" content=\"https:\/\/edel.fr\/uploads\/2019\/03\/D41.jpg\" \/>\n\t<meta property=\"og:image:width\" content=\"1920\" \/>\n\t<meta property=\"og:image:height\" content=\"1280\" \/>\n\t<meta property=\"og:image:type\" content=\"image\/jpeg\" \/>\n<meta name=\"twitter:card\" content=\"summary_large_image\" \/>\n<meta name=\"twitter:label1\" content=\"Est. reading time\" \/>\n\t<meta name=\"twitter:data1\" content=\"3 minutes\" \/>\n<script type=\"application\/ld+json\" class=\"yoast-schema-graph\">{\"@context\":\"https:\\\/\\\/schema.org\",\"@graph\":[{\"@type\":\"WebPage\",\"@id\":\"https:\\\/\\\/edel.fr\\\/en\\\/product\\\/demarreur-case-ih-volt-kw-12-3-moteur-cummins\\\/\",\"url\":\"https:\\\/\\\/edel.fr\\\/en\\\/product\\\/demarreur-case-ih-volt-kw-12-3-moteur-cummins\\\/\",\"name\":\"Case IH | D\u00e9marreur 12 Volt \\\/ 3,2 Kw r\u00e9duct\u00e9 Cummins - Tracteur - Edel\",\"isPartOf\":{\"@id\":\"https:\\\/\\\/www.edel.fr\\\/en\\\/#website\"},\"primaryImageOfPage\":{\"@id\":\"https:\\\/\\\/edel.fr\\\/en\\\/product\\\/demarreur-case-ih-volt-kw-12-3-moteur-cummins\\\/#primaryimage\"},\"image\":{\"@id\":\"https:\\\/\\\/edel.fr\\\/en\\\/product\\\/demarreur-case-ih-volt-kw-12-3-moteur-cummins\\\/#primaryimage\"},\"thumbnailUrl\":\"https:\\\/\\\/edel.fr\\\/uploads\\\/2019\\\/03\\\/D41.jpg\",\"datePublished\":\"2019-03-11T08:24:31+00:00\",\"dateModified\":\"2026-02-21T01:00:30+00:00\",\"description\":\"Case Ih | D\u00e9marreur 12 Volt \\\/ 3 Kw, Moteur Cummins - 5120, 580, 580K - 116 930 A1, A 187 549, A 47 496, R 393 41, 0001326331 - Tracteur Agricole\",\"breadcrumb\":{\"@id\":\"https:\\\/\\\/edel.fr\\\/en\\\/product\\\/demarreur-case-ih-volt-kw-12-3-moteur-cummins\\\/#breadcrumb\"},\"inLanguage\":\"en-US\",\"potentialAction\":[{\"@type\":\"ReadAction\",\"target\":[\"https:\\\/\\\/edel.fr\\\/en\\\/product\\\/demarreur-case-ih-volt-kw-12-3-moteur-cummins\\\/\"]}]},{\"@type\":\"ImageObject\",\"inLanguage\":\"en-US\",\"@id\":\"https:\\\/\\\/edel.fr\\\/en\\\/product\\\/demarreur-case-ih-volt-kw-12-3-moteur-cummins\\\/#primaryimage\",\"url\":\"https:\\\/\\\/edel.fr\\\/uploads\\\/2019\\\/03\\\/D41.jpg\",\"contentUrl\":\"https:\\\/\\\/edel.fr\\\/uploads\\\/2019\\\/03\\\/D41.jpg\",\"width\":1920,\"height\":1280,\"caption\":\"Case Ih | D\u00e9marreur 12 Volt \\\/ 3 Kw, Moteur Cummins - Tracteur\"},{\"@type\":\"BreadcrumbList\",\"@id\":\"https:\\\/\\\/edel.fr\\\/en\\\/product\\\/demarreur-case-ih-volt-kw-12-3-moteur-cummins\\\/#breadcrumb\",\"itemListElement\":[{\"@type\":\"ListItem\",\"position\":1,\"name\":\"Pi\u00e8ce Tracteur\",\"item\":\"https:\\\/\\\/www.edel.fr\\\/en\\\/\"},{\"@type\":\"ListItem\",\"position\":2,\"name\":\"Toutes nos pi\u00e8ces Tracteur\",\"item\":\"https:\\\/\\\/edel.fr\\\/shop\\\/\"},{\"@type\":\"ListItem\",\"position\":3,\"name\":\"Case IH | D\u00e9marreur 12 Volt \\\/ 3,2 Kw r\u00e9duct\u00e9 Cummins &#8211; Tracteur\"}]},{\"@type\":\"WebSite\",\"@id\":\"https:\\\/\\\/www.edel.fr\\\/en\\\/#website\",\"url\":\"https:\\\/\\\/www.edel.fr\\\/en\\\/\",\"name\":\"Edel\",\"description\":\"Pi\u00e8ce d\u00e9tach\u00e9e de Tracteur Agricole\",\"publisher\":{\"@id\":\"https:\\\/\\\/www.edel.fr\\\/en\\\/#organization\"},\"potentialAction\":[{\"@type\":\"SearchAction\",\"target\":{\"@type\":\"EntryPoint\",\"urlTemplate\":\"https:\\\/\\\/www.edel.fr\\\/en\\\/?s={search_term_string}\"},\"query-input\":{\"@type\":\"PropertyValueSpecification\",\"valueRequired\":true,\"valueName\":\"search_term_string\"}}],\"inLanguage\":\"en-US\"},{\"@type\":\"Organization\",\"@id\":\"https:\\\/\\\/www.edel.fr\\\/en\\\/#organization\",\"name\":\"Edel\",\"url\":\"https:\\\/\\\/www.edel.fr\\\/en\\\/\",\"logo\":{\"@type\":\"ImageObject\",\"inLanguage\":\"en-US\",\"@id\":\"https:\\\/\\\/www.edel.fr\\\/en\\\/#\\\/schema\\\/logo\\\/image\\\/\",\"url\":\"https:\\\/\\\/www.edel.fr\\\/uploads\\\/2018\\\/11\\\/logo-edel.png\",\"contentUrl\":\"https:\\\/\\\/www.edel.fr\\\/uploads\\\/2018\\\/11\\\/logo-edel.png\",\"width\":257,\"height\":68,\"caption\":\"Edel\"},\"image\":{\"@id\":\"https:\\\/\\\/www.edel.fr\\\/en\\\/#\\\/schema\\\/logo\\\/image\\\/\"}}]}<\/script>\n<!-- \/ Yoast SEO plugin. -->","yoast_head_json":{"title":"Case IH | D\u00e9marreur 12 Volt \/ 3,2 Kw r\u00e9duct\u00e9 Cummins - Tracteur - Edel","description":"Case Ih | D\u00e9marreur 12 Volt \/ 3 Kw, Moteur Cummins - 5120, 580, 580K - 116 930 A1, A 187 549, A 47 496, R 393 41, 0001326331 - Tracteur Agricole","robots":{"index":"index","follow":"follow","max-snippet":"max-snippet:-1","max-image-preview":"max-image-preview:large","max-video-preview":"max-video-preview:-1"},"canonical":"https:\/\/edel.fr\/en\/product\/demarreur-case-ih-volt-kw-12-3-moteur-cummins\/","og_locale":"en_US","og_type":"article","og_title":"Case IH | D\u00e9marreur 12 Volt \/ 3,2 Kw r\u00e9duct\u00e9 Cummins - Tracteur - Edel","og_description":"Case Ih | D\u00e9marreur 12 Volt \/ 3 Kw, Moteur Cummins - 5120, 580, 580K - 116 930 A1, A 187 549, A 47 496, R 393 41, 0001326331 - Tracteur Agricole","og_url":"https:\/\/edel.fr\/en\/product\/demarreur-case-ih-volt-kw-12-3-moteur-cummins\/","og_site_name":"Edel","article_modified_time":"2026-02-21T01:00:30+00:00","og_image":[{"width":1920,"height":1280,"url":"https:\/\/edel.fr\/uploads\/2019\/03\/D41.jpg","type":"image\/jpeg"}],"twitter_card":"summary_large_image","twitter_misc":{"Est. reading time":"3 minutes"},"schema":{"@context":"https:\/\/schema.org","@graph":[{"@type":"WebPage","@id":"https:\/\/edel.fr\/en\/product\/demarreur-case-ih-volt-kw-12-3-moteur-cummins\/","url":"https:\/\/edel.fr\/en\/product\/demarreur-case-ih-volt-kw-12-3-moteur-cummins\/","name":"Case IH | D\u00e9marreur 12 Volt \/ 3,2 Kw r\u00e9duct\u00e9 Cummins - Tracteur - Edel","isPartOf":{"@id":"https:\/\/www.edel.fr\/en\/#website"},"primaryImageOfPage":{"@id":"https:\/\/edel.fr\/en\/product\/demarreur-case-ih-volt-kw-12-3-moteur-cummins\/#primaryimage"},"image":{"@id":"https:\/\/edel.fr\/en\/product\/demarreur-case-ih-volt-kw-12-3-moteur-cummins\/#primaryimage"},"thumbnailUrl":"https:\/\/edel.fr\/uploads\/2019\/03\/D41.jpg","datePublished":"2019-03-11T08:24:31+00:00","dateModified":"2026-02-21T01:00:30+00:00","description":"Case Ih | D\u00e9marreur 12 Volt \/ 3 Kw, Moteur Cummins - 5120, 580, 580K - 116 930 A1, A 187 549, A 47 496, R 393 41, 0001326331 - Tracteur Agricole","breadcrumb":{"@id":"https:\/\/edel.fr\/en\/product\/demarreur-case-ih-volt-kw-12-3-moteur-cummins\/#breadcrumb"},"inLanguage":"en-US","potentialAction":[{"@type":"ReadAction","target":["https:\/\/edel.fr\/en\/product\/demarreur-case-ih-volt-kw-12-3-moteur-cummins\/"]}]},{"@type":"ImageObject","inLanguage":"en-US","@id":"https:\/\/edel.fr\/en\/product\/demarreur-case-ih-volt-kw-12-3-moteur-cummins\/#primaryimage","url":"https:\/\/edel.fr\/uploads\/2019\/03\/D41.jpg","contentUrl":"https:\/\/edel.fr\/uploads\/2019\/03\/D41.jpg","width":1920,"height":1280,"caption":"Case Ih | D\u00e9marreur 12 Volt \/ 3 Kw, Moteur Cummins - Tracteur"},{"@type":"BreadcrumbList","@id":"https:\/\/edel.fr\/en\/product\/demarreur-case-ih-volt-kw-12-3-moteur-cummins\/#breadcrumb","itemListElement":[{"@type":"ListItem","position":1,"name":"Pi\u00e8ce Tracteur","item":"https:\/\/www.edel.fr\/en\/"},{"@type":"ListItem","position":2,"name":"Toutes nos pi\u00e8ces Tracteur","item":"https:\/\/edel.fr\/shop\/"},{"@type":"ListItem","position":3,"name":"Case IH | D\u00e9marreur 12 Volt \/ 3,2 Kw r\u00e9duct\u00e9 Cummins &#8211; Tracteur"}]},{"@type":"WebSite","@id":"https:\/\/www.edel.fr\/en\/#website","url":"https:\/\/www.edel.fr\/en\/","name":"Edel","description":"Pi\u00e8ce d\u00e9tach\u00e9e de Tracteur Agricole","publisher":{"@id":"https:\/\/www.edel.fr\/en\/#organization"},"potentialAction":[{"@type":"SearchAction","target":{"@type":"EntryPoint","urlTemplate":"https:\/\/www.edel.fr\/en\/?s={search_term_string}"},"query-input":{"@type":"PropertyValueSpecification","valueRequired":true,"valueName":"search_term_string"}}],"inLanguage":"en-US"},{"@type":"Organization","@id":"https:\/\/www.edel.fr\/en\/#organization","name":"Edel","url":"https:\/\/www.edel.fr\/en\/","logo":{"@type":"ImageObject","inLanguage":"en-US","@id":"https:\/\/www.edel.fr\/en\/#\/schema\/logo\/image\/","url":"https:\/\/www.edel.fr\/uploads\/2018\/11\/logo-edel.png","contentUrl":"https:\/\/www.edel.fr\/uploads\/2018\/11\/logo-edel.png","width":257,"height":68,"caption":"Edel"},"image":{"@id":"https:\/\/www.edel.fr\/en\/#\/schema\/logo\/image\/"}}]}},"_links":{"self":[{"href":"https:\/\/edel.fr\/en\/wp-json\/wp\/v2\/product\/5936","targetHints":{"allow":["GET"]}}],"collection":[{"href":"https:\/\/edel.fr\/en\/wp-json\/wp\/v2\/product"}],"about":[{"href":"https:\/\/edel.fr\/en\/wp-json\/wp\/v2\/types\/product"}],"version-history":[{"count":2,"href":"https:\/\/edel.fr\/en\/wp-json\/wp\/v2\/product\/5936\/revisions"}],"predecessor-version":[{"id":18117,"href":"https:\/\/edel.fr\/en\/wp-json\/wp\/v2\/product\/5936\/revisions\/18117"}],"wp:featuredmedia":[{"embeddable":true,"href":"https:\/\/edel.fr\/en\/wp-json\/wp\/v2\/media\/5666"}],"wp:attachment":[{"href":"https:\/\/edel.fr\/en\/wp-json\/wp\/v2\/media?parent=5936"}],"wp:term":[{"taxonomy":"product_brand","embeddable":true,"href":"https:\/\/edel.fr\/en\/wp-json\/wp\/v2\/product_brand?post=5936"},{"taxonomy":"product_cat","embeddable":true,"href":"https:\/\/edel.fr\/en\/wp-json\/wp\/v2\/product_cat?post=5936"},{"taxonomy":"product_tag","embeddable":true,"href":"https:\/\/edel.fr\/en\/wp-json\/wp\/v2\/product_tag?post=5936"},{"taxonomy":"tracteur","embeddable":true,"href":"https:\/\/edel.fr\/en\/wp-json\/wp\/v2\/tracteur?post=5936"}],"curies":[{"name":"wp","href":"https:\/\/api.w.org\/{rel}","templated":true}]}}