{"id":5942,"date":"2019-03-11T09:24:39","date_gmt":"2019-03-11T08:24:39","guid":{"rendered":"http:\/\/edel.stephanie.ct.webcd.lan\/shop\/demarreur-case-ihford-new-holland-volt-kw-12-3-moteur-cnh\/"},"modified":"2026-03-21T02:00:09","modified_gmt":"2026-03-21T01:00:09","slug":"demarreur-case-ihford-new-holland-volt-kw-12-3-moteur-cnh","status":"publish","type":"product","link":"https:\/\/edel.fr\/en\/product\/demarreur-case-ihford-new-holland-volt-kw-12-3-moteur-cnh\/","title":{"rendered":"D\u00e9marreur &#8211; Case Ih, Ford New Holland &#8211; 12V \/ 4,2Kw Moteur CNH"},"content":{"rendered":"<div data-elementor-type=\"wp-post\" data-elementor-id=\"5942\" class=\"elementor elementor-5942\">\n\t\t\t\t\t\t<section class=\"elementor-section elementor-top-section elementor-element elementor-element-5169bd1e elementor-section-boxed elementor-section-height-default elementor-section-height-default\" data-id=\"5169bd1e\" data-element_type=\"section\" data-e-type=\"section\">\n\t\t\t\t\t\t<div class=\"elementor-container elementor-column-gap-default\">\n\t\t\t\t\t<div class=\"elementor-column elementor-col-100 elementor-top-column elementor-element elementor-element-5f2223cf\" data-id=\"5f2223cf\" data-element_type=\"column\" data-e-type=\"column\">\n\t\t\t<div class=\"elementor-widget-wrap elementor-element-populated\">\n\t\t\t\t\t\t<div class=\"elementor-element elementor-element-2529c032 elementor-widget elementor-widget-heading\" data-id=\"2529c032\" data-element_type=\"widget\" data-e-type=\"widget\" data-widget_type=\"heading.default\">\n\t\t\t\t<div class=\"elementor-widget-container\">\n\t\t\t\t\t<h2 class=\"elementor-heading-title elementor-size-default\">D\u00e9marreur - Case Ih, Ford New Holland<\/h2>\t\t\t\t<\/div>\n\t\t\t\t<\/div>\n\t\t\t\t<div class=\"elementor-element elementor-element-4adc1904 elementor-widget elementor-widget-heading\" data-id=\"4adc1904\" data-element_type=\"widget\" data-e-type=\"widget\" data-widget_type=\"heading.default\">\n\t\t\t\t<div class=\"elementor-widget-container\">\n\t\t\t\t\t<h3 class=\"elementor-heading-title elementor-size-default\">Information du produit :<\/h3>\t\t\t\t<\/div>\n\t\t\t\t<\/div>\n\t\t\t\t\t<\/div>\n\t\t<\/div>\n\t\t\t\t\t<\/div>\n\t\t<\/section>\n\t\t\t\t<section class=\"elementor-section elementor-top-section elementor-element elementor-element-56ec5741 elementor-section-boxed elementor-section-height-default elementor-section-height-default\" data-id=\"56ec5741\" data-element_type=\"section\" data-e-type=\"section\">\n\t\t\t\t\t\t<div class=\"elementor-container elementor-column-gap-default\">\n\t\t\t\t\t<div class=\"elementor-column elementor-col-100 elementor-top-column elementor-element elementor-element-15843d64\" data-id=\"15843d64\" data-element_type=\"column\" data-e-type=\"column\">\n\t\t\t<div class=\"elementor-widget-wrap elementor-element-populated\">\n\t\t\t\t\t\t<div class=\"elementor-element elementor-element-9e1b553 elementor-widget elementor-widget-text-editor\" data-id=\"9e1b553\" data-element_type=\"widget\" data-e-type=\"widget\" data-widget_type=\"text-editor.default\">\n\t\t\t\t<div class=\"elementor-widget-container\">\n\t\t\t\t\t\t\t\t\t<p><strong>12 Volt \/ 4,2 Kw, Moteur CNH<\/strong><\/p><p>Le d\u00e9marreur de votre tracteur est indispensable, le tracteur ne pourra pas d\u00e9marrer correctement si le d\u00e9marreur n&rsquo;est pas fonctionnel. Il se pr\u00e9sente sous la forme d\u2019un petit moteur \u00e9lectrique, rattach\u00e9 au volant moteur. Il est directement aliment\u00e9 par la batterie et il a pour r\u00f4le de mettre en marche le moteur\u00a0de votre tracteur.<\/p><p>Pour trouver le bon <strong>d\u00e9marreur tracteur<\/strong> qui s\u2019adaptera au mieux \u00e0 votre engin agricole, il est \u00e9galement pr\u00e9f\u00e9rable de se r\u00e9f\u00e9rer \u00e0 sa r\u00e9f\u00e9rence d\u2019origine. Elle est en g\u00e9n\u00e9ral inscrite sur le d\u00e9marreur. Sans cette r\u00e9f\u00e9rence, il faudra vous appuyer sur la marque et le mod\u00e8le de votre <strong>tracteur agricole.<\/strong><\/p><p>Avant le d\u00e9montage de votre d\u00e9marreur, nous vous conseillons d&rsquo;abord de d\u00e9brancher votre batterie. Mais aussi de rep\u00e9rer les diff\u00e9rents branchements d\u2019alimentation du d\u00e9marreur.<\/p><p>Pour choisir son <strong>d\u00e9marreur de tracteur<\/strong>, il faut choisir entre les d\u00e9marreurs classiques ou les <strong>d\u00e9marreurs avec r\u00e9ducteur droit ou d\u00e9cal\u00e9.<\/strong><\/p><p>Il est possible de changer le d\u00e9marreur classique par un <strong>d\u00e9marreur avec r\u00e9ducteur.<\/strong> Par exemple, sur un <strong>tracteur ancien<\/strong>, cela lui simplifiera consid\u00e9rablement son d\u00e9marrage.<\/p><p>C\u2019est pourquoi nous vous proposons une pi\u00e8ce de marque\u00a0<a href=\"https:\/\/edel.fr\/en\/constructeur\/mahle\/\">Mahle<\/a>\u00a0\/\u00a0<a href=\"https:\/\/edel.fr\/en\/constructeur\/letrika\/\">Letrika<\/a>\u00a0reconnue pour sa fiabilit\u00e9.<\/p><p>D\u00e9marreur &#8211; Case Ih, Ford New Holland : CS110, CS120, CS130, CS150, M135, MX115, N100, N135, TM115, TM120, TM125, TM135, TM160, TM165, TS100, TS110, TS115, TS150, TS400, TW25, TW30.<\/p><p><strong>R\u00e9f\u00e9rences constructeur\u00a0<\/strong><\/p><p>LUCAS : 26 147, 26 189, 26 364, LRS00230, LRS01637.<\/p><p>Edel vous propose \u00e9galement une large gamme de d\u00e9marreur pour des applications sp\u00e9cifiques, et de diff\u00e9rentes marques.<\/p><p>Donc, pour plus de renseignements, n\u2019h\u00e9sitez pas \u00e0 nous consulter !<\/p>\t\t\t\t\t\t\t\t<\/div>\n\t\t\t\t<\/div>\n\t\t\t\t\t<\/div>\n\t\t<\/div>\n\t\t\t\t\t<\/div>\n\t\t<\/section>\n\t\t\t\t<\/div>","protected":false},"excerpt":{"rendered":"<p>D\u00e9marreur &#8211; Case Ih, Ford New Holland Information du produit : 12 Volt \/ 4,2 Kw, Moteur CNH Le d\u00e9marreur de votre tracteur est indispensable, le tracteur ne pourra pas d\u00e9marrer correctement si le d\u00e9marreur n&rsquo;est pas fonctionnel. Il se pr\u00e9sente sous la forme d\u2019un petit moteur \u00e9lectrique, rattach\u00e9 au volant moteur. Il est directement<br \/><a class=\"more-link\" href=\"https:\/\/edel.fr\/en\/product\/demarreur-case-ihford-new-holland-volt-kw-12-3-moteur-cnh\/\"><br \/>\n        Read More<span class=\"screen-reader-text\"> \u00ab\u00a0D\u00e9marreur &#8211; Case Ih, Ford New Holland &#8211; 12V \/ 4,2Kw Moteur CNH\u00a0\u00bb<\/span><\/a><\/p>","protected":false},"featured_media":5670,"template":"","meta":[],"product_brand":[],"product_cat":[3994,3999,165,154,119],"product_tag":[2460,180],"tracteur":[],"class_list":{"0":"post-5942","1":"product","2":"type-product","3":"status-publish","4":"has-post-thumbnail","6":"product_cat-demarreur-case-ih","7":"product_cat-demarreur-ford-new-holland","8":"product_cat-demarreurs","9":"product_cat-electricite","10":"product_cat-tracteurs-agricoles","11":"product_tag-demarreurs","12":"product_tag-electricite","13":"product_shipping_class-142","14":"pa_fabriquant-mahle","15":"pa_marque-tracteur-case-ih","16":"pa_marque-tracteur-ford-new-holland","17":"pa_modele-tracteur-cs","18":"pa_modele-tracteur-m","19":"pa_modele-tracteur-mx","20":"pa_modele-tracteur-nh-serie-40","21":"pa_modele-tracteur-tm","22":"pa_modele-tracteur-ts","23":"pa_modele-tracteur-tw","24":"pa_type-2-cs110","25":"pa_type-2-cs120","26":"pa_type-2-cs130","27":"pa_type-2-cs150","28":"pa_type-2-m135","29":"pa_type-2-mx115","30":"pa_type-2-n100","31":"pa_type-2-n135","32":"pa_type-2-tm115","33":"pa_type-2-tm120","34":"pa_type-2-tm125","35":"pa_type-2-tm135","36":"pa_type-2-tm160","37":"pa_type-2-tm165","38":"pa_type-2-ts100","39":"pa_type-2-ts110","40":"pa_type-2-ts115","41":"pa_type-2-ts150","42":"pa_type-2-ts400","43":"pa_type-2-tw25","44":"pa_type-2-tw30","45":"badges-style-2","47":"first","48":"instock","49":"taxable","50":"shipping-taxable","51":"purchasable","52":"product-type-simple"},"acf":[],"yoast_head":"<!-- This site is optimized with the Yoast SEO plugin v27.3 - https:\/\/yoast.com\/product\/yoast-seo-wordpress\/ -->\n<title>D\u00e9marreur - Case Ih, Ford New Holland - 12V \/ 4,2Kw Moteur CNH - Edel<\/title>\n<meta name=\"description\" content=\"D\u00e9marreur - Case Ih, Ford New Holland - 12 Volt \/ 3 Kw, Moteur CNH - CS110 CS120 CS130 M135 MX115 N100 N135 TM120 TM135 TM160 TS100 TS110 TS150 TW25 TW30\" \/>\n<meta name=\"robots\" content=\"index, follow, max-snippet:-1, max-image-preview:large, max-video-preview:-1\" \/>\n<link rel=\"canonical\" href=\"http:\/\/www.edel.fr\/en\/product\/demarreur-case-ihford-new-holland-volt-kw-12-3-moteur-cnh\/\" \/>\n<meta property=\"og:locale\" content=\"en_US\" \/>\n<meta property=\"og:type\" content=\"article\" \/>\n<meta property=\"og:title\" content=\"D\u00e9marreur - Case Ih, Ford New Holland - 12V \/ 4,2Kw Moteur CNH - Edel\" \/>\n<meta property=\"og:description\" content=\"D\u00e9marreur - Case Ih, Ford New Holland - 12 Volt \/ 3 Kw, Moteur CNH - CS110 CS120 CS130 M135 MX115 N100 N135 TM120 TM135 TM160 TS100 TS110 TS150 TW25 TW30\" \/>\n<meta property=\"og:url\" content=\"http:\/\/www.edel.fr\/en\/product\/demarreur-case-ihford-new-holland-volt-kw-12-3-moteur-cnh\/\" \/>\n<meta property=\"og:site_name\" content=\"Edel\" \/>\n<meta property=\"article:modified_time\" content=\"2026-03-21T01:00:09+00:00\" \/>\n<meta property=\"og:image\" content=\"http:\/\/www.edel.fr\/uploads\/2019\/03\/D47.jpg\" \/>\n\t<meta property=\"og:image:width\" content=\"1920\" \/>\n\t<meta property=\"og:image:height\" content=\"1280\" \/>\n\t<meta property=\"og:image:type\" content=\"image\/jpeg\" \/>\n<meta name=\"twitter:card\" content=\"summary_large_image\" \/>\n<meta name=\"twitter:label1\" content=\"Est. reading time\" \/>\n\t<meta name=\"twitter:data1\" content=\"2 minutes\" \/>\n<script type=\"application\/ld+json\" class=\"yoast-schema-graph\">{\"@context\":\"https:\\\/\\\/schema.org\",\"@graph\":[{\"@type\":\"WebPage\",\"@id\":\"http:\\\/\\\/www.edel.fr\\\/en\\\/product\\\/demarreur-case-ihford-new-holland-volt-kw-12-3-moteur-cnh\\\/\",\"url\":\"http:\\\/\\\/www.edel.fr\\\/en\\\/product\\\/demarreur-case-ihford-new-holland-volt-kw-12-3-moteur-cnh\\\/\",\"name\":\"D\u00e9marreur - Case Ih, Ford New Holland - 12V \\\/ 4,2Kw Moteur CNH - Edel\",\"isPartOf\":{\"@id\":\"https:\\\/\\\/www.edel.fr\\\/en\\\/#website\"},\"primaryImageOfPage\":{\"@id\":\"http:\\\/\\\/www.edel.fr\\\/en\\\/product\\\/demarreur-case-ihford-new-holland-volt-kw-12-3-moteur-cnh\\\/#primaryimage\"},\"image\":{\"@id\":\"http:\\\/\\\/www.edel.fr\\\/en\\\/product\\\/demarreur-case-ihford-new-holland-volt-kw-12-3-moteur-cnh\\\/#primaryimage\"},\"thumbnailUrl\":\"https:\\\/\\\/edel.fr\\\/uploads\\\/2019\\\/03\\\/D47.jpg\",\"datePublished\":\"2019-03-11T08:24:39+00:00\",\"dateModified\":\"2026-03-21T01:00:09+00:00\",\"description\":\"D\u00e9marreur - Case Ih, Ford New Holland - 12 Volt \\\/ 3 Kw, Moteur CNH - CS110 CS120 CS130 M135 MX115 N100 N135 TM120 TM135 TM160 TS100 TS110 TS150 TW25 TW30\",\"breadcrumb\":{\"@id\":\"http:\\\/\\\/www.edel.fr\\\/en\\\/product\\\/demarreur-case-ihford-new-holland-volt-kw-12-3-moteur-cnh\\\/#breadcrumb\"},\"inLanguage\":\"en-US\",\"potentialAction\":[{\"@type\":\"ReadAction\",\"target\":[\"http:\\\/\\\/www.edel.fr\\\/en\\\/product\\\/demarreur-case-ihford-new-holland-volt-kw-12-3-moteur-cnh\\\/\"]}]},{\"@type\":\"ImageObject\",\"inLanguage\":\"en-US\",\"@id\":\"http:\\\/\\\/www.edel.fr\\\/en\\\/product\\\/demarreur-case-ihford-new-holland-volt-kw-12-3-moteur-cnh\\\/#primaryimage\",\"url\":\"https:\\\/\\\/edel.fr\\\/uploads\\\/2019\\\/03\\\/D47.jpg\",\"contentUrl\":\"https:\\\/\\\/edel.fr\\\/uploads\\\/2019\\\/03\\\/D47.jpg\",\"width\":1920,\"height\":1280,\"caption\":\"D\u00e9marreur - Case Ih, Ford New Holland - 12Volt \\\/ 3Kw Moteur CNH\"},{\"@type\":\"BreadcrumbList\",\"@id\":\"http:\\\/\\\/www.edel.fr\\\/en\\\/product\\\/demarreur-case-ihford-new-holland-volt-kw-12-3-moteur-cnh\\\/#breadcrumb\",\"itemListElement\":[{\"@type\":\"ListItem\",\"position\":1,\"name\":\"Pi\u00e8ce Tracteur\",\"item\":\"https:\\\/\\\/www.edel.fr\\\/en\\\/\"},{\"@type\":\"ListItem\",\"position\":2,\"name\":\"Toutes nos pi\u00e8ces Tracteur\",\"item\":\"https:\\\/\\\/edel.fr\\\/shop\\\/\"},{\"@type\":\"ListItem\",\"position\":3,\"name\":\"D\u00e9marreur &#8211; Case Ih, Ford New Holland &#8211; 12V \\\/ 4,2Kw Moteur CNH\"}]},{\"@type\":\"WebSite\",\"@id\":\"https:\\\/\\\/www.edel.fr\\\/en\\\/#website\",\"url\":\"https:\\\/\\\/www.edel.fr\\\/en\\\/\",\"name\":\"Edel\",\"description\":\"Pi\u00e8ce d\u00e9tach\u00e9e de Tracteur Agricole\",\"publisher\":{\"@id\":\"https:\\\/\\\/www.edel.fr\\\/en\\\/#organization\"},\"potentialAction\":[{\"@type\":\"SearchAction\",\"target\":{\"@type\":\"EntryPoint\",\"urlTemplate\":\"https:\\\/\\\/www.edel.fr\\\/en\\\/?s={search_term_string}\"},\"query-input\":{\"@type\":\"PropertyValueSpecification\",\"valueRequired\":true,\"valueName\":\"search_term_string\"}}],\"inLanguage\":\"en-US\"},{\"@type\":\"Organization\",\"@id\":\"https:\\\/\\\/www.edel.fr\\\/en\\\/#organization\",\"name\":\"Edel\",\"url\":\"https:\\\/\\\/www.edel.fr\\\/en\\\/\",\"logo\":{\"@type\":\"ImageObject\",\"inLanguage\":\"en-US\",\"@id\":\"https:\\\/\\\/www.edel.fr\\\/en\\\/#\\\/schema\\\/logo\\\/image\\\/\",\"url\":\"https:\\\/\\\/www.edel.fr\\\/uploads\\\/2018\\\/11\\\/logo-edel.png\",\"contentUrl\":\"https:\\\/\\\/www.edel.fr\\\/uploads\\\/2018\\\/11\\\/logo-edel.png\",\"width\":257,\"height\":68,\"caption\":\"Edel\"},\"image\":{\"@id\":\"https:\\\/\\\/www.edel.fr\\\/en\\\/#\\\/schema\\\/logo\\\/image\\\/\"}}]}<\/script>\n<!-- \/ Yoast SEO plugin. -->","yoast_head_json":{"title":"D\u00e9marreur - Case Ih, Ford New Holland - 12V \/ 4,2Kw Moteur CNH - Edel","description":"D\u00e9marreur - Case Ih, Ford New Holland - 12 Volt \/ 3 Kw, Moteur CNH - CS110 CS120 CS130 M135 MX115 N100 N135 TM120 TM135 TM160 TS100 TS110 TS150 TW25 TW30","robots":{"index":"index","follow":"follow","max-snippet":"max-snippet:-1","max-image-preview":"max-image-preview:large","max-video-preview":"max-video-preview:-1"},"canonical":"http:\/\/www.edel.fr\/en\/product\/demarreur-case-ihford-new-holland-volt-kw-12-3-moteur-cnh\/","og_locale":"en_US","og_type":"article","og_title":"D\u00e9marreur - Case Ih, Ford New Holland - 12V \/ 4,2Kw Moteur CNH - Edel","og_description":"D\u00e9marreur - Case Ih, Ford New Holland - 12 Volt \/ 3 Kw, Moteur CNH - CS110 CS120 CS130 M135 MX115 N100 N135 TM120 TM135 TM160 TS100 TS110 TS150 TW25 TW30","og_url":"http:\/\/www.edel.fr\/en\/product\/demarreur-case-ihford-new-holland-volt-kw-12-3-moteur-cnh\/","og_site_name":"Edel","article_modified_time":"2026-03-21T01:00:09+00:00","og_image":[{"width":1920,"height":1280,"url":"http:\/\/www.edel.fr\/uploads\/2019\/03\/D47.jpg","type":"image\/jpeg"}],"twitter_card":"summary_large_image","twitter_misc":{"Est. reading time":"2 minutes"},"schema":{"@context":"https:\/\/schema.org","@graph":[{"@type":"WebPage","@id":"http:\/\/www.edel.fr\/en\/product\/demarreur-case-ihford-new-holland-volt-kw-12-3-moteur-cnh\/","url":"http:\/\/www.edel.fr\/en\/product\/demarreur-case-ihford-new-holland-volt-kw-12-3-moteur-cnh\/","name":"D\u00e9marreur - Case Ih, Ford New Holland - 12V \/ 4,2Kw Moteur CNH - Edel","isPartOf":{"@id":"https:\/\/www.edel.fr\/en\/#website"},"primaryImageOfPage":{"@id":"http:\/\/www.edel.fr\/en\/product\/demarreur-case-ihford-new-holland-volt-kw-12-3-moteur-cnh\/#primaryimage"},"image":{"@id":"http:\/\/www.edel.fr\/en\/product\/demarreur-case-ihford-new-holland-volt-kw-12-3-moteur-cnh\/#primaryimage"},"thumbnailUrl":"https:\/\/edel.fr\/uploads\/2019\/03\/D47.jpg","datePublished":"2019-03-11T08:24:39+00:00","dateModified":"2026-03-21T01:00:09+00:00","description":"D\u00e9marreur - Case Ih, Ford New Holland - 12 Volt \/ 3 Kw, Moteur CNH - CS110 CS120 CS130 M135 MX115 N100 N135 TM120 TM135 TM160 TS100 TS110 TS150 TW25 TW30","breadcrumb":{"@id":"http:\/\/www.edel.fr\/en\/product\/demarreur-case-ihford-new-holland-volt-kw-12-3-moteur-cnh\/#breadcrumb"},"inLanguage":"en-US","potentialAction":[{"@type":"ReadAction","target":["http:\/\/www.edel.fr\/en\/product\/demarreur-case-ihford-new-holland-volt-kw-12-3-moteur-cnh\/"]}]},{"@type":"ImageObject","inLanguage":"en-US","@id":"http:\/\/www.edel.fr\/en\/product\/demarreur-case-ihford-new-holland-volt-kw-12-3-moteur-cnh\/#primaryimage","url":"https:\/\/edel.fr\/uploads\/2019\/03\/D47.jpg","contentUrl":"https:\/\/edel.fr\/uploads\/2019\/03\/D47.jpg","width":1920,"height":1280,"caption":"D\u00e9marreur - Case Ih, Ford New Holland - 12Volt \/ 3Kw Moteur CNH"},{"@type":"BreadcrumbList","@id":"http:\/\/www.edel.fr\/en\/product\/demarreur-case-ihford-new-holland-volt-kw-12-3-moteur-cnh\/#breadcrumb","itemListElement":[{"@type":"ListItem","position":1,"name":"Pi\u00e8ce Tracteur","item":"https:\/\/www.edel.fr\/en\/"},{"@type":"ListItem","position":2,"name":"Toutes nos pi\u00e8ces Tracteur","item":"https:\/\/edel.fr\/shop\/"},{"@type":"ListItem","position":3,"name":"D\u00e9marreur &#8211; Case Ih, Ford New Holland &#8211; 12V \/ 4,2Kw Moteur CNH"}]},{"@type":"WebSite","@id":"https:\/\/www.edel.fr\/en\/#website","url":"https:\/\/www.edel.fr\/en\/","name":"Edel","description":"Pi\u00e8ce d\u00e9tach\u00e9e de Tracteur Agricole","publisher":{"@id":"https:\/\/www.edel.fr\/en\/#organization"},"potentialAction":[{"@type":"SearchAction","target":{"@type":"EntryPoint","urlTemplate":"https:\/\/www.edel.fr\/en\/?s={search_term_string}"},"query-input":{"@type":"PropertyValueSpecification","valueRequired":true,"valueName":"search_term_string"}}],"inLanguage":"en-US"},{"@type":"Organization","@id":"https:\/\/www.edel.fr\/en\/#organization","name":"Edel","url":"https:\/\/www.edel.fr\/en\/","logo":{"@type":"ImageObject","inLanguage":"en-US","@id":"https:\/\/www.edel.fr\/en\/#\/schema\/logo\/image\/","url":"https:\/\/www.edel.fr\/uploads\/2018\/11\/logo-edel.png","contentUrl":"https:\/\/www.edel.fr\/uploads\/2018\/11\/logo-edel.png","width":257,"height":68,"caption":"Edel"},"image":{"@id":"https:\/\/www.edel.fr\/en\/#\/schema\/logo\/image\/"}}]}},"_links":{"self":[{"href":"https:\/\/edel.fr\/en\/wp-json\/wp\/v2\/product\/5942","targetHints":{"allow":["GET"]}}],"collection":[{"href":"https:\/\/edel.fr\/en\/wp-json\/wp\/v2\/product"}],"about":[{"href":"https:\/\/edel.fr\/en\/wp-json\/wp\/v2\/types\/product"}],"version-history":[{"count":2,"href":"https:\/\/edel.fr\/en\/wp-json\/wp\/v2\/product\/5942\/revisions"}],"predecessor-version":[{"id":19759,"href":"https:\/\/edel.fr\/en\/wp-json\/wp\/v2\/product\/5942\/revisions\/19759"}],"wp:featuredmedia":[{"embeddable":true,"href":"https:\/\/edel.fr\/en\/wp-json\/wp\/v2\/media\/5670"}],"wp:attachment":[{"href":"https:\/\/edel.fr\/en\/wp-json\/wp\/v2\/media?parent=5942"}],"wp:term":[{"taxonomy":"product_brand","embeddable":true,"href":"https:\/\/edel.fr\/en\/wp-json\/wp\/v2\/product_brand?post=5942"},{"taxonomy":"product_cat","embeddable":true,"href":"https:\/\/edel.fr\/en\/wp-json\/wp\/v2\/product_cat?post=5942"},{"taxonomy":"product_tag","embeddable":true,"href":"https:\/\/edel.fr\/en\/wp-json\/wp\/v2\/product_tag?post=5942"},{"taxonomy":"tracteur","embeddable":true,"href":"https:\/\/edel.fr\/en\/wp-json\/wp\/v2\/tracteur?post=5942"}],"curies":[{"name":"wp","href":"https:\/\/api.w.org\/{rel}","templated":true}]}}