{"id":5947,"date":"2019-03-11T09:24:39","date_gmt":"2019-03-11T08:24:39","guid":{"rendered":"http:\/\/edel.stephanie.ct.webcd.lan\/shop\/demarreur-fiat-new-holland-volt-kw-12-3-moteur-ivecp-a-reducteur\/"},"modified":"2026-03-24T02:00:29","modified_gmt":"2026-03-24T01:00:29","slug":"demarreur-fiat-new-holland-volt-kw-12-3-moteur-ivecp-a-reducteur","status":"publish","type":"product","link":"https:\/\/edel.fr\/en\/product\/demarreur-fiat-new-holland-volt-kw-12-3-moteur-ivecp-a-reducteur\/","title":{"rendered":"D\u00e9marreur Fiat New Holland &#8211; 12V \/ 3 Kw Moteur Iveco"},"content":{"rendered":"<div data-elementor-type=\"wp-post\" data-elementor-id=\"5947\" class=\"elementor elementor-5947\">\n\t\t\t\t\t\t<section class=\"elementor-section elementor-top-section elementor-element elementor-element-62a97e6b elementor-section-boxed elementor-section-height-default elementor-section-height-default\" data-id=\"62a97e6b\" data-element_type=\"section\" data-e-type=\"section\">\n\t\t\t\t\t\t<div class=\"elementor-container elementor-column-gap-default\">\n\t\t\t\t\t<div class=\"elementor-column elementor-col-100 elementor-top-column elementor-element elementor-element-5f372e1d\" data-id=\"5f372e1d\" data-element_type=\"column\" data-e-type=\"column\">\n\t\t\t<div class=\"elementor-widget-wrap elementor-element-populated\">\n\t\t\t\t\t\t<div class=\"elementor-element elementor-element-188f7159 elementor-widget elementor-widget-heading\" data-id=\"188f7159\" data-element_type=\"widget\" data-e-type=\"widget\" data-widget_type=\"heading.default\">\n\t\t\t\t<div class=\"elementor-widget-container\">\n\t\t\t\t\t<h2 class=\"elementor-heading-title elementor-size-default\">D\u00e9marreur Fiat New Holland<\/h2>\t\t\t\t<\/div>\n\t\t\t\t<\/div>\n\t\t\t\t<div class=\"elementor-element elementor-element-734c7565 elementor-widget elementor-widget-heading\" data-id=\"734c7565\" data-element_type=\"widget\" data-e-type=\"widget\" data-widget_type=\"heading.default\">\n\t\t\t\t<div class=\"elementor-widget-container\">\n\t\t\t\t\t<h3 class=\"elementor-heading-title elementor-size-default\">Information du produit :<\/h3>\t\t\t\t<\/div>\n\t\t\t\t<\/div>\n\t\t\t\t\t<\/div>\n\t\t<\/div>\n\t\t\t\t\t<\/div>\n\t\t<\/section>\n\t\t\t\t<section class=\"elementor-section elementor-top-section elementor-element elementor-element-220a15bb elementor-section-boxed elementor-section-height-default elementor-section-height-default\" data-id=\"220a15bb\" data-element_type=\"section\" data-e-type=\"section\">\n\t\t\t\t\t\t<div class=\"elementor-container elementor-column-gap-default\">\n\t\t\t\t\t<div class=\"elementor-column elementor-col-100 elementor-top-column elementor-element elementor-element-676ea07f\" data-id=\"676ea07f\" data-element_type=\"column\" data-e-type=\"column\">\n\t\t\t<div class=\"elementor-widget-wrap elementor-element-populated\">\n\t\t\t\t\t\t<div class=\"elementor-element elementor-element-7a19e6f5 elementor-widget elementor-widget-text-editor\" data-id=\"7a19e6f5\" data-element_type=\"widget\" data-e-type=\"widget\" data-widget_type=\"text-editor.default\">\n\t\t\t\t<div class=\"elementor-widget-container\">\n\t\t\t\t\t\t\t\t\t<p><strong>12V \/ 3 Kw, Moteur Iveco avec R\u00e9ducteur<\/strong><\/p>\n<p>Le d\u00e9marreur de votre tracteur est indispensable, le tracteur ne pourra pas d\u00e9marrer correctement si le d\u00e9marreur n&rsquo;est pas fonctionnel. Il se pr\u00e9sente sous la forme d\u2019un petit moteur \u00e9lectrique, rattach\u00e9 au volant moteur. Il est directement aliment\u00e9 par la batterie et il a pour r\u00f4le de mettre en marche le moteur&nbsp;de votre tracteur.<\/p>\n<p>Pour trouver le bon <strong>d\u00e9marreur tracteur<\/strong> qui s\u2019adaptera au mieux \u00e0 votre engin agricole, il est \u00e9galement pr\u00e9f\u00e9rable de se r\u00e9f\u00e9rer \u00e0 sa r\u00e9f\u00e9rence d\u2019origine. Elle est en g\u00e9n\u00e9ral inscrite sur le d\u00e9marreur. Sans cette r\u00e9f\u00e9rence, il faudra vous appuyer sur la marque et le mod\u00e8le de votre <strong>tracteur agricole.<\/strong><\/p>\n<p>Avant le d\u00e9montage de votre d\u00e9marreur, nous vous conseillons d&rsquo;abord de d\u00e9brancher votre batterie. Mais aussi de rep\u00e9rer les diff\u00e9rents branchements d\u2019alimentation du d\u00e9marreur.<\/p>\n<p>Pour choisir son <strong>d\u00e9marreur de tracteur<\/strong>, il faut choisir entre les d\u00e9marreurs classiques ou les <strong>d\u00e9marreurs avec r\u00e9ducteur droit ou d\u00e9cal\u00e9.<\/strong><\/p>\n<p>Il est possible de changer le d\u00e9marreur classique par un <strong>d\u00e9marreur avec r\u00e9ducteur.<\/strong> Par exemple, sur un <strong>tracteur ancien<\/strong>, cela lui simplifiera consid\u00e9rablement son d\u00e9marrage.<\/p>\n<p>C\u2019est pourquoi nous vous proposons une pi\u00e8ce de marque&nbsp;<a href=\"https:\/\/edel.fr\/en\/constructeur\/mahle\/\">Mahle<\/a>&nbsp;\/&nbsp;<a href=\"https:\/\/edel.fr\/en\/constructeur\/letrika\/\">Letrika<\/a>&nbsp;reconnue pour sa fiabilit\u00e9.<\/p>\n<p>D\u00e9marreur Fiat New Holland : TL75, TL90.<\/p>\n<p><strong>R\u00e9f\u00e9rences constructeur&nbsp;<\/strong><\/p>\n<p>BOSCH : 0001230007, 0001230010, 0001230023, 0001262008, 0986018980, SR 9979 N, SR 9979 X.<\/p>\n<p>CARGO : 113182<\/p>\n<p>DELCO REMY : DRS8980<\/p>\n<p>IVECO : 4755109, 500325145, 500338952, 504059251, 5801441814, 87470949.<\/p>\n<p>LESTER : 18374<\/p>\n<p>LUCAS : LRS01562<\/p>\n<p>MAGNETI MARELLI : 063522300070, 632 168 31, 635 223 00, MSN 2039.<\/p>\n<p>Edel vous propose \u00e9galement une large gamme de d\u00e9marreur pour des applications sp\u00e9cifiques, et de diff\u00e9rentes marques.<\/p>\n<p>Donc, pour plus de renseignements, n\u2019h\u00e9sitez pas \u00e0 nous consulter !<\/p>\t\t\t\t\t\t\t\t<\/div>\n\t\t\t\t<\/div>\n\t\t\t\t\t<\/div>\n\t\t<\/div>\n\t\t\t\t\t<\/div>\n\t\t<\/section>\n\t\t\t\t<\/div>","protected":false},"excerpt":{"rendered":"<p>D\u00e9marreur avec r\u00e9ducteur<\/p>","protected":false},"featured_media":5675,"template":"","meta":[],"product_brand":[],"product_cat":[3998,165,154,119],"product_tag":[2460,180],"tracteur":[],"class_list":{"0":"post-5947","1":"product","2":"type-product","3":"status-publish","4":"has-post-thumbnail","6":"product_cat-demarreur-fiat-new-holland","7":"product_cat-demarreurs","8":"product_cat-electricite","9":"product_cat-tracteurs-agricoles","10":"product_tag-demarreurs","11":"product_tag-electricite","12":"product_shipping_class-142","13":"pa_fabriquant-mahle","14":"pa_marque-tracteur-fiat-new-holland","15":"pa_modele-tracteur-serie-lt-tnva","16":"pa_modele-tracteur-tl","17":"pa_type-2-tl75","18":"pa_type-2-tl90","19":"badges-style-2","21":"first","22":"instock","23":"taxable","24":"shipping-taxable","25":"purchasable","26":"product-type-simple"},"acf":[],"yoast_head":"<!-- This site is optimized with the Yoast SEO plugin v27.3 - https:\/\/yoast.com\/product\/yoast-seo-wordpress\/ -->\n<title>D\u00e9marreur Fiat New Holland - 12V \/ 3 Kw Moteur Iveco - Edel<\/title>\n<meta name=\"description\" content=\"D\u00e9marreur Fiat New Holland - 12V \/ 3 Kw, Moteur Ivecp \u00e0 R\u00e9ducteur - TL75 TL90 - 063522300070, 0001230007, 0001230010, 0001230023 - Tracteur Agricole\" \/>\n<meta name=\"robots\" content=\"index, follow, max-snippet:-1, max-image-preview:large, max-video-preview:-1\" \/>\n<link rel=\"canonical\" href=\"http:\/\/www.edel.fr\/en\/product\/demarreur-fiat-new-holland-volt-kw-12-3-moteur-ivecp-a-reducteur\/\" \/>\n<meta property=\"og:locale\" content=\"en_US\" \/>\n<meta property=\"og:type\" content=\"article\" \/>\n<meta property=\"og:title\" content=\"D\u00e9marreur Fiat New Holland - 12V \/ 3 Kw Moteur Iveco - Edel\" \/>\n<meta property=\"og:description\" content=\"D\u00e9marreur Fiat New Holland - 12V \/ 3 Kw, Moteur Ivecp \u00e0 R\u00e9ducteur - TL75 TL90 - 063522300070, 0001230007, 0001230010, 0001230023 - Tracteur Agricole\" \/>\n<meta property=\"og:url\" content=\"http:\/\/www.edel.fr\/en\/product\/demarreur-fiat-new-holland-volt-kw-12-3-moteur-ivecp-a-reducteur\/\" \/>\n<meta property=\"og:site_name\" content=\"Edel\" \/>\n<meta property=\"article:modified_time\" content=\"2026-03-24T01:00:29+00:00\" \/>\n<meta property=\"og:image\" content=\"http:\/\/www.edel.fr\/uploads\/2019\/03\/D52.jpg\" \/>\n\t<meta property=\"og:image:width\" content=\"1920\" \/>\n\t<meta property=\"og:image:height\" content=\"1280\" \/>\n\t<meta property=\"og:image:type\" content=\"image\/jpeg\" \/>\n<meta name=\"twitter:card\" content=\"summary_large_image\" \/>\n<meta name=\"twitter:label1\" content=\"Est. reading time\" \/>\n\t<meta name=\"twitter:data1\" content=\"2 minutes\" \/>\n<script type=\"application\/ld+json\" class=\"yoast-schema-graph\">{\"@context\":\"https:\\\/\\\/schema.org\",\"@graph\":[{\"@type\":\"WebPage\",\"@id\":\"http:\\\/\\\/www.edel.fr\\\/en\\\/product\\\/demarreur-fiat-new-holland-volt-kw-12-3-moteur-ivecp-a-reducteur\\\/\",\"url\":\"http:\\\/\\\/www.edel.fr\\\/en\\\/product\\\/demarreur-fiat-new-holland-volt-kw-12-3-moteur-ivecp-a-reducteur\\\/\",\"name\":\"D\u00e9marreur Fiat New Holland - 12V \\\/ 3 Kw Moteur Iveco - Edel\",\"isPartOf\":{\"@id\":\"https:\\\/\\\/www.edel.fr\\\/en\\\/#website\"},\"primaryImageOfPage\":{\"@id\":\"http:\\\/\\\/www.edel.fr\\\/en\\\/product\\\/demarreur-fiat-new-holland-volt-kw-12-3-moteur-ivecp-a-reducteur\\\/#primaryimage\"},\"image\":{\"@id\":\"http:\\\/\\\/www.edel.fr\\\/en\\\/product\\\/demarreur-fiat-new-holland-volt-kw-12-3-moteur-ivecp-a-reducteur\\\/#primaryimage\"},\"thumbnailUrl\":\"https:\\\/\\\/edel.fr\\\/uploads\\\/2019\\\/03\\\/D52.jpg\",\"datePublished\":\"2019-03-11T08:24:39+00:00\",\"dateModified\":\"2026-03-24T01:00:29+00:00\",\"description\":\"D\u00e9marreur Fiat New Holland - 12V \\\/ 3 Kw, Moteur Ivecp \u00e0 R\u00e9ducteur - TL75 TL90 - 063522300070, 0001230007, 0001230010, 0001230023 - Tracteur Agricole\",\"breadcrumb\":{\"@id\":\"http:\\\/\\\/www.edel.fr\\\/en\\\/product\\\/demarreur-fiat-new-holland-volt-kw-12-3-moteur-ivecp-a-reducteur\\\/#breadcrumb\"},\"inLanguage\":\"en-US\",\"potentialAction\":[{\"@type\":\"ReadAction\",\"target\":[\"http:\\\/\\\/www.edel.fr\\\/en\\\/product\\\/demarreur-fiat-new-holland-volt-kw-12-3-moteur-ivecp-a-reducteur\\\/\"]}]},{\"@type\":\"ImageObject\",\"inLanguage\":\"en-US\",\"@id\":\"http:\\\/\\\/www.edel.fr\\\/en\\\/product\\\/demarreur-fiat-new-holland-volt-kw-12-3-moteur-ivecp-a-reducteur\\\/#primaryimage\",\"url\":\"https:\\\/\\\/edel.fr\\\/uploads\\\/2019\\\/03\\\/D52.jpg\",\"contentUrl\":\"https:\\\/\\\/edel.fr\\\/uploads\\\/2019\\\/03\\\/D52.jpg\",\"width\":1920,\"height\":1280,\"caption\":\"D\u00e9marreur Fiat New Holland - 12V \\\/ 3 Kw, Moteur Ivecp \u00e0 R\u00e9ducteur\"},{\"@type\":\"BreadcrumbList\",\"@id\":\"http:\\\/\\\/www.edel.fr\\\/en\\\/product\\\/demarreur-fiat-new-holland-volt-kw-12-3-moteur-ivecp-a-reducteur\\\/#breadcrumb\",\"itemListElement\":[{\"@type\":\"ListItem\",\"position\":1,\"name\":\"Pi\u00e8ce Tracteur\",\"item\":\"https:\\\/\\\/www.edel.fr\\\/en\\\/\"},{\"@type\":\"ListItem\",\"position\":2,\"name\":\"Toutes nos pi\u00e8ces Tracteur\",\"item\":\"https:\\\/\\\/edel.fr\\\/shop\\\/\"},{\"@type\":\"ListItem\",\"position\":3,\"name\":\"D\u00e9marreur Fiat New Holland &#8211; 12V \\\/ 3 Kw Moteur Iveco\"}]},{\"@type\":\"WebSite\",\"@id\":\"https:\\\/\\\/www.edel.fr\\\/en\\\/#website\",\"url\":\"https:\\\/\\\/www.edel.fr\\\/en\\\/\",\"name\":\"Edel\",\"description\":\"Pi\u00e8ce d\u00e9tach\u00e9e de Tracteur Agricole\",\"publisher\":{\"@id\":\"https:\\\/\\\/www.edel.fr\\\/en\\\/#organization\"},\"potentialAction\":[{\"@type\":\"SearchAction\",\"target\":{\"@type\":\"EntryPoint\",\"urlTemplate\":\"https:\\\/\\\/www.edel.fr\\\/en\\\/?s={search_term_string}\"},\"query-input\":{\"@type\":\"PropertyValueSpecification\",\"valueRequired\":true,\"valueName\":\"search_term_string\"}}],\"inLanguage\":\"en-US\"},{\"@type\":\"Organization\",\"@id\":\"https:\\\/\\\/www.edel.fr\\\/en\\\/#organization\",\"name\":\"Edel\",\"url\":\"https:\\\/\\\/www.edel.fr\\\/en\\\/\",\"logo\":{\"@type\":\"ImageObject\",\"inLanguage\":\"en-US\",\"@id\":\"https:\\\/\\\/www.edel.fr\\\/en\\\/#\\\/schema\\\/logo\\\/image\\\/\",\"url\":\"https:\\\/\\\/www.edel.fr\\\/uploads\\\/2018\\\/11\\\/logo-edel.png\",\"contentUrl\":\"https:\\\/\\\/www.edel.fr\\\/uploads\\\/2018\\\/11\\\/logo-edel.png\",\"width\":257,\"height\":68,\"caption\":\"Edel\"},\"image\":{\"@id\":\"https:\\\/\\\/www.edel.fr\\\/en\\\/#\\\/schema\\\/logo\\\/image\\\/\"}}]}<\/script>\n<!-- \/ Yoast SEO plugin. -->","yoast_head_json":{"title":"D\u00e9marreur Fiat New Holland - 12V \/ 3 Kw Moteur Iveco - Edel","description":"D\u00e9marreur Fiat New Holland - 12V \/ 3 Kw, Moteur Ivecp \u00e0 R\u00e9ducteur - TL75 TL90 - 063522300070, 0001230007, 0001230010, 0001230023 - Tracteur Agricole","robots":{"index":"index","follow":"follow","max-snippet":"max-snippet:-1","max-image-preview":"max-image-preview:large","max-video-preview":"max-video-preview:-1"},"canonical":"http:\/\/www.edel.fr\/en\/product\/demarreur-fiat-new-holland-volt-kw-12-3-moteur-ivecp-a-reducteur\/","og_locale":"en_US","og_type":"article","og_title":"D\u00e9marreur Fiat New Holland - 12V \/ 3 Kw Moteur Iveco - Edel","og_description":"D\u00e9marreur Fiat New Holland - 12V \/ 3 Kw, Moteur Ivecp \u00e0 R\u00e9ducteur - TL75 TL90 - 063522300070, 0001230007, 0001230010, 0001230023 - Tracteur Agricole","og_url":"http:\/\/www.edel.fr\/en\/product\/demarreur-fiat-new-holland-volt-kw-12-3-moteur-ivecp-a-reducteur\/","og_site_name":"Edel","article_modified_time":"2026-03-24T01:00:29+00:00","og_image":[{"width":1920,"height":1280,"url":"http:\/\/www.edel.fr\/uploads\/2019\/03\/D52.jpg","type":"image\/jpeg"}],"twitter_card":"summary_large_image","twitter_misc":{"Est. reading time":"2 minutes"},"schema":{"@context":"https:\/\/schema.org","@graph":[{"@type":"WebPage","@id":"http:\/\/www.edel.fr\/en\/product\/demarreur-fiat-new-holland-volt-kw-12-3-moteur-ivecp-a-reducteur\/","url":"http:\/\/www.edel.fr\/en\/product\/demarreur-fiat-new-holland-volt-kw-12-3-moteur-ivecp-a-reducteur\/","name":"D\u00e9marreur Fiat New Holland - 12V \/ 3 Kw Moteur Iveco - Edel","isPartOf":{"@id":"https:\/\/www.edel.fr\/en\/#website"},"primaryImageOfPage":{"@id":"http:\/\/www.edel.fr\/en\/product\/demarreur-fiat-new-holland-volt-kw-12-3-moteur-ivecp-a-reducteur\/#primaryimage"},"image":{"@id":"http:\/\/www.edel.fr\/en\/product\/demarreur-fiat-new-holland-volt-kw-12-3-moteur-ivecp-a-reducteur\/#primaryimage"},"thumbnailUrl":"https:\/\/edel.fr\/uploads\/2019\/03\/D52.jpg","datePublished":"2019-03-11T08:24:39+00:00","dateModified":"2026-03-24T01:00:29+00:00","description":"D\u00e9marreur Fiat New Holland - 12V \/ 3 Kw, Moteur Ivecp \u00e0 R\u00e9ducteur - TL75 TL90 - 063522300070, 0001230007, 0001230010, 0001230023 - Tracteur Agricole","breadcrumb":{"@id":"http:\/\/www.edel.fr\/en\/product\/demarreur-fiat-new-holland-volt-kw-12-3-moteur-ivecp-a-reducteur\/#breadcrumb"},"inLanguage":"en-US","potentialAction":[{"@type":"ReadAction","target":["http:\/\/www.edel.fr\/en\/product\/demarreur-fiat-new-holland-volt-kw-12-3-moteur-ivecp-a-reducteur\/"]}]},{"@type":"ImageObject","inLanguage":"en-US","@id":"http:\/\/www.edel.fr\/en\/product\/demarreur-fiat-new-holland-volt-kw-12-3-moteur-ivecp-a-reducteur\/#primaryimage","url":"https:\/\/edel.fr\/uploads\/2019\/03\/D52.jpg","contentUrl":"https:\/\/edel.fr\/uploads\/2019\/03\/D52.jpg","width":1920,"height":1280,"caption":"D\u00e9marreur Fiat New Holland - 12V \/ 3 Kw, Moteur Ivecp \u00e0 R\u00e9ducteur"},{"@type":"BreadcrumbList","@id":"http:\/\/www.edel.fr\/en\/product\/demarreur-fiat-new-holland-volt-kw-12-3-moteur-ivecp-a-reducteur\/#breadcrumb","itemListElement":[{"@type":"ListItem","position":1,"name":"Pi\u00e8ce Tracteur","item":"https:\/\/www.edel.fr\/en\/"},{"@type":"ListItem","position":2,"name":"Toutes nos pi\u00e8ces Tracteur","item":"https:\/\/edel.fr\/shop\/"},{"@type":"ListItem","position":3,"name":"D\u00e9marreur Fiat New Holland &#8211; 12V \/ 3 Kw Moteur Iveco"}]},{"@type":"WebSite","@id":"https:\/\/www.edel.fr\/en\/#website","url":"https:\/\/www.edel.fr\/en\/","name":"Edel","description":"Pi\u00e8ce d\u00e9tach\u00e9e de Tracteur Agricole","publisher":{"@id":"https:\/\/www.edel.fr\/en\/#organization"},"potentialAction":[{"@type":"SearchAction","target":{"@type":"EntryPoint","urlTemplate":"https:\/\/www.edel.fr\/en\/?s={search_term_string}"},"query-input":{"@type":"PropertyValueSpecification","valueRequired":true,"valueName":"search_term_string"}}],"inLanguage":"en-US"},{"@type":"Organization","@id":"https:\/\/www.edel.fr\/en\/#organization","name":"Edel","url":"https:\/\/www.edel.fr\/en\/","logo":{"@type":"ImageObject","inLanguage":"en-US","@id":"https:\/\/www.edel.fr\/en\/#\/schema\/logo\/image\/","url":"https:\/\/www.edel.fr\/uploads\/2018\/11\/logo-edel.png","contentUrl":"https:\/\/www.edel.fr\/uploads\/2018\/11\/logo-edel.png","width":257,"height":68,"caption":"Edel"},"image":{"@id":"https:\/\/www.edel.fr\/en\/#\/schema\/logo\/image\/"}}]}},"_links":{"self":[{"href":"https:\/\/edel.fr\/en\/wp-json\/wp\/v2\/product\/5947","targetHints":{"allow":["GET"]}}],"collection":[{"href":"https:\/\/edel.fr\/en\/wp-json\/wp\/v2\/product"}],"about":[{"href":"https:\/\/edel.fr\/en\/wp-json\/wp\/v2\/types\/product"}],"version-history":[{"count":2,"href":"https:\/\/edel.fr\/en\/wp-json\/wp\/v2\/product\/5947\/revisions"}],"predecessor-version":[{"id":15341,"href":"https:\/\/edel.fr\/en\/wp-json\/wp\/v2\/product\/5947\/revisions\/15341"}],"wp:featuredmedia":[{"embeddable":true,"href":"https:\/\/edel.fr\/en\/wp-json\/wp\/v2\/media\/5675"}],"wp:attachment":[{"href":"https:\/\/edel.fr\/en\/wp-json\/wp\/v2\/media?parent=5947"}],"wp:term":[{"taxonomy":"product_brand","embeddable":true,"href":"https:\/\/edel.fr\/en\/wp-json\/wp\/v2\/product_brand?post=5947"},{"taxonomy":"product_cat","embeddable":true,"href":"https:\/\/edel.fr\/en\/wp-json\/wp\/v2\/product_cat?post=5947"},{"taxonomy":"product_tag","embeddable":true,"href":"https:\/\/edel.fr\/en\/wp-json\/wp\/v2\/product_tag?post=5947"},{"taxonomy":"tracteur","embeddable":true,"href":"https:\/\/edel.fr\/en\/wp-json\/wp\/v2\/tracteur?post=5947"}],"curies":[{"name":"wp","href":"https:\/\/api.w.org\/{rel}","templated":true}]}}