{"id":5950,"date":"2019-03-11T09:24:39","date_gmt":"2019-03-11T08:24:39","guid":{"rendered":"http:\/\/edel.stephanie.ct.webcd.lan\/shop\/kit-mecanisme-simple-a-diaphragme-disque-av-cerametallique-massey-ferguson-o350-23-cannelures\/"},"modified":"2025-11-05T21:06:47","modified_gmt":"2025-11-05T20:06:47","slug":"kit-mecanisme-simple-a-diaphragme-disque-av-cerametallique-massey-ferguson-o350-23-cannelures","status":"publish","type":"product","link":"https:\/\/edel.fr\/en\/product\/kit-mecanisme-simple-a-diaphragme-disque-av-cerametallique-massey-ferguson-o350-23-cannelures\/","title":{"rendered":"KIT M\u00e9canisme simple \u00e0 diaphragme, disque AV. C\u00e9ram\u00e9tallique &#8211; Massey Ferguson &#8211; \u00d8350 &#8211; 23 Cannelures"},"content":{"rendered":"<div data-elementor-type=\"wp-post\" data-elementor-id=\"5950\" class=\"elementor elementor-5950\">\n\t\t\t\t\t\t<section class=\"elementor-section elementor-top-section elementor-element elementor-element-3dd925b elementor-section-boxed elementor-section-height-default elementor-section-height-default\" data-id=\"3dd925b\" data-element_type=\"section\" data-e-type=\"section\">\n\t\t\t\t\t\t<div class=\"elementor-container elementor-column-gap-default\">\n\t\t\t\t\t<div class=\"elementor-column elementor-col-100 elementor-top-column elementor-element elementor-element-5993c08\" data-id=\"5993c08\" data-element_type=\"column\" data-e-type=\"column\">\n\t\t\t<div class=\"elementor-widget-wrap elementor-element-populated\">\n\t\t\t\t\t\t<div class=\"elementor-element elementor-element-216e4a6 elementor-widget elementor-widget-heading\" data-id=\"216e4a6\" data-element_type=\"widget\" data-e-type=\"widget\" data-widget_type=\"heading.default\">\n\t\t\t\t<div class=\"elementor-widget-container\">\n\t\t\t\t\t<h2 class=\"elementor-heading-title elementor-size-default\">KIT M\u00c9CANISME SIMPLE \u00c0 DIAPHRAGME, DISQUE AV. C\u00c9RAM\u00c9TALLIQUE\u00a0\n\u00d8350 \u2013 23 CANNELURES<\/h2>\t\t\t\t<\/div>\n\t\t\t\t<\/div>\n\t\t\t\t\t<\/div>\n\t\t<\/div>\n\t\t\t\t\t<\/div>\n\t\t<\/section>\n\t\t\t\t<section class=\"elementor-section elementor-top-section elementor-element elementor-element-0d5a0ff elementor-section-boxed elementor-section-height-default elementor-section-height-default\" data-id=\"0d5a0ff\" data-element_type=\"section\" data-e-type=\"section\">\n\t\t\t\t\t\t<div class=\"elementor-container elementor-column-gap-default\">\n\t\t\t\t\t<div class=\"elementor-column elementor-col-100 elementor-top-column elementor-element elementor-element-1d22298\" data-id=\"1d22298\" data-element_type=\"column\" data-e-type=\"column\">\n\t\t\t<div class=\"elementor-widget-wrap elementor-element-populated\">\n\t\t\t\t\t\t<div class=\"elementor-element elementor-element-31410e4 elementor-widget elementor-widget-heading\" data-id=\"31410e4\" data-element_type=\"widget\" data-e-type=\"widget\" data-widget_type=\"heading.default\">\n\t\t\t\t<div class=\"elementor-widget-container\">\n\t\t\t\t\t<h3 class=\"elementor-heading-title elementor-size-default\">Information de produit :<\/h3>\t\t\t\t<\/div>\n\t\t\t\t<\/div>\n\t\t\t\t\t<\/div>\n\t\t<\/div>\n\t\t\t\t\t<\/div>\n\t\t<\/section>\n\t\t\t\t<section class=\"elementor-section elementor-top-section elementor-element elementor-element-77eb375 elementor-section-boxed elementor-section-height-default elementor-section-height-default\" data-id=\"77eb375\" data-element_type=\"section\" data-e-type=\"section\">\n\t\t\t\t\t\t<div class=\"elementor-container elementor-column-gap-default\">\n\t\t\t\t\t<div class=\"elementor-column elementor-col-100 elementor-top-column elementor-element elementor-element-d173377\" data-id=\"d173377\" data-element_type=\"column\" data-e-type=\"column\">\n\t\t\t<div class=\"elementor-widget-wrap elementor-element-populated\">\n\t\t\t\t\t\t<div class=\"elementor-element elementor-element-aea491e elementor-widget elementor-widget-text-editor\" data-id=\"aea491e\" data-element_type=\"widget\" data-e-type=\"widget\" data-widget_type=\"text-editor.default\">\n\t\t\t\t<div class=\"elementor-widget-container\">\n\t\t\t\t\t\t\t\t\t<div>Massey Ferguson <span style=\"background-color: #ffffff\">2620, 2625, 2640, 2645, 2680, 2685, 2720, 2725, 3610, 3630, 3635, 3645, 3655, 3670<\/span><\/div>\n<p>Le kit d\u2019embrayage tracteur agricole est compos\u00e9 d\u2019un m\u00e9canisme et d&rsquo;un disque.<\/p>\n<p><span style=\"text-decoration: underline\"><b>En compl\u00e9ment, nous proposons la but\u00e9e d&#8217;embrayage :<\/b><\/span><\/p>\n<p>&#8211; <a href=\"https:\/\/edel.fr\/en\/butee-dembrayage-64x111x46-tracteur-agricole\/\"><strong>But\u00e9e 20305730<\/strong><\/a> : hauteur 45 mm<\/p>\n<p>ou&nbsp;<\/p>\n<p>&#8211; <a href=\"https:\/\/edel.fr\/en\/butee-dembrayage-65x100x27-massey-ferguson-tracteur\/\"><strong>But\u00e9e 20309730<\/strong><\/a> : hauteur 27 mm<\/p>\n<p>Avant montage d\u2019un kit d\u2019embrayage agricole, nous recommandons de proc\u00e9der \u00e0 un examen minutieux des pi\u00e8ces p\u00e9riph\u00e9riques, notamment le volant moteur et les diff\u00e9rents joints spi. Une attention particuli\u00e8re est \u00e0 porter au syst\u00e8me de commande (c\u00e2ble, tringlerie, circuit hydraulique). En cas de doute, ces composants doivent imp\u00e9rativement \u00eatre remis \u00e0 niveau pour permettre le parfait fonctionnement de l\u2019embrayage.<\/p>\t\t\t\t\t\t\t\t<\/div>\n\t\t\t\t<\/div>\n\t\t\t\t\t<\/div>\n\t\t<\/div>\n\t\t\t\t\t<\/div>\n\t\t<\/section>\n\t\t\t\t<\/div>","protected":false},"excerpt":{"rendered":"<p>KIT M\u00c9CANISME SIMPLE \u00c0 DIAPHRAGME, DISQUE AV. C\u00c9RAM\u00c9TALLIQUE \u00d8350 \u2013 23 CANNELURES Information de produit : Massey Ferguson 2620, 2625, 2640, 2645, 2680, 2685, 2720, 2725, 3610, 3630, 3635, 3645, 3655, 3670 Le kit d\u2019embrayage tracteur agricole est compos\u00e9 d\u2019un m\u00e9canisme et d&rsquo;un disque. En compl\u00e9ment, nous proposons la but\u00e9e d&#8217;embrayage : &#8211; But\u00e9e 20305730<br \/><a class=\"more-link\" href=\"https:\/\/edel.fr\/en\/product\/kit-mecanisme-simple-a-diaphragme-disque-av-cerametallique-massey-ferguson-o350-23-cannelures\/\"><br \/>\n        Read More<span class=\"screen-reader-text\"> \u00ab\u00a0KIT M\u00e9canisme simple \u00e0 diaphragme, disque AV. C\u00e9ram\u00e9tallique &#8211; Massey Ferguson &#8211; \u00d8350 &#8211; 23 Cannelures\u00a0\u00bb<\/span><\/a><\/p>","protected":false},"featured_media":9454,"template":"","meta":[],"product_brand":[],"product_cat":[1141,3949,119,120],"product_tag":[143,124],"tracteur":[],"class_list":{"0":"post-5950","1":"product","2":"type-product","3":"status-publish","4":"has-post-thumbnail","6":"product_cat-kits-dembrayage","7":"product_cat-massey-ferguson","8":"product_cat-tracteurs-agricoles","9":"product_cat-transmissions","10":"product_tag-kits-dembrayage","11":"product_tag-transmissions","12":"product_shipping_class-142","13":"pa_fabriquant-selection-edel","14":"pa_marque-tracteur-massey-ferguson","15":"pa_type-2-1440","16":"pa_type-2-2130","17":"pa_type-2-1441","18":"pa_type-2-2131","19":"pa_type-2-1443","20":"pa_type-2-1444","21":"pa_type-2-2132","22":"pa_type-2-2133","23":"pa_type-2-1453","24":"pa_type-2-1454","25":"pa_type-2-1322","26":"pa_type-2-1323","27":"pa_type-2-1324","28":"pa_type-2-2146","29":"badges-style-2","31":"first","32":"instock","33":"taxable","34":"shipping-taxable","35":"purchasable","36":"product-type-simple"},"acf":[],"yoast_head":"<!-- This site is optimized with the Yoast SEO plugin v27.3 - https:\/\/yoast.com\/product\/yoast-seo-wordpress\/ -->\n<title>KIT M\u00e9canisme simple \u00e0 diaphragme, disque AV. C\u00e9ram\u00e9tallique - Massey Ferguson - \u00d8350 - 23 Cannelures - Edel<\/title>\n<meta name=\"robots\" content=\"index, follow, max-snippet:-1, max-image-preview:large, max-video-preview:-1\" \/>\n<link rel=\"canonical\" href=\"https:\/\/edel.fr\/en\/product\/kit-mecanisme-simple-a-diaphragme-disque-av-cerametallique-massey-ferguson-o350-23-cannelures\/\" \/>\n<meta property=\"og:locale\" content=\"en_US\" \/>\n<meta property=\"og:type\" content=\"article\" \/>\n<meta property=\"og:title\" content=\"KIT M\u00e9canisme simple \u00e0 diaphragme, disque AV. C\u00e9ram\u00e9tallique - Massey Ferguson - \u00d8350 - 23 Cannelures - Edel\" \/>\n<meta property=\"og:description\" content=\"KIT M\u00c9CANISME SIMPLE \u00c0 DIAPHRAGME, DISQUE AV. C\u00c9RAM\u00c9TALLIQUE \u00d8350 \u2013 23 CANNELURES Information de produit : Massey Ferguson 2620, 2625, 2640, 2645, 2680, 2685, 2720, 2725, 3610, 3630, 3635, 3645, 3655, 3670 Le kit d\u2019embrayage tracteur agricole est compos\u00e9 d\u2019un m\u00e9canisme et d&rsquo;un disque. En compl\u00e9ment, nous proposons la but\u00e9e d&#8217;embrayage : &#8211; But\u00e9e 20305730     Read More &quot;KIT M\u00e9canisme simple \u00e0 diaphragme, disque AV. C\u00e9ram\u00e9tallique &#8211; Massey Ferguson &#8211; \u00d8350 &#8211; 23 Cannelures&quot;\" \/>\n<meta property=\"og:url\" content=\"https:\/\/edel.fr\/en\/product\/kit-mecanisme-simple-a-diaphragme-disque-av-cerametallique-massey-ferguson-o350-23-cannelures\/\" \/>\n<meta property=\"og:site_name\" content=\"Edel\" \/>\n<meta property=\"article:modified_time\" content=\"2025-11-05T20:06:47+00:00\" \/>\n<meta property=\"og:image\" content=\"https:\/\/edel.fr\/uploads\/2019\/03\/embr-MF.jpg\" \/>\n\t<meta property=\"og:image:width\" content=\"1920\" \/>\n\t<meta property=\"og:image:height\" content=\"1440\" \/>\n\t<meta property=\"og:image:type\" content=\"image\/jpeg\" \/>\n<meta name=\"twitter:card\" content=\"summary_large_image\" \/>\n<meta name=\"twitter:label1\" content=\"Est. reading time\" \/>\n\t<meta name=\"twitter:data1\" content=\"1 minute\" \/>\n<script type=\"application\/ld+json\" class=\"yoast-schema-graph\">{\"@context\":\"https:\\\/\\\/schema.org\",\"@graph\":[{\"@type\":\"WebPage\",\"@id\":\"https:\\\/\\\/edel.fr\\\/en\\\/product\\\/kit-mecanisme-simple-a-diaphragme-disque-av-cerametallique-massey-ferguson-o350-23-cannelures\\\/\",\"url\":\"https:\\\/\\\/edel.fr\\\/en\\\/product\\\/kit-mecanisme-simple-a-diaphragme-disque-av-cerametallique-massey-ferguson-o350-23-cannelures\\\/\",\"name\":\"KIT M\u00e9canisme simple \u00e0 diaphragme, disque AV. C\u00e9ram\u00e9tallique - Massey Ferguson - \u00d8350 - 23 Cannelures - Edel\",\"isPartOf\":{\"@id\":\"http:\\\/\\\/www.edel.fr\\\/en\\\/#website\"},\"primaryImageOfPage\":{\"@id\":\"https:\\\/\\\/edel.fr\\\/en\\\/product\\\/kit-mecanisme-simple-a-diaphragme-disque-av-cerametallique-massey-ferguson-o350-23-cannelures\\\/#primaryimage\"},\"image\":{\"@id\":\"https:\\\/\\\/edel.fr\\\/en\\\/product\\\/kit-mecanisme-simple-a-diaphragme-disque-av-cerametallique-massey-ferguson-o350-23-cannelures\\\/#primaryimage\"},\"thumbnailUrl\":\"https:\\\/\\\/edel.fr\\\/uploads\\\/2019\\\/03\\\/embr-MF.jpg\",\"datePublished\":\"2019-03-11T08:24:39+00:00\",\"dateModified\":\"2025-11-05T20:06:47+00:00\",\"breadcrumb\":{\"@id\":\"https:\\\/\\\/edel.fr\\\/en\\\/product\\\/kit-mecanisme-simple-a-diaphragme-disque-av-cerametallique-massey-ferguson-o350-23-cannelures\\\/#breadcrumb\"},\"inLanguage\":\"en-US\",\"potentialAction\":[{\"@type\":\"ReadAction\",\"target\":[\"https:\\\/\\\/edel.fr\\\/en\\\/product\\\/kit-mecanisme-simple-a-diaphragme-disque-av-cerametallique-massey-ferguson-o350-23-cannelures\\\/\"]}]},{\"@type\":\"ImageObject\",\"inLanguage\":\"en-US\",\"@id\":\"https:\\\/\\\/edel.fr\\\/en\\\/product\\\/kit-mecanisme-simple-a-diaphragme-disque-av-cerametallique-massey-ferguson-o350-23-cannelures\\\/#primaryimage\",\"url\":\"https:\\\/\\\/edel.fr\\\/uploads\\\/2019\\\/03\\\/embr-MF.jpg\",\"contentUrl\":\"https:\\\/\\\/edel.fr\\\/uploads\\\/2019\\\/03\\\/embr-MF.jpg\",\"width\":1920,\"height\":1440,\"caption\":\"KIT M\u00e9canisme simple \u00e0 diaphragme, disque AV. C\u00e9ram\u00e9tallique - Massey Ferguson - \u00d8350 - 23 Cannelures\"},{\"@type\":\"BreadcrumbList\",\"@id\":\"https:\\\/\\\/edel.fr\\\/en\\\/product\\\/kit-mecanisme-simple-a-diaphragme-disque-av-cerametallique-massey-ferguson-o350-23-cannelures\\\/#breadcrumb\",\"itemListElement\":[{\"@type\":\"ListItem\",\"position\":1,\"name\":\"Pi\u00e8ce Tracteur\",\"item\":\"http:\\\/\\\/www.edel.fr\\\/en\\\/\"},{\"@type\":\"ListItem\",\"position\":2,\"name\":\"Toutes nos pi\u00e8ces Tracteur\",\"item\":\"https:\\\/\\\/edel.fr\\\/shop\\\/\"},{\"@type\":\"ListItem\",\"position\":3,\"name\":\"KIT M\u00e9canisme simple \u00e0 diaphragme, disque AV. C\u00e9ram\u00e9tallique &#8211; Massey Ferguson &#8211; \u00d8350 &#8211; 23 Cannelures\"}]},{\"@type\":\"WebSite\",\"@id\":\"http:\\\/\\\/www.edel.fr\\\/en\\\/#website\",\"url\":\"http:\\\/\\\/www.edel.fr\\\/en\\\/\",\"name\":\"Edel\",\"description\":\"Pi\u00e8ce d\u00e9tach\u00e9e de Tracteur Agricole\",\"publisher\":{\"@id\":\"http:\\\/\\\/www.edel.fr\\\/en\\\/#organization\"},\"potentialAction\":[{\"@type\":\"SearchAction\",\"target\":{\"@type\":\"EntryPoint\",\"urlTemplate\":\"http:\\\/\\\/www.edel.fr\\\/en\\\/?s={search_term_string}\"},\"query-input\":{\"@type\":\"PropertyValueSpecification\",\"valueRequired\":true,\"valueName\":\"search_term_string\"}}],\"inLanguage\":\"en-US\"},{\"@type\":\"Organization\",\"@id\":\"http:\\\/\\\/www.edel.fr\\\/en\\\/#organization\",\"name\":\"Edel\",\"url\":\"http:\\\/\\\/www.edel.fr\\\/en\\\/\",\"logo\":{\"@type\":\"ImageObject\",\"inLanguage\":\"en-US\",\"@id\":\"http:\\\/\\\/www.edel.fr\\\/en\\\/#\\\/schema\\\/logo\\\/image\\\/\",\"url\":\"https:\\\/\\\/www.edel.fr\\\/uploads\\\/2018\\\/11\\\/logo-edel.png\",\"contentUrl\":\"https:\\\/\\\/www.edel.fr\\\/uploads\\\/2018\\\/11\\\/logo-edel.png\",\"width\":257,\"height\":68,\"caption\":\"Edel\"},\"image\":{\"@id\":\"http:\\\/\\\/www.edel.fr\\\/en\\\/#\\\/schema\\\/logo\\\/image\\\/\"}}]}<\/script>\n<!-- \/ Yoast SEO plugin. -->","yoast_head_json":{"title":"KIT M\u00e9canisme simple \u00e0 diaphragme, disque AV. C\u00e9ram\u00e9tallique - Massey Ferguson - \u00d8350 - 23 Cannelures - Edel","robots":{"index":"index","follow":"follow","max-snippet":"max-snippet:-1","max-image-preview":"max-image-preview:large","max-video-preview":"max-video-preview:-1"},"canonical":"https:\/\/edel.fr\/en\/product\/kit-mecanisme-simple-a-diaphragme-disque-av-cerametallique-massey-ferguson-o350-23-cannelures\/","og_locale":"en_US","og_type":"article","og_title":"KIT M\u00e9canisme simple \u00e0 diaphragme, disque AV. C\u00e9ram\u00e9tallique - Massey Ferguson - \u00d8350 - 23 Cannelures - Edel","og_description":"KIT M\u00c9CANISME SIMPLE \u00c0 DIAPHRAGME, DISQUE AV. C\u00c9RAM\u00c9TALLIQUE \u00d8350 \u2013 23 CANNELURES Information de produit : Massey Ferguson 2620, 2625, 2640, 2645, 2680, 2685, 2720, 2725, 3610, 3630, 3635, 3645, 3655, 3670 Le kit d\u2019embrayage tracteur agricole est compos\u00e9 d\u2019un m\u00e9canisme et d&rsquo;un disque. En compl\u00e9ment, nous proposons la but\u00e9e d&#8217;embrayage : &#8211; But\u00e9e 20305730     Read More \"KIT M\u00e9canisme simple \u00e0 diaphragme, disque AV. C\u00e9ram\u00e9tallique &#8211; Massey Ferguson &#8211; \u00d8350 &#8211; 23 Cannelures\"","og_url":"https:\/\/edel.fr\/en\/product\/kit-mecanisme-simple-a-diaphragme-disque-av-cerametallique-massey-ferguson-o350-23-cannelures\/","og_site_name":"Edel","article_modified_time":"2025-11-05T20:06:47+00:00","og_image":[{"width":1920,"height":1440,"url":"https:\/\/edel.fr\/uploads\/2019\/03\/embr-MF.jpg","type":"image\/jpeg"}],"twitter_card":"summary_large_image","twitter_misc":{"Est. reading time":"1 minute"},"schema":{"@context":"https:\/\/schema.org","@graph":[{"@type":"WebPage","@id":"https:\/\/edel.fr\/en\/product\/kit-mecanisme-simple-a-diaphragme-disque-av-cerametallique-massey-ferguson-o350-23-cannelures\/","url":"https:\/\/edel.fr\/en\/product\/kit-mecanisme-simple-a-diaphragme-disque-av-cerametallique-massey-ferguson-o350-23-cannelures\/","name":"KIT M\u00e9canisme simple \u00e0 diaphragme, disque AV. C\u00e9ram\u00e9tallique - Massey Ferguson - \u00d8350 - 23 Cannelures - Edel","isPartOf":{"@id":"http:\/\/www.edel.fr\/en\/#website"},"primaryImageOfPage":{"@id":"https:\/\/edel.fr\/en\/product\/kit-mecanisme-simple-a-diaphragme-disque-av-cerametallique-massey-ferguson-o350-23-cannelures\/#primaryimage"},"image":{"@id":"https:\/\/edel.fr\/en\/product\/kit-mecanisme-simple-a-diaphragme-disque-av-cerametallique-massey-ferguson-o350-23-cannelures\/#primaryimage"},"thumbnailUrl":"https:\/\/edel.fr\/uploads\/2019\/03\/embr-MF.jpg","datePublished":"2019-03-11T08:24:39+00:00","dateModified":"2025-11-05T20:06:47+00:00","breadcrumb":{"@id":"https:\/\/edel.fr\/en\/product\/kit-mecanisme-simple-a-diaphragme-disque-av-cerametallique-massey-ferguson-o350-23-cannelures\/#breadcrumb"},"inLanguage":"en-US","potentialAction":[{"@type":"ReadAction","target":["https:\/\/edel.fr\/en\/product\/kit-mecanisme-simple-a-diaphragme-disque-av-cerametallique-massey-ferguson-o350-23-cannelures\/"]}]},{"@type":"ImageObject","inLanguage":"en-US","@id":"https:\/\/edel.fr\/en\/product\/kit-mecanisme-simple-a-diaphragme-disque-av-cerametallique-massey-ferguson-o350-23-cannelures\/#primaryimage","url":"https:\/\/edel.fr\/uploads\/2019\/03\/embr-MF.jpg","contentUrl":"https:\/\/edel.fr\/uploads\/2019\/03\/embr-MF.jpg","width":1920,"height":1440,"caption":"KIT M\u00e9canisme simple \u00e0 diaphragme, disque AV. C\u00e9ram\u00e9tallique - Massey Ferguson - \u00d8350 - 23 Cannelures"},{"@type":"BreadcrumbList","@id":"https:\/\/edel.fr\/en\/product\/kit-mecanisme-simple-a-diaphragme-disque-av-cerametallique-massey-ferguson-o350-23-cannelures\/#breadcrumb","itemListElement":[{"@type":"ListItem","position":1,"name":"Pi\u00e8ce Tracteur","item":"http:\/\/www.edel.fr\/en\/"},{"@type":"ListItem","position":2,"name":"Toutes nos pi\u00e8ces Tracteur","item":"https:\/\/edel.fr\/shop\/"},{"@type":"ListItem","position":3,"name":"KIT M\u00e9canisme simple \u00e0 diaphragme, disque AV. C\u00e9ram\u00e9tallique &#8211; Massey Ferguson &#8211; \u00d8350 &#8211; 23 Cannelures"}]},{"@type":"WebSite","@id":"http:\/\/www.edel.fr\/en\/#website","url":"http:\/\/www.edel.fr\/en\/","name":"Edel","description":"Pi\u00e8ce d\u00e9tach\u00e9e de Tracteur Agricole","publisher":{"@id":"http:\/\/www.edel.fr\/en\/#organization"},"potentialAction":[{"@type":"SearchAction","target":{"@type":"EntryPoint","urlTemplate":"http:\/\/www.edel.fr\/en\/?s={search_term_string}"},"query-input":{"@type":"PropertyValueSpecification","valueRequired":true,"valueName":"search_term_string"}}],"inLanguage":"en-US"},{"@type":"Organization","@id":"http:\/\/www.edel.fr\/en\/#organization","name":"Edel","url":"http:\/\/www.edel.fr\/en\/","logo":{"@type":"ImageObject","inLanguage":"en-US","@id":"http:\/\/www.edel.fr\/en\/#\/schema\/logo\/image\/","url":"https:\/\/www.edel.fr\/uploads\/2018\/11\/logo-edel.png","contentUrl":"https:\/\/www.edel.fr\/uploads\/2018\/11\/logo-edel.png","width":257,"height":68,"caption":"Edel"},"image":{"@id":"http:\/\/www.edel.fr\/en\/#\/schema\/logo\/image\/"}}]}},"_links":{"self":[{"href":"https:\/\/edel.fr\/en\/wp-json\/wp\/v2\/product\/5950","targetHints":{"allow":["GET"]}}],"collection":[{"href":"https:\/\/edel.fr\/en\/wp-json\/wp\/v2\/product"}],"about":[{"href":"https:\/\/edel.fr\/en\/wp-json\/wp\/v2\/types\/product"}],"version-history":[{"count":2,"href":"https:\/\/edel.fr\/en\/wp-json\/wp\/v2\/product\/5950\/revisions"}],"predecessor-version":[{"id":18430,"href":"https:\/\/edel.fr\/en\/wp-json\/wp\/v2\/product\/5950\/revisions\/18430"}],"wp:featuredmedia":[{"embeddable":true,"href":"https:\/\/edel.fr\/en\/wp-json\/wp\/v2\/media\/9454"}],"wp:attachment":[{"href":"https:\/\/edel.fr\/en\/wp-json\/wp\/v2\/media?parent=5950"}],"wp:term":[{"taxonomy":"product_brand","embeddable":true,"href":"https:\/\/edel.fr\/en\/wp-json\/wp\/v2\/product_brand?post=5950"},{"taxonomy":"product_cat","embeddable":true,"href":"https:\/\/edel.fr\/en\/wp-json\/wp\/v2\/product_cat?post=5950"},{"taxonomy":"product_tag","embeddable":true,"href":"https:\/\/edel.fr\/en\/wp-json\/wp\/v2\/product_tag?post=5950"},{"taxonomy":"tracteur","embeddable":true,"href":"https:\/\/edel.fr\/en\/wp-json\/wp\/v2\/tracteur?post=5950"}],"curies":[{"name":"wp","href":"https:\/\/api.w.org\/{rel}","templated":true}]}}