{"id":5952,"date":"2019-03-11T09:24:39","date_gmt":"2019-03-11T08:24:39","guid":{"rendered":"http:\/\/edel.stephanie.ct.webcd.lan\/shop\/kit-complet-mecanisme-double-disque-av-cerametallique-2-butees-et-roulement-pilote-renault-claas-o310-310-16-18-cannelures\/"},"modified":"2026-03-24T02:00:32","modified_gmt":"2026-03-24T01:00:32","slug":"kit-complet-mecanisme-double-disque-av-cerametallique-2-butees-et-roulement-pilote-renault-claas-o310-310-16-18-cannelures","status":"publish","type":"product","link":"https:\/\/edel.fr\/en\/product\/kit-complet-mecanisme-double-disque-av-cerametallique-2-butees-et-roulement-pilote-renault-claas-o310-310-16-18-cannelures\/","title":{"rendered":"Kit Embrayage Renault Claas Complet 103.54 751 780 851 891 981"},"content":{"rendered":"<div data-elementor-type=\"wp-post\" data-elementor-id=\"5952\" class=\"elementor elementor-5952\">\n\t\t\t\t\t\t<section class=\"elementor-section elementor-top-section elementor-element elementor-element-c792ccd elementor-section-boxed elementor-section-height-default elementor-section-height-default\" data-id=\"c792ccd\" data-element_type=\"section\" data-e-type=\"section\">\n\t\t\t\t\t\t<div class=\"elementor-container elementor-column-gap-default\">\n\t\t\t\t\t<div class=\"elementor-column elementor-col-100 elementor-top-column elementor-element elementor-element-416fd4a\" data-id=\"416fd4a\" data-element_type=\"column\" data-e-type=\"column\">\n\t\t\t<div class=\"elementor-widget-wrap elementor-element-populated\">\n\t\t\t\t\t\t<div class=\"elementor-element elementor-element-054d082 elementor-widget elementor-widget-heading\" data-id=\"054d082\" data-element_type=\"widget\" data-e-type=\"widget\" data-widget_type=\"heading.default\">\n\t\t\t\t<div class=\"elementor-widget-container\">\n\t\t\t\t\t<h2 class=\"elementor-heading-title elementor-size-default\">Kit Embrayage Renault Claas Complet -\nM\u00c9CANISME DOUBLE, DISQUE AVANCEMENT C\u00c9RAM\u00c9TALLIQUE, 2 BUT\u00c9ES ET ROULEMENT PILOTE \u2013 \u00d8310\/310 \u2013 16\/18 CANNELURES<\/h2>\t\t\t\t<\/div>\n\t\t\t\t<\/div>\n\t\t\t\t\t<\/div>\n\t\t<\/div>\n\t\t\t\t\t<\/div>\n\t\t<\/section>\n\t\t\t\t<section class=\"elementor-section elementor-top-section elementor-element elementor-element-e6974af elementor-section-boxed elementor-section-height-default elementor-section-height-default\" data-id=\"e6974af\" data-element_type=\"section\" data-e-type=\"section\">\n\t\t\t\t\t\t<div class=\"elementor-container elementor-column-gap-default\">\n\t\t\t\t\t<div class=\"elementor-column elementor-col-100 elementor-top-column elementor-element elementor-element-bcc3538\" data-id=\"bcc3538\" data-element_type=\"column\" data-e-type=\"column\">\n\t\t\t<div class=\"elementor-widget-wrap elementor-element-populated\">\n\t\t\t\t\t\t<div class=\"elementor-element elementor-element-b5e929d elementor-widget elementor-widget-heading\" data-id=\"b5e929d\" data-element_type=\"widget\" data-e-type=\"widget\" data-widget_type=\"heading.default\">\n\t\t\t\t<div class=\"elementor-widget-container\">\n\t\t\t\t\t<h3 class=\"elementor-heading-title elementor-size-default\">Information du produit :<\/h3>\t\t\t\t<\/div>\n\t\t\t\t<\/div>\n\t\t\t\t\t<\/div>\n\t\t<\/div>\n\t\t\t\t\t<\/div>\n\t\t<\/section>\n\t\t\t\t<section class=\"elementor-section elementor-top-section elementor-element elementor-element-27ece5bc elementor-section-boxed elementor-section-height-default elementor-section-height-default\" data-id=\"27ece5bc\" data-element_type=\"section\" data-e-type=\"section\">\n\t\t\t\t\t\t<div class=\"elementor-container elementor-column-gap-default\">\n\t\t\t\t\t<div class=\"elementor-column elementor-col-100 elementor-top-column elementor-element elementor-element-27784c56\" data-id=\"27784c56\" data-element_type=\"column\" data-e-type=\"column\">\n\t\t\t<div class=\"elementor-widget-wrap elementor-element-populated\">\n\t\t\t\t\t\t<div class=\"elementor-element elementor-element-724d2a70 elementor-widget elementor-widget-text-editor\" data-id=\"724d2a70\" data-element_type=\"widget\" data-e-type=\"widget\" data-widget_type=\"text-editor.default\">\n\t\t\t\t<div class=\"elementor-widget-container\">\n\t\t\t\t\t\t\t\t\t<div><p>Kit embrayage de la marque : Renault Claas<\/p><\/div><div>Renault <span style=\"background-color: #ffffff\">103.54, 103\/14, 106\/14, 751, 752, 780, 781, 782, 851, 891, 95\/12, 95\/14, 951, 981<\/span><\/div><div>\u00a0<\/div><div><ul><li><span style=\"text-decoration: underline;color: #fdb819\">En option<\/span><span style=\"color: #fdb819\">,<\/span> vous trouverez \u00e9galement\u00a0pour ce montage :<br \/><a href=\"https:\/\/edel.fr\/en\/joint-spi-mwm-arriere\/\" target=\"_blank\" rel=\"noopener\">&#8211; le joint spi<\/a><\/li><\/ul><\/div><p>Le kit d\u2019embrayage tracteur agricole est compos\u00e9 d\u2019un m\u00e9canisme, d\u2019un ou deux disques, d\u2019une ou deux but\u00e9es et du roulement pilote. De plus le kit complet comprend la totalit\u00e9 des pi\u00e8ces \u00e0 changer en atelier. Cependant les pi\u00e8ces de rechange qui le composent sont rigoureusement s\u00e9lectionn\u00e9es pour leur qualit\u00e9 et leur fiabilit\u00e9.\u00a0<\/p><p>Toutefois choisir de remplacer une pi\u00e8ce au d\u00e9tail peut s\u2019av\u00e9rer \u00eatre moins avantageux que de remplacer un ensemble complet. Nos kits se distinguent par la qualit\u00e9 de nos but\u00e9es d\u2019embrayages et roulements pilotes. Une but\u00e9e adaptable qui grippe conduit irr\u00e9m\u00e9diablement \u00e0 la destruction du m\u00e9canisme.<\/p><p>Car pour le montage d\u2019un kit d\u2019embrayage agricole, les pi\u00e8ces p\u00e9riph\u00e9riques doivent proc\u00e9der \u00e0 un examen minutieux. Notamment, le volant moteur et les diff\u00e9rents joints spi.<\/p><p>En effet, pour le syst\u00e8me de commande, une vigilance particuli\u00e8re est \u00e0 porter au c\u00e2ble, a la tringlerie et au circuit hydraulique. En cas de doute, ces composants doivent absolument \u00eatre remis \u00e0 niveau pour permettre le parfait fonctionnement de l\u2019embrayage.<\/p><p>Bien s\u00fbr, pour plus de renseignements, n&rsquo;h\u00e9sitez pas \u00e0 nous consulter !<\/p>\t\t\t\t\t\t\t\t<\/div>\n\t\t\t\t<\/div>\n\t\t\t\t\t<\/div>\n\t\t<\/div>\n\t\t\t\t\t<\/div>\n\t\t<\/section>\n\t\t\t\t<\/div>","protected":false},"excerpt":{"rendered":"<p>Kit Embrayage Renault Claas Complet &#8211; M\u00c9CANISME DOUBLE, DISQUE AVANCEMENT C\u00c9RAM\u00c9TALLIQUE, 2 BUT\u00c9ES ET ROULEMENT PILOTE \u2013 \u00d8310\/310 \u2013 16\/18 CANNELURES Information du produit : Kit embrayage de la marque : Renault Claas Renault 103.54, 103\/14, 106\/14, 751, 752, 780, 781, 782, 851, 891, 95\/12, 95\/14, 951, 981 En option, vous trouverez \u00e9galement\u00a0pour ce montage<br \/><a class=\"more-link\" href=\"https:\/\/edel.fr\/en\/product\/kit-complet-mecanisme-double-disque-av-cerametallique-2-butees-et-roulement-pilote-renault-claas-o310-310-16-18-cannelures\/\"><br \/>\n        Read More<span class=\"screen-reader-text\"> \u00ab\u00a0Kit Embrayage Renault Claas Complet 103.54 751 780 851 891 981\u00a0\u00bb<\/span><\/a><\/p>","protected":false},"featured_media":8221,"template":"","meta":[],"product_brand":[],"product_cat":[1141,3965,119,120],"product_tag":[143,124],"tracteur":[],"class_list":{"0":"post-5952","1":"product","2":"type-product","3":"status-publish","4":"has-post-thumbnail","6":"product_cat-kits-dembrayage","7":"product_cat-renault-claas","8":"product_cat-tracteurs-agricoles","9":"product_cat-transmissions","10":"product_tag-kits-dembrayage","11":"product_tag-transmissions","12":"product_shipping_class-142","13":"pa_fabriquant-kawe","14":"pa_marque-tracteur-renault-claas","15":"pa_modele-tracteur-103-54","16":"pa_modele-tracteur-103-14","17":"pa_modele-tracteur-106-14","18":"pa_modele-tracteur-4446","19":"pa_modele-tracteur-4447","20":"pa_modele-tracteur-4319","21":"pa_modele-tracteur-4448","22":"pa_modele-tracteur-3777","23":"pa_modele-tracteur-3779","24":"pa_modele-tracteur-3780","25":"pa_modele-tracteur-95-12","26":"pa_modele-tracteur-95-14","27":"pa_modele-tracteur-4451","28":"pa_modele-tracteur-3781","29":"badges-style-2","31":"first","32":"instock","33":"taxable","34":"shipping-taxable","35":"purchasable","36":"product-type-simple"},"acf":[],"yoast_head":"<!-- This site is optimized with the Yoast SEO plugin v27.3 - https:\/\/yoast.com\/product\/yoast-seo-wordpress\/ -->\n<title>Kit Embrayage Renault Claas Complet 103.54 751 780 851 891 981 - Edel<\/title>\n<meta name=\"description\" content=\"Kit Embrayage Renault Claas Complet - Disque avancement C\u00e9ram\u00e9tallique - \u00d8310\/310 - 103.54 103\/14 106\/14 751 752 780 781 782 851 891 95\/12 95\/14 951 981\" \/>\n<meta name=\"robots\" content=\"index, follow, max-snippet:-1, max-image-preview:large, max-video-preview:-1\" \/>\n<link rel=\"canonical\" href=\"https:\/\/edel.fr\/en\/product\/kit-complet-mecanisme-double-disque-av-cerametallique-2-butees-et-roulement-pilote-renault-claas-o310-310-16-18-cannelures\/\" \/>\n<meta property=\"og:locale\" content=\"en_US\" \/>\n<meta property=\"og:type\" content=\"article\" \/>\n<meta property=\"og:title\" content=\"Kit Embrayage Renault Claas Complet 103.54 751 780 851 891 981 - Edel\" \/>\n<meta property=\"og:description\" content=\"Kit Embrayage Renault Claas Complet - Disque avancement C\u00e9ram\u00e9tallique - \u00d8310\/310 - 103.54 103\/14 106\/14 751 752 780 781 782 851 891 95\/12 95\/14 951 981\" \/>\n<meta property=\"og:url\" content=\"https:\/\/edel.fr\/en\/product\/kit-complet-mecanisme-double-disque-av-cerametallique-2-butees-et-roulement-pilote-renault-claas-o310-310-16-18-cannelures\/\" \/>\n<meta property=\"og:site_name\" content=\"Edel\" \/>\n<meta property=\"article:modified_time\" content=\"2026-03-24T01:00:32+00:00\" \/>\n<meta property=\"og:image\" content=\"https:\/\/edel.fr\/uploads\/2019\/03\/KIT-COMPLET.jpg\" \/>\n\t<meta property=\"og:image:width\" content=\"1920\" \/>\n\t<meta property=\"og:image:height\" content=\"1440\" \/>\n\t<meta property=\"og:image:type\" content=\"image\/jpeg\" \/>\n<meta name=\"twitter:card\" content=\"summary_large_image\" \/>\n<meta name=\"twitter:label1\" content=\"Est. reading time\" \/>\n\t<meta name=\"twitter:data1\" content=\"2 minutes\" \/>\n<script type=\"application\/ld+json\" class=\"yoast-schema-graph\">{\"@context\":\"https:\\\/\\\/schema.org\",\"@graph\":[{\"@type\":\"WebPage\",\"@id\":\"https:\\\/\\\/edel.fr\\\/produit\\\/kit-complet-mecanisme-double-disque-av-cerametallique-2-butees-et-roulement-pilote-renault-claas-o310-310-16-18-cannelures\\\/\",\"url\":\"https:\\\/\\\/edel.fr\\\/produit\\\/kit-complet-mecanisme-double-disque-av-cerametallique-2-butees-et-roulement-pilote-renault-claas-o310-310-16-18-cannelures\\\/\",\"name\":\"Kit Embrayage Renault Claas Complet 103.54 751 780 851 891 981 - Edel\",\"isPartOf\":{\"@id\":\"https:\\\/\\\/www.edel.fr\\\/en\\\/#website\"},\"primaryImageOfPage\":{\"@id\":\"https:\\\/\\\/edel.fr\\\/produit\\\/kit-complet-mecanisme-double-disque-av-cerametallique-2-butees-et-roulement-pilote-renault-claas-o310-310-16-18-cannelures\\\/#primaryimage\"},\"image\":{\"@id\":\"https:\\\/\\\/edel.fr\\\/produit\\\/kit-complet-mecanisme-double-disque-av-cerametallique-2-butees-et-roulement-pilote-renault-claas-o310-310-16-18-cannelures\\\/#primaryimage\"},\"thumbnailUrl\":\"https:\\\/\\\/edel.fr\\\/uploads\\\/2019\\\/03\\\/KIT-COMPLET.jpg\",\"datePublished\":\"2019-03-11T08:24:39+00:00\",\"dateModified\":\"2026-03-24T01:00:32+00:00\",\"description\":\"Kit Embrayage Renault Claas Complet - Disque avancement C\u00e9ram\u00e9tallique - \u00d8310\\\/310 - 103.54 103\\\/14 106\\\/14 751 752 780 781 782 851 891 95\\\/12 95\\\/14 951 981\",\"breadcrumb\":{\"@id\":\"https:\\\/\\\/edel.fr\\\/produit\\\/kit-complet-mecanisme-double-disque-av-cerametallique-2-butees-et-roulement-pilote-renault-claas-o310-310-16-18-cannelures\\\/#breadcrumb\"},\"inLanguage\":\"en-US\",\"potentialAction\":[{\"@type\":\"ReadAction\",\"target\":[\"https:\\\/\\\/edel.fr\\\/produit\\\/kit-complet-mecanisme-double-disque-av-cerametallique-2-butees-et-roulement-pilote-renault-claas-o310-310-16-18-cannelures\\\/\"]}]},{\"@type\":\"ImageObject\",\"inLanguage\":\"en-US\",\"@id\":\"https:\\\/\\\/edel.fr\\\/produit\\\/kit-complet-mecanisme-double-disque-av-cerametallique-2-butees-et-roulement-pilote-renault-claas-o310-310-16-18-cannelures\\\/#primaryimage\",\"url\":\"https:\\\/\\\/edel.fr\\\/uploads\\\/2019\\\/03\\\/KIT-COMPLET.jpg\",\"contentUrl\":\"https:\\\/\\\/edel.fr\\\/uploads\\\/2019\\\/03\\\/KIT-COMPLET.jpg\",\"width\":1920,\"height\":1440,\"caption\":\"KIT COMPLET M\u00e9canisme double, disque AV. C\u00e9ram\u00e9tallique, 2 but\u00e9es et roulement pilote - Renault Claas - \u00d8310\\\/310 - 16\\\/18 Cannelures\"},{\"@type\":\"BreadcrumbList\",\"@id\":\"https:\\\/\\\/edel.fr\\\/produit\\\/kit-complet-mecanisme-double-disque-av-cerametallique-2-butees-et-roulement-pilote-renault-claas-o310-310-16-18-cannelures\\\/#breadcrumb\",\"itemListElement\":[{\"@type\":\"ListItem\",\"position\":1,\"name\":\"Pi\u00e8ce Tracteur\",\"item\":\"https:\\\/\\\/www.edel.fr\\\/en\\\/\"},{\"@type\":\"ListItem\",\"position\":2,\"name\":\"Toutes nos pi\u00e8ces Tracteur\",\"item\":\"https:\\\/\\\/edel.fr\\\/shop\\\/\"},{\"@type\":\"ListItem\",\"position\":3,\"name\":\"Kit Embrayage Renault Claas Complet 103.54 751 780 851 891 981\"}]},{\"@type\":\"WebSite\",\"@id\":\"https:\\\/\\\/www.edel.fr\\\/en\\\/#website\",\"url\":\"https:\\\/\\\/www.edel.fr\\\/en\\\/\",\"name\":\"Edel\",\"description\":\"Pi\u00e8ce d\u00e9tach\u00e9e de Tracteur Agricole\",\"publisher\":{\"@id\":\"https:\\\/\\\/www.edel.fr\\\/en\\\/#organization\"},\"potentialAction\":[{\"@type\":\"SearchAction\",\"target\":{\"@type\":\"EntryPoint\",\"urlTemplate\":\"https:\\\/\\\/www.edel.fr\\\/en\\\/?s={search_term_string}\"},\"query-input\":{\"@type\":\"PropertyValueSpecification\",\"valueRequired\":true,\"valueName\":\"search_term_string\"}}],\"inLanguage\":\"en-US\"},{\"@type\":\"Organization\",\"@id\":\"https:\\\/\\\/www.edel.fr\\\/en\\\/#organization\",\"name\":\"Edel\",\"url\":\"https:\\\/\\\/www.edel.fr\\\/en\\\/\",\"logo\":{\"@type\":\"ImageObject\",\"inLanguage\":\"en-US\",\"@id\":\"https:\\\/\\\/www.edel.fr\\\/en\\\/#\\\/schema\\\/logo\\\/image\\\/\",\"url\":\"https:\\\/\\\/www.edel.fr\\\/uploads\\\/2018\\\/11\\\/logo-edel.png\",\"contentUrl\":\"https:\\\/\\\/www.edel.fr\\\/uploads\\\/2018\\\/11\\\/logo-edel.png\",\"width\":257,\"height\":68,\"caption\":\"Edel\"},\"image\":{\"@id\":\"https:\\\/\\\/www.edel.fr\\\/en\\\/#\\\/schema\\\/logo\\\/image\\\/\"}}]}<\/script>\n<!-- \/ Yoast SEO plugin. -->","yoast_head_json":{"title":"Kit Embrayage Renault Claas Complet 103.54 751 780 851 891 981 - Edel","description":"Kit Embrayage Renault Claas Complet - Disque avancement C\u00e9ram\u00e9tallique - \u00d8310\/310 - 103.54 103\/14 106\/14 751 752 780 781 782 851 891 95\/12 95\/14 951 981","robots":{"index":"index","follow":"follow","max-snippet":"max-snippet:-1","max-image-preview":"max-image-preview:large","max-video-preview":"max-video-preview:-1"},"canonical":"https:\/\/edel.fr\/en\/product\/kit-complet-mecanisme-double-disque-av-cerametallique-2-butees-et-roulement-pilote-renault-claas-o310-310-16-18-cannelures\/","og_locale":"en_US","og_type":"article","og_title":"Kit Embrayage Renault Claas Complet 103.54 751 780 851 891 981 - Edel","og_description":"Kit Embrayage Renault Claas Complet - Disque avancement C\u00e9ram\u00e9tallique - \u00d8310\/310 - 103.54 103\/14 106\/14 751 752 780 781 782 851 891 95\/12 95\/14 951 981","og_url":"https:\/\/edel.fr\/en\/product\/kit-complet-mecanisme-double-disque-av-cerametallique-2-butees-et-roulement-pilote-renault-claas-o310-310-16-18-cannelures\/","og_site_name":"Edel","article_modified_time":"2026-03-24T01:00:32+00:00","og_image":[{"width":1920,"height":1440,"url":"https:\/\/edel.fr\/uploads\/2019\/03\/KIT-COMPLET.jpg","type":"image\/jpeg"}],"twitter_card":"summary_large_image","twitter_misc":{"Est. reading time":"2 minutes"},"schema":{"@context":"https:\/\/schema.org","@graph":[{"@type":"WebPage","@id":"https:\/\/edel.fr\/produit\/kit-complet-mecanisme-double-disque-av-cerametallique-2-butees-et-roulement-pilote-renault-claas-o310-310-16-18-cannelures\/","url":"https:\/\/edel.fr\/produit\/kit-complet-mecanisme-double-disque-av-cerametallique-2-butees-et-roulement-pilote-renault-claas-o310-310-16-18-cannelures\/","name":"Kit Embrayage Renault Claas Complet 103.54 751 780 851 891 981 - Edel","isPartOf":{"@id":"https:\/\/www.edel.fr\/en\/#website"},"primaryImageOfPage":{"@id":"https:\/\/edel.fr\/produit\/kit-complet-mecanisme-double-disque-av-cerametallique-2-butees-et-roulement-pilote-renault-claas-o310-310-16-18-cannelures\/#primaryimage"},"image":{"@id":"https:\/\/edel.fr\/produit\/kit-complet-mecanisme-double-disque-av-cerametallique-2-butees-et-roulement-pilote-renault-claas-o310-310-16-18-cannelures\/#primaryimage"},"thumbnailUrl":"https:\/\/edel.fr\/uploads\/2019\/03\/KIT-COMPLET.jpg","datePublished":"2019-03-11T08:24:39+00:00","dateModified":"2026-03-24T01:00:32+00:00","description":"Kit Embrayage Renault Claas Complet - Disque avancement C\u00e9ram\u00e9tallique - \u00d8310\/310 - 103.54 103\/14 106\/14 751 752 780 781 782 851 891 95\/12 95\/14 951 981","breadcrumb":{"@id":"https:\/\/edel.fr\/produit\/kit-complet-mecanisme-double-disque-av-cerametallique-2-butees-et-roulement-pilote-renault-claas-o310-310-16-18-cannelures\/#breadcrumb"},"inLanguage":"en-US","potentialAction":[{"@type":"ReadAction","target":["https:\/\/edel.fr\/produit\/kit-complet-mecanisme-double-disque-av-cerametallique-2-butees-et-roulement-pilote-renault-claas-o310-310-16-18-cannelures\/"]}]},{"@type":"ImageObject","inLanguage":"en-US","@id":"https:\/\/edel.fr\/produit\/kit-complet-mecanisme-double-disque-av-cerametallique-2-butees-et-roulement-pilote-renault-claas-o310-310-16-18-cannelures\/#primaryimage","url":"https:\/\/edel.fr\/uploads\/2019\/03\/KIT-COMPLET.jpg","contentUrl":"https:\/\/edel.fr\/uploads\/2019\/03\/KIT-COMPLET.jpg","width":1920,"height":1440,"caption":"KIT COMPLET M\u00e9canisme double, disque AV. C\u00e9ram\u00e9tallique, 2 but\u00e9es et roulement pilote - Renault Claas - \u00d8310\/310 - 16\/18 Cannelures"},{"@type":"BreadcrumbList","@id":"https:\/\/edel.fr\/produit\/kit-complet-mecanisme-double-disque-av-cerametallique-2-butees-et-roulement-pilote-renault-claas-o310-310-16-18-cannelures\/#breadcrumb","itemListElement":[{"@type":"ListItem","position":1,"name":"Pi\u00e8ce Tracteur","item":"https:\/\/www.edel.fr\/en\/"},{"@type":"ListItem","position":2,"name":"Toutes nos pi\u00e8ces Tracteur","item":"https:\/\/edel.fr\/shop\/"},{"@type":"ListItem","position":3,"name":"Kit Embrayage Renault Claas Complet 103.54 751 780 851 891 981"}]},{"@type":"WebSite","@id":"https:\/\/www.edel.fr\/en\/#website","url":"https:\/\/www.edel.fr\/en\/","name":"Edel","description":"Pi\u00e8ce d\u00e9tach\u00e9e de Tracteur Agricole","publisher":{"@id":"https:\/\/www.edel.fr\/en\/#organization"},"potentialAction":[{"@type":"SearchAction","target":{"@type":"EntryPoint","urlTemplate":"https:\/\/www.edel.fr\/en\/?s={search_term_string}"},"query-input":{"@type":"PropertyValueSpecification","valueRequired":true,"valueName":"search_term_string"}}],"inLanguage":"en-US"},{"@type":"Organization","@id":"https:\/\/www.edel.fr\/en\/#organization","name":"Edel","url":"https:\/\/www.edel.fr\/en\/","logo":{"@type":"ImageObject","inLanguage":"en-US","@id":"https:\/\/www.edel.fr\/en\/#\/schema\/logo\/image\/","url":"https:\/\/www.edel.fr\/uploads\/2018\/11\/logo-edel.png","contentUrl":"https:\/\/www.edel.fr\/uploads\/2018\/11\/logo-edel.png","width":257,"height":68,"caption":"Edel"},"image":{"@id":"https:\/\/www.edel.fr\/en\/#\/schema\/logo\/image\/"}}]}},"_links":{"self":[{"href":"https:\/\/edel.fr\/en\/wp-json\/wp\/v2\/product\/5952","targetHints":{"allow":["GET"]}}],"collection":[{"href":"https:\/\/edel.fr\/en\/wp-json\/wp\/v2\/product"}],"about":[{"href":"https:\/\/edel.fr\/en\/wp-json\/wp\/v2\/types\/product"}],"version-history":[{"count":2,"href":"https:\/\/edel.fr\/en\/wp-json\/wp\/v2\/product\/5952\/revisions"}],"predecessor-version":[{"id":14414,"href":"https:\/\/edel.fr\/en\/wp-json\/wp\/v2\/product\/5952\/revisions\/14414"}],"wp:featuredmedia":[{"embeddable":true,"href":"https:\/\/edel.fr\/en\/wp-json\/wp\/v2\/media\/8221"}],"wp:attachment":[{"href":"https:\/\/edel.fr\/en\/wp-json\/wp\/v2\/media?parent=5952"}],"wp:term":[{"taxonomy":"product_brand","embeddable":true,"href":"https:\/\/edel.fr\/en\/wp-json\/wp\/v2\/product_brand?post=5952"},{"taxonomy":"product_cat","embeddable":true,"href":"https:\/\/edel.fr\/en\/wp-json\/wp\/v2\/product_cat?post=5952"},{"taxonomy":"product_tag","embeddable":true,"href":"https:\/\/edel.fr\/en\/wp-json\/wp\/v2\/product_tag?post=5952"},{"taxonomy":"tracteur","embeddable":true,"href":"https:\/\/edel.fr\/en\/wp-json\/wp\/v2\/tracteur?post=5952"}],"curies":[{"name":"wp","href":"https:\/\/api.w.org\/{rel}","templated":true}]}}