{"id":5959,"date":"2019-03-11T09:24:39","date_gmt":"2019-03-11T08:24:39","guid":{"rendered":"http:\/\/edel.stephanie.ct.webcd.lan\/shop\/kit-complet-mecanisme-simple-disque-av-cerametallique-butee-roulement-pilote-et-bague-case-ih-o300-10-cannelures\/"},"modified":"2025-11-05T21:05:46","modified_gmt":"2025-11-05T20:05:46","slug":"kit-complet-mecanisme-simple-disque-av-cerametallique-butee-roulement-pilote-et-bague-case-ih-o300-10-cannelures","status":"publish","type":"product","link":"https:\/\/edel.fr\/en\/product\/kit-complet-mecanisme-simple-disque-av-cerametallique-butee-roulement-pilote-et-bague-case-ih-o300-10-cannelures\/","title":{"rendered":"Embrayage Case Ih Kit Complet &#8211; 3210 3230 4120 4220 4230 CX75"},"content":{"rendered":"<div data-elementor-type=\"wp-post\" data-elementor-id=\"5959\" class=\"elementor elementor-5959\">\n\t\t\t\t\t\t<section class=\"elementor-section elementor-top-section elementor-element elementor-element-ded5283 elementor-section-boxed elementor-section-height-default elementor-section-height-default\" data-id=\"ded5283\" data-element_type=\"section\" data-e-type=\"section\">\n\t\t\t\t\t\t<div class=\"elementor-container elementor-column-gap-default\">\n\t\t\t\t\t<div class=\"elementor-column elementor-col-100 elementor-top-column elementor-element elementor-element-2a8e4c5\" data-id=\"2a8e4c5\" data-element_type=\"column\" data-e-type=\"column\">\n\t\t\t<div class=\"elementor-widget-wrap elementor-element-populated\">\n\t\t\t\t\t\t<div class=\"elementor-element elementor-element-0a9acdc elementor-widget elementor-widget-heading\" data-id=\"0a9acdc\" data-element_type=\"widget\" data-e-type=\"widget\" data-widget_type=\"heading.default\">\n\t\t\t\t<div class=\"elementor-widget-container\">\n\t\t\t\t\t<h2 class=\"elementor-heading-title elementor-size-default\">Kit Embrayage Case Ih Complet - M\u00c9CANISME SIMPLE, DISQUE AV. C\u00c9RAM\u00c9TALLIQUE, BUT\u00c9E, ROULEMENT PILOTE ET BAGUE\u00a0 \u00d8300 \u2013 10 CANNELURES<\/h2>\t\t\t\t<\/div>\n\t\t\t\t<\/div>\n\t\t\t\t\t<\/div>\n\t\t<\/div>\n\t\t\t\t\t<\/div>\n\t\t<\/section>\n\t\t\t\t<section class=\"elementor-section elementor-top-section elementor-element elementor-element-574dff9 elementor-section-boxed elementor-section-height-default elementor-section-height-default\" data-id=\"574dff9\" data-element_type=\"section\" data-e-type=\"section\">\n\t\t\t\t\t\t<div class=\"elementor-container elementor-column-gap-default\">\n\t\t\t\t\t<div class=\"elementor-column elementor-col-100 elementor-top-column elementor-element elementor-element-6446655\" data-id=\"6446655\" data-element_type=\"column\" data-e-type=\"column\">\n\t\t\t<div class=\"elementor-widget-wrap elementor-element-populated\">\n\t\t\t\t\t\t<div class=\"elementor-element elementor-element-df203f4 elementor-widget elementor-widget-heading\" data-id=\"df203f4\" data-element_type=\"widget\" data-e-type=\"widget\" data-widget_type=\"heading.default\">\n\t\t\t\t<div class=\"elementor-widget-container\">\n\t\t\t\t\t<h3 class=\"elementor-heading-title elementor-size-default\">Information du produit :<\/h3>\t\t\t\t<\/div>\n\t\t\t\t<\/div>\n\t\t\t\t\t<\/div>\n\t\t<\/div>\n\t\t\t\t\t<\/div>\n\t\t<\/section>\n\t\t\t\t<section class=\"elementor-section elementor-top-section elementor-element elementor-element-23551446 elementor-section-boxed elementor-section-height-default elementor-section-height-default\" data-id=\"23551446\" data-element_type=\"section\" data-e-type=\"section\">\n\t\t\t\t\t\t<div class=\"elementor-container elementor-column-gap-default\">\n\t\t\t\t\t<div class=\"elementor-column elementor-col-100 elementor-top-column elementor-element elementor-element-64932cbd\" data-id=\"64932cbd\" data-element_type=\"column\" data-e-type=\"column\">\n\t\t\t<div class=\"elementor-widget-wrap elementor-element-populated\">\n\t\t\t\t\t\t<div class=\"elementor-element elementor-element-2346003b elementor-widget elementor-widget-text-editor\" data-id=\"2346003b\" data-element_type=\"widget\" data-e-type=\"widget\" data-widget_type=\"text-editor.default\">\n\t\t\t\t<div class=\"elementor-widget-container\">\n\t\t\t\t\t\t\t\t\t<div><p>Kit embrayage de la marque : Case Ih<\/p><\/div><div>Case 278, 284, 3210, 3230, 4120, 4210, 4220, 4230, 4240, 475, 484, 485, 595, 685, 695, 785, 795, 885, 895, 995, CX75, CX95.<\/div><div>\u00a0<\/div><div><ul><li><span style=\"text-decoration: underline;color: #fdb819\">En option<\/span><span style=\"color: #fdb819\">,<\/span> vous trouverez \u00e9galement\u00a0pour ce montage :<br \/><a href=\"https:\/\/edel.fr\/en\/joint-spi-mwm-arriere\/\" target=\"_blank\" rel=\"noopener\">&#8211; le joint spi<\/a><br \/><a href=\"https:\/\/edel.fr\/en\/joint-couvercle-papier-case-ih-montage-ihc\/\" target=\"_blank\" rel=\"noopener\">&#8211; le joint de plaque<\/a>\u00a0<\/li><\/ul><\/div><p>Le kit d\u2019embrayage tracteur agricole est compos\u00e9 d\u2019un m\u00e9canisme, d\u2019un ou deux disques, d\u2019une ou deux but\u00e9es et du roulement pilote. De plus le kit complet comprend la totalit\u00e9 des pi\u00e8ces \u00e0 changer en atelier. Cependant les pi\u00e8ces de rechange qui le composent sont rigoureusement s\u00e9lectionn\u00e9es pour leur qualit\u00e9 et leur fiabilit\u00e9.\u00a0<\/p><p>Toutefois choisir de remplacer une pi\u00e8ce au d\u00e9tail peut s\u2019av\u00e9rer \u00eatre moins avantageux que de remplacer un ensemble complet. Nos kits se distinguent par la qualit\u00e9 de nos but\u00e9es d\u2019embrayages et roulements pilotes. Une but\u00e9e adaptable qui grippe conduit irr\u00e9m\u00e9diablement \u00e0 la destruction du m\u00e9canisme.<\/p><p>Car pour le montage d\u2019un kit d\u2019embrayage agricole, les pi\u00e8ces p\u00e9riph\u00e9riques doivent proc\u00e9der \u00e0 un examen minutieux. Notamment, le volant moteur et les diff\u00e9rents joints spi.<\/p><p>En effet, pour le syst\u00e8me de commande, une vigilance particuli\u00e8re est \u00e0 porter au c\u00e2ble, a la tringlerie et au circuit hydraulique. En cas de doute, ces composants doivent absolument \u00eatre remis \u00e0 niveau pour permettre le parfait fonctionnement de l\u2019embrayage.<\/p><p>Bien s\u00fbr, pour plus de renseignements, n&rsquo;h\u00e9sitez pas \u00e0 nous consulter !<\/p>\t\t\t\t\t\t\t\t<\/div>\n\t\t\t\t<\/div>\n\t\t\t\t\t<\/div>\n\t\t<\/div>\n\t\t\t\t\t<\/div>\n\t\t<\/section>\n\t\t\t\t<\/div>","protected":false},"excerpt":{"rendered":"<p>Kit Embrayage Case Ih Complet &#8211; M\u00c9CANISME SIMPLE, DISQUE AV. C\u00c9RAM\u00c9TALLIQUE, BUT\u00c9E, ROULEMENT PILOTE ET BAGUE\u00a0 \u00d8300 \u2013 10 CANNELURES Information du produit : Kit embrayage de la marque : Case Ih Case 278, 284, 3210, 3230, 4120, 4210, 4220, 4230, 4240, 475, 484, 485, 595, 685, 695, 785, 795, 885, 895, 995, CX75, CX95.<br \/><a class=\"more-link\" href=\"https:\/\/edel.fr\/en\/product\/kit-complet-mecanisme-simple-disque-av-cerametallique-butee-roulement-pilote-et-bague-case-ih-o300-10-cannelures\/\"><br \/>\n        Read More<span class=\"screen-reader-text\"> \u00ab\u00a0Embrayage Case Ih Kit Complet &#8211; 3210 3230 4120 4220 4230 CX75\u00a0\u00bb<\/span><\/a><\/p>","protected":false},"featured_media":4162,"template":"","meta":[],"product_brand":[],"product_cat":[1141,3945,119,120],"product_tag":[143,124],"tracteur":[],"class_list":{"0":"post-5959","1":"product","2":"type-product","3":"status-publish","4":"has-post-thumbnail","6":"product_cat-kits-dembrayage","7":"product_cat-case-ih","8":"product_cat-tracteurs-agricoles","9":"product_cat-transmissions","10":"product_tag-kits-dembrayage","11":"product_tag-transmissions","12":"product_shipping_class-142","13":"pa_fabriquant-luk","14":"pa_marque-tracteur-case-ih","15":"pa_modele-tracteur-cx","16":"pa_type-2-1349","17":"pa_type-2-1350","18":"pa_type-2-1295","19":"pa_type-2-1296","20":"pa_type-2-2290","21":"pa_type-2-1297","22":"pa_type-2-1298","23":"pa_type-2-1299","24":"pa_type-2-1300","25":"pa_type-2-1351","26":"pa_type-2-2812","27":"pa_type-2-1352","28":"pa_type-2-1436","29":"pa_type-2-1353","30":"pa_type-2-1985","31":"pa_type-2-1355","32":"pa_type-2-1356","33":"pa_type-2-1357","34":"pa_type-2-2137","35":"pa_type-2-1358","36":"pa_type-2-cx75","37":"pa_type-2-cx95","38":"badges-style-2","40":"first","41":"instock","42":"taxable","43":"shipping-taxable","44":"purchasable","45":"product-type-simple"},"acf":[],"yoast_head":"<!-- This site is optimized with the Yoast SEO plugin v27.3 - https:\/\/yoast.com\/product\/yoast-seo-wordpress\/ -->\n<title>Embrayage Case Ih Kit Complet - 3210 3230 4120 4220 4230 CX75 - Edel<\/title>\n<meta name=\"description\" content=\"Embrayage Case Ih Kit Complet - Disque AV. C\u00e9ram\u00e9tallique, but\u00e9e, roulement pilote - 278 284 4240 475 484 485 595 685 695 785 795 885 895 995 CX95\" \/>\n<meta name=\"robots\" content=\"index, follow, max-snippet:-1, max-image-preview:large, max-video-preview:-1\" \/>\n<link rel=\"canonical\" href=\"https:\/\/edel.fr\/en\/product\/kit-complet-mecanisme-simple-disque-av-cerametallique-butee-roulement-pilote-et-bague-case-ih-o300-10-cannelures\/\" \/>\n<meta property=\"og:locale\" content=\"en_US\" \/>\n<meta property=\"og:type\" content=\"article\" \/>\n<meta property=\"og:title\" content=\"Embrayage Case Ih Kit Complet - 3210 3230 4120 4220 4230 CX75 - Edel\" \/>\n<meta property=\"og:description\" content=\"Embrayage Case Ih Kit Complet - Disque AV. C\u00e9ram\u00e9tallique, but\u00e9e, roulement pilote - 278 284 4240 475 484 485 595 685 695 785 795 885 895 995 CX95\" \/>\n<meta property=\"og:url\" content=\"https:\/\/edel.fr\/en\/product\/kit-complet-mecanisme-simple-disque-av-cerametallique-butee-roulement-pilote-et-bague-case-ih-o300-10-cannelures\/\" \/>\n<meta property=\"og:site_name\" content=\"Edel\" \/>\n<meta property=\"article:modified_time\" content=\"2025-11-05T20:05:46+00:00\" \/>\n<meta property=\"og:image\" content=\"https:\/\/edel.fr\/uploads\/2018\/11\/K07.jpg\" \/>\n\t<meta property=\"og:image:width\" content=\"1920\" \/>\n\t<meta property=\"og:image:height\" content=\"1920\" \/>\n\t<meta property=\"og:image:type\" content=\"image\/jpeg\" \/>\n<meta name=\"twitter:card\" content=\"summary_large_image\" \/>\n<meta name=\"twitter:label1\" content=\"Est. reading time\" \/>\n\t<meta name=\"twitter:data1\" content=\"2 minutes\" \/>\n<script type=\"application\/ld+json\" class=\"yoast-schema-graph\">{\"@context\":\"https:\\\/\\\/schema.org\",\"@graph\":[{\"@type\":\"WebPage\",\"@id\":\"https:\\\/\\\/edel.fr\\\/en\\\/product\\\/kit-complet-mecanisme-simple-disque-av-cerametallique-butee-roulement-pilote-et-bague-case-ih-o300-10-cannelures\\\/\",\"url\":\"https:\\\/\\\/edel.fr\\\/en\\\/product\\\/kit-complet-mecanisme-simple-disque-av-cerametallique-butee-roulement-pilote-et-bague-case-ih-o300-10-cannelures\\\/\",\"name\":\"Embrayage Case Ih Kit Complet - 3210 3230 4120 4220 4230 CX75 - Edel\",\"isPartOf\":{\"@id\":\"http:\\\/\\\/www.edel.fr\\\/en\\\/#website\"},\"primaryImageOfPage\":{\"@id\":\"https:\\\/\\\/edel.fr\\\/en\\\/product\\\/kit-complet-mecanisme-simple-disque-av-cerametallique-butee-roulement-pilote-et-bague-case-ih-o300-10-cannelures\\\/#primaryimage\"},\"image\":{\"@id\":\"https:\\\/\\\/edel.fr\\\/en\\\/product\\\/kit-complet-mecanisme-simple-disque-av-cerametallique-butee-roulement-pilote-et-bague-case-ih-o300-10-cannelures\\\/#primaryimage\"},\"thumbnailUrl\":\"https:\\\/\\\/edel.fr\\\/uploads\\\/2018\\\/11\\\/K07.jpg\",\"datePublished\":\"2019-03-11T08:24:39+00:00\",\"dateModified\":\"2025-11-05T20:05:46+00:00\",\"description\":\"Embrayage Case Ih Kit Complet - Disque AV. C\u00e9ram\u00e9tallique, but\u00e9e, roulement pilote - 278 284 4240 475 484 485 595 685 695 785 795 885 895 995 CX95\",\"breadcrumb\":{\"@id\":\"https:\\\/\\\/edel.fr\\\/en\\\/product\\\/kit-complet-mecanisme-simple-disque-av-cerametallique-butee-roulement-pilote-et-bague-case-ih-o300-10-cannelures\\\/#breadcrumb\"},\"inLanguage\":\"en-US\",\"potentialAction\":[{\"@type\":\"ReadAction\",\"target\":[\"https:\\\/\\\/edel.fr\\\/en\\\/product\\\/kit-complet-mecanisme-simple-disque-av-cerametallique-butee-roulement-pilote-et-bague-case-ih-o300-10-cannelures\\\/\"]}]},{\"@type\":\"ImageObject\",\"inLanguage\":\"en-US\",\"@id\":\"https:\\\/\\\/edel.fr\\\/en\\\/product\\\/kit-complet-mecanisme-simple-disque-av-cerametallique-butee-roulement-pilote-et-bague-case-ih-o300-10-cannelures\\\/#primaryimage\",\"url\":\"https:\\\/\\\/edel.fr\\\/uploads\\\/2018\\\/11\\\/K07.jpg\",\"contentUrl\":\"https:\\\/\\\/edel.fr\\\/uploads\\\/2018\\\/11\\\/K07.jpg\",\"width\":1920,\"height\":1920,\"caption\":\"Kit Embrayage Case Ih Complet\"},{\"@type\":\"BreadcrumbList\",\"@id\":\"https:\\\/\\\/edel.fr\\\/en\\\/product\\\/kit-complet-mecanisme-simple-disque-av-cerametallique-butee-roulement-pilote-et-bague-case-ih-o300-10-cannelures\\\/#breadcrumb\",\"itemListElement\":[{\"@type\":\"ListItem\",\"position\":1,\"name\":\"Pi\u00e8ce Tracteur\",\"item\":\"http:\\\/\\\/www.edel.fr\\\/en\\\/\"},{\"@type\":\"ListItem\",\"position\":2,\"name\":\"Toutes nos pi\u00e8ces Tracteur\",\"item\":\"https:\\\/\\\/edel.fr\\\/shop\\\/\"},{\"@type\":\"ListItem\",\"position\":3,\"name\":\"Embrayage Case Ih Kit Complet &#8211; 3210 3230 4120 4220 4230 CX75\"}]},{\"@type\":\"WebSite\",\"@id\":\"http:\\\/\\\/www.edel.fr\\\/en\\\/#website\",\"url\":\"http:\\\/\\\/www.edel.fr\\\/en\\\/\",\"name\":\"Edel\",\"description\":\"Pi\u00e8ce d\u00e9tach\u00e9e de Tracteur Agricole\",\"publisher\":{\"@id\":\"http:\\\/\\\/www.edel.fr\\\/en\\\/#organization\"},\"potentialAction\":[{\"@type\":\"SearchAction\",\"target\":{\"@type\":\"EntryPoint\",\"urlTemplate\":\"http:\\\/\\\/www.edel.fr\\\/en\\\/?s={search_term_string}\"},\"query-input\":{\"@type\":\"PropertyValueSpecification\",\"valueRequired\":true,\"valueName\":\"search_term_string\"}}],\"inLanguage\":\"en-US\"},{\"@type\":\"Organization\",\"@id\":\"http:\\\/\\\/www.edel.fr\\\/en\\\/#organization\",\"name\":\"Edel\",\"url\":\"http:\\\/\\\/www.edel.fr\\\/en\\\/\",\"logo\":{\"@type\":\"ImageObject\",\"inLanguage\":\"en-US\",\"@id\":\"http:\\\/\\\/www.edel.fr\\\/en\\\/#\\\/schema\\\/logo\\\/image\\\/\",\"url\":\"https:\\\/\\\/www.edel.fr\\\/uploads\\\/2018\\\/11\\\/logo-edel.png\",\"contentUrl\":\"https:\\\/\\\/www.edel.fr\\\/uploads\\\/2018\\\/11\\\/logo-edel.png\",\"width\":257,\"height\":68,\"caption\":\"Edel\"},\"image\":{\"@id\":\"http:\\\/\\\/www.edel.fr\\\/en\\\/#\\\/schema\\\/logo\\\/image\\\/\"}}]}<\/script>\n<!-- \/ Yoast SEO plugin. -->","yoast_head_json":{"title":"Embrayage Case Ih Kit Complet - 3210 3230 4120 4220 4230 CX75 - Edel","description":"Embrayage Case Ih Kit Complet - Disque AV. C\u00e9ram\u00e9tallique, but\u00e9e, roulement pilote - 278 284 4240 475 484 485 595 685 695 785 795 885 895 995 CX95","robots":{"index":"index","follow":"follow","max-snippet":"max-snippet:-1","max-image-preview":"max-image-preview:large","max-video-preview":"max-video-preview:-1"},"canonical":"https:\/\/edel.fr\/en\/product\/kit-complet-mecanisme-simple-disque-av-cerametallique-butee-roulement-pilote-et-bague-case-ih-o300-10-cannelures\/","og_locale":"en_US","og_type":"article","og_title":"Embrayage Case Ih Kit Complet - 3210 3230 4120 4220 4230 CX75 - Edel","og_description":"Embrayage Case Ih Kit Complet - Disque AV. C\u00e9ram\u00e9tallique, but\u00e9e, roulement pilote - 278 284 4240 475 484 485 595 685 695 785 795 885 895 995 CX95","og_url":"https:\/\/edel.fr\/en\/product\/kit-complet-mecanisme-simple-disque-av-cerametallique-butee-roulement-pilote-et-bague-case-ih-o300-10-cannelures\/","og_site_name":"Edel","article_modified_time":"2025-11-05T20:05:46+00:00","og_image":[{"width":1920,"height":1920,"url":"https:\/\/edel.fr\/uploads\/2018\/11\/K07.jpg","type":"image\/jpeg"}],"twitter_card":"summary_large_image","twitter_misc":{"Est. reading time":"2 minutes"},"schema":{"@context":"https:\/\/schema.org","@graph":[{"@type":"WebPage","@id":"https:\/\/edel.fr\/en\/product\/kit-complet-mecanisme-simple-disque-av-cerametallique-butee-roulement-pilote-et-bague-case-ih-o300-10-cannelures\/","url":"https:\/\/edel.fr\/en\/product\/kit-complet-mecanisme-simple-disque-av-cerametallique-butee-roulement-pilote-et-bague-case-ih-o300-10-cannelures\/","name":"Embrayage Case Ih Kit Complet - 3210 3230 4120 4220 4230 CX75 - Edel","isPartOf":{"@id":"http:\/\/www.edel.fr\/en\/#website"},"primaryImageOfPage":{"@id":"https:\/\/edel.fr\/en\/product\/kit-complet-mecanisme-simple-disque-av-cerametallique-butee-roulement-pilote-et-bague-case-ih-o300-10-cannelures\/#primaryimage"},"image":{"@id":"https:\/\/edel.fr\/en\/product\/kit-complet-mecanisme-simple-disque-av-cerametallique-butee-roulement-pilote-et-bague-case-ih-o300-10-cannelures\/#primaryimage"},"thumbnailUrl":"https:\/\/edel.fr\/uploads\/2018\/11\/K07.jpg","datePublished":"2019-03-11T08:24:39+00:00","dateModified":"2025-11-05T20:05:46+00:00","description":"Embrayage Case Ih Kit Complet - Disque AV. C\u00e9ram\u00e9tallique, but\u00e9e, roulement pilote - 278 284 4240 475 484 485 595 685 695 785 795 885 895 995 CX95","breadcrumb":{"@id":"https:\/\/edel.fr\/en\/product\/kit-complet-mecanisme-simple-disque-av-cerametallique-butee-roulement-pilote-et-bague-case-ih-o300-10-cannelures\/#breadcrumb"},"inLanguage":"en-US","potentialAction":[{"@type":"ReadAction","target":["https:\/\/edel.fr\/en\/product\/kit-complet-mecanisme-simple-disque-av-cerametallique-butee-roulement-pilote-et-bague-case-ih-o300-10-cannelures\/"]}]},{"@type":"ImageObject","inLanguage":"en-US","@id":"https:\/\/edel.fr\/en\/product\/kit-complet-mecanisme-simple-disque-av-cerametallique-butee-roulement-pilote-et-bague-case-ih-o300-10-cannelures\/#primaryimage","url":"https:\/\/edel.fr\/uploads\/2018\/11\/K07.jpg","contentUrl":"https:\/\/edel.fr\/uploads\/2018\/11\/K07.jpg","width":1920,"height":1920,"caption":"Kit Embrayage Case Ih Complet"},{"@type":"BreadcrumbList","@id":"https:\/\/edel.fr\/en\/product\/kit-complet-mecanisme-simple-disque-av-cerametallique-butee-roulement-pilote-et-bague-case-ih-o300-10-cannelures\/#breadcrumb","itemListElement":[{"@type":"ListItem","position":1,"name":"Pi\u00e8ce Tracteur","item":"http:\/\/www.edel.fr\/en\/"},{"@type":"ListItem","position":2,"name":"Toutes nos pi\u00e8ces Tracteur","item":"https:\/\/edel.fr\/shop\/"},{"@type":"ListItem","position":3,"name":"Embrayage Case Ih Kit Complet &#8211; 3210 3230 4120 4220 4230 CX75"}]},{"@type":"WebSite","@id":"http:\/\/www.edel.fr\/en\/#website","url":"http:\/\/www.edel.fr\/en\/","name":"Edel","description":"Pi\u00e8ce d\u00e9tach\u00e9e de Tracteur Agricole","publisher":{"@id":"http:\/\/www.edel.fr\/en\/#organization"},"potentialAction":[{"@type":"SearchAction","target":{"@type":"EntryPoint","urlTemplate":"http:\/\/www.edel.fr\/en\/?s={search_term_string}"},"query-input":{"@type":"PropertyValueSpecification","valueRequired":true,"valueName":"search_term_string"}}],"inLanguage":"en-US"},{"@type":"Organization","@id":"http:\/\/www.edel.fr\/en\/#organization","name":"Edel","url":"http:\/\/www.edel.fr\/en\/","logo":{"@type":"ImageObject","inLanguage":"en-US","@id":"http:\/\/www.edel.fr\/en\/#\/schema\/logo\/image\/","url":"https:\/\/www.edel.fr\/uploads\/2018\/11\/logo-edel.png","contentUrl":"https:\/\/www.edel.fr\/uploads\/2018\/11\/logo-edel.png","width":257,"height":68,"caption":"Edel"},"image":{"@id":"http:\/\/www.edel.fr\/en\/#\/schema\/logo\/image\/"}}]}},"_links":{"self":[{"href":"https:\/\/edel.fr\/en\/wp-json\/wp\/v2\/product\/5959","targetHints":{"allow":["GET"]}}],"collection":[{"href":"https:\/\/edel.fr\/en\/wp-json\/wp\/v2\/product"}],"about":[{"href":"https:\/\/edel.fr\/en\/wp-json\/wp\/v2\/types\/product"}],"version-history":[{"count":2,"href":"https:\/\/edel.fr\/en\/wp-json\/wp\/v2\/product\/5959\/revisions"}],"predecessor-version":[{"id":14344,"href":"https:\/\/edel.fr\/en\/wp-json\/wp\/v2\/product\/5959\/revisions\/14344"}],"wp:featuredmedia":[{"embeddable":true,"href":"https:\/\/edel.fr\/en\/wp-json\/wp\/v2\/media\/4162"}],"wp:attachment":[{"href":"https:\/\/edel.fr\/en\/wp-json\/wp\/v2\/media?parent=5959"}],"wp:term":[{"taxonomy":"product_brand","embeddable":true,"href":"https:\/\/edel.fr\/en\/wp-json\/wp\/v2\/product_brand?post=5959"},{"taxonomy":"product_cat","embeddable":true,"href":"https:\/\/edel.fr\/en\/wp-json\/wp\/v2\/product_cat?post=5959"},{"taxonomy":"product_tag","embeddable":true,"href":"https:\/\/edel.fr\/en\/wp-json\/wp\/v2\/product_tag?post=5959"},{"taxonomy":"tracteur","embeddable":true,"href":"https:\/\/edel.fr\/en\/wp-json\/wp\/v2\/tracteur?post=5959"}],"curies":[{"name":"wp","href":"https:\/\/api.w.org\/{rel}","templated":true}]}}