{"id":5964,"date":"2019-03-11T09:24:43","date_gmt":"2019-03-11T08:24:43","guid":{"rendered":"http:\/\/edel.stephanie.ct.webcd.lan\/shop\/kit-complet-mecanisme-double-disque-av-cerametallique-2-butees-et-roulement-pilote-fiat-new-holland-o280-280-14-10-cannelures\/"},"modified":"2026-04-02T03:01:01","modified_gmt":"2026-04-02T01:01:01","slug":"kit-complet-mecanisme-double-disque-av-cerametallique-2-butees-et-roulement-pilote-fiat-new-holland-o280-280-14-10-cannelures","status":"publish","type":"product","link":"https:\/\/edel.fr\/en\/product\/kit-complet-mecanisme-double-disque-av-cerametallique-2-butees-et-roulement-pilote-fiat-new-holland-o280-280-14-10-cannelures\/","title":{"rendered":"Kit Embrayage Fiat Someca 580 680 780 8066 8090 tracteur"},"content":{"rendered":"<div data-elementor-type=\"wp-post\" data-elementor-id=\"5964\" class=\"elementor elementor-5964\">\n\t\t\t\t\t\t<section class=\"elementor-section elementor-top-section elementor-element elementor-element-ded603b elementor-section-boxed elementor-section-height-default elementor-section-height-default\" data-id=\"ded603b\" data-element_type=\"section\" data-e-type=\"section\">\n\t\t\t\t\t\t<div class=\"elementor-container elementor-column-gap-default\">\n\t\t\t\t\t<div class=\"elementor-column elementor-col-100 elementor-top-column elementor-element elementor-element-2a23a75\" data-id=\"2a23a75\" data-element_type=\"column\" data-e-type=\"column\">\n\t\t\t<div class=\"elementor-widget-wrap elementor-element-populated\">\n\t\t\t\t\t\t<div class=\"elementor-element elementor-element-383412e elementor-widget elementor-widget-heading\" data-id=\"383412e\" data-element_type=\"widget\" data-e-type=\"widget\" data-widget_type=\"heading.default\">\n\t\t\t\t<div class=\"elementor-widget-container\">\n\t\t\t\t\t<h2 class=\"elementor-heading-title elementor-size-default\">KIT EMBRAYAGE COMPLET <br><br>M\u00c9CANISME DOUBLE 280 \/ 280 MM - 10 \/ 14 CANNELURES <br><br>DISQUE AV. C\u00c9RAM\u00c9TALLIQUE<br><br>2 BUT\u00c9ES ET ROULEMENT PILOTE <\/h2>\t\t\t\t<\/div>\n\t\t\t\t<\/div>\n\t\t\t\t\t<\/div>\n\t\t<\/div>\n\t\t\t\t\t<\/div>\n\t\t<\/section>\n\t\t\t\t<section class=\"elementor-section elementor-top-section elementor-element elementor-element-3c363e7e elementor-section-boxed elementor-section-height-default elementor-section-height-default\" data-id=\"3c363e7e\" data-element_type=\"section\" data-e-type=\"section\">\n\t\t\t\t\t\t<div class=\"elementor-container elementor-column-gap-default\">\n\t\t\t\t\t<div class=\"elementor-column elementor-col-100 elementor-top-column elementor-element elementor-element-2eb241db\" data-id=\"2eb241db\" data-element_type=\"column\" data-e-type=\"column\">\n\t\t\t<div class=\"elementor-widget-wrap elementor-element-populated\">\n\t\t\t\t\t\t<div class=\"elementor-element elementor-element-4269bf78 elementor-widget elementor-widget-text-editor\" data-id=\"4269bf78\" data-element_type=\"widget\" data-e-type=\"widget\" data-widget_type=\"text-editor.default\">\n\t\t\t\t<div class=\"elementor-widget-container\">\n\t\t\t\t\t\t\t\t\t<div>\n<p>BUTEE AVANCEMENT : 50 X 90 X 22<\/p>\n<p>BUTEE PRISE DE FORCE : 70 X 110 X 20<\/p>\n<p>Attention, si les cotes de vos anciennes but\u00e9es ne correspondent pas avec celles ci-dessus, merci de nous contacter.<\/p>\n<p>Attention, si votre ancien montage est en 3 leviers + diaphragme merci de nous contacter.<\/p>\n<p>Pour tracteurs agricoles Fiat &#8211; New Holland :&nbsp;<\/p>\n<p><strong><span style=\"background-color: #ffffff\">FIAT :<\/span><\/strong><\/p>\n<p><span style=\"background-color: #ffffff\">446 &#8211; 450 &#8211; 466 &#8211; 470 &#8211; 474 &#8211; 480 &#8211; 500 &#8211; 540 &#8211; 550 &#8211; 566 &#8211; 570 &#8211; 580 &#8211; 590 &#8211; 600 &#8211; 640 &#8211; 666 &#8211; 670 &#8211; 680 &#8211; 740 &#8211; 766 &#8211; 780<\/span><\/p>\n<p><span style=\"background-color: #ffffff\">4030 &#8211; 4230 &#8211; 4430<\/span><\/p>\n<\/div>\n<div><span style=\"background-color: #ffffff\">5546 &#8211; 5566 &#8211; 5588 &#8211; 5590 &#8211; 6066 &#8211; 6076 &#8211; 6088 &#8211; 6090 &#8211; 6094 &#8211; 6286 &#8211; 6546 &#8211; 6566 &#8211; 6588 &#8211; 6590 &#8211; 6593 &#8211; 6594&nbsp;<\/span><br><span style=\"background-color: #ffffff\"><br><\/span><span style=\"background-color: #ffffff\">7066 &#8211; 7076 &#8211; 7088 &#8211; 7090 &#8211; 7286 &#8211; 7293 &#8211; 7294 &#8211; 8046 &#8211; 8066 &#8211; 8076 &#8211; 8088 &#8211; 8090 &#8211; 8286 &#8211; 8293 &#8211; 8294 &#8211; 8590 &#8211; 8893 &#8211; 8894<\/span><br><strong><span style=\"background-color: #ffffff\"><br><\/span><\/strong><span style=\"background-color: #ffffff\"><strong>AVJ :<\/strong> 55 &#8211; 60 &#8211; 70&nbsp;<\/span><br><span style=\"background-color: #ffffff\"><br><\/span><span style=\"background-color: #ffffff\"><strong>CASE IH :<\/strong> JX 85&nbsp; &nbsp;<\/span><br><span style=\"background-color: #ffffff\"><br><\/span><\/div>\n<p><strong>NEW HOLLAND :<\/strong> TD 75 &#8211; TD 80 &#8211; TD 85 &#8211; TD 90 &#8211; TD 3.90<\/p>\n<div>&nbsp;<\/div>\n<p>Le kit d&#8217;embrayage pour tracteur agricole est compos\u00e9 d&rsquo;un m\u00e9canisme, d&rsquo;un disque, d&rsquo;un roulement pilote et de deux but\u00e9es. Notre kit complet d&#8217;embrayage pour tracteur agricole comprend toutes les pi\u00e8ces n\u00e9cessaires \u00e0 la r\u00e9paration, soigneusement s\u00e9lectionn\u00e9es pour leur qualit\u00e9 et leur fiabilit\u00e9.<\/p>\n<p>Parfois, il peut \u00eatre plus avantageux de remplacer l&rsquo;ensemble complet d&#8217;embrayage plut\u00f4t que de remplacer une seule pi\u00e8ce individuelle. La qualit\u00e9 de nos but\u00e9es d&#8217;embrayage et de nos roulements pilotes distingue nos kits des autres. En effet, une but\u00e9e adaptable qui grippe peut entra\u00eener la destruction du m\u00e9canisme.<\/p>\n<p>Lors du montage du kit d&#8217;embrayage agricole, toutes les pi\u00e8ces p\u00e9riph\u00e9riques doivent \u00eatre minutieusement examin\u00e9es, notamment le volant moteur et les diff\u00e9rents joints spi. Une attention particuli\u00e8re doit \u00e9galement \u00eatre port\u00e9e au c\u00e2ble de commande, \u00e0 la tringlerie et au circuit hydraulique. Si l&rsquo;on a des doutes, il est essentiel de remettre ces composants \u00e0 niveau pour assurer le bon fonctionnement de l&#8217;embrayage.<\/p>\n<p>N&rsquo;h\u00e9sitez pas \u00e0 nous contacter pour plus d&rsquo;informations !<\/p>\t\t\t\t\t\t\t\t<\/div>\n\t\t\t\t<\/div>\n\t\t\t\t\t<\/div>\n\t\t<\/div>\n\t\t\t\t\t<\/div>\n\t\t<\/section>\n\t\t\t\t<\/div>","protected":false},"excerpt":{"rendered":"<p>KIT EMBRAYAGE COMPLET M\u00c9CANISME DOUBLE 280 \/ 280 MM &#8211; 10 \/ 14 CANNELURES DISQUE AV. C\u00c9RAM\u00c9TALLIQUE 2 BUT\u00c9ES ET ROULEMENT PILOTE BUTEE AVANCEMENT : 50 X 90 X 22 BUTEE PRISE DE FORCE : 70 X 110 X 20 Attention, si les cotes de vos anciennes but\u00e9es ne correspondent pas avec celles ci-dessus, merci<br \/><a class=\"more-link\" href=\"https:\/\/edel.fr\/en\/product\/kit-complet-mecanisme-double-disque-av-cerametallique-2-butees-et-roulement-pilote-fiat-new-holland-o280-280-14-10-cannelures\/\"><br \/>\n        Read More<span class=\"screen-reader-text\"> \u00ab\u00a0Kit Embrayage Fiat Someca 580 680 780 8066 8090 tracteur\u00a0\u00bb<\/span><\/a><\/p>","protected":false},"featured_media":4167,"template":"","meta":[],"product_brand":[],"product_cat":[1141,3956,119,120],"product_tag":[143,124],"tracteur":[],"class_list":{"0":"post-5964","1":"product","2":"type-product","3":"status-publish","4":"has-post-thumbnail","6":"product_cat-kits-dembrayage","7":"product_cat-fiat-new-holland","8":"product_cat-tracteurs-agricoles","9":"product_cat-transmissions","10":"product_tag-kits-dembrayage","11":"product_tag-transmissions","12":"product_shipping_class-142","13":"pa_fabriquant-kawe","14":"pa_marque-tracteur-avj","15":"pa_marque-tracteur-case-ih","16":"pa_marque-tracteur-fiat-new-holland","17":"pa_marque-tracteur-new-holland","18":"pa_modele-tracteur-3519","19":"pa_modele-tracteur-3520","20":"pa_modele-tracteur-3521","21":"pa_modele-tracteur-3506","22":"pa_modele-tracteur-3502","23":"pa_modele-tracteur-3507","24":"pa_modele-tracteur-4314","25":"pa_modele-tracteur-3508","26":"pa_modele-tracteur-3509","27":"pa_modele-tracteur-3510","28":"pa_modele-tracteur-3511","29":"pa_modele-tracteur-3512","30":"pa_modele-tracteur-3522","31":"pa_modele-tracteur-3523","32":"pa_modele-tracteur-4320","33":"pa_modele-tracteur-4321","34":"pa_modele-tracteur-3513","35":"pa_modele-tracteur-3514","36":"pa_modele-tracteur-4315","37":"pa_modele-tracteur-3672","38":"pa_modele-tracteur-3515","39":"pa_modele-tracteur-4322","40":"pa_modele-tracteur-3524","41":"pa_modele-tracteur-4323","42":"pa_modele-tracteur-4324","43":"pa_modele-tracteur-4325","44":"pa_modele-tracteur-4326","45":"pa_modele-tracteur-3516","46":"pa_modele-tracteur-4327","47":"pa_modele-tracteur-4328","48":"pa_modele-tracteur-4329","49":"pa_modele-tracteur-4330","50":"pa_modele-tracteur-4331","51":"pa_modele-tracteur-4332","52":"pa_modele-tracteur-3517","53":"pa_modele-tracteur-3518","54":"pa_modele-tracteur-4316","55":"pa_modele-tracteur-4333","56":"pa_modele-tracteur-3525","57":"pa_modele-tracteur-4334","58":"pa_modele-tracteur-4335","59":"pa_modele-tracteur-4336","60":"pa_modele-tracteur-4337","61":"pa_modele-tracteur-4317","62":"pa_modele-tracteur-4318","63":"pa_modele-tracteur-4319","64":"badges-style-2","66":"first","67":"instock","68":"taxable","69":"shipping-taxable","70":"purchasable","71":"product-type-simple"},"acf":[],"yoast_head":"<!-- This site is optimized with the Yoast SEO plugin v27.3 - https:\/\/yoast.com\/product\/yoast-seo-wordpress\/ -->\n<title>Kit Embrayage Fiat Someca 580 680 780 8066 8090 tracteur - Edel<\/title>\n<meta name=\"description\" content=\"Kit Embrayage Complet Fiat - M\u00e9canisme double, disque AV. C\u00e9ram\u00e9tallique, 2 but\u00e9es et roulement pilote - \u00d8280\/280 - 580 680 840 780 6066 8066 8088 8090 8590\" \/>\n<meta name=\"robots\" content=\"index, follow, max-snippet:-1, max-image-preview:large, max-video-preview:-1\" \/>\n<link rel=\"canonical\" href=\"https:\/\/edel.fr\/en\/product\/kit-complet-mecanisme-double-disque-av-cerametallique-2-butees-et-roulement-pilote-fiat-new-holland-o280-280-14-10-cannelures\/\" \/>\n<meta property=\"og:locale\" content=\"en_US\" \/>\n<meta property=\"og:type\" content=\"article\" \/>\n<meta property=\"og:title\" content=\"Kit Embrayage Fiat Someca 580 680 780 8066 8090 tracteur - Edel\" \/>\n<meta property=\"og:description\" content=\"Kit Embrayage Complet Fiat - M\u00e9canisme double, disque AV. C\u00e9ram\u00e9tallique, 2 but\u00e9es et roulement pilote - \u00d8280\/280 - 580 680 840 780 6066 8066 8088 8090 8590\" \/>\n<meta property=\"og:url\" content=\"https:\/\/edel.fr\/en\/product\/kit-complet-mecanisme-double-disque-av-cerametallique-2-butees-et-roulement-pilote-fiat-new-holland-o280-280-14-10-cannelures\/\" \/>\n<meta property=\"og:site_name\" content=\"Edel\" \/>\n<meta property=\"article:modified_time\" content=\"2026-04-02T01:01:01+00:00\" \/>\n<meta property=\"og:image\" content=\"https:\/\/edel.fr\/uploads\/2018\/11\/K12.jpg\" \/>\n\t<meta property=\"og:image:width\" content=\"1920\" \/>\n\t<meta property=\"og:image:height\" content=\"1920\" \/>\n\t<meta property=\"og:image:type\" content=\"image\/jpeg\" \/>\n<meta name=\"twitter:card\" content=\"summary_large_image\" \/>\n<meta name=\"twitter:label1\" content=\"Est. reading time\" \/>\n\t<meta name=\"twitter:data1\" content=\"2 minutes\" \/>\n<script type=\"application\/ld+json\" class=\"yoast-schema-graph\">{\"@context\":\"https:\\\/\\\/schema.org\",\"@graph\":[{\"@type\":\"WebPage\",\"@id\":\"https:\\\/\\\/edel.fr\\\/produit\\\/kit-complet-mecanisme-double-disque-av-cerametallique-2-butees-et-roulement-pilote-fiat-new-holland-o280-280-14-10-cannelures\\\/\",\"url\":\"https:\\\/\\\/edel.fr\\\/produit\\\/kit-complet-mecanisme-double-disque-av-cerametallique-2-butees-et-roulement-pilote-fiat-new-holland-o280-280-14-10-cannelures\\\/\",\"name\":\"Kit Embrayage Fiat Someca 580 680 780 8066 8090 tracteur - Edel\",\"isPartOf\":{\"@id\":\"https:\\\/\\\/www.edel.fr\\\/en\\\/#website\"},\"primaryImageOfPage\":{\"@id\":\"https:\\\/\\\/edel.fr\\\/produit\\\/kit-complet-mecanisme-double-disque-av-cerametallique-2-butees-et-roulement-pilote-fiat-new-holland-o280-280-14-10-cannelures\\\/#primaryimage\"},\"image\":{\"@id\":\"https:\\\/\\\/edel.fr\\\/produit\\\/kit-complet-mecanisme-double-disque-av-cerametallique-2-butees-et-roulement-pilote-fiat-new-holland-o280-280-14-10-cannelures\\\/#primaryimage\"},\"thumbnailUrl\":\"https:\\\/\\\/edel.fr\\\/uploads\\\/2018\\\/11\\\/K12.jpg\",\"datePublished\":\"2019-03-11T08:24:43+00:00\",\"dateModified\":\"2026-04-02T01:01:01+00:00\",\"description\":\"Kit Embrayage Complet Fiat - M\u00e9canisme double, disque AV. C\u00e9ram\u00e9tallique, 2 but\u00e9es et roulement pilote - \u00d8280\\\/280 - 580 680 840 780 6066 8066 8088 8090 8590\",\"breadcrumb\":{\"@id\":\"https:\\\/\\\/edel.fr\\\/produit\\\/kit-complet-mecanisme-double-disque-av-cerametallique-2-butees-et-roulement-pilote-fiat-new-holland-o280-280-14-10-cannelures\\\/#breadcrumb\"},\"inLanguage\":\"en-US\",\"potentialAction\":[{\"@type\":\"ReadAction\",\"target\":[\"https:\\\/\\\/edel.fr\\\/produit\\\/kit-complet-mecanisme-double-disque-av-cerametallique-2-butees-et-roulement-pilote-fiat-new-holland-o280-280-14-10-cannelures\\\/\"]}]},{\"@type\":\"ImageObject\",\"inLanguage\":\"en-US\",\"@id\":\"https:\\\/\\\/edel.fr\\\/produit\\\/kit-complet-mecanisme-double-disque-av-cerametallique-2-butees-et-roulement-pilote-fiat-new-holland-o280-280-14-10-cannelures\\\/#primaryimage\",\"url\":\"https:\\\/\\\/edel.fr\\\/uploads\\\/2018\\\/11\\\/K12.jpg\",\"contentUrl\":\"https:\\\/\\\/edel.fr\\\/uploads\\\/2018\\\/11\\\/K12.jpg\",\"width\":1920,\"height\":1920,\"caption\":\"Kit Embrayage Fiat Complet - 580 6588 780\\\/6066 8066 8090 8590\"},{\"@type\":\"BreadcrumbList\",\"@id\":\"https:\\\/\\\/edel.fr\\\/produit\\\/kit-complet-mecanisme-double-disque-av-cerametallique-2-butees-et-roulement-pilote-fiat-new-holland-o280-280-14-10-cannelures\\\/#breadcrumb\",\"itemListElement\":[{\"@type\":\"ListItem\",\"position\":1,\"name\":\"Pi\u00e8ce Tracteur\",\"item\":\"https:\\\/\\\/www.edel.fr\\\/en\\\/\"},{\"@type\":\"ListItem\",\"position\":2,\"name\":\"Toutes nos pi\u00e8ces Tracteur\",\"item\":\"https:\\\/\\\/edel.fr\\\/shop\\\/\"},{\"@type\":\"ListItem\",\"position\":3,\"name\":\"Kit Embrayage Fiat Someca 580 680 780 8066 8090 tracteur\"}]},{\"@type\":\"WebSite\",\"@id\":\"https:\\\/\\\/www.edel.fr\\\/en\\\/#website\",\"url\":\"https:\\\/\\\/www.edel.fr\\\/en\\\/\",\"name\":\"Edel\",\"description\":\"Pi\u00e8ce d\u00e9tach\u00e9e de Tracteur Agricole\",\"publisher\":{\"@id\":\"https:\\\/\\\/www.edel.fr\\\/en\\\/#organization\"},\"potentialAction\":[{\"@type\":\"SearchAction\",\"target\":{\"@type\":\"EntryPoint\",\"urlTemplate\":\"https:\\\/\\\/www.edel.fr\\\/en\\\/?s={search_term_string}\"},\"query-input\":{\"@type\":\"PropertyValueSpecification\",\"valueRequired\":true,\"valueName\":\"search_term_string\"}}],\"inLanguage\":\"en-US\"},{\"@type\":\"Organization\",\"@id\":\"https:\\\/\\\/www.edel.fr\\\/en\\\/#organization\",\"name\":\"Edel\",\"url\":\"https:\\\/\\\/www.edel.fr\\\/en\\\/\",\"logo\":{\"@type\":\"ImageObject\",\"inLanguage\":\"en-US\",\"@id\":\"https:\\\/\\\/www.edel.fr\\\/en\\\/#\\\/schema\\\/logo\\\/image\\\/\",\"url\":\"https:\\\/\\\/www.edel.fr\\\/uploads\\\/2018\\\/11\\\/logo-edel.png\",\"contentUrl\":\"https:\\\/\\\/www.edel.fr\\\/uploads\\\/2018\\\/11\\\/logo-edel.png\",\"width\":257,\"height\":68,\"caption\":\"Edel\"},\"image\":{\"@id\":\"https:\\\/\\\/www.edel.fr\\\/en\\\/#\\\/schema\\\/logo\\\/image\\\/\"}}]}<\/script>\n<!-- \/ Yoast SEO plugin. -->","yoast_head_json":{"title":"Kit Embrayage Fiat Someca 580 680 780 8066 8090 tracteur - Edel","description":"Kit Embrayage Complet Fiat - M\u00e9canisme double, disque AV. C\u00e9ram\u00e9tallique, 2 but\u00e9es et roulement pilote - \u00d8280\/280 - 580 680 840 780 6066 8066 8088 8090 8590","robots":{"index":"index","follow":"follow","max-snippet":"max-snippet:-1","max-image-preview":"max-image-preview:large","max-video-preview":"max-video-preview:-1"},"canonical":"https:\/\/edel.fr\/en\/product\/kit-complet-mecanisme-double-disque-av-cerametallique-2-butees-et-roulement-pilote-fiat-new-holland-o280-280-14-10-cannelures\/","og_locale":"en_US","og_type":"article","og_title":"Kit Embrayage Fiat Someca 580 680 780 8066 8090 tracteur - Edel","og_description":"Kit Embrayage Complet Fiat - M\u00e9canisme double, disque AV. C\u00e9ram\u00e9tallique, 2 but\u00e9es et roulement pilote - \u00d8280\/280 - 580 680 840 780 6066 8066 8088 8090 8590","og_url":"https:\/\/edel.fr\/en\/product\/kit-complet-mecanisme-double-disque-av-cerametallique-2-butees-et-roulement-pilote-fiat-new-holland-o280-280-14-10-cannelures\/","og_site_name":"Edel","article_modified_time":"2026-04-02T01:01:01+00:00","og_image":[{"width":1920,"height":1920,"url":"https:\/\/edel.fr\/uploads\/2018\/11\/K12.jpg","type":"image\/jpeg"}],"twitter_card":"summary_large_image","twitter_misc":{"Est. reading time":"2 minutes"},"schema":{"@context":"https:\/\/schema.org","@graph":[{"@type":"WebPage","@id":"https:\/\/edel.fr\/produit\/kit-complet-mecanisme-double-disque-av-cerametallique-2-butees-et-roulement-pilote-fiat-new-holland-o280-280-14-10-cannelures\/","url":"https:\/\/edel.fr\/produit\/kit-complet-mecanisme-double-disque-av-cerametallique-2-butees-et-roulement-pilote-fiat-new-holland-o280-280-14-10-cannelures\/","name":"Kit Embrayage Fiat Someca 580 680 780 8066 8090 tracteur - Edel","isPartOf":{"@id":"https:\/\/www.edel.fr\/en\/#website"},"primaryImageOfPage":{"@id":"https:\/\/edel.fr\/produit\/kit-complet-mecanisme-double-disque-av-cerametallique-2-butees-et-roulement-pilote-fiat-new-holland-o280-280-14-10-cannelures\/#primaryimage"},"image":{"@id":"https:\/\/edel.fr\/produit\/kit-complet-mecanisme-double-disque-av-cerametallique-2-butees-et-roulement-pilote-fiat-new-holland-o280-280-14-10-cannelures\/#primaryimage"},"thumbnailUrl":"https:\/\/edel.fr\/uploads\/2018\/11\/K12.jpg","datePublished":"2019-03-11T08:24:43+00:00","dateModified":"2026-04-02T01:01:01+00:00","description":"Kit Embrayage Complet Fiat - M\u00e9canisme double, disque AV. C\u00e9ram\u00e9tallique, 2 but\u00e9es et roulement pilote - \u00d8280\/280 - 580 680 840 780 6066 8066 8088 8090 8590","breadcrumb":{"@id":"https:\/\/edel.fr\/produit\/kit-complet-mecanisme-double-disque-av-cerametallique-2-butees-et-roulement-pilote-fiat-new-holland-o280-280-14-10-cannelures\/#breadcrumb"},"inLanguage":"en-US","potentialAction":[{"@type":"ReadAction","target":["https:\/\/edel.fr\/produit\/kit-complet-mecanisme-double-disque-av-cerametallique-2-butees-et-roulement-pilote-fiat-new-holland-o280-280-14-10-cannelures\/"]}]},{"@type":"ImageObject","inLanguage":"en-US","@id":"https:\/\/edel.fr\/produit\/kit-complet-mecanisme-double-disque-av-cerametallique-2-butees-et-roulement-pilote-fiat-new-holland-o280-280-14-10-cannelures\/#primaryimage","url":"https:\/\/edel.fr\/uploads\/2018\/11\/K12.jpg","contentUrl":"https:\/\/edel.fr\/uploads\/2018\/11\/K12.jpg","width":1920,"height":1920,"caption":"Kit Embrayage Fiat Complet - 580 6588 780\/6066 8066 8090 8590"},{"@type":"BreadcrumbList","@id":"https:\/\/edel.fr\/produit\/kit-complet-mecanisme-double-disque-av-cerametallique-2-butees-et-roulement-pilote-fiat-new-holland-o280-280-14-10-cannelures\/#breadcrumb","itemListElement":[{"@type":"ListItem","position":1,"name":"Pi\u00e8ce Tracteur","item":"https:\/\/www.edel.fr\/en\/"},{"@type":"ListItem","position":2,"name":"Toutes nos pi\u00e8ces Tracteur","item":"https:\/\/edel.fr\/shop\/"},{"@type":"ListItem","position":3,"name":"Kit Embrayage Fiat Someca 580 680 780 8066 8090 tracteur"}]},{"@type":"WebSite","@id":"https:\/\/www.edel.fr\/en\/#website","url":"https:\/\/www.edel.fr\/en\/","name":"Edel","description":"Pi\u00e8ce d\u00e9tach\u00e9e de Tracteur Agricole","publisher":{"@id":"https:\/\/www.edel.fr\/en\/#organization"},"potentialAction":[{"@type":"SearchAction","target":{"@type":"EntryPoint","urlTemplate":"https:\/\/www.edel.fr\/en\/?s={search_term_string}"},"query-input":{"@type":"PropertyValueSpecification","valueRequired":true,"valueName":"search_term_string"}}],"inLanguage":"en-US"},{"@type":"Organization","@id":"https:\/\/www.edel.fr\/en\/#organization","name":"Edel","url":"https:\/\/www.edel.fr\/en\/","logo":{"@type":"ImageObject","inLanguage":"en-US","@id":"https:\/\/www.edel.fr\/en\/#\/schema\/logo\/image\/","url":"https:\/\/www.edel.fr\/uploads\/2018\/11\/logo-edel.png","contentUrl":"https:\/\/www.edel.fr\/uploads\/2018\/11\/logo-edel.png","width":257,"height":68,"caption":"Edel"},"image":{"@id":"https:\/\/www.edel.fr\/en\/#\/schema\/logo\/image\/"}}]}},"_links":{"self":[{"href":"https:\/\/edel.fr\/en\/wp-json\/wp\/v2\/product\/5964","targetHints":{"allow":["GET"]}}],"collection":[{"href":"https:\/\/edel.fr\/en\/wp-json\/wp\/v2\/product"}],"about":[{"href":"https:\/\/edel.fr\/en\/wp-json\/wp\/v2\/types\/product"}],"version-history":[{"count":2,"href":"https:\/\/edel.fr\/en\/wp-json\/wp\/v2\/product\/5964\/revisions"}],"predecessor-version":[{"id":17999,"href":"https:\/\/edel.fr\/en\/wp-json\/wp\/v2\/product\/5964\/revisions\/17999"}],"wp:featuredmedia":[{"embeddable":true,"href":"https:\/\/edel.fr\/en\/wp-json\/wp\/v2\/media\/4167"}],"wp:attachment":[{"href":"https:\/\/edel.fr\/en\/wp-json\/wp\/v2\/media?parent=5964"}],"wp:term":[{"taxonomy":"product_brand","embeddable":true,"href":"https:\/\/edel.fr\/en\/wp-json\/wp\/v2\/product_brand?post=5964"},{"taxonomy":"product_cat","embeddable":true,"href":"https:\/\/edel.fr\/en\/wp-json\/wp\/v2\/product_cat?post=5964"},{"taxonomy":"product_tag","embeddable":true,"href":"https:\/\/edel.fr\/en\/wp-json\/wp\/v2\/product_tag?post=5964"},{"taxonomy":"tracteur","embeddable":true,"href":"https:\/\/edel.fr\/en\/wp-json\/wp\/v2\/tracteur?post=5964"}],"curies":[{"name":"wp","href":"https:\/\/api.w.org\/{rel}","templated":true}]}}