{"id":5967,"date":"2019-03-11T09:24:43","date_gmt":"2019-03-11T08:24:43","guid":{"rendered":"http:\/\/edel.stephanie.ct.webcd.lan\/shop\/kit-complet-mecanisme-simple-disque-av-cerametallique-butee-roulement-pilote-fiat-new-holland-o350-18-cannelures\/"},"modified":"2025-11-05T21:06:03","modified_gmt":"2025-11-05T20:06:03","slug":"kit-complet-mecanisme-simple-disque-av-cerametallique-butee-roulement-pilote-fiat-new-holland-o350-18-cannelures","status":"publish","type":"product","link":"https:\/\/edel.fr\/en\/product\/kit-complet-mecanisme-simple-disque-av-cerametallique-butee-roulement-pilote-fiat-new-holland-o350-18-cannelures\/","title":{"rendered":"Kit Embrayage Tracteur Fiat 115\/90 1180 1280 1380 140\/90 1580"},"content":{"rendered":"<div data-elementor-type=\"wp-post\" data-elementor-id=\"5967\" class=\"elementor elementor-5967\">\n\t\t\t\t\t\t<section class=\"elementor-section elementor-top-section elementor-element elementor-element-03035d2 elementor-section-boxed elementor-section-height-default elementor-section-height-default\" data-id=\"03035d2\" data-element_type=\"section\" data-e-type=\"section\">\n\t\t\t\t\t\t<div class=\"elementor-container elementor-column-gap-default\">\n\t\t\t\t\t<div class=\"elementor-column elementor-col-100 elementor-top-column elementor-element elementor-element-ddef724\" data-id=\"ddef724\" data-element_type=\"column\" data-e-type=\"column\">\n\t\t\t<div class=\"elementor-widget-wrap elementor-element-populated\">\n\t\t\t\t\t\t<div class=\"elementor-element elementor-element-3efd3a3 elementor-widget elementor-widget-heading\" data-id=\"3efd3a3\" data-element_type=\"widget\" data-e-type=\"widget\" data-widget_type=\"heading.default\">\n\t\t\t\t<div class=\"elementor-widget-container\">\n\t\t\t\t\t<h2 class=\"elementor-heading-title elementor-size-default\">KIT COMPLET M\u00c9CANISME SIMPLE, DISQUE AV. C\u00c9RAM\u00c9TALLIQUE, BUT\u00c9E, ROULEMENT PILOTE<br><br>\n\u00d8 350 MM \u2013 DISQUE CERAMETALLIQUE 18 CANNELURES <br><\/h2>\t\t\t\t<\/div>\n\t\t\t\t<\/div>\n\t\t\t\t\t<\/div>\n\t\t<\/div>\n\t\t\t\t\t<\/div>\n\t\t<\/section>\n\t\t\t\t<section class=\"elementor-section elementor-top-section elementor-element elementor-element-9e0222b elementor-section-boxed elementor-section-height-default elementor-section-height-default\" data-id=\"9e0222b\" data-element_type=\"section\" data-e-type=\"section\">\n\t\t\t\t\t\t<div class=\"elementor-container elementor-column-gap-default\">\n\t\t\t\t\t<div class=\"elementor-column elementor-col-100 elementor-top-column elementor-element elementor-element-bfd29a3\" data-id=\"bfd29a3\" data-element_type=\"column\" data-e-type=\"column\">\n\t\t\t<div class=\"elementor-widget-wrap elementor-element-populated\">\n\t\t\t\t\t\t<div class=\"elementor-element elementor-element-3177cd0 elementor-widget elementor-widget-heading\" data-id=\"3177cd0\" data-element_type=\"widget\" data-e-type=\"widget\" data-widget_type=\"heading.default\">\n\t\t\t\t<div class=\"elementor-widget-container\">\n\t\t\t\t\t<h3 class=\"elementor-heading-title elementor-size-default\">Information du produit :<\/h3>\t\t\t\t<\/div>\n\t\t\t\t<\/div>\n\t\t\t\t\t<\/div>\n\t\t<\/div>\n\t\t\t\t\t<\/div>\n\t\t<\/section>\n\t\t\t\t<section class=\"elementor-section elementor-top-section elementor-element elementor-element-60ca174a elementor-section-boxed elementor-section-height-default elementor-section-height-default\" data-id=\"60ca174a\" data-element_type=\"section\" data-e-type=\"section\">\n\t\t\t\t\t\t<div class=\"elementor-container elementor-column-gap-default\">\n\t\t\t\t\t<div class=\"elementor-column elementor-col-100 elementor-top-column elementor-element elementor-element-652c8c95\" data-id=\"652c8c95\" data-element_type=\"column\" data-e-type=\"column\">\n\t\t\t<div class=\"elementor-widget-wrap elementor-element-populated\">\n\t\t\t\t\t\t<div class=\"elementor-element elementor-element-7095c853 elementor-widget elementor-widget-text-editor\" data-id=\"7095c853\" data-element_type=\"widget\" data-e-type=\"widget\" data-widget_type=\"text-editor.default\">\n\t\t\t\t<div class=\"elementor-widget-container\">\n\t\t\t\t\t\t\t\t\t<p>Pour Fiat &#8211; New Holland : 115.90, 1180, 1280, 130.90, 1380, 140\/90, 1580, 160\/90, 1880.<br><\/p>\n<p><\/p>\n<p style=\"margin: 0cm 0cm 18pt;background-image: initial;background-position: initial;background-size: initial;background-attachment: initial\"><span style=\"font-size: 11.5pt;font-family: Rubik, serif\">Comprend le m\u00e9canisme d&#8217;embrayage avec\ndisque d&rsquo;avancement c\u00e9ram\u00e9tallique, la but\u00e9e et le\nroulement pilote.<\/span><\/p><p>Le kit d\u2019embrayage tracteur agricole est compos\u00e9 d\u2019un m\u00e9canisme, d\u2019un ou deux disques, d\u2019une ou deux but\u00e9es et du roulement pilote. De plus le kit complet comprend la totalit\u00e9 des pi\u00e8ces \u00e0 changer en atelier. Cependant les pi\u00e8ces de rechange qui le composent sont rigoureusement s\u00e9lectionn\u00e9es pour leur qualit\u00e9 et leur fiabilit\u00e9.&nbsp;<\/p>\n<p>Toutefois choisir de remplacer une pi\u00e8ce au d\u00e9tail peut s\u2019av\u00e9rer \u00eatre moins avantageux que de remplacer un ensemble complet. Nos kits se distinguent par la qualit\u00e9 de nos but\u00e9es d\u2019embrayages et roulements pilotes. Une but\u00e9e adaptable qui grippe conduit irr\u00e9m\u00e9diablement \u00e0 la destruction du m\u00e9canisme.<\/p>\n<p>Car pour le montage d\u2019un kit d\u2019embrayage agricole, les pi\u00e8ces p\u00e9riph\u00e9riques doivent proc\u00e9der \u00e0 un examen minutieux. Notamment, le volant moteur et les diff\u00e9rents joints spi.<\/p>\n<p>En effet, pour le syst\u00e8me de commande, une vigilance particuli\u00e8re est \u00e0 porter au c\u00e2ble, a la tringlerie et au circuit hydraulique. En cas de doute, ces composants doivent absolument \u00eatre remis \u00e0 niveau pour permettre le parfait fonctionnement de l\u2019embrayage.<\/p>\n<p>Bien s\u00fbr, pour plus de renseignements, n&rsquo;h\u00e9sitez pas \u00e0 nous consulter !<\/p>\t\t\t\t\t\t\t\t<\/div>\n\t\t\t\t<\/div>\n\t\t\t\t\t<\/div>\n\t\t<\/div>\n\t\t\t\t\t<\/div>\n\t\t<\/section>\n\t\t\t\t<\/div>","protected":false},"excerpt":{"rendered":"<p>KIT COMPLET M\u00c9CANISME SIMPLE, DISQUE AV. C\u00c9RAM\u00c9TALLIQUE, BUT\u00c9E, ROULEMENT PILOTE \u2013 \u00d8350 \u2013 18 CANNELURES Information du produit : Fiat &#8211; New Holland : 115.90, 1180, 1280, 130.90, 1380, 140\/90, 1580, 160\/90, 1880. Le kit d\u2019embrayage tracteur agricole est compos\u00e9 d\u2019un m\u00e9canisme, d\u2019un ou deux disques, d\u2019une ou deux but\u00e9es et du roulement pilote. De<br \/><a class=\"more-link\" href=\"https:\/\/edel.fr\/en\/product\/kit-complet-mecanisme-simple-disque-av-cerametallique-butee-roulement-pilote-fiat-new-holland-o350-18-cannelures\/\"><br \/>\n        Read More<span class=\"screen-reader-text\"> \u00ab\u00a0Kit Embrayage Tracteur Fiat 115\/90 1180 1280 1380 140\/90 1580\u00a0\u00bb<\/span><\/a><\/p>","protected":false},"featured_media":4170,"template":"","meta":[],"product_brand":[],"product_cat":[1141,3956,119,120],"product_tag":[143,124],"tracteur":[],"class_list":{"0":"post-5967","1":"product","2":"type-product","3":"status-publish","4":"has-post-thumbnail","6":"product_cat-kits-dembrayage","7":"product_cat-fiat-new-holland","8":"product_cat-tracteurs-agricoles","9":"product_cat-transmissions","10":"product_tag-kits-dembrayage","11":"product_tag-transmissions","12":"product_shipping_class-142","13":"pa_fabriquant-luk","14":"pa_marque-tracteur-fiat-new-holland","15":"pa_type-2-115-90-2","16":"pa_type-2-1175","17":"pa_type-2-1176","18":"pa_type-2-130-90","19":"pa_type-2-1177","20":"pa_type-2-140-90","21":"pa_type-2-1178","22":"pa_type-2-160-90","23":"pa_type-2-1179","24":"badges-style-2","26":"first","27":"outofstock","28":"taxable","29":"shipping-taxable","30":"purchasable","31":"product-type-simple"},"acf":[],"yoast_head":"<!-- This site is optimized with the Yoast SEO plugin v27.3 - https:\/\/yoast.com\/product\/yoast-seo-wordpress\/ -->\n<title>Kit Embrayage Tracteur Fiat 115\/90 1180 1280 1380 140\/90 1580 - Edel<\/title>\n<meta name=\"description\" content=\"Embrayage Fiat Kit Complet - M\u00e9canisme simple, disque AV. C\u00e9ram\u00e9tallique, but\u00e9e, roulement pilote - \u00d8350 - 115.90 1180 1280 130.90 1380 140\/90 160\/90 1880\" \/>\n<meta name=\"robots\" content=\"index, follow, max-snippet:-1, max-image-preview:large, max-video-preview:-1\" \/>\n<link rel=\"canonical\" href=\"https:\/\/edel.fr\/en\/product\/kit-complet-mecanisme-simple-disque-av-cerametallique-butee-roulement-pilote-fiat-new-holland-o350-18-cannelures\/\" \/>\n<meta property=\"og:locale\" content=\"en_US\" \/>\n<meta property=\"og:type\" content=\"article\" \/>\n<meta property=\"og:title\" content=\"Kit Embrayage Tracteur Fiat 115\/90 1180 1280 1380 140\/90 1580 - Edel\" \/>\n<meta property=\"og:description\" content=\"Embrayage Fiat Kit Complet - M\u00e9canisme simple, disque AV. C\u00e9ram\u00e9tallique, but\u00e9e, roulement pilote - \u00d8350 - 115.90 1180 1280 130.90 1380 140\/90 160\/90 1880\" \/>\n<meta property=\"og:url\" content=\"https:\/\/edel.fr\/en\/product\/kit-complet-mecanisme-simple-disque-av-cerametallique-butee-roulement-pilote-fiat-new-holland-o350-18-cannelures\/\" \/>\n<meta property=\"og:site_name\" content=\"Edel\" \/>\n<meta property=\"article:modified_time\" content=\"2025-11-05T20:06:03+00:00\" \/>\n<meta property=\"og:image\" content=\"https:\/\/edel.fr\/uploads\/2018\/11\/K15.jpg\" \/>\n\t<meta property=\"og:image:width\" content=\"1920\" \/>\n\t<meta property=\"og:image:height\" content=\"1920\" \/>\n\t<meta property=\"og:image:type\" content=\"image\/jpeg\" \/>\n<meta name=\"twitter:card\" content=\"summary_large_image\" \/>\n<meta name=\"twitter:label1\" content=\"Est. reading time\" \/>\n\t<meta name=\"twitter:data1\" content=\"2 minutes\" \/>\n<script type=\"application\/ld+json\" class=\"yoast-schema-graph\">{\"@context\":\"https:\\\/\\\/schema.org\",\"@graph\":[{\"@type\":\"WebPage\",\"@id\":\"https:\\\/\\\/edel.fr\\\/en\\\/product\\\/kit-complet-mecanisme-simple-disque-av-cerametallique-butee-roulement-pilote-fiat-new-holland-o350-18-cannelures\\\/\",\"url\":\"https:\\\/\\\/edel.fr\\\/en\\\/product\\\/kit-complet-mecanisme-simple-disque-av-cerametallique-butee-roulement-pilote-fiat-new-holland-o350-18-cannelures\\\/\",\"name\":\"Kit Embrayage Tracteur Fiat 115\\\/90 1180 1280 1380 140\\\/90 1580 - Edel\",\"isPartOf\":{\"@id\":\"https:\\\/\\\/www.edel.fr\\\/en\\\/#website\"},\"primaryImageOfPage\":{\"@id\":\"https:\\\/\\\/edel.fr\\\/en\\\/product\\\/kit-complet-mecanisme-simple-disque-av-cerametallique-butee-roulement-pilote-fiat-new-holland-o350-18-cannelures\\\/#primaryimage\"},\"image\":{\"@id\":\"https:\\\/\\\/edel.fr\\\/en\\\/product\\\/kit-complet-mecanisme-simple-disque-av-cerametallique-butee-roulement-pilote-fiat-new-holland-o350-18-cannelures\\\/#primaryimage\"},\"thumbnailUrl\":\"https:\\\/\\\/edel.fr\\\/uploads\\\/2018\\\/11\\\/K15.jpg\",\"datePublished\":\"2019-03-11T08:24:43+00:00\",\"dateModified\":\"2025-11-05T20:06:03+00:00\",\"description\":\"Embrayage Fiat Kit Complet - M\u00e9canisme simple, disque AV. C\u00e9ram\u00e9tallique, but\u00e9e, roulement pilote - \u00d8350 - 115.90 1180 1280 130.90 1380 140\\\/90 160\\\/90 1880\",\"breadcrumb\":{\"@id\":\"https:\\\/\\\/edel.fr\\\/en\\\/product\\\/kit-complet-mecanisme-simple-disque-av-cerametallique-butee-roulement-pilote-fiat-new-holland-o350-18-cannelures\\\/#breadcrumb\"},\"inLanguage\":\"en-US\",\"potentialAction\":[{\"@type\":\"ReadAction\",\"target\":[\"https:\\\/\\\/edel.fr\\\/en\\\/product\\\/kit-complet-mecanisme-simple-disque-av-cerametallique-butee-roulement-pilote-fiat-new-holland-o350-18-cannelures\\\/\"]}]},{\"@type\":\"ImageObject\",\"inLanguage\":\"en-US\",\"@id\":\"https:\\\/\\\/edel.fr\\\/en\\\/product\\\/kit-complet-mecanisme-simple-disque-av-cerametallique-butee-roulement-pilote-fiat-new-holland-o350-18-cannelures\\\/#primaryimage\",\"url\":\"https:\\\/\\\/edel.fr\\\/uploads\\\/2018\\\/11\\\/K15.jpg\",\"contentUrl\":\"https:\\\/\\\/edel.fr\\\/uploads\\\/2018\\\/11\\\/K15.jpg\",\"width\":1920,\"height\":1920,\"caption\":\"Embrayage Fiat Kit Complet - 115.90 1180 1280 1380 140\\\/90 1580\"},{\"@type\":\"BreadcrumbList\",\"@id\":\"https:\\\/\\\/edel.fr\\\/en\\\/product\\\/kit-complet-mecanisme-simple-disque-av-cerametallique-butee-roulement-pilote-fiat-new-holland-o350-18-cannelures\\\/#breadcrumb\",\"itemListElement\":[{\"@type\":\"ListItem\",\"position\":1,\"name\":\"Pi\u00e8ce Tracteur\",\"item\":\"https:\\\/\\\/www.edel.fr\\\/en\\\/\"},{\"@type\":\"ListItem\",\"position\":2,\"name\":\"Toutes nos pi\u00e8ces Tracteur\",\"item\":\"https:\\\/\\\/edel.fr\\\/shop\\\/\"},{\"@type\":\"ListItem\",\"position\":3,\"name\":\"Kit Embrayage Tracteur Fiat 115\\\/90 1180 1280 1380 140\\\/90 1580\"}]},{\"@type\":\"WebSite\",\"@id\":\"https:\\\/\\\/www.edel.fr\\\/en\\\/#website\",\"url\":\"https:\\\/\\\/www.edel.fr\\\/en\\\/\",\"name\":\"Edel\",\"description\":\"Pi\u00e8ce d\u00e9tach\u00e9e de Tracteur Agricole\",\"publisher\":{\"@id\":\"https:\\\/\\\/www.edel.fr\\\/en\\\/#organization\"},\"potentialAction\":[{\"@type\":\"SearchAction\",\"target\":{\"@type\":\"EntryPoint\",\"urlTemplate\":\"https:\\\/\\\/www.edel.fr\\\/en\\\/?s={search_term_string}\"},\"query-input\":{\"@type\":\"PropertyValueSpecification\",\"valueRequired\":true,\"valueName\":\"search_term_string\"}}],\"inLanguage\":\"en-US\"},{\"@type\":\"Organization\",\"@id\":\"https:\\\/\\\/www.edel.fr\\\/en\\\/#organization\",\"name\":\"Edel\",\"url\":\"https:\\\/\\\/www.edel.fr\\\/en\\\/\",\"logo\":{\"@type\":\"ImageObject\",\"inLanguage\":\"en-US\",\"@id\":\"https:\\\/\\\/www.edel.fr\\\/en\\\/#\\\/schema\\\/logo\\\/image\\\/\",\"url\":\"https:\\\/\\\/www.edel.fr\\\/uploads\\\/2018\\\/11\\\/logo-edel.png\",\"contentUrl\":\"https:\\\/\\\/www.edel.fr\\\/uploads\\\/2018\\\/11\\\/logo-edel.png\",\"width\":257,\"height\":68,\"caption\":\"Edel\"},\"image\":{\"@id\":\"https:\\\/\\\/www.edel.fr\\\/en\\\/#\\\/schema\\\/logo\\\/image\\\/\"}}]}<\/script>\n<!-- \/ Yoast SEO plugin. -->","yoast_head_json":{"title":"Kit Embrayage Tracteur Fiat 115\/90 1180 1280 1380 140\/90 1580 - Edel","description":"Embrayage Fiat Kit Complet - M\u00e9canisme simple, disque AV. C\u00e9ram\u00e9tallique, but\u00e9e, roulement pilote - \u00d8350 - 115.90 1180 1280 130.90 1380 140\/90 160\/90 1880","robots":{"index":"index","follow":"follow","max-snippet":"max-snippet:-1","max-image-preview":"max-image-preview:large","max-video-preview":"max-video-preview:-1"},"canonical":"https:\/\/edel.fr\/en\/product\/kit-complet-mecanisme-simple-disque-av-cerametallique-butee-roulement-pilote-fiat-new-holland-o350-18-cannelures\/","og_locale":"en_US","og_type":"article","og_title":"Kit Embrayage Tracteur Fiat 115\/90 1180 1280 1380 140\/90 1580 - Edel","og_description":"Embrayage Fiat Kit Complet - M\u00e9canisme simple, disque AV. C\u00e9ram\u00e9tallique, but\u00e9e, roulement pilote - \u00d8350 - 115.90 1180 1280 130.90 1380 140\/90 160\/90 1880","og_url":"https:\/\/edel.fr\/en\/product\/kit-complet-mecanisme-simple-disque-av-cerametallique-butee-roulement-pilote-fiat-new-holland-o350-18-cannelures\/","og_site_name":"Edel","article_modified_time":"2025-11-05T20:06:03+00:00","og_image":[{"width":1920,"height":1920,"url":"https:\/\/edel.fr\/uploads\/2018\/11\/K15.jpg","type":"image\/jpeg"}],"twitter_card":"summary_large_image","twitter_misc":{"Est. reading time":"2 minutes"},"schema":{"@context":"https:\/\/schema.org","@graph":[{"@type":"WebPage","@id":"https:\/\/edel.fr\/en\/product\/kit-complet-mecanisme-simple-disque-av-cerametallique-butee-roulement-pilote-fiat-new-holland-o350-18-cannelures\/","url":"https:\/\/edel.fr\/en\/product\/kit-complet-mecanisme-simple-disque-av-cerametallique-butee-roulement-pilote-fiat-new-holland-o350-18-cannelures\/","name":"Kit Embrayage Tracteur Fiat 115\/90 1180 1280 1380 140\/90 1580 - Edel","isPartOf":{"@id":"https:\/\/www.edel.fr\/en\/#website"},"primaryImageOfPage":{"@id":"https:\/\/edel.fr\/en\/product\/kit-complet-mecanisme-simple-disque-av-cerametallique-butee-roulement-pilote-fiat-new-holland-o350-18-cannelures\/#primaryimage"},"image":{"@id":"https:\/\/edel.fr\/en\/product\/kit-complet-mecanisme-simple-disque-av-cerametallique-butee-roulement-pilote-fiat-new-holland-o350-18-cannelures\/#primaryimage"},"thumbnailUrl":"https:\/\/edel.fr\/uploads\/2018\/11\/K15.jpg","datePublished":"2019-03-11T08:24:43+00:00","dateModified":"2025-11-05T20:06:03+00:00","description":"Embrayage Fiat Kit Complet - M\u00e9canisme simple, disque AV. C\u00e9ram\u00e9tallique, but\u00e9e, roulement pilote - \u00d8350 - 115.90 1180 1280 130.90 1380 140\/90 160\/90 1880","breadcrumb":{"@id":"https:\/\/edel.fr\/en\/product\/kit-complet-mecanisme-simple-disque-av-cerametallique-butee-roulement-pilote-fiat-new-holland-o350-18-cannelures\/#breadcrumb"},"inLanguage":"en-US","potentialAction":[{"@type":"ReadAction","target":["https:\/\/edel.fr\/en\/product\/kit-complet-mecanisme-simple-disque-av-cerametallique-butee-roulement-pilote-fiat-new-holland-o350-18-cannelures\/"]}]},{"@type":"ImageObject","inLanguage":"en-US","@id":"https:\/\/edel.fr\/en\/product\/kit-complet-mecanisme-simple-disque-av-cerametallique-butee-roulement-pilote-fiat-new-holland-o350-18-cannelures\/#primaryimage","url":"https:\/\/edel.fr\/uploads\/2018\/11\/K15.jpg","contentUrl":"https:\/\/edel.fr\/uploads\/2018\/11\/K15.jpg","width":1920,"height":1920,"caption":"Embrayage Fiat Kit Complet - 115.90 1180 1280 1380 140\/90 1580"},{"@type":"BreadcrumbList","@id":"https:\/\/edel.fr\/en\/product\/kit-complet-mecanisme-simple-disque-av-cerametallique-butee-roulement-pilote-fiat-new-holland-o350-18-cannelures\/#breadcrumb","itemListElement":[{"@type":"ListItem","position":1,"name":"Pi\u00e8ce Tracteur","item":"https:\/\/www.edel.fr\/en\/"},{"@type":"ListItem","position":2,"name":"Toutes nos pi\u00e8ces Tracteur","item":"https:\/\/edel.fr\/shop\/"},{"@type":"ListItem","position":3,"name":"Kit Embrayage Tracteur Fiat 115\/90 1180 1280 1380 140\/90 1580"}]},{"@type":"WebSite","@id":"https:\/\/www.edel.fr\/en\/#website","url":"https:\/\/www.edel.fr\/en\/","name":"Edel","description":"Pi\u00e8ce d\u00e9tach\u00e9e de Tracteur Agricole","publisher":{"@id":"https:\/\/www.edel.fr\/en\/#organization"},"potentialAction":[{"@type":"SearchAction","target":{"@type":"EntryPoint","urlTemplate":"https:\/\/www.edel.fr\/en\/?s={search_term_string}"},"query-input":{"@type":"PropertyValueSpecification","valueRequired":true,"valueName":"search_term_string"}}],"inLanguage":"en-US"},{"@type":"Organization","@id":"https:\/\/www.edel.fr\/en\/#organization","name":"Edel","url":"https:\/\/www.edel.fr\/en\/","logo":{"@type":"ImageObject","inLanguage":"en-US","@id":"https:\/\/www.edel.fr\/en\/#\/schema\/logo\/image\/","url":"https:\/\/www.edel.fr\/uploads\/2018\/11\/logo-edel.png","contentUrl":"https:\/\/www.edel.fr\/uploads\/2018\/11\/logo-edel.png","width":257,"height":68,"caption":"Edel"},"image":{"@id":"https:\/\/www.edel.fr\/en\/#\/schema\/logo\/image\/"}}]}},"_links":{"self":[{"href":"https:\/\/edel.fr\/en\/wp-json\/wp\/v2\/product\/5967","targetHints":{"allow":["GET"]}}],"collection":[{"href":"https:\/\/edel.fr\/en\/wp-json\/wp\/v2\/product"}],"about":[{"href":"https:\/\/edel.fr\/en\/wp-json\/wp\/v2\/types\/product"}],"version-history":[{"count":2,"href":"https:\/\/edel.fr\/en\/wp-json\/wp\/v2\/product\/5967\/revisions"}],"predecessor-version":[{"id":14959,"href":"https:\/\/edel.fr\/en\/wp-json\/wp\/v2\/product\/5967\/revisions\/14959"}],"wp:featuredmedia":[{"embeddable":true,"href":"https:\/\/edel.fr\/en\/wp-json\/wp\/v2\/media\/4170"}],"wp:attachment":[{"href":"https:\/\/edel.fr\/en\/wp-json\/wp\/v2\/media?parent=5967"}],"wp:term":[{"taxonomy":"product_brand","embeddable":true,"href":"https:\/\/edel.fr\/en\/wp-json\/wp\/v2\/product_brand?post=5967"},{"taxonomy":"product_cat","embeddable":true,"href":"https:\/\/edel.fr\/en\/wp-json\/wp\/v2\/product_cat?post=5967"},{"taxonomy":"product_tag","embeddable":true,"href":"https:\/\/edel.fr\/en\/wp-json\/wp\/v2\/product_tag?post=5967"},{"taxonomy":"tracteur","embeddable":true,"href":"https:\/\/edel.fr\/en\/wp-json\/wp\/v2\/tracteur?post=5967"}],"curies":[{"name":"wp","href":"https:\/\/api.w.org\/{rel}","templated":true}]}}