{"id":5969,"date":"2019-03-11T09:24:43","date_gmt":"2019-03-11T08:24:43","guid":{"rendered":"http:\/\/edel.stephanie.ct.webcd.lan\/shop\/kit-complet-mecanisme-simple-avec-glace-disque-av-organique-butee-et-roulement-pilote-ford-new-holland-o330-10-cannelures\/"},"modified":"2025-11-05T21:06:21","modified_gmt":"2025-11-05T20:06:21","slug":"kit-complet-mecanisme-simple-avec-glace-disque-av-organique-butee-et-roulement-pilote-ford-new-holland-o330-10-cannelures","status":"publish","type":"product","link":"https:\/\/edel.fr\/en\/product\/kit-complet-mecanisme-simple-avec-glace-disque-av-organique-butee-et-roulement-pilote-ford-new-holland-o330-10-cannelures\/","title":{"rendered":"Kit Embrayage Ford New Holland Complet &#8211; 5000 5610 6600 6810"},"content":{"rendered":"<div data-elementor-type=\"wp-post\" data-elementor-id=\"5969\" class=\"elementor elementor-5969\">\n\t\t\t\t\t\t<section class=\"elementor-section elementor-top-section elementor-element elementor-element-4ca78d0 elementor-section-boxed elementor-section-height-default elementor-section-height-default\" data-id=\"4ca78d0\" data-element_type=\"section\" data-e-type=\"section\">\n\t\t\t\t\t\t<div class=\"elementor-container elementor-column-gap-default\">\n\t\t\t\t\t<div class=\"elementor-column elementor-col-100 elementor-top-column elementor-element elementor-element-d956ab1\" data-id=\"d956ab1\" data-element_type=\"column\" data-e-type=\"column\">\n\t\t\t<div class=\"elementor-widget-wrap elementor-element-populated\">\n\t\t\t\t\t\t<div class=\"elementor-element elementor-element-92358d3 elementor-widget elementor-widget-heading\" data-id=\"92358d3\" data-element_type=\"widget\" data-e-type=\"widget\" data-widget_type=\"heading.default\">\n\t\t\t\t<div class=\"elementor-widget-container\">\n\t\t\t\t\t<h2 class=\"elementor-heading-title elementor-size-default\">KIT COMPLET M\u00c9CANISME SIMPLE AVEC GLACE, DISQUE AV. ORGANIQUE, BUT\u00c9E ET ROULEMENT PILOTE\u00a0 \u00d8330 \u2013 10 CANNELURES<\/h2>\t\t\t\t<\/div>\n\t\t\t\t<\/div>\n\t\t\t\t\t<\/div>\n\t\t<\/div>\n\t\t\t\t\t<\/div>\n\t\t<\/section>\n\t\t\t\t<section class=\"elementor-section elementor-top-section elementor-element elementor-element-c355561 elementor-section-boxed elementor-section-height-default elementor-section-height-default\" data-id=\"c355561\" data-element_type=\"section\" data-e-type=\"section\">\n\t\t\t\t\t\t<div class=\"elementor-container elementor-column-gap-default\">\n\t\t\t\t\t<div class=\"elementor-column elementor-col-100 elementor-top-column elementor-element elementor-element-786b685\" data-id=\"786b685\" data-element_type=\"column\" data-e-type=\"column\">\n\t\t\t<div class=\"elementor-widget-wrap elementor-element-populated\">\n\t\t\t\t\t\t<div class=\"elementor-element elementor-element-d525cc2 elementor-widget elementor-widget-heading\" data-id=\"d525cc2\" data-element_type=\"widget\" data-e-type=\"widget\" data-widget_type=\"heading.default\">\n\t\t\t\t<div class=\"elementor-widget-container\">\n\t\t\t\t\t<h3 class=\"elementor-heading-title elementor-size-default\">Information du produit :<\/h3>\t\t\t\t<\/div>\n\t\t\t\t<\/div>\n\t\t\t\t\t<\/div>\n\t\t<\/div>\n\t\t\t\t\t<\/div>\n\t\t<\/section>\n\t\t\t\t<section class=\"elementor-section elementor-top-section elementor-element elementor-element-5d7dd1d elementor-section-boxed elementor-section-height-default elementor-section-height-default\" data-id=\"5d7dd1d\" data-element_type=\"section\" data-e-type=\"section\">\n\t\t\t\t\t\t<div class=\"elementor-container elementor-column-gap-default\">\n\t\t\t\t\t<div class=\"elementor-column elementor-col-100 elementor-top-column elementor-element elementor-element-21ac7171\" data-id=\"21ac7171\" data-element_type=\"column\" data-e-type=\"column\">\n\t\t\t<div class=\"elementor-widget-wrap elementor-element-populated\">\n\t\t\t\t\t\t<div class=\"elementor-element elementor-element-67fc7dbe elementor-widget elementor-widget-text-editor\" data-id=\"67fc7dbe\" data-element_type=\"widget\" data-e-type=\"widget\" data-widget_type=\"text-editor.default\">\n\t\t\t\t<div class=\"elementor-widget-container\">\n\t\t\t\t\t\t\t\t\t<div>Ford New Holland : 5000, 5110, 5510, 5550, 5610, 6410, 6600, 6610, 6710, 6810, 7000, 7100, 7410, 7610, 7710, 7810, 7910, 8100, 8210, 8610.<\/div><div>\u00a0<\/div><div><ul><li><span style=\"text-decoration: underline;color: #fdb819\">En option<\/span><span style=\"color: #fdb819\">,<\/span> vous trouverez \u00e9galement\u00a0pour ce montage :<br \/><a href=\"https:\/\/edel.fr\/en\/joint-spi-arriere-ford\/\" target=\"_blank\" rel=\"noopener\">&#8211; le joint spi<\/a><\/li><\/ul><\/div><p>Le kit d\u2019embrayage tracteur agricole est compos\u00e9 d\u2019un m\u00e9canisme, d\u2019un ou deux disques, d\u2019une ou deux but\u00e9es et du roulement pilote. De plus le kit complet comprend la totalit\u00e9 des pi\u00e8ces \u00e0 changer en atelier. Cependant les pi\u00e8ces de rechange qui le composent sont rigoureusement s\u00e9lectionn\u00e9es pour leur qualit\u00e9 et leur fiabilit\u00e9.\u00a0<\/p><p>Toutefois choisir de remplacer une pi\u00e8ce au d\u00e9tail peut s\u2019av\u00e9rer \u00eatre moins avantageux que de remplacer un ensemble complet. Nos kits se distinguent par la qualit\u00e9 de nos but\u00e9es d\u2019embrayages et roulements pilotes. Une but\u00e9e adaptable qui grippe conduit irr\u00e9m\u00e9diablement \u00e0 la destruction du m\u00e9canisme.<\/p><p>Car pour le montage d\u2019un kit d\u2019embrayage agricole, les pi\u00e8ces p\u00e9riph\u00e9riques doivent proc\u00e9der \u00e0 un examen minutieux. Notamment, le volant moteur et les diff\u00e9rents joints spi.<\/p><p>En effet, pour le syst\u00e8me de commande, une vigilance particuli\u00e8re est \u00e0 porter au c\u00e2ble, a la tringlerie et au circuit hydraulique. En cas de doute, ces composants doivent absolument \u00eatre remis \u00e0 niveau pour permettre le parfait fonctionnement de l\u2019embrayage.<\/p><p>Bien s\u00fbr, pour plus de renseignements, n&rsquo;h\u00e9sitez pas \u00e0 nous consulter !<\/p>\t\t\t\t\t\t\t\t<\/div>\n\t\t\t\t<\/div>\n\t\t\t\t\t<\/div>\n\t\t<\/div>\n\t\t\t\t\t<\/div>\n\t\t<\/section>\n\t\t\t\t<\/div>","protected":false},"excerpt":{"rendered":"<p>KIT COMPLET M\u00c9CANISME SIMPLE AVEC GLACE, DISQUE AV. ORGANIQUE, BUT\u00c9E ET ROULEMENT PILOTE\u00a0 \u00d8330 \u2013 10 CANNELURES Information du produit : Ford New Holland : 5000, 5110, 5510, 5550, 5610, 6410, 6600, 6610, 6710, 6810, 7000, 7100, 7410, 7610, 7710, 7810, 7910, 8100, 8210, 8610. En option, vous trouverez \u00e9galement\u00a0pour ce montage : &#8211; le<br \/><a class=\"more-link\" href=\"https:\/\/edel.fr\/en\/product\/kit-complet-mecanisme-simple-avec-glace-disque-av-organique-butee-et-roulement-pilote-ford-new-holland-o330-10-cannelures\/\"><br \/>\n        Read More<span class=\"screen-reader-text\"> \u00ab\u00a0Kit Embrayage Ford New Holland Complet &#8211; 5000 5610 6600 6810\u00a0\u00bb<\/span><\/a><\/p>","protected":false},"featured_media":4172,"template":"","meta":[],"product_brand":[],"product_cat":[1141,3957,119,120],"product_tag":[143,124],"tracteur":[],"class_list":{"0":"post-5969","1":"product","2":"type-product","3":"status-publish","4":"has-post-thumbnail","6":"product_cat-kits-dembrayage","7":"product_cat-ford-new-holland","8":"product_cat-tracteurs-agricoles","9":"product_cat-transmissions","10":"product_tag-kits-dembrayage","11":"product_tag-transmissions","12":"product_shipping_class-142","13":"pa_marque-tracteur-ford-new-holland","14":"pa_type-2-1669","15":"pa_type-2-1670","16":"pa_type-2-2172","17":"pa_type-2-2914","18":"pa_type-2-1639","19":"pa_type-2-1672","20":"pa_type-2-1615","21":"pa_type-2-1673","22":"pa_type-2-1675","23":"pa_type-2-1676","24":"pa_type-2-2073","25":"pa_type-2-2303","26":"pa_type-2-1677","27":"pa_type-2-1304","28":"pa_type-2-1678","29":"pa_type-2-1305","30":"pa_type-2-1641","31":"pa_type-2-1684","32":"pa_type-2-2075","33":"pa_type-2-2915","34":"badges-style-2","36":"first","37":"instock","38":"taxable","39":"shipping-taxable","40":"purchasable","41":"product-type-simple"},"acf":[],"yoast_head":"<!-- This site is optimized with the Yoast SEO plugin v27.3 - https:\/\/yoast.com\/product\/yoast-seo-wordpress\/ -->\n<title>Kit Embrayage Ford New Holland Complet - 5000 5610 6600 6810 - Edel<\/title>\n<meta name=\"description\" content=\"Kit Embrayage Ford - M\u00e9canisme simple avec Glace, disque AV. Organique, but\u00e9e et roulement pilote - \u00d8330 - 5000 5610 6600 6810 7100 7610 7810 7910 8100 8210\" \/>\n<meta name=\"robots\" content=\"index, follow, max-snippet:-1, max-image-preview:large, max-video-preview:-1\" \/>\n<link rel=\"canonical\" href=\"https:\/\/www.edel.fr\/en\/product\/kit-complet-mecanisme-simple-avec-glace-disque-av-organique-butee-et-roulement-pilote-ford-new-holland-o330-10-cannelures\/\" \/>\n<meta property=\"og:locale\" content=\"en_US\" \/>\n<meta property=\"og:type\" content=\"article\" \/>\n<meta property=\"og:title\" content=\"Kit Embrayage Ford New Holland Complet - 5000 5610 6600 6810 - Edel\" \/>\n<meta property=\"og:description\" content=\"Kit Embrayage Ford - M\u00e9canisme simple avec Glace, disque AV. Organique, but\u00e9e et roulement pilote - \u00d8330 - 5000 5610 6600 6810 7100 7610 7810 7910 8100 8210\" \/>\n<meta property=\"og:url\" content=\"https:\/\/www.edel.fr\/en\/product\/kit-complet-mecanisme-simple-avec-glace-disque-av-organique-butee-et-roulement-pilote-ford-new-holland-o330-10-cannelures\/\" \/>\n<meta property=\"og:site_name\" content=\"Edel\" \/>\n<meta property=\"article:modified_time\" content=\"2025-11-05T20:06:21+00:00\" \/>\n<meta property=\"og:image\" content=\"https:\/\/www.edel.fr\/uploads\/2018\/11\/K17.jpg\" \/>\n\t<meta property=\"og:image:width\" content=\"1920\" \/>\n\t<meta property=\"og:image:height\" content=\"1920\" \/>\n\t<meta property=\"og:image:type\" content=\"image\/jpeg\" \/>\n<meta name=\"twitter:card\" content=\"summary_large_image\" \/>\n<meta name=\"twitter:label1\" content=\"Est. reading time\" \/>\n\t<meta name=\"twitter:data1\" content=\"2 minutes\" \/>\n<script type=\"application\/ld+json\" class=\"yoast-schema-graph\">{\"@context\":\"https:\\\/\\\/schema.org\",\"@graph\":[{\"@type\":\"WebPage\",\"@id\":\"https:\\\/\\\/www.edel.fr\\\/en\\\/product\\\/kit-complet-mecanisme-simple-avec-glace-disque-av-organique-butee-et-roulement-pilote-ford-new-holland-o330-10-cannelures\\\/\",\"url\":\"https:\\\/\\\/www.edel.fr\\\/en\\\/product\\\/kit-complet-mecanisme-simple-avec-glace-disque-av-organique-butee-et-roulement-pilote-ford-new-holland-o330-10-cannelures\\\/\",\"name\":\"Kit Embrayage Ford New Holland Complet - 5000 5610 6600 6810 - Edel\",\"isPartOf\":{\"@id\":\"https:\\\/\\\/www.edel.fr\\\/en\\\/#website\"},\"primaryImageOfPage\":{\"@id\":\"https:\\\/\\\/www.edel.fr\\\/en\\\/product\\\/kit-complet-mecanisme-simple-avec-glace-disque-av-organique-butee-et-roulement-pilote-ford-new-holland-o330-10-cannelures\\\/#primaryimage\"},\"image\":{\"@id\":\"https:\\\/\\\/www.edel.fr\\\/en\\\/product\\\/kit-complet-mecanisme-simple-avec-glace-disque-av-organique-butee-et-roulement-pilote-ford-new-holland-o330-10-cannelures\\\/#primaryimage\"},\"thumbnailUrl\":\"https:\\\/\\\/edel.fr\\\/uploads\\\/2018\\\/11\\\/K17.jpg\",\"datePublished\":\"2019-03-11T08:24:43+00:00\",\"dateModified\":\"2025-11-05T20:06:21+00:00\",\"description\":\"Kit Embrayage Ford - M\u00e9canisme simple avec Glace, disque AV. Organique, but\u00e9e et roulement pilote - \u00d8330 - 5000 5610 6600 6810 7100 7610 7810 7910 8100 8210\",\"breadcrumb\":{\"@id\":\"https:\\\/\\\/www.edel.fr\\\/en\\\/product\\\/kit-complet-mecanisme-simple-avec-glace-disque-av-organique-butee-et-roulement-pilote-ford-new-holland-o330-10-cannelures\\\/#breadcrumb\"},\"inLanguage\":\"en-US\",\"potentialAction\":[{\"@type\":\"ReadAction\",\"target\":[\"https:\\\/\\\/www.edel.fr\\\/en\\\/product\\\/kit-complet-mecanisme-simple-avec-glace-disque-av-organique-butee-et-roulement-pilote-ford-new-holland-o330-10-cannelures\\\/\"]}]},{\"@type\":\"ImageObject\",\"inLanguage\":\"en-US\",\"@id\":\"https:\\\/\\\/www.edel.fr\\\/en\\\/product\\\/kit-complet-mecanisme-simple-avec-glace-disque-av-organique-butee-et-roulement-pilote-ford-new-holland-o330-10-cannelures\\\/#primaryimage\",\"url\":\"https:\\\/\\\/edel.fr\\\/uploads\\\/2018\\\/11\\\/K17.jpg\",\"contentUrl\":\"https:\\\/\\\/edel.fr\\\/uploads\\\/2018\\\/11\\\/K17.jpg\",\"width\":1920,\"height\":1920,\"caption\":\"Kit Embrayage Ford New Holland Complet - 5000 5610 6600 6810\"},{\"@type\":\"BreadcrumbList\",\"@id\":\"https:\\\/\\\/www.edel.fr\\\/en\\\/product\\\/kit-complet-mecanisme-simple-avec-glace-disque-av-organique-butee-et-roulement-pilote-ford-new-holland-o330-10-cannelures\\\/#breadcrumb\",\"itemListElement\":[{\"@type\":\"ListItem\",\"position\":1,\"name\":\"Pi\u00e8ce Tracteur\",\"item\":\"https:\\\/\\\/www.edel.fr\\\/en\\\/\"},{\"@type\":\"ListItem\",\"position\":2,\"name\":\"Toutes nos pi\u00e8ces Tracteur\",\"item\":\"https:\\\/\\\/edel.fr\\\/shop\\\/\"},{\"@type\":\"ListItem\",\"position\":3,\"name\":\"Kit Embrayage Ford New Holland Complet &#8211; 5000 5610 6600 6810\"}]},{\"@type\":\"WebSite\",\"@id\":\"https:\\\/\\\/www.edel.fr\\\/en\\\/#website\",\"url\":\"https:\\\/\\\/www.edel.fr\\\/en\\\/\",\"name\":\"Edel\",\"description\":\"Pi\u00e8ce d\u00e9tach\u00e9e de Tracteur Agricole\",\"publisher\":{\"@id\":\"https:\\\/\\\/www.edel.fr\\\/en\\\/#organization\"},\"potentialAction\":[{\"@type\":\"SearchAction\",\"target\":{\"@type\":\"EntryPoint\",\"urlTemplate\":\"https:\\\/\\\/www.edel.fr\\\/en\\\/?s={search_term_string}\"},\"query-input\":{\"@type\":\"PropertyValueSpecification\",\"valueRequired\":true,\"valueName\":\"search_term_string\"}}],\"inLanguage\":\"en-US\"},{\"@type\":\"Organization\",\"@id\":\"https:\\\/\\\/www.edel.fr\\\/en\\\/#organization\",\"name\":\"Edel\",\"url\":\"https:\\\/\\\/www.edel.fr\\\/en\\\/\",\"logo\":{\"@type\":\"ImageObject\",\"inLanguage\":\"en-US\",\"@id\":\"https:\\\/\\\/www.edel.fr\\\/en\\\/#\\\/schema\\\/logo\\\/image\\\/\",\"url\":\"https:\\\/\\\/www.edel.fr\\\/uploads\\\/2018\\\/11\\\/logo-edel.png\",\"contentUrl\":\"https:\\\/\\\/www.edel.fr\\\/uploads\\\/2018\\\/11\\\/logo-edel.png\",\"width\":257,\"height\":68,\"caption\":\"Edel\"},\"image\":{\"@id\":\"https:\\\/\\\/www.edel.fr\\\/en\\\/#\\\/schema\\\/logo\\\/image\\\/\"}}]}<\/script>\n<!-- \/ Yoast SEO plugin. -->","yoast_head_json":{"title":"Kit Embrayage Ford New Holland Complet - 5000 5610 6600 6810 - Edel","description":"Kit Embrayage Ford - M\u00e9canisme simple avec Glace, disque AV. Organique, but\u00e9e et roulement pilote - \u00d8330 - 5000 5610 6600 6810 7100 7610 7810 7910 8100 8210","robots":{"index":"index","follow":"follow","max-snippet":"max-snippet:-1","max-image-preview":"max-image-preview:large","max-video-preview":"max-video-preview:-1"},"canonical":"https:\/\/www.edel.fr\/en\/product\/kit-complet-mecanisme-simple-avec-glace-disque-av-organique-butee-et-roulement-pilote-ford-new-holland-o330-10-cannelures\/","og_locale":"en_US","og_type":"article","og_title":"Kit Embrayage Ford New Holland Complet - 5000 5610 6600 6810 - Edel","og_description":"Kit Embrayage Ford - M\u00e9canisme simple avec Glace, disque AV. Organique, but\u00e9e et roulement pilote - \u00d8330 - 5000 5610 6600 6810 7100 7610 7810 7910 8100 8210","og_url":"https:\/\/www.edel.fr\/en\/product\/kit-complet-mecanisme-simple-avec-glace-disque-av-organique-butee-et-roulement-pilote-ford-new-holland-o330-10-cannelures\/","og_site_name":"Edel","article_modified_time":"2025-11-05T20:06:21+00:00","og_image":[{"width":1920,"height":1920,"url":"https:\/\/www.edel.fr\/uploads\/2018\/11\/K17.jpg","type":"image\/jpeg"}],"twitter_card":"summary_large_image","twitter_misc":{"Est. reading time":"2 minutes"},"schema":{"@context":"https:\/\/schema.org","@graph":[{"@type":"WebPage","@id":"https:\/\/www.edel.fr\/en\/product\/kit-complet-mecanisme-simple-avec-glace-disque-av-organique-butee-et-roulement-pilote-ford-new-holland-o330-10-cannelures\/","url":"https:\/\/www.edel.fr\/en\/product\/kit-complet-mecanisme-simple-avec-glace-disque-av-organique-butee-et-roulement-pilote-ford-new-holland-o330-10-cannelures\/","name":"Kit Embrayage Ford New Holland Complet - 5000 5610 6600 6810 - Edel","isPartOf":{"@id":"https:\/\/www.edel.fr\/en\/#website"},"primaryImageOfPage":{"@id":"https:\/\/www.edel.fr\/en\/product\/kit-complet-mecanisme-simple-avec-glace-disque-av-organique-butee-et-roulement-pilote-ford-new-holland-o330-10-cannelures\/#primaryimage"},"image":{"@id":"https:\/\/www.edel.fr\/en\/product\/kit-complet-mecanisme-simple-avec-glace-disque-av-organique-butee-et-roulement-pilote-ford-new-holland-o330-10-cannelures\/#primaryimage"},"thumbnailUrl":"https:\/\/edel.fr\/uploads\/2018\/11\/K17.jpg","datePublished":"2019-03-11T08:24:43+00:00","dateModified":"2025-11-05T20:06:21+00:00","description":"Kit Embrayage Ford - M\u00e9canisme simple avec Glace, disque AV. Organique, but\u00e9e et roulement pilote - \u00d8330 - 5000 5610 6600 6810 7100 7610 7810 7910 8100 8210","breadcrumb":{"@id":"https:\/\/www.edel.fr\/en\/product\/kit-complet-mecanisme-simple-avec-glace-disque-av-organique-butee-et-roulement-pilote-ford-new-holland-o330-10-cannelures\/#breadcrumb"},"inLanguage":"en-US","potentialAction":[{"@type":"ReadAction","target":["https:\/\/www.edel.fr\/en\/product\/kit-complet-mecanisme-simple-avec-glace-disque-av-organique-butee-et-roulement-pilote-ford-new-holland-o330-10-cannelures\/"]}]},{"@type":"ImageObject","inLanguage":"en-US","@id":"https:\/\/www.edel.fr\/en\/product\/kit-complet-mecanisme-simple-avec-glace-disque-av-organique-butee-et-roulement-pilote-ford-new-holland-o330-10-cannelures\/#primaryimage","url":"https:\/\/edel.fr\/uploads\/2018\/11\/K17.jpg","contentUrl":"https:\/\/edel.fr\/uploads\/2018\/11\/K17.jpg","width":1920,"height":1920,"caption":"Kit Embrayage Ford New Holland Complet - 5000 5610 6600 6810"},{"@type":"BreadcrumbList","@id":"https:\/\/www.edel.fr\/en\/product\/kit-complet-mecanisme-simple-avec-glace-disque-av-organique-butee-et-roulement-pilote-ford-new-holland-o330-10-cannelures\/#breadcrumb","itemListElement":[{"@type":"ListItem","position":1,"name":"Pi\u00e8ce Tracteur","item":"https:\/\/www.edel.fr\/en\/"},{"@type":"ListItem","position":2,"name":"Toutes nos pi\u00e8ces Tracteur","item":"https:\/\/edel.fr\/shop\/"},{"@type":"ListItem","position":3,"name":"Kit Embrayage Ford New Holland Complet &#8211; 5000 5610 6600 6810"}]},{"@type":"WebSite","@id":"https:\/\/www.edel.fr\/en\/#website","url":"https:\/\/www.edel.fr\/en\/","name":"Edel","description":"Pi\u00e8ce d\u00e9tach\u00e9e de Tracteur Agricole","publisher":{"@id":"https:\/\/www.edel.fr\/en\/#organization"},"potentialAction":[{"@type":"SearchAction","target":{"@type":"EntryPoint","urlTemplate":"https:\/\/www.edel.fr\/en\/?s={search_term_string}"},"query-input":{"@type":"PropertyValueSpecification","valueRequired":true,"valueName":"search_term_string"}}],"inLanguage":"en-US"},{"@type":"Organization","@id":"https:\/\/www.edel.fr\/en\/#organization","name":"Edel","url":"https:\/\/www.edel.fr\/en\/","logo":{"@type":"ImageObject","inLanguage":"en-US","@id":"https:\/\/www.edel.fr\/en\/#\/schema\/logo\/image\/","url":"https:\/\/www.edel.fr\/uploads\/2018\/11\/logo-edel.png","contentUrl":"https:\/\/www.edel.fr\/uploads\/2018\/11\/logo-edel.png","width":257,"height":68,"caption":"Edel"},"image":{"@id":"https:\/\/www.edel.fr\/en\/#\/schema\/logo\/image\/"}}]}},"_links":{"self":[{"href":"https:\/\/edel.fr\/en\/wp-json\/wp\/v2\/product\/5969","targetHints":{"allow":["GET"]}}],"collection":[{"href":"https:\/\/edel.fr\/en\/wp-json\/wp\/v2\/product"}],"about":[{"href":"https:\/\/edel.fr\/en\/wp-json\/wp\/v2\/types\/product"}],"version-history":[{"count":2,"href":"https:\/\/edel.fr\/en\/wp-json\/wp\/v2\/product\/5969\/revisions"}],"predecessor-version":[{"id":14382,"href":"https:\/\/edel.fr\/en\/wp-json\/wp\/v2\/product\/5969\/revisions\/14382"}],"wp:featuredmedia":[{"embeddable":true,"href":"https:\/\/edel.fr\/en\/wp-json\/wp\/v2\/media\/4172"}],"wp:attachment":[{"href":"https:\/\/edel.fr\/en\/wp-json\/wp\/v2\/media?parent=5969"}],"wp:term":[{"taxonomy":"product_brand","embeddable":true,"href":"https:\/\/edel.fr\/en\/wp-json\/wp\/v2\/product_brand?post=5969"},{"taxonomy":"product_cat","embeddable":true,"href":"https:\/\/edel.fr\/en\/wp-json\/wp\/v2\/product_cat?post=5969"},{"taxonomy":"product_tag","embeddable":true,"href":"https:\/\/edel.fr\/en\/wp-json\/wp\/v2\/product_tag?post=5969"},{"taxonomy":"tracteur","embeddable":true,"href":"https:\/\/edel.fr\/en\/wp-json\/wp\/v2\/tracteur?post=5969"}],"curies":[{"name":"wp","href":"https:\/\/api.w.org\/{rel}","templated":true}]}}