{"id":5973,"date":"2019-03-11T09:24:43","date_gmt":"2019-03-11T08:24:43","guid":{"rendered":"http:\/\/edel.stephanie.ct.webcd.lan\/shop\/kit-complet-mecanisme-simple-a-diaphragme-disque-av-cerametallique-butee-hydraulique-et-roulement-pilote-john-deere-o330-10-cannelures\/"},"modified":"2025-11-20T02:00:25","modified_gmt":"2025-11-20T01:00:25","slug":"kit-complet-mecanisme-simple-a-diaphragme-disque-av-cerametallique-butee-hydraulique-et-roulement-pilote-john-deere-o330-10-cannelures","status":"publish","type":"product","link":"https:\/\/edel.fr\/en\/product\/kit-complet-mecanisme-simple-a-diaphragme-disque-av-cerametallique-butee-hydraulique-et-roulement-pilote-john-deere-o330-10-cannelures\/","title":{"rendered":"Embrayage John Deere Kit Complet &#8211; 2040 2140 2650 2850 2940"},"content":{"rendered":"<div data-elementor-type=\"wp-post\" data-elementor-id=\"5973\" class=\"elementor elementor-5973\">\n\t\t\t\t\t\t<section class=\"elementor-section elementor-top-section elementor-element elementor-element-0c9b12b elementor-section-boxed elementor-section-height-default elementor-section-height-default\" data-id=\"0c9b12b\" data-element_type=\"section\" data-e-type=\"section\">\n\t\t\t\t\t\t<div class=\"elementor-container elementor-column-gap-default\">\n\t\t\t\t\t<div class=\"elementor-column elementor-col-100 elementor-top-column elementor-element elementor-element-71f7a44\" data-id=\"71f7a44\" data-element_type=\"column\" data-e-type=\"column\">\n\t\t\t<div class=\"elementor-widget-wrap elementor-element-populated\">\n\t\t\t\t\t\t<div class=\"elementor-element elementor-element-c0cafac elementor-widget elementor-widget-heading\" data-id=\"c0cafac\" data-element_type=\"widget\" data-e-type=\"widget\" data-widget_type=\"heading.default\">\n\t\t\t\t<div class=\"elementor-widget-container\">\n\t\t\t\t\t<h2 class=\"elementor-heading-title elementor-size-default\">KIT COMPLET M\u00c9CANISME SIMPLE \u00c0 DIAPHRAGME, DISQUE D'AVANCEMENT C\u00c9RAM\u00c9TALLIQUE, BUT\u00c9E HYDRAULIQUE ET ROULEMENT PILOTE&nbsp; \u00d8330 \u2013 10 CANNELURES<\/h2>\t\t\t\t<\/div>\n\t\t\t\t<\/div>\n\t\t\t\t\t<\/div>\n\t\t<\/div>\n\t\t\t\t\t<\/div>\n\t\t<\/section>\n\t\t\t\t<section class=\"elementor-section elementor-top-section elementor-element elementor-element-03a49de elementor-section-boxed elementor-section-height-default elementor-section-height-default\" data-id=\"03a49de\" data-element_type=\"section\" data-e-type=\"section\">\n\t\t\t\t\t\t<div class=\"elementor-container elementor-column-gap-default\">\n\t\t\t\t\t<div class=\"elementor-column elementor-col-100 elementor-top-column elementor-element elementor-element-77cde16\" data-id=\"77cde16\" data-element_type=\"column\" data-e-type=\"column\">\n\t\t\t<div class=\"elementor-widget-wrap elementor-element-populated\">\n\t\t\t\t\t\t<div class=\"elementor-element elementor-element-1cec418 elementor-widget elementor-widget-heading\" data-id=\"1cec418\" data-element_type=\"widget\" data-e-type=\"widget\" data-widget_type=\"heading.default\">\n\t\t\t\t<div class=\"elementor-widget-container\">\n\t\t\t\t\t<h3 class=\"elementor-heading-title elementor-size-default\">Information du produit :<\/h3>\t\t\t\t<\/div>\n\t\t\t\t<\/div>\n\t\t\t\t\t<\/div>\n\t\t<\/div>\n\t\t\t\t\t<\/div>\n\t\t<\/section>\n\t\t\t\t<section class=\"elementor-section elementor-top-section elementor-element elementor-element-ee8420 elementor-section-boxed elementor-section-height-default elementor-section-height-default\" data-id=\"ee8420\" data-element_type=\"section\" data-e-type=\"section\">\n\t\t\t\t\t\t<div class=\"elementor-container elementor-column-gap-default\">\n\t\t\t\t\t<div class=\"elementor-column elementor-col-100 elementor-top-column elementor-element elementor-element-2a899d58\" data-id=\"2a899d58\" data-element_type=\"column\" data-e-type=\"column\">\n\t\t\t<div class=\"elementor-widget-wrap elementor-element-populated\">\n\t\t\t\t\t\t<div class=\"elementor-element elementor-element-3446bb30 elementor-widget elementor-widget-text-editor\" data-id=\"3446bb30\" data-element_type=\"widget\" data-e-type=\"widget\" data-widget_type=\"text-editor.default\">\n\t\t\t\t<div class=\"elementor-widget-container\">\n\t\t\t\t\t\t\t\t\t<div>John Deere 1040, 1140, 2040, 2140, 2240, 2250, 2650, 2850, 2940, 3040, 3050, 3140, 3350, 3640, 940.<\/div>\n<div>&nbsp;<\/div>\n<div>\n<ul>\n<li><span style=\"text-decoration: underline;color: #fdb819\">En option<\/span><span style=\"color: #fdb819\">,<\/span> vous trouverez \u00e9galement&nbsp;pour ce montage :<\/li><li><a href=\"https:\/\/edel.fr\/en\/joint-spi-arriere-john-deere-118-x-146-x-13\/\" target=\"_blank\" rel=\"noopener\">&#8211; le joint spi<\/a><\/li>\n<li>&#8211;&nbsp;<a style=\"background-color: #ffffff\" href=\"https:\/\/edel.fr\/en\/volant-moteur-john-deere-avec-couronne-2040-2140-2650-3350\/\" target=\"_blank\" rel=\"noopener\">le volant moteur<\/a><\/li>\n<\/ul>\n<\/div>\n<p>Le kit d\u2019embrayage tracteur agricole est compos\u00e9 d\u2019un m\u00e9canisme, d\u2019un ou deux disques, d\u2019une ou deux but\u00e9es et du roulement pilote. De plus le kit complet comprend la totalit\u00e9 des pi\u00e8ces \u00e0 changer en atelier. Cependant les pi\u00e8ces de rechange qui le composent sont rigoureusement s\u00e9lectionn\u00e9es pour leur qualit\u00e9 et leur fiabilit\u00e9.&nbsp;<\/p>\n<p>Toutefois choisir de remplacer une pi\u00e8ce au d\u00e9tail peut s\u2019av\u00e9rer \u00eatre moins avantageux que de remplacer un ensemble complet. Nos kits se distinguent par la qualit\u00e9 de nos but\u00e9es d\u2019embrayages et roulements pilotes. Une but\u00e9e adaptable qui grippe conduit irr\u00e9m\u00e9diablement \u00e0 la destruction du m\u00e9canisme.<\/p>\n<p>Car pour le montage d\u2019un kit d\u2019embrayage agricole, les pi\u00e8ces p\u00e9riph\u00e9riques doivent proc\u00e9der \u00e0 un examen minutieux. Notamment, le volant moteur et les diff\u00e9rents joints spi.<\/p>\n<p>En effet, pour le syst\u00e8me de commande, une vigilance particuli\u00e8re est \u00e0 porter au c\u00e2ble, a la tringlerie et au circuit hydraulique. En cas de doute, ces composants doivent absolument \u00eatre remis \u00e0 niveau pour permettre le parfait fonctionnement de l\u2019embrayage.<\/p>\n<p>Bien s\u00fbr, pour plus de renseignements, n&rsquo;h\u00e9sitez pas \u00e0 nous consulter !<\/p>\t\t\t\t\t\t\t\t<\/div>\n\t\t\t\t<\/div>\n\t\t\t\t\t<\/div>\n\t\t<\/div>\n\t\t\t\t\t<\/div>\n\t\t<\/section>\n\t\t\t\t<\/div>","protected":false},"excerpt":{"rendered":"<p>KIT COMPLET M\u00c9CANISME SIMPLE \u00c0 DIAPHRAGME, DISQUE D&rsquo;AVANCEMENT C\u00c9RAM\u00c9TALLIQUE, BUT\u00c9E HYDRAULIQUE ET ROULEMENT PILOTE\u00a0 \u00d8330 \u2013 10 CANNELURES Information du produit : John Deere 1040, 1140, 2040, 2140, 2240, 2250, 2650, 2850, 2940, 3040, 3050, 3140, 3350, 3640, 940. En option, vous trouverez \u00e9galement\u00a0pour ce montage : &#8211; le joint spi &#8211;\u00a0le volant moteur Le<br \/><a class=\"more-link\" href=\"https:\/\/edel.fr\/en\/product\/kit-complet-mecanisme-simple-a-diaphragme-disque-av-cerametallique-butee-hydraulique-et-roulement-pilote-john-deere-o330-10-cannelures\/\"><br \/>\n        Read More<span class=\"screen-reader-text\"> \u00ab\u00a0Embrayage John Deere Kit Complet &#8211; 2040 2140 2650 2850 2940\u00a0\u00bb<\/span><\/a><\/p>","protected":false},"featured_media":4176,"template":"","meta":[],"product_brand":[],"product_cat":[1141,3943,119,120],"product_tag":[143,124],"tracteur":[],"class_list":{"0":"post-5973","1":"product","2":"type-product","3":"status-publish","4":"has-post-thumbnail","6":"product_cat-kits-dembrayage","7":"product_cat-john-deere","8":"product_cat-tracteurs-agricoles","9":"product_cat-transmissions","10":"product_tag-kits-dembrayage","11":"product_tag-transmissions","12":"product_shipping_class-142","13":"pa_marque-tracteur-john-deere","14":"pa_type-2-1650","15":"pa_type-2-1651","16":"pa_type-2-1652","17":"pa_type-2-1474","18":"pa_type-2-2897","19":"pa_type-2-2854","20":"pa_type-2-1442","21":"pa_type-2-1653","22":"pa_type-2-2310","23":"pa_type-2-1654","24":"pa_type-2-1446","25":"pa_type-2-1655","26":"pa_type-2-1561","27":"pa_type-2-2855","28":"pa_type-2-2479","29":"badges-style-2","31":"first","32":"instock","33":"taxable","34":"shipping-taxable","35":"purchasable","36":"product-type-simple"},"acf":[],"yoast_head":"<!-- This site is optimized with the Yoast SEO plugin v27.3 - https:\/\/yoast.com\/product\/yoast-seo-wordpress\/ -->\n<title>Embrayage John Deere Kit Complet - 2040 2140 2650 2850 2940 - Edel<\/title>\n<meta name=\"description\" content=\"Embrayage John Deere Kit Complet - Diaphragme, disque AV. C\u00e9ram\u00e9tallique, but\u00e9e hydraulique et roulement pilote - \u00d8330 - 2040 2140 2650 2850 2940 3040 3350\" \/>\n<meta name=\"robots\" content=\"index, follow, max-snippet:-1, max-image-preview:large, max-video-preview:-1\" \/>\n<link rel=\"canonical\" href=\"https:\/\/edel.fr\/en\/product\/kit-complet-mecanisme-simple-a-diaphragme-disque-av-cerametallique-butee-hydraulique-et-roulement-pilote-john-deere-o330-10-cannelures\/\" \/>\n<meta property=\"og:locale\" content=\"en_US\" \/>\n<meta property=\"og:type\" content=\"article\" \/>\n<meta property=\"og:title\" content=\"Embrayage John Deere Kit Complet - 2040 2140 2650 2850 2940 - Edel\" \/>\n<meta property=\"og:description\" content=\"Embrayage John Deere Kit Complet - Diaphragme, disque AV. C\u00e9ram\u00e9tallique, but\u00e9e hydraulique et roulement pilote - \u00d8330 - 2040 2140 2650 2850 2940 3040 3350\" \/>\n<meta property=\"og:url\" content=\"https:\/\/edel.fr\/en\/product\/kit-complet-mecanisme-simple-a-diaphragme-disque-av-cerametallique-butee-hydraulique-et-roulement-pilote-john-deere-o330-10-cannelures\/\" \/>\n<meta property=\"og:site_name\" content=\"Edel\" \/>\n<meta property=\"article:modified_time\" content=\"2025-11-20T01:00:25+00:00\" \/>\n<meta property=\"og:image\" content=\"https:\/\/edel.fr\/uploads\/2018\/11\/K21.jpg\" \/>\n\t<meta property=\"og:image:width\" content=\"2857\" \/>\n\t<meta property=\"og:image:height\" content=\"2857\" \/>\n\t<meta property=\"og:image:type\" content=\"image\/jpeg\" \/>\n<meta name=\"twitter:card\" content=\"summary_large_image\" \/>\n<meta name=\"twitter:label1\" content=\"Est. reading time\" \/>\n\t<meta name=\"twitter:data1\" content=\"2 minutes\" \/>\n<script type=\"application\/ld+json\" class=\"yoast-schema-graph\">{\"@context\":\"https:\\\/\\\/schema.org\",\"@graph\":[{\"@type\":\"WebPage\",\"@id\":\"https:\\\/\\\/edel.fr\\\/produit\\\/kit-complet-mecanisme-simple-a-diaphragme-disque-av-cerametallique-butee-hydraulique-et-roulement-pilote-john-deere-o330-10-cannelures\\\/\",\"url\":\"https:\\\/\\\/edel.fr\\\/produit\\\/kit-complet-mecanisme-simple-a-diaphragme-disque-av-cerametallique-butee-hydraulique-et-roulement-pilote-john-deere-o330-10-cannelures\\\/\",\"name\":\"Embrayage John Deere Kit Complet - 2040 2140 2650 2850 2940 - Edel\",\"isPartOf\":{\"@id\":\"https:\\\/\\\/www.edel.fr\\\/en\\\/#website\"},\"primaryImageOfPage\":{\"@id\":\"https:\\\/\\\/edel.fr\\\/produit\\\/kit-complet-mecanisme-simple-a-diaphragme-disque-av-cerametallique-butee-hydraulique-et-roulement-pilote-john-deere-o330-10-cannelures\\\/#primaryimage\"},\"image\":{\"@id\":\"https:\\\/\\\/edel.fr\\\/produit\\\/kit-complet-mecanisme-simple-a-diaphragme-disque-av-cerametallique-butee-hydraulique-et-roulement-pilote-john-deere-o330-10-cannelures\\\/#primaryimage\"},\"thumbnailUrl\":\"https:\\\/\\\/edel.fr\\\/uploads\\\/2018\\\/11\\\/K21.jpg\",\"datePublished\":\"2019-03-11T08:24:43+00:00\",\"dateModified\":\"2025-11-20T01:00:25+00:00\",\"description\":\"Embrayage John Deere Kit Complet - Diaphragme, disque AV. C\u00e9ram\u00e9tallique, but\u00e9e hydraulique et roulement pilote - \u00d8330 - 2040 2140 2650 2850 2940 3040 3350\",\"breadcrumb\":{\"@id\":\"https:\\\/\\\/edel.fr\\\/produit\\\/kit-complet-mecanisme-simple-a-diaphragme-disque-av-cerametallique-butee-hydraulique-et-roulement-pilote-john-deere-o330-10-cannelures\\\/#breadcrumb\"},\"inLanguage\":\"en-US\",\"potentialAction\":[{\"@type\":\"ReadAction\",\"target\":[\"https:\\\/\\\/edel.fr\\\/produit\\\/kit-complet-mecanisme-simple-a-diaphragme-disque-av-cerametallique-butee-hydraulique-et-roulement-pilote-john-deere-o330-10-cannelures\\\/\"]}]},{\"@type\":\"ImageObject\",\"inLanguage\":\"en-US\",\"@id\":\"https:\\\/\\\/edel.fr\\\/produit\\\/kit-complet-mecanisme-simple-a-diaphragme-disque-av-cerametallique-butee-hydraulique-et-roulement-pilote-john-deere-o330-10-cannelures\\\/#primaryimage\",\"url\":\"https:\\\/\\\/edel.fr\\\/uploads\\\/2018\\\/11\\\/K21.jpg\",\"contentUrl\":\"https:\\\/\\\/edel.fr\\\/uploads\\\/2018\\\/11\\\/K21.jpg\",\"width\":2857,\"height\":2857,\"caption\":\"Embrayage John Deere Kit Complet\"},{\"@type\":\"BreadcrumbList\",\"@id\":\"https:\\\/\\\/edel.fr\\\/produit\\\/kit-complet-mecanisme-simple-a-diaphragme-disque-av-cerametallique-butee-hydraulique-et-roulement-pilote-john-deere-o330-10-cannelures\\\/#breadcrumb\",\"itemListElement\":[{\"@type\":\"ListItem\",\"position\":1,\"name\":\"Pi\u00e8ce Tracteur\",\"item\":\"https:\\\/\\\/www.edel.fr\\\/en\\\/\"},{\"@type\":\"ListItem\",\"position\":2,\"name\":\"Toutes nos pi\u00e8ces Tracteur\",\"item\":\"https:\\\/\\\/edel.fr\\\/shop\\\/\"},{\"@type\":\"ListItem\",\"position\":3,\"name\":\"Embrayage John Deere Kit Complet &#8211; 2040 2140 2650 2850 2940\"}]},{\"@type\":\"WebSite\",\"@id\":\"https:\\\/\\\/www.edel.fr\\\/en\\\/#website\",\"url\":\"https:\\\/\\\/www.edel.fr\\\/en\\\/\",\"name\":\"Edel\",\"description\":\"Pi\u00e8ce d\u00e9tach\u00e9e de Tracteur Agricole\",\"publisher\":{\"@id\":\"https:\\\/\\\/www.edel.fr\\\/en\\\/#organization\"},\"potentialAction\":[{\"@type\":\"SearchAction\",\"target\":{\"@type\":\"EntryPoint\",\"urlTemplate\":\"https:\\\/\\\/www.edel.fr\\\/en\\\/?s={search_term_string}\"},\"query-input\":{\"@type\":\"PropertyValueSpecification\",\"valueRequired\":true,\"valueName\":\"search_term_string\"}}],\"inLanguage\":\"en-US\"},{\"@type\":\"Organization\",\"@id\":\"https:\\\/\\\/www.edel.fr\\\/en\\\/#organization\",\"name\":\"Edel\",\"url\":\"https:\\\/\\\/www.edel.fr\\\/en\\\/\",\"logo\":{\"@type\":\"ImageObject\",\"inLanguage\":\"en-US\",\"@id\":\"https:\\\/\\\/www.edel.fr\\\/en\\\/#\\\/schema\\\/logo\\\/image\\\/\",\"url\":\"https:\\\/\\\/www.edel.fr\\\/uploads\\\/2018\\\/11\\\/logo-edel.png\",\"contentUrl\":\"https:\\\/\\\/www.edel.fr\\\/uploads\\\/2018\\\/11\\\/logo-edel.png\",\"width\":257,\"height\":68,\"caption\":\"Edel\"},\"image\":{\"@id\":\"https:\\\/\\\/www.edel.fr\\\/en\\\/#\\\/schema\\\/logo\\\/image\\\/\"}}]}<\/script>\n<!-- \/ Yoast SEO plugin. -->","yoast_head_json":{"title":"Embrayage John Deere Kit Complet - 2040 2140 2650 2850 2940 - Edel","description":"Embrayage John Deere Kit Complet - Diaphragme, disque AV. C\u00e9ram\u00e9tallique, but\u00e9e hydraulique et roulement pilote - \u00d8330 - 2040 2140 2650 2850 2940 3040 3350","robots":{"index":"index","follow":"follow","max-snippet":"max-snippet:-1","max-image-preview":"max-image-preview:large","max-video-preview":"max-video-preview:-1"},"canonical":"https:\/\/edel.fr\/en\/product\/kit-complet-mecanisme-simple-a-diaphragme-disque-av-cerametallique-butee-hydraulique-et-roulement-pilote-john-deere-o330-10-cannelures\/","og_locale":"en_US","og_type":"article","og_title":"Embrayage John Deere Kit Complet - 2040 2140 2650 2850 2940 - Edel","og_description":"Embrayage John Deere Kit Complet - Diaphragme, disque AV. C\u00e9ram\u00e9tallique, but\u00e9e hydraulique et roulement pilote - \u00d8330 - 2040 2140 2650 2850 2940 3040 3350","og_url":"https:\/\/edel.fr\/en\/product\/kit-complet-mecanisme-simple-a-diaphragme-disque-av-cerametallique-butee-hydraulique-et-roulement-pilote-john-deere-o330-10-cannelures\/","og_site_name":"Edel","article_modified_time":"2025-11-20T01:00:25+00:00","og_image":[{"width":2857,"height":2857,"url":"https:\/\/edel.fr\/uploads\/2018\/11\/K21.jpg","type":"image\/jpeg"}],"twitter_card":"summary_large_image","twitter_misc":{"Est. reading time":"2 minutes"},"schema":{"@context":"https:\/\/schema.org","@graph":[{"@type":"WebPage","@id":"https:\/\/edel.fr\/produit\/kit-complet-mecanisme-simple-a-diaphragme-disque-av-cerametallique-butee-hydraulique-et-roulement-pilote-john-deere-o330-10-cannelures\/","url":"https:\/\/edel.fr\/produit\/kit-complet-mecanisme-simple-a-diaphragme-disque-av-cerametallique-butee-hydraulique-et-roulement-pilote-john-deere-o330-10-cannelures\/","name":"Embrayage John Deere Kit Complet - 2040 2140 2650 2850 2940 - Edel","isPartOf":{"@id":"https:\/\/www.edel.fr\/en\/#website"},"primaryImageOfPage":{"@id":"https:\/\/edel.fr\/produit\/kit-complet-mecanisme-simple-a-diaphragme-disque-av-cerametallique-butee-hydraulique-et-roulement-pilote-john-deere-o330-10-cannelures\/#primaryimage"},"image":{"@id":"https:\/\/edel.fr\/produit\/kit-complet-mecanisme-simple-a-diaphragme-disque-av-cerametallique-butee-hydraulique-et-roulement-pilote-john-deere-o330-10-cannelures\/#primaryimage"},"thumbnailUrl":"https:\/\/edel.fr\/uploads\/2018\/11\/K21.jpg","datePublished":"2019-03-11T08:24:43+00:00","dateModified":"2025-11-20T01:00:25+00:00","description":"Embrayage John Deere Kit Complet - Diaphragme, disque AV. C\u00e9ram\u00e9tallique, but\u00e9e hydraulique et roulement pilote - \u00d8330 - 2040 2140 2650 2850 2940 3040 3350","breadcrumb":{"@id":"https:\/\/edel.fr\/produit\/kit-complet-mecanisme-simple-a-diaphragme-disque-av-cerametallique-butee-hydraulique-et-roulement-pilote-john-deere-o330-10-cannelures\/#breadcrumb"},"inLanguage":"en-US","potentialAction":[{"@type":"ReadAction","target":["https:\/\/edel.fr\/produit\/kit-complet-mecanisme-simple-a-diaphragme-disque-av-cerametallique-butee-hydraulique-et-roulement-pilote-john-deere-o330-10-cannelures\/"]}]},{"@type":"ImageObject","inLanguage":"en-US","@id":"https:\/\/edel.fr\/produit\/kit-complet-mecanisme-simple-a-diaphragme-disque-av-cerametallique-butee-hydraulique-et-roulement-pilote-john-deere-o330-10-cannelures\/#primaryimage","url":"https:\/\/edel.fr\/uploads\/2018\/11\/K21.jpg","contentUrl":"https:\/\/edel.fr\/uploads\/2018\/11\/K21.jpg","width":2857,"height":2857,"caption":"Embrayage John Deere Kit Complet"},{"@type":"BreadcrumbList","@id":"https:\/\/edel.fr\/produit\/kit-complet-mecanisme-simple-a-diaphragme-disque-av-cerametallique-butee-hydraulique-et-roulement-pilote-john-deere-o330-10-cannelures\/#breadcrumb","itemListElement":[{"@type":"ListItem","position":1,"name":"Pi\u00e8ce Tracteur","item":"https:\/\/www.edel.fr\/en\/"},{"@type":"ListItem","position":2,"name":"Toutes nos pi\u00e8ces Tracteur","item":"https:\/\/edel.fr\/shop\/"},{"@type":"ListItem","position":3,"name":"Embrayage John Deere Kit Complet &#8211; 2040 2140 2650 2850 2940"}]},{"@type":"WebSite","@id":"https:\/\/www.edel.fr\/en\/#website","url":"https:\/\/www.edel.fr\/en\/","name":"Edel","description":"Pi\u00e8ce d\u00e9tach\u00e9e de Tracteur Agricole","publisher":{"@id":"https:\/\/www.edel.fr\/en\/#organization"},"potentialAction":[{"@type":"SearchAction","target":{"@type":"EntryPoint","urlTemplate":"https:\/\/www.edel.fr\/en\/?s={search_term_string}"},"query-input":{"@type":"PropertyValueSpecification","valueRequired":true,"valueName":"search_term_string"}}],"inLanguage":"en-US"},{"@type":"Organization","@id":"https:\/\/www.edel.fr\/en\/#organization","name":"Edel","url":"https:\/\/www.edel.fr\/en\/","logo":{"@type":"ImageObject","inLanguage":"en-US","@id":"https:\/\/www.edel.fr\/en\/#\/schema\/logo\/image\/","url":"https:\/\/www.edel.fr\/uploads\/2018\/11\/logo-edel.png","contentUrl":"https:\/\/www.edel.fr\/uploads\/2018\/11\/logo-edel.png","width":257,"height":68,"caption":"Edel"},"image":{"@id":"https:\/\/www.edel.fr\/en\/#\/schema\/logo\/image\/"}}]}},"_links":{"self":[{"href":"https:\/\/edel.fr\/en\/wp-json\/wp\/v2\/product\/5973","targetHints":{"allow":["GET"]}}],"collection":[{"href":"https:\/\/edel.fr\/en\/wp-json\/wp\/v2\/product"}],"about":[{"href":"https:\/\/edel.fr\/en\/wp-json\/wp\/v2\/types\/product"}],"version-history":[{"count":2,"href":"https:\/\/edel.fr\/en\/wp-json\/wp\/v2\/product\/5973\/revisions"}],"predecessor-version":[{"id":16292,"href":"https:\/\/edel.fr\/en\/wp-json\/wp\/v2\/product\/5973\/revisions\/16292"}],"wp:featuredmedia":[{"embeddable":true,"href":"https:\/\/edel.fr\/en\/wp-json\/wp\/v2\/media\/4176"}],"wp:attachment":[{"href":"https:\/\/edel.fr\/en\/wp-json\/wp\/v2\/media?parent=5973"}],"wp:term":[{"taxonomy":"product_brand","embeddable":true,"href":"https:\/\/edel.fr\/en\/wp-json\/wp\/v2\/product_brand?post=5973"},{"taxonomy":"product_cat","embeddable":true,"href":"https:\/\/edel.fr\/en\/wp-json\/wp\/v2\/product_cat?post=5973"},{"taxonomy":"product_tag","embeddable":true,"href":"https:\/\/edel.fr\/en\/wp-json\/wp\/v2\/product_tag?post=5973"},{"taxonomy":"tracteur","embeddable":true,"href":"https:\/\/edel.fr\/en\/wp-json\/wp\/v2\/tracteur?post=5973"}],"curies":[{"name":"wp","href":"https:\/\/api.w.org\/{rel}","templated":true}]}}