{"id":5974,"date":"2019-03-11T09:24:43","date_gmt":"2019-03-11T08:24:43","guid":{"rendered":"http:\/\/edel.stephanie.ct.webcd.lan\/shop\/kit-complet-mecanisme-double-disque-av-organique-2-butees-et-roulement-pilote-deutz-o280-280-20-17-cannelures\/"},"modified":"2026-04-03T03:00:57","modified_gmt":"2026-04-03T01:00:57","slug":"kit-complet-mecanisme-double-disque-av-organique-2-butees-et-roulement-pilote-deutz-o280-280-20-17-cannelures","status":"publish","type":"product","link":"https:\/\/edel.fr\/en\/product\/kit-complet-mecanisme-double-disque-av-organique-2-butees-et-roulement-pilote-deutz-o280-280-20-17-cannelures\/","title":{"rendered":"Kit Embrayage KHD Deutz Complet &#8211; 5206 5207 5506 6007 6206"},"content":{"rendered":"<div data-elementor-type=\"wp-post\" data-elementor-id=\"5974\" class=\"elementor elementor-5974\">\n\t\t\t\t\t\t<section class=\"elementor-section elementor-top-section elementor-element elementor-element-aa3e7c1 elementor-section-boxed elementor-section-height-default elementor-section-height-default\" data-id=\"aa3e7c1\" data-element_type=\"section\" data-e-type=\"section\">\n\t\t\t\t\t\t<div class=\"elementor-container elementor-column-gap-default\">\n\t\t\t\t\t<div class=\"elementor-column elementor-col-100 elementor-top-column elementor-element elementor-element-9bbd671\" data-id=\"9bbd671\" data-element_type=\"column\" data-e-type=\"column\">\n\t\t\t<div class=\"elementor-widget-wrap elementor-element-populated\">\n\t\t\t\t\t\t<div class=\"elementor-element elementor-element-a42ca3f elementor-widget elementor-widget-heading\" data-id=\"a42ca3f\" data-element_type=\"widget\" data-e-type=\"widget\" data-widget_type=\"heading.default\">\n\t\t\t\t<div class=\"elementor-widget-container\">\n\t\t\t\t\t<h2 class=\"elementor-heading-title elementor-size-default\">KIT EMBRAYAGE KHD DEUTZ COMPLET - M\u00c9CANISME DOUBLE, DISQUE AV. ORGANIQUE, 2 BUT\u00c9ES ET ROULEMENT PILOTE\u00a0 - \u00d8280\/280 \u2013 20\/17 CANNELURES<\/h2>\t\t\t\t<\/div>\n\t\t\t\t<\/div>\n\t\t\t\t\t<\/div>\n\t\t<\/div>\n\t\t\t\t\t<\/div>\n\t\t<\/section>\n\t\t\t\t<section class=\"elementor-section elementor-top-section elementor-element elementor-element-38d6f7f elementor-section-boxed elementor-section-height-default elementor-section-height-default\" data-id=\"38d6f7f\" data-element_type=\"section\" data-e-type=\"section\">\n\t\t\t\t\t\t<div class=\"elementor-container elementor-column-gap-default\">\n\t\t\t\t\t<div class=\"elementor-column elementor-col-100 elementor-top-column elementor-element elementor-element-e724f2d\" data-id=\"e724f2d\" data-element_type=\"column\" data-e-type=\"column\">\n\t\t\t<div class=\"elementor-widget-wrap elementor-element-populated\">\n\t\t\t\t\t\t<div class=\"elementor-element elementor-element-bc48025 elementor-widget elementor-widget-heading\" data-id=\"bc48025\" data-element_type=\"widget\" data-e-type=\"widget\" data-widget_type=\"heading.default\">\n\t\t\t\t<div class=\"elementor-widget-container\">\n\t\t\t\t\t<h3 class=\"elementor-heading-title elementor-size-default\">Information du produit :<\/h3>\t\t\t\t<\/div>\n\t\t\t\t<\/div>\n\t\t\t\t\t<\/div>\n\t\t<\/div>\n\t\t\t\t\t<\/div>\n\t\t<\/section>\n\t\t\t\t<section class=\"elementor-section elementor-top-section elementor-element elementor-element-5d427453 elementor-section-boxed elementor-section-height-default elementor-section-height-default\" data-id=\"5d427453\" data-element_type=\"section\" data-e-type=\"section\">\n\t\t\t\t\t\t<div class=\"elementor-container elementor-column-gap-default\">\n\t\t\t\t\t<div class=\"elementor-column elementor-col-100 elementor-top-column elementor-element elementor-element-5dca6f15\" data-id=\"5dca6f15\" data-element_type=\"column\" data-e-type=\"column\">\n\t\t\t<div class=\"elementor-widget-wrap elementor-element-populated\">\n\t\t\t\t\t\t<div class=\"elementor-element elementor-element-274fa055 elementor-widget elementor-widget-text-editor\" data-id=\"274fa055\" data-element_type=\"widget\" data-e-type=\"widget\" data-widget_type=\"text-editor.default\">\n\t\t\t\t<div class=\"elementor-widget-container\">\n\t\t\t\t\t\t\t\t\t<p>Kit embrayage de la marque : KHD Deutz<\/p><p>Ce kit contient la but\u00e9e 20304680 55x92x16 et la 20303780 70x110x20.<br \/>Si les c\u00f4tes de votre montage ne correspondent pas, merci de nous contacter.<\/p><ul><li><span style=\"text-decoration: underline;color: #fdb819\">En option<\/span><span style=\"color: #fdb819\">,<\/span> vous trouverez \u00e9galement\u00a0pour ce montage :<br \/><a href=\"https:\/\/edel.fr\/en\/joint-spi-arriere-deutz-115-x-140-x-16-qualite-origine\/\" target=\"_blank\" rel=\"noopener\">&#8211; le joint spi<\/a><\/li><\/ul><div><p>KHD Deutz : 4807, 5206, 5207, 5506, 6007, 6206, 6207, 6507, 6907, D4507, D5006, DX3.90, DX310, DX330, DX350, DX357, DX360, DX365, DX370, DX375, DX380, DX390, DX407, DX417, DX447.<\/p><\/div><p>Le kit d\u2019embrayage tracteur agricole est compos\u00e9 d\u2019un m\u00e9canisme, d\u2019un ou deux disques, d\u2019une ou deux but\u00e9es et du roulement pilote. De plus le kit complet comprend la totalit\u00e9 des pi\u00e8ces \u00e0 changer en atelier. Cependant les pi\u00e8ces de rechange qui le composent sont rigoureusement s\u00e9lectionn\u00e9es pour leur qualit\u00e9 et leur fiabilit\u00e9.\u00a0<\/p><p>Toutefois choisir de remplacer une pi\u00e8ce au d\u00e9tail peut s\u2019av\u00e9rer \u00eatre moins avantageux que de remplacer un ensemble complet. Nos kits se distinguent par la qualit\u00e9 de nos but\u00e9es d\u2019embrayages et roulements pilotes. Une but\u00e9e adaptable qui grippe conduit irr\u00e9m\u00e9diablement \u00e0 la destruction du m\u00e9canisme.<\/p><p>Car pour le montage d\u2019un kit d\u2019embrayage agricole, les pi\u00e8ces p\u00e9riph\u00e9riques doivent proc\u00e9der \u00e0 un examen minutieux. Notamment, le volant moteur et les diff\u00e9rents joints spi.<\/p><p>En effet, pour le syst\u00e8me de commande, une vigilance particuli\u00e8re est \u00e0 porter au c\u00e2ble, a la tringlerie et au circuit hydraulique. En cas de doute, ces composants doivent absolument \u00eatre remis \u00e0 niveau pour permettre le parfait fonctionnement de l\u2019embrayage.<\/p><p>Bien s\u00fbr, pour plus de renseignements, n&rsquo;h\u00e9sitez pas \u00e0 nous consulter !<\/p>\t\t\t\t\t\t\t\t<\/div>\n\t\t\t\t<\/div>\n\t\t\t\t\t<\/div>\n\t\t<\/div>\n\t\t\t\t\t<\/div>\n\t\t<\/section>\n\t\t\t\t<\/div>","protected":false},"excerpt":{"rendered":"<p>KIT EMBRAYAGE KHD DEUTZ COMPLET &#8211; M\u00c9CANISME DOUBLE, DISQUE AV. ORGANIQUE, 2 BUT\u00c9ES ET ROULEMENT PILOTE\u00a0 &#8211; \u00d8280\/280 \u2013 20\/17 CANNELURES Information du produit : Kit embrayage de la marque : KHD Deutz Ce kit contient la but\u00e9e 20304680 55x92x16 et la 20303780 70x110x20. Si les c\u00f4tes de votre montage ne correspondent pas, merci de<br \/><a class=\"more-link\" href=\"https:\/\/edel.fr\/en\/product\/kit-complet-mecanisme-double-disque-av-organique-2-butees-et-roulement-pilote-deutz-o280-280-20-17-cannelures\/\"><br \/>\n        Read More<span class=\"screen-reader-text\"> \u00ab\u00a0Kit Embrayage KHD Deutz Complet &#8211; 5206 5207 5506 6007 6206\u00a0\u00bb<\/span><\/a><\/p>","protected":false},"featured_media":4177,"template":"","meta":[],"product_brand":[],"product_cat":[1141,3960,119,120],"product_tag":[143,124],"tracteur":[],"class_list":{"0":"post-5974","1":"product","2":"type-product","3":"status-publish","4":"has-post-thumbnail","6":"product_cat-kits-dembrayage","7":"product_cat-khd-deutz","8":"product_cat-tracteurs-agricoles","9":"product_cat-transmissions","10":"product_tag-kits-dembrayage","11":"product_tag-transmissions","12":"product_shipping_class-142","13":"pa_fabriquant-kawe","14":"pa_marque-tracteur-khd-deutz","15":"pa_modele-tracteur-3397","16":"pa_modele-tracteur-4338","17":"pa_modele-tracteur-4339","18":"pa_modele-tracteur-4340","19":"pa_modele-tracteur-4341","20":"pa_modele-tracteur-4342","21":"pa_modele-tracteur-4343","22":"pa_modele-tracteur-4344","23":"pa_modele-tracteur-4345","24":"pa_modele-tracteur-d4507","25":"pa_modele-tracteur-d5006","26":"pa_modele-tracteur-dx3-90","27":"pa_modele-tracteur-dx310","28":"pa_modele-tracteur-dx330","29":"pa_modele-tracteur-dx350","30":"pa_modele-tracteur-dx357","31":"pa_modele-tracteur-dx360","32":"pa_modele-tracteur-dx365","33":"pa_modele-tracteur-dx370","34":"pa_modele-tracteur-dx375","35":"pa_modele-tracteur-dx380","36":"pa_modele-tracteur-dx390","37":"pa_modele-tracteur-dx407","38":"pa_modele-tracteur-dx417","39":"pa_modele-tracteur-dx447","40":"badges-style-2","42":"first","43":"instock","44":"taxable","45":"shipping-taxable","46":"purchasable","47":"product-type-simple"},"acf":[],"yoast_head":"<!-- This site is optimized with the Yoast SEO plugin v27.3 - https:\/\/yoast.com\/product\/yoast-seo-wordpress\/ -->\n<title>Kit Embrayage KHD Deutz Complet - 5206 5207 5506 6007 6206 - Edel<\/title>\n<meta name=\"description\" content=\"Kit Embrayage KHD Deutz - Disque AV. Organique, 2 but\u00e9es et roulement pilote - \u00d8280 - 3.90 375 4807 6207 6507 6907 4507 5006 370 310 DX330 350 357 360 365\" \/>\n<meta name=\"robots\" content=\"index, follow, max-snippet:-1, max-image-preview:large, max-video-preview:-1\" \/>\n<link rel=\"canonical\" href=\"https:\/\/www.edel.fr\/en\/product\/kit-complet-mecanisme-double-disque-av-organique-2-butees-et-roulement-pilote-deutz-o280-280-20-17-cannelures\/\" \/>\n<meta property=\"og:locale\" content=\"en_US\" \/>\n<meta property=\"og:type\" content=\"article\" \/>\n<meta property=\"og:title\" content=\"Kit Embrayage KHD Deutz Complet - 5206 5207 5506 6007 6206 - Edel\" \/>\n<meta property=\"og:description\" content=\"Kit Embrayage KHD Deutz - Disque AV. Organique, 2 but\u00e9es et roulement pilote - \u00d8280 - 3.90 375 4807 6207 6507 6907 4507 5006 370 310 DX330 350 357 360 365\" \/>\n<meta property=\"og:url\" content=\"https:\/\/www.edel.fr\/en\/product\/kit-complet-mecanisme-double-disque-av-organique-2-butees-et-roulement-pilote-deutz-o280-280-20-17-cannelures\/\" \/>\n<meta property=\"og:site_name\" content=\"Edel\" \/>\n<meta property=\"article:modified_time\" content=\"2026-04-03T01:00:57+00:00\" \/>\n<meta property=\"og:image\" content=\"https:\/\/www.edel.fr\/uploads\/2018\/11\/K22.jpg\" \/>\n\t<meta property=\"og:image:width\" content=\"1920\" \/>\n\t<meta property=\"og:image:height\" content=\"1920\" \/>\n\t<meta property=\"og:image:type\" content=\"image\/jpeg\" \/>\n<meta name=\"twitter:card\" content=\"summary_large_image\" \/>\n<meta name=\"twitter:label1\" content=\"Est. reading time\" \/>\n\t<meta name=\"twitter:data1\" content=\"2 minutes\" \/>\n<script type=\"application\/ld+json\" class=\"yoast-schema-graph\">{\"@context\":\"https:\\\/\\\/schema.org\",\"@graph\":[{\"@type\":\"WebPage\",\"@id\":\"https:\\\/\\\/www.edel.fr\\\/en\\\/product\\\/kit-complet-mecanisme-double-disque-av-organique-2-butees-et-roulement-pilote-deutz-o280-280-20-17-cannelures\\\/\",\"url\":\"https:\\\/\\\/www.edel.fr\\\/en\\\/product\\\/kit-complet-mecanisme-double-disque-av-organique-2-butees-et-roulement-pilote-deutz-o280-280-20-17-cannelures\\\/\",\"name\":\"Kit Embrayage KHD Deutz Complet - 5206 5207 5506 6007 6206 - Edel\",\"isPartOf\":{\"@id\":\"http:\\\/\\\/www.edel.fr\\\/en\\\/#website\"},\"primaryImageOfPage\":{\"@id\":\"https:\\\/\\\/www.edel.fr\\\/en\\\/product\\\/kit-complet-mecanisme-double-disque-av-organique-2-butees-et-roulement-pilote-deutz-o280-280-20-17-cannelures\\\/#primaryimage\"},\"image\":{\"@id\":\"https:\\\/\\\/www.edel.fr\\\/en\\\/product\\\/kit-complet-mecanisme-double-disque-av-organique-2-butees-et-roulement-pilote-deutz-o280-280-20-17-cannelures\\\/#primaryimage\"},\"thumbnailUrl\":\"https:\\\/\\\/edel.fr\\\/uploads\\\/2018\\\/11\\\/K22.jpg\",\"datePublished\":\"2019-03-11T08:24:43+00:00\",\"dateModified\":\"2026-04-03T01:00:57+00:00\",\"description\":\"Kit Embrayage KHD Deutz - Disque AV. Organique, 2 but\u00e9es et roulement pilote - \u00d8280 - 3.90 375 4807 6207 6507 6907 4507 5006 370 310 DX330 350 357 360 365\",\"breadcrumb\":{\"@id\":\"https:\\\/\\\/www.edel.fr\\\/en\\\/product\\\/kit-complet-mecanisme-double-disque-av-organique-2-butees-et-roulement-pilote-deutz-o280-280-20-17-cannelures\\\/#breadcrumb\"},\"inLanguage\":\"en-US\",\"potentialAction\":[{\"@type\":\"ReadAction\",\"target\":[\"https:\\\/\\\/www.edel.fr\\\/en\\\/product\\\/kit-complet-mecanisme-double-disque-av-organique-2-butees-et-roulement-pilote-deutz-o280-280-20-17-cannelures\\\/\"]}]},{\"@type\":\"ImageObject\",\"inLanguage\":\"en-US\",\"@id\":\"https:\\\/\\\/www.edel.fr\\\/en\\\/product\\\/kit-complet-mecanisme-double-disque-av-organique-2-butees-et-roulement-pilote-deutz-o280-280-20-17-cannelures\\\/#primaryimage\",\"url\":\"https:\\\/\\\/edel.fr\\\/uploads\\\/2018\\\/11\\\/K22.jpg\",\"contentUrl\":\"https:\\\/\\\/edel.fr\\\/uploads\\\/2018\\\/11\\\/K22.jpg\",\"width\":1920,\"height\":1920,\"caption\":\"Kit Embrayage Deutz Complet\"},{\"@type\":\"BreadcrumbList\",\"@id\":\"https:\\\/\\\/www.edel.fr\\\/en\\\/product\\\/kit-complet-mecanisme-double-disque-av-organique-2-butees-et-roulement-pilote-deutz-o280-280-20-17-cannelures\\\/#breadcrumb\",\"itemListElement\":[{\"@type\":\"ListItem\",\"position\":1,\"name\":\"Pi\u00e8ce Tracteur\",\"item\":\"http:\\\/\\\/www.edel.fr\\\/en\\\/\"},{\"@type\":\"ListItem\",\"position\":2,\"name\":\"Toutes nos pi\u00e8ces Tracteur\",\"item\":\"https:\\\/\\\/edel.fr\\\/shop\\\/\"},{\"@type\":\"ListItem\",\"position\":3,\"name\":\"Kit Embrayage KHD Deutz Complet &#8211; 5206 5207 5506 6007 6206\"}]},{\"@type\":\"WebSite\",\"@id\":\"http:\\\/\\\/www.edel.fr\\\/en\\\/#website\",\"url\":\"http:\\\/\\\/www.edel.fr\\\/en\\\/\",\"name\":\"Edel\",\"description\":\"Pi\u00e8ce d\u00e9tach\u00e9e de Tracteur Agricole\",\"publisher\":{\"@id\":\"http:\\\/\\\/www.edel.fr\\\/en\\\/#organization\"},\"potentialAction\":[{\"@type\":\"SearchAction\",\"target\":{\"@type\":\"EntryPoint\",\"urlTemplate\":\"http:\\\/\\\/www.edel.fr\\\/en\\\/?s={search_term_string}\"},\"query-input\":{\"@type\":\"PropertyValueSpecification\",\"valueRequired\":true,\"valueName\":\"search_term_string\"}}],\"inLanguage\":\"en-US\"},{\"@type\":\"Organization\",\"@id\":\"http:\\\/\\\/www.edel.fr\\\/en\\\/#organization\",\"name\":\"Edel\",\"url\":\"http:\\\/\\\/www.edel.fr\\\/en\\\/\",\"logo\":{\"@type\":\"ImageObject\",\"inLanguage\":\"en-US\",\"@id\":\"http:\\\/\\\/www.edel.fr\\\/en\\\/#\\\/schema\\\/logo\\\/image\\\/\",\"url\":\"https:\\\/\\\/www.edel.fr\\\/uploads\\\/2018\\\/11\\\/logo-edel.png\",\"contentUrl\":\"https:\\\/\\\/www.edel.fr\\\/uploads\\\/2018\\\/11\\\/logo-edel.png\",\"width\":257,\"height\":68,\"caption\":\"Edel\"},\"image\":{\"@id\":\"http:\\\/\\\/www.edel.fr\\\/en\\\/#\\\/schema\\\/logo\\\/image\\\/\"}}]}<\/script>\n<!-- \/ Yoast SEO plugin. -->","yoast_head_json":{"title":"Kit Embrayage KHD Deutz Complet - 5206 5207 5506 6007 6206 - Edel","description":"Kit Embrayage KHD Deutz - Disque AV. Organique, 2 but\u00e9es et roulement pilote - \u00d8280 - 3.90 375 4807 6207 6507 6907 4507 5006 370 310 DX330 350 357 360 365","robots":{"index":"index","follow":"follow","max-snippet":"max-snippet:-1","max-image-preview":"max-image-preview:large","max-video-preview":"max-video-preview:-1"},"canonical":"https:\/\/www.edel.fr\/en\/product\/kit-complet-mecanisme-double-disque-av-organique-2-butees-et-roulement-pilote-deutz-o280-280-20-17-cannelures\/","og_locale":"en_US","og_type":"article","og_title":"Kit Embrayage KHD Deutz Complet - 5206 5207 5506 6007 6206 - Edel","og_description":"Kit Embrayage KHD Deutz - Disque AV. Organique, 2 but\u00e9es et roulement pilote - \u00d8280 - 3.90 375 4807 6207 6507 6907 4507 5006 370 310 DX330 350 357 360 365","og_url":"https:\/\/www.edel.fr\/en\/product\/kit-complet-mecanisme-double-disque-av-organique-2-butees-et-roulement-pilote-deutz-o280-280-20-17-cannelures\/","og_site_name":"Edel","article_modified_time":"2026-04-03T01:00:57+00:00","og_image":[{"width":1920,"height":1920,"url":"https:\/\/www.edel.fr\/uploads\/2018\/11\/K22.jpg","type":"image\/jpeg"}],"twitter_card":"summary_large_image","twitter_misc":{"Est. reading time":"2 minutes"},"schema":{"@context":"https:\/\/schema.org","@graph":[{"@type":"WebPage","@id":"https:\/\/www.edel.fr\/en\/product\/kit-complet-mecanisme-double-disque-av-organique-2-butees-et-roulement-pilote-deutz-o280-280-20-17-cannelures\/","url":"https:\/\/www.edel.fr\/en\/product\/kit-complet-mecanisme-double-disque-av-organique-2-butees-et-roulement-pilote-deutz-o280-280-20-17-cannelures\/","name":"Kit Embrayage KHD Deutz Complet - 5206 5207 5506 6007 6206 - Edel","isPartOf":{"@id":"http:\/\/www.edel.fr\/en\/#website"},"primaryImageOfPage":{"@id":"https:\/\/www.edel.fr\/en\/product\/kit-complet-mecanisme-double-disque-av-organique-2-butees-et-roulement-pilote-deutz-o280-280-20-17-cannelures\/#primaryimage"},"image":{"@id":"https:\/\/www.edel.fr\/en\/product\/kit-complet-mecanisme-double-disque-av-organique-2-butees-et-roulement-pilote-deutz-o280-280-20-17-cannelures\/#primaryimage"},"thumbnailUrl":"https:\/\/edel.fr\/uploads\/2018\/11\/K22.jpg","datePublished":"2019-03-11T08:24:43+00:00","dateModified":"2026-04-03T01:00:57+00:00","description":"Kit Embrayage KHD Deutz - Disque AV. Organique, 2 but\u00e9es et roulement pilote - \u00d8280 - 3.90 375 4807 6207 6507 6907 4507 5006 370 310 DX330 350 357 360 365","breadcrumb":{"@id":"https:\/\/www.edel.fr\/en\/product\/kit-complet-mecanisme-double-disque-av-organique-2-butees-et-roulement-pilote-deutz-o280-280-20-17-cannelures\/#breadcrumb"},"inLanguage":"en-US","potentialAction":[{"@type":"ReadAction","target":["https:\/\/www.edel.fr\/en\/product\/kit-complet-mecanisme-double-disque-av-organique-2-butees-et-roulement-pilote-deutz-o280-280-20-17-cannelures\/"]}]},{"@type":"ImageObject","inLanguage":"en-US","@id":"https:\/\/www.edel.fr\/en\/product\/kit-complet-mecanisme-double-disque-av-organique-2-butees-et-roulement-pilote-deutz-o280-280-20-17-cannelures\/#primaryimage","url":"https:\/\/edel.fr\/uploads\/2018\/11\/K22.jpg","contentUrl":"https:\/\/edel.fr\/uploads\/2018\/11\/K22.jpg","width":1920,"height":1920,"caption":"Kit Embrayage Deutz Complet"},{"@type":"BreadcrumbList","@id":"https:\/\/www.edel.fr\/en\/product\/kit-complet-mecanisme-double-disque-av-organique-2-butees-et-roulement-pilote-deutz-o280-280-20-17-cannelures\/#breadcrumb","itemListElement":[{"@type":"ListItem","position":1,"name":"Pi\u00e8ce Tracteur","item":"http:\/\/www.edel.fr\/en\/"},{"@type":"ListItem","position":2,"name":"Toutes nos pi\u00e8ces Tracteur","item":"https:\/\/edel.fr\/shop\/"},{"@type":"ListItem","position":3,"name":"Kit Embrayage KHD Deutz Complet &#8211; 5206 5207 5506 6007 6206"}]},{"@type":"WebSite","@id":"http:\/\/www.edel.fr\/en\/#website","url":"http:\/\/www.edel.fr\/en\/","name":"Edel","description":"Pi\u00e8ce d\u00e9tach\u00e9e de Tracteur Agricole","publisher":{"@id":"http:\/\/www.edel.fr\/en\/#organization"},"potentialAction":[{"@type":"SearchAction","target":{"@type":"EntryPoint","urlTemplate":"http:\/\/www.edel.fr\/en\/?s={search_term_string}"},"query-input":{"@type":"PropertyValueSpecification","valueRequired":true,"valueName":"search_term_string"}}],"inLanguage":"en-US"},{"@type":"Organization","@id":"http:\/\/www.edel.fr\/en\/#organization","name":"Edel","url":"http:\/\/www.edel.fr\/en\/","logo":{"@type":"ImageObject","inLanguage":"en-US","@id":"http:\/\/www.edel.fr\/en\/#\/schema\/logo\/image\/","url":"https:\/\/www.edel.fr\/uploads\/2018\/11\/logo-edel.png","contentUrl":"https:\/\/www.edel.fr\/uploads\/2018\/11\/logo-edel.png","width":257,"height":68,"caption":"Edel"},"image":{"@id":"http:\/\/www.edel.fr\/en\/#\/schema\/logo\/image\/"}}]}},"_links":{"self":[{"href":"https:\/\/edel.fr\/en\/wp-json\/wp\/v2\/product\/5974","targetHints":{"allow":["GET"]}}],"collection":[{"href":"https:\/\/edel.fr\/en\/wp-json\/wp\/v2\/product"}],"about":[{"href":"https:\/\/edel.fr\/en\/wp-json\/wp\/v2\/types\/product"}],"version-history":[{"count":2,"href":"https:\/\/edel.fr\/en\/wp-json\/wp\/v2\/product\/5974\/revisions"}],"predecessor-version":[{"id":14391,"href":"https:\/\/edel.fr\/en\/wp-json\/wp\/v2\/product\/5974\/revisions\/14391"}],"wp:featuredmedia":[{"embeddable":true,"href":"https:\/\/edel.fr\/en\/wp-json\/wp\/v2\/media\/4177"}],"wp:attachment":[{"href":"https:\/\/edel.fr\/en\/wp-json\/wp\/v2\/media?parent=5974"}],"wp:term":[{"taxonomy":"product_brand","embeddable":true,"href":"https:\/\/edel.fr\/en\/wp-json\/wp\/v2\/product_brand?post=5974"},{"taxonomy":"product_cat","embeddable":true,"href":"https:\/\/edel.fr\/en\/wp-json\/wp\/v2\/product_cat?post=5974"},{"taxonomy":"product_tag","embeddable":true,"href":"https:\/\/edel.fr\/en\/wp-json\/wp\/v2\/product_tag?post=5974"},{"taxonomy":"tracteur","embeddable":true,"href":"https:\/\/edel.fr\/en\/wp-json\/wp\/v2\/tracteur?post=5974"}],"curies":[{"name":"wp","href":"https:\/\/api.w.org\/{rel}","templated":true}]}}