{"id":5975,"date":"2019-03-11T09:24:43","date_gmt":"2019-03-11T08:24:43","guid":{"rendered":"http:\/\/edel.stephanie.ct.webcd.lan\/shop\/kit-complet-mecanisme-double-disque-av-organique-2-butees-et-roulement-pilote-deutz-o300-250-8-10-cannelures\/"},"modified":"2026-02-06T14:29:50","modified_gmt":"2026-02-06T13:29:50","slug":"kit-complet-mecanisme-double-disque-av-organique-2-butees-et-roulement-pilote-deutz-o300-250-8-10-cannelures","status":"publish","type":"product","link":"https:\/\/edel.fr\/en\/product\/kit-complet-mecanisme-double-disque-av-organique-2-butees-et-roulement-pilote-deutz-o300-250-8-10-cannelures\/","title":{"rendered":"Kit Embrayage KHD Deutz Complet &#8211; 6006 6806 6807 7006 7007"},"content":{"rendered":"<div data-elementor-type=\"wp-post\" data-elementor-id=\"5975\" class=\"elementor elementor-5975\">\n\t\t\t\t\t\t<section class=\"elementor-section elementor-top-section elementor-element elementor-element-5c6ddfc elementor-section-boxed elementor-section-height-default elementor-section-height-default\" data-id=\"5c6ddfc\" data-element_type=\"section\" data-e-type=\"section\">\n\t\t\t\t\t\t<div class=\"elementor-container elementor-column-gap-default\">\n\t\t\t\t\t<div class=\"elementor-column elementor-col-100 elementor-top-column elementor-element elementor-element-0577737\" data-id=\"0577737\" data-element_type=\"column\" data-e-type=\"column\">\n\t\t\t<div class=\"elementor-widget-wrap elementor-element-populated\">\n\t\t\t\t\t\t<div class=\"elementor-element elementor-element-513b5e8 elementor-widget elementor-widget-heading\" data-id=\"513b5e8\" data-element_type=\"widget\" data-e-type=\"widget\" data-widget_type=\"heading.default\">\n\t\t\t\t<div class=\"elementor-widget-container\">\n\t\t\t\t\t<h2 class=\"elementor-heading-title elementor-size-default\"><b>KIT COMPLET D'eMBRAYAGE<br><\/b><br>M\u00c9CANISME DOUBLE, DISQUE AV. ORGANIQUE, 2 BUT\u00c9ES ET ROULEMENT PILOTE <br><br>\u00d8 300 \/ 250 mm \u2013 8 \/ 10 CANNELURES - 220111200 - 2 201 112 00<\/h2>\t\t\t\t<\/div>\n\t\t\t\t<\/div>\n\t\t\t\t\t<\/div>\n\t\t<\/div>\n\t\t\t\t\t<\/div>\n\t\t<\/section>\n\t\t\t\t<section class=\"elementor-section elementor-top-section elementor-element elementor-element-1c097eb7 elementor-section-boxed elementor-section-height-default elementor-section-height-default\" data-id=\"1c097eb7\" data-element_type=\"section\" data-e-type=\"section\">\n\t\t\t\t\t\t<div class=\"elementor-container elementor-column-gap-default\">\n\t\t\t\t\t<div class=\"elementor-column elementor-col-100 elementor-top-column elementor-element elementor-element-41fc5527\" data-id=\"41fc5527\" data-element_type=\"column\" data-e-type=\"column\">\n\t\t\t<div class=\"elementor-widget-wrap elementor-element-populated\">\n\t\t\t\t\t\t<div class=\"elementor-element elementor-element-746c6ba1 elementor-widget elementor-widget-text-editor\" data-id=\"746c6ba1\" data-element_type=\"widget\" data-e-type=\"widget\" data-widget_type=\"text-editor.default\">\n\t\t\t\t<div class=\"elementor-widget-container\">\n\t\t\t\t\t\t\t\t\t<div><p>Kit embrayage pour tracteur agricoles de la marque DEUTZ\u00a0<\/p><\/div><div><p>KHD Deutz : 6006, 6806, 6807, 7006, 7007, 7206, 7207, 7807<\/p><p>&#8211; But\u00e9e d&rsquo;avancement\u00a0<a style=\"background-color: #ffffff\" href=\"https:\/\/edel.fr\/en\/butee-dembrayage-92x55x16-tracteur-agricole\/\"><strong>20301380<\/strong> <\/a>: Epaisseur 25 mm\u00a0<\/p><p>Existe aussi avec une but\u00e9e d&rsquo;avancement\u00a0<strong><a href=\"https:\/\/edel.fr\/en\/butee-dembrayage-92x55x16-tracteur-agricole\/\">20304680<\/a>\u00a0:\u00a0<\/strong>Epaisseur 16 mm\u00a0<\/p><p><i>*** si vous avez cette but\u00e9e, veuillez nous le pr\u00e9ciser dans votre commande ***<\/i><\/p><p>&#8211; But\u00e9e de prise de force <a href=\"https:\/\/edel.fr\/en\/butee-dembrayage-70x110x20-tracteur-agricole\/\"><strong>20303780<\/strong><\/a> &#8211; 6014 2RS -70 x 110 x 20 mm<\/p><p>&#8211; Roulement pilote <strong><a href=\"https:\/\/edel.fr\/en\/roulement-pilote-fag-6304-2rs-20-x-52-x-15-tracteur-agricole\/\">RP 17<\/a><\/strong> &#8211; 6304 2RS &#8211; 20 X 52 X 15 mm<\/p><ul><li><span style=\"text-decoration: underline;color: #fdb819\">En option<\/span><span style=\"color: #fdb819\">,<\/span> vous trouverez \u00e9galement\u00a0pour ce montage :<br \/><a href=\"https:\/\/edel.fr\/en\/joint-spi-arriere-deutz-115-x-140-x-16-qualite-origine\/\" target=\"_blank\" rel=\"noopener\">&#8211; le joint spi<\/a><\/li><\/ul><\/div><p>Le kit d\u2019embrayage tracteur agricole est compos\u00e9 d\u2019un m\u00e9canisme, d\u2019un ou deux disques, d\u2019une ou deux but\u00e9es et du roulement pilote. De plus le kit complet comprend la totalit\u00e9 des pi\u00e8ces \u00e0 changer en atelier. Cependant les pi\u00e8ces de rechange qui le composent sont rigoureusement s\u00e9lectionn\u00e9es pour leur qualit\u00e9 et leur fiabilit\u00e9.\u00a0<\/p><p>Toutefois choisir de remplacer une pi\u00e8ce au d\u00e9tail peut s\u2019av\u00e9rer \u00eatre moins avantageux que de remplacer un ensemble complet. Nos kits se distinguent par la qualit\u00e9 de nos but\u00e9es d\u2019embrayages et roulements pilotes. Une but\u00e9e adaptable qui grippe conduit irr\u00e9m\u00e9diablement \u00e0 la destruction du m\u00e9canisme.<\/p><p>Car pour le montage d\u2019un kit d\u2019embrayage agricole, les pi\u00e8ces p\u00e9riph\u00e9riques doivent proc\u00e9der \u00e0 un examen minutieux. Notamment, le volant moteur et les diff\u00e9rents joints spi.<\/p><p>En effet, pour le syst\u00e8me de commande, une vigilance particuli\u00e8re est \u00e0 porter au c\u00e2ble, a la tringlerie et au circuit hydraulique. En cas de doute, ces composants doivent absolument \u00eatre remis \u00e0 niveau pour permettre le parfait fonctionnement de l\u2019embrayage.<\/p><p>Bien s\u00fbr, pour plus de renseignements, n&rsquo;h\u00e9sitez pas \u00e0 nous consulter !<\/p>\t\t\t\t\t\t\t\t<\/div>\n\t\t\t\t<\/div>\n\t\t\t\t\t<\/div>\n\t\t<\/div>\n\t\t\t\t\t<\/div>\n\t\t<\/section>\n\t\t\t\t<\/div>","protected":false},"excerpt":{"rendered":"<p>KIT COMPLET D&rsquo;eMBRAYAGEM\u00c9CANISME DOUBLE, DISQUE AV. ORGANIQUE, 2 BUT\u00c9ES ET ROULEMENT PILOTE \u00d8 300 \/ 250 mm \u2013 8 \/ 10 CANNELURES &#8211; 220111200 &#8211; 2 201 112 00 Kit embrayage pour tracteur agricoles de la marque DEUTZ\u00a0 KHD Deutz : 6006, 6806, 6807, 7006, 7007, 7206, 7207, 7807 &#8211; But\u00e9e d&rsquo;avancement\u00a020301380 : Epaisseur 25<br \/><a class=\"more-link\" href=\"https:\/\/edel.fr\/en\/product\/kit-complet-mecanisme-double-disque-av-organique-2-butees-et-roulement-pilote-deutz-o300-250-8-10-cannelures\/\"><br \/>\n        Read More<span class=\"screen-reader-text\"> \u00ab\u00a0Kit Embrayage KHD Deutz Complet &#8211; 6006 6806 6807 7006 7007\u00a0\u00bb<\/span><\/a><\/p>","protected":false},"featured_media":4178,"template":"","meta":[],"product_brand":[],"product_cat":[1141,3960,119,120],"product_tag":[143,124],"tracteur":[],"class_list":{"0":"post-5975","1":"product","2":"type-product","3":"status-publish","4":"has-post-thumbnail","6":"product_cat-kits-dembrayage","7":"product_cat-khd-deutz","8":"product_cat-tracteurs-agricoles","9":"product_cat-transmissions","10":"product_tag-kits-dembrayage","11":"product_tag-transmissions","12":"product_shipping_class-142","13":"pa_fabriquant-luk","14":"pa_marque-tracteur-khd-deutz","15":"pa_type-2-2320","16":"pa_type-2-1232","17":"pa_type-2-2861","18":"pa_type-2-2321","19":"pa_type-2-2322","20":"pa_type-2-1233","21":"pa_type-2-1234","22":"pa_type-2-1235","23":"badges-style-2","25":"first","26":"instock","27":"taxable","28":"shipping-taxable","29":"purchasable","30":"product-type-simple"},"acf":[],"yoast_head":"<!-- This site is optimized with the Yoast SEO plugin v27.3 - https:\/\/yoast.com\/product\/yoast-seo-wordpress\/ -->\n<title>Kit Embrayage KHD Deutz Complet - 6006 6806 6807 7006 7007 - Edel<\/title>\n<meta name=\"description\" content=\"Kit Embrayage KHD Deutz - M\u00e9canisme double, disque AV. Organique, 2 but\u00e9es et roulement pilote - \u00d8300\/250 - 6006 6806 6807 7006 7007 7206 7207 7807\" \/>\n<meta name=\"robots\" content=\"index, follow, max-snippet:-1, max-image-preview:large, max-video-preview:-1\" \/>\n<link rel=\"canonical\" href=\"https:\/\/edel.fr\/en\/product\/kit-complet-mecanisme-double-disque-av-organique-2-butees-et-roulement-pilote-deutz-o300-250-8-10-cannelures\/\" \/>\n<meta property=\"og:locale\" content=\"en_US\" \/>\n<meta property=\"og:type\" content=\"article\" \/>\n<meta property=\"og:title\" content=\"Kit Embrayage KHD Deutz Complet - 6006 6806 6807 7006 7007 - Edel\" \/>\n<meta property=\"og:description\" content=\"Kit Embrayage KHD Deutz - M\u00e9canisme double, disque AV. Organique, 2 but\u00e9es et roulement pilote - \u00d8300\/250 - 6006 6806 6807 7006 7007 7206 7207 7807\" \/>\n<meta property=\"og:url\" content=\"https:\/\/edel.fr\/en\/product\/kit-complet-mecanisme-double-disque-av-organique-2-butees-et-roulement-pilote-deutz-o300-250-8-10-cannelures\/\" \/>\n<meta property=\"og:site_name\" content=\"Edel\" \/>\n<meta property=\"article:modified_time\" content=\"2026-02-06T13:29:50+00:00\" \/>\n<meta property=\"og:image\" content=\"https:\/\/edel.fr\/uploads\/2018\/11\/K23.jpg\" \/>\n\t<meta property=\"og:image:width\" content=\"1920\" \/>\n\t<meta property=\"og:image:height\" content=\"1920\" \/>\n\t<meta property=\"og:image:type\" content=\"image\/jpeg\" \/>\n<meta name=\"twitter:card\" content=\"summary_large_image\" \/>\n<meta name=\"twitter:label1\" content=\"Est. reading time\" \/>\n\t<meta name=\"twitter:data1\" content=\"2 minutes\" \/>\n<script type=\"application\/ld+json\" class=\"yoast-schema-graph\">{\"@context\":\"https:\\\/\\\/schema.org\",\"@graph\":[{\"@type\":\"WebPage\",\"@id\":\"https:\\\/\\\/edel.fr\\\/en\\\/product\\\/kit-complet-mecanisme-double-disque-av-organique-2-butees-et-roulement-pilote-deutz-o300-250-8-10-cannelures\\\/\",\"url\":\"https:\\\/\\\/edel.fr\\\/en\\\/product\\\/kit-complet-mecanisme-double-disque-av-organique-2-butees-et-roulement-pilote-deutz-o300-250-8-10-cannelures\\\/\",\"name\":\"Kit Embrayage KHD Deutz Complet - 6006 6806 6807 7006 7007 - Edel\",\"isPartOf\":{\"@id\":\"http:\\\/\\\/www.edel.fr\\\/en\\\/#website\"},\"primaryImageOfPage\":{\"@id\":\"https:\\\/\\\/edel.fr\\\/en\\\/product\\\/kit-complet-mecanisme-double-disque-av-organique-2-butees-et-roulement-pilote-deutz-o300-250-8-10-cannelures\\\/#primaryimage\"},\"image\":{\"@id\":\"https:\\\/\\\/edel.fr\\\/en\\\/product\\\/kit-complet-mecanisme-double-disque-av-organique-2-butees-et-roulement-pilote-deutz-o300-250-8-10-cannelures\\\/#primaryimage\"},\"thumbnailUrl\":\"https:\\\/\\\/edel.fr\\\/uploads\\\/2018\\\/11\\\/K23.jpg\",\"datePublished\":\"2019-03-11T08:24:43+00:00\",\"dateModified\":\"2026-02-06T13:29:50+00:00\",\"description\":\"Kit Embrayage KHD Deutz - M\u00e9canisme double, disque AV. Organique, 2 but\u00e9es et roulement pilote - \u00d8300\\\/250 - 6006 6806 6807 7006 7007 7206 7207 7807\",\"breadcrumb\":{\"@id\":\"https:\\\/\\\/edel.fr\\\/en\\\/product\\\/kit-complet-mecanisme-double-disque-av-organique-2-butees-et-roulement-pilote-deutz-o300-250-8-10-cannelures\\\/#breadcrumb\"},\"inLanguage\":\"en-US\",\"potentialAction\":[{\"@type\":\"ReadAction\",\"target\":[\"https:\\\/\\\/edel.fr\\\/en\\\/product\\\/kit-complet-mecanisme-double-disque-av-organique-2-butees-et-roulement-pilote-deutz-o300-250-8-10-cannelures\\\/\"]}]},{\"@type\":\"ImageObject\",\"inLanguage\":\"en-US\",\"@id\":\"https:\\\/\\\/edel.fr\\\/en\\\/product\\\/kit-complet-mecanisme-double-disque-av-organique-2-butees-et-roulement-pilote-deutz-o300-250-8-10-cannelures\\\/#primaryimage\",\"url\":\"https:\\\/\\\/edel.fr\\\/uploads\\\/2018\\\/11\\\/K23.jpg\",\"contentUrl\":\"https:\\\/\\\/edel.fr\\\/uploads\\\/2018\\\/11\\\/K23.jpg\",\"width\":1920,\"height\":1920,\"caption\":\"Kit Embrayage KHD Deutz\"},{\"@type\":\"BreadcrumbList\",\"@id\":\"https:\\\/\\\/edel.fr\\\/en\\\/product\\\/kit-complet-mecanisme-double-disque-av-organique-2-butees-et-roulement-pilote-deutz-o300-250-8-10-cannelures\\\/#breadcrumb\",\"itemListElement\":[{\"@type\":\"ListItem\",\"position\":1,\"name\":\"Pi\u00e8ce Tracteur\",\"item\":\"http:\\\/\\\/www.edel.fr\\\/en\\\/\"},{\"@type\":\"ListItem\",\"position\":2,\"name\":\"Toutes nos pi\u00e8ces Tracteur\",\"item\":\"https:\\\/\\\/edel.fr\\\/shop\\\/\"},{\"@type\":\"ListItem\",\"position\":3,\"name\":\"Kit Embrayage KHD Deutz Complet &#8211; 6006 6806 6807 7006 7007\"}]},{\"@type\":\"WebSite\",\"@id\":\"http:\\\/\\\/www.edel.fr\\\/en\\\/#website\",\"url\":\"http:\\\/\\\/www.edel.fr\\\/en\\\/\",\"name\":\"Edel\",\"description\":\"Pi\u00e8ce d\u00e9tach\u00e9e de Tracteur Agricole\",\"publisher\":{\"@id\":\"http:\\\/\\\/www.edel.fr\\\/en\\\/#organization\"},\"potentialAction\":[{\"@type\":\"SearchAction\",\"target\":{\"@type\":\"EntryPoint\",\"urlTemplate\":\"http:\\\/\\\/www.edel.fr\\\/en\\\/?s={search_term_string}\"},\"query-input\":{\"@type\":\"PropertyValueSpecification\",\"valueRequired\":true,\"valueName\":\"search_term_string\"}}],\"inLanguage\":\"en-US\"},{\"@type\":\"Organization\",\"@id\":\"http:\\\/\\\/www.edel.fr\\\/en\\\/#organization\",\"name\":\"Edel\",\"url\":\"http:\\\/\\\/www.edel.fr\\\/en\\\/\",\"logo\":{\"@type\":\"ImageObject\",\"inLanguage\":\"en-US\",\"@id\":\"http:\\\/\\\/www.edel.fr\\\/en\\\/#\\\/schema\\\/logo\\\/image\\\/\",\"url\":\"https:\\\/\\\/www.edel.fr\\\/uploads\\\/2018\\\/11\\\/logo-edel.png\",\"contentUrl\":\"https:\\\/\\\/www.edel.fr\\\/uploads\\\/2018\\\/11\\\/logo-edel.png\",\"width\":257,\"height\":68,\"caption\":\"Edel\"},\"image\":{\"@id\":\"http:\\\/\\\/www.edel.fr\\\/en\\\/#\\\/schema\\\/logo\\\/image\\\/\"}}]}<\/script>\n<!-- \/ Yoast SEO plugin. -->","yoast_head_json":{"title":"Kit Embrayage KHD Deutz Complet - 6006 6806 6807 7006 7007 - Edel","description":"Kit Embrayage KHD Deutz - M\u00e9canisme double, disque AV. Organique, 2 but\u00e9es et roulement pilote - \u00d8300\/250 - 6006 6806 6807 7006 7007 7206 7207 7807","robots":{"index":"index","follow":"follow","max-snippet":"max-snippet:-1","max-image-preview":"max-image-preview:large","max-video-preview":"max-video-preview:-1"},"canonical":"https:\/\/edel.fr\/en\/product\/kit-complet-mecanisme-double-disque-av-organique-2-butees-et-roulement-pilote-deutz-o300-250-8-10-cannelures\/","og_locale":"en_US","og_type":"article","og_title":"Kit Embrayage KHD Deutz Complet - 6006 6806 6807 7006 7007 - Edel","og_description":"Kit Embrayage KHD Deutz - M\u00e9canisme double, disque AV. Organique, 2 but\u00e9es et roulement pilote - \u00d8300\/250 - 6006 6806 6807 7006 7007 7206 7207 7807","og_url":"https:\/\/edel.fr\/en\/product\/kit-complet-mecanisme-double-disque-av-organique-2-butees-et-roulement-pilote-deutz-o300-250-8-10-cannelures\/","og_site_name":"Edel","article_modified_time":"2026-02-06T13:29:50+00:00","og_image":[{"width":1920,"height":1920,"url":"https:\/\/edel.fr\/uploads\/2018\/11\/K23.jpg","type":"image\/jpeg"}],"twitter_card":"summary_large_image","twitter_misc":{"Est. reading time":"2 minutes"},"schema":{"@context":"https:\/\/schema.org","@graph":[{"@type":"WebPage","@id":"https:\/\/edel.fr\/en\/product\/kit-complet-mecanisme-double-disque-av-organique-2-butees-et-roulement-pilote-deutz-o300-250-8-10-cannelures\/","url":"https:\/\/edel.fr\/en\/product\/kit-complet-mecanisme-double-disque-av-organique-2-butees-et-roulement-pilote-deutz-o300-250-8-10-cannelures\/","name":"Kit Embrayage KHD Deutz Complet - 6006 6806 6807 7006 7007 - Edel","isPartOf":{"@id":"http:\/\/www.edel.fr\/en\/#website"},"primaryImageOfPage":{"@id":"https:\/\/edel.fr\/en\/product\/kit-complet-mecanisme-double-disque-av-organique-2-butees-et-roulement-pilote-deutz-o300-250-8-10-cannelures\/#primaryimage"},"image":{"@id":"https:\/\/edel.fr\/en\/product\/kit-complet-mecanisme-double-disque-av-organique-2-butees-et-roulement-pilote-deutz-o300-250-8-10-cannelures\/#primaryimage"},"thumbnailUrl":"https:\/\/edel.fr\/uploads\/2018\/11\/K23.jpg","datePublished":"2019-03-11T08:24:43+00:00","dateModified":"2026-02-06T13:29:50+00:00","description":"Kit Embrayage KHD Deutz - M\u00e9canisme double, disque AV. Organique, 2 but\u00e9es et roulement pilote - \u00d8300\/250 - 6006 6806 6807 7006 7007 7206 7207 7807","breadcrumb":{"@id":"https:\/\/edel.fr\/en\/product\/kit-complet-mecanisme-double-disque-av-organique-2-butees-et-roulement-pilote-deutz-o300-250-8-10-cannelures\/#breadcrumb"},"inLanguage":"en-US","potentialAction":[{"@type":"ReadAction","target":["https:\/\/edel.fr\/en\/product\/kit-complet-mecanisme-double-disque-av-organique-2-butees-et-roulement-pilote-deutz-o300-250-8-10-cannelures\/"]}]},{"@type":"ImageObject","inLanguage":"en-US","@id":"https:\/\/edel.fr\/en\/product\/kit-complet-mecanisme-double-disque-av-organique-2-butees-et-roulement-pilote-deutz-o300-250-8-10-cannelures\/#primaryimage","url":"https:\/\/edel.fr\/uploads\/2018\/11\/K23.jpg","contentUrl":"https:\/\/edel.fr\/uploads\/2018\/11\/K23.jpg","width":1920,"height":1920,"caption":"Kit Embrayage KHD Deutz"},{"@type":"BreadcrumbList","@id":"https:\/\/edel.fr\/en\/product\/kit-complet-mecanisme-double-disque-av-organique-2-butees-et-roulement-pilote-deutz-o300-250-8-10-cannelures\/#breadcrumb","itemListElement":[{"@type":"ListItem","position":1,"name":"Pi\u00e8ce Tracteur","item":"http:\/\/www.edel.fr\/en\/"},{"@type":"ListItem","position":2,"name":"Toutes nos pi\u00e8ces Tracteur","item":"https:\/\/edel.fr\/shop\/"},{"@type":"ListItem","position":3,"name":"Kit Embrayage KHD Deutz Complet &#8211; 6006 6806 6807 7006 7007"}]},{"@type":"WebSite","@id":"http:\/\/www.edel.fr\/en\/#website","url":"http:\/\/www.edel.fr\/en\/","name":"Edel","description":"Pi\u00e8ce d\u00e9tach\u00e9e de Tracteur Agricole","publisher":{"@id":"http:\/\/www.edel.fr\/en\/#organization"},"potentialAction":[{"@type":"SearchAction","target":{"@type":"EntryPoint","urlTemplate":"http:\/\/www.edel.fr\/en\/?s={search_term_string}"},"query-input":{"@type":"PropertyValueSpecification","valueRequired":true,"valueName":"search_term_string"}}],"inLanguage":"en-US"},{"@type":"Organization","@id":"http:\/\/www.edel.fr\/en\/#organization","name":"Edel","url":"http:\/\/www.edel.fr\/en\/","logo":{"@type":"ImageObject","inLanguage":"en-US","@id":"http:\/\/www.edel.fr\/en\/#\/schema\/logo\/image\/","url":"https:\/\/www.edel.fr\/uploads\/2018\/11\/logo-edel.png","contentUrl":"https:\/\/www.edel.fr\/uploads\/2018\/11\/logo-edel.png","width":257,"height":68,"caption":"Edel"},"image":{"@id":"http:\/\/www.edel.fr\/en\/#\/schema\/logo\/image\/"}}]}},"_links":{"self":[{"href":"https:\/\/edel.fr\/en\/wp-json\/wp\/v2\/product\/5975","targetHints":{"allow":["GET"]}}],"collection":[{"href":"https:\/\/edel.fr\/en\/wp-json\/wp\/v2\/product"}],"about":[{"href":"https:\/\/edel.fr\/en\/wp-json\/wp\/v2\/types\/product"}],"version-history":[{"count":2,"href":"https:\/\/edel.fr\/en\/wp-json\/wp\/v2\/product\/5975\/revisions"}],"predecessor-version":[{"id":16128,"href":"https:\/\/edel.fr\/en\/wp-json\/wp\/v2\/product\/5975\/revisions\/16128"}],"wp:featuredmedia":[{"embeddable":true,"href":"https:\/\/edel.fr\/en\/wp-json\/wp\/v2\/media\/4178"}],"wp:attachment":[{"href":"https:\/\/edel.fr\/en\/wp-json\/wp\/v2\/media?parent=5975"}],"wp:term":[{"taxonomy":"product_brand","embeddable":true,"href":"https:\/\/edel.fr\/en\/wp-json\/wp\/v2\/product_brand?post=5975"},{"taxonomy":"product_cat","embeddable":true,"href":"https:\/\/edel.fr\/en\/wp-json\/wp\/v2\/product_cat?post=5975"},{"taxonomy":"product_tag","embeddable":true,"href":"https:\/\/edel.fr\/en\/wp-json\/wp\/v2\/product_tag?post=5975"},{"taxonomy":"tracteur","embeddable":true,"href":"https:\/\/edel.fr\/en\/wp-json\/wp\/v2\/tracteur?post=5975"}],"curies":[{"name":"wp","href":"https:\/\/api.w.org\/{rel}","templated":true}]}}