{"id":5977,"date":"2019-03-11T09:24:43","date_gmt":"2019-03-11T08:24:43","guid":{"rendered":"http:\/\/edel.stephanie.ct.webcd.lan\/shop\/kit-complet-mecanisme-double-disque-av-cerametallique-2-butees-bague-et-roulement-pilote-deutz-o330-330-23-16-cannelures\/"},"modified":"2026-02-17T15:26:14","modified_gmt":"2026-02-17T14:26:14","slug":"kit-complet-mecanisme-double-disque-av-cerametallique-2-butees-bague-et-roulement-pilote-deutz-o330-330-23-16-cannelures","status":"publish","type":"product","link":"https:\/\/edel.fr\/en\/product\/kit-complet-mecanisme-double-disque-av-cerametallique-2-butees-bague-et-roulement-pilote-deutz-o330-330-23-16-cannelures\/","title":{"rendered":"Embrayage KHD Deutz Kit Complet &#8211; 10006 13006 7506U 8006"},"content":{"rendered":"<div data-elementor-type=\"wp-post\" data-elementor-id=\"5977\" class=\"elementor elementor-5977\">\n\t\t\t\t\t\t<section class=\"elementor-section elementor-top-section elementor-element elementor-element-db2a8af elementor-section-boxed elementor-section-height-default elementor-section-height-default\" data-id=\"db2a8af\" data-element_type=\"section\" data-e-type=\"section\">\n\t\t\t\t\t\t<div class=\"elementor-container elementor-column-gap-default\">\n\t\t\t\t\t<div class=\"elementor-column elementor-col-100 elementor-top-column elementor-element elementor-element-8ab8c98\" data-id=\"8ab8c98\" data-element_type=\"column\" data-e-type=\"column\">\n\t\t\t<div class=\"elementor-widget-wrap elementor-element-populated\">\n\t\t\t\t\t\t<div class=\"elementor-element elementor-element-fb7530e elementor-widget elementor-widget-heading\" data-id=\"fb7530e\" data-element_type=\"widget\" data-e-type=\"widget\" data-widget_type=\"heading.default\">\n\t\t\t\t<div class=\"elementor-widget-container\">\n\t\t\t\t\t<h2 class=\"elementor-heading-title elementor-size-default\">EMBRAYAGE KHD DEUTZ KIT COMPLET -&nbsp; M\u00c9CANISME DOUBLE, DISQUE AV. C\u00c9RAM\u00c9TALLIQUE, 2 BUT\u00c9ES, BAGUE ET ROULEMENT PILOTE \u2013 \u00d8330\/310 \u2013 23\/16 CANNELURES<\/h2>\t\t\t\t<\/div>\n\t\t\t\t<\/div>\n\t\t\t\t\t<\/div>\n\t\t<\/div>\n\t\t\t\t\t<\/div>\n\t\t<\/section>\n\t\t\t\t<section class=\"elementor-section elementor-top-section elementor-element elementor-element-2d8a64f elementor-section-boxed elementor-section-height-default elementor-section-height-default\" data-id=\"2d8a64f\" data-element_type=\"section\" data-e-type=\"section\">\n\t\t\t\t\t\t<div class=\"elementor-container elementor-column-gap-default\">\n\t\t\t\t\t<div class=\"elementor-column elementor-col-100 elementor-top-column elementor-element elementor-element-717e77a\" data-id=\"717e77a\" data-element_type=\"column\" data-e-type=\"column\">\n\t\t\t<div class=\"elementor-widget-wrap elementor-element-populated\">\n\t\t\t\t\t\t<div class=\"elementor-element elementor-element-d07a4a4 elementor-widget elementor-widget-heading\" data-id=\"d07a4a4\" data-element_type=\"widget\" data-e-type=\"widget\" data-widget_type=\"heading.default\">\n\t\t\t\t<div class=\"elementor-widget-container\">\n\t\t\t\t\t<h3 class=\"elementor-heading-title elementor-size-default\">Information du produit :<\/h3>\t\t\t\t<\/div>\n\t\t\t\t<\/div>\n\t\t\t\t\t<\/div>\n\t\t<\/div>\n\t\t\t\t\t<\/div>\n\t\t<\/section>\n\t\t\t\t<section class=\"elementor-section elementor-top-section elementor-element elementor-element-2d8ca8b6 elementor-section-boxed elementor-section-height-default elementor-section-height-default\" data-id=\"2d8ca8b6\" data-element_type=\"section\" data-e-type=\"section\">\n\t\t\t\t\t\t<div class=\"elementor-container elementor-column-gap-default\">\n\t\t\t\t\t<div class=\"elementor-column elementor-col-100 elementor-top-column elementor-element elementor-element-45f04fb\" data-id=\"45f04fb\" data-element_type=\"column\" data-e-type=\"column\">\n\t\t\t<div class=\"elementor-widget-wrap elementor-element-populated\">\n\t\t\t\t\t\t<div class=\"elementor-element elementor-element-25d4d3ab elementor-widget elementor-widget-text-editor\" data-id=\"25d4d3ab\" data-element_type=\"widget\" data-e-type=\"widget\" data-widget_type=\"text-editor.default\">\n\t\t\t\t<div class=\"elementor-widget-container\">\n\t\t\t\t\t\t\t\t\t<p>Kit embrayage de la marque : KHD Deutz<\/p><div><p>KHD Deutz : 10006, 13006, 7506U, 8006, 9005, 9006.<\/p><\/div><div><ul><li><span style=\"text-decoration: underline; color: #fdb819;\">En option<\/span><span style=\"color: #fdb819;\">,<\/span> vous trouverez \u00e9galement\u00a0pour ce montage :<br \/><a href=\"https:\/\/edel.fr\/en\/joint-spi-arriere-deutz-115-x-140-x-16-qualite-origine\/\" target=\"_blank\" rel=\"noopener\">&#8211; le joint spi<\/a><\/li><\/ul><\/div><p>Le kit d\u2019embrayage tracteur agricole est compos\u00e9 d\u2019un m\u00e9canisme, d\u2019un ou deux disques, d\u2019une ou deux but\u00e9es et du roulement pilote. De plus le kit complet comprend la totalit\u00e9 des pi\u00e8ces \u00e0 changer en atelier. Cependant les pi\u00e8ces de rechange qui le composent sont rigoureusement s\u00e9lectionn\u00e9es pour leur qualit\u00e9 et leur fiabilit\u00e9.\u00a0<\/p><p>Toutefois choisir de remplacer une pi\u00e8ce au d\u00e9tail peut s\u2019av\u00e9rer \u00eatre moins avantageux que de remplacer un ensemble complet. Nos kits se distinguent par la qualit\u00e9 de nos but\u00e9es d\u2019embrayages et roulements pilotes. Une but\u00e9e adaptable qui grippe conduit irr\u00e9m\u00e9diablement \u00e0 la destruction du m\u00e9canisme.<\/p><p>Car pour le montage d\u2019un kit d\u2019embrayage agricole, les pi\u00e8ces p\u00e9riph\u00e9riques doivent proc\u00e9der \u00e0 un examen minutieux. Notamment, le volant moteur et les diff\u00e9rents joints spi.<\/p><p>En effet, pour le syst\u00e8me de commande, une vigilance particuli\u00e8re est \u00e0 porter au c\u00e2ble, a la tringlerie et au circuit hydraulique. En cas de doute, ces composants doivent absolument \u00eatre remis \u00e0 niveau pour permettre le parfait fonctionnement de l\u2019embrayage.<\/p><p>Bien s\u00fbr, pour plus de renseignements, n&rsquo;h\u00e9sitez pas \u00e0 nous consulter !<\/p>\t\t\t\t\t\t\t\t<\/div>\n\t\t\t\t<\/div>\n\t\t\t\t\t<\/div>\n\t\t<\/div>\n\t\t\t\t\t<\/div>\n\t\t<\/section>\n\t\t\t\t<\/div>","protected":false},"excerpt":{"rendered":"<p>EMBRAYAGE KHD DEUTZ KIT COMPLET &#8211;&nbsp; M\u00c9CANISME DOUBLE, DISQUE AV. C\u00c9RAM\u00c9TALLIQUE, 2 BUT\u00c9ES, BAGUE ET ROULEMENT PILOTE \u2013 \u00d8330\/310 \u2013 23\/16 CANNELURES Information du produit : Kit embrayage de la marque : KHD Deutz KHD Deutz : 10006, 13006, 7506U, 8006, 9005, 9006. En option, vous trouverez \u00e9galement\u00a0pour ce montage :&#8211; le joint spi Le<br \/><a class=\"more-link\" href=\"https:\/\/edel.fr\/en\/product\/kit-complet-mecanisme-double-disque-av-cerametallique-2-butees-bague-et-roulement-pilote-deutz-o330-330-23-16-cannelures\/\"><br \/>\n        Read More<span class=\"screen-reader-text\"> \u00ab\u00a0Embrayage KHD Deutz Kit Complet &#8211; 10006 13006 7506U 8006\u00a0\u00bb<\/span><\/a><\/p>","protected":false},"featured_media":4180,"template":"","meta":[],"product_brand":[],"product_cat":[1141,3960,119,120],"product_tag":[143,124],"tracteur":[],"class_list":{"0":"post-5977","1":"product","2":"type-product","3":"status-publish","4":"has-post-thumbnail","6":"product_cat-kits-dembrayage","7":"product_cat-khd-deutz","8":"product_cat-tracteurs-agricoles","9":"product_cat-transmissions","10":"product_tag-kits-dembrayage","11":"product_tag-transmissions","12":"product_shipping_class-142","13":"pa_fabriquant-kawe","14":"pa_marque-tracteur-khd-deutz","15":"pa_type-2-2328","16":"pa_type-2-2329","17":"pa_type-2-7506u","18":"pa_type-2-2327","19":"pa_type-2-2863","20":"pa_type-2-2772","21":"badges-style-2","23":"first","24":"instock","25":"taxable","26":"shipping-taxable","27":"purchasable","28":"product-type-simple"},"acf":[],"yoast_head":"<!-- This site is optimized with the Yoast SEO plugin v27.3 - https:\/\/yoast.com\/product\/yoast-seo-wordpress\/ -->\n<title>Embrayage KHD Deutz Kit Complet - 10006 13006 7506U 8006 - Edel<\/title>\n<meta name=\"description\" content=\"Embrayage KHD Deutz Kit - M\u00e9canisme double, disque AV. C\u00e9ram\u00e9tallique, 2 but\u00e9es, bague et roulement pilote - \u00d8330\/330 - 10006 13006 7506U 8006 9005 9006\" \/>\n<meta name=\"robots\" content=\"index, follow, max-snippet:-1, max-image-preview:large, max-video-preview:-1\" \/>\n<link rel=\"canonical\" href=\"https:\/\/www.edel.fr\/produit\/kit-complet-mecanisme-double-disque-av-cerametallique-2-butees-bague-et-roulement-pilote-deutz-o330-330-23-16-cannelures\/\" \/>\n<meta property=\"og:locale\" content=\"en_US\" \/>\n<meta property=\"og:type\" content=\"article\" \/>\n<meta property=\"og:title\" content=\"Embrayage KHD Deutz Kit Complet - 10006 13006 7506U 8006 - Edel\" \/>\n<meta property=\"og:description\" content=\"Embrayage KHD Deutz Kit - M\u00e9canisme double, disque AV. C\u00e9ram\u00e9tallique, 2 but\u00e9es, bague et roulement pilote - \u00d8330\/330 - 10006 13006 7506U 8006 9005 9006\" \/>\n<meta property=\"og:url\" content=\"https:\/\/www.edel.fr\/produit\/kit-complet-mecanisme-double-disque-av-cerametallique-2-butees-bague-et-roulement-pilote-deutz-o330-330-23-16-cannelures\/\" \/>\n<meta property=\"og:site_name\" content=\"Edel\" \/>\n<meta property=\"article:modified_time\" content=\"2026-02-17T14:26:14+00:00\" \/>\n<meta property=\"og:image\" content=\"https:\/\/www.edel.fr\/uploads\/2018\/11\/K26.jpg\" \/>\n\t<meta property=\"og:image:width\" content=\"1920\" \/>\n\t<meta property=\"og:image:height\" content=\"1920\" \/>\n\t<meta property=\"og:image:type\" content=\"image\/jpeg\" \/>\n<meta name=\"twitter:card\" content=\"summary_large_image\" \/>\n<meta name=\"twitter:label1\" content=\"Est. reading time\" \/>\n\t<meta name=\"twitter:data1\" content=\"2 minutes\" \/>\n<script type=\"application\/ld+json\" class=\"yoast-schema-graph\">{\"@context\":\"https:\\\/\\\/schema.org\",\"@graph\":[{\"@type\":\"WebPage\",\"@id\":\"https:\\\/\\\/www.edel.fr\\\/produit\\\/kit-complet-mecanisme-double-disque-av-cerametallique-2-butees-bague-et-roulement-pilote-deutz-o330-330-23-16-cannelures\\\/\",\"url\":\"https:\\\/\\\/www.edel.fr\\\/produit\\\/kit-complet-mecanisme-double-disque-av-cerametallique-2-butees-bague-et-roulement-pilote-deutz-o330-330-23-16-cannelures\\\/\",\"name\":\"Embrayage KHD Deutz Kit Complet - 10006 13006 7506U 8006 - Edel\",\"isPartOf\":{\"@id\":\"https:\\\/\\\/www.edel.fr\\\/en\\\/#website\"},\"primaryImageOfPage\":{\"@id\":\"https:\\\/\\\/www.edel.fr\\\/produit\\\/kit-complet-mecanisme-double-disque-av-cerametallique-2-butees-bague-et-roulement-pilote-deutz-o330-330-23-16-cannelures\\\/#primaryimage\"},\"image\":{\"@id\":\"https:\\\/\\\/www.edel.fr\\\/produit\\\/kit-complet-mecanisme-double-disque-av-cerametallique-2-butees-bague-et-roulement-pilote-deutz-o330-330-23-16-cannelures\\\/#primaryimage\"},\"thumbnailUrl\":\"https:\\\/\\\/edel.fr\\\/uploads\\\/2018\\\/11\\\/K26.jpg\",\"datePublished\":\"2019-03-11T08:24:43+00:00\",\"dateModified\":\"2026-02-17T14:26:14+00:00\",\"description\":\"Embrayage KHD Deutz Kit - M\u00e9canisme double, disque AV. C\u00e9ram\u00e9tallique, 2 but\u00e9es, bague et roulement pilote - \u00d8330\\\/330 - 10006 13006 7506U 8006 9005 9006\",\"breadcrumb\":{\"@id\":\"https:\\\/\\\/www.edel.fr\\\/produit\\\/kit-complet-mecanisme-double-disque-av-cerametallique-2-butees-bague-et-roulement-pilote-deutz-o330-330-23-16-cannelures\\\/#breadcrumb\"},\"inLanguage\":\"en-US\",\"potentialAction\":[{\"@type\":\"ReadAction\",\"target\":[\"https:\\\/\\\/www.edel.fr\\\/produit\\\/kit-complet-mecanisme-double-disque-av-cerametallique-2-butees-bague-et-roulement-pilote-deutz-o330-330-23-16-cannelures\\\/\"]}]},{\"@type\":\"ImageObject\",\"inLanguage\":\"en-US\",\"@id\":\"https:\\\/\\\/www.edel.fr\\\/produit\\\/kit-complet-mecanisme-double-disque-av-cerametallique-2-butees-bague-et-roulement-pilote-deutz-o330-330-23-16-cannelures\\\/#primaryimage\",\"url\":\"https:\\\/\\\/edel.fr\\\/uploads\\\/2018\\\/11\\\/K26.jpg\",\"contentUrl\":\"https:\\\/\\\/edel.fr\\\/uploads\\\/2018\\\/11\\\/K26.jpg\",\"width\":1920,\"height\":1920,\"caption\":\"Embrayage KHD Deutz Kit Complet\"},{\"@type\":\"BreadcrumbList\",\"@id\":\"https:\\\/\\\/www.edel.fr\\\/produit\\\/kit-complet-mecanisme-double-disque-av-cerametallique-2-butees-bague-et-roulement-pilote-deutz-o330-330-23-16-cannelures\\\/#breadcrumb\",\"itemListElement\":[{\"@type\":\"ListItem\",\"position\":1,\"name\":\"Pi\u00e8ce Tracteur\",\"item\":\"https:\\\/\\\/www.edel.fr\\\/en\\\/\"},{\"@type\":\"ListItem\",\"position\":2,\"name\":\"Toutes nos pi\u00e8ces Tracteur\",\"item\":\"https:\\\/\\\/edel.fr\\\/shop\\\/\"},{\"@type\":\"ListItem\",\"position\":3,\"name\":\"Embrayage KHD Deutz Kit Complet &#8211; 10006 13006 7506U 8006\"}]},{\"@type\":\"WebSite\",\"@id\":\"https:\\\/\\\/www.edel.fr\\\/en\\\/#website\",\"url\":\"https:\\\/\\\/www.edel.fr\\\/en\\\/\",\"name\":\"Edel\",\"description\":\"Pi\u00e8ce d\u00e9tach\u00e9e de Tracteur Agricole\",\"publisher\":{\"@id\":\"https:\\\/\\\/www.edel.fr\\\/en\\\/#organization\"},\"potentialAction\":[{\"@type\":\"SearchAction\",\"target\":{\"@type\":\"EntryPoint\",\"urlTemplate\":\"https:\\\/\\\/www.edel.fr\\\/en\\\/?s={search_term_string}\"},\"query-input\":{\"@type\":\"PropertyValueSpecification\",\"valueRequired\":true,\"valueName\":\"search_term_string\"}}],\"inLanguage\":\"en-US\"},{\"@type\":\"Organization\",\"@id\":\"https:\\\/\\\/www.edel.fr\\\/en\\\/#organization\",\"name\":\"Edel\",\"url\":\"https:\\\/\\\/www.edel.fr\\\/en\\\/\",\"logo\":{\"@type\":\"ImageObject\",\"inLanguage\":\"en-US\",\"@id\":\"https:\\\/\\\/www.edel.fr\\\/en\\\/#\\\/schema\\\/logo\\\/image\\\/\",\"url\":\"https:\\\/\\\/www.edel.fr\\\/uploads\\\/2018\\\/11\\\/logo-edel.png\",\"contentUrl\":\"https:\\\/\\\/www.edel.fr\\\/uploads\\\/2018\\\/11\\\/logo-edel.png\",\"width\":257,\"height\":68,\"caption\":\"Edel\"},\"image\":{\"@id\":\"https:\\\/\\\/www.edel.fr\\\/en\\\/#\\\/schema\\\/logo\\\/image\\\/\"}}]}<\/script>\n<!-- \/ Yoast SEO plugin. -->","yoast_head_json":{"title":"Embrayage KHD Deutz Kit Complet - 10006 13006 7506U 8006 - Edel","description":"Embrayage KHD Deutz Kit - M\u00e9canisme double, disque AV. C\u00e9ram\u00e9tallique, 2 but\u00e9es, bague et roulement pilote - \u00d8330\/330 - 10006 13006 7506U 8006 9005 9006","robots":{"index":"index","follow":"follow","max-snippet":"max-snippet:-1","max-image-preview":"max-image-preview:large","max-video-preview":"max-video-preview:-1"},"canonical":"https:\/\/www.edel.fr\/produit\/kit-complet-mecanisme-double-disque-av-cerametallique-2-butees-bague-et-roulement-pilote-deutz-o330-330-23-16-cannelures\/","og_locale":"en_US","og_type":"article","og_title":"Embrayage KHD Deutz Kit Complet - 10006 13006 7506U 8006 - Edel","og_description":"Embrayage KHD Deutz Kit - M\u00e9canisme double, disque AV. C\u00e9ram\u00e9tallique, 2 but\u00e9es, bague et roulement pilote - \u00d8330\/330 - 10006 13006 7506U 8006 9005 9006","og_url":"https:\/\/www.edel.fr\/produit\/kit-complet-mecanisme-double-disque-av-cerametallique-2-butees-bague-et-roulement-pilote-deutz-o330-330-23-16-cannelures\/","og_site_name":"Edel","article_modified_time":"2026-02-17T14:26:14+00:00","og_image":[{"width":1920,"height":1920,"url":"https:\/\/www.edel.fr\/uploads\/2018\/11\/K26.jpg","type":"image\/jpeg"}],"twitter_card":"summary_large_image","twitter_misc":{"Est. reading time":"2 minutes"},"schema":{"@context":"https:\/\/schema.org","@graph":[{"@type":"WebPage","@id":"https:\/\/www.edel.fr\/produit\/kit-complet-mecanisme-double-disque-av-cerametallique-2-butees-bague-et-roulement-pilote-deutz-o330-330-23-16-cannelures\/","url":"https:\/\/www.edel.fr\/produit\/kit-complet-mecanisme-double-disque-av-cerametallique-2-butees-bague-et-roulement-pilote-deutz-o330-330-23-16-cannelures\/","name":"Embrayage KHD Deutz Kit Complet - 10006 13006 7506U 8006 - Edel","isPartOf":{"@id":"https:\/\/www.edel.fr\/en\/#website"},"primaryImageOfPage":{"@id":"https:\/\/www.edel.fr\/produit\/kit-complet-mecanisme-double-disque-av-cerametallique-2-butees-bague-et-roulement-pilote-deutz-o330-330-23-16-cannelures\/#primaryimage"},"image":{"@id":"https:\/\/www.edel.fr\/produit\/kit-complet-mecanisme-double-disque-av-cerametallique-2-butees-bague-et-roulement-pilote-deutz-o330-330-23-16-cannelures\/#primaryimage"},"thumbnailUrl":"https:\/\/edel.fr\/uploads\/2018\/11\/K26.jpg","datePublished":"2019-03-11T08:24:43+00:00","dateModified":"2026-02-17T14:26:14+00:00","description":"Embrayage KHD Deutz Kit - M\u00e9canisme double, disque AV. C\u00e9ram\u00e9tallique, 2 but\u00e9es, bague et roulement pilote - \u00d8330\/330 - 10006 13006 7506U 8006 9005 9006","breadcrumb":{"@id":"https:\/\/www.edel.fr\/produit\/kit-complet-mecanisme-double-disque-av-cerametallique-2-butees-bague-et-roulement-pilote-deutz-o330-330-23-16-cannelures\/#breadcrumb"},"inLanguage":"en-US","potentialAction":[{"@type":"ReadAction","target":["https:\/\/www.edel.fr\/produit\/kit-complet-mecanisme-double-disque-av-cerametallique-2-butees-bague-et-roulement-pilote-deutz-o330-330-23-16-cannelures\/"]}]},{"@type":"ImageObject","inLanguage":"en-US","@id":"https:\/\/www.edel.fr\/produit\/kit-complet-mecanisme-double-disque-av-cerametallique-2-butees-bague-et-roulement-pilote-deutz-o330-330-23-16-cannelures\/#primaryimage","url":"https:\/\/edel.fr\/uploads\/2018\/11\/K26.jpg","contentUrl":"https:\/\/edel.fr\/uploads\/2018\/11\/K26.jpg","width":1920,"height":1920,"caption":"Embrayage KHD Deutz Kit Complet"},{"@type":"BreadcrumbList","@id":"https:\/\/www.edel.fr\/produit\/kit-complet-mecanisme-double-disque-av-cerametallique-2-butees-bague-et-roulement-pilote-deutz-o330-330-23-16-cannelures\/#breadcrumb","itemListElement":[{"@type":"ListItem","position":1,"name":"Pi\u00e8ce Tracteur","item":"https:\/\/www.edel.fr\/en\/"},{"@type":"ListItem","position":2,"name":"Toutes nos pi\u00e8ces Tracteur","item":"https:\/\/edel.fr\/shop\/"},{"@type":"ListItem","position":3,"name":"Embrayage KHD Deutz Kit Complet &#8211; 10006 13006 7506U 8006"}]},{"@type":"WebSite","@id":"https:\/\/www.edel.fr\/en\/#website","url":"https:\/\/www.edel.fr\/en\/","name":"Edel","description":"Pi\u00e8ce d\u00e9tach\u00e9e de Tracteur Agricole","publisher":{"@id":"https:\/\/www.edel.fr\/en\/#organization"},"potentialAction":[{"@type":"SearchAction","target":{"@type":"EntryPoint","urlTemplate":"https:\/\/www.edel.fr\/en\/?s={search_term_string}"},"query-input":{"@type":"PropertyValueSpecification","valueRequired":true,"valueName":"search_term_string"}}],"inLanguage":"en-US"},{"@type":"Organization","@id":"https:\/\/www.edel.fr\/en\/#organization","name":"Edel","url":"https:\/\/www.edel.fr\/en\/","logo":{"@type":"ImageObject","inLanguage":"en-US","@id":"https:\/\/www.edel.fr\/en\/#\/schema\/logo\/image\/","url":"https:\/\/www.edel.fr\/uploads\/2018\/11\/logo-edel.png","contentUrl":"https:\/\/www.edel.fr\/uploads\/2018\/11\/logo-edel.png","width":257,"height":68,"caption":"Edel"},"image":{"@id":"https:\/\/www.edel.fr\/en\/#\/schema\/logo\/image\/"}}]}},"_links":{"self":[{"href":"https:\/\/edel.fr\/en\/wp-json\/wp\/v2\/product\/5977","targetHints":{"allow":["GET"]}}],"collection":[{"href":"https:\/\/edel.fr\/en\/wp-json\/wp\/v2\/product"}],"about":[{"href":"https:\/\/edel.fr\/en\/wp-json\/wp\/v2\/types\/product"}],"version-history":[{"count":2,"href":"https:\/\/edel.fr\/en\/wp-json\/wp\/v2\/product\/5977\/revisions"}],"predecessor-version":[{"id":19216,"href":"https:\/\/edel.fr\/en\/wp-json\/wp\/v2\/product\/5977\/revisions\/19216"}],"wp:featuredmedia":[{"embeddable":true,"href":"https:\/\/edel.fr\/en\/wp-json\/wp\/v2\/media\/4180"}],"wp:attachment":[{"href":"https:\/\/edel.fr\/en\/wp-json\/wp\/v2\/media?parent=5977"}],"wp:term":[{"taxonomy":"product_brand","embeddable":true,"href":"https:\/\/edel.fr\/en\/wp-json\/wp\/v2\/product_brand?post=5977"},{"taxonomy":"product_cat","embeddable":true,"href":"https:\/\/edel.fr\/en\/wp-json\/wp\/v2\/product_cat?post=5977"},{"taxonomy":"product_tag","embeddable":true,"href":"https:\/\/edel.fr\/en\/wp-json\/wp\/v2\/product_tag?post=5977"},{"taxonomy":"tracteur","embeddable":true,"href":"https:\/\/edel.fr\/en\/wp-json\/wp\/v2\/tracteur?post=5977"}],"curies":[{"name":"wp","href":"https:\/\/api.w.org\/{rel}","templated":true}]}}