{"id":5981,"date":"2019-03-11T09:24:43","date_gmt":"2019-03-11T08:24:43","guid":{"rendered":"http:\/\/edel.stephanie.ct.webcd.lan\/shop\/kit-complet-mecanisme-double-a-ressorts-disque-av-organique-butee-et-roulement-pilote-massey-ferguson-o275-225-10-10-cannelures-moteur-4-cyl\/"},"modified":"2025-11-05T21:06:50","modified_gmt":"2025-11-05T20:06:50","slug":"kit-complet-mecanisme-double-a-ressorts-disque-av-organique-butee-et-roulement-pilote-massey-ferguson-o275-225-10-10-cannelures-moteur-4-cyl","status":"publish","type":"product","link":"https:\/\/edel.fr\/en\/product\/kit-complet-mecanisme-double-a-ressorts-disque-av-organique-butee-et-roulement-pilote-massey-ferguson-o275-225-10-10-cannelures-moteur-4-cyl\/","title":{"rendered":"Embrayage Kit Complet Massey Ferguson &#8211; 140 148 165 178 65"},"content":{"rendered":"<div data-elementor-type=\"wp-post\" data-elementor-id=\"5981\" class=\"elementor elementor-5981\">\n\t\t\t\t\t\t<section class=\"elementor-section elementor-top-section elementor-element elementor-element-32f6052 elementor-section-boxed elementor-section-height-default elementor-section-height-default\" data-id=\"32f6052\" data-element_type=\"section\" data-e-type=\"section\">\n\t\t\t\t\t\t<div class=\"elementor-container elementor-column-gap-default\">\n\t\t\t\t\t<div class=\"elementor-column elementor-col-100 elementor-top-column elementor-element elementor-element-8472662\" data-id=\"8472662\" data-element_type=\"column\" data-e-type=\"column\">\n\t\t\t<div class=\"elementor-widget-wrap elementor-element-populated\">\n\t\t\t\t\t\t<div class=\"elementor-element elementor-element-808a014 elementor-widget elementor-widget-heading\" data-id=\"808a014\" data-element_type=\"widget\" data-e-type=\"widget\" data-widget_type=\"heading.default\">\n\t\t\t\t<div class=\"elementor-widget-container\">\n\t\t\t\t\t<h2 class=\"elementor-heading-title elementor-size-default\">KIT COMPLET M\u00c9CANISME DOUBLE \u00c0 RESSORTS, DISQUE AV. ORGANIQUE, BUT\u00c9E ET ROULEMENT PILOTE \u2013\u00a0 \u00d8275\/225 \u2013 10\/10 CANNELURES MOTEUR 4 CYL.<\/h2>\t\t\t\t<\/div>\n\t\t\t\t<\/div>\n\t\t\t\t\t<\/div>\n\t\t<\/div>\n\t\t\t\t\t<\/div>\n\t\t<\/section>\n\t\t\t\t<section class=\"elementor-section elementor-top-section elementor-element elementor-element-efc1a39 elementor-section-boxed elementor-section-height-default elementor-section-height-default\" data-id=\"efc1a39\" data-element_type=\"section\" data-e-type=\"section\">\n\t\t\t\t\t\t<div class=\"elementor-container elementor-column-gap-default\">\n\t\t\t\t\t<div class=\"elementor-column elementor-col-100 elementor-top-column elementor-element elementor-element-3fabf4a\" data-id=\"3fabf4a\" data-element_type=\"column\" data-e-type=\"column\">\n\t\t\t<div class=\"elementor-widget-wrap elementor-element-populated\">\n\t\t\t\t\t\t<div class=\"elementor-element elementor-element-54f27eb elementor-widget elementor-widget-heading\" data-id=\"54f27eb\" data-element_type=\"widget\" data-e-type=\"widget\" data-widget_type=\"heading.default\">\n\t\t\t\t<div class=\"elementor-widget-container\">\n\t\t\t\t\t<h3 class=\"elementor-heading-title elementor-size-default\">Information du produit :<\/h3>\t\t\t\t<\/div>\n\t\t\t\t<\/div>\n\t\t\t\t\t<\/div>\n\t\t<\/div>\n\t\t\t\t\t<\/div>\n\t\t<\/section>\n\t\t\t\t<section class=\"elementor-section elementor-top-section elementor-element elementor-element-2bbb4bf9 elementor-section-boxed elementor-section-height-default elementor-section-height-default\" data-id=\"2bbb4bf9\" data-element_type=\"section\" data-e-type=\"section\">\n\t\t\t\t\t\t<div class=\"elementor-container elementor-column-gap-default\">\n\t\t\t\t\t<div class=\"elementor-column elementor-col-100 elementor-top-column elementor-element elementor-element-90288cf\" data-id=\"90288cf\" data-element_type=\"column\" data-e-type=\"column\">\n\t\t\t<div class=\"elementor-widget-wrap elementor-element-populated\">\n\t\t\t\t\t\t<div class=\"elementor-element elementor-element-2b4874a0 elementor-widget elementor-widget-text-editor\" data-id=\"2b4874a0\" data-element_type=\"widget\" data-e-type=\"widget\" data-widget_type=\"text-editor.default\">\n\t\t\t\t<div class=\"elementor-widget-container\">\n\t\t\t\t\t\t\t\t\t<h4><span style=\"color: #626262;font-size: 15px;font-weight: normal\">Kit embrayage de la marque : Massey Ferguson<\/span><\/h4><div><p><span style=\"text-decoration: underline\">Pour moteur 4 cylindres.<\/span><\/p><\/div><div><span style=\"background-color: #ffffff\">Massey Ferguson 140, 148, 165, 178, 42, 65<\/span><\/div><p>Le kit d\u2019embrayage tracteur agricole est compos\u00e9 d\u2019un m\u00e9canisme, d\u2019un ou deux disques, d\u2019une ou deux but\u00e9es et du roulement pilote. De plus le kit complet comprend la totalit\u00e9 des pi\u00e8ces \u00e0 changer en atelier. Cependant les pi\u00e8ces de rechange qui le composent sont rigoureusement s\u00e9lectionn\u00e9es pour leur qualit\u00e9 et leur fiabilit\u00e9.\u00a0<\/p><p>Toutefois choisir de remplacer une pi\u00e8ce au d\u00e9tail peut s\u2019av\u00e9rer \u00eatre moins avantageux que de remplacer un ensemble complet. Nos kits se distinguent par la qualit\u00e9 de nos but\u00e9es d\u2019embrayages et roulements pilotes. Une but\u00e9e adaptable qui grippe conduit irr\u00e9m\u00e9diablement \u00e0 la destruction du m\u00e9canisme.<\/p><p>Car pour le montage d\u2019un kit d\u2019embrayage agricole, les pi\u00e8ces p\u00e9riph\u00e9riques doivent proc\u00e9der \u00e0 un examen minutieux. Notamment, le volant moteur et les diff\u00e9rents joints spi.<\/p><p>En effet, pour le syst\u00e8me de commande, une vigilance particuli\u00e8re est \u00e0 porter au c\u00e2ble, a la tringlerie et au circuit hydraulique. En cas de doute, ces composants doivent absolument \u00eatre remis \u00e0 niveau pour permettre le parfait fonctionnement de l\u2019embrayage.<\/p><p>Bien s\u00fbr, pour plus de renseignements, n&rsquo;h\u00e9sitez pas \u00e0 nous consulter !<\/p>\t\t\t\t\t\t\t\t<\/div>\n\t\t\t\t<\/div>\n\t\t\t\t\t<\/div>\n\t\t<\/div>\n\t\t\t\t\t<\/div>\n\t\t<\/section>\n\t\t\t\t<\/div>","protected":false},"excerpt":{"rendered":"<p>KIT COMPLET M\u00c9CANISME DOUBLE \u00c0 RESSORTS, DISQUE AV. ORGANIQUE, BUT\u00c9E ET ROULEMENT PILOTE \u2013\u00a0 \u00d8275\/225 \u2013 10\/10 CANNELURES MOTEUR 4 CYL. Information du produit : Kit embrayage de la marque : Massey Ferguson Pour moteur 4 cylindres. Massey Ferguson 140, 148, 165, 178, 42, 65 Le kit d\u2019embrayage tracteur agricole est compos\u00e9 d\u2019un m\u00e9canisme, d\u2019un<br \/><a class=\"more-link\" href=\"https:\/\/edel.fr\/en\/product\/kit-complet-mecanisme-double-a-ressorts-disque-av-organique-butee-et-roulement-pilote-massey-ferguson-o275-225-10-10-cannelures-moteur-4-cyl\/\"><br \/>\n        Read More<span class=\"screen-reader-text\"> \u00ab\u00a0Embrayage Kit Complet Massey Ferguson &#8211; 140 148 165 178 65\u00a0\u00bb<\/span><\/a><\/p>","protected":false},"featured_media":4184,"template":"","meta":[],"product_brand":[],"product_cat":[1141,3949,119,120],"product_tag":[143,124],"tracteur":[],"class_list":{"0":"post-5981","1":"product","2":"type-product","3":"status-publish","4":"has-post-thumbnail","6":"product_cat-kits-dembrayage","7":"product_cat-massey-ferguson","8":"product_cat-tracteurs-agricoles","9":"product_cat-transmissions","10":"product_tag-kits-dembrayage","11":"product_tag-transmissions","12":"product_shipping_class-142","13":"pa_fabriquant-selection-edel","14":"pa_marque-tracteur-massey-ferguson","15":"pa_type-2-1191","16":"pa_type-2-1192","17":"pa_type-2-1196","18":"pa_type-2-1197","19":"pa_type-2-2001","20":"pa_type-2-1206","21":"pa_type-2-2034","22":"pa_type-2-1287","23":"badges-style-2","25":"first","26":"instock","27":"taxable","28":"shipping-taxable","29":"purchasable","30":"product-type-simple"},"acf":[],"yoast_head":"<!-- This site is optimized with the Yoast SEO plugin v27.3 - https:\/\/yoast.com\/product\/yoast-seo-wordpress\/ -->\n<title>Embrayage Kit Complet Massey Ferguson - 140 148 165 178 42 65 - Edel<\/title>\n<meta name=\"description\" content=\"Embrayage Kit Complet Massey Ferguson - M\u00e9canisme double \u00e0 ressorts, disque AV. Organique - \u00d8275\/225 - Moteur 4 Cyl. - 140 145 148 168 175 275 837 865 165MK\" \/>\n<meta name=\"robots\" content=\"index, follow, max-snippet:-1, max-image-preview:large, max-video-preview:-1\" \/>\n<link rel=\"canonical\" href=\"https:\/\/edel.fr\/en\/product\/kit-complet-mecanisme-double-a-ressorts-disque-av-organique-butee-et-roulement-pilote-massey-ferguson-o275-225-10-10-cannelures-moteur-4-cyl\/\" \/>\n<meta property=\"og:locale\" content=\"en_US\" \/>\n<meta property=\"og:type\" content=\"article\" \/>\n<meta property=\"og:title\" content=\"Embrayage Kit Complet Massey Ferguson - 140 148 165 178 42 65 - Edel\" \/>\n<meta property=\"og:description\" content=\"Embrayage Kit Complet Massey Ferguson - M\u00e9canisme double \u00e0 ressorts, disque AV. Organique - \u00d8275\/225 - Moteur 4 Cyl. - 140 145 148 168 175 275 837 865 165MK\" \/>\n<meta property=\"og:url\" content=\"https:\/\/edel.fr\/en\/product\/kit-complet-mecanisme-double-a-ressorts-disque-av-organique-butee-et-roulement-pilote-massey-ferguson-o275-225-10-10-cannelures-moteur-4-cyl\/\" \/>\n<meta property=\"og:site_name\" content=\"Edel\" \/>\n<meta property=\"article:modified_time\" content=\"2025-11-05T20:06:50+00:00\" \/>\n<meta property=\"og:image\" content=\"https:\/\/edel.fr\/uploads\/2018\/11\/K30.jpg\" \/>\n\t<meta property=\"og:image:width\" content=\"1920\" \/>\n\t<meta property=\"og:image:height\" content=\"1920\" \/>\n\t<meta property=\"og:image:type\" content=\"image\/jpeg\" \/>\n<meta name=\"twitter:card\" content=\"summary_large_image\" \/>\n<meta name=\"twitter:label1\" content=\"Est. reading time\" \/>\n\t<meta name=\"twitter:data1\" content=\"2 minutes\" \/>\n<script type=\"application\/ld+json\" class=\"yoast-schema-graph\">{\"@context\":\"https:\\\/\\\/schema.org\",\"@graph\":[{\"@type\":\"WebPage\",\"@id\":\"https:\\\/\\\/edel.fr\\\/produit\\\/kit-complet-mecanisme-double-a-ressorts-disque-av-organique-butee-et-roulement-pilote-massey-ferguson-o275-225-10-10-cannelures-moteur-4-cyl\\\/\",\"url\":\"https:\\\/\\\/edel.fr\\\/produit\\\/kit-complet-mecanisme-double-a-ressorts-disque-av-organique-butee-et-roulement-pilote-massey-ferguson-o275-225-10-10-cannelures-moteur-4-cyl\\\/\",\"name\":\"Embrayage Kit Complet Massey Ferguson - 140 148 165 178 42 65 - Edel\",\"isPartOf\":{\"@id\":\"https:\\\/\\\/www.edel.fr\\\/en\\\/#website\"},\"primaryImageOfPage\":{\"@id\":\"https:\\\/\\\/edel.fr\\\/produit\\\/kit-complet-mecanisme-double-a-ressorts-disque-av-organique-butee-et-roulement-pilote-massey-ferguson-o275-225-10-10-cannelures-moteur-4-cyl\\\/#primaryimage\"},\"image\":{\"@id\":\"https:\\\/\\\/edel.fr\\\/produit\\\/kit-complet-mecanisme-double-a-ressorts-disque-av-organique-butee-et-roulement-pilote-massey-ferguson-o275-225-10-10-cannelures-moteur-4-cyl\\\/#primaryimage\"},\"thumbnailUrl\":\"https:\\\/\\\/edel.fr\\\/uploads\\\/2018\\\/11\\\/K30.jpg\",\"datePublished\":\"2019-03-11T08:24:43+00:00\",\"dateModified\":\"2025-11-05T20:06:50+00:00\",\"description\":\"Embrayage Kit Complet Massey Ferguson - M\u00e9canisme double \u00e0 ressorts, disque AV. Organique - \u00d8275\\\/225 - Moteur 4 Cyl. - 140 145 148 168 175 275 837 865 165MK\",\"breadcrumb\":{\"@id\":\"https:\\\/\\\/edel.fr\\\/produit\\\/kit-complet-mecanisme-double-a-ressorts-disque-av-organique-butee-et-roulement-pilote-massey-ferguson-o275-225-10-10-cannelures-moteur-4-cyl\\\/#breadcrumb\"},\"inLanguage\":\"en-US\",\"potentialAction\":[{\"@type\":\"ReadAction\",\"target\":[\"https:\\\/\\\/edel.fr\\\/produit\\\/kit-complet-mecanisme-double-a-ressorts-disque-av-organique-butee-et-roulement-pilote-massey-ferguson-o275-225-10-10-cannelures-moteur-4-cyl\\\/\"]}]},{\"@type\":\"ImageObject\",\"inLanguage\":\"en-US\",\"@id\":\"https:\\\/\\\/edel.fr\\\/produit\\\/kit-complet-mecanisme-double-a-ressorts-disque-av-organique-butee-et-roulement-pilote-massey-ferguson-o275-225-10-10-cannelures-moteur-4-cyl\\\/#primaryimage\",\"url\":\"https:\\\/\\\/edel.fr\\\/uploads\\\/2018\\\/11\\\/K30.jpg\",\"contentUrl\":\"https:\\\/\\\/edel.fr\\\/uploads\\\/2018\\\/11\\\/K30.jpg\",\"width\":1920,\"height\":1920,\"caption\":\"Embrayage Kit Complet Massey Ferguson\"},{\"@type\":\"BreadcrumbList\",\"@id\":\"https:\\\/\\\/edel.fr\\\/produit\\\/kit-complet-mecanisme-double-a-ressorts-disque-av-organique-butee-et-roulement-pilote-massey-ferguson-o275-225-10-10-cannelures-moteur-4-cyl\\\/#breadcrumb\",\"itemListElement\":[{\"@type\":\"ListItem\",\"position\":1,\"name\":\"Pi\u00e8ce Tracteur\",\"item\":\"https:\\\/\\\/www.edel.fr\\\/en\\\/\"},{\"@type\":\"ListItem\",\"position\":2,\"name\":\"Toutes nos pi\u00e8ces Tracteur\",\"item\":\"https:\\\/\\\/edel.fr\\\/shop\\\/\"},{\"@type\":\"ListItem\",\"position\":3,\"name\":\"Embrayage Kit Complet Massey Ferguson &#8211; 140 148 165 178 65\"}]},{\"@type\":\"WebSite\",\"@id\":\"https:\\\/\\\/www.edel.fr\\\/en\\\/#website\",\"url\":\"https:\\\/\\\/www.edel.fr\\\/en\\\/\",\"name\":\"Edel\",\"description\":\"Pi\u00e8ce d\u00e9tach\u00e9e de Tracteur Agricole\",\"publisher\":{\"@id\":\"https:\\\/\\\/www.edel.fr\\\/en\\\/#organization\"},\"potentialAction\":[{\"@type\":\"SearchAction\",\"target\":{\"@type\":\"EntryPoint\",\"urlTemplate\":\"https:\\\/\\\/www.edel.fr\\\/en\\\/?s={search_term_string}\"},\"query-input\":{\"@type\":\"PropertyValueSpecification\",\"valueRequired\":true,\"valueName\":\"search_term_string\"}}],\"inLanguage\":\"en-US\"},{\"@type\":\"Organization\",\"@id\":\"https:\\\/\\\/www.edel.fr\\\/en\\\/#organization\",\"name\":\"Edel\",\"url\":\"https:\\\/\\\/www.edel.fr\\\/en\\\/\",\"logo\":{\"@type\":\"ImageObject\",\"inLanguage\":\"en-US\",\"@id\":\"https:\\\/\\\/www.edel.fr\\\/en\\\/#\\\/schema\\\/logo\\\/image\\\/\",\"url\":\"https:\\\/\\\/www.edel.fr\\\/uploads\\\/2018\\\/11\\\/logo-edel.png\",\"contentUrl\":\"https:\\\/\\\/www.edel.fr\\\/uploads\\\/2018\\\/11\\\/logo-edel.png\",\"width\":257,\"height\":68,\"caption\":\"Edel\"},\"image\":{\"@id\":\"https:\\\/\\\/www.edel.fr\\\/en\\\/#\\\/schema\\\/logo\\\/image\\\/\"}}]}<\/script>\n<!-- \/ Yoast SEO plugin. -->","yoast_head_json":{"title":"Embrayage Kit Complet Massey Ferguson - 140 148 165 178 42 65 - Edel","description":"Embrayage Kit Complet Massey Ferguson - M\u00e9canisme double \u00e0 ressorts, disque AV. Organique - \u00d8275\/225 - Moteur 4 Cyl. - 140 145 148 168 175 275 837 865 165MK","robots":{"index":"index","follow":"follow","max-snippet":"max-snippet:-1","max-image-preview":"max-image-preview:large","max-video-preview":"max-video-preview:-1"},"canonical":"https:\/\/edel.fr\/en\/product\/kit-complet-mecanisme-double-a-ressorts-disque-av-organique-butee-et-roulement-pilote-massey-ferguson-o275-225-10-10-cannelures-moteur-4-cyl\/","og_locale":"en_US","og_type":"article","og_title":"Embrayage Kit Complet Massey Ferguson - 140 148 165 178 42 65 - Edel","og_description":"Embrayage Kit Complet Massey Ferguson - M\u00e9canisme double \u00e0 ressorts, disque AV. Organique - \u00d8275\/225 - Moteur 4 Cyl. - 140 145 148 168 175 275 837 865 165MK","og_url":"https:\/\/edel.fr\/en\/product\/kit-complet-mecanisme-double-a-ressorts-disque-av-organique-butee-et-roulement-pilote-massey-ferguson-o275-225-10-10-cannelures-moteur-4-cyl\/","og_site_name":"Edel","article_modified_time":"2025-11-05T20:06:50+00:00","og_image":[{"width":1920,"height":1920,"url":"https:\/\/edel.fr\/uploads\/2018\/11\/K30.jpg","type":"image\/jpeg"}],"twitter_card":"summary_large_image","twitter_misc":{"Est. reading time":"2 minutes"},"schema":{"@context":"https:\/\/schema.org","@graph":[{"@type":"WebPage","@id":"https:\/\/edel.fr\/produit\/kit-complet-mecanisme-double-a-ressorts-disque-av-organique-butee-et-roulement-pilote-massey-ferguson-o275-225-10-10-cannelures-moteur-4-cyl\/","url":"https:\/\/edel.fr\/produit\/kit-complet-mecanisme-double-a-ressorts-disque-av-organique-butee-et-roulement-pilote-massey-ferguson-o275-225-10-10-cannelures-moteur-4-cyl\/","name":"Embrayage Kit Complet Massey Ferguson - 140 148 165 178 42 65 - Edel","isPartOf":{"@id":"https:\/\/www.edel.fr\/en\/#website"},"primaryImageOfPage":{"@id":"https:\/\/edel.fr\/produit\/kit-complet-mecanisme-double-a-ressorts-disque-av-organique-butee-et-roulement-pilote-massey-ferguson-o275-225-10-10-cannelures-moteur-4-cyl\/#primaryimage"},"image":{"@id":"https:\/\/edel.fr\/produit\/kit-complet-mecanisme-double-a-ressorts-disque-av-organique-butee-et-roulement-pilote-massey-ferguson-o275-225-10-10-cannelures-moteur-4-cyl\/#primaryimage"},"thumbnailUrl":"https:\/\/edel.fr\/uploads\/2018\/11\/K30.jpg","datePublished":"2019-03-11T08:24:43+00:00","dateModified":"2025-11-05T20:06:50+00:00","description":"Embrayage Kit Complet Massey Ferguson - M\u00e9canisme double \u00e0 ressorts, disque AV. Organique - \u00d8275\/225 - Moteur 4 Cyl. - 140 145 148 168 175 275 837 865 165MK","breadcrumb":{"@id":"https:\/\/edel.fr\/produit\/kit-complet-mecanisme-double-a-ressorts-disque-av-organique-butee-et-roulement-pilote-massey-ferguson-o275-225-10-10-cannelures-moteur-4-cyl\/#breadcrumb"},"inLanguage":"en-US","potentialAction":[{"@type":"ReadAction","target":["https:\/\/edel.fr\/produit\/kit-complet-mecanisme-double-a-ressorts-disque-av-organique-butee-et-roulement-pilote-massey-ferguson-o275-225-10-10-cannelures-moteur-4-cyl\/"]}]},{"@type":"ImageObject","inLanguage":"en-US","@id":"https:\/\/edel.fr\/produit\/kit-complet-mecanisme-double-a-ressorts-disque-av-organique-butee-et-roulement-pilote-massey-ferguson-o275-225-10-10-cannelures-moteur-4-cyl\/#primaryimage","url":"https:\/\/edel.fr\/uploads\/2018\/11\/K30.jpg","contentUrl":"https:\/\/edel.fr\/uploads\/2018\/11\/K30.jpg","width":1920,"height":1920,"caption":"Embrayage Kit Complet Massey Ferguson"},{"@type":"BreadcrumbList","@id":"https:\/\/edel.fr\/produit\/kit-complet-mecanisme-double-a-ressorts-disque-av-organique-butee-et-roulement-pilote-massey-ferguson-o275-225-10-10-cannelures-moteur-4-cyl\/#breadcrumb","itemListElement":[{"@type":"ListItem","position":1,"name":"Pi\u00e8ce Tracteur","item":"https:\/\/www.edel.fr\/en\/"},{"@type":"ListItem","position":2,"name":"Toutes nos pi\u00e8ces Tracteur","item":"https:\/\/edel.fr\/shop\/"},{"@type":"ListItem","position":3,"name":"Embrayage Kit Complet Massey Ferguson &#8211; 140 148 165 178 65"}]},{"@type":"WebSite","@id":"https:\/\/www.edel.fr\/en\/#website","url":"https:\/\/www.edel.fr\/en\/","name":"Edel","description":"Pi\u00e8ce d\u00e9tach\u00e9e de Tracteur Agricole","publisher":{"@id":"https:\/\/www.edel.fr\/en\/#organization"},"potentialAction":[{"@type":"SearchAction","target":{"@type":"EntryPoint","urlTemplate":"https:\/\/www.edel.fr\/en\/?s={search_term_string}"},"query-input":{"@type":"PropertyValueSpecification","valueRequired":true,"valueName":"search_term_string"}}],"inLanguage":"en-US"},{"@type":"Organization","@id":"https:\/\/www.edel.fr\/en\/#organization","name":"Edel","url":"https:\/\/www.edel.fr\/en\/","logo":{"@type":"ImageObject","inLanguage":"en-US","@id":"https:\/\/www.edel.fr\/en\/#\/schema\/logo\/image\/","url":"https:\/\/www.edel.fr\/uploads\/2018\/11\/logo-edel.png","contentUrl":"https:\/\/www.edel.fr\/uploads\/2018\/11\/logo-edel.png","width":257,"height":68,"caption":"Edel"},"image":{"@id":"https:\/\/www.edel.fr\/en\/#\/schema\/logo\/image\/"}}]}},"_links":{"self":[{"href":"https:\/\/edel.fr\/en\/wp-json\/wp\/v2\/product\/5981","targetHints":{"allow":["GET"]}}],"collection":[{"href":"https:\/\/edel.fr\/en\/wp-json\/wp\/v2\/product"}],"about":[{"href":"https:\/\/edel.fr\/en\/wp-json\/wp\/v2\/types\/product"}],"version-history":[{"count":2,"href":"https:\/\/edel.fr\/en\/wp-json\/wp\/v2\/product\/5981\/revisions"}],"predecessor-version":[{"id":14369,"href":"https:\/\/edel.fr\/en\/wp-json\/wp\/v2\/product\/5981\/revisions\/14369"}],"wp:featuredmedia":[{"embeddable":true,"href":"https:\/\/edel.fr\/en\/wp-json\/wp\/v2\/media\/4184"}],"wp:attachment":[{"href":"https:\/\/edel.fr\/en\/wp-json\/wp\/v2\/media?parent=5981"}],"wp:term":[{"taxonomy":"product_brand","embeddable":true,"href":"https:\/\/edel.fr\/en\/wp-json\/wp\/v2\/product_brand?post=5981"},{"taxonomy":"product_cat","embeddable":true,"href":"https:\/\/edel.fr\/en\/wp-json\/wp\/v2\/product_cat?post=5981"},{"taxonomy":"product_tag","embeddable":true,"href":"https:\/\/edel.fr\/en\/wp-json\/wp\/v2\/product_tag?post=5981"},{"taxonomy":"tracteur","embeddable":true,"href":"https:\/\/edel.fr\/en\/wp-json\/wp\/v2\/tracteur?post=5981"}],"curies":[{"name":"wp","href":"https:\/\/api.w.org\/{rel}","templated":true}]}}