{"id":5982,"date":"2019-03-11T09:24:50","date_gmt":"2019-03-11T08:24:50","guid":{"rendered":"http:\/\/edel.stephanie.ct.webcd.lan\/shop\/kit-complet-mecanisme-double-a-ressorts-disque-av-organique-butee-et-roulement-pilote-massey-ferguson-o-10-10-cannelures-moteur-3-cyl\/"},"modified":"2026-02-15T19:04:00","modified_gmt":"2026-02-15T18:04:00","slug":"kit-complet-mecanisme-double-a-ressorts-disque-av-organique-butee-et-roulement-pilote-massey-ferguson-o-10-10-cannelures-moteur-3-cyl","status":"publish","type":"product","link":"https:\/\/edel.fr\/en\/product\/kit-complet-mecanisme-double-a-ressorts-disque-av-organique-butee-et-roulement-pilote-massey-ferguson-o-10-10-cannelures-moteur-3-cyl\/","title":{"rendered":"Kit Embrayage Complet Massey Ferguson &#8211; 133 135 140 203 37 42"},"content":{"rendered":"<div data-elementor-type=\"wp-post\" data-elementor-id=\"5982\" class=\"elementor elementor-5982\">\n\t\t\t\t\t\t<section class=\"elementor-section elementor-top-section elementor-element elementor-element-323c82c elementor-section-boxed elementor-section-height-default elementor-section-height-default\" data-id=\"323c82c\" data-element_type=\"section\" data-e-type=\"section\">\n\t\t\t\t\t\t<div class=\"elementor-container elementor-column-gap-default\">\n\t\t\t\t\t<div class=\"elementor-column elementor-col-100 elementor-top-column elementor-element elementor-element-db19548\" data-id=\"db19548\" data-element_type=\"column\" data-e-type=\"column\">\n\t\t\t<div class=\"elementor-widget-wrap elementor-element-populated\">\n\t\t\t\t\t\t<div class=\"elementor-element elementor-element-154e79a elementor-widget elementor-widget-heading\" data-id=\"154e79a\" data-element_type=\"widget\" data-e-type=\"widget\" data-widget_type=\"heading.default\">\n\t\t\t\t<div class=\"elementor-widget-container\">\n\t\t\t\t\t<h2 class=\"elementor-heading-title elementor-size-default\">KIT COMPLET M\u00c9CANISME DOUBLE \u00c0 RESSORTS, DISQUE AV. ORGANIQUE, BUT\u00c9E ET ROULEMENT PILOTE \u2013 MASSEY FERGUSON \u2013 \u00d8 273\/226 \u2013 10\/10 CANNELURES MOTEUR 3 CYL.<\/h2>\t\t\t\t<\/div>\n\t\t\t\t<\/div>\n\t\t\t\t\t<\/div>\n\t\t<\/div>\n\t\t\t\t\t<\/div>\n\t\t<\/section>\n\t\t\t\t<section class=\"elementor-section elementor-top-section elementor-element elementor-element-3bbce67 elementor-section-boxed elementor-section-height-default elementor-section-height-default\" data-id=\"3bbce67\" data-element_type=\"section\" data-e-type=\"section\">\n\t\t\t\t\t\t<div class=\"elementor-container elementor-column-gap-default\">\n\t\t\t\t\t<div class=\"elementor-column elementor-col-100 elementor-top-column elementor-element elementor-element-532b38f\" data-id=\"532b38f\" data-element_type=\"column\" data-e-type=\"column\">\n\t\t\t<div class=\"elementor-widget-wrap elementor-element-populated\">\n\t\t\t\t\t\t<div class=\"elementor-element elementor-element-5e03d7e elementor-widget elementor-widget-heading\" data-id=\"5e03d7e\" data-element_type=\"widget\" data-e-type=\"widget\" data-widget_type=\"heading.default\">\n\t\t\t\t<div class=\"elementor-widget-container\">\n\t\t\t\t\t<h3 class=\"elementor-heading-title elementor-size-default\">Information du produit :<\/h3>\t\t\t\t<\/div>\n\t\t\t\t<\/div>\n\t\t\t\t\t<\/div>\n\t\t<\/div>\n\t\t\t\t\t<\/div>\n\t\t<\/section>\n\t\t\t\t<section class=\"elementor-section elementor-top-section elementor-element elementor-element-548e65f5 elementor-section-boxed elementor-section-height-default elementor-section-height-default\" data-id=\"548e65f5\" data-element_type=\"section\" data-e-type=\"section\">\n\t\t\t\t\t\t<div class=\"elementor-container elementor-column-gap-default\">\n\t\t\t\t\t<div class=\"elementor-column elementor-col-100 elementor-top-column elementor-element elementor-element-e2908cd\" data-id=\"e2908cd\" data-element_type=\"column\" data-e-type=\"column\">\n\t\t\t<div class=\"elementor-widget-wrap elementor-element-populated\">\n\t\t\t\t\t\t<div class=\"elementor-element elementor-element-6485d113 elementor-widget elementor-widget-text-editor\" data-id=\"6485d113\" data-element_type=\"widget\" data-e-type=\"widget\" data-widget_type=\"text-editor.default\">\n\t\t\t\t<div class=\"elementor-widget-container\">\n\t\t\t\t\t\t\t\t\t<p>Kit embrayage de la marque : Massey Ferguson<\/p><div><p><span style=\"text-decoration: underline\">Pour moteur 3 cylindres.<\/span><\/p><\/div><div>Massey Ferguson<span style=\"background-color: #ffffff\">\u00a0133, 135, 140, 145, 203,<\/span><span style=\"background-color: #ffffff\">\u00a035, 37, 42<\/span><\/div><p>Le kit d\u2019embrayage tracteur agricole est compos\u00e9 d\u2019un m\u00e9canisme, d\u2019un ou deux disques, d\u2019une ou deux but\u00e9es et du roulement pilote. De plus le kit complet comprend la totalit\u00e9 des pi\u00e8ces \u00e0 changer en atelier. Cependant les pi\u00e8ces de rechange qui le composent sont rigoureusement s\u00e9lectionn\u00e9es pour leur qualit\u00e9 et leur fiabilit\u00e9.\u00a0<\/p><p>Toutefois choisir de remplacer une pi\u00e8ce au d\u00e9tail peut s\u2019av\u00e9rer \u00eatre moins avantageux que de remplacer un ensemble complet. Nos kits se distinguent par la qualit\u00e9 de nos but\u00e9es d\u2019embrayages et roulements pilotes. Une but\u00e9e adaptable qui grippe conduit irr\u00e9m\u00e9diablement \u00e0 la destruction du m\u00e9canisme.<\/p><p>Car pour le montage d\u2019un kit d\u2019embrayage agricole, les pi\u00e8ces p\u00e9riph\u00e9riques doivent proc\u00e9der \u00e0 un examen minutieux. Notamment, le volant moteur et les diff\u00e9rents joints spi.<\/p><p>En effet, pour le syst\u00e8me de commande, une vigilance particuli\u00e8re est \u00e0 porter au c\u00e2ble, a la tringlerie et au circuit hydraulique. En cas de doute, ces composants doivent absolument \u00eatre remis \u00e0 niveau pour permettre le parfait fonctionnement de l\u2019embrayage.<\/p><p>Bien s\u00fbr, pour plus de renseignements, n&rsquo;h\u00e9sitez pas \u00e0 nous consulter !<\/p>\t\t\t\t\t\t\t\t<\/div>\n\t\t\t\t<\/div>\n\t\t\t\t\t<\/div>\n\t\t<\/div>\n\t\t\t\t\t<\/div>\n\t\t<\/section>\n\t\t\t\t<\/div>","protected":false},"excerpt":{"rendered":"<p>KIT COMPLET M\u00c9CANISME DOUBLE \u00c0 RESSORTS, DISQUE AV. ORGANIQUE, BUT\u00c9E ET ROULEMENT PILOTE \u2013 MASSEY FERGUSON \u2013 \u00d8 273\/226 \u2013 10\/10 CANNELURES MOTEUR 3 CYL. Information du produit : Kit embrayage de la marque : Massey Ferguson Pour moteur 3 cylindres. Massey Ferguson\u00a0133, 135, 140, 145, 203,\u00a035, 37, 42 Le kit d\u2019embrayage tracteur agricole est<br \/><a class=\"more-link\" href=\"https:\/\/edel.fr\/en\/product\/kit-complet-mecanisme-double-a-ressorts-disque-av-organique-butee-et-roulement-pilote-massey-ferguson-o-10-10-cannelures-moteur-3-cyl\/\"><br \/>\n        Read More<span class=\"screen-reader-text\"> \u00ab\u00a0Kit Embrayage Complet Massey Ferguson &#8211; 133 135 140 203 37 42\u00a0\u00bb<\/span><\/a><\/p>","protected":false},"featured_media":4185,"template":"","meta":[],"product_brand":[],"product_cat":[1141,3949,119,120],"product_tag":[143,124],"tracteur":[],"class_list":{"0":"post-5982","1":"product","2":"type-product","3":"status-publish","4":"has-post-thumbnail","6":"product_cat-kits-dembrayage","7":"product_cat-massey-ferguson","8":"product_cat-tracteurs-agricoles","9":"product_cat-transmissions","10":"product_tag-kits-dembrayage","11":"product_tag-transmissions","12":"product_shipping_class-142","13":"pa_marque-tracteur-massey-ferguson","14":"pa_type-2-2160","15":"pa_type-2-1190","16":"pa_type-2-1191","17":"pa_type-2-1192","18":"pa_type-2-2086","19":"pa_type-2-2088","20":"pa_type-2-2089","21":"badges-style-2","23":"first","24":"instock","25":"taxable","26":"shipping-taxable","27":"purchasable","28":"product-type-simple"},"acf":[],"yoast_head":"<!-- This site is optimized with the Yoast SEO plugin v27.3 - https:\/\/yoast.com\/product\/yoast-seo-wordpress\/ -->\n<title>Kit Embrayage Complet Massey Ferguson - 133 135 140 203 37 42 - Edel<\/title>\n<meta name=\"description\" content=\"Kit Embrayage Complet Massey Ferguson M\u00e9canisme double \u00e0 ressorts, disque AV. Organique, but\u00e9e et roulement pilote - Moteur 3 Cyl. - 133 145 203\u00a035 37 42\" \/>\n<meta name=\"robots\" content=\"index, follow, max-snippet:-1, max-image-preview:large, max-video-preview:-1\" \/>\n<link rel=\"canonical\" href=\"https:\/\/www.edel.fr\/en\/product\/kit-complet-mecanisme-double-a-ressorts-disque-av-organique-butee-et-roulement-pilote-massey-ferguson-o-10-10-cannelures-moteur-3-cyl\/\" \/>\n<meta property=\"og:locale\" content=\"en_US\" \/>\n<meta property=\"og:type\" content=\"article\" \/>\n<meta property=\"og:title\" content=\"Kit Embrayage Complet Massey Ferguson - 133 135 140 203 37 42 - Edel\" \/>\n<meta property=\"og:description\" content=\"Kit Embrayage Complet Massey Ferguson M\u00e9canisme double \u00e0 ressorts, disque AV. Organique, but\u00e9e et roulement pilote - Moteur 3 Cyl. - 133 145 203\u00a035 37 42\" \/>\n<meta property=\"og:url\" content=\"https:\/\/www.edel.fr\/en\/product\/kit-complet-mecanisme-double-a-ressorts-disque-av-organique-butee-et-roulement-pilote-massey-ferguson-o-10-10-cannelures-moteur-3-cyl\/\" \/>\n<meta property=\"og:site_name\" content=\"Edel\" \/>\n<meta property=\"article:modified_time\" content=\"2026-02-15T18:04:00+00:00\" \/>\n<meta property=\"og:image\" content=\"https:\/\/www.edel.fr\/uploads\/2018\/11\/K31.jpg\" \/>\n\t<meta property=\"og:image:width\" content=\"1920\" \/>\n\t<meta property=\"og:image:height\" content=\"1920\" \/>\n\t<meta property=\"og:image:type\" content=\"image\/jpeg\" \/>\n<meta name=\"twitter:card\" content=\"summary_large_image\" \/>\n<meta name=\"twitter:label1\" content=\"Est. reading time\" \/>\n\t<meta name=\"twitter:data1\" content=\"2 minutes\" \/>\n<script type=\"application\/ld+json\" class=\"yoast-schema-graph\">{\"@context\":\"https:\\\/\\\/schema.org\",\"@graph\":[{\"@type\":\"WebPage\",\"@id\":\"https:\\\/\\\/www.edel.fr\\\/en\\\/product\\\/kit-complet-mecanisme-double-a-ressorts-disque-av-organique-butee-et-roulement-pilote-massey-ferguson-o-10-10-cannelures-moteur-3-cyl\\\/\",\"url\":\"https:\\\/\\\/www.edel.fr\\\/en\\\/product\\\/kit-complet-mecanisme-double-a-ressorts-disque-av-organique-butee-et-roulement-pilote-massey-ferguson-o-10-10-cannelures-moteur-3-cyl\\\/\",\"name\":\"Kit Embrayage Complet Massey Ferguson - 133 135 140 203 37 42 - Edel\",\"isPartOf\":{\"@id\":\"https:\\\/\\\/www.edel.fr\\\/en\\\/#website\"},\"primaryImageOfPage\":{\"@id\":\"https:\\\/\\\/www.edel.fr\\\/en\\\/product\\\/kit-complet-mecanisme-double-a-ressorts-disque-av-organique-butee-et-roulement-pilote-massey-ferguson-o-10-10-cannelures-moteur-3-cyl\\\/#primaryimage\"},\"image\":{\"@id\":\"https:\\\/\\\/www.edel.fr\\\/en\\\/product\\\/kit-complet-mecanisme-double-a-ressorts-disque-av-organique-butee-et-roulement-pilote-massey-ferguson-o-10-10-cannelures-moteur-3-cyl\\\/#primaryimage\"},\"thumbnailUrl\":\"https:\\\/\\\/edel.fr\\\/uploads\\\/2018\\\/11\\\/K31.jpg\",\"datePublished\":\"2019-03-11T08:24:50+00:00\",\"dateModified\":\"2026-02-15T18:04:00+00:00\",\"description\":\"Kit Embrayage Complet Massey Ferguson M\u00e9canisme double \u00e0 ressorts, disque AV. Organique, but\u00e9e et roulement pilote - Moteur 3 Cyl. - 133 145 203\u00a035 37 42\",\"breadcrumb\":{\"@id\":\"https:\\\/\\\/www.edel.fr\\\/en\\\/product\\\/kit-complet-mecanisme-double-a-ressorts-disque-av-organique-butee-et-roulement-pilote-massey-ferguson-o-10-10-cannelures-moteur-3-cyl\\\/#breadcrumb\"},\"inLanguage\":\"en-US\",\"potentialAction\":[{\"@type\":\"ReadAction\",\"target\":[\"https:\\\/\\\/www.edel.fr\\\/en\\\/product\\\/kit-complet-mecanisme-double-a-ressorts-disque-av-organique-butee-et-roulement-pilote-massey-ferguson-o-10-10-cannelures-moteur-3-cyl\\\/\"]}]},{\"@type\":\"ImageObject\",\"inLanguage\":\"en-US\",\"@id\":\"https:\\\/\\\/www.edel.fr\\\/en\\\/product\\\/kit-complet-mecanisme-double-a-ressorts-disque-av-organique-butee-et-roulement-pilote-massey-ferguson-o-10-10-cannelures-moteur-3-cyl\\\/#primaryimage\",\"url\":\"https:\\\/\\\/edel.fr\\\/uploads\\\/2018\\\/11\\\/K31.jpg\",\"contentUrl\":\"https:\\\/\\\/edel.fr\\\/uploads\\\/2018\\\/11\\\/K31.jpg\",\"width\":1920,\"height\":1920,\"caption\":\"Kit Embrayage Complet Massey Ferguson\"},{\"@type\":\"BreadcrumbList\",\"@id\":\"https:\\\/\\\/www.edel.fr\\\/en\\\/product\\\/kit-complet-mecanisme-double-a-ressorts-disque-av-organique-butee-et-roulement-pilote-massey-ferguson-o-10-10-cannelures-moteur-3-cyl\\\/#breadcrumb\",\"itemListElement\":[{\"@type\":\"ListItem\",\"position\":1,\"name\":\"Pi\u00e8ce Tracteur\",\"item\":\"https:\\\/\\\/www.edel.fr\\\/en\\\/\"},{\"@type\":\"ListItem\",\"position\":2,\"name\":\"Toutes nos pi\u00e8ces Tracteur\",\"item\":\"https:\\\/\\\/edel.fr\\\/shop\\\/\"},{\"@type\":\"ListItem\",\"position\":3,\"name\":\"Kit Embrayage Complet Massey Ferguson &#8211; 133 135 140 203 37 42\"}]},{\"@type\":\"WebSite\",\"@id\":\"https:\\\/\\\/www.edel.fr\\\/en\\\/#website\",\"url\":\"https:\\\/\\\/www.edel.fr\\\/en\\\/\",\"name\":\"Edel\",\"description\":\"Pi\u00e8ce d\u00e9tach\u00e9e de Tracteur Agricole\",\"publisher\":{\"@id\":\"https:\\\/\\\/www.edel.fr\\\/en\\\/#organization\"},\"potentialAction\":[{\"@type\":\"SearchAction\",\"target\":{\"@type\":\"EntryPoint\",\"urlTemplate\":\"https:\\\/\\\/www.edel.fr\\\/en\\\/?s={search_term_string}\"},\"query-input\":{\"@type\":\"PropertyValueSpecification\",\"valueRequired\":true,\"valueName\":\"search_term_string\"}}],\"inLanguage\":\"en-US\"},{\"@type\":\"Organization\",\"@id\":\"https:\\\/\\\/www.edel.fr\\\/en\\\/#organization\",\"name\":\"Edel\",\"url\":\"https:\\\/\\\/www.edel.fr\\\/en\\\/\",\"logo\":{\"@type\":\"ImageObject\",\"inLanguage\":\"en-US\",\"@id\":\"https:\\\/\\\/www.edel.fr\\\/en\\\/#\\\/schema\\\/logo\\\/image\\\/\",\"url\":\"https:\\\/\\\/www.edel.fr\\\/uploads\\\/2018\\\/11\\\/logo-edel.png\",\"contentUrl\":\"https:\\\/\\\/www.edel.fr\\\/uploads\\\/2018\\\/11\\\/logo-edel.png\",\"width\":257,\"height\":68,\"caption\":\"Edel\"},\"image\":{\"@id\":\"https:\\\/\\\/www.edel.fr\\\/en\\\/#\\\/schema\\\/logo\\\/image\\\/\"}}]}<\/script>\n<!-- \/ Yoast SEO plugin. -->","yoast_head_json":{"title":"Kit Embrayage Complet Massey Ferguson - 133 135 140 203 37 42 - Edel","description":"Kit Embrayage Complet Massey Ferguson M\u00e9canisme double \u00e0 ressorts, disque AV. Organique, but\u00e9e et roulement pilote - Moteur 3 Cyl. - 133 145 203\u00a035 37 42","robots":{"index":"index","follow":"follow","max-snippet":"max-snippet:-1","max-image-preview":"max-image-preview:large","max-video-preview":"max-video-preview:-1"},"canonical":"https:\/\/www.edel.fr\/en\/product\/kit-complet-mecanisme-double-a-ressorts-disque-av-organique-butee-et-roulement-pilote-massey-ferguson-o-10-10-cannelures-moteur-3-cyl\/","og_locale":"en_US","og_type":"article","og_title":"Kit Embrayage Complet Massey Ferguson - 133 135 140 203 37 42 - Edel","og_description":"Kit Embrayage Complet Massey Ferguson M\u00e9canisme double \u00e0 ressorts, disque AV. Organique, but\u00e9e et roulement pilote - Moteur 3 Cyl. - 133 145 203\u00a035 37 42","og_url":"https:\/\/www.edel.fr\/en\/product\/kit-complet-mecanisme-double-a-ressorts-disque-av-organique-butee-et-roulement-pilote-massey-ferguson-o-10-10-cannelures-moteur-3-cyl\/","og_site_name":"Edel","article_modified_time":"2026-02-15T18:04:00+00:00","og_image":[{"width":1920,"height":1920,"url":"https:\/\/www.edel.fr\/uploads\/2018\/11\/K31.jpg","type":"image\/jpeg"}],"twitter_card":"summary_large_image","twitter_misc":{"Est. reading time":"2 minutes"},"schema":{"@context":"https:\/\/schema.org","@graph":[{"@type":"WebPage","@id":"https:\/\/www.edel.fr\/en\/product\/kit-complet-mecanisme-double-a-ressorts-disque-av-organique-butee-et-roulement-pilote-massey-ferguson-o-10-10-cannelures-moteur-3-cyl\/","url":"https:\/\/www.edel.fr\/en\/product\/kit-complet-mecanisme-double-a-ressorts-disque-av-organique-butee-et-roulement-pilote-massey-ferguson-o-10-10-cannelures-moteur-3-cyl\/","name":"Kit Embrayage Complet Massey Ferguson - 133 135 140 203 37 42 - Edel","isPartOf":{"@id":"https:\/\/www.edel.fr\/en\/#website"},"primaryImageOfPage":{"@id":"https:\/\/www.edel.fr\/en\/product\/kit-complet-mecanisme-double-a-ressorts-disque-av-organique-butee-et-roulement-pilote-massey-ferguson-o-10-10-cannelures-moteur-3-cyl\/#primaryimage"},"image":{"@id":"https:\/\/www.edel.fr\/en\/product\/kit-complet-mecanisme-double-a-ressorts-disque-av-organique-butee-et-roulement-pilote-massey-ferguson-o-10-10-cannelures-moteur-3-cyl\/#primaryimage"},"thumbnailUrl":"https:\/\/edel.fr\/uploads\/2018\/11\/K31.jpg","datePublished":"2019-03-11T08:24:50+00:00","dateModified":"2026-02-15T18:04:00+00:00","description":"Kit Embrayage Complet Massey Ferguson M\u00e9canisme double \u00e0 ressorts, disque AV. Organique, but\u00e9e et roulement pilote - Moteur 3 Cyl. - 133 145 203\u00a035 37 42","breadcrumb":{"@id":"https:\/\/www.edel.fr\/en\/product\/kit-complet-mecanisme-double-a-ressorts-disque-av-organique-butee-et-roulement-pilote-massey-ferguson-o-10-10-cannelures-moteur-3-cyl\/#breadcrumb"},"inLanguage":"en-US","potentialAction":[{"@type":"ReadAction","target":["https:\/\/www.edel.fr\/en\/product\/kit-complet-mecanisme-double-a-ressorts-disque-av-organique-butee-et-roulement-pilote-massey-ferguson-o-10-10-cannelures-moteur-3-cyl\/"]}]},{"@type":"ImageObject","inLanguage":"en-US","@id":"https:\/\/www.edel.fr\/en\/product\/kit-complet-mecanisme-double-a-ressorts-disque-av-organique-butee-et-roulement-pilote-massey-ferguson-o-10-10-cannelures-moteur-3-cyl\/#primaryimage","url":"https:\/\/edel.fr\/uploads\/2018\/11\/K31.jpg","contentUrl":"https:\/\/edel.fr\/uploads\/2018\/11\/K31.jpg","width":1920,"height":1920,"caption":"Kit Embrayage Complet Massey Ferguson"},{"@type":"BreadcrumbList","@id":"https:\/\/www.edel.fr\/en\/product\/kit-complet-mecanisme-double-a-ressorts-disque-av-organique-butee-et-roulement-pilote-massey-ferguson-o-10-10-cannelures-moteur-3-cyl\/#breadcrumb","itemListElement":[{"@type":"ListItem","position":1,"name":"Pi\u00e8ce Tracteur","item":"https:\/\/www.edel.fr\/en\/"},{"@type":"ListItem","position":2,"name":"Toutes nos pi\u00e8ces Tracteur","item":"https:\/\/edel.fr\/shop\/"},{"@type":"ListItem","position":3,"name":"Kit Embrayage Complet Massey Ferguson &#8211; 133 135 140 203 37 42"}]},{"@type":"WebSite","@id":"https:\/\/www.edel.fr\/en\/#website","url":"https:\/\/www.edel.fr\/en\/","name":"Edel","description":"Pi\u00e8ce d\u00e9tach\u00e9e de Tracteur Agricole","publisher":{"@id":"https:\/\/www.edel.fr\/en\/#organization"},"potentialAction":[{"@type":"SearchAction","target":{"@type":"EntryPoint","urlTemplate":"https:\/\/www.edel.fr\/en\/?s={search_term_string}"},"query-input":{"@type":"PropertyValueSpecification","valueRequired":true,"valueName":"search_term_string"}}],"inLanguage":"en-US"},{"@type":"Organization","@id":"https:\/\/www.edel.fr\/en\/#organization","name":"Edel","url":"https:\/\/www.edel.fr\/en\/","logo":{"@type":"ImageObject","inLanguage":"en-US","@id":"https:\/\/www.edel.fr\/en\/#\/schema\/logo\/image\/","url":"https:\/\/www.edel.fr\/uploads\/2018\/11\/logo-edel.png","contentUrl":"https:\/\/www.edel.fr\/uploads\/2018\/11\/logo-edel.png","width":257,"height":68,"caption":"Edel"},"image":{"@id":"https:\/\/www.edel.fr\/en\/#\/schema\/logo\/image\/"}}]}},"_links":{"self":[{"href":"https:\/\/edel.fr\/en\/wp-json\/wp\/v2\/product\/5982","targetHints":{"allow":["GET"]}}],"collection":[{"href":"https:\/\/edel.fr\/en\/wp-json\/wp\/v2\/product"}],"about":[{"href":"https:\/\/edel.fr\/en\/wp-json\/wp\/v2\/types\/product"}],"version-history":[{"count":2,"href":"https:\/\/edel.fr\/en\/wp-json\/wp\/v2\/product\/5982\/revisions"}],"predecessor-version":[{"id":15637,"href":"https:\/\/edel.fr\/en\/wp-json\/wp\/v2\/product\/5982\/revisions\/15637"}],"wp:featuredmedia":[{"embeddable":true,"href":"https:\/\/edel.fr\/en\/wp-json\/wp\/v2\/media\/4185"}],"wp:attachment":[{"href":"https:\/\/edel.fr\/en\/wp-json\/wp\/v2\/media?parent=5982"}],"wp:term":[{"taxonomy":"product_brand","embeddable":true,"href":"https:\/\/edel.fr\/en\/wp-json\/wp\/v2\/product_brand?post=5982"},{"taxonomy":"product_cat","embeddable":true,"href":"https:\/\/edel.fr\/en\/wp-json\/wp\/v2\/product_cat?post=5982"},{"taxonomy":"product_tag","embeddable":true,"href":"https:\/\/edel.fr\/en\/wp-json\/wp\/v2\/product_tag?post=5982"},{"taxonomy":"tracteur","embeddable":true,"href":"https:\/\/edel.fr\/en\/wp-json\/wp\/v2\/tracteur?post=5982"}],"curies":[{"name":"wp","href":"https:\/\/api.w.org\/{rel}","templated":true}]}}