{"id":5983,"date":"2019-03-11T09:24:50","date_gmt":"2019-03-11T08:24:50","guid":{"rendered":"http:\/\/edel.stephanie.ct.webcd.lan\/shop\/kit-complet-mecanisme-simple-moyeu-25-cannelures-disque-av-organique-butee-et-roulement-pilote-massey-ferguson-o300-10-cannelures\/"},"modified":"2025-11-05T21:05:35","modified_gmt":"2025-11-05T20:05:35","slug":"kit-complet-mecanisme-simple-moyeu-25-cannelures-disque-av-organique-butee-et-roulement-pilote-massey-ferguson-o300-10-cannelures","status":"publish","type":"product","link":"https:\/\/edel.fr\/en\/product\/kit-complet-mecanisme-simple-moyeu-25-cannelures-disque-av-organique-butee-et-roulement-pilote-massey-ferguson-o300-10-cannelures\/","title":{"rendered":"Kit Embrayage Massey Ferguson Complet &#8211; 550 555 560 590 690"},"content":{"rendered":"<div data-elementor-type=\"wp-post\" data-elementor-id=\"5983\" class=\"elementor elementor-5983\">\n\t\t\t\t\t\t<section class=\"elementor-section elementor-top-section elementor-element elementor-element-f07c3e5 elementor-section-boxed elementor-section-height-default elementor-section-height-default\" data-id=\"f07c3e5\" data-element_type=\"section\" data-e-type=\"section\">\n\t\t\t\t\t\t<div class=\"elementor-container elementor-column-gap-default\">\n\t\t\t\t\t<div class=\"elementor-column elementor-col-100 elementor-top-column elementor-element elementor-element-7b83251\" data-id=\"7b83251\" data-element_type=\"column\" data-e-type=\"column\">\n\t\t\t<div class=\"elementor-widget-wrap elementor-element-populated\">\n\t\t\t\t\t\t<div class=\"elementor-element elementor-element-28adf9a elementor-widget elementor-widget-heading\" data-id=\"28adf9a\" data-element_type=\"widget\" data-e-type=\"widget\" data-widget_type=\"heading.default\">\n\t\t\t\t<div class=\"elementor-widget-container\">\n\t\t\t\t\t<h2 class=\"elementor-heading-title elementor-size-default\">KIT EMBRAYAGE - MASSEY FERGUSON SERIES 50, 100, 200, 300, 500, 600, 1000<br><br>\u00d8 300 MM \u2013 DISQUE 10 Cannelures \/ MOYEU FIXE MECANISME 25 CANNELURES <\/h2>\t\t\t\t<\/div>\n\t\t\t\t<\/div>\n\t\t\t\t\t<\/div>\n\t\t<\/div>\n\t\t\t\t\t<\/div>\n\t\t<\/section>\n\t\t\t\t<section class=\"elementor-section elementor-top-section elementor-element elementor-element-482cd38 elementor-section-boxed elementor-section-height-default elementor-section-height-default\" data-id=\"482cd38\" data-element_type=\"section\" data-e-type=\"section\">\n\t\t\t\t\t\t<div class=\"elementor-container elementor-column-gap-default\">\n\t\t\t\t\t<div class=\"elementor-column elementor-col-100 elementor-top-column elementor-element elementor-element-57defcc\" data-id=\"57defcc\" data-element_type=\"column\" data-e-type=\"column\">\n\t\t\t<div class=\"elementor-widget-wrap elementor-element-populated\">\n\t\t\t\t\t\t<div class=\"elementor-element elementor-element-f920cf4 elementor-widget elementor-widget-heading\" data-id=\"f920cf4\" data-element_type=\"widget\" data-e-type=\"widget\" data-widget_type=\"heading.default\">\n\t\t\t\t<div class=\"elementor-widget-container\">\n\t\t\t\t\t<h3 class=\"elementor-heading-title elementor-size-default\">Information du produit :<\/h3>\t\t\t\t<\/div>\n\t\t\t\t<\/div>\n\t\t\t\t\t<\/div>\n\t\t<\/div>\n\t\t\t\t\t<\/div>\n\t\t<\/section>\n\t\t\t\t<section class=\"elementor-section elementor-top-section elementor-element elementor-element-6772f3ff elementor-section-boxed elementor-section-height-default elementor-section-height-default\" data-id=\"6772f3ff\" data-element_type=\"section\" data-e-type=\"section\">\n\t\t\t\t\t\t<div class=\"elementor-container elementor-column-gap-default\">\n\t\t\t\t\t<div class=\"elementor-column elementor-col-100 elementor-top-column elementor-element elementor-element-31504a6f\" data-id=\"31504a6f\" data-element_type=\"column\" data-e-type=\"column\">\n\t\t\t<div class=\"elementor-widget-wrap elementor-element-populated\">\n\t\t\t\t\t\t<div class=\"elementor-element elementor-element-2b7c2022 elementor-widget elementor-widget-text-editor\" data-id=\"2b7c2022\" data-element_type=\"widget\" data-e-type=\"widget\" data-widget_type=\"text-editor.default\">\n\t\t\t\t<div class=\"elementor-widget-container\">\n\t\t\t\t\t\t\t\t\t<p>Pour tracteurs\u00a0<a href=\"https:\/\/edel.fr\/en\/marque\/massey-ferguson\/\" rel=\"tag\">Massey Ferguson\u00a0<\/a><\/p><p>Mod\u00e8les 148, 152, 158, 168, 177, 178, 188, 230, 240, 245, 250, 255, 265, 285, 290, 350, 355, 550, 555, 560, 590, 690.<\/p><p style=\"margin: 0cm 0cm 18pt;background-image: initial;background-position: initial;background-size: initial;background-attachment: initial\"><span style=\"font-size: 11.5pt;font-family: Rubik, serif\">Comprend le m\u00e9canisme d&#8217;embrayage, le disque d&rsquo;avancement organique, la but\u00e9e et le roulement pilote.<\/span><\/p><ul><li><span style=\"text-decoration: underline;color: #fdb819\">En option<\/span><span style=\"color: #fdb819\">,<\/span> vous trouverez \u00e9galement\u00a0pour ce montage :<br \/><a href=\"https:\/\/edel.fr\/en\/joint-spi-arriere-perkins-1338-x-1586-x-11\/\" target=\"_blank\" rel=\"noopener\">&#8211; le joint spi<\/a><\/li><\/ul><p>Le kit d\u2019embrayage tracteur agricole est compos\u00e9 d\u2019un m\u00e9canisme, d\u2019un disque, d\u2019une but\u00e9e et du roulement pilote.<\/p><p>De plus le kit complet comprend la totalit\u00e9 des pi\u00e8ces \u00e0 changer en atelier. Cependant les pi\u00e8ces de rechange qui le composent sont rigoureusement s\u00e9lectionn\u00e9es pour leur qualit\u00e9 et leur fiabilit\u00e9.\u00a0<\/p><p>Toutefois choisir de remplacer une pi\u00e8ce au d\u00e9tail peut s\u2019av\u00e9rer \u00eatre moins avantageux que de remplacer un ensemble complet. Nos kits se distinguent par la qualit\u00e9 de nos but\u00e9es d\u2019embrayages et roulements pilotes. Une but\u00e9e adaptable qui grippe conduit irr\u00e9m\u00e9diablement \u00e0 la destruction du m\u00e9canisme.<\/p><p>Car pour le montage d\u2019un kit d\u2019embrayage agricole, les pi\u00e8ces p\u00e9riph\u00e9riques doivent proc\u00e9der \u00e0 un examen minutieux. Notamment, le volant moteur et les diff\u00e9rents joints spi.<\/p><p>En effet, pour le syst\u00e8me de commande, une vigilance particuli\u00e8re est \u00e0 porter au c\u00e2ble, a la tringlerie et au circuit hydraulique. En cas de doute, ces composants doivent absolument \u00eatre remis \u00e0 niveau pour permettre le parfait fonctionnement de l\u2019embrayage.<\/p><p>Bien s\u00fbr, pour plus de renseignements, n&rsquo;h\u00e9sitez pas \u00e0 nous consulter !<\/p>\t\t\t\t\t\t\t\t<\/div>\n\t\t\t\t<\/div>\n\t\t\t\t\t<\/div>\n\t\t<\/div>\n\t\t\t\t\t<\/div>\n\t\t<\/section>\n\t\t\t\t<\/div>","protected":false},"excerpt":{"rendered":"<p>KIT EMBRAYAGE &#8211; MASSEY FERGUSON SERIES 50, 100, 200, 300, 500, 600, 1000 \u00d8 300 MM \u2013 DISQUE 10 Cannelures \/ MOYEU FIXE MECANISME 25 CANNELURES Information du produit : Pour tracteurs\u00a0Massey Ferguson\u00a0 Mod\u00e8les 148, 152, 158, 168, 177, 178, 188, 230, 240, 245, 250, 255, 265, 285, 290, 350, 355, 550, 555, 560, 590,<br \/><a class=\"more-link\" href=\"https:\/\/edel.fr\/en\/product\/kit-complet-mecanisme-simple-moyeu-25-cannelures-disque-av-organique-butee-et-roulement-pilote-massey-ferguson-o300-10-cannelures\/\"><br \/>\n        Read More<span class=\"screen-reader-text\"> \u00ab\u00a0Kit Embrayage Massey Ferguson Complet &#8211; 550 555 560 590 690\u00a0\u00bb<\/span><\/a><\/p>","protected":false},"featured_media":4186,"template":"","meta":[],"product_brand":[],"product_cat":[1141,3949,119,120],"product_tag":[143,124],"tracteur":[],"class_list":{"0":"post-5983","1":"product","2":"type-product","3":"status-publish","4":"has-post-thumbnail","6":"product_cat-kits-dembrayage","7":"product_cat-massey-ferguson","8":"product_cat-tracteurs-agricoles","9":"product_cat-transmissions","10":"product_tag-kits-dembrayage","11":"product_tag-transmissions","12":"product_shipping_class-142","13":"pa_marque-tracteur-massey-ferguson","14":"pa_type-2-1193","15":"pa_type-2-2090","16":"pa_type-2-1195","17":"pa_type-2-1197","18":"pa_type-2-2354","19":"pa_type-2-1198","20":"pa_type-2-1200","21":"pa_type-2-2105","22":"pa_type-2-1201","23":"pa_type-2-1202","24":"pa_type-2-1203","25":"pa_type-2-1428","26":"pa_type-2-1205","27":"pa_type-2-2002","28":"pa_type-2-1207","29":"pa_type-2-1919","30":"pa_type-2-1883","31":"pa_type-2-1430","32":"pa_type-2-2837","33":"pa_type-2-1431","34":"pa_type-2-1434","35":"pa_type-2-1437","36":"badges-style-2","38":"first","39":"instock","40":"taxable","41":"shipping-taxable","42":"purchasable","43":"product-type-simple"},"acf":[],"yoast_head":"<!-- This site is optimized with the Yoast SEO plugin v27.3 - https:\/\/yoast.com\/product\/yoast-seo-wordpress\/ -->\n<title>Kit Embrayage Massey Ferguson Complet - 550 555 560 590 690 - Edel<\/title>\n<meta name=\"description\" content=\"Kit Embrayage Massey Ferguson - Disque AV. Organique, but\u00e9e et roulement pilote - \u00d8300 - 148 152 158 168 177 178 188 230 240 245 250 255 265 285 290 350 355\" \/>\n<meta name=\"robots\" content=\"index, follow, max-snippet:-1, max-image-preview:large, max-video-preview:-1\" \/>\n<link rel=\"canonical\" href=\"https:\/\/edel.fr\/en\/product\/kit-complet-mecanisme-simple-moyeu-25-cannelures-disque-av-organique-butee-et-roulement-pilote-massey-ferguson-o300-10-cannelures\/\" \/>\n<meta property=\"og:locale\" content=\"en_US\" \/>\n<meta property=\"og:type\" content=\"article\" \/>\n<meta property=\"og:title\" content=\"Kit Embrayage Massey Ferguson Complet - 550 555 560 590 690 - Edel\" \/>\n<meta property=\"og:description\" content=\"Kit Embrayage Massey Ferguson - Disque AV. Organique, but\u00e9e et roulement pilote - \u00d8300 - 148 152 158 168 177 178 188 230 240 245 250 255 265 285 290 350 355\" \/>\n<meta property=\"og:url\" content=\"https:\/\/edel.fr\/en\/product\/kit-complet-mecanisme-simple-moyeu-25-cannelures-disque-av-organique-butee-et-roulement-pilote-massey-ferguson-o300-10-cannelures\/\" \/>\n<meta property=\"og:site_name\" content=\"Edel\" \/>\n<meta property=\"article:modified_time\" content=\"2025-11-05T20:05:35+00:00\" \/>\n<meta property=\"og:image\" content=\"https:\/\/edel.fr\/uploads\/2018\/11\/K32.jpg\" \/>\n\t<meta property=\"og:image:width\" content=\"2709\" \/>\n\t<meta property=\"og:image:height\" content=\"2709\" \/>\n\t<meta property=\"og:image:type\" content=\"image\/jpeg\" \/>\n<meta name=\"twitter:card\" content=\"summary_large_image\" \/>\n<meta name=\"twitter:label1\" content=\"Est. reading time\" \/>\n\t<meta name=\"twitter:data1\" content=\"2 minutes\" \/>\n<script type=\"application\/ld+json\" class=\"yoast-schema-graph\">{\"@context\":\"https:\\\/\\\/schema.org\",\"@graph\":[{\"@type\":\"WebPage\",\"@id\":\"https:\\\/\\\/edel.fr\\\/produit\\\/kit-complet-mecanisme-simple-moyeu-25-cannelures-disque-av-organique-butee-et-roulement-pilote-massey-ferguson-o300-10-cannelures\\\/\",\"url\":\"https:\\\/\\\/edel.fr\\\/produit\\\/kit-complet-mecanisme-simple-moyeu-25-cannelures-disque-av-organique-butee-et-roulement-pilote-massey-ferguson-o300-10-cannelures\\\/\",\"name\":\"Kit Embrayage Massey Ferguson Complet - 550 555 560 590 690 - Edel\",\"isPartOf\":{\"@id\":\"https:\\\/\\\/www.edel.fr\\\/en\\\/#website\"},\"primaryImageOfPage\":{\"@id\":\"https:\\\/\\\/edel.fr\\\/produit\\\/kit-complet-mecanisme-simple-moyeu-25-cannelures-disque-av-organique-butee-et-roulement-pilote-massey-ferguson-o300-10-cannelures\\\/#primaryimage\"},\"image\":{\"@id\":\"https:\\\/\\\/edel.fr\\\/produit\\\/kit-complet-mecanisme-simple-moyeu-25-cannelures-disque-av-organique-butee-et-roulement-pilote-massey-ferguson-o300-10-cannelures\\\/#primaryimage\"},\"thumbnailUrl\":\"https:\\\/\\\/edel.fr\\\/uploads\\\/2018\\\/11\\\/K32.jpg\",\"datePublished\":\"2019-03-11T08:24:50+00:00\",\"dateModified\":\"2025-11-05T20:05:35+00:00\",\"description\":\"Kit Embrayage Massey Ferguson - Disque AV. Organique, but\u00e9e et roulement pilote - \u00d8300 - 148 152 158 168 177 178 188 230 240 245 250 255 265 285 290 350 355\",\"breadcrumb\":{\"@id\":\"https:\\\/\\\/edel.fr\\\/produit\\\/kit-complet-mecanisme-simple-moyeu-25-cannelures-disque-av-organique-butee-et-roulement-pilote-massey-ferguson-o300-10-cannelures\\\/#breadcrumb\"},\"inLanguage\":\"en-US\",\"potentialAction\":[{\"@type\":\"ReadAction\",\"target\":[\"https:\\\/\\\/edel.fr\\\/produit\\\/kit-complet-mecanisme-simple-moyeu-25-cannelures-disque-av-organique-butee-et-roulement-pilote-massey-ferguson-o300-10-cannelures\\\/\"]}]},{\"@type\":\"ImageObject\",\"inLanguage\":\"en-US\",\"@id\":\"https:\\\/\\\/edel.fr\\\/produit\\\/kit-complet-mecanisme-simple-moyeu-25-cannelures-disque-av-organique-butee-et-roulement-pilote-massey-ferguson-o300-10-cannelures\\\/#primaryimage\",\"url\":\"https:\\\/\\\/edel.fr\\\/uploads\\\/2018\\\/11\\\/K32.jpg\",\"contentUrl\":\"https:\\\/\\\/edel.fr\\\/uploads\\\/2018\\\/11\\\/K32.jpg\",\"width\":2709,\"height\":2709,\"caption\":\"Kit Embrayage Massey Ferguson\"},{\"@type\":\"BreadcrumbList\",\"@id\":\"https:\\\/\\\/edel.fr\\\/produit\\\/kit-complet-mecanisme-simple-moyeu-25-cannelures-disque-av-organique-butee-et-roulement-pilote-massey-ferguson-o300-10-cannelures\\\/#breadcrumb\",\"itemListElement\":[{\"@type\":\"ListItem\",\"position\":1,\"name\":\"Pi\u00e8ce Tracteur\",\"item\":\"https:\\\/\\\/www.edel.fr\\\/en\\\/\"},{\"@type\":\"ListItem\",\"position\":2,\"name\":\"Toutes nos pi\u00e8ces Tracteur\",\"item\":\"https:\\\/\\\/edel.fr\\\/shop\\\/\"},{\"@type\":\"ListItem\",\"position\":3,\"name\":\"Kit Embrayage Massey Ferguson Complet &#8211; 550 555 560 590 690\"}]},{\"@type\":\"WebSite\",\"@id\":\"https:\\\/\\\/www.edel.fr\\\/en\\\/#website\",\"url\":\"https:\\\/\\\/www.edel.fr\\\/en\\\/\",\"name\":\"Edel\",\"description\":\"Pi\u00e8ce d\u00e9tach\u00e9e de Tracteur Agricole\",\"publisher\":{\"@id\":\"https:\\\/\\\/www.edel.fr\\\/en\\\/#organization\"},\"potentialAction\":[{\"@type\":\"SearchAction\",\"target\":{\"@type\":\"EntryPoint\",\"urlTemplate\":\"https:\\\/\\\/www.edel.fr\\\/en\\\/?s={search_term_string}\"},\"query-input\":{\"@type\":\"PropertyValueSpecification\",\"valueRequired\":true,\"valueName\":\"search_term_string\"}}],\"inLanguage\":\"en-US\"},{\"@type\":\"Organization\",\"@id\":\"https:\\\/\\\/www.edel.fr\\\/en\\\/#organization\",\"name\":\"Edel\",\"url\":\"https:\\\/\\\/www.edel.fr\\\/en\\\/\",\"logo\":{\"@type\":\"ImageObject\",\"inLanguage\":\"en-US\",\"@id\":\"https:\\\/\\\/www.edel.fr\\\/en\\\/#\\\/schema\\\/logo\\\/image\\\/\",\"url\":\"https:\\\/\\\/www.edel.fr\\\/uploads\\\/2018\\\/11\\\/logo-edel.png\",\"contentUrl\":\"https:\\\/\\\/www.edel.fr\\\/uploads\\\/2018\\\/11\\\/logo-edel.png\",\"width\":257,\"height\":68,\"caption\":\"Edel\"},\"image\":{\"@id\":\"https:\\\/\\\/www.edel.fr\\\/en\\\/#\\\/schema\\\/logo\\\/image\\\/\"}}]}<\/script>\n<!-- \/ Yoast SEO plugin. -->","yoast_head_json":{"title":"Kit Embrayage Massey Ferguson Complet - 550 555 560 590 690 - Edel","description":"Kit Embrayage Massey Ferguson - Disque AV. Organique, but\u00e9e et roulement pilote - \u00d8300 - 148 152 158 168 177 178 188 230 240 245 250 255 265 285 290 350 355","robots":{"index":"index","follow":"follow","max-snippet":"max-snippet:-1","max-image-preview":"max-image-preview:large","max-video-preview":"max-video-preview:-1"},"canonical":"https:\/\/edel.fr\/en\/product\/kit-complet-mecanisme-simple-moyeu-25-cannelures-disque-av-organique-butee-et-roulement-pilote-massey-ferguson-o300-10-cannelures\/","og_locale":"en_US","og_type":"article","og_title":"Kit Embrayage Massey Ferguson Complet - 550 555 560 590 690 - Edel","og_description":"Kit Embrayage Massey Ferguson - Disque AV. Organique, but\u00e9e et roulement pilote - \u00d8300 - 148 152 158 168 177 178 188 230 240 245 250 255 265 285 290 350 355","og_url":"https:\/\/edel.fr\/en\/product\/kit-complet-mecanisme-simple-moyeu-25-cannelures-disque-av-organique-butee-et-roulement-pilote-massey-ferguson-o300-10-cannelures\/","og_site_name":"Edel","article_modified_time":"2025-11-05T20:05:35+00:00","og_image":[{"width":2709,"height":2709,"url":"https:\/\/edel.fr\/uploads\/2018\/11\/K32.jpg","type":"image\/jpeg"}],"twitter_card":"summary_large_image","twitter_misc":{"Est. reading time":"2 minutes"},"schema":{"@context":"https:\/\/schema.org","@graph":[{"@type":"WebPage","@id":"https:\/\/edel.fr\/produit\/kit-complet-mecanisme-simple-moyeu-25-cannelures-disque-av-organique-butee-et-roulement-pilote-massey-ferguson-o300-10-cannelures\/","url":"https:\/\/edel.fr\/produit\/kit-complet-mecanisme-simple-moyeu-25-cannelures-disque-av-organique-butee-et-roulement-pilote-massey-ferguson-o300-10-cannelures\/","name":"Kit Embrayage Massey Ferguson Complet - 550 555 560 590 690 - Edel","isPartOf":{"@id":"https:\/\/www.edel.fr\/en\/#website"},"primaryImageOfPage":{"@id":"https:\/\/edel.fr\/produit\/kit-complet-mecanisme-simple-moyeu-25-cannelures-disque-av-organique-butee-et-roulement-pilote-massey-ferguson-o300-10-cannelures\/#primaryimage"},"image":{"@id":"https:\/\/edel.fr\/produit\/kit-complet-mecanisme-simple-moyeu-25-cannelures-disque-av-organique-butee-et-roulement-pilote-massey-ferguson-o300-10-cannelures\/#primaryimage"},"thumbnailUrl":"https:\/\/edel.fr\/uploads\/2018\/11\/K32.jpg","datePublished":"2019-03-11T08:24:50+00:00","dateModified":"2025-11-05T20:05:35+00:00","description":"Kit Embrayage Massey Ferguson - Disque AV. Organique, but\u00e9e et roulement pilote - \u00d8300 - 148 152 158 168 177 178 188 230 240 245 250 255 265 285 290 350 355","breadcrumb":{"@id":"https:\/\/edel.fr\/produit\/kit-complet-mecanisme-simple-moyeu-25-cannelures-disque-av-organique-butee-et-roulement-pilote-massey-ferguson-o300-10-cannelures\/#breadcrumb"},"inLanguage":"en-US","potentialAction":[{"@type":"ReadAction","target":["https:\/\/edel.fr\/produit\/kit-complet-mecanisme-simple-moyeu-25-cannelures-disque-av-organique-butee-et-roulement-pilote-massey-ferguson-o300-10-cannelures\/"]}]},{"@type":"ImageObject","inLanguage":"en-US","@id":"https:\/\/edel.fr\/produit\/kit-complet-mecanisme-simple-moyeu-25-cannelures-disque-av-organique-butee-et-roulement-pilote-massey-ferguson-o300-10-cannelures\/#primaryimage","url":"https:\/\/edel.fr\/uploads\/2018\/11\/K32.jpg","contentUrl":"https:\/\/edel.fr\/uploads\/2018\/11\/K32.jpg","width":2709,"height":2709,"caption":"Kit Embrayage Massey Ferguson"},{"@type":"BreadcrumbList","@id":"https:\/\/edel.fr\/produit\/kit-complet-mecanisme-simple-moyeu-25-cannelures-disque-av-organique-butee-et-roulement-pilote-massey-ferguson-o300-10-cannelures\/#breadcrumb","itemListElement":[{"@type":"ListItem","position":1,"name":"Pi\u00e8ce Tracteur","item":"https:\/\/www.edel.fr\/en\/"},{"@type":"ListItem","position":2,"name":"Toutes nos pi\u00e8ces Tracteur","item":"https:\/\/edel.fr\/shop\/"},{"@type":"ListItem","position":3,"name":"Kit Embrayage Massey Ferguson Complet &#8211; 550 555 560 590 690"}]},{"@type":"WebSite","@id":"https:\/\/www.edel.fr\/en\/#website","url":"https:\/\/www.edel.fr\/en\/","name":"Edel","description":"Pi\u00e8ce d\u00e9tach\u00e9e de Tracteur Agricole","publisher":{"@id":"https:\/\/www.edel.fr\/en\/#organization"},"potentialAction":[{"@type":"SearchAction","target":{"@type":"EntryPoint","urlTemplate":"https:\/\/www.edel.fr\/en\/?s={search_term_string}"},"query-input":{"@type":"PropertyValueSpecification","valueRequired":true,"valueName":"search_term_string"}}],"inLanguage":"en-US"},{"@type":"Organization","@id":"https:\/\/www.edel.fr\/en\/#organization","name":"Edel","url":"https:\/\/www.edel.fr\/en\/","logo":{"@type":"ImageObject","inLanguage":"en-US","@id":"https:\/\/www.edel.fr\/en\/#\/schema\/logo\/image\/","url":"https:\/\/www.edel.fr\/uploads\/2018\/11\/logo-edel.png","contentUrl":"https:\/\/www.edel.fr\/uploads\/2018\/11\/logo-edel.png","width":257,"height":68,"caption":"Edel"},"image":{"@id":"https:\/\/www.edel.fr\/en\/#\/schema\/logo\/image\/"}}]}},"_links":{"self":[{"href":"https:\/\/edel.fr\/en\/wp-json\/wp\/v2\/product\/5983","targetHints":{"allow":["GET"]}}],"collection":[{"href":"https:\/\/edel.fr\/en\/wp-json\/wp\/v2\/product"}],"about":[{"href":"https:\/\/edel.fr\/en\/wp-json\/wp\/v2\/types\/product"}],"version-history":[{"count":2,"href":"https:\/\/edel.fr\/en\/wp-json\/wp\/v2\/product\/5983\/revisions"}],"predecessor-version":[{"id":14904,"href":"https:\/\/edel.fr\/en\/wp-json\/wp\/v2\/product\/5983\/revisions\/14904"}],"wp:featuredmedia":[{"embeddable":true,"href":"https:\/\/edel.fr\/en\/wp-json\/wp\/v2\/media\/4186"}],"wp:attachment":[{"href":"https:\/\/edel.fr\/en\/wp-json\/wp\/v2\/media?parent=5983"}],"wp:term":[{"taxonomy":"product_brand","embeddable":true,"href":"https:\/\/edel.fr\/en\/wp-json\/wp\/v2\/product_brand?post=5983"},{"taxonomy":"product_cat","embeddable":true,"href":"https:\/\/edel.fr\/en\/wp-json\/wp\/v2\/product_cat?post=5983"},{"taxonomy":"product_tag","embeddable":true,"href":"https:\/\/edel.fr\/en\/wp-json\/wp\/v2\/product_tag?post=5983"},{"taxonomy":"tracteur","embeddable":true,"href":"https:\/\/edel.fr\/en\/wp-json\/wp\/v2\/tracteur?post=5983"}],"curies":[{"name":"wp","href":"https:\/\/api.w.org\/{rel}","templated":true}]}}