{"id":5986,"date":"2019-03-11T09:24:50","date_gmt":"2019-03-11T08:24:50","guid":{"rendered":"http:\/\/edel.stephanie.ct.webcd.lan\/shop\/kit-complet-mecanisme-double-disque-av-et-butee-70-mm-renault-claas-o250-250-10-10-cannelures\/"},"modified":"2026-03-11T18:06:53","modified_gmt":"2026-03-11T17:06:53","slug":"kit-complet-mecanisme-double-disque-av-et-butee-70-mm-renault-claas-o250-250-10-10-cannelures","status":"publish","type":"product","link":"https:\/\/edel.fr\/en\/product\/kit-complet-mecanisme-double-disque-av-et-butee-70-mm-renault-claas-o250-250-10-10-cannelures\/","title":{"rendered":"Embrayage Kit Complet Renault &#8211; D22 D30 Super3 Super5 Super6"},"content":{"rendered":"<div data-elementor-type=\"wp-post\" data-elementor-id=\"5986\" class=\"elementor elementor-5986\">\n\t\t\t\t\t\t<section class=\"elementor-section elementor-top-section elementor-element elementor-element-29a5ff7 elementor-section-boxed elementor-section-height-default elementor-section-height-default\" data-id=\"29a5ff7\" data-element_type=\"section\" data-e-type=\"section\">\n\t\t\t\t\t\t<div class=\"elementor-container elementor-column-gap-default\">\n\t\t\t\t\t<div class=\"elementor-column elementor-col-100 elementor-top-column elementor-element elementor-element-e3814cd\" data-id=\"e3814cd\" data-element_type=\"column\" data-e-type=\"column\">\n\t\t\t<div class=\"elementor-widget-wrap elementor-element-populated\">\n\t\t\t\t\t\t<div class=\"elementor-element elementor-element-57a1f97 elementor-widget elementor-widget-heading\" data-id=\"57a1f97\" data-element_type=\"widget\" data-e-type=\"widget\" data-widget_type=\"heading.default\">\n\t\t\t\t<div class=\"elementor-widget-container\">\n\t\t\t\t\t<h2 class=\"elementor-heading-title elementor-size-default\"><b>KIT  EMBRAYAGE - <span style=\"text-align: start;text-transform: uppercase\">RENAULT SERIES D, N, SUPER, 30, 50, 60, 70, 300, 400 ET 7000<\/span><br><\/b><br>\u00d8 250 \/250 mm \u2013 10 \/10 CANNELURES - BUTEE DIAMETRE INTERIEUR 70 mm<br><\/h2>\t\t\t\t<\/div>\n\t\t\t\t<\/div>\n\t\t\t\t\t<\/div>\n\t\t<\/div>\n\t\t\t\t\t<\/div>\n\t\t<\/section>\n\t\t\t\t<section class=\"elementor-section elementor-top-section elementor-element elementor-element-1da41ba elementor-section-boxed elementor-section-height-default elementor-section-height-default\" data-id=\"1da41ba\" data-element_type=\"section\" data-e-type=\"section\">\n\t\t\t\t\t\t<div class=\"elementor-container elementor-column-gap-default\">\n\t\t\t\t\t<div class=\"elementor-column elementor-col-100 elementor-top-column elementor-element elementor-element-bc55868\" data-id=\"bc55868\" data-element_type=\"column\" data-e-type=\"column\">\n\t\t\t<div class=\"elementor-widget-wrap elementor-element-populated\">\n\t\t\t\t\t\t<div class=\"elementor-element elementor-element-562044c elementor-widget elementor-widget-heading\" data-id=\"562044c\" data-element_type=\"widget\" data-e-type=\"widget\" data-widget_type=\"heading.default\">\n\t\t\t\t<div class=\"elementor-widget-container\">\n\t\t\t\t\t<h3 class=\"elementor-heading-title elementor-size-default\">Information du produit :<\/h3>\t\t\t\t<\/div>\n\t\t\t\t<\/div>\n\t\t\t\t\t<\/div>\n\t\t<\/div>\n\t\t\t\t\t<\/div>\n\t\t<\/section>\n\t\t\t\t<section class=\"elementor-section elementor-top-section elementor-element elementor-element-4bacc14a elementor-section-boxed elementor-section-height-default elementor-section-height-default\" data-id=\"4bacc14a\" data-element_type=\"section\" data-e-type=\"section\">\n\t\t\t\t\t\t<div class=\"elementor-container elementor-column-gap-default\">\n\t\t\t\t\t<div class=\"elementor-column elementor-col-100 elementor-top-column elementor-element elementor-element-bcbc217\" data-id=\"bcbc217\" data-element_type=\"column\" data-e-type=\"column\">\n\t\t\t<div class=\"elementor-widget-wrap elementor-element-populated\">\n\t\t\t\t\t\t<div class=\"elementor-element elementor-element-28369342 elementor-widget elementor-widget-text-editor\" data-id=\"28369342\" data-element_type=\"widget\" data-e-type=\"widget\" data-widget_type=\"text-editor.default\">\n\t\t\t\t<div class=\"elementor-widget-container\">\n\t\t\t\t\t\t\t\t\t<div>\n<p>Kit embrayage de la marque : Renault Claas<\/p>\n<\/div>\n<p>Renault : 50, 51, 53, 55, 56, 57, 58, 60, 70, D22, D30, D35, N70, N71, N72, Super3, Super5, Super6, Super7.<\/p>\n<p style=\"margin: 0cm 0cm 18pt;background-image: initial;background-position: initial;background-size: initial;background-attachment: initial\"><div style=\"font-family: Rubik;font-size: 15px;font-style: normal;font-weight: 400;letter-spacing: normal;text-align: justify;text-indent: 0px;text-transform: none\"><ul style=\"margin: 0px 0px 1.5em\"><\/ul><\/div><\/p><div style=\"font-family: Rubik;font-size: 15px;font-style: normal;font-weight: 400;letter-spacing: normal;text-align: justify;text-indent: 0px;text-transform: none\"><p style=\"margin: 0cm 0cm 18pt;line-height: 1.618;background-image: initial;background-position: initial;background-size: initial;background-attachment: initial\"><span style=\"font-size: 11.5pt;font-family: Rubik, serif\">Comprend le m\u00e9canisme d\u2019embrayage, le disque d\u2019avancement organique et la but\u00e9e<\/span><\/p><\/div>\n<p>Le kit d\u2019embrayage tracteur agricole est compos\u00e9 d\u2019un m\u00e9canisme, d\u2019un ou deux disques, d\u2019une ou deux but\u00e9es et du roulement pilote. De plus le kit complet comprend la totalit\u00e9 des pi\u00e8ces \u00e0 changer en atelier. Cependant les pi\u00e8ces de rechange qui le composent sont rigoureusement s\u00e9lectionn\u00e9es pour leur qualit\u00e9 et leur fiabilit\u00e9.&nbsp;<\/p>\n<p>Toutefois choisir de remplacer une pi\u00e8ce au d\u00e9tail peut s\u2019av\u00e9rer \u00eatre moins avantageux que de remplacer un ensemble complet. Nos kits se distinguent par la qualit\u00e9 de nos but\u00e9es d\u2019embrayages et roulements pilotes. Une but\u00e9e adaptable qui grippe conduit irr\u00e9m\u00e9diablement \u00e0 la destruction du m\u00e9canisme.<\/p>\n<p>Car pour le montage d\u2019un kit d\u2019embrayage agricole, les pi\u00e8ces p\u00e9riph\u00e9riques doivent proc\u00e9der \u00e0 un examen minutieux. Notamment, le volant moteur et les diff\u00e9rents joints spi.<\/p>\n<p>En effet, pour le syst\u00e8me de commande, une vigilance particuli\u00e8re est \u00e0 porter au c\u00e2ble, a la tringlerie et au circuit hydraulique. En cas de doute, ces composants doivent absolument \u00eatre remis \u00e0 niveau pour permettre le parfait fonctionnement de l\u2019embrayage.<\/p>\n<p>Bien s\u00fbr, pour plus de renseignements, n&rsquo;h\u00e9sitez pas \u00e0 nous consulter !<\/p>\t\t\t\t\t\t\t\t<\/div>\n\t\t\t\t<\/div>\n\t\t\t\t\t<\/div>\n\t\t<\/div>\n\t\t\t\t\t<\/div>\n\t\t<\/section>\n\t\t\t\t<\/div>","protected":false},"excerpt":{"rendered":"<h4>EMBRAYAGE TYPE 10 LFM<\/h4>\n<h4>250\/250 mm<\/h4>\n<h4>10\/10 cannelures<\/h4>\n<p>&nbsp;<\/p>","protected":false},"featured_media":4189,"template":"","meta":[],"product_brand":[],"product_cat":[1141,3965,119,120],"product_tag":[143,124],"tracteur":[],"class_list":{"0":"post-5986","1":"product","2":"type-product","3":"status-publish","4":"has-post-thumbnail","6":"product_cat-kits-dembrayage","7":"product_cat-renault-claas","8":"product_cat-tracteurs-agricoles","9":"product_cat-transmissions","10":"product_tag-kits-dembrayage","11":"product_tag-transmissions","12":"product_shipping_class-142","13":"pa_fabriquant-kawe","14":"pa_marque-tracteur-renault-claas","15":"pa_modele-tracteur-3649","16":"pa_modele-tracteur-4236","17":"pa_modele-tracteur-4237","18":"pa_modele-tracteur-4238","19":"pa_modele-tracteur-4239","20":"pa_modele-tracteur-4240","21":"pa_modele-tracteur-4241","22":"pa_modele-tracteur-4242","23":"pa_modele-tracteur-4243","24":"pa_modele-tracteur-d22","25":"pa_modele-tracteur-d30","26":"pa_modele-tracteur-d35","27":"pa_modele-tracteur-n70","28":"pa_modele-tracteur-n71","29":"pa_modele-tracteur-n72","30":"pa_modele-tracteur-super3","31":"pa_modele-tracteur-super5","32":"pa_modele-tracteur-super6","33":"pa_modele-tracteur-super7","34":"badges-style-2","36":"first","37":"instock","38":"taxable","39":"shipping-taxable","40":"purchasable","41":"product-type-simple"},"acf":[],"yoast_head":"<!-- This site is optimized with the Yoast SEO plugin v27.3 - https:\/\/yoast.com\/product\/yoast-seo-wordpress\/ -->\n<title>Embrayage Kit Complet Renault - D22 D30 Super3 Super5 Super6 - Edel<\/title>\n<meta name=\"description\" content=\"Embrayage Kit Complet Renault - M\u00e9canisme double, disque AV. et but\u00e9e 70 mm - Renault Claas - \u00d8250\/250 - D22 D30 D35 Super3 Super5 Super6 56\" \/>\n<meta name=\"robots\" content=\"index, follow, max-snippet:-1, max-image-preview:large, max-video-preview:-1\" \/>\n<link rel=\"canonical\" href=\"https:\/\/edel.fr\/en\/product\/kit-complet-mecanisme-double-disque-av-et-butee-70-mm-renault-claas-o250-250-10-10-cannelures\/\" \/>\n<meta property=\"og:locale\" content=\"en_US\" \/>\n<meta property=\"og:type\" content=\"article\" \/>\n<meta property=\"og:title\" content=\"Embrayage Kit Complet Renault - D22 D30 Super3 Super5 Super6 - Edel\" \/>\n<meta property=\"og:description\" content=\"Embrayage Kit Complet Renault - M\u00e9canisme double, disque AV. et but\u00e9e 70 mm - Renault Claas - \u00d8250\/250 - D22 D30 D35 Super3 Super5 Super6 56\" \/>\n<meta property=\"og:url\" content=\"https:\/\/edel.fr\/en\/product\/kit-complet-mecanisme-double-disque-av-et-butee-70-mm-renault-claas-o250-250-10-10-cannelures\/\" \/>\n<meta property=\"og:site_name\" content=\"Edel\" \/>\n<meta property=\"article:modified_time\" content=\"2026-03-11T17:06:53+00:00\" \/>\n<meta property=\"og:image\" content=\"https:\/\/edel.fr\/uploads\/2018\/11\/K36.jpg\" \/>\n\t<meta property=\"og:image:width\" content=\"1920\" \/>\n\t<meta property=\"og:image:height\" content=\"1920\" \/>\n\t<meta property=\"og:image:type\" content=\"image\/jpeg\" \/>\n<meta name=\"twitter:card\" content=\"summary_large_image\" \/>\n<meta name=\"twitter:label1\" content=\"Est. reading time\" \/>\n\t<meta name=\"twitter:data1\" content=\"2 minutes\" \/>\n<script type=\"application\/ld+json\" class=\"yoast-schema-graph\">{\"@context\":\"https:\\\/\\\/schema.org\",\"@graph\":[{\"@type\":\"WebPage\",\"@id\":\"https:\\\/\\\/edel.fr\\\/en\\\/product\\\/kit-complet-mecanisme-double-disque-av-et-butee-70-mm-renault-claas-o250-250-10-10-cannelures\\\/\",\"url\":\"https:\\\/\\\/edel.fr\\\/en\\\/product\\\/kit-complet-mecanisme-double-disque-av-et-butee-70-mm-renault-claas-o250-250-10-10-cannelures\\\/\",\"name\":\"Embrayage Kit Complet Renault - D22 D30 Super3 Super5 Super6 - Edel\",\"isPartOf\":{\"@id\":\"https:\\\/\\\/www.edel.fr\\\/en\\\/#website\"},\"primaryImageOfPage\":{\"@id\":\"https:\\\/\\\/edel.fr\\\/en\\\/product\\\/kit-complet-mecanisme-double-disque-av-et-butee-70-mm-renault-claas-o250-250-10-10-cannelures\\\/#primaryimage\"},\"image\":{\"@id\":\"https:\\\/\\\/edel.fr\\\/en\\\/product\\\/kit-complet-mecanisme-double-disque-av-et-butee-70-mm-renault-claas-o250-250-10-10-cannelures\\\/#primaryimage\"},\"thumbnailUrl\":\"https:\\\/\\\/edel.fr\\\/uploads\\\/2018\\\/11\\\/K36.jpg\",\"datePublished\":\"2019-03-11T08:24:50+00:00\",\"dateModified\":\"2026-03-11T17:06:53+00:00\",\"description\":\"Embrayage Kit Complet Renault - M\u00e9canisme double, disque AV. et but\u00e9e 70 mm - Renault Claas - \u00d8250\\\/250 - D22 D30 D35 Super3 Super5 Super6 56\",\"breadcrumb\":{\"@id\":\"https:\\\/\\\/edel.fr\\\/en\\\/product\\\/kit-complet-mecanisme-double-disque-av-et-butee-70-mm-renault-claas-o250-250-10-10-cannelures\\\/#breadcrumb\"},\"inLanguage\":\"en-US\",\"potentialAction\":[{\"@type\":\"ReadAction\",\"target\":[\"https:\\\/\\\/edel.fr\\\/en\\\/product\\\/kit-complet-mecanisme-double-disque-av-et-butee-70-mm-renault-claas-o250-250-10-10-cannelures\\\/\"]}]},{\"@type\":\"ImageObject\",\"inLanguage\":\"en-US\",\"@id\":\"https:\\\/\\\/edel.fr\\\/en\\\/product\\\/kit-complet-mecanisme-double-disque-av-et-butee-70-mm-renault-claas-o250-250-10-10-cannelures\\\/#primaryimage\",\"url\":\"https:\\\/\\\/edel.fr\\\/uploads\\\/2018\\\/11\\\/K36.jpg\",\"contentUrl\":\"https:\\\/\\\/edel.fr\\\/uploads\\\/2018\\\/11\\\/K36.jpg\",\"width\":1920,\"height\":1920,\"caption\":\"Embrayage Kit Complet Renault\"},{\"@type\":\"BreadcrumbList\",\"@id\":\"https:\\\/\\\/edel.fr\\\/en\\\/product\\\/kit-complet-mecanisme-double-disque-av-et-butee-70-mm-renault-claas-o250-250-10-10-cannelures\\\/#breadcrumb\",\"itemListElement\":[{\"@type\":\"ListItem\",\"position\":1,\"name\":\"Pi\u00e8ce Tracteur\",\"item\":\"https:\\\/\\\/www.edel.fr\\\/en\\\/\"},{\"@type\":\"ListItem\",\"position\":2,\"name\":\"Toutes nos pi\u00e8ces Tracteur\",\"item\":\"https:\\\/\\\/edel.fr\\\/shop\\\/\"},{\"@type\":\"ListItem\",\"position\":3,\"name\":\"Embrayage Kit Complet Renault &#8211; D22 D30 Super3 Super5 Super6\"}]},{\"@type\":\"WebSite\",\"@id\":\"https:\\\/\\\/www.edel.fr\\\/en\\\/#website\",\"url\":\"https:\\\/\\\/www.edel.fr\\\/en\\\/\",\"name\":\"Edel\",\"description\":\"Pi\u00e8ce d\u00e9tach\u00e9e de Tracteur Agricole\",\"publisher\":{\"@id\":\"https:\\\/\\\/www.edel.fr\\\/en\\\/#organization\"},\"potentialAction\":[{\"@type\":\"SearchAction\",\"target\":{\"@type\":\"EntryPoint\",\"urlTemplate\":\"https:\\\/\\\/www.edel.fr\\\/en\\\/?s={search_term_string}\"},\"query-input\":{\"@type\":\"PropertyValueSpecification\",\"valueRequired\":true,\"valueName\":\"search_term_string\"}}],\"inLanguage\":\"en-US\"},{\"@type\":\"Organization\",\"@id\":\"https:\\\/\\\/www.edel.fr\\\/en\\\/#organization\",\"name\":\"Edel\",\"url\":\"https:\\\/\\\/www.edel.fr\\\/en\\\/\",\"logo\":{\"@type\":\"ImageObject\",\"inLanguage\":\"en-US\",\"@id\":\"https:\\\/\\\/www.edel.fr\\\/en\\\/#\\\/schema\\\/logo\\\/image\\\/\",\"url\":\"https:\\\/\\\/www.edel.fr\\\/uploads\\\/2018\\\/11\\\/logo-edel.png\",\"contentUrl\":\"https:\\\/\\\/www.edel.fr\\\/uploads\\\/2018\\\/11\\\/logo-edel.png\",\"width\":257,\"height\":68,\"caption\":\"Edel\"},\"image\":{\"@id\":\"https:\\\/\\\/www.edel.fr\\\/en\\\/#\\\/schema\\\/logo\\\/image\\\/\"}}]}<\/script>\n<!-- \/ Yoast SEO plugin. -->","yoast_head_json":{"title":"Embrayage Kit Complet Renault - D22 D30 Super3 Super5 Super6 - Edel","description":"Embrayage Kit Complet Renault - M\u00e9canisme double, disque AV. et but\u00e9e 70 mm - Renault Claas - \u00d8250\/250 - D22 D30 D35 Super3 Super5 Super6 56","robots":{"index":"index","follow":"follow","max-snippet":"max-snippet:-1","max-image-preview":"max-image-preview:large","max-video-preview":"max-video-preview:-1"},"canonical":"https:\/\/edel.fr\/en\/product\/kit-complet-mecanisme-double-disque-av-et-butee-70-mm-renault-claas-o250-250-10-10-cannelures\/","og_locale":"en_US","og_type":"article","og_title":"Embrayage Kit Complet Renault - D22 D30 Super3 Super5 Super6 - Edel","og_description":"Embrayage Kit Complet Renault - M\u00e9canisme double, disque AV. et but\u00e9e 70 mm - Renault Claas - \u00d8250\/250 - D22 D30 D35 Super3 Super5 Super6 56","og_url":"https:\/\/edel.fr\/en\/product\/kit-complet-mecanisme-double-disque-av-et-butee-70-mm-renault-claas-o250-250-10-10-cannelures\/","og_site_name":"Edel","article_modified_time":"2026-03-11T17:06:53+00:00","og_image":[{"width":1920,"height":1920,"url":"https:\/\/edel.fr\/uploads\/2018\/11\/K36.jpg","type":"image\/jpeg"}],"twitter_card":"summary_large_image","twitter_misc":{"Est. reading time":"2 minutes"},"schema":{"@context":"https:\/\/schema.org","@graph":[{"@type":"WebPage","@id":"https:\/\/edel.fr\/en\/product\/kit-complet-mecanisme-double-disque-av-et-butee-70-mm-renault-claas-o250-250-10-10-cannelures\/","url":"https:\/\/edel.fr\/en\/product\/kit-complet-mecanisme-double-disque-av-et-butee-70-mm-renault-claas-o250-250-10-10-cannelures\/","name":"Embrayage Kit Complet Renault - D22 D30 Super3 Super5 Super6 - Edel","isPartOf":{"@id":"https:\/\/www.edel.fr\/en\/#website"},"primaryImageOfPage":{"@id":"https:\/\/edel.fr\/en\/product\/kit-complet-mecanisme-double-disque-av-et-butee-70-mm-renault-claas-o250-250-10-10-cannelures\/#primaryimage"},"image":{"@id":"https:\/\/edel.fr\/en\/product\/kit-complet-mecanisme-double-disque-av-et-butee-70-mm-renault-claas-o250-250-10-10-cannelures\/#primaryimage"},"thumbnailUrl":"https:\/\/edel.fr\/uploads\/2018\/11\/K36.jpg","datePublished":"2019-03-11T08:24:50+00:00","dateModified":"2026-03-11T17:06:53+00:00","description":"Embrayage Kit Complet Renault - M\u00e9canisme double, disque AV. et but\u00e9e 70 mm - Renault Claas - \u00d8250\/250 - D22 D30 D35 Super3 Super5 Super6 56","breadcrumb":{"@id":"https:\/\/edel.fr\/en\/product\/kit-complet-mecanisme-double-disque-av-et-butee-70-mm-renault-claas-o250-250-10-10-cannelures\/#breadcrumb"},"inLanguage":"en-US","potentialAction":[{"@type":"ReadAction","target":["https:\/\/edel.fr\/en\/product\/kit-complet-mecanisme-double-disque-av-et-butee-70-mm-renault-claas-o250-250-10-10-cannelures\/"]}]},{"@type":"ImageObject","inLanguage":"en-US","@id":"https:\/\/edel.fr\/en\/product\/kit-complet-mecanisme-double-disque-av-et-butee-70-mm-renault-claas-o250-250-10-10-cannelures\/#primaryimage","url":"https:\/\/edel.fr\/uploads\/2018\/11\/K36.jpg","contentUrl":"https:\/\/edel.fr\/uploads\/2018\/11\/K36.jpg","width":1920,"height":1920,"caption":"Embrayage Kit Complet Renault"},{"@type":"BreadcrumbList","@id":"https:\/\/edel.fr\/en\/product\/kit-complet-mecanisme-double-disque-av-et-butee-70-mm-renault-claas-o250-250-10-10-cannelures\/#breadcrumb","itemListElement":[{"@type":"ListItem","position":1,"name":"Pi\u00e8ce Tracteur","item":"https:\/\/www.edel.fr\/en\/"},{"@type":"ListItem","position":2,"name":"Toutes nos pi\u00e8ces Tracteur","item":"https:\/\/edel.fr\/shop\/"},{"@type":"ListItem","position":3,"name":"Embrayage Kit Complet Renault &#8211; D22 D30 Super3 Super5 Super6"}]},{"@type":"WebSite","@id":"https:\/\/www.edel.fr\/en\/#website","url":"https:\/\/www.edel.fr\/en\/","name":"Edel","description":"Pi\u00e8ce d\u00e9tach\u00e9e de Tracteur Agricole","publisher":{"@id":"https:\/\/www.edel.fr\/en\/#organization"},"potentialAction":[{"@type":"SearchAction","target":{"@type":"EntryPoint","urlTemplate":"https:\/\/www.edel.fr\/en\/?s={search_term_string}"},"query-input":{"@type":"PropertyValueSpecification","valueRequired":true,"valueName":"search_term_string"}}],"inLanguage":"en-US"},{"@type":"Organization","@id":"https:\/\/www.edel.fr\/en\/#organization","name":"Edel","url":"https:\/\/www.edel.fr\/en\/","logo":{"@type":"ImageObject","inLanguage":"en-US","@id":"https:\/\/www.edel.fr\/en\/#\/schema\/logo\/image\/","url":"https:\/\/www.edel.fr\/uploads\/2018\/11\/logo-edel.png","contentUrl":"https:\/\/www.edel.fr\/uploads\/2018\/11\/logo-edel.png","width":257,"height":68,"caption":"Edel"},"image":{"@id":"https:\/\/www.edel.fr\/en\/#\/schema\/logo\/image\/"}}]}},"_links":{"self":[{"href":"https:\/\/edel.fr\/en\/wp-json\/wp\/v2\/product\/5986","targetHints":{"allow":["GET"]}}],"collection":[{"href":"https:\/\/edel.fr\/en\/wp-json\/wp\/v2\/product"}],"about":[{"href":"https:\/\/edel.fr\/en\/wp-json\/wp\/v2\/types\/product"}],"version-history":[{"count":2,"href":"https:\/\/edel.fr\/en\/wp-json\/wp\/v2\/product\/5986\/revisions"}],"predecessor-version":[{"id":18371,"href":"https:\/\/edel.fr\/en\/wp-json\/wp\/v2\/product\/5986\/revisions\/18371"}],"wp:featuredmedia":[{"embeddable":true,"href":"https:\/\/edel.fr\/en\/wp-json\/wp\/v2\/media\/4189"}],"wp:attachment":[{"href":"https:\/\/edel.fr\/en\/wp-json\/wp\/v2\/media?parent=5986"}],"wp:term":[{"taxonomy":"product_brand","embeddable":true,"href":"https:\/\/edel.fr\/en\/wp-json\/wp\/v2\/product_brand?post=5986"},{"taxonomy":"product_cat","embeddable":true,"href":"https:\/\/edel.fr\/en\/wp-json\/wp\/v2\/product_cat?post=5986"},{"taxonomy":"product_tag","embeddable":true,"href":"https:\/\/edel.fr\/en\/wp-json\/wp\/v2\/product_tag?post=5986"},{"taxonomy":"tracteur","embeddable":true,"href":"https:\/\/edel.fr\/en\/wp-json\/wp\/v2\/tracteur?post=5986"}],"curies":[{"name":"wp","href":"https:\/\/api.w.org\/{rel}","templated":true}]}}