{"id":5989,"date":"2019-03-11T09:24:50","date_gmt":"2019-03-11T08:24:50","guid":{"rendered":"http:\/\/edel.stephanie.ct.webcd.lan\/shop\/kit-complet-mecanisme-double-disque-av-organique-2-butees-et-roulement-pilote-renault-claas-o280-280-16-13-cannelures\/"},"modified":"2025-11-05T21:07:27","modified_gmt":"2025-11-05T20:07:27","slug":"kit-complet-mecanisme-double-disque-av-organique-2-butees-et-roulement-pilote-renault-claas-o280-280-16-13-cannelures","status":"publish","type":"product","link":"https:\/\/edel.fr\/en\/product\/kit-complet-mecanisme-double-disque-av-organique-2-butees-et-roulement-pilote-renault-claas-o280-280-16-13-cannelures\/","title":{"rendered":"Kit Embrayage LUK Renault 5812 5814 7014 7032 7034 7512 7514 7812 8012 8514 Tracteur Agricole"},"content":{"rendered":"<div data-elementor-type=\"wp-post\" data-elementor-id=\"5989\" class=\"elementor elementor-5989\">\n\t\t\t\t\t\t<section class=\"elementor-section elementor-top-section elementor-element elementor-element-afc5e0f elementor-section-boxed elementor-section-height-default elementor-section-height-default\" data-id=\"afc5e0f\" data-element_type=\"section\" data-e-type=\"section\">\n\t\t\t\t\t\t<div class=\"elementor-container elementor-column-gap-default\">\n\t\t\t\t\t<div class=\"elementor-column elementor-col-100 elementor-top-column elementor-element elementor-element-bbbbc96\" data-id=\"bbbbc96\" data-element_type=\"column\" data-e-type=\"column\">\n\t\t\t<div class=\"elementor-widget-wrap elementor-element-populated\">\n\t\t\t\t\t\t<div class=\"elementor-element elementor-element-f72d265 elementor-widget elementor-widget-heading\" data-id=\"f72d265\" data-element_type=\"widget\" data-e-type=\"widget\" data-widget_type=\"heading.default\">\n\t\t\t\t<div class=\"elementor-widget-container\">\n\t\t\t\t\t<h2 class=\"elementor-heading-title elementor-size-default\">KIT COMPLET d'embrayage - renault series 3000,  5000, 6000, 7000, 8000 ET CERES<br><br>\u00d8 280 \/ 280 mm - 16 \/ 13 cannelures&nbsp;- disque avancement interne organique<\/h2>\t\t\t\t<\/div>\n\t\t\t\t<\/div>\n\t\t\t\t\t<\/div>\n\t\t<\/div>\n\t\t\t\t\t<\/div>\n\t\t<\/section>\n\t\t\t\t<section class=\"elementor-section elementor-top-section elementor-element elementor-element-401506a elementor-section-boxed elementor-section-height-default elementor-section-height-default\" data-id=\"401506a\" data-element_type=\"section\" data-e-type=\"section\">\n\t\t\t\t\t\t<div class=\"elementor-container elementor-column-gap-default\">\n\t\t\t\t\t<div class=\"elementor-column elementor-col-100 elementor-top-column elementor-element elementor-element-e9ab73e\" data-id=\"e9ab73e\" data-element_type=\"column\" data-e-type=\"column\">\n\t\t\t<div class=\"elementor-widget-wrap elementor-element-populated\">\n\t\t\t\t\t\t<div class=\"elementor-element elementor-element-1bb84b6 elementor-widget elementor-widget-heading\" data-id=\"1bb84b6\" data-element_type=\"widget\" data-e-type=\"widget\" data-widget_type=\"heading.default\">\n\t\t\t\t<div class=\"elementor-widget-container\">\n\t\t\t\t\t<h3 class=\"elementor-heading-title elementor-size-default\">Information du produit :<\/h3>\t\t\t\t<\/div>\n\t\t\t\t<\/div>\n\t\t\t\t\t<\/div>\n\t\t<\/div>\n\t\t\t\t\t<\/div>\n\t\t<\/section>\n\t\t\t\t<section class=\"elementor-section elementor-top-section elementor-element elementor-element-2be65d85 elementor-section-boxed elementor-section-height-default elementor-section-height-default\" data-id=\"2be65d85\" data-element_type=\"section\" data-e-type=\"section\">\n\t\t\t\t\t\t<div class=\"elementor-container elementor-column-gap-default\">\n\t\t\t\t\t<div class=\"elementor-column elementor-col-100 elementor-top-column elementor-element elementor-element-4725c3d4\" data-id=\"4725c3d4\" data-element_type=\"column\" data-e-type=\"column\">\n\t\t\t<div class=\"elementor-widget-wrap elementor-element-populated\">\n\t\t\t\t\t\t<div class=\"elementor-element elementor-element-3663fed9 elementor-widget elementor-widget-text-editor\" data-id=\"3663fed9\" data-element_type=\"widget\" data-e-type=\"widget\" data-widget_type=\"text-editor.default\">\n\t\t\t\t<div class=\"elementor-widget-container\">\n\t\t\t\t\t\t\t\t\t<p><strong><span style=\"color: #626262\">Renault : <\/span><\/strong><span style=\"color: #626262\">3131, 3132, 3142, 5812, 5814, 5832, 5834, 6112, 6114, 6512, 6514, 6532, 6534, 6812, 6814, 70, 7014, 7032, 7034, 7512, 7514, 7714, 7812, 8012, 8032, 8514, 8532, 8534, Ceres 100, Ceres 310, Ceres 65, Ceres 70, Ceres 75, Ceres 85, R 7461.<\/span><\/p><p>Comprend le m\u00e9canisme d&#8217;embrayage avec disque d&rsquo;avancement interne organique, le disque de prise de force, les 2 but\u00e9es et le roulement pilote.<\/p>\n<p>Le kit d\u2019embrayage tracteur agricole est compos\u00e9 d\u2019un m\u00e9canisme, d\u2019un ou deux disques, d\u2019une ou deux but\u00e9es et du roulement pilote. De plus le kit complet comprend la totalit\u00e9 des pi\u00e8ces \u00e0 changer en atelier. Cependant les pi\u00e8ces de rechange qui le composent sont rigoureusement s\u00e9lectionn\u00e9es pour leur qualit\u00e9 et leur fiabilit\u00e9.&nbsp;<\/p>\n<p>Toutefois choisir de remplacer une pi\u00e8ce au d\u00e9tail peut s\u2019av\u00e9rer \u00eatre moins avantageux que de remplacer un ensemble complet. Nos kits se distinguent par la qualit\u00e9 de nos but\u00e9es d\u2019embrayages et roulements pilotes. Une but\u00e9e adaptable qui grippe conduit irr\u00e9m\u00e9diablement \u00e0 la destruction du m\u00e9canisme.<\/p>\n<p>Car pour le montage d\u2019un kit d\u2019embrayage agricole, les pi\u00e8ces p\u00e9riph\u00e9riques doivent proc\u00e9der \u00e0 un examen minutieux. Notamment, le volant moteur et les diff\u00e9rents joints spi.<\/p>\n<p>En effet, pour le syst\u00e8me de commande, une vigilance particuli\u00e8re est \u00e0 porter au c\u00e2ble, a la tringlerie et au circuit hydraulique. En cas de doute, ces composants doivent absolument \u00eatre remis \u00e0 niveau pour permettre le parfait fonctionnement de l\u2019embrayage.<\/p>\n<p>Bien s\u00fbr, pour plus de renseignements, n&rsquo;h\u00e9sitez pas \u00e0 nous consulter !<\/p>\t\t\t\t\t\t\t\t<\/div>\n\t\t\t\t<\/div>\n\t\t\t\t\t<\/div>\n\t\t<\/div>\n\t\t\t\t\t<\/div>\n\t\t<\/section>\n\t\t\t\t<\/div>","protected":false},"excerpt":{"rendered":"<p>KIT COMPLET d&#8217;embrayage &#8211; renault series 3000, 5000, 6000, 7000, 8000 ET CERES \u00d8 280 \/ 280 mm &#8211; 16 \/ 13 cannelures\u00a0&#8211; disque avancement interne organique Information du produit : Renault : 3131, 3132, 3142, 5812, 5814, 5832, 5834, 6112, 6114, 6512, 6514, 6532, 6534, 6812, 6814, 70, 7014, 7032, 7034, 7512, 7514, 7714,<br \/><a class=\"more-link\" href=\"https:\/\/edel.fr\/en\/product\/kit-complet-mecanisme-double-disque-av-organique-2-butees-et-roulement-pilote-renault-claas-o280-280-16-13-cannelures\/\"><br \/>\n        Read More<span class=\"screen-reader-text\"> \u00ab\u00a0Kit Embrayage LUK Renault 5812 5814 7014 7032 7034 7512 7514 7812 8012 8514 Tracteur Agricole\u00a0\u00bb<\/span><\/a><\/p>","protected":false},"featured_media":4192,"template":"","meta":[],"product_brand":[],"product_cat":[1141,3965,119,120],"product_tag":[143,124],"tracteur":[],"class_list":{"0":"post-5989","1":"product","2":"type-product","3":"status-publish","4":"has-post-thumbnail","6":"product_cat-kits-dembrayage","7":"product_cat-renault-claas","8":"product_cat-tracteurs-agricoles","9":"product_cat-transmissions","10":"product_tag-kits-dembrayage","11":"product_tag-transmissions","12":"product_shipping_class-142","13":"pa_fabriquant-luk","14":"pa_marque-tracteur-renault-claas","15":"pa_modele-tracteur-ceres","16":"pa_type-2-2815","17":"pa_type-2-2816","18":"pa_type-2-2825","19":"pa_type-2-1517","20":"pa_type-2-2817","21":"pa_type-2-1518","22":"pa_type-2-2278","23":"pa_type-2-1519","24":"pa_type-2-2818","25":"pa_type-2-1520","26":"pa_type-2-2819","27":"pa_type-2-2820","28":"pa_type-2-1521","29":"pa_type-2-2821","30":"pa_type-2-2412","31":"pa_type-2-1288","32":"pa_type-2-1385","33":"pa_type-2-2822","34":"pa_type-2-2279","35":"pa_type-2-1527","36":"pa_type-2-1528","37":"pa_type-2-2390","38":"pa_type-2-2826","39":"pa_type-2-1549","40":"pa_type-2-2391","41":"pa_type-2-2675","42":"pa_type-2-2823","43":"pa_type-2-2393","44":"pa_type-2-ceres-100","45":"pa_type-2-ceres-310","46":"pa_type-2-ceres-65","47":"pa_type-2-ceres-70","48":"pa_type-2-ceres-75","49":"pa_type-2-ceres-85","50":"pa_type-2-r-7461","51":"badges-style-2","53":"first","54":"instock","55":"taxable","56":"shipping-taxable","57":"purchasable","58":"product-type-simple"},"acf":[],"yoast_head":"<!-- This site is optimized with the Yoast SEO plugin v27.3 - https:\/\/yoast.com\/product\/yoast-seo-wordpress\/ -->\n<title>Kit Embrayage LUK Renault 5812 5814 7014 7032 7034 7512 7514 7812 8012 8514 Tracteur Agricole - Edel<\/title>\n<meta name=\"description\" content=\"Kit Embrayage Renault Claas - Disque AV. Organique, 2 but\u00e9es et roulement pilote - 5832 6114 6512 6532 6812 7014 7032 7514 7812 8012 8514 Ceres 100 Ceres 70\" \/>\n<meta name=\"robots\" content=\"index, follow, max-snippet:-1, max-image-preview:large, max-video-preview:-1\" \/>\n<link rel=\"canonical\" href=\"https:\/\/edel.fr\/en\/product\/kit-complet-mecanisme-double-disque-av-organique-2-butees-et-roulement-pilote-renault-claas-o280-280-16-13-cannelures\/\" \/>\n<meta property=\"og:locale\" content=\"en_US\" \/>\n<meta property=\"og:type\" content=\"article\" \/>\n<meta property=\"og:title\" content=\"Kit Embrayage LUK Renault 5812 5814 7014 7032 7034 7512 7514 7812 8012 8514 Tracteur Agricole - Edel\" \/>\n<meta property=\"og:description\" content=\"Kit Embrayage Renault Claas - Disque AV. Organique, 2 but\u00e9es et roulement pilote - 5832 6114 6512 6532 6812 7014 7032 7514 7812 8012 8514 Ceres 100 Ceres 70\" \/>\n<meta property=\"og:url\" content=\"https:\/\/edel.fr\/en\/product\/kit-complet-mecanisme-double-disque-av-organique-2-butees-et-roulement-pilote-renault-claas-o280-280-16-13-cannelures\/\" \/>\n<meta property=\"og:site_name\" content=\"Edel\" \/>\n<meta property=\"article:modified_time\" content=\"2025-11-05T20:07:27+00:00\" \/>\n<meta property=\"og:image\" content=\"https:\/\/edel.fr\/uploads\/2018\/11\/K39.jpg\" \/>\n\t<meta property=\"og:image:width\" content=\"1920\" \/>\n\t<meta property=\"og:image:height\" content=\"1920\" \/>\n\t<meta property=\"og:image:type\" content=\"image\/jpeg\" \/>\n<meta name=\"twitter:card\" content=\"summary_large_image\" \/>\n<meta name=\"twitter:label1\" content=\"Est. reading time\" \/>\n\t<meta name=\"twitter:data1\" content=\"2 minutes\" \/>\n<script type=\"application\/ld+json\" class=\"yoast-schema-graph\">{\"@context\":\"https:\\\/\\\/schema.org\",\"@graph\":[{\"@type\":\"WebPage\",\"@id\":\"https:\\\/\\\/edel.fr\\\/produit\\\/kit-complet-mecanisme-double-disque-av-organique-2-butees-et-roulement-pilote-renault-claas-o280-280-16-13-cannelures\\\/\",\"url\":\"https:\\\/\\\/edel.fr\\\/produit\\\/kit-complet-mecanisme-double-disque-av-organique-2-butees-et-roulement-pilote-renault-claas-o280-280-16-13-cannelures\\\/\",\"name\":\"Kit Embrayage LUK Renault 5812 5814 7014 7032 7034 7512 7514 7812 8012 8514 Tracteur Agricole - Edel\",\"isPartOf\":{\"@id\":\"https:\\\/\\\/www.edel.fr\\\/en\\\/#website\"},\"primaryImageOfPage\":{\"@id\":\"https:\\\/\\\/edel.fr\\\/produit\\\/kit-complet-mecanisme-double-disque-av-organique-2-butees-et-roulement-pilote-renault-claas-o280-280-16-13-cannelures\\\/#primaryimage\"},\"image\":{\"@id\":\"https:\\\/\\\/edel.fr\\\/produit\\\/kit-complet-mecanisme-double-disque-av-organique-2-butees-et-roulement-pilote-renault-claas-o280-280-16-13-cannelures\\\/#primaryimage\"},\"thumbnailUrl\":\"https:\\\/\\\/edel.fr\\\/uploads\\\/2018\\\/11\\\/K39.jpg\",\"datePublished\":\"2019-03-11T08:24:50+00:00\",\"dateModified\":\"2025-11-05T20:07:27+00:00\",\"description\":\"Kit Embrayage Renault Claas - Disque AV. Organique, 2 but\u00e9es et roulement pilote - 5832 6114 6512 6532 6812 7014 7032 7514 7812 8012 8514 Ceres 100 Ceres 70\",\"breadcrumb\":{\"@id\":\"https:\\\/\\\/edel.fr\\\/produit\\\/kit-complet-mecanisme-double-disque-av-organique-2-butees-et-roulement-pilote-renault-claas-o280-280-16-13-cannelures\\\/#breadcrumb\"},\"inLanguage\":\"en-US\",\"potentialAction\":[{\"@type\":\"ReadAction\",\"target\":[\"https:\\\/\\\/edel.fr\\\/produit\\\/kit-complet-mecanisme-double-disque-av-organique-2-butees-et-roulement-pilote-renault-claas-o280-280-16-13-cannelures\\\/\"]}]},{\"@type\":\"ImageObject\",\"inLanguage\":\"en-US\",\"@id\":\"https:\\\/\\\/edel.fr\\\/produit\\\/kit-complet-mecanisme-double-disque-av-organique-2-butees-et-roulement-pilote-renault-claas-o280-280-16-13-cannelures\\\/#primaryimage\",\"url\":\"https:\\\/\\\/edel.fr\\\/uploads\\\/2018\\\/11\\\/K39.jpg\",\"contentUrl\":\"https:\\\/\\\/edel.fr\\\/uploads\\\/2018\\\/11\\\/K39.jpg\",\"width\":1920,\"height\":1920,\"caption\":\"Kit Embrayage Renault Claas\"},{\"@type\":\"BreadcrumbList\",\"@id\":\"https:\\\/\\\/edel.fr\\\/produit\\\/kit-complet-mecanisme-double-disque-av-organique-2-butees-et-roulement-pilote-renault-claas-o280-280-16-13-cannelures\\\/#breadcrumb\",\"itemListElement\":[{\"@type\":\"ListItem\",\"position\":1,\"name\":\"Pi\u00e8ce Tracteur\",\"item\":\"https:\\\/\\\/www.edel.fr\\\/en\\\/\"},{\"@type\":\"ListItem\",\"position\":2,\"name\":\"Toutes nos pi\u00e8ces Tracteur\",\"item\":\"https:\\\/\\\/edel.fr\\\/shop\\\/\"},{\"@type\":\"ListItem\",\"position\":3,\"name\":\"Kit Embrayage LUK Renault 5812 5814 7014 7032 7034 7512 7514 7812 8012 8514 Tracteur Agricole\"}]},{\"@type\":\"WebSite\",\"@id\":\"https:\\\/\\\/www.edel.fr\\\/en\\\/#website\",\"url\":\"https:\\\/\\\/www.edel.fr\\\/en\\\/\",\"name\":\"Edel\",\"description\":\"Pi\u00e8ce d\u00e9tach\u00e9e de Tracteur Agricole\",\"publisher\":{\"@id\":\"https:\\\/\\\/www.edel.fr\\\/en\\\/#organization\"},\"potentialAction\":[{\"@type\":\"SearchAction\",\"target\":{\"@type\":\"EntryPoint\",\"urlTemplate\":\"https:\\\/\\\/www.edel.fr\\\/en\\\/?s={search_term_string}\"},\"query-input\":{\"@type\":\"PropertyValueSpecification\",\"valueRequired\":true,\"valueName\":\"search_term_string\"}}],\"inLanguage\":\"en-US\"},{\"@type\":\"Organization\",\"@id\":\"https:\\\/\\\/www.edel.fr\\\/en\\\/#organization\",\"name\":\"Edel\",\"url\":\"https:\\\/\\\/www.edel.fr\\\/en\\\/\",\"logo\":{\"@type\":\"ImageObject\",\"inLanguage\":\"en-US\",\"@id\":\"https:\\\/\\\/www.edel.fr\\\/en\\\/#\\\/schema\\\/logo\\\/image\\\/\",\"url\":\"https:\\\/\\\/www.edel.fr\\\/uploads\\\/2018\\\/11\\\/logo-edel.png\",\"contentUrl\":\"https:\\\/\\\/www.edel.fr\\\/uploads\\\/2018\\\/11\\\/logo-edel.png\",\"width\":257,\"height\":68,\"caption\":\"Edel\"},\"image\":{\"@id\":\"https:\\\/\\\/www.edel.fr\\\/en\\\/#\\\/schema\\\/logo\\\/image\\\/\"}}]}<\/script>\n<!-- \/ Yoast SEO plugin. -->","yoast_head_json":{"title":"Kit Embrayage LUK Renault 5812 5814 7014 7032 7034 7512 7514 7812 8012 8514 Tracteur Agricole - Edel","description":"Kit Embrayage Renault Claas - Disque AV. Organique, 2 but\u00e9es et roulement pilote - 5832 6114 6512 6532 6812 7014 7032 7514 7812 8012 8514 Ceres 100 Ceres 70","robots":{"index":"index","follow":"follow","max-snippet":"max-snippet:-1","max-image-preview":"max-image-preview:large","max-video-preview":"max-video-preview:-1"},"canonical":"https:\/\/edel.fr\/en\/product\/kit-complet-mecanisme-double-disque-av-organique-2-butees-et-roulement-pilote-renault-claas-o280-280-16-13-cannelures\/","og_locale":"en_US","og_type":"article","og_title":"Kit Embrayage LUK Renault 5812 5814 7014 7032 7034 7512 7514 7812 8012 8514 Tracteur Agricole - Edel","og_description":"Kit Embrayage Renault Claas - Disque AV. Organique, 2 but\u00e9es et roulement pilote - 5832 6114 6512 6532 6812 7014 7032 7514 7812 8012 8514 Ceres 100 Ceres 70","og_url":"https:\/\/edel.fr\/en\/product\/kit-complet-mecanisme-double-disque-av-organique-2-butees-et-roulement-pilote-renault-claas-o280-280-16-13-cannelures\/","og_site_name":"Edel","article_modified_time":"2025-11-05T20:07:27+00:00","og_image":[{"width":1920,"height":1920,"url":"https:\/\/edel.fr\/uploads\/2018\/11\/K39.jpg","type":"image\/jpeg"}],"twitter_card":"summary_large_image","twitter_misc":{"Est. reading time":"2 minutes"},"schema":{"@context":"https:\/\/schema.org","@graph":[{"@type":"WebPage","@id":"https:\/\/edel.fr\/produit\/kit-complet-mecanisme-double-disque-av-organique-2-butees-et-roulement-pilote-renault-claas-o280-280-16-13-cannelures\/","url":"https:\/\/edel.fr\/produit\/kit-complet-mecanisme-double-disque-av-organique-2-butees-et-roulement-pilote-renault-claas-o280-280-16-13-cannelures\/","name":"Kit Embrayage LUK Renault 5812 5814 7014 7032 7034 7512 7514 7812 8012 8514 Tracteur Agricole - Edel","isPartOf":{"@id":"https:\/\/www.edel.fr\/en\/#website"},"primaryImageOfPage":{"@id":"https:\/\/edel.fr\/produit\/kit-complet-mecanisme-double-disque-av-organique-2-butees-et-roulement-pilote-renault-claas-o280-280-16-13-cannelures\/#primaryimage"},"image":{"@id":"https:\/\/edel.fr\/produit\/kit-complet-mecanisme-double-disque-av-organique-2-butees-et-roulement-pilote-renault-claas-o280-280-16-13-cannelures\/#primaryimage"},"thumbnailUrl":"https:\/\/edel.fr\/uploads\/2018\/11\/K39.jpg","datePublished":"2019-03-11T08:24:50+00:00","dateModified":"2025-11-05T20:07:27+00:00","description":"Kit Embrayage Renault Claas - Disque AV. Organique, 2 but\u00e9es et roulement pilote - 5832 6114 6512 6532 6812 7014 7032 7514 7812 8012 8514 Ceres 100 Ceres 70","breadcrumb":{"@id":"https:\/\/edel.fr\/produit\/kit-complet-mecanisme-double-disque-av-organique-2-butees-et-roulement-pilote-renault-claas-o280-280-16-13-cannelures\/#breadcrumb"},"inLanguage":"en-US","potentialAction":[{"@type":"ReadAction","target":["https:\/\/edel.fr\/produit\/kit-complet-mecanisme-double-disque-av-organique-2-butees-et-roulement-pilote-renault-claas-o280-280-16-13-cannelures\/"]}]},{"@type":"ImageObject","inLanguage":"en-US","@id":"https:\/\/edel.fr\/produit\/kit-complet-mecanisme-double-disque-av-organique-2-butees-et-roulement-pilote-renault-claas-o280-280-16-13-cannelures\/#primaryimage","url":"https:\/\/edel.fr\/uploads\/2018\/11\/K39.jpg","contentUrl":"https:\/\/edel.fr\/uploads\/2018\/11\/K39.jpg","width":1920,"height":1920,"caption":"Kit Embrayage Renault Claas"},{"@type":"BreadcrumbList","@id":"https:\/\/edel.fr\/produit\/kit-complet-mecanisme-double-disque-av-organique-2-butees-et-roulement-pilote-renault-claas-o280-280-16-13-cannelures\/#breadcrumb","itemListElement":[{"@type":"ListItem","position":1,"name":"Pi\u00e8ce Tracteur","item":"https:\/\/www.edel.fr\/en\/"},{"@type":"ListItem","position":2,"name":"Toutes nos pi\u00e8ces Tracteur","item":"https:\/\/edel.fr\/shop\/"},{"@type":"ListItem","position":3,"name":"Kit Embrayage LUK Renault 5812 5814 7014 7032 7034 7512 7514 7812 8012 8514 Tracteur Agricole"}]},{"@type":"WebSite","@id":"https:\/\/www.edel.fr\/en\/#website","url":"https:\/\/www.edel.fr\/en\/","name":"Edel","description":"Pi\u00e8ce d\u00e9tach\u00e9e de Tracteur Agricole","publisher":{"@id":"https:\/\/www.edel.fr\/en\/#organization"},"potentialAction":[{"@type":"SearchAction","target":{"@type":"EntryPoint","urlTemplate":"https:\/\/www.edel.fr\/en\/?s={search_term_string}"},"query-input":{"@type":"PropertyValueSpecification","valueRequired":true,"valueName":"search_term_string"}}],"inLanguage":"en-US"},{"@type":"Organization","@id":"https:\/\/www.edel.fr\/en\/#organization","name":"Edel","url":"https:\/\/www.edel.fr\/en\/","logo":{"@type":"ImageObject","inLanguage":"en-US","@id":"https:\/\/www.edel.fr\/en\/#\/schema\/logo\/image\/","url":"https:\/\/www.edel.fr\/uploads\/2018\/11\/logo-edel.png","contentUrl":"https:\/\/www.edel.fr\/uploads\/2018\/11\/logo-edel.png","width":257,"height":68,"caption":"Edel"},"image":{"@id":"https:\/\/www.edel.fr\/en\/#\/schema\/logo\/image\/"}}]}},"_links":{"self":[{"href":"https:\/\/edel.fr\/en\/wp-json\/wp\/v2\/product\/5989","targetHints":{"allow":["GET"]}}],"collection":[{"href":"https:\/\/edel.fr\/en\/wp-json\/wp\/v2\/product"}],"about":[{"href":"https:\/\/edel.fr\/en\/wp-json\/wp\/v2\/types\/product"}],"version-history":[{"count":2,"href":"https:\/\/edel.fr\/en\/wp-json\/wp\/v2\/product\/5989\/revisions"}],"predecessor-version":[{"id":19144,"href":"https:\/\/edel.fr\/en\/wp-json\/wp\/v2\/product\/5989\/revisions\/19144"}],"wp:featuredmedia":[{"embeddable":true,"href":"https:\/\/edel.fr\/en\/wp-json\/wp\/v2\/media\/4192"}],"wp:attachment":[{"href":"https:\/\/edel.fr\/en\/wp-json\/wp\/v2\/media?parent=5989"}],"wp:term":[{"taxonomy":"product_brand","embeddable":true,"href":"https:\/\/edel.fr\/en\/wp-json\/wp\/v2\/product_brand?post=5989"},{"taxonomy":"product_cat","embeddable":true,"href":"https:\/\/edel.fr\/en\/wp-json\/wp\/v2\/product_cat?post=5989"},{"taxonomy":"product_tag","embeddable":true,"href":"https:\/\/edel.fr\/en\/wp-json\/wp\/v2\/product_tag?post=5989"},{"taxonomy":"tracteur","embeddable":true,"href":"https:\/\/edel.fr\/en\/wp-json\/wp\/v2\/tracteur?post=5989"}],"curies":[{"name":"wp","href":"https:\/\/api.w.org\/{rel}","templated":true}]}}