{"id":5991,"date":"2019-03-11T09:24:50","date_gmt":"2019-03-11T08:24:50","guid":{"rendered":"http:\/\/edel.stephanie.ct.webcd.lan\/shop\/kit-complet-mecanisme-double-disque-av-cerametallique-2-butees-et-roulement-pilote-renault-claas-o310-310-16-13-cannelures\/"},"modified":"2026-03-27T02:00:45","modified_gmt":"2026-03-27T01:00:45","slug":"kit-complet-mecanisme-double-disque-av-cerametallique-2-butees-et-roulement-pilote-renault-claas-o310-310-16-13-cannelures","status":"publish","type":"product","link":"https:\/\/edel.fr\/en\/product\/kit-complet-mecanisme-double-disque-av-cerametallique-2-butees-et-roulement-pilote-renault-claas-o310-310-16-13-cannelures\/","title":{"rendered":"Kit embrayage Renault 6834 7534 8032 8034 9034 Ceres 85"},"content":{"rendered":"<div data-elementor-type=\"wp-post\" data-elementor-id=\"5991\" class=\"elementor elementor-5991\">\n\t\t\t\t\t\t<section class=\"elementor-section elementor-top-section elementor-element elementor-element-fee1c6b elementor-section-boxed elementor-section-height-default elementor-section-height-default\" data-id=\"fee1c6b\" data-element_type=\"section\" data-e-type=\"section\">\n\t\t\t\t\t\t<div class=\"elementor-container elementor-column-gap-default\">\n\t\t\t\t\t<div class=\"elementor-column elementor-col-100 elementor-top-column elementor-element elementor-element-00bb3bd\" data-id=\"00bb3bd\" data-element_type=\"column\" data-e-type=\"column\">\n\t\t\t<div class=\"elementor-widget-wrap elementor-element-populated\">\n\t\t\t\t\t\t<div class=\"elementor-element elementor-element-7722f64 elementor-widget elementor-widget-heading\" data-id=\"7722f64\" data-element_type=\"widget\" data-e-type=\"widget\" data-widget_type=\"heading.default\">\n\t\t\t\t<div class=\"elementor-widget-container\">\n\t\t\t\t\t<h2 class=\"elementor-heading-title elementor-size-default\"><b>KIT COMPLET D'EMBRAYAGE - RENAULT SERIES 6000, 7000, 8000, 9000 ET CERES<br><\/b><br>\u00d8 310 \/ 310 mm \u2013 16 \/ 13 CANNELURES<br><br>DISQUE AVANCEMENT INTERNE CERAMETALLIQUE<\/h2>\t\t\t\t<\/div>\n\t\t\t\t<\/div>\n\t\t\t\t\t<\/div>\n\t\t<\/div>\n\t\t\t\t\t<\/div>\n\t\t<\/section>\n\t\t\t\t<section class=\"elementor-section elementor-top-section elementor-element elementor-element-d2cb9f2 elementor-section-boxed elementor-section-height-default elementor-section-height-default\" data-id=\"d2cb9f2\" data-element_type=\"section\" data-e-type=\"section\">\n\t\t\t\t\t\t<div class=\"elementor-container elementor-column-gap-default\">\n\t\t\t\t\t<div class=\"elementor-column elementor-col-100 elementor-top-column elementor-element elementor-element-57b27d3\" data-id=\"57b27d3\" data-element_type=\"column\" data-e-type=\"column\">\n\t\t\t<div class=\"elementor-widget-wrap elementor-element-populated\">\n\t\t\t\t\t\t<div class=\"elementor-element elementor-element-3e4e077 elementor-widget elementor-widget-heading\" data-id=\"3e4e077\" data-element_type=\"widget\" data-e-type=\"widget\" data-widget_type=\"heading.default\">\n\t\t\t\t<div class=\"elementor-widget-container\">\n\t\t\t\t\t<h3 class=\"elementor-heading-title elementor-size-default\">Information du produit :<\/h3>\t\t\t\t<\/div>\n\t\t\t\t<\/div>\n\t\t\t\t\t<\/div>\n\t\t<\/div>\n\t\t\t\t\t<\/div>\n\t\t<\/section>\n\t\t\t\t<section class=\"elementor-section elementor-top-section elementor-element elementor-element-51c0f41c elementor-section-boxed elementor-section-height-default elementor-section-height-default\" data-id=\"51c0f41c\" data-element_type=\"section\" data-e-type=\"section\">\n\t\t\t\t\t\t<div class=\"elementor-container elementor-column-gap-default\">\n\t\t\t\t\t<div class=\"elementor-column elementor-col-100 elementor-top-column elementor-element elementor-element-148048b8\" data-id=\"148048b8\" data-element_type=\"column\" data-e-type=\"column\">\n\t\t\t<div class=\"elementor-widget-wrap elementor-element-populated\">\n\t\t\t\t\t\t<div class=\"elementor-element elementor-element-6c75f6f1 elementor-widget elementor-widget-text-editor\" data-id=\"6c75f6f1\" data-element_type=\"widget\" data-e-type=\"widget\" data-widget_type=\"text-editor.default\">\n\t\t\t\t<div class=\"elementor-widget-container\">\n\t\t\t\t\t\t\t\t\t<div>Renault Claas <span style=\"background-color: #ffffff\">5834, 6834, 700M, 702M, 7514, 7714, 8014, 8032, 8034, 8534, 9034, Ceres85, Ceres95<\/span><span style=\"background-color: #ffffff\"><br \/><\/span><\/div><p>Comprend le m\u00e9canisme double avec disque d&rsquo;avancement c\u00e9ram\u00e9tallique, le disque de prise de force, les 2 but\u00e9es et le roulement pilote.\u00a0<\/p><p>Le kit d\u2019embrayage tracteur agricole est compos\u00e9 d\u2019un m\u00e9canisme, d\u2019un ou deux disques, d\u2019une ou deux but\u00e9es et du roulement pilote. De plus le kit complet comprend la totalit\u00e9 des pi\u00e8ces \u00e0 changer en atelier. Cependant les pi\u00e8ces de rechange qui le composent sont rigoureusement s\u00e9lectionn\u00e9es pour leur qualit\u00e9 et leur fiabilit\u00e9.\u00a0<\/p><p>Toutefois choisir de remplacer une pi\u00e8ce au d\u00e9tail peut s\u2019av\u00e9rer \u00eatre moins avantageux que de remplacer un ensemble complet. Nos kits se distinguent par la qualit\u00e9 de nos but\u00e9es d\u2019embrayages et roulements pilotes. Une but\u00e9e adaptable qui grippe conduit irr\u00e9m\u00e9diablement \u00e0 la destruction du m\u00e9canisme.<\/p><p>Car pour le montage d\u2019un kit d\u2019embrayage agricole, les pi\u00e8ces p\u00e9riph\u00e9riques doivent proc\u00e9der \u00e0 un examen minutieux. Notamment, le volant moteur et les diff\u00e9rents joints spi.<\/p><p>En effet, pour le syst\u00e8me de commande, une vigilance particuli\u00e8re est \u00e0 porter au c\u00e2ble, a la tringlerie et au circuit hydraulique. En cas de doute, ces composants doivent absolument \u00eatre remis \u00e0 niveau pour permettre le parfait fonctionnement de l\u2019embrayage.<\/p><p>Bien s\u00fbr, pour plus de renseignements, n&rsquo;h\u00e9sitez pas \u00e0 nous consulter !<\/p>\t\t\t\t\t\t\t\t<\/div>\n\t\t\t\t<\/div>\n\t\t\t\t\t<\/div>\n\t\t<\/div>\n\t\t\t\t\t<\/div>\n\t\t<\/section>\n\t\t\t\t<\/div>","protected":false},"excerpt":{"rendered":"<p>KIT COMPLET D&rsquo;EMBRAYAGE &#8211; RENAULT SERIES 6000, 7000, 8000, 9000 ET CERES \u00d8 310 \/ 310 mm \u2013 16 \/ 13 CANNELURES DISQUE AVANCEMENT INTERNE CERAMETALLIQUE Information du produit : Renault Claas 5834, 6834, 700M, 702M, 7514, 7714, 8014, 8032, 8034, 8534, 9034, Ceres85, Ceres95 Comprend le m\u00e9canisme double avec disque d&rsquo;avancement c\u00e9ram\u00e9tallique, le disque<br \/><a class=\"more-link\" href=\"https:\/\/edel.fr\/en\/product\/kit-complet-mecanisme-double-disque-av-cerametallique-2-butees-et-roulement-pilote-renault-claas-o310-310-16-13-cannelures\/\"><br \/>\n        Read More<span class=\"screen-reader-text\"> \u00ab\u00a0Kit embrayage Renault 6834 7534 8032 8034 9034 Ceres 85\u00a0\u00bb<\/span><\/a><\/p>","protected":false},"featured_media":4194,"template":"","meta":[],"product_brand":[],"product_cat":[1141,3965,119,120],"product_tag":[143,124],"tracteur":[],"class_list":{"0":"post-5991","1":"product","2":"type-product","3":"status-publish","4":"has-post-thumbnail","6":"product_cat-kits-dembrayage","7":"product_cat-renault-claas","8":"product_cat-tracteurs-agricoles","9":"product_cat-transmissions","10":"product_tag-kits-dembrayage","11":"product_tag-transmissions","12":"product_shipping_class-142","13":"pa_fabriquant-kawe","14":"pa_marque-tracteur-renault-claas","15":"pa_modele-tracteur-3728","16":"pa_modele-tracteur-4439","17":"pa_modele-tracteur-700m","18":"pa_modele-tracteur-702m","19":"pa_modele-tracteur-4440","20":"pa_modele-tracteur-3731","21":"pa_modele-tracteur-3751","22":"pa_modele-tracteur-3732","23":"pa_modele-tracteur-3733","24":"pa_modele-tracteur-3734","25":"pa_modele-tracteur-3735","26":"pa_modele-tracteur-ceres85","27":"pa_modele-tracteur-ceres95","28":"badges-style-2","30":"first","31":"instock","32":"taxable","33":"shipping-taxable","34":"purchasable","35":"product-type-simple"},"acf":[],"yoast_head":"<!-- This site is optimized with the Yoast SEO plugin v27.3 - https:\/\/yoast.com\/product\/yoast-seo-wordpress\/ -->\n<title>Kit embrayage Renault 6834 7534 8032 8034 9034 Ceres 85 - Edel<\/title>\n<meta name=\"description\" content=\"Embrayage Renault Claas - Disque AV. C\u00e9ram\u00e9tallique, 2 but\u00e9es et roulement pilote - \u00d8310\/310 - 5834 6834 700M 7514 7714 8014 8032 8034 8534 9034 Ceres85\" \/>\n<meta name=\"robots\" content=\"index, follow, max-snippet:-1, max-image-preview:large, max-video-preview:-1\" \/>\n<link rel=\"canonical\" href=\"https:\/\/edel.fr\/en\/product\/kit-complet-mecanisme-double-disque-av-cerametallique-2-butees-et-roulement-pilote-renault-claas-o310-310-16-13-cannelures\/\" \/>\n<meta property=\"og:locale\" content=\"en_US\" \/>\n<meta property=\"og:type\" content=\"article\" \/>\n<meta property=\"og:title\" content=\"Kit embrayage Renault 6834 7534 8032 8034 9034 Ceres 85 - Edel\" \/>\n<meta property=\"og:description\" content=\"Embrayage Renault Claas - Disque AV. C\u00e9ram\u00e9tallique, 2 but\u00e9es et roulement pilote - \u00d8310\/310 - 5834 6834 700M 7514 7714 8014 8032 8034 8534 9034 Ceres85\" \/>\n<meta property=\"og:url\" content=\"https:\/\/edel.fr\/en\/product\/kit-complet-mecanisme-double-disque-av-cerametallique-2-butees-et-roulement-pilote-renault-claas-o310-310-16-13-cannelures\/\" \/>\n<meta property=\"og:site_name\" content=\"Edel\" \/>\n<meta property=\"article:modified_time\" content=\"2026-03-27T01:00:45+00:00\" \/>\n<meta property=\"og:image\" content=\"https:\/\/edel.fr\/uploads\/2018\/11\/K42.jpg\" \/>\n\t<meta property=\"og:image:width\" content=\"1920\" \/>\n\t<meta property=\"og:image:height\" content=\"1920\" \/>\n\t<meta property=\"og:image:type\" content=\"image\/jpeg\" \/>\n<meta name=\"twitter:card\" content=\"summary_large_image\" \/>\n<meta name=\"twitter:label1\" content=\"Est. reading time\" \/>\n\t<meta name=\"twitter:data1\" content=\"2 minutes\" \/>\n<script type=\"application\/ld+json\" class=\"yoast-schema-graph\">{\"@context\":\"https:\\\/\\\/schema.org\",\"@graph\":[{\"@type\":\"WebPage\",\"@id\":\"https:\\\/\\\/edel.fr\\\/produit\\\/kit-complet-mecanisme-double-disque-av-cerametallique-2-butees-et-roulement-pilote-renault-claas-o310-310-16-13-cannelures\\\/\",\"url\":\"https:\\\/\\\/edel.fr\\\/produit\\\/kit-complet-mecanisme-double-disque-av-cerametallique-2-butees-et-roulement-pilote-renault-claas-o310-310-16-13-cannelures\\\/\",\"name\":\"Kit embrayage Renault 6834 7534 8032 8034 9034 Ceres 85 - Edel\",\"isPartOf\":{\"@id\":\"https:\\\/\\\/www.edel.fr\\\/en\\\/#website\"},\"primaryImageOfPage\":{\"@id\":\"https:\\\/\\\/edel.fr\\\/produit\\\/kit-complet-mecanisme-double-disque-av-cerametallique-2-butees-et-roulement-pilote-renault-claas-o310-310-16-13-cannelures\\\/#primaryimage\"},\"image\":{\"@id\":\"https:\\\/\\\/edel.fr\\\/produit\\\/kit-complet-mecanisme-double-disque-av-cerametallique-2-butees-et-roulement-pilote-renault-claas-o310-310-16-13-cannelures\\\/#primaryimage\"},\"thumbnailUrl\":\"https:\\\/\\\/edel.fr\\\/uploads\\\/2018\\\/11\\\/K42.jpg\",\"datePublished\":\"2019-03-11T08:24:50+00:00\",\"dateModified\":\"2026-03-27T01:00:45+00:00\",\"description\":\"Embrayage Renault Claas - Disque AV. C\u00e9ram\u00e9tallique, 2 but\u00e9es et roulement pilote - \u00d8310\\\/310 - 5834 6834 700M 7514 7714 8014 8032 8034 8534 9034 Ceres85\",\"breadcrumb\":{\"@id\":\"https:\\\/\\\/edel.fr\\\/produit\\\/kit-complet-mecanisme-double-disque-av-cerametallique-2-butees-et-roulement-pilote-renault-claas-o310-310-16-13-cannelures\\\/#breadcrumb\"},\"inLanguage\":\"en-US\",\"potentialAction\":[{\"@type\":\"ReadAction\",\"target\":[\"https:\\\/\\\/edel.fr\\\/produit\\\/kit-complet-mecanisme-double-disque-av-cerametallique-2-butees-et-roulement-pilote-renault-claas-o310-310-16-13-cannelures\\\/\"]}]},{\"@type\":\"ImageObject\",\"inLanguage\":\"en-US\",\"@id\":\"https:\\\/\\\/edel.fr\\\/produit\\\/kit-complet-mecanisme-double-disque-av-cerametallique-2-butees-et-roulement-pilote-renault-claas-o310-310-16-13-cannelures\\\/#primaryimage\",\"url\":\"https:\\\/\\\/edel.fr\\\/uploads\\\/2018\\\/11\\\/K42.jpg\",\"contentUrl\":\"https:\\\/\\\/edel.fr\\\/uploads\\\/2018\\\/11\\\/K42.jpg\",\"width\":1920,\"height\":1920,\"caption\":\"Embrayage Renault Claas Kit Complet\"},{\"@type\":\"BreadcrumbList\",\"@id\":\"https:\\\/\\\/edel.fr\\\/produit\\\/kit-complet-mecanisme-double-disque-av-cerametallique-2-butees-et-roulement-pilote-renault-claas-o310-310-16-13-cannelures\\\/#breadcrumb\",\"itemListElement\":[{\"@type\":\"ListItem\",\"position\":1,\"name\":\"Pi\u00e8ce Tracteur\",\"item\":\"https:\\\/\\\/www.edel.fr\\\/en\\\/\"},{\"@type\":\"ListItem\",\"position\":2,\"name\":\"Toutes nos pi\u00e8ces Tracteur\",\"item\":\"https:\\\/\\\/edel.fr\\\/shop\\\/\"},{\"@type\":\"ListItem\",\"position\":3,\"name\":\"Kit embrayage Renault 6834 7534 8032 8034 9034 Ceres 85\"}]},{\"@type\":\"WebSite\",\"@id\":\"https:\\\/\\\/www.edel.fr\\\/en\\\/#website\",\"url\":\"https:\\\/\\\/www.edel.fr\\\/en\\\/\",\"name\":\"Edel\",\"description\":\"Pi\u00e8ce d\u00e9tach\u00e9e de Tracteur Agricole\",\"publisher\":{\"@id\":\"https:\\\/\\\/www.edel.fr\\\/en\\\/#organization\"},\"potentialAction\":[{\"@type\":\"SearchAction\",\"target\":{\"@type\":\"EntryPoint\",\"urlTemplate\":\"https:\\\/\\\/www.edel.fr\\\/en\\\/?s={search_term_string}\"},\"query-input\":{\"@type\":\"PropertyValueSpecification\",\"valueRequired\":true,\"valueName\":\"search_term_string\"}}],\"inLanguage\":\"en-US\"},{\"@type\":\"Organization\",\"@id\":\"https:\\\/\\\/www.edel.fr\\\/en\\\/#organization\",\"name\":\"Edel\",\"url\":\"https:\\\/\\\/www.edel.fr\\\/en\\\/\",\"logo\":{\"@type\":\"ImageObject\",\"inLanguage\":\"en-US\",\"@id\":\"https:\\\/\\\/www.edel.fr\\\/en\\\/#\\\/schema\\\/logo\\\/image\\\/\",\"url\":\"https:\\\/\\\/www.edel.fr\\\/uploads\\\/2018\\\/11\\\/logo-edel.png\",\"contentUrl\":\"https:\\\/\\\/www.edel.fr\\\/uploads\\\/2018\\\/11\\\/logo-edel.png\",\"width\":257,\"height\":68,\"caption\":\"Edel\"},\"image\":{\"@id\":\"https:\\\/\\\/www.edel.fr\\\/en\\\/#\\\/schema\\\/logo\\\/image\\\/\"}}]}<\/script>\n<!-- \/ Yoast SEO plugin. -->","yoast_head_json":{"title":"Kit embrayage Renault 6834 7534 8032 8034 9034 Ceres 85 - Edel","description":"Embrayage Renault Claas - Disque AV. C\u00e9ram\u00e9tallique, 2 but\u00e9es et roulement pilote - \u00d8310\/310 - 5834 6834 700M 7514 7714 8014 8032 8034 8534 9034 Ceres85","robots":{"index":"index","follow":"follow","max-snippet":"max-snippet:-1","max-image-preview":"max-image-preview:large","max-video-preview":"max-video-preview:-1"},"canonical":"https:\/\/edel.fr\/en\/product\/kit-complet-mecanisme-double-disque-av-cerametallique-2-butees-et-roulement-pilote-renault-claas-o310-310-16-13-cannelures\/","og_locale":"en_US","og_type":"article","og_title":"Kit embrayage Renault 6834 7534 8032 8034 9034 Ceres 85 - Edel","og_description":"Embrayage Renault Claas - Disque AV. C\u00e9ram\u00e9tallique, 2 but\u00e9es et roulement pilote - \u00d8310\/310 - 5834 6834 700M 7514 7714 8014 8032 8034 8534 9034 Ceres85","og_url":"https:\/\/edel.fr\/en\/product\/kit-complet-mecanisme-double-disque-av-cerametallique-2-butees-et-roulement-pilote-renault-claas-o310-310-16-13-cannelures\/","og_site_name":"Edel","article_modified_time":"2026-03-27T01:00:45+00:00","og_image":[{"width":1920,"height":1920,"url":"https:\/\/edel.fr\/uploads\/2018\/11\/K42.jpg","type":"image\/jpeg"}],"twitter_card":"summary_large_image","twitter_misc":{"Est. reading time":"2 minutes"},"schema":{"@context":"https:\/\/schema.org","@graph":[{"@type":"WebPage","@id":"https:\/\/edel.fr\/produit\/kit-complet-mecanisme-double-disque-av-cerametallique-2-butees-et-roulement-pilote-renault-claas-o310-310-16-13-cannelures\/","url":"https:\/\/edel.fr\/produit\/kit-complet-mecanisme-double-disque-av-cerametallique-2-butees-et-roulement-pilote-renault-claas-o310-310-16-13-cannelures\/","name":"Kit embrayage Renault 6834 7534 8032 8034 9034 Ceres 85 - Edel","isPartOf":{"@id":"https:\/\/www.edel.fr\/en\/#website"},"primaryImageOfPage":{"@id":"https:\/\/edel.fr\/produit\/kit-complet-mecanisme-double-disque-av-cerametallique-2-butees-et-roulement-pilote-renault-claas-o310-310-16-13-cannelures\/#primaryimage"},"image":{"@id":"https:\/\/edel.fr\/produit\/kit-complet-mecanisme-double-disque-av-cerametallique-2-butees-et-roulement-pilote-renault-claas-o310-310-16-13-cannelures\/#primaryimage"},"thumbnailUrl":"https:\/\/edel.fr\/uploads\/2018\/11\/K42.jpg","datePublished":"2019-03-11T08:24:50+00:00","dateModified":"2026-03-27T01:00:45+00:00","description":"Embrayage Renault Claas - Disque AV. C\u00e9ram\u00e9tallique, 2 but\u00e9es et roulement pilote - \u00d8310\/310 - 5834 6834 700M 7514 7714 8014 8032 8034 8534 9034 Ceres85","breadcrumb":{"@id":"https:\/\/edel.fr\/produit\/kit-complet-mecanisme-double-disque-av-cerametallique-2-butees-et-roulement-pilote-renault-claas-o310-310-16-13-cannelures\/#breadcrumb"},"inLanguage":"en-US","potentialAction":[{"@type":"ReadAction","target":["https:\/\/edel.fr\/produit\/kit-complet-mecanisme-double-disque-av-cerametallique-2-butees-et-roulement-pilote-renault-claas-o310-310-16-13-cannelures\/"]}]},{"@type":"ImageObject","inLanguage":"en-US","@id":"https:\/\/edel.fr\/produit\/kit-complet-mecanisme-double-disque-av-cerametallique-2-butees-et-roulement-pilote-renault-claas-o310-310-16-13-cannelures\/#primaryimage","url":"https:\/\/edel.fr\/uploads\/2018\/11\/K42.jpg","contentUrl":"https:\/\/edel.fr\/uploads\/2018\/11\/K42.jpg","width":1920,"height":1920,"caption":"Embrayage Renault Claas Kit Complet"},{"@type":"BreadcrumbList","@id":"https:\/\/edel.fr\/produit\/kit-complet-mecanisme-double-disque-av-cerametallique-2-butees-et-roulement-pilote-renault-claas-o310-310-16-13-cannelures\/#breadcrumb","itemListElement":[{"@type":"ListItem","position":1,"name":"Pi\u00e8ce Tracteur","item":"https:\/\/www.edel.fr\/en\/"},{"@type":"ListItem","position":2,"name":"Toutes nos pi\u00e8ces Tracteur","item":"https:\/\/edel.fr\/shop\/"},{"@type":"ListItem","position":3,"name":"Kit embrayage Renault 6834 7534 8032 8034 9034 Ceres 85"}]},{"@type":"WebSite","@id":"https:\/\/www.edel.fr\/en\/#website","url":"https:\/\/www.edel.fr\/en\/","name":"Edel","description":"Pi\u00e8ce d\u00e9tach\u00e9e de Tracteur Agricole","publisher":{"@id":"https:\/\/www.edel.fr\/en\/#organization"},"potentialAction":[{"@type":"SearchAction","target":{"@type":"EntryPoint","urlTemplate":"https:\/\/www.edel.fr\/en\/?s={search_term_string}"},"query-input":{"@type":"PropertyValueSpecification","valueRequired":true,"valueName":"search_term_string"}}],"inLanguage":"en-US"},{"@type":"Organization","@id":"https:\/\/www.edel.fr\/en\/#organization","name":"Edel","url":"https:\/\/www.edel.fr\/en\/","logo":{"@type":"ImageObject","inLanguage":"en-US","@id":"https:\/\/www.edel.fr\/en\/#\/schema\/logo\/image\/","url":"https:\/\/www.edel.fr\/uploads\/2018\/11\/logo-edel.png","contentUrl":"https:\/\/www.edel.fr\/uploads\/2018\/11\/logo-edel.png","width":257,"height":68,"caption":"Edel"},"image":{"@id":"https:\/\/www.edel.fr\/en\/#\/schema\/logo\/image\/"}}]}},"_links":{"self":[{"href":"https:\/\/edel.fr\/en\/wp-json\/wp\/v2\/product\/5991","targetHints":{"allow":["GET"]}}],"collection":[{"href":"https:\/\/edel.fr\/en\/wp-json\/wp\/v2\/product"}],"about":[{"href":"https:\/\/edel.fr\/en\/wp-json\/wp\/v2\/types\/product"}],"version-history":[{"count":2,"href":"https:\/\/edel.fr\/en\/wp-json\/wp\/v2\/product\/5991\/revisions"}],"predecessor-version":[{"id":15024,"href":"https:\/\/edel.fr\/en\/wp-json\/wp\/v2\/product\/5991\/revisions\/15024"}],"wp:featuredmedia":[{"embeddable":true,"href":"https:\/\/edel.fr\/en\/wp-json\/wp\/v2\/media\/4194"}],"wp:attachment":[{"href":"https:\/\/edel.fr\/en\/wp-json\/wp\/v2\/media?parent=5991"}],"wp:term":[{"taxonomy":"product_brand","embeddable":true,"href":"https:\/\/edel.fr\/en\/wp-json\/wp\/v2\/product_brand?post=5991"},{"taxonomy":"product_cat","embeddable":true,"href":"https:\/\/edel.fr\/en\/wp-json\/wp\/v2\/product_cat?post=5991"},{"taxonomy":"product_tag","embeddable":true,"href":"https:\/\/edel.fr\/en\/wp-json\/wp\/v2\/product_tag?post=5991"},{"taxonomy":"tracteur","embeddable":true,"href":"https:\/\/edel.fr\/en\/wp-json\/wp\/v2\/tracteur?post=5991"}],"curies":[{"name":"wp","href":"https:\/\/api.w.org\/{rel}","templated":true}]}}