{"id":6002,"date":"2019-03-11T09:24:57","date_gmt":"2019-03-11T08:24:57","guid":{"rendered":"http:\/\/edel.stephanie.ct.webcd.lan\/shop\/kit-complet-mecanisme-simple-disque-av-cerametallique-et-butee-lsh-lamborghini-same-hurlimann-o350-21cannelures\/"},"modified":"2025-11-05T21:05:28","modified_gmt":"2025-11-05T20:05:28","slug":"kit-complet-mecanisme-simple-disque-av-cerametallique-et-butee-lsh-lamborghini-same-hurlimann-o350-21cannelures","status":"publish","type":"product","link":"https:\/\/edel.fr\/en\/product\/kit-complet-mecanisme-simple-disque-av-cerametallique-et-butee-lsh-lamborghini-same-hurlimann-o350-21cannelures\/","title":{"rendered":"Kit embrayage Lamborghini Same Formula Antares Silver"},"content":{"rendered":"<div data-elementor-type=\"wp-post\" data-elementor-id=\"6002\" class=\"elementor elementor-6002\">\n\t\t\t\t\t\t<section class=\"elementor-section elementor-top-section elementor-element elementor-element-bd802cd elementor-section-boxed elementor-section-height-default elementor-section-height-default\" data-id=\"bd802cd\" data-element_type=\"section\" data-e-type=\"section\">\n\t\t\t\t\t\t<div class=\"elementor-container elementor-column-gap-default\">\n\t\t\t\t\t<div class=\"elementor-column elementor-col-100 elementor-top-column elementor-element elementor-element-462011b\" data-id=\"462011b\" data-element_type=\"column\" data-e-type=\"column\">\n\t\t\t<div class=\"elementor-widget-wrap elementor-element-populated\">\n\t\t\t\t\t\t<div class=\"elementor-element elementor-element-2aee05d elementor-widget elementor-widget-heading\" data-id=\"2aee05d\" data-element_type=\"widget\" data-e-type=\"widget\" data-widget_type=\"heading.default\">\n\t\t\t\t<div class=\"elementor-widget-container\">\n\t\t\t\t\t<h2 class=\"elementor-heading-title elementor-size-default\">KIT EMBRAYAGE COMPLET SAME LAMBORGHINI - SERIES L, ANTARES, FORMULA, SILVER, 100<br><br>\u00d8 350 MM \u2013 DISQUE 21 Cannelures&nbsp;CERAMETALLIQUE<br><\/h2>\t\t\t\t<\/div>\n\t\t\t\t<\/div>\n\t\t\t\t\t<\/div>\n\t\t<\/div>\n\t\t\t\t\t<\/div>\n\t\t<\/section>\n\t\t\t\t<section class=\"elementor-section elementor-top-section elementor-element elementor-element-a61c96f elementor-section-boxed elementor-section-height-default elementor-section-height-default\" data-id=\"a61c96f\" data-element_type=\"section\" data-e-type=\"section\">\n\t\t\t\t\t\t<div class=\"elementor-container elementor-column-gap-default\">\n\t\t\t\t\t<div class=\"elementor-column elementor-col-100 elementor-top-column elementor-element elementor-element-af948cb\" data-id=\"af948cb\" data-element_type=\"column\" data-e-type=\"column\">\n\t\t\t<div class=\"elementor-widget-wrap elementor-element-populated\">\n\t\t\t\t\t\t<div class=\"elementor-element elementor-element-8dc9706 elementor-widget elementor-widget-heading\" data-id=\"8dc9706\" data-element_type=\"widget\" data-e-type=\"widget\" data-widget_type=\"heading.default\">\n\t\t\t\t<div class=\"elementor-widget-container\">\n\t\t\t\t\t<h3 class=\"elementor-heading-title elementor-size-default\">Information du produit :<\/h3>\t\t\t\t<\/div>\n\t\t\t\t<\/div>\n\t\t\t\t\t<\/div>\n\t\t<\/div>\n\t\t\t\t\t<\/div>\n\t\t<\/section>\n\t\t\t\t<section class=\"elementor-section elementor-top-section elementor-element elementor-element-2473161a elementor-section-boxed elementor-section-height-default elementor-section-height-default\" data-id=\"2473161a\" data-element_type=\"section\" data-e-type=\"section\">\n\t\t\t\t\t\t<div class=\"elementor-container elementor-column-gap-default\">\n\t\t\t\t\t<div class=\"elementor-column elementor-col-100 elementor-top-column elementor-element elementor-element-6f264a2\" data-id=\"6f264a2\" data-element_type=\"column\" data-e-type=\"column\">\n\t\t\t<div class=\"elementor-widget-wrap elementor-element-populated\">\n\t\t\t\t\t\t<div class=\"elementor-element elementor-element-40e0b079 elementor-widget elementor-widget-text-editor\" data-id=\"40e0b079\" data-element_type=\"widget\" data-e-type=\"widget\" data-widget_type=\"text-editor.default\">\n\t\t\t\t<div class=\"elementor-widget-container\">\n\t\t\t\t\t\t\t\t\t<p>Kit de la marque :<a href=\"https:\/\/edel.fr\/en\/marque\/lsh\/\" rel=\"tag\"> Lsh Lamborghini Same H\u00fcrlimann <\/a><\/p>\n<p style=\"margin: 0cm 0cm 18pt;background-image: initial;background-position: initial;background-size: initial;background-attachment: initial\"><span style=\"font-size: 11.5pt;font-family: Rubik, serif\">Comprend le m\u00e9canisme d&#8217;embrayage avec le disque d&rsquo;avancement c\u00e9ram\u00e9tallique et la but\u00e9e d&#8217;embrayage.<\/span><\/p>\n<p>Le kit est compatible avec les mod\u00e8les suivants : Antares100, Antares110, Antares115, Antares127, Formula110, Formula115, Formula135, Silver110, Silver130.<\/p>\n<p>Le kit d\u2019embrayage tracteur agricole est compos\u00e9 d\u2019un m\u00e9canisme, d\u2019un ou deux disques, d\u2019une ou deux but\u00e9es et du roulement pilote. De plus le kit complet comprend la totalit\u00e9 des pi\u00e8ces \u00e0 changer en atelier. Cependant les pi\u00e8ces de rechange qui le composent sont rigoureusement s\u00e9lectionn\u00e9es pour leur qualit\u00e9 et leur fiabilit\u00e9.&nbsp;<\/p>\n<p>Toutefois choisir de remplacer une pi\u00e8ce au d\u00e9tail peut s\u2019av\u00e9rer \u00eatre moins avantageux que de remplacer un ensemble complet. Nos kits se distinguent par la qualit\u00e9 de nos but\u00e9es d\u2019embrayages et roulements pilotes. Une but\u00e9e adaptable qui grippe conduit irr\u00e9m\u00e9diablement \u00e0 la destruction du m\u00e9canisme.<\/p>\n<p>Car pour le montage d\u2019un kit d\u2019embrayage agricole, les pi\u00e8ces p\u00e9riph\u00e9riques doivent proc\u00e9der \u00e0 un examen minutieux. Notamment, le volant moteur et les diff\u00e9rents joints spi.<\/p>\n<p>En effet, pour le syst\u00e8me de commande, une vigilance particuli\u00e8re est \u00e0 porter au c\u00e2ble, a la tringlerie et au circuit hydraulique. En cas de doute, ces composants doivent absolument \u00eatre remis \u00e0 niveau pour permettre le parfait fonctionnement de l\u2019embrayage.<\/p>\n<p>Bien s\u00fbr, pour plus de renseignements, n&rsquo;h\u00e9sitez pas \u00e0 nous consulter !<\/p>\t\t\t\t\t\t\t\t<\/div>\n\t\t\t\t<\/div>\n\t\t\t\t\t<\/div>\n\t\t<\/div>\n\t\t\t\t\t<\/div>\n\t\t<\/section>\n\t\t\t\t<\/div>","protected":false},"excerpt":{"rendered":"<p>KIT COMPLET M\u00e9canisme simple, disque AVANCEMENT C\u00e9ram\u00e9tallique et but\u00e9e \u00d8 350 MM \u2013 21 Cannelures Information du produit : Kit de la marque : Lsh Lamborghini Same H\u00fcrlimann Le kit est compatible avec les mod\u00e8les suivants : Antares100, Antares110, Antares115, Antares127, Formula110, Formula115, Formula135, Silver110, Silver130. Le kit d\u2019embrayage tracteur agricole est compos\u00e9 d\u2019un m\u00e9canisme,<br \/><a class=\"more-link\" href=\"https:\/\/edel.fr\/en\/product\/kit-complet-mecanisme-simple-disque-av-cerametallique-et-butee-lsh-lamborghini-same-hurlimann-o350-21cannelures\/\"><br \/>\n        Read More<span class=\"screen-reader-text\"> \u00ab\u00a0Kit embrayage Lamborghini Same Formula Antares Silver\u00a0\u00bb<\/span><\/a><\/p>","protected":false},"featured_media":4205,"template":"","meta":[],"product_brand":[],"product_cat":[1141,3962,119,120],"product_tag":[143,124],"tracteur":[],"class_list":{"0":"post-6002","1":"product","2":"type-product","3":"status-publish","4":"has-post-thumbnail","6":"product_cat-kits-dembrayage","7":"product_cat-lsh","8":"product_cat-tracteurs-agricoles","9":"product_cat-transmissions","10":"product_tag-kits-dembrayage","11":"product_tag-transmissions","12":"product_shipping_class-142","13":"pa_fabriquant-selection-edel","14":"pa_marque-tracteur-lsh","15":"pa_modele-tracteur-antares","16":"pa_modele-tracteur-formula","17":"pa_modele-tracteur-silver","18":"pa_type-2-antares100","19":"pa_type-2-antares110","20":"pa_type-2-antares115","21":"pa_type-2-antares127","22":"pa_type-2-formula110","23":"pa_type-2-formula115","24":"pa_type-2-formula135","25":"pa_type-2-silver110","26":"pa_type-2-silver130","27":"badges-style-2","29":"first","30":"outofstock","31":"taxable","32":"shipping-taxable","33":"purchasable","34":"product-type-simple"},"acf":[],"yoast_head":"<!-- This site is optimized with the Yoast SEO plugin v27.3 - https:\/\/yoast.com\/product\/yoast-seo-wordpress\/ -->\n<title>Kit embrayage Lamborghini Same Formula Antares Silver - Edel<\/title>\n<meta name=\"description\" content=\"Embrayage Lsh Lamborghini Same H\u00fcrlimann Kit Complet pour : Antares100 Antares110 Antares115 Antares127 Formula110 Formula115 Formula135 Silver110 Silver130\" \/>\n<meta name=\"robots\" content=\"index, follow, max-snippet:-1, max-image-preview:large, max-video-preview:-1\" \/>\n<link rel=\"canonical\" href=\"https:\/\/www.edel.fr\/en\/product\/kit-complet-mecanisme-simple-disque-av-cerametallique-et-butee-lsh-lamborghini-same-hurlimann-o350-21cannelures\/\" \/>\n<meta property=\"og:locale\" content=\"en_US\" \/>\n<meta property=\"og:type\" content=\"article\" \/>\n<meta property=\"og:title\" content=\"Kit embrayage Lamborghini Same Formula Antares Silver - Edel\" \/>\n<meta property=\"og:description\" content=\"Embrayage Lsh Lamborghini Same H\u00fcrlimann Kit Complet pour : Antares100 Antares110 Antares115 Antares127 Formula110 Formula115 Formula135 Silver110 Silver130\" \/>\n<meta property=\"og:url\" content=\"https:\/\/www.edel.fr\/en\/product\/kit-complet-mecanisme-simple-disque-av-cerametallique-et-butee-lsh-lamborghini-same-hurlimann-o350-21cannelures\/\" \/>\n<meta property=\"og:site_name\" content=\"Edel\" \/>\n<meta property=\"article:modified_time\" content=\"2025-11-05T20:05:28+00:00\" \/>\n<meta property=\"og:image\" content=\"https:\/\/www.edel.fr\/uploads\/2018\/11\/K54.jpg\" \/>\n\t<meta property=\"og:image:width\" content=\"1920\" \/>\n\t<meta property=\"og:image:height\" content=\"1920\" \/>\n\t<meta property=\"og:image:type\" content=\"image\/jpeg\" \/>\n<meta name=\"twitter:card\" content=\"summary_large_image\" \/>\n<meta name=\"twitter:label1\" content=\"Est. reading time\" \/>\n\t<meta name=\"twitter:data1\" content=\"2 minutes\" \/>\n<script type=\"application\/ld+json\" class=\"yoast-schema-graph\">{\"@context\":\"https:\\\/\\\/schema.org\",\"@graph\":[{\"@type\":\"WebPage\",\"@id\":\"https:\\\/\\\/www.edel.fr\\\/en\\\/product\\\/kit-complet-mecanisme-simple-disque-av-cerametallique-et-butee-lsh-lamborghini-same-hurlimann-o350-21cannelures\\\/\",\"url\":\"https:\\\/\\\/www.edel.fr\\\/en\\\/product\\\/kit-complet-mecanisme-simple-disque-av-cerametallique-et-butee-lsh-lamborghini-same-hurlimann-o350-21cannelures\\\/\",\"name\":\"Kit embrayage Lamborghini Same Formula Antares Silver - Edel\",\"isPartOf\":{\"@id\":\"https:\\\/\\\/www.edel.fr\\\/en\\\/#website\"},\"primaryImageOfPage\":{\"@id\":\"https:\\\/\\\/www.edel.fr\\\/en\\\/product\\\/kit-complet-mecanisme-simple-disque-av-cerametallique-et-butee-lsh-lamborghini-same-hurlimann-o350-21cannelures\\\/#primaryimage\"},\"image\":{\"@id\":\"https:\\\/\\\/www.edel.fr\\\/en\\\/product\\\/kit-complet-mecanisme-simple-disque-av-cerametallique-et-butee-lsh-lamborghini-same-hurlimann-o350-21cannelures\\\/#primaryimage\"},\"thumbnailUrl\":\"https:\\\/\\\/edel.fr\\\/uploads\\\/2018\\\/11\\\/K54.jpg\",\"datePublished\":\"2019-03-11T08:24:57+00:00\",\"dateModified\":\"2025-11-05T20:05:28+00:00\",\"description\":\"Embrayage Lsh Lamborghini Same H\u00fcrlimann Kit Complet pour : Antares100 Antares110 Antares115 Antares127 Formula110 Formula115 Formula135 Silver110 Silver130\",\"breadcrumb\":{\"@id\":\"https:\\\/\\\/www.edel.fr\\\/en\\\/product\\\/kit-complet-mecanisme-simple-disque-av-cerametallique-et-butee-lsh-lamborghini-same-hurlimann-o350-21cannelures\\\/#breadcrumb\"},\"inLanguage\":\"en-US\",\"potentialAction\":[{\"@type\":\"ReadAction\",\"target\":[\"https:\\\/\\\/www.edel.fr\\\/en\\\/product\\\/kit-complet-mecanisme-simple-disque-av-cerametallique-et-butee-lsh-lamborghini-same-hurlimann-o350-21cannelures\\\/\"]}]},{\"@type\":\"ImageObject\",\"inLanguage\":\"en-US\",\"@id\":\"https:\\\/\\\/www.edel.fr\\\/en\\\/product\\\/kit-complet-mecanisme-simple-disque-av-cerametallique-et-butee-lsh-lamborghini-same-hurlimann-o350-21cannelures\\\/#primaryimage\",\"url\":\"https:\\\/\\\/edel.fr\\\/uploads\\\/2018\\\/11\\\/K54.jpg\",\"contentUrl\":\"https:\\\/\\\/edel.fr\\\/uploads\\\/2018\\\/11\\\/K54.jpg\",\"width\":1920,\"height\":1920,\"caption\":\"Embrayage Lsh Lamborghini Same\"},{\"@type\":\"BreadcrumbList\",\"@id\":\"https:\\\/\\\/www.edel.fr\\\/en\\\/product\\\/kit-complet-mecanisme-simple-disque-av-cerametallique-et-butee-lsh-lamborghini-same-hurlimann-o350-21cannelures\\\/#breadcrumb\",\"itemListElement\":[{\"@type\":\"ListItem\",\"position\":1,\"name\":\"Pi\u00e8ce Tracteur\",\"item\":\"https:\\\/\\\/www.edel.fr\\\/en\\\/\"},{\"@type\":\"ListItem\",\"position\":2,\"name\":\"Toutes nos pi\u00e8ces Tracteur\",\"item\":\"https:\\\/\\\/edel.fr\\\/shop\\\/\"},{\"@type\":\"ListItem\",\"position\":3,\"name\":\"Kit embrayage Lamborghini Same Formula Antares Silver\"}]},{\"@type\":\"WebSite\",\"@id\":\"https:\\\/\\\/www.edel.fr\\\/en\\\/#website\",\"url\":\"https:\\\/\\\/www.edel.fr\\\/en\\\/\",\"name\":\"Edel\",\"description\":\"Pi\u00e8ce d\u00e9tach\u00e9e de Tracteur Agricole\",\"publisher\":{\"@id\":\"https:\\\/\\\/www.edel.fr\\\/en\\\/#organization\"},\"potentialAction\":[{\"@type\":\"SearchAction\",\"target\":{\"@type\":\"EntryPoint\",\"urlTemplate\":\"https:\\\/\\\/www.edel.fr\\\/en\\\/?s={search_term_string}\"},\"query-input\":{\"@type\":\"PropertyValueSpecification\",\"valueRequired\":true,\"valueName\":\"search_term_string\"}}],\"inLanguage\":\"en-US\"},{\"@type\":\"Organization\",\"@id\":\"https:\\\/\\\/www.edel.fr\\\/en\\\/#organization\",\"name\":\"Edel\",\"url\":\"https:\\\/\\\/www.edel.fr\\\/en\\\/\",\"logo\":{\"@type\":\"ImageObject\",\"inLanguage\":\"en-US\",\"@id\":\"https:\\\/\\\/www.edel.fr\\\/en\\\/#\\\/schema\\\/logo\\\/image\\\/\",\"url\":\"https:\\\/\\\/www.edel.fr\\\/uploads\\\/2018\\\/11\\\/logo-edel.png\",\"contentUrl\":\"https:\\\/\\\/www.edel.fr\\\/uploads\\\/2018\\\/11\\\/logo-edel.png\",\"width\":257,\"height\":68,\"caption\":\"Edel\"},\"image\":{\"@id\":\"https:\\\/\\\/www.edel.fr\\\/en\\\/#\\\/schema\\\/logo\\\/image\\\/\"}}]}<\/script>\n<!-- \/ Yoast SEO plugin. -->","yoast_head_json":{"title":"Kit embrayage Lamborghini Same Formula Antares Silver - Edel","description":"Embrayage Lsh Lamborghini Same H\u00fcrlimann Kit Complet pour : Antares100 Antares110 Antares115 Antares127 Formula110 Formula115 Formula135 Silver110 Silver130","robots":{"index":"index","follow":"follow","max-snippet":"max-snippet:-1","max-image-preview":"max-image-preview:large","max-video-preview":"max-video-preview:-1"},"canonical":"https:\/\/www.edel.fr\/en\/product\/kit-complet-mecanisme-simple-disque-av-cerametallique-et-butee-lsh-lamborghini-same-hurlimann-o350-21cannelures\/","og_locale":"en_US","og_type":"article","og_title":"Kit embrayage Lamborghini Same Formula Antares Silver - Edel","og_description":"Embrayage Lsh Lamborghini Same H\u00fcrlimann Kit Complet pour : Antares100 Antares110 Antares115 Antares127 Formula110 Formula115 Formula135 Silver110 Silver130","og_url":"https:\/\/www.edel.fr\/en\/product\/kit-complet-mecanisme-simple-disque-av-cerametallique-et-butee-lsh-lamborghini-same-hurlimann-o350-21cannelures\/","og_site_name":"Edel","article_modified_time":"2025-11-05T20:05:28+00:00","og_image":[{"width":1920,"height":1920,"url":"https:\/\/www.edel.fr\/uploads\/2018\/11\/K54.jpg","type":"image\/jpeg"}],"twitter_card":"summary_large_image","twitter_misc":{"Est. reading time":"2 minutes"},"schema":{"@context":"https:\/\/schema.org","@graph":[{"@type":"WebPage","@id":"https:\/\/www.edel.fr\/en\/product\/kit-complet-mecanisme-simple-disque-av-cerametallique-et-butee-lsh-lamborghini-same-hurlimann-o350-21cannelures\/","url":"https:\/\/www.edel.fr\/en\/product\/kit-complet-mecanisme-simple-disque-av-cerametallique-et-butee-lsh-lamborghini-same-hurlimann-o350-21cannelures\/","name":"Kit embrayage Lamborghini Same Formula Antares Silver - Edel","isPartOf":{"@id":"https:\/\/www.edel.fr\/en\/#website"},"primaryImageOfPage":{"@id":"https:\/\/www.edel.fr\/en\/product\/kit-complet-mecanisme-simple-disque-av-cerametallique-et-butee-lsh-lamborghini-same-hurlimann-o350-21cannelures\/#primaryimage"},"image":{"@id":"https:\/\/www.edel.fr\/en\/product\/kit-complet-mecanisme-simple-disque-av-cerametallique-et-butee-lsh-lamborghini-same-hurlimann-o350-21cannelures\/#primaryimage"},"thumbnailUrl":"https:\/\/edel.fr\/uploads\/2018\/11\/K54.jpg","datePublished":"2019-03-11T08:24:57+00:00","dateModified":"2025-11-05T20:05:28+00:00","description":"Embrayage Lsh Lamborghini Same H\u00fcrlimann Kit Complet pour : Antares100 Antares110 Antares115 Antares127 Formula110 Formula115 Formula135 Silver110 Silver130","breadcrumb":{"@id":"https:\/\/www.edel.fr\/en\/product\/kit-complet-mecanisme-simple-disque-av-cerametallique-et-butee-lsh-lamborghini-same-hurlimann-o350-21cannelures\/#breadcrumb"},"inLanguage":"en-US","potentialAction":[{"@type":"ReadAction","target":["https:\/\/www.edel.fr\/en\/product\/kit-complet-mecanisme-simple-disque-av-cerametallique-et-butee-lsh-lamborghini-same-hurlimann-o350-21cannelures\/"]}]},{"@type":"ImageObject","inLanguage":"en-US","@id":"https:\/\/www.edel.fr\/en\/product\/kit-complet-mecanisme-simple-disque-av-cerametallique-et-butee-lsh-lamborghini-same-hurlimann-o350-21cannelures\/#primaryimage","url":"https:\/\/edel.fr\/uploads\/2018\/11\/K54.jpg","contentUrl":"https:\/\/edel.fr\/uploads\/2018\/11\/K54.jpg","width":1920,"height":1920,"caption":"Embrayage Lsh Lamborghini Same"},{"@type":"BreadcrumbList","@id":"https:\/\/www.edel.fr\/en\/product\/kit-complet-mecanisme-simple-disque-av-cerametallique-et-butee-lsh-lamborghini-same-hurlimann-o350-21cannelures\/#breadcrumb","itemListElement":[{"@type":"ListItem","position":1,"name":"Pi\u00e8ce Tracteur","item":"https:\/\/www.edel.fr\/en\/"},{"@type":"ListItem","position":2,"name":"Toutes nos pi\u00e8ces Tracteur","item":"https:\/\/edel.fr\/shop\/"},{"@type":"ListItem","position":3,"name":"Kit embrayage Lamborghini Same Formula Antares Silver"}]},{"@type":"WebSite","@id":"https:\/\/www.edel.fr\/en\/#website","url":"https:\/\/www.edel.fr\/en\/","name":"Edel","description":"Pi\u00e8ce d\u00e9tach\u00e9e de Tracteur Agricole","publisher":{"@id":"https:\/\/www.edel.fr\/en\/#organization"},"potentialAction":[{"@type":"SearchAction","target":{"@type":"EntryPoint","urlTemplate":"https:\/\/www.edel.fr\/en\/?s={search_term_string}"},"query-input":{"@type":"PropertyValueSpecification","valueRequired":true,"valueName":"search_term_string"}}],"inLanguage":"en-US"},{"@type":"Organization","@id":"https:\/\/www.edel.fr\/en\/#organization","name":"Edel","url":"https:\/\/www.edel.fr\/en\/","logo":{"@type":"ImageObject","inLanguage":"en-US","@id":"https:\/\/www.edel.fr\/en\/#\/schema\/logo\/image\/","url":"https:\/\/www.edel.fr\/uploads\/2018\/11\/logo-edel.png","contentUrl":"https:\/\/www.edel.fr\/uploads\/2018\/11\/logo-edel.png","width":257,"height":68,"caption":"Edel"},"image":{"@id":"https:\/\/www.edel.fr\/en\/#\/schema\/logo\/image\/"}}]}},"_links":{"self":[{"href":"https:\/\/edel.fr\/en\/wp-json\/wp\/v2\/product\/6002","targetHints":{"allow":["GET"]}}],"collection":[{"href":"https:\/\/edel.fr\/en\/wp-json\/wp\/v2\/product"}],"about":[{"href":"https:\/\/edel.fr\/en\/wp-json\/wp\/v2\/types\/product"}],"version-history":[{"count":2,"href":"https:\/\/edel.fr\/en\/wp-json\/wp\/v2\/product\/6002\/revisions"}],"predecessor-version":[{"id":15041,"href":"https:\/\/edel.fr\/en\/wp-json\/wp\/v2\/product\/6002\/revisions\/15041"}],"wp:featuredmedia":[{"embeddable":true,"href":"https:\/\/edel.fr\/en\/wp-json\/wp\/v2\/media\/4205"}],"wp:attachment":[{"href":"https:\/\/edel.fr\/en\/wp-json\/wp\/v2\/media?parent=6002"}],"wp:term":[{"taxonomy":"product_brand","embeddable":true,"href":"https:\/\/edel.fr\/en\/wp-json\/wp\/v2\/product_brand?post=6002"},{"taxonomy":"product_cat","embeddable":true,"href":"https:\/\/edel.fr\/en\/wp-json\/wp\/v2\/product_cat?post=6002"},{"taxonomy":"product_tag","embeddable":true,"href":"https:\/\/edel.fr\/en\/wp-json\/wp\/v2\/product_tag?post=6002"},{"taxonomy":"tracteur","embeddable":true,"href":"https:\/\/edel.fr\/en\/wp-json\/wp\/v2\/tracteur?post=6002"}],"curies":[{"name":"wp","href":"https:\/\/api.w.org\/{rel}","templated":true}]}}