{"id":6534,"date":"2019-10-30T15:30:30","date_gmt":"2019-10-30T14:30:30","guid":{"rendered":"https:\/\/www.edel.fr\/?post_type=product&#038;p=6534"},"modified":"2026-03-21T02:00:13","modified_gmt":"2026-03-21T01:00:13","slug":"mecanisme-someca-3-leviers-280-250-18-et-12-cannelures","status":"publish","type":"product","link":"https:\/\/edel.fr\/en\/product\/mecanisme-someca-3-leviers-280-250-18-et-12-cannelures\/","title":{"rendered":"M\u00e9canisme double Someca &#8211; Fiat New holland- 3 Leviers &#8211; \u00d8280\/250 18 et 12 cannelures"},"content":{"rendered":"<div data-elementor-type=\"wp-post\" data-elementor-id=\"6534\" class=\"elementor elementor-6534\">\n\t\t\t\t\t\t<section class=\"elementor-section elementor-top-section elementor-element elementor-element-290ca7d1 elementor-section-boxed elementor-section-height-default elementor-section-height-default\" data-id=\"290ca7d1\" data-element_type=\"section\" data-e-type=\"section\">\n\t\t\t\t\t\t<div class=\"elementor-container elementor-column-gap-default\">\n\t\t\t\t\t<div class=\"elementor-column elementor-col-100 elementor-top-column elementor-element elementor-element-773f35b7\" data-id=\"773f35b7\" data-element_type=\"column\" data-e-type=\"column\">\n\t\t\t<div class=\"elementor-widget-wrap elementor-element-populated\">\n\t\t\t\t\t\t<div class=\"elementor-element elementor-element-7774c225 elementor-widget elementor-widget-text-editor\" data-id=\"7774c225\" data-element_type=\"widget\" data-e-type=\"widget\" data-widget_type=\"text-editor.default\">\n\t\t\t\t<div class=\"elementor-widget-container\">\n\t\t\t\t\t\t\t\t\t<h4>M\u00c9CANISME DOUBLE \u2013 SOMECA &#8211; Fiat New Holland &#8211; 3 LEVIERS \u2013 \u2300280\/250 18 ET 12 CANNELURES<\/h4><div><span style=\"background-color: #ffffff\">Someca 40, 55, 511, 612, 615, 640, 650, 670, 715, 750<\/span><\/div><p>M\u00e9canisme bi-disques (avec deux disques int\u00e9gr\u00e9s dans le m\u00e9canisme)<\/p><div>\u00a0N&rsquo;oubliez pas la but\u00e9e\u00a0<a href=\"https:\/\/edel.fr\/en\/?post_type=product&amp;p=6682&amp;preview=true\" target=\"_blank\" rel=\"noopener\">20304780\u00a0<\/a>!<\/div><div>\u00a0<\/div>\t\t\t\t\t\t\t\t<\/div>\n\t\t\t\t<\/div>\n\t\t\t\t\t<\/div>\n\t\t<\/div>\n\t\t\t\t\t<\/div>\n\t\t<\/section>\n\t\t\t\t<\/div>","protected":false},"excerpt":{"rendered":"<h5><strong>EMBRAYAGE DOUBLE \u00d8 250 \/ 280<\/strong><\/h5>\n<h5><strong>18 \/ 12 CANNELURES\u00a0<\/strong><\/h5>","protected":false},"featured_media":6676,"template":"","meta":[],"product_brand":[],"product_cat":[125,119,120],"product_tag":[2497],"tracteur":[],"class_list":{"0":"post-6534","1":"product","2":"type-product","3":"status-publish","4":"has-post-thumbnail","6":"product_cat-mecanismes-embrayage","7":"product_cat-tracteurs-agricoles","8":"product_cat-transmissions","9":"product_tag-mecanisme-dembrayage","10":"product_shipping_class-142","11":"pa_fabriquant-kawe","12":"pa_marque-tracteur-fiat-new-holland","13":"pa_marque-tracteur-someca","14":"pa_modele-tracteur-someca","15":"pa_type-2-1792","16":"pa_type-2-1416","17":"pa_type-2-1427","18":"pa_type-2-1147","19":"pa_type-2-1586","20":"pa_type-2-1875","21":"pa_type-2-1876","22":"pa_type-2-1149","23":"pa_type-2-someca-40","24":"pa_type-2-someca-55","25":"badges-style-2","27":"first","28":"instock","29":"taxable","30":"shipping-taxable","31":"purchasable","32":"product-type-simple"},"acf":[],"yoast_head":"<!-- This site is optimized with the Yoast SEO plugin v27.3 - https:\/\/yoast.com\/product\/yoast-seo-wordpress\/ -->\n<title>M\u00e9canisme double Someca - Fiat New holland- 3 Leviers - \u00d8280\/250 18 et 12 cannelures - Edel<\/title>\n<meta name=\"description\" content=\"M\u00e9canisme double Someca - 3 Leviers - \u00d8280\/250 18 et 12 cannelures - Tracteur agricole\" \/>\n<meta name=\"robots\" content=\"index, follow, max-snippet:-1, max-image-preview:large, max-video-preview:-1\" \/>\n<link rel=\"canonical\" href=\"https:\/\/edel.fr\/en\/product\/mecanisme-someca-3-leviers-280-250-18-et-12-cannelures\/\" \/>\n<meta property=\"og:locale\" content=\"en_US\" \/>\n<meta property=\"og:type\" content=\"article\" \/>\n<meta property=\"og:title\" content=\"M\u00e9canisme double Someca - Fiat New holland- 3 Leviers - \u00d8280\/250 18 et 12 cannelures - Edel\" \/>\n<meta property=\"og:description\" content=\"M\u00e9canisme double Someca - 3 Leviers - \u00d8280\/250 18 et 12 cannelures - Tracteur agricole\" \/>\n<meta property=\"og:url\" content=\"https:\/\/edel.fr\/en\/product\/mecanisme-someca-3-leviers-280-250-18-et-12-cannelures\/\" \/>\n<meta property=\"og:site_name\" content=\"Edel\" \/>\n<meta property=\"article:modified_time\" content=\"2026-03-21T01:00:13+00:00\" \/>\n<meta property=\"og:image\" content=\"https:\/\/edel.fr\/uploads\/2019\/10\/M03-e1574263108894.png\" \/>\n\t<meta property=\"og:image:width\" content=\"700\" \/>\n\t<meta property=\"og:image:height\" content=\"700\" \/>\n\t<meta property=\"og:image:type\" content=\"image\/png\" \/>\n<meta name=\"twitter:card\" content=\"summary_large_image\" \/>\n<meta name=\"twitter:label1\" content=\"Est. reading time\" \/>\n\t<meta name=\"twitter:data1\" content=\"1 minute\" \/>\n<script type=\"application\/ld+json\" class=\"yoast-schema-graph\">{\"@context\":\"https:\\\/\\\/schema.org\",\"@graph\":[{\"@type\":\"WebPage\",\"@id\":\"https:\\\/\\\/edel.fr\\\/produit\\\/mecanisme-someca-3-leviers-280-250-18-et-12-cannelures\\\/\",\"url\":\"https:\\\/\\\/edel.fr\\\/produit\\\/mecanisme-someca-3-leviers-280-250-18-et-12-cannelures\\\/\",\"name\":\"M\u00e9canisme double Someca - Fiat New holland- 3 Leviers - \u00d8280\\\/250 18 et 12 cannelures - Edel\",\"isPartOf\":{\"@id\":\"http:\\\/\\\/www.edel.fr\\\/en\\\/#website\"},\"primaryImageOfPage\":{\"@id\":\"https:\\\/\\\/edel.fr\\\/produit\\\/mecanisme-someca-3-leviers-280-250-18-et-12-cannelures\\\/#primaryimage\"},\"image\":{\"@id\":\"https:\\\/\\\/edel.fr\\\/produit\\\/mecanisme-someca-3-leviers-280-250-18-et-12-cannelures\\\/#primaryimage\"},\"thumbnailUrl\":\"https:\\\/\\\/edel.fr\\\/uploads\\\/2019\\\/10\\\/M03-e1574263108894.png\",\"datePublished\":\"2019-10-30T14:30:30+00:00\",\"dateModified\":\"2026-03-21T01:00:13+00:00\",\"description\":\"M\u00e9canisme double Someca - 3 Leviers - \u00d8280\\\/250 18 et 12 cannelures - Tracteur agricole\",\"breadcrumb\":{\"@id\":\"https:\\\/\\\/edel.fr\\\/produit\\\/mecanisme-someca-3-leviers-280-250-18-et-12-cannelures\\\/#breadcrumb\"},\"inLanguage\":\"en-US\",\"potentialAction\":[{\"@type\":\"ReadAction\",\"target\":[\"https:\\\/\\\/edel.fr\\\/produit\\\/mecanisme-someca-3-leviers-280-250-18-et-12-cannelures\\\/\"]}]},{\"@type\":\"ImageObject\",\"inLanguage\":\"en-US\",\"@id\":\"https:\\\/\\\/edel.fr\\\/produit\\\/mecanisme-someca-3-leviers-280-250-18-et-12-cannelures\\\/#primaryimage\",\"url\":\"https:\\\/\\\/edel.fr\\\/uploads\\\/2019\\\/10\\\/M03-e1574263108894.png\",\"contentUrl\":\"https:\\\/\\\/edel.fr\\\/uploads\\\/2019\\\/10\\\/M03-e1574263108894.png\",\"width\":700,\"height\":700,\"caption\":\"M\u00e9canisme double - Someca - 3 Leviers - \u00d8280\\\/250 18 et 12 cannelures\"},{\"@type\":\"BreadcrumbList\",\"@id\":\"https:\\\/\\\/edel.fr\\\/produit\\\/mecanisme-someca-3-leviers-280-250-18-et-12-cannelures\\\/#breadcrumb\",\"itemListElement\":[{\"@type\":\"ListItem\",\"position\":1,\"name\":\"Pi\u00e8ce Tracteur\",\"item\":\"http:\\\/\\\/www.edel.fr\\\/en\\\/\"},{\"@type\":\"ListItem\",\"position\":2,\"name\":\"Toutes nos pi\u00e8ces Tracteur\",\"item\":\"https:\\\/\\\/edel.fr\\\/shop\\\/\"},{\"@type\":\"ListItem\",\"position\":3,\"name\":\"M\u00e9canisme double Someca &#8211; Fiat New holland- 3 Leviers &#8211; \u00d8280\\\/250 18 et 12 cannelures\"}]},{\"@type\":\"WebSite\",\"@id\":\"http:\\\/\\\/www.edel.fr\\\/en\\\/#website\",\"url\":\"http:\\\/\\\/www.edel.fr\\\/en\\\/\",\"name\":\"Edel\",\"description\":\"Pi\u00e8ce d\u00e9tach\u00e9e de Tracteur Agricole\",\"publisher\":{\"@id\":\"http:\\\/\\\/www.edel.fr\\\/en\\\/#organization\"},\"potentialAction\":[{\"@type\":\"SearchAction\",\"target\":{\"@type\":\"EntryPoint\",\"urlTemplate\":\"http:\\\/\\\/www.edel.fr\\\/en\\\/?s={search_term_string}\"},\"query-input\":{\"@type\":\"PropertyValueSpecification\",\"valueRequired\":true,\"valueName\":\"search_term_string\"}}],\"inLanguage\":\"en-US\"},{\"@type\":\"Organization\",\"@id\":\"http:\\\/\\\/www.edel.fr\\\/en\\\/#organization\",\"name\":\"Edel\",\"url\":\"http:\\\/\\\/www.edel.fr\\\/en\\\/\",\"logo\":{\"@type\":\"ImageObject\",\"inLanguage\":\"en-US\",\"@id\":\"http:\\\/\\\/www.edel.fr\\\/en\\\/#\\\/schema\\\/logo\\\/image\\\/\",\"url\":\"https:\\\/\\\/www.edel.fr\\\/uploads\\\/2018\\\/11\\\/logo-edel.png\",\"contentUrl\":\"https:\\\/\\\/www.edel.fr\\\/uploads\\\/2018\\\/11\\\/logo-edel.png\",\"width\":257,\"height\":68,\"caption\":\"Edel\"},\"image\":{\"@id\":\"http:\\\/\\\/www.edel.fr\\\/en\\\/#\\\/schema\\\/logo\\\/image\\\/\"}}]}<\/script>\n<!-- \/ Yoast SEO plugin. -->","yoast_head_json":{"title":"M\u00e9canisme double Someca - Fiat New holland- 3 Leviers - \u00d8280\/250 18 et 12 cannelures - Edel","description":"M\u00e9canisme double Someca - 3 Leviers - \u00d8280\/250 18 et 12 cannelures - Tracteur agricole","robots":{"index":"index","follow":"follow","max-snippet":"max-snippet:-1","max-image-preview":"max-image-preview:large","max-video-preview":"max-video-preview:-1"},"canonical":"https:\/\/edel.fr\/en\/product\/mecanisme-someca-3-leviers-280-250-18-et-12-cannelures\/","og_locale":"en_US","og_type":"article","og_title":"M\u00e9canisme double Someca - Fiat New holland- 3 Leviers - \u00d8280\/250 18 et 12 cannelures - Edel","og_description":"M\u00e9canisme double Someca - 3 Leviers - \u00d8280\/250 18 et 12 cannelures - Tracteur agricole","og_url":"https:\/\/edel.fr\/en\/product\/mecanisme-someca-3-leviers-280-250-18-et-12-cannelures\/","og_site_name":"Edel","article_modified_time":"2026-03-21T01:00:13+00:00","og_image":[{"width":700,"height":700,"url":"https:\/\/edel.fr\/uploads\/2019\/10\/M03-e1574263108894.png","type":"image\/png"}],"twitter_card":"summary_large_image","twitter_misc":{"Est. reading time":"1 minute"},"schema":{"@context":"https:\/\/schema.org","@graph":[{"@type":"WebPage","@id":"https:\/\/edel.fr\/produit\/mecanisme-someca-3-leviers-280-250-18-et-12-cannelures\/","url":"https:\/\/edel.fr\/produit\/mecanisme-someca-3-leviers-280-250-18-et-12-cannelures\/","name":"M\u00e9canisme double Someca - Fiat New holland- 3 Leviers - \u00d8280\/250 18 et 12 cannelures - Edel","isPartOf":{"@id":"http:\/\/www.edel.fr\/en\/#website"},"primaryImageOfPage":{"@id":"https:\/\/edel.fr\/produit\/mecanisme-someca-3-leviers-280-250-18-et-12-cannelures\/#primaryimage"},"image":{"@id":"https:\/\/edel.fr\/produit\/mecanisme-someca-3-leviers-280-250-18-et-12-cannelures\/#primaryimage"},"thumbnailUrl":"https:\/\/edel.fr\/uploads\/2019\/10\/M03-e1574263108894.png","datePublished":"2019-10-30T14:30:30+00:00","dateModified":"2026-03-21T01:00:13+00:00","description":"M\u00e9canisme double Someca - 3 Leviers - \u00d8280\/250 18 et 12 cannelures - Tracteur agricole","breadcrumb":{"@id":"https:\/\/edel.fr\/produit\/mecanisme-someca-3-leviers-280-250-18-et-12-cannelures\/#breadcrumb"},"inLanguage":"en-US","potentialAction":[{"@type":"ReadAction","target":["https:\/\/edel.fr\/produit\/mecanisme-someca-3-leviers-280-250-18-et-12-cannelures\/"]}]},{"@type":"ImageObject","inLanguage":"en-US","@id":"https:\/\/edel.fr\/produit\/mecanisme-someca-3-leviers-280-250-18-et-12-cannelures\/#primaryimage","url":"https:\/\/edel.fr\/uploads\/2019\/10\/M03-e1574263108894.png","contentUrl":"https:\/\/edel.fr\/uploads\/2019\/10\/M03-e1574263108894.png","width":700,"height":700,"caption":"M\u00e9canisme double - Someca - 3 Leviers - \u00d8280\/250 18 et 12 cannelures"},{"@type":"BreadcrumbList","@id":"https:\/\/edel.fr\/produit\/mecanisme-someca-3-leviers-280-250-18-et-12-cannelures\/#breadcrumb","itemListElement":[{"@type":"ListItem","position":1,"name":"Pi\u00e8ce Tracteur","item":"http:\/\/www.edel.fr\/en\/"},{"@type":"ListItem","position":2,"name":"Toutes nos pi\u00e8ces Tracteur","item":"https:\/\/edel.fr\/shop\/"},{"@type":"ListItem","position":3,"name":"M\u00e9canisme double Someca &#8211; Fiat New holland- 3 Leviers &#8211; \u00d8280\/250 18 et 12 cannelures"}]},{"@type":"WebSite","@id":"http:\/\/www.edel.fr\/en\/#website","url":"http:\/\/www.edel.fr\/en\/","name":"Edel","description":"Pi\u00e8ce d\u00e9tach\u00e9e de Tracteur Agricole","publisher":{"@id":"http:\/\/www.edel.fr\/en\/#organization"},"potentialAction":[{"@type":"SearchAction","target":{"@type":"EntryPoint","urlTemplate":"http:\/\/www.edel.fr\/en\/?s={search_term_string}"},"query-input":{"@type":"PropertyValueSpecification","valueRequired":true,"valueName":"search_term_string"}}],"inLanguage":"en-US"},{"@type":"Organization","@id":"http:\/\/www.edel.fr\/en\/#organization","name":"Edel","url":"http:\/\/www.edel.fr\/en\/","logo":{"@type":"ImageObject","inLanguage":"en-US","@id":"http:\/\/www.edel.fr\/en\/#\/schema\/logo\/image\/","url":"https:\/\/www.edel.fr\/uploads\/2018\/11\/logo-edel.png","contentUrl":"https:\/\/www.edel.fr\/uploads\/2018\/11\/logo-edel.png","width":257,"height":68,"caption":"Edel"},"image":{"@id":"http:\/\/www.edel.fr\/en\/#\/schema\/logo\/image\/"}}]}},"_links":{"self":[{"href":"https:\/\/edel.fr\/en\/wp-json\/wp\/v2\/product\/6534","targetHints":{"allow":["GET"]}}],"collection":[{"href":"https:\/\/edel.fr\/en\/wp-json\/wp\/v2\/product"}],"about":[{"href":"https:\/\/edel.fr\/en\/wp-json\/wp\/v2\/types\/product"}],"version-history":[{"count":3,"href":"https:\/\/edel.fr\/en\/wp-json\/wp\/v2\/product\/6534\/revisions"}],"predecessor-version":[{"id":16882,"href":"https:\/\/edel.fr\/en\/wp-json\/wp\/v2\/product\/6534\/revisions\/16882"}],"wp:featuredmedia":[{"embeddable":true,"href":"https:\/\/edel.fr\/en\/wp-json\/wp\/v2\/media\/6676"}],"wp:attachment":[{"href":"https:\/\/edel.fr\/en\/wp-json\/wp\/v2\/media?parent=6534"}],"wp:term":[{"taxonomy":"product_brand","embeddable":true,"href":"https:\/\/edel.fr\/en\/wp-json\/wp\/v2\/product_brand?post=6534"},{"taxonomy":"product_cat","embeddable":true,"href":"https:\/\/edel.fr\/en\/wp-json\/wp\/v2\/product_cat?post=6534"},{"taxonomy":"product_tag","embeddable":true,"href":"https:\/\/edel.fr\/en\/wp-json\/wp\/v2\/product_tag?post=6534"},{"taxonomy":"tracteur","embeddable":true,"href":"https:\/\/edel.fr\/en\/wp-json\/wp\/v2\/tracteur?post=6534"}],"curies":[{"name":"wp","href":"https:\/\/api.w.org\/{rel}","templated":true}]}}