{"id":6682,"date":"2019-11-20T16:37:51","date_gmt":"2019-11-20T15:37:51","guid":{"rendered":"https:\/\/www.edel.fr\/?post_type=product&#038;p=6682"},"modified":"2026-04-02T03:01:03","modified_gmt":"2026-04-02T01:01:03","slug":"butee-dembrayage-fiat-new-holland-someca-65-x-102-x-25","status":"publish","type":"product","link":"https:\/\/edel.fr\/en\/product\/butee-dembrayage-fiat-new-holland-someca-65-x-102-x-25\/","title":{"rendered":"But\u00e9e d&#8217;embrayage Fiat New Holland, Someca, Renault &#8211; 65x102x25"},"content":{"rendered":"<div data-elementor-type=\"wp-post\" data-elementor-id=\"6682\" class=\"elementor elementor-6682\">\n\t\t\t\t\t\t<section class=\"elementor-section elementor-top-section elementor-element elementor-element-290ca7d1 elementor-section-boxed elementor-section-height-default elementor-section-height-default\" data-id=\"290ca7d1\" data-element_type=\"section\" data-e-type=\"section\">\n\t\t\t\t\t\t<div class=\"elementor-container elementor-column-gap-default\">\n\t\t\t\t\t<div class=\"elementor-column elementor-col-100 elementor-top-column elementor-element elementor-element-773f35b7\" data-id=\"773f35b7\" data-element_type=\"column\" data-e-type=\"column\">\n\t\t\t<div class=\"elementor-widget-wrap elementor-element-populated\">\n\t\t\t\t\t\t<div class=\"elementor-element elementor-element-7774c225 elementor-widget elementor-widget-text-editor\" data-id=\"7774c225\" data-element_type=\"widget\" data-e-type=\"widget\" data-widget_type=\"text-editor.default\">\n\t\t\t\t<div class=\"elementor-widget-container\">\n\t\t\t\t\t\t\t\t\t<h4>BUT\u00c9E D\u2019EMBRAYAGE FIAT \u2013 NEW HOLLAND \u2013 SOMECA\u00a0<\/h4><div>\u00a0<\/div><div><span style=\"color: #222222;font-family: arial, sans-serif;font-size: 16px\">\u00d8 int\u00e9rieur 65<\/span><br \/><span style=\"color: #222222;font-family: arial, sans-serif;font-size: 16px\">\u00d8 ext\u00e9rieur 102<\/span><br \/><span style=\"color: #222222;font-family: arial, sans-serif;font-size: 16px\">\u00c9paisseur 25<\/span><\/div><p>\u00a0<\/p>\t\t\t\t\t\t\t\t<\/div>\n\t\t\t\t<\/div>\n\t\t\t\t\t<\/div>\n\t\t<\/div>\n\t\t\t\t\t<\/div>\n\t\t<\/section>\n\t\t\t\t<\/div>","protected":false},"excerpt":{"rendered":"<p>BUT\u00c9E D\u2019EMBRAYAGE FIAT \u2013 NEW HOLLAND \u2013 SOMECA \u00d8 int\u00e9rieur 65 \u00d8 ext\u00e9rieur 102 \u00c9paisseur 25<\/p>","protected":false},"featured_media":10659,"template":"","meta":[],"product_brand":[],"product_cat":[4073,4082,127,119,120],"product_tag":[2496],"tracteur":[],"class_list":{"0":"post-6682","1":"product","2":"type-product","3":"status-publish","4":"has-post-thumbnail","6":"product_cat-butee-dembrayage-fiat-new-holland","7":"product_cat-butee-dembrayage-renault-claas","8":"product_cat-butees-embrayage","9":"product_cat-tracteurs-agricoles","10":"product_cat-transmissions","11":"product_tag-butee-dembrayage","12":"product_shipping_class-142","13":"pa_diametre-exterieur-4503","14":"pa_diametre-interieur-4502","15":"pa_epaisseur-4504","16":"pa_fabriquant-selection-edel","17":"pa_marque-tracteur-fiat-new-holland","18":"pa_marque-tracteur-renault-claas","19":"pa_modele-tracteur-renault-anciens","20":"pa_modele-tracteur-someca","21":"pa_type-2-1792","22":"pa_type-2-1416","23":"pa_type-2-1427","24":"pa_type-2-1147","25":"pa_type-2-1586","26":"pa_type-2-1875","27":"pa_type-2-1876","28":"pa_type-2-1149","29":"pa_type-2-r301","30":"pa_type-2-r351","31":"pa_type-2-r361","32":"pa_type-2-r421","33":"pa_type-2-r461","34":"pa_type-2-r50","35":"pa_type-2-r51","36":"pa_type-2-r53","37":"pa_type-2-r55","38":"pa_type-2-r56","39":"pa_type-2-r57","40":"pa_type-2-r58","41":"pa_type-2-r60","42":"pa_type-2-r70","43":"pa_type-2-someca-40","44":"pa_type-2-someca-55","45":"pa_type-butee-roulement","46":"badges-style-2","48":"first","49":"instock","50":"taxable","51":"shipping-taxable","52":"purchasable","53":"product-type-simple"},"acf":[],"yoast_head":"<!-- This site is optimized with the Yoast SEO plugin v27.3 - https:\/\/yoast.com\/product\/yoast-seo-wordpress\/ -->\n<title>But\u00e9e d&#039;embrayage Fiat New Holland, Someca, Renault - 65x102x25 - Edel<\/title>\n<meta name=\"robots\" content=\"index, follow, max-snippet:-1, max-image-preview:large, max-video-preview:-1\" \/>\n<link rel=\"canonical\" href=\"http:\/\/www.edel.fr\/produit\/butee-dembrayage-fiat-new-holland-someca-65-x-102-x-25\/\" \/>\n<meta property=\"og:locale\" content=\"en_US\" \/>\n<meta property=\"og:type\" content=\"article\" \/>\n<meta property=\"og:title\" content=\"But\u00e9e d&#039;embrayage Fiat New Holland, Someca, Renault - 65x102x25 - Edel\" \/>\n<meta property=\"og:description\" content=\"BUT\u00c9E D\u2019EMBRAYAGE FIAT \u2013 NEW HOLLAND \u2013 SOMECA \u00d8 int\u00e9rieur 65 \u00d8 ext\u00e9rieur 102 \u00c9paisseur 25\" \/>\n<meta property=\"og:url\" content=\"http:\/\/www.edel.fr\/produit\/butee-dembrayage-fiat-new-holland-someca-65-x-102-x-25\/\" \/>\n<meta property=\"og:site_name\" content=\"Edel\" \/>\n<meta property=\"article:modified_time\" content=\"2026-04-02T01:01:03+00:00\" \/>\n<meta property=\"og:image\" content=\"http:\/\/www.edel.fr\/uploads\/2019\/11\/20304780.jpg\" \/>\n\t<meta property=\"og:image:width\" content=\"1512\" \/>\n\t<meta property=\"og:image:height\" content=\"1488\" \/>\n\t<meta property=\"og:image:type\" content=\"image\/jpeg\" \/>\n<meta name=\"twitter:card\" content=\"summary_large_image\" \/>\n<meta name=\"twitter:label1\" content=\"Est. reading time\" \/>\n\t<meta name=\"twitter:data1\" content=\"1 minute\" \/>\n<script type=\"application\/ld+json\" class=\"yoast-schema-graph\">{\"@context\":\"https:\\\/\\\/schema.org\",\"@graph\":[{\"@type\":\"WebPage\",\"@id\":\"http:\\\/\\\/www.edel.fr\\\/produit\\\/butee-dembrayage-fiat-new-holland-someca-65-x-102-x-25\\\/\",\"url\":\"http:\\\/\\\/www.edel.fr\\\/produit\\\/butee-dembrayage-fiat-new-holland-someca-65-x-102-x-25\\\/\",\"name\":\"But\u00e9e d'embrayage Fiat New Holland, Someca, Renault - 65x102x25 - Edel\",\"isPartOf\":{\"@id\":\"https:\\\/\\\/www.edel.fr\\\/en\\\/#website\"},\"primaryImageOfPage\":{\"@id\":\"http:\\\/\\\/www.edel.fr\\\/produit\\\/butee-dembrayage-fiat-new-holland-someca-65-x-102-x-25\\\/#primaryimage\"},\"image\":{\"@id\":\"http:\\\/\\\/www.edel.fr\\\/produit\\\/butee-dembrayage-fiat-new-holland-someca-65-x-102-x-25\\\/#primaryimage\"},\"thumbnailUrl\":\"https:\\\/\\\/edel.fr\\\/uploads\\\/2019\\\/11\\\/20304780.jpg\",\"datePublished\":\"2019-11-20T15:37:51+00:00\",\"dateModified\":\"2026-04-02T01:01:03+00:00\",\"breadcrumb\":{\"@id\":\"http:\\\/\\\/www.edel.fr\\\/produit\\\/butee-dembrayage-fiat-new-holland-someca-65-x-102-x-25\\\/#breadcrumb\"},\"inLanguage\":\"en-US\",\"potentialAction\":[{\"@type\":\"ReadAction\",\"target\":[\"http:\\\/\\\/www.edel.fr\\\/produit\\\/butee-dembrayage-fiat-new-holland-someca-65-x-102-x-25\\\/\"]}]},{\"@type\":\"ImageObject\",\"inLanguage\":\"en-US\",\"@id\":\"http:\\\/\\\/www.edel.fr\\\/produit\\\/butee-dembrayage-fiat-new-holland-someca-65-x-102-x-25\\\/#primaryimage\",\"url\":\"https:\\\/\\\/edel.fr\\\/uploads\\\/2019\\\/11\\\/20304780.jpg\",\"contentUrl\":\"https:\\\/\\\/edel.fr\\\/uploads\\\/2019\\\/11\\\/20304780.jpg\",\"width\":1512,\"height\":1488,\"caption\":\"But\u00e9e d'embrayage Fiat - New Holland - Someca - Renault 65 X 102 X 25\"},{\"@type\":\"BreadcrumbList\",\"@id\":\"http:\\\/\\\/www.edel.fr\\\/produit\\\/butee-dembrayage-fiat-new-holland-someca-65-x-102-x-25\\\/#breadcrumb\",\"itemListElement\":[{\"@type\":\"ListItem\",\"position\":1,\"name\":\"Pi\u00e8ce Tracteur\",\"item\":\"https:\\\/\\\/www.edel.fr\\\/en\\\/\"},{\"@type\":\"ListItem\",\"position\":2,\"name\":\"Toutes nos pi\u00e8ces Tracteur\",\"item\":\"https:\\\/\\\/edel.fr\\\/shop\\\/\"},{\"@type\":\"ListItem\",\"position\":3,\"name\":\"But\u00e9e d&#8217;embrayage Fiat New Holland, Someca, Renault &#8211; 65x102x25\"}]},{\"@type\":\"WebSite\",\"@id\":\"https:\\\/\\\/www.edel.fr\\\/en\\\/#website\",\"url\":\"https:\\\/\\\/www.edel.fr\\\/en\\\/\",\"name\":\"Edel\",\"description\":\"Pi\u00e8ce d\u00e9tach\u00e9e de Tracteur Agricole\",\"publisher\":{\"@id\":\"https:\\\/\\\/www.edel.fr\\\/en\\\/#organization\"},\"potentialAction\":[{\"@type\":\"SearchAction\",\"target\":{\"@type\":\"EntryPoint\",\"urlTemplate\":\"https:\\\/\\\/www.edel.fr\\\/en\\\/?s={search_term_string}\"},\"query-input\":{\"@type\":\"PropertyValueSpecification\",\"valueRequired\":true,\"valueName\":\"search_term_string\"}}],\"inLanguage\":\"en-US\"},{\"@type\":\"Organization\",\"@id\":\"https:\\\/\\\/www.edel.fr\\\/en\\\/#organization\",\"name\":\"Edel\",\"url\":\"https:\\\/\\\/www.edel.fr\\\/en\\\/\",\"logo\":{\"@type\":\"ImageObject\",\"inLanguage\":\"en-US\",\"@id\":\"https:\\\/\\\/www.edel.fr\\\/en\\\/#\\\/schema\\\/logo\\\/image\\\/\",\"url\":\"https:\\\/\\\/www.edel.fr\\\/uploads\\\/2018\\\/11\\\/logo-edel.png\",\"contentUrl\":\"https:\\\/\\\/www.edel.fr\\\/uploads\\\/2018\\\/11\\\/logo-edel.png\",\"width\":257,\"height\":68,\"caption\":\"Edel\"},\"image\":{\"@id\":\"https:\\\/\\\/www.edel.fr\\\/en\\\/#\\\/schema\\\/logo\\\/image\\\/\"}}]}<\/script>\n<!-- \/ Yoast SEO plugin. -->","yoast_head_json":{"title":"But\u00e9e d'embrayage Fiat New Holland, Someca, Renault - 65x102x25 - Edel","robots":{"index":"index","follow":"follow","max-snippet":"max-snippet:-1","max-image-preview":"max-image-preview:large","max-video-preview":"max-video-preview:-1"},"canonical":"http:\/\/www.edel.fr\/produit\/butee-dembrayage-fiat-new-holland-someca-65-x-102-x-25\/","og_locale":"en_US","og_type":"article","og_title":"But\u00e9e d'embrayage Fiat New Holland, Someca, Renault - 65x102x25 - Edel","og_description":"BUT\u00c9E D\u2019EMBRAYAGE FIAT \u2013 NEW HOLLAND \u2013 SOMECA \u00d8 int\u00e9rieur 65 \u00d8 ext\u00e9rieur 102 \u00c9paisseur 25","og_url":"http:\/\/www.edel.fr\/produit\/butee-dembrayage-fiat-new-holland-someca-65-x-102-x-25\/","og_site_name":"Edel","article_modified_time":"2026-04-02T01:01:03+00:00","og_image":[{"width":1512,"height":1488,"url":"http:\/\/www.edel.fr\/uploads\/2019\/11\/20304780.jpg","type":"image\/jpeg"}],"twitter_card":"summary_large_image","twitter_misc":{"Est. reading time":"1 minute"},"schema":{"@context":"https:\/\/schema.org","@graph":[{"@type":"WebPage","@id":"http:\/\/www.edel.fr\/produit\/butee-dembrayage-fiat-new-holland-someca-65-x-102-x-25\/","url":"http:\/\/www.edel.fr\/produit\/butee-dembrayage-fiat-new-holland-someca-65-x-102-x-25\/","name":"But\u00e9e d'embrayage Fiat New Holland, Someca, Renault - 65x102x25 - Edel","isPartOf":{"@id":"https:\/\/www.edel.fr\/en\/#website"},"primaryImageOfPage":{"@id":"http:\/\/www.edel.fr\/produit\/butee-dembrayage-fiat-new-holland-someca-65-x-102-x-25\/#primaryimage"},"image":{"@id":"http:\/\/www.edel.fr\/produit\/butee-dembrayage-fiat-new-holland-someca-65-x-102-x-25\/#primaryimage"},"thumbnailUrl":"https:\/\/edel.fr\/uploads\/2019\/11\/20304780.jpg","datePublished":"2019-11-20T15:37:51+00:00","dateModified":"2026-04-02T01:01:03+00:00","breadcrumb":{"@id":"http:\/\/www.edel.fr\/produit\/butee-dembrayage-fiat-new-holland-someca-65-x-102-x-25\/#breadcrumb"},"inLanguage":"en-US","potentialAction":[{"@type":"ReadAction","target":["http:\/\/www.edel.fr\/produit\/butee-dembrayage-fiat-new-holland-someca-65-x-102-x-25\/"]}]},{"@type":"ImageObject","inLanguage":"en-US","@id":"http:\/\/www.edel.fr\/produit\/butee-dembrayage-fiat-new-holland-someca-65-x-102-x-25\/#primaryimage","url":"https:\/\/edel.fr\/uploads\/2019\/11\/20304780.jpg","contentUrl":"https:\/\/edel.fr\/uploads\/2019\/11\/20304780.jpg","width":1512,"height":1488,"caption":"But\u00e9e d'embrayage Fiat - New Holland - Someca - Renault 65 X 102 X 25"},{"@type":"BreadcrumbList","@id":"http:\/\/www.edel.fr\/produit\/butee-dembrayage-fiat-new-holland-someca-65-x-102-x-25\/#breadcrumb","itemListElement":[{"@type":"ListItem","position":1,"name":"Pi\u00e8ce Tracteur","item":"https:\/\/www.edel.fr\/en\/"},{"@type":"ListItem","position":2,"name":"Toutes nos pi\u00e8ces Tracteur","item":"https:\/\/edel.fr\/shop\/"},{"@type":"ListItem","position":3,"name":"But\u00e9e d&#8217;embrayage Fiat New Holland, Someca, Renault &#8211; 65x102x25"}]},{"@type":"WebSite","@id":"https:\/\/www.edel.fr\/en\/#website","url":"https:\/\/www.edel.fr\/en\/","name":"Edel","description":"Pi\u00e8ce d\u00e9tach\u00e9e de Tracteur Agricole","publisher":{"@id":"https:\/\/www.edel.fr\/en\/#organization"},"potentialAction":[{"@type":"SearchAction","target":{"@type":"EntryPoint","urlTemplate":"https:\/\/www.edel.fr\/en\/?s={search_term_string}"},"query-input":{"@type":"PropertyValueSpecification","valueRequired":true,"valueName":"search_term_string"}}],"inLanguage":"en-US"},{"@type":"Organization","@id":"https:\/\/www.edel.fr\/en\/#organization","name":"Edel","url":"https:\/\/www.edel.fr\/en\/","logo":{"@type":"ImageObject","inLanguage":"en-US","@id":"https:\/\/www.edel.fr\/en\/#\/schema\/logo\/image\/","url":"https:\/\/www.edel.fr\/uploads\/2018\/11\/logo-edel.png","contentUrl":"https:\/\/www.edel.fr\/uploads\/2018\/11\/logo-edel.png","width":257,"height":68,"caption":"Edel"},"image":{"@id":"https:\/\/www.edel.fr\/en\/#\/schema\/logo\/image\/"}}]}},"_links":{"self":[{"href":"https:\/\/edel.fr\/en\/wp-json\/wp\/v2\/product\/6682","targetHints":{"allow":["GET"]}}],"collection":[{"href":"https:\/\/edel.fr\/en\/wp-json\/wp\/v2\/product"}],"about":[{"href":"https:\/\/edel.fr\/en\/wp-json\/wp\/v2\/types\/product"}],"version-history":[{"count":3,"href":"https:\/\/edel.fr\/en\/wp-json\/wp\/v2\/product\/6682\/revisions"}],"predecessor-version":[{"id":10661,"href":"https:\/\/edel.fr\/en\/wp-json\/wp\/v2\/product\/6682\/revisions\/10661"}],"wp:featuredmedia":[{"embeddable":true,"href":"https:\/\/edel.fr\/en\/wp-json\/wp\/v2\/media\/10659"}],"wp:attachment":[{"href":"https:\/\/edel.fr\/en\/wp-json\/wp\/v2\/media?parent=6682"}],"wp:term":[{"taxonomy":"product_brand","embeddable":true,"href":"https:\/\/edel.fr\/en\/wp-json\/wp\/v2\/product_brand?post=6682"},{"taxonomy":"product_cat","embeddable":true,"href":"https:\/\/edel.fr\/en\/wp-json\/wp\/v2\/product_cat?post=6682"},{"taxonomy":"product_tag","embeddable":true,"href":"https:\/\/edel.fr\/en\/wp-json\/wp\/v2\/product_tag?post=6682"},{"taxonomy":"tracteur","embeddable":true,"href":"https:\/\/edel.fr\/en\/wp-json\/wp\/v2\/tracteur?post=6682"}],"curies":[{"name":"wp","href":"https:\/\/api.w.org\/{rel}","templated":true}]}}