{"id":7002,"date":"2020-09-16T13:51:05","date_gmt":"2020-09-16T11:51:05","guid":{"rendered":"https:\/\/www.edel.fr\/?post_type=product&#038;p=7002"},"modified":"2026-03-24T02:00:21","modified_gmt":"2026-03-24T01:00:21","slug":"mecanisme-simple-sans-glace-renault-deutz-3-leviers-o200","status":"publish","type":"product","link":"https:\/\/edel.fr\/en\/product\/mecanisme-simple-sans-glace-renault-deutz-3-leviers-o200\/","title":{"rendered":"M\u00e9canisme simple &#8211; sans glace &#8211; Renault &#8211; Deutz &#8211; 3 Leviers &#8211; \u00d8200"},"content":{"rendered":"<div data-elementor-type=\"wp-post\" data-elementor-id=\"7002\" class=\"elementor elementor-7002\">\n\t\t\t\t\t\t<section class=\"elementor-section elementor-top-section elementor-element elementor-element-70fb0d6 elementor-section-boxed elementor-section-height-default elementor-section-height-default\" data-id=\"70fb0d6\" data-element_type=\"section\" data-e-type=\"section\">\n\t\t\t\t\t\t<div class=\"elementor-container elementor-column-gap-default\">\n\t\t\t\t\t<div class=\"elementor-column elementor-col-100 elementor-top-column elementor-element elementor-element-686dd59\" data-id=\"686dd59\" data-element_type=\"column\" data-e-type=\"column\">\n\t\t\t<div class=\"elementor-widget-wrap elementor-element-populated\">\n\t\t\t\t\t\t<div class=\"elementor-element elementor-element-fdd16a1 elementor-widget elementor-widget-heading\" data-id=\"fdd16a1\" data-element_type=\"widget\" data-e-type=\"widget\" data-widget_type=\"heading.default\">\n\t\t\t\t<div class=\"elementor-widget-container\">\n\t\t\t\t\t<h2 class=\"elementor-heading-title elementor-size-default\">M\u00c9CANISME SIMPLE D'EMBRAYAGE TRACTEUR \u2013 RENAULT - DEUTZ \u2013 \u2300200\u00a0<\/h2>\t\t\t\t<\/div>\n\t\t\t\t<\/div>\n\t\t\t\t<div class=\"elementor-element elementor-element-998097f elementor-widget elementor-widget-heading\" data-id=\"998097f\" data-element_type=\"widget\" data-e-type=\"widget\" data-widget_type=\"heading.default\">\n\t\t\t\t<div class=\"elementor-widget-container\">\n\t\t\t\t\t<h3 class=\"elementor-heading-title elementor-size-default\">Information du produit :<\/h3>\t\t\t\t<\/div>\n\t\t\t\t<\/div>\n\t\t\t\t\t<\/div>\n\t\t<\/div>\n\t\t\t\t\t<\/div>\n\t\t<\/section>\n\t\t\t\t<section class=\"elementor-section elementor-top-section elementor-element elementor-element-290ca7d1 elementor-section-boxed elementor-section-height-default elementor-section-height-default\" data-id=\"290ca7d1\" data-element_type=\"section\" data-e-type=\"section\">\n\t\t\t\t\t\t<div class=\"elementor-container elementor-column-gap-default\">\n\t\t\t\t\t<div class=\"elementor-column elementor-col-100 elementor-top-column elementor-element elementor-element-773f35b7\" data-id=\"773f35b7\" data-element_type=\"column\" data-e-type=\"column\">\n\t\t\t<div class=\"elementor-widget-wrap elementor-element-populated\">\n\t\t\t\t\t\t<div class=\"elementor-element elementor-element-7774c225 elementor-widget elementor-widget-text-editor\" data-id=\"7774c225\" data-element_type=\"widget\" data-e-type=\"widget\" data-widget_type=\"text-editor.default\">\n\t\t\t\t<div class=\"elementor-widget-container\">\n\t\t\t\t\t\t\t\t\t<p>M\u00e9canisme simple sans contre but\u00e9e (sans glace d&rsquo;appui en bout de leviers)<\/p><div><p>Pour <strong>Renault<\/strong> : D16 &#8211; V73 &#8211; N73 &#8211; JUNIOR<\/p><\/div><div><p>N&rsquo;oubliez pas la but\u00e9e\u00a0<a href=\"https:\/\/edel.fr\/en\/butee-dembrayage-renault-40-x-70-x-18\/\" target=\"_blank\" rel=\"noopener\">20310170<\/a> !<\/p><p>\u00a0<\/p><\/div><p>Pour <strong>Deutz <\/strong>: D25 &#8211; D25.2 &#8211; D2502 &#8211; D2505 &#8211; D30<\/p><p>N&rsquo;oubliez pas la but\u00e9e <a href=\"https:\/\/edel.fr\/en\/butee-dembrayage-khd-deutz-fendt-fuchs-77x45x19-tracteur\/\" target=\"_blank\" rel=\"noopener\">20303180<\/a> !<\/p><p>ATTENTION : Pour Deutz, existe aussi la variante avec contre but\u00e9e\u00a0<a href=\"https:\/\/edel.fr\/en\/mecanisme-simple-avec-glace-deutz-ih-3-leviers-o200\/\" target=\"_blank\" rel=\"noopener\">0112000720<\/a><\/p><div>\u00a0<\/div><div>\u00a0<\/div>\t\t\t\t\t\t\t\t<\/div>\n\t\t\t\t<\/div>\n\t\t\t\t\t<\/div>\n\t\t<\/div>\n\t\t\t\t\t<\/div>\n\t\t<\/section>\n\t\t\t\t<\/div>","protected":false},"excerpt":{"rendered":"<p><strong>EMBRAYAGE SIMPLE \u00d8 200<\/strong><\/p>","protected":false},"featured_media":7004,"template":"","meta":[],"product_brand":[],"product_cat":[125,119,120],"product_tag":[2497],"tracteur":[],"class_list":{"0":"post-7002","1":"product","2":"type-product","3":"status-publish","4":"has-post-thumbnail","6":"product_cat-mecanismes-embrayage","7":"product_cat-tracteurs-agricoles","8":"product_cat-transmissions","9":"product_tag-mecanisme-dembrayage","10":"product_shipping_class-142","11":"pa_fabriquant-kawe","12":"pa_marque-tracteur-khd-deutz","13":"pa_marque-tracteur-renault-claas","14":"pa_modele-tracteur-anciens","15":"pa_modele-tracteur-renault-anciens","16":"pa_type-2-d16","17":"pa_type-2-d25","18":"pa_type-2-d2505","19":"pa_type-2-d30","20":"pa_type-2-n73","21":"badges-style-2","23":"first","24":"instock","25":"taxable","26":"shipping-taxable","27":"purchasable","28":"product-type-simple"},"acf":[],"yoast_head":"<!-- This site is optimized with the Yoast SEO plugin v27.3 - https:\/\/yoast.com\/product\/yoast-seo-wordpress\/ -->\n<title>M\u00e9canisme simple - sans glace - Renault - Deutz - 3 Leviers - \u00d8200 - Edel<\/title>\n<meta name=\"robots\" content=\"index, follow, max-snippet:-1, max-image-preview:large, max-video-preview:-1\" \/>\n<link rel=\"canonical\" href=\"https:\/\/edel.fr\/en\/product\/mecanisme-simple-sans-glace-renault-deutz-3-leviers-o200\/\" \/>\n<meta property=\"og:locale\" content=\"en_US\" \/>\n<meta property=\"og:type\" content=\"article\" \/>\n<meta property=\"og:title\" content=\"M\u00e9canisme simple - sans glace - Renault - Deutz - 3 Leviers - \u00d8200 - Edel\" \/>\n<meta property=\"og:description\" content=\"EMBRAYAGE SIMPLE \u00d8 200\" \/>\n<meta property=\"og:url\" content=\"https:\/\/edel.fr\/en\/product\/mecanisme-simple-sans-glace-renault-deutz-3-leviers-o200\/\" \/>\n<meta property=\"og:site_name\" content=\"Edel\" \/>\n<meta property=\"article:modified_time\" content=\"2026-03-24T01:00:21+00:00\" \/>\n<meta property=\"og:image\" content=\"https:\/\/edel.fr\/uploads\/2020\/09\/M01.png\" \/>\n\t<meta property=\"og:image:width\" content=\"919\" \/>\n\t<meta property=\"og:image:height\" content=\"919\" \/>\n\t<meta property=\"og:image:type\" content=\"image\/png\" \/>\n<meta name=\"twitter:card\" content=\"summary_large_image\" \/>\n<meta name=\"twitter:label1\" content=\"Est. reading time\" \/>\n\t<meta name=\"twitter:data1\" content=\"1 minute\" \/>\n<script type=\"application\/ld+json\" class=\"yoast-schema-graph\">{\"@context\":\"https:\\\/\\\/schema.org\",\"@graph\":[{\"@type\":\"WebPage\",\"@id\":\"https:\\\/\\\/edel.fr\\\/en\\\/product\\\/mecanisme-simple-sans-glace-renault-deutz-3-leviers-o200\\\/\",\"url\":\"https:\\\/\\\/edel.fr\\\/en\\\/product\\\/mecanisme-simple-sans-glace-renault-deutz-3-leviers-o200\\\/\",\"name\":\"M\u00e9canisme simple - sans glace - Renault - Deutz - 3 Leviers - \u00d8200 - Edel\",\"isPartOf\":{\"@id\":\"https:\\\/\\\/www.edel.fr\\\/en\\\/#website\"},\"primaryImageOfPage\":{\"@id\":\"https:\\\/\\\/edel.fr\\\/en\\\/product\\\/mecanisme-simple-sans-glace-renault-deutz-3-leviers-o200\\\/#primaryimage\"},\"image\":{\"@id\":\"https:\\\/\\\/edel.fr\\\/en\\\/product\\\/mecanisme-simple-sans-glace-renault-deutz-3-leviers-o200\\\/#primaryimage\"},\"thumbnailUrl\":\"https:\\\/\\\/edel.fr\\\/uploads\\\/2020\\\/09\\\/M01.png\",\"datePublished\":\"2020-09-16T11:51:05+00:00\",\"dateModified\":\"2026-03-24T01:00:21+00:00\",\"breadcrumb\":{\"@id\":\"https:\\\/\\\/edel.fr\\\/en\\\/product\\\/mecanisme-simple-sans-glace-renault-deutz-3-leviers-o200\\\/#breadcrumb\"},\"inLanguage\":\"en-US\",\"potentialAction\":[{\"@type\":\"ReadAction\",\"target\":[\"https:\\\/\\\/edel.fr\\\/en\\\/product\\\/mecanisme-simple-sans-glace-renault-deutz-3-leviers-o200\\\/\"]}]},{\"@type\":\"ImageObject\",\"inLanguage\":\"en-US\",\"@id\":\"https:\\\/\\\/edel.fr\\\/en\\\/product\\\/mecanisme-simple-sans-glace-renault-deutz-3-leviers-o200\\\/#primaryimage\",\"url\":\"https:\\\/\\\/edel.fr\\\/uploads\\\/2020\\\/09\\\/M01.png\",\"contentUrl\":\"https:\\\/\\\/edel.fr\\\/uploads\\\/2020\\\/09\\\/M01.png\",\"width\":919,\"height\":919},{\"@type\":\"BreadcrumbList\",\"@id\":\"https:\\\/\\\/edel.fr\\\/en\\\/product\\\/mecanisme-simple-sans-glace-renault-deutz-3-leviers-o200\\\/#breadcrumb\",\"itemListElement\":[{\"@type\":\"ListItem\",\"position\":1,\"name\":\"Pi\u00e8ce Tracteur\",\"item\":\"https:\\\/\\\/www.edel.fr\\\/en\\\/\"},{\"@type\":\"ListItem\",\"position\":2,\"name\":\"Toutes nos pi\u00e8ces Tracteur\",\"item\":\"https:\\\/\\\/edel.fr\\\/shop\\\/\"},{\"@type\":\"ListItem\",\"position\":3,\"name\":\"M\u00e9canisme simple &#8211; sans glace &#8211; Renault &#8211; Deutz &#8211; 3 Leviers &#8211; \u00d8200\"}]},{\"@type\":\"WebSite\",\"@id\":\"https:\\\/\\\/www.edel.fr\\\/en\\\/#website\",\"url\":\"https:\\\/\\\/www.edel.fr\\\/en\\\/\",\"name\":\"Edel\",\"description\":\"Pi\u00e8ce d\u00e9tach\u00e9e de Tracteur Agricole\",\"publisher\":{\"@id\":\"https:\\\/\\\/www.edel.fr\\\/en\\\/#organization\"},\"potentialAction\":[{\"@type\":\"SearchAction\",\"target\":{\"@type\":\"EntryPoint\",\"urlTemplate\":\"https:\\\/\\\/www.edel.fr\\\/en\\\/?s={search_term_string}\"},\"query-input\":{\"@type\":\"PropertyValueSpecification\",\"valueRequired\":true,\"valueName\":\"search_term_string\"}}],\"inLanguage\":\"en-US\"},{\"@type\":\"Organization\",\"@id\":\"https:\\\/\\\/www.edel.fr\\\/en\\\/#organization\",\"name\":\"Edel\",\"url\":\"https:\\\/\\\/www.edel.fr\\\/en\\\/\",\"logo\":{\"@type\":\"ImageObject\",\"inLanguage\":\"en-US\",\"@id\":\"https:\\\/\\\/www.edel.fr\\\/en\\\/#\\\/schema\\\/logo\\\/image\\\/\",\"url\":\"https:\\\/\\\/www.edel.fr\\\/uploads\\\/2018\\\/11\\\/logo-edel.png\",\"contentUrl\":\"https:\\\/\\\/www.edel.fr\\\/uploads\\\/2018\\\/11\\\/logo-edel.png\",\"width\":257,\"height\":68,\"caption\":\"Edel\"},\"image\":{\"@id\":\"https:\\\/\\\/www.edel.fr\\\/en\\\/#\\\/schema\\\/logo\\\/image\\\/\"}}]}<\/script>\n<!-- \/ Yoast SEO plugin. -->","yoast_head_json":{"title":"M\u00e9canisme simple - sans glace - Renault - Deutz - 3 Leviers - \u00d8200 - Edel","robots":{"index":"index","follow":"follow","max-snippet":"max-snippet:-1","max-image-preview":"max-image-preview:large","max-video-preview":"max-video-preview:-1"},"canonical":"https:\/\/edel.fr\/en\/product\/mecanisme-simple-sans-glace-renault-deutz-3-leviers-o200\/","og_locale":"en_US","og_type":"article","og_title":"M\u00e9canisme simple - sans glace - Renault - Deutz - 3 Leviers - \u00d8200 - Edel","og_description":"EMBRAYAGE SIMPLE \u00d8 200","og_url":"https:\/\/edel.fr\/en\/product\/mecanisme-simple-sans-glace-renault-deutz-3-leviers-o200\/","og_site_name":"Edel","article_modified_time":"2026-03-24T01:00:21+00:00","og_image":[{"width":919,"height":919,"url":"https:\/\/edel.fr\/uploads\/2020\/09\/M01.png","type":"image\/png"}],"twitter_card":"summary_large_image","twitter_misc":{"Est. reading time":"1 minute"},"schema":{"@context":"https:\/\/schema.org","@graph":[{"@type":"WebPage","@id":"https:\/\/edel.fr\/en\/product\/mecanisme-simple-sans-glace-renault-deutz-3-leviers-o200\/","url":"https:\/\/edel.fr\/en\/product\/mecanisme-simple-sans-glace-renault-deutz-3-leviers-o200\/","name":"M\u00e9canisme simple - sans glace - Renault - Deutz - 3 Leviers - \u00d8200 - Edel","isPartOf":{"@id":"https:\/\/www.edel.fr\/en\/#website"},"primaryImageOfPage":{"@id":"https:\/\/edel.fr\/en\/product\/mecanisme-simple-sans-glace-renault-deutz-3-leviers-o200\/#primaryimage"},"image":{"@id":"https:\/\/edel.fr\/en\/product\/mecanisme-simple-sans-glace-renault-deutz-3-leviers-o200\/#primaryimage"},"thumbnailUrl":"https:\/\/edel.fr\/uploads\/2020\/09\/M01.png","datePublished":"2020-09-16T11:51:05+00:00","dateModified":"2026-03-24T01:00:21+00:00","breadcrumb":{"@id":"https:\/\/edel.fr\/en\/product\/mecanisme-simple-sans-glace-renault-deutz-3-leviers-o200\/#breadcrumb"},"inLanguage":"en-US","potentialAction":[{"@type":"ReadAction","target":["https:\/\/edel.fr\/en\/product\/mecanisme-simple-sans-glace-renault-deutz-3-leviers-o200\/"]}]},{"@type":"ImageObject","inLanguage":"en-US","@id":"https:\/\/edel.fr\/en\/product\/mecanisme-simple-sans-glace-renault-deutz-3-leviers-o200\/#primaryimage","url":"https:\/\/edel.fr\/uploads\/2020\/09\/M01.png","contentUrl":"https:\/\/edel.fr\/uploads\/2020\/09\/M01.png","width":919,"height":919},{"@type":"BreadcrumbList","@id":"https:\/\/edel.fr\/en\/product\/mecanisme-simple-sans-glace-renault-deutz-3-leviers-o200\/#breadcrumb","itemListElement":[{"@type":"ListItem","position":1,"name":"Pi\u00e8ce Tracteur","item":"https:\/\/www.edel.fr\/en\/"},{"@type":"ListItem","position":2,"name":"Toutes nos pi\u00e8ces Tracteur","item":"https:\/\/edel.fr\/shop\/"},{"@type":"ListItem","position":3,"name":"M\u00e9canisme simple &#8211; sans glace &#8211; Renault &#8211; Deutz &#8211; 3 Leviers &#8211; \u00d8200"}]},{"@type":"WebSite","@id":"https:\/\/www.edel.fr\/en\/#website","url":"https:\/\/www.edel.fr\/en\/","name":"Edel","description":"Pi\u00e8ce d\u00e9tach\u00e9e de Tracteur Agricole","publisher":{"@id":"https:\/\/www.edel.fr\/en\/#organization"},"potentialAction":[{"@type":"SearchAction","target":{"@type":"EntryPoint","urlTemplate":"https:\/\/www.edel.fr\/en\/?s={search_term_string}"},"query-input":{"@type":"PropertyValueSpecification","valueRequired":true,"valueName":"search_term_string"}}],"inLanguage":"en-US"},{"@type":"Organization","@id":"https:\/\/www.edel.fr\/en\/#organization","name":"Edel","url":"https:\/\/www.edel.fr\/en\/","logo":{"@type":"ImageObject","inLanguage":"en-US","@id":"https:\/\/www.edel.fr\/en\/#\/schema\/logo\/image\/","url":"https:\/\/www.edel.fr\/uploads\/2018\/11\/logo-edel.png","contentUrl":"https:\/\/www.edel.fr\/uploads\/2018\/11\/logo-edel.png","width":257,"height":68,"caption":"Edel"},"image":{"@id":"https:\/\/www.edel.fr\/en\/#\/schema\/logo\/image\/"}}]}},"_links":{"self":[{"href":"https:\/\/edel.fr\/en\/wp-json\/wp\/v2\/product\/7002","targetHints":{"allow":["GET"]}}],"collection":[{"href":"https:\/\/edel.fr\/en\/wp-json\/wp\/v2\/product"}],"about":[{"href":"https:\/\/edel.fr\/en\/wp-json\/wp\/v2\/types\/product"}],"version-history":[{"count":2,"href":"https:\/\/edel.fr\/en\/wp-json\/wp\/v2\/product\/7002\/revisions"}],"predecessor-version":[{"id":16850,"href":"https:\/\/edel.fr\/en\/wp-json\/wp\/v2\/product\/7002\/revisions\/16850"}],"wp:featuredmedia":[{"embeddable":true,"href":"https:\/\/edel.fr\/en\/wp-json\/wp\/v2\/media\/7004"}],"wp:attachment":[{"href":"https:\/\/edel.fr\/en\/wp-json\/wp\/v2\/media?parent=7002"}],"wp:term":[{"taxonomy":"product_brand","embeddable":true,"href":"https:\/\/edel.fr\/en\/wp-json\/wp\/v2\/product_brand?post=7002"},{"taxonomy":"product_cat","embeddable":true,"href":"https:\/\/edel.fr\/en\/wp-json\/wp\/v2\/product_cat?post=7002"},{"taxonomy":"product_tag","embeddable":true,"href":"https:\/\/edel.fr\/en\/wp-json\/wp\/v2\/product_tag?post=7002"},{"taxonomy":"tracteur","embeddable":true,"href":"https:\/\/edel.fr\/en\/wp-json\/wp\/v2\/tracteur?post=7002"}],"curies":[{"name":"wp","href":"https:\/\/api.w.org\/{rel}","templated":true}]}}