{"id":7009,"date":"2020-09-16T14:44:33","date_gmt":"2020-09-16T12:44:33","guid":{"rendered":"https:\/\/www.edel.fr\/?post_type=product&#038;p=7009"},"modified":"2026-03-07T02:00:10","modified_gmt":"2026-03-07T01:00:10","slug":"mecanisme-simple-avec-glace-deutz-ih-3-leviers-o200","status":"publish","type":"product","link":"https:\/\/edel.fr\/en\/product\/mecanisme-simple-avec-glace-deutz-ih-3-leviers-o200\/","title":{"rendered":"Embrayage Case IHF135 F135D 137D"},"content":{"rendered":"<div data-elementor-type=\"wp-post\" data-elementor-id=\"7009\" class=\"elementor elementor-7009\">\n\t\t\t\t\t\t<section class=\"elementor-section elementor-top-section elementor-element elementor-element-f5c5d31 elementor-section-boxed elementor-section-height-default elementor-section-height-default\" data-id=\"f5c5d31\" data-element_type=\"section\" data-e-type=\"section\">\n\t\t\t\t\t\t<div class=\"elementor-container elementor-column-gap-default\">\n\t\t\t\t\t<div class=\"elementor-column elementor-col-100 elementor-top-column elementor-element elementor-element-20e6219\" data-id=\"20e6219\" data-element_type=\"column\" data-e-type=\"column\">\n\t\t\t<div class=\"elementor-widget-wrap elementor-element-populated\">\n\t\t\t\t\t\t<div class=\"elementor-element elementor-element-c855fae elementor-widget elementor-widget-heading\" data-id=\"c855fae\" data-element_type=\"widget\" data-e-type=\"widget\" data-widget_type=\"heading.default\">\n\t\t\t\t<div class=\"elementor-widget-container\">\n\t\t\t\t\t<h2 class=\"elementor-heading-title elementor-size-default\">M\u00c9CANISME D'EMBRAYAGE SIMPLE TRACTEUR IHC \u2013 RENAULT - DEUTZ \u2013 \u2300 200&nbsp;MM<\/h2>\t\t\t\t<\/div>\n\t\t\t\t<\/div>\n\t\t\t\t\t<\/div>\n\t\t<\/div>\n\t\t\t\t\t<\/div>\n\t\t<\/section>\n\t\t\t\t<section class=\"elementor-section elementor-top-section elementor-element elementor-element-281e8dd elementor-section-boxed elementor-section-height-default elementor-section-height-default\" data-id=\"281e8dd\" data-element_type=\"section\" data-e-type=\"section\">\n\t\t\t\t\t\t<div class=\"elementor-container elementor-column-gap-default\">\n\t\t\t\t\t<div class=\"elementor-column elementor-col-100 elementor-top-column elementor-element elementor-element-0a0823f\" data-id=\"0a0823f\" data-element_type=\"column\" data-e-type=\"column\">\n\t\t\t<div class=\"elementor-widget-wrap elementor-element-populated\">\n\t\t\t\t\t\t<div class=\"elementor-element elementor-element-ca0b822 elementor-widget elementor-widget-heading\" data-id=\"ca0b822\" data-element_type=\"widget\" data-e-type=\"widget\" data-widget_type=\"heading.default\">\n\t\t\t\t<div class=\"elementor-widget-container\">\n\t\t\t\t\t<h3 class=\"elementor-heading-title elementor-size-default\">Information du produit :<\/h3>\t\t\t\t<\/div>\n\t\t\t\t<\/div>\n\t\t\t\t\t<\/div>\n\t\t<\/div>\n\t\t\t\t\t<\/div>\n\t\t<\/section>\n\t\t\t\t<section class=\"elementor-section elementor-top-section elementor-element elementor-element-290ca7d1 elementor-section-boxed elementor-section-height-default elementor-section-height-default\" data-id=\"290ca7d1\" data-element_type=\"section\" data-e-type=\"section\">\n\t\t\t\t\t\t<div class=\"elementor-container elementor-column-gap-default\">\n\t\t\t\t\t<div class=\"elementor-column elementor-col-100 elementor-top-column elementor-element elementor-element-773f35b7\" data-id=\"773f35b7\" data-element_type=\"column\" data-e-type=\"column\">\n\t\t\t<div class=\"elementor-widget-wrap elementor-element-populated\">\n\t\t\t\t\t\t<div class=\"elementor-element elementor-element-7774c225 elementor-widget elementor-widget-text-editor\" data-id=\"7774c225\" data-element_type=\"widget\" data-e-type=\"widget\" data-widget_type=\"text-editor.default\">\n\t\t\t\t<div class=\"elementor-widget-container\">\n\t\t\t\t\t\t\t\t\t<p>M\u00e9canisme simple avec contre but\u00e9e (avec glace d&rsquo;appui en bout de leviers)<\/p><ul><li><b><u>Pour Deutz D25 &#8211; D25.2 &#8211; D2502 &#8211; D2505 &#8211; D30<\/u><\/b><\/li><\/ul><p>Montage avec le disque<b>\u00a0<a style=\"background-color: #ffffff\" href=\"https:\/\/edel.fr\/en\/disque-dembrayage-khd-deutz-26-x-32-10-can-organique\/\" target=\"_blank\" rel=\"noopener\">0922000612<\/a>\u00a0(26 x 32mm, 10 can) <\/b>ou le disque<b>\u00a0<\/b><a style=\"font-weight: bold\" href=\"https:\/\/edel.fr\/en\/disque-dembrayage-khd-deutz-21-x-26-10-can-organique\/\" target=\"_blank\" rel=\"noopener\">0922001212\u00a0<\/a><b>(21 x 26 mm, 10 can)<\/b><\/p><p>Avec la but\u00e9e\u00a0<a style=\"background-color: #ffffff\" href=\"https:\/\/edel.fr\/en\/butee-dembrayage-case-ih-qualite-origine-2\/\"><span style=\"font-weight: bold\">2030032<\/span><\/a>\u00a0et le <a href=\"https:\/\/edel.fr\/en\/roulement-pilote-fag-6202-2rs-11-x-35-x-11-tracteur-agricole\/\"><b>RP 12<\/b><\/a><b><br \/><\/b><\/p><p>ATTENTION : Pour Deutz, existe aussi la variante sans contre but\u00e9e\u00a0<a href=\"https:\/\/edel.fr\/en\/mecanisme-simple-sans-glace-renault-deutz-3-leviers-o200\/\" target=\"_blank\" rel=\"noopener\"><b>0112000720<\/b><\/a><\/p><ul><li><b><u>Pour Case \/ IH F135 &#8211; 135D &#8211; 137D &#8211; 212D &#8211; 217D &#8211; 219D<\/u><\/b><\/li><\/ul><p>Montage avec le disque\u00a0<a style=\"background-color: #ffffff\" href=\"https:\/\/edel.fr\/en\/disque-dembrayage-case-ih-organique-234-x-289-10-can\/\" target=\"_blank\" rel=\"noopener\"><b>0122000712\u00a0<\/b><\/a><b>(200mm)<\/b> ou le disque\u00a0<b><a href=\"https:\/\/edel.fr\/en\/disque-dembrayage-234-x-289-manitou-10-can-organique\/\" target=\"_blank\" rel=\"noopener\">2022202312\u00a0<\/a>(225mm)<\/b><\/p><p>Et la but\u00e9e <a href=\"https:\/\/edel.fr\/en\/butee-dembrayage-case-ih-qualite-origine-2\/\"><b>2030032<\/b><\/a>\u00a0et le\u00a0<a style=\"background-color: #ffffff\" href=\"https:\/\/edel.fr\/en\/roulement-pilote-fag-6202-2rs-11-x-35-x-11-tracteur-agricole\/\"><span style=\"font-weight: bold\">RP 12<\/span><\/a><\/p>\t\t\t\t\t\t\t\t<\/div>\n\t\t\t\t<\/div>\n\t\t\t\t\t<\/div>\n\t\t<\/div>\n\t\t\t\t\t<\/div>\n\t\t<\/section>\n\t\t\t\t<\/div>","protected":false},"excerpt":{"rendered":"<h5><strong>EMBRAYAGE SIMPLE \u00d8 200\u00a0<\/strong><\/h5>","protected":false},"featured_media":9649,"template":"","meta":[],"product_brand":[],"product_cat":[125,4044,4054,119,120],"product_tag":[2497],"tracteur":[],"class_list":{"0":"post-7009","1":"product","2":"type-product","3":"status-publish","4":"has-post-thumbnail","6":"product_cat-mecanismes-embrayage","7":"product_cat-mecanisme-case-ihc","8":"product_cat-deutz","9":"product_cat-tracteurs-agricoles","10":"product_cat-transmissions","11":"product_tag-mecanisme-dembrayage","12":"product_shipping_class-142","13":"pa_marque-tracteur-case-ih","14":"badges-style-2","16":"first","17":"instock","18":"taxable","19":"shipping-taxable","20":"purchasable","21":"product-type-simple"},"acf":[],"yoast_head":"<!-- This site is optimized with the Yoast SEO plugin v27.3 - https:\/\/yoast.com\/product\/yoast-seo-wordpress\/ -->\n<title>Embrayage Case IHF135 F135D 137D - Edel<\/title>\n<meta name=\"description\" content=\"M\u00e9canisme simple - avec glace - Deutz - Renault - Case IH - 3 Leviers - \u00d8200 - D25 D25.2 D2502 D2505 D30 F135 135D 137D 212D 217D 219D\" \/>\n<meta name=\"robots\" content=\"index, follow, max-snippet:-1, max-image-preview:large, max-video-preview:-1\" \/>\n<link rel=\"canonical\" href=\"http:\/\/edel.fr\/en\/product\/mecanisme-simple-avec-glace-deutz-ih-3-leviers-o200\/\" \/>\n<meta property=\"og:locale\" content=\"en_US\" \/>\n<meta property=\"og:type\" content=\"article\" \/>\n<meta property=\"og:title\" content=\"Embrayage Case IHF135 F135D 137D - Edel\" \/>\n<meta property=\"og:description\" content=\"M\u00e9canisme simple - avec glace - Deutz - Renault - Case IH - 3 Leviers - \u00d8200 - D25 D25.2 D2502 D2505 D30 F135 135D 137D 212D 217D 219D\" \/>\n<meta property=\"og:url\" content=\"http:\/\/edel.fr\/en\/product\/mecanisme-simple-avec-glace-deutz-ih-3-leviers-o200\/\" \/>\n<meta property=\"og:site_name\" content=\"Edel\" \/>\n<meta property=\"article:modified_time\" content=\"2026-03-07T01:00:10+00:00\" \/>\n<meta property=\"og:image\" content=\"http:\/\/edel.fr\/uploads\/2020\/12\/mecanisme.jpg\" \/>\n\t<meta property=\"og:image:width\" content=\"1512\" \/>\n\t<meta property=\"og:image:height\" content=\"1646\" \/>\n\t<meta property=\"og:image:type\" content=\"image\/jpeg\" \/>\n<meta name=\"twitter:card\" content=\"summary_large_image\" \/>\n<meta name=\"twitter:label1\" content=\"Est. reading time\" \/>\n\t<meta name=\"twitter:data1\" content=\"1 minute\" \/>\n<script type=\"application\/ld+json\" class=\"yoast-schema-graph\">{\"@context\":\"https:\\\/\\\/schema.org\",\"@graph\":[{\"@type\":\"WebPage\",\"@id\":\"http:\\\/\\\/edel.fr\\\/produit\\\/mecanisme-simple-avec-glace-deutz-ih-3-leviers-o200\\\/\",\"url\":\"http:\\\/\\\/edel.fr\\\/produit\\\/mecanisme-simple-avec-glace-deutz-ih-3-leviers-o200\\\/\",\"name\":\"Embrayage Case IHF135 F135D 137D - Edel\",\"isPartOf\":{\"@id\":\"https:\\\/\\\/www.edel.fr\\\/en\\\/#website\"},\"primaryImageOfPage\":{\"@id\":\"http:\\\/\\\/edel.fr\\\/produit\\\/mecanisme-simple-avec-glace-deutz-ih-3-leviers-o200\\\/#primaryimage\"},\"image\":{\"@id\":\"http:\\\/\\\/edel.fr\\\/produit\\\/mecanisme-simple-avec-glace-deutz-ih-3-leviers-o200\\\/#primaryimage\"},\"thumbnailUrl\":\"https:\\\/\\\/edel.fr\\\/uploads\\\/2020\\\/12\\\/mecanisme.jpg\",\"datePublished\":\"2020-09-16T12:44:33+00:00\",\"dateModified\":\"2026-03-07T01:00:10+00:00\",\"description\":\"M\u00e9canisme simple - avec glace - Deutz - Renault - Case IH - 3 Leviers - \u00d8200 - D25 D25.2 D2502 D2505 D30 F135 135D 137D 212D 217D 219D\",\"breadcrumb\":{\"@id\":\"http:\\\/\\\/edel.fr\\\/produit\\\/mecanisme-simple-avec-glace-deutz-ih-3-leviers-o200\\\/#breadcrumb\"},\"inLanguage\":\"en-US\",\"potentialAction\":[{\"@type\":\"ReadAction\",\"target\":[\"http:\\\/\\\/edel.fr\\\/produit\\\/mecanisme-simple-avec-glace-deutz-ih-3-leviers-o200\\\/\"]}]},{\"@type\":\"ImageObject\",\"inLanguage\":\"en-US\",\"@id\":\"http:\\\/\\\/edel.fr\\\/produit\\\/mecanisme-simple-avec-glace-deutz-ih-3-leviers-o200\\\/#primaryimage\",\"url\":\"https:\\\/\\\/edel.fr\\\/uploads\\\/2020\\\/12\\\/mecanisme.jpg\",\"contentUrl\":\"https:\\\/\\\/edel.fr\\\/uploads\\\/2020\\\/12\\\/mecanisme.jpg\",\"width\":1512,\"height\":1646,\"caption\":\"M\u00e9canisme simple - avec glace - Deutz - IH- 3 Leviers - \u00d8200\"},{\"@type\":\"BreadcrumbList\",\"@id\":\"http:\\\/\\\/edel.fr\\\/produit\\\/mecanisme-simple-avec-glace-deutz-ih-3-leviers-o200\\\/#breadcrumb\",\"itemListElement\":[{\"@type\":\"ListItem\",\"position\":1,\"name\":\"Pi\u00e8ce Tracteur\",\"item\":\"https:\\\/\\\/www.edel.fr\\\/en\\\/\"},{\"@type\":\"ListItem\",\"position\":2,\"name\":\"Toutes nos pi\u00e8ces Tracteur\",\"item\":\"https:\\\/\\\/edel.fr\\\/shop\\\/\"},{\"@type\":\"ListItem\",\"position\":3,\"name\":\"Embrayage Case IHF135 F135D 137D\"}]},{\"@type\":\"WebSite\",\"@id\":\"https:\\\/\\\/www.edel.fr\\\/en\\\/#website\",\"url\":\"https:\\\/\\\/www.edel.fr\\\/en\\\/\",\"name\":\"Edel\",\"description\":\"Pi\u00e8ce d\u00e9tach\u00e9e de Tracteur Agricole\",\"publisher\":{\"@id\":\"https:\\\/\\\/www.edel.fr\\\/en\\\/#organization\"},\"potentialAction\":[{\"@type\":\"SearchAction\",\"target\":{\"@type\":\"EntryPoint\",\"urlTemplate\":\"https:\\\/\\\/www.edel.fr\\\/en\\\/?s={search_term_string}\"},\"query-input\":{\"@type\":\"PropertyValueSpecification\",\"valueRequired\":true,\"valueName\":\"search_term_string\"}}],\"inLanguage\":\"en-US\"},{\"@type\":\"Organization\",\"@id\":\"https:\\\/\\\/www.edel.fr\\\/en\\\/#organization\",\"name\":\"Edel\",\"url\":\"https:\\\/\\\/www.edel.fr\\\/en\\\/\",\"logo\":{\"@type\":\"ImageObject\",\"inLanguage\":\"en-US\",\"@id\":\"https:\\\/\\\/www.edel.fr\\\/en\\\/#\\\/schema\\\/logo\\\/image\\\/\",\"url\":\"https:\\\/\\\/www.edel.fr\\\/uploads\\\/2018\\\/11\\\/logo-edel.png\",\"contentUrl\":\"https:\\\/\\\/www.edel.fr\\\/uploads\\\/2018\\\/11\\\/logo-edel.png\",\"width\":257,\"height\":68,\"caption\":\"Edel\"},\"image\":{\"@id\":\"https:\\\/\\\/www.edel.fr\\\/en\\\/#\\\/schema\\\/logo\\\/image\\\/\"}}]}<\/script>\n<!-- \/ Yoast SEO plugin. -->","yoast_head_json":{"title":"Embrayage Case IHF135 F135D 137D - Edel","description":"M\u00e9canisme simple - avec glace - Deutz - Renault - Case IH - 3 Leviers - \u00d8200 - D25 D25.2 D2502 D2505 D30 F135 135D 137D 212D 217D 219D","robots":{"index":"index","follow":"follow","max-snippet":"max-snippet:-1","max-image-preview":"max-image-preview:large","max-video-preview":"max-video-preview:-1"},"canonical":"http:\/\/edel.fr\/en\/product\/mecanisme-simple-avec-glace-deutz-ih-3-leviers-o200\/","og_locale":"en_US","og_type":"article","og_title":"Embrayage Case IHF135 F135D 137D - Edel","og_description":"M\u00e9canisme simple - avec glace - Deutz - Renault - Case IH - 3 Leviers - \u00d8200 - D25 D25.2 D2502 D2505 D30 F135 135D 137D 212D 217D 219D","og_url":"http:\/\/edel.fr\/en\/product\/mecanisme-simple-avec-glace-deutz-ih-3-leviers-o200\/","og_site_name":"Edel","article_modified_time":"2026-03-07T01:00:10+00:00","og_image":[{"width":1512,"height":1646,"url":"http:\/\/edel.fr\/uploads\/2020\/12\/mecanisme.jpg","type":"image\/jpeg"}],"twitter_card":"summary_large_image","twitter_misc":{"Est. reading time":"1 minute"},"schema":{"@context":"https:\/\/schema.org","@graph":[{"@type":"WebPage","@id":"http:\/\/edel.fr\/produit\/mecanisme-simple-avec-glace-deutz-ih-3-leviers-o200\/","url":"http:\/\/edel.fr\/produit\/mecanisme-simple-avec-glace-deutz-ih-3-leviers-o200\/","name":"Embrayage Case IHF135 F135D 137D - Edel","isPartOf":{"@id":"https:\/\/www.edel.fr\/en\/#website"},"primaryImageOfPage":{"@id":"http:\/\/edel.fr\/produit\/mecanisme-simple-avec-glace-deutz-ih-3-leviers-o200\/#primaryimage"},"image":{"@id":"http:\/\/edel.fr\/produit\/mecanisme-simple-avec-glace-deutz-ih-3-leviers-o200\/#primaryimage"},"thumbnailUrl":"https:\/\/edel.fr\/uploads\/2020\/12\/mecanisme.jpg","datePublished":"2020-09-16T12:44:33+00:00","dateModified":"2026-03-07T01:00:10+00:00","description":"M\u00e9canisme simple - avec glace - Deutz - Renault - Case IH - 3 Leviers - \u00d8200 - D25 D25.2 D2502 D2505 D30 F135 135D 137D 212D 217D 219D","breadcrumb":{"@id":"http:\/\/edel.fr\/produit\/mecanisme-simple-avec-glace-deutz-ih-3-leviers-o200\/#breadcrumb"},"inLanguage":"en-US","potentialAction":[{"@type":"ReadAction","target":["http:\/\/edel.fr\/produit\/mecanisme-simple-avec-glace-deutz-ih-3-leviers-o200\/"]}]},{"@type":"ImageObject","inLanguage":"en-US","@id":"http:\/\/edel.fr\/produit\/mecanisme-simple-avec-glace-deutz-ih-3-leviers-o200\/#primaryimage","url":"https:\/\/edel.fr\/uploads\/2020\/12\/mecanisme.jpg","contentUrl":"https:\/\/edel.fr\/uploads\/2020\/12\/mecanisme.jpg","width":1512,"height":1646,"caption":"M\u00e9canisme simple - avec glace - Deutz - IH- 3 Leviers - \u00d8200"},{"@type":"BreadcrumbList","@id":"http:\/\/edel.fr\/produit\/mecanisme-simple-avec-glace-deutz-ih-3-leviers-o200\/#breadcrumb","itemListElement":[{"@type":"ListItem","position":1,"name":"Pi\u00e8ce Tracteur","item":"https:\/\/www.edel.fr\/en\/"},{"@type":"ListItem","position":2,"name":"Toutes nos pi\u00e8ces Tracteur","item":"https:\/\/edel.fr\/shop\/"},{"@type":"ListItem","position":3,"name":"Embrayage Case IHF135 F135D 137D"}]},{"@type":"WebSite","@id":"https:\/\/www.edel.fr\/en\/#website","url":"https:\/\/www.edel.fr\/en\/","name":"Edel","description":"Pi\u00e8ce d\u00e9tach\u00e9e de Tracteur Agricole","publisher":{"@id":"https:\/\/www.edel.fr\/en\/#organization"},"potentialAction":[{"@type":"SearchAction","target":{"@type":"EntryPoint","urlTemplate":"https:\/\/www.edel.fr\/en\/?s={search_term_string}"},"query-input":{"@type":"PropertyValueSpecification","valueRequired":true,"valueName":"search_term_string"}}],"inLanguage":"en-US"},{"@type":"Organization","@id":"https:\/\/www.edel.fr\/en\/#organization","name":"Edel","url":"https:\/\/www.edel.fr\/en\/","logo":{"@type":"ImageObject","inLanguage":"en-US","@id":"https:\/\/www.edel.fr\/en\/#\/schema\/logo\/image\/","url":"https:\/\/www.edel.fr\/uploads\/2018\/11\/logo-edel.png","contentUrl":"https:\/\/www.edel.fr\/uploads\/2018\/11\/logo-edel.png","width":257,"height":68,"caption":"Edel"},"image":{"@id":"https:\/\/www.edel.fr\/en\/#\/schema\/logo\/image\/"}}]}},"_links":{"self":[{"href":"https:\/\/edel.fr\/en\/wp-json\/wp\/v2\/product\/7009","targetHints":{"allow":["GET"]}}],"collection":[{"href":"https:\/\/edel.fr\/en\/wp-json\/wp\/v2\/product"}],"about":[{"href":"https:\/\/edel.fr\/en\/wp-json\/wp\/v2\/types\/product"}],"version-history":[{"count":2,"href":"https:\/\/edel.fr\/en\/wp-json\/wp\/v2\/product\/7009\/revisions"}],"predecessor-version":[{"id":16808,"href":"https:\/\/edel.fr\/en\/wp-json\/wp\/v2\/product\/7009\/revisions\/16808"}],"wp:featuredmedia":[{"embeddable":true,"href":"https:\/\/edel.fr\/en\/wp-json\/wp\/v2\/media\/9649"}],"wp:attachment":[{"href":"https:\/\/edel.fr\/en\/wp-json\/wp\/v2\/media?parent=7009"}],"wp:term":[{"taxonomy":"product_brand","embeddable":true,"href":"https:\/\/edel.fr\/en\/wp-json\/wp\/v2\/product_brand?post=7009"},{"taxonomy":"product_cat","embeddable":true,"href":"https:\/\/edel.fr\/en\/wp-json\/wp\/v2\/product_cat?post=7009"},{"taxonomy":"product_tag","embeddable":true,"href":"https:\/\/edel.fr\/en\/wp-json\/wp\/v2\/product_tag?post=7009"},{"taxonomy":"tracteur","embeddable":true,"href":"https:\/\/edel.fr\/en\/wp-json\/wp\/v2\/tracteur?post=7009"}],"curies":[{"name":"wp","href":"https:\/\/api.w.org\/{rel}","templated":true}]}}