{"id":7036,"date":"2020-09-16T15:57:13","date_gmt":"2020-09-16T13:57:13","guid":{"rendered":"https:\/\/www.edel.fr\/?post_type=product&#038;p=7036"},"modified":"2026-03-24T02:00:27","modified_gmt":"2026-03-24T01:00:27","slug":"disque-dembrayage-av-renault-200-10-cannelures","status":"publish","type":"product","link":"https:\/\/edel.fr\/en\/product\/disque-dembrayage-av-renault-200-10-cannelures\/","title":{"rendered":"Disque d&#8217;embrayage &#8211; AV. &#8211; Renault &#8211; \u00d8200 &#8211; 10 cannelures"},"content":{"rendered":"<div data-elementor-type=\"wp-post\" data-elementor-id=\"7036\" class=\"elementor elementor-7036\">\n\t\t\t\t\t\t<section class=\"elementor-section elementor-top-section elementor-element elementor-element-2fd5fd5d elementor-section-boxed elementor-section-height-default elementor-section-height-default\" data-id=\"2fd5fd5d\" data-element_type=\"section\" data-e-type=\"section\">\n\t\t\t\t\t\t<div class=\"elementor-container elementor-column-gap-default\">\n\t\t\t\t\t<div class=\"elementor-column elementor-col-100 elementor-top-column elementor-element elementor-element-3c0e7e93\" data-id=\"3c0e7e93\" data-element_type=\"column\" data-e-type=\"column\">\n\t\t\t<div class=\"elementor-widget-wrap elementor-element-populated\">\n\t\t\t\t\t\t<div class=\"elementor-element elementor-element-6f974c3e elementor-widget elementor-widget-heading\" data-id=\"6f974c3e\" data-element_type=\"widget\" data-e-type=\"widget\" data-widget_type=\"heading.default\">\n\t\t\t\t<div class=\"elementor-widget-container\">\n\t\t\t\t\t<h2 class=\"elementor-heading-title elementor-size-default\">DISQUE D'AVANCEMENT \u2013 RENAULT - \u2300200 - 10 CANNELURES.<\/h2>\t\t\t\t<\/div>\n\t\t\t\t<\/div>\n\t\t\t\t<div class=\"elementor-element elementor-element-6bc1a5e5 elementor-widget elementor-widget-heading\" data-id=\"6bc1a5e5\" data-element_type=\"widget\" data-e-type=\"widget\" data-widget_type=\"heading.default\">\n\t\t\t\t<div class=\"elementor-widget-container\">\n\t\t\t\t\t<h3 class=\"elementor-heading-title elementor-size-default\">Information du produit :<\/h3>\t\t\t\t<\/div>\n\t\t\t\t<\/div>\n\t\t\t\t\t<\/div>\n\t\t<\/div>\n\t\t\t\t\t<\/div>\n\t\t<\/section>\n\t\t\t\t<section class=\"elementor-section elementor-top-section elementor-element elementor-element-290ca7d1 elementor-section-boxed elementor-section-height-default elementor-section-height-default\" data-id=\"290ca7d1\" data-element_type=\"section\" data-e-type=\"section\">\n\t\t\t\t\t\t<div class=\"elementor-container elementor-column-gap-default\">\n\t\t\t\t\t<div class=\"elementor-column elementor-col-100 elementor-top-column elementor-element elementor-element-773f35b7\" data-id=\"773f35b7\" data-element_type=\"column\" data-e-type=\"column\">\n\t\t\t<div class=\"elementor-widget-wrap elementor-element-populated\">\n\t\t\t\t\t\t<div class=\"elementor-element elementor-element-7774c225 elementor-widget elementor-widget-text-editor\" data-id=\"7774c225\" data-element_type=\"widget\" data-e-type=\"widget\" data-widget_type=\"text-editor.default\">\n\t\t\t\t<div class=\"elementor-widget-container\">\n\t\t\t\t\t\t\t\t\t<div>Moyeu : 18 x 23<\/div><div><p>Pour Renault\u00a0<span style=\"background-color: #ffffff\">D16 &#8211; V73 &#8211; N73 &#8211; JUNIOR&#8230;<\/span><\/p><p><span style=\"background-color: #ffffff\">\u00a0<\/span><\/p><\/div>\t\t\t\t\t\t\t\t<\/div>\n\t\t\t\t<\/div>\n\t\t\t\t\t<\/div>\n\t\t<\/div>\n\t\t\t\t\t<\/div>\n\t\t<\/section>\n\t\t\t\t<\/div>","protected":false},"excerpt":{"rendered":"<p>DISQUE D&rsquo;AVANCEMENT \u2013 RENAULT &#8211; \u2300200 &#8211; 10 CANNELURES. Information du produit : Moyeu : 18 x 23 Pour Renault\u00a0D16 &#8211; V73 &#8211; N73 &#8211; JUNIOR&#8230;<\/p>","protected":false},"featured_media":11682,"template":"","meta":[],"product_brand":[],"product_cat":[126,3985,119,120],"product_tag":[2499],"tracteur":[],"class_list":{"0":"post-7036","1":"product","2":"type-product","3":"status-publish","4":"has-post-thumbnail","6":"product_cat-disques-embrayage","7":"product_cat-renault-claas-disque","8":"product_cat-tracteurs-agricoles","9":"product_cat-transmissions","10":"product_tag-disque-dembrayage","11":"product_shipping_class-142","12":"pa_marque-tracteur-renault-claas","13":"pa_modele-tracteur-anciens","14":"pa_modele-tracteur-renault-anciens","15":"pa_type-2-d16","16":"pa_type-2-n73","17":"badges-style-2","19":"first","20":"instock","21":"taxable","22":"shipping-taxable","23":"purchasable","24":"product-type-simple"},"acf":[],"yoast_head":"<!-- This site is optimized with the Yoast SEO plugin v27.3 - https:\/\/yoast.com\/product\/yoast-seo-wordpress\/ -->\n<title>Disque d&#039;embrayage - AV. - Renault - \u00d8200 - 10 cannelures - Edel<\/title>\n<meta name=\"robots\" content=\"index, follow, max-snippet:-1, max-image-preview:large, max-video-preview:-1\" \/>\n<link rel=\"canonical\" href=\"http:\/\/www.edel.fr\/produit\/disque-dembrayage-av-renault-200-10-cannelures\/\" \/>\n<meta property=\"og:locale\" content=\"en_US\" \/>\n<meta property=\"og:type\" content=\"article\" \/>\n<meta property=\"og:title\" content=\"Disque d&#039;embrayage - AV. - Renault - \u00d8200 - 10 cannelures - Edel\" \/>\n<meta property=\"og:description\" content=\"DISQUE D&rsquo;AVANCEMENT \u2013 RENAULT &#8211; \u2300200 &#8211; 10 CANNELURES. Information du produit : Moyeu : 18 x 23 Pour Renault\u00a0D16 &#8211; V73 &#8211; N73 &#8211; JUNIOR&#8230;\" \/>\n<meta property=\"og:url\" content=\"http:\/\/www.edel.fr\/produit\/disque-dembrayage-av-renault-200-10-cannelures\/\" \/>\n<meta property=\"og:site_name\" content=\"Edel\" \/>\n<meta property=\"article:modified_time\" content=\"2026-03-24T01:00:27+00:00\" \/>\n<meta property=\"og:image\" content=\"http:\/\/www.edel.fr\/uploads\/2020\/09\/2022054317.jpg\" \/>\n\t<meta property=\"og:image:width\" content=\"1512\" \/>\n\t<meta property=\"og:image:height\" content=\"1512\" \/>\n\t<meta property=\"og:image:type\" content=\"image\/jpeg\" \/>\n<meta name=\"twitter:card\" content=\"summary_large_image\" \/>\n<meta name=\"twitter:label1\" content=\"Est. reading time\" \/>\n\t<meta name=\"twitter:data1\" content=\"1 minute\" \/>\n<script type=\"application\/ld+json\" class=\"yoast-schema-graph\">{\"@context\":\"https:\\\/\\\/schema.org\",\"@graph\":[{\"@type\":\"WebPage\",\"@id\":\"http:\\\/\\\/www.edel.fr\\\/produit\\\/disque-dembrayage-av-renault-200-10-cannelures\\\/\",\"url\":\"http:\\\/\\\/www.edel.fr\\\/produit\\\/disque-dembrayage-av-renault-200-10-cannelures\\\/\",\"name\":\"Disque d'embrayage - AV. - Renault - \u00d8200 - 10 cannelures - Edel\",\"isPartOf\":{\"@id\":\"https:\\\/\\\/www.edel.fr\\\/en\\\/#website\"},\"primaryImageOfPage\":{\"@id\":\"http:\\\/\\\/www.edel.fr\\\/produit\\\/disque-dembrayage-av-renault-200-10-cannelures\\\/#primaryimage\"},\"image\":{\"@id\":\"http:\\\/\\\/www.edel.fr\\\/produit\\\/disque-dembrayage-av-renault-200-10-cannelures\\\/#primaryimage\"},\"thumbnailUrl\":\"https:\\\/\\\/edel.fr\\\/uploads\\\/2020\\\/09\\\/2022054317.jpg\",\"datePublished\":\"2020-09-16T13:57:13+00:00\",\"dateModified\":\"2026-03-24T01:00:27+00:00\",\"breadcrumb\":{\"@id\":\"http:\\\/\\\/www.edel.fr\\\/produit\\\/disque-dembrayage-av-renault-200-10-cannelures\\\/#breadcrumb\"},\"inLanguage\":\"en-US\",\"potentialAction\":[{\"@type\":\"ReadAction\",\"target\":[\"http:\\\/\\\/www.edel.fr\\\/produit\\\/disque-dembrayage-av-renault-200-10-cannelures\\\/\"]}]},{\"@type\":\"ImageObject\",\"inLanguage\":\"en-US\",\"@id\":\"http:\\\/\\\/www.edel.fr\\\/produit\\\/disque-dembrayage-av-renault-200-10-cannelures\\\/#primaryimage\",\"url\":\"https:\\\/\\\/edel.fr\\\/uploads\\\/2020\\\/09\\\/2022054317.jpg\",\"contentUrl\":\"https:\\\/\\\/edel.fr\\\/uploads\\\/2020\\\/09\\\/2022054317.jpg\",\"width\":1512,\"height\":1512,\"caption\":\"Disque d'embrayage - AV. - Renault - \u00d8200 - 10 cannelures\"},{\"@type\":\"BreadcrumbList\",\"@id\":\"http:\\\/\\\/www.edel.fr\\\/produit\\\/disque-dembrayage-av-renault-200-10-cannelures\\\/#breadcrumb\",\"itemListElement\":[{\"@type\":\"ListItem\",\"position\":1,\"name\":\"Pi\u00e8ce Tracteur\",\"item\":\"https:\\\/\\\/www.edel.fr\\\/en\\\/\"},{\"@type\":\"ListItem\",\"position\":2,\"name\":\"Toutes nos pi\u00e8ces Tracteur\",\"item\":\"https:\\\/\\\/edel.fr\\\/shop\\\/\"},{\"@type\":\"ListItem\",\"position\":3,\"name\":\"Disque d&#8217;embrayage &#8211; AV. &#8211; Renault &#8211; \u00d8200 &#8211; 10 cannelures\"}]},{\"@type\":\"WebSite\",\"@id\":\"https:\\\/\\\/www.edel.fr\\\/en\\\/#website\",\"url\":\"https:\\\/\\\/www.edel.fr\\\/en\\\/\",\"name\":\"Edel\",\"description\":\"Pi\u00e8ce d\u00e9tach\u00e9e de Tracteur Agricole\",\"publisher\":{\"@id\":\"https:\\\/\\\/www.edel.fr\\\/en\\\/#organization\"},\"potentialAction\":[{\"@type\":\"SearchAction\",\"target\":{\"@type\":\"EntryPoint\",\"urlTemplate\":\"https:\\\/\\\/www.edel.fr\\\/en\\\/?s={search_term_string}\"},\"query-input\":{\"@type\":\"PropertyValueSpecification\",\"valueRequired\":true,\"valueName\":\"search_term_string\"}}],\"inLanguage\":\"en-US\"},{\"@type\":\"Organization\",\"@id\":\"https:\\\/\\\/www.edel.fr\\\/en\\\/#organization\",\"name\":\"Edel\",\"url\":\"https:\\\/\\\/www.edel.fr\\\/en\\\/\",\"logo\":{\"@type\":\"ImageObject\",\"inLanguage\":\"en-US\",\"@id\":\"https:\\\/\\\/www.edel.fr\\\/en\\\/#\\\/schema\\\/logo\\\/image\\\/\",\"url\":\"https:\\\/\\\/www.edel.fr\\\/uploads\\\/2018\\\/11\\\/logo-edel.png\",\"contentUrl\":\"https:\\\/\\\/www.edel.fr\\\/uploads\\\/2018\\\/11\\\/logo-edel.png\",\"width\":257,\"height\":68,\"caption\":\"Edel\"},\"image\":{\"@id\":\"https:\\\/\\\/www.edel.fr\\\/en\\\/#\\\/schema\\\/logo\\\/image\\\/\"}}]}<\/script>\n<!-- \/ Yoast SEO plugin. -->","yoast_head_json":{"title":"Disque d'embrayage - AV. - Renault - \u00d8200 - 10 cannelures - Edel","robots":{"index":"index","follow":"follow","max-snippet":"max-snippet:-1","max-image-preview":"max-image-preview:large","max-video-preview":"max-video-preview:-1"},"canonical":"http:\/\/www.edel.fr\/produit\/disque-dembrayage-av-renault-200-10-cannelures\/","og_locale":"en_US","og_type":"article","og_title":"Disque d'embrayage - AV. - Renault - \u00d8200 - 10 cannelures - Edel","og_description":"DISQUE D&rsquo;AVANCEMENT \u2013 RENAULT &#8211; \u2300200 &#8211; 10 CANNELURES. Information du produit : Moyeu : 18 x 23 Pour Renault\u00a0D16 &#8211; V73 &#8211; N73 &#8211; JUNIOR&#8230;","og_url":"http:\/\/www.edel.fr\/produit\/disque-dembrayage-av-renault-200-10-cannelures\/","og_site_name":"Edel","article_modified_time":"2026-03-24T01:00:27+00:00","og_image":[{"width":1512,"height":1512,"url":"http:\/\/www.edel.fr\/uploads\/2020\/09\/2022054317.jpg","type":"image\/jpeg"}],"twitter_card":"summary_large_image","twitter_misc":{"Est. reading time":"1 minute"},"schema":{"@context":"https:\/\/schema.org","@graph":[{"@type":"WebPage","@id":"http:\/\/www.edel.fr\/produit\/disque-dembrayage-av-renault-200-10-cannelures\/","url":"http:\/\/www.edel.fr\/produit\/disque-dembrayage-av-renault-200-10-cannelures\/","name":"Disque d'embrayage - AV. - Renault - \u00d8200 - 10 cannelures - Edel","isPartOf":{"@id":"https:\/\/www.edel.fr\/en\/#website"},"primaryImageOfPage":{"@id":"http:\/\/www.edel.fr\/produit\/disque-dembrayage-av-renault-200-10-cannelures\/#primaryimage"},"image":{"@id":"http:\/\/www.edel.fr\/produit\/disque-dembrayage-av-renault-200-10-cannelures\/#primaryimage"},"thumbnailUrl":"https:\/\/edel.fr\/uploads\/2020\/09\/2022054317.jpg","datePublished":"2020-09-16T13:57:13+00:00","dateModified":"2026-03-24T01:00:27+00:00","breadcrumb":{"@id":"http:\/\/www.edel.fr\/produit\/disque-dembrayage-av-renault-200-10-cannelures\/#breadcrumb"},"inLanguage":"en-US","potentialAction":[{"@type":"ReadAction","target":["http:\/\/www.edel.fr\/produit\/disque-dembrayage-av-renault-200-10-cannelures\/"]}]},{"@type":"ImageObject","inLanguage":"en-US","@id":"http:\/\/www.edel.fr\/produit\/disque-dembrayage-av-renault-200-10-cannelures\/#primaryimage","url":"https:\/\/edel.fr\/uploads\/2020\/09\/2022054317.jpg","contentUrl":"https:\/\/edel.fr\/uploads\/2020\/09\/2022054317.jpg","width":1512,"height":1512,"caption":"Disque d'embrayage - AV. - Renault - \u00d8200 - 10 cannelures"},{"@type":"BreadcrumbList","@id":"http:\/\/www.edel.fr\/produit\/disque-dembrayage-av-renault-200-10-cannelures\/#breadcrumb","itemListElement":[{"@type":"ListItem","position":1,"name":"Pi\u00e8ce Tracteur","item":"https:\/\/www.edel.fr\/en\/"},{"@type":"ListItem","position":2,"name":"Toutes nos pi\u00e8ces Tracteur","item":"https:\/\/edel.fr\/shop\/"},{"@type":"ListItem","position":3,"name":"Disque d&#8217;embrayage &#8211; AV. &#8211; Renault &#8211; \u00d8200 &#8211; 10 cannelures"}]},{"@type":"WebSite","@id":"https:\/\/www.edel.fr\/en\/#website","url":"https:\/\/www.edel.fr\/en\/","name":"Edel","description":"Pi\u00e8ce d\u00e9tach\u00e9e de Tracteur Agricole","publisher":{"@id":"https:\/\/www.edel.fr\/en\/#organization"},"potentialAction":[{"@type":"SearchAction","target":{"@type":"EntryPoint","urlTemplate":"https:\/\/www.edel.fr\/en\/?s={search_term_string}"},"query-input":{"@type":"PropertyValueSpecification","valueRequired":true,"valueName":"search_term_string"}}],"inLanguage":"en-US"},{"@type":"Organization","@id":"https:\/\/www.edel.fr\/en\/#organization","name":"Edel","url":"https:\/\/www.edel.fr\/en\/","logo":{"@type":"ImageObject","inLanguage":"en-US","@id":"https:\/\/www.edel.fr\/en\/#\/schema\/logo\/image\/","url":"https:\/\/www.edel.fr\/uploads\/2018\/11\/logo-edel.png","contentUrl":"https:\/\/www.edel.fr\/uploads\/2018\/11\/logo-edel.png","width":257,"height":68,"caption":"Edel"},"image":{"@id":"https:\/\/www.edel.fr\/en\/#\/schema\/logo\/image\/"}}]}},"_links":{"self":[{"href":"https:\/\/edel.fr\/en\/wp-json\/wp\/v2\/product\/7036","targetHints":{"allow":["GET"]}}],"collection":[{"href":"https:\/\/edel.fr\/en\/wp-json\/wp\/v2\/product"}],"about":[{"href":"https:\/\/edel.fr\/en\/wp-json\/wp\/v2\/types\/product"}],"version-history":[{"count":2,"href":"https:\/\/edel.fr\/en\/wp-json\/wp\/v2\/product\/7036\/revisions"}],"predecessor-version":[{"id":14536,"href":"https:\/\/edel.fr\/en\/wp-json\/wp\/v2\/product\/7036\/revisions\/14536"}],"wp:featuredmedia":[{"embeddable":true,"href":"https:\/\/edel.fr\/en\/wp-json\/wp\/v2\/media\/11682"}],"wp:attachment":[{"href":"https:\/\/edel.fr\/en\/wp-json\/wp\/v2\/media?parent=7036"}],"wp:term":[{"taxonomy":"product_brand","embeddable":true,"href":"https:\/\/edel.fr\/en\/wp-json\/wp\/v2\/product_brand?post=7036"},{"taxonomy":"product_cat","embeddable":true,"href":"https:\/\/edel.fr\/en\/wp-json\/wp\/v2\/product_cat?post=7036"},{"taxonomy":"product_tag","embeddable":true,"href":"https:\/\/edel.fr\/en\/wp-json\/wp\/v2\/product_tag?post=7036"},{"taxonomy":"tracteur","embeddable":true,"href":"https:\/\/edel.fr\/en\/wp-json\/wp\/v2\/tracteur?post=7036"}],"curies":[{"name":"wp","href":"https:\/\/api.w.org\/{rel}","templated":true}]}}