{"id":7424,"date":"2020-10-19T16:17:18","date_gmt":"2020-10-19T14:17:18","guid":{"rendered":"https:\/\/www.edel.fr\/?post_type=product&#038;p=7424"},"modified":"2026-03-25T15:26:18","modified_gmt":"2026-03-25T14:26:18","slug":"ensemble-mwm-td226-b","status":"publish","type":"product","link":"https:\/\/edel.fr\/en\/product\/ensemble-mwm-td226-b\/","title":{"rendered":"Ensemble origine KS Moteur MWM TD226B Tracteur Agricole"},"content":{"rendered":"<div data-elementor-type=\"wp-post\" data-elementor-id=\"7424\" class=\"elementor elementor-7424\">\n\t\t\t\t\t\t<section class=\"elementor-section elementor-top-section elementor-element elementor-element-62cfd781 elementor-section-boxed elementor-section-height-default elementor-section-height-default\" data-id=\"62cfd781\" data-element_type=\"section\" data-e-type=\"section\">\n\t\t\t\t\t\t<div class=\"elementor-container elementor-column-gap-default\">\n\t\t\t\t\t<div class=\"elementor-column elementor-col-100 elementor-top-column elementor-element elementor-element-4cdc14b2\" data-id=\"4cdc14b2\" data-element_type=\"column\" data-e-type=\"column\">\n\t\t\t<div class=\"elementor-widget-wrap elementor-element-populated\">\n\t\t\t\t\t\t<div class=\"elementor-element elementor-element-655026d1 elementor-widget elementor-widget-heading\" data-id=\"655026d1\" data-element_type=\"widget\" data-e-type=\"widget\" data-widget_type=\"heading.default\">\n\t\t\t\t<div class=\"elementor-widget-container\">\n\t\t\t\t\t<h2 class=\"elementor-heading-title elementor-size-default\">ENSEMBLE MWM - TD 226 B TURBO<\/h2>\t\t\t\t<\/div>\n\t\t\t\t<\/div>\n\t\t\t\t<div class=\"elementor-element elementor-element-3697fb26 elementor-widget elementor-widget-heading\" data-id=\"3697fb26\" data-element_type=\"widget\" data-e-type=\"widget\" data-widget_type=\"heading.default\">\n\t\t\t\t<div class=\"elementor-widget-container\">\n\t\t\t\t\t<h3 class=\"elementor-heading-title elementor-size-default\">Information du produit :<\/h3>\t\t\t\t<\/div>\n\t\t\t\t<\/div>\n\t\t\t\t\t<\/div>\n\t\t<\/div>\n\t\t\t\t\t<\/div>\n\t\t<\/section>\n\t\t\t\t<section class=\"elementor-section elementor-top-section elementor-element elementor-element-290ca7d1 elementor-section-boxed elementor-section-height-default elementor-section-height-default\" data-id=\"290ca7d1\" data-element_type=\"section\" data-e-type=\"section\">\n\t\t\t\t\t\t<div class=\"elementor-container elementor-column-gap-default\">\n\t\t\t\t\t<div class=\"elementor-column elementor-col-100 elementor-top-column elementor-element elementor-element-773f35b7\" data-id=\"773f35b7\" data-element_type=\"column\" data-e-type=\"column\">\n\t\t\t<div class=\"elementor-widget-wrap elementor-element-populated\">\n\t\t\t\t\t\t<div class=\"elementor-element elementor-element-7774c225 elementor-widget elementor-widget-text-editor\" data-id=\"7774c225\" data-element_type=\"widget\" data-e-type=\"widget\" data-widget_type=\"text-editor.default\">\n\t\t\t\t<div class=\"elementor-widget-container\">\n\t\t\t\t\t\t\t\t\t<div>Cylindr\u00e9e compl\u00e8te.<\/div><div>Qualit\u00e9 origine Germany. Marque KS ou MAHLE.<\/div><div>\u00a0<br \/>** Attention, ne convient pas pour moteur TD226<span style=\"font-weight: bold\">\u00a0<\/span>**<\/div>\t\t\t\t\t\t\t\t<\/div>\n\t\t\t\t<\/div>\n\t\t\t\t\t<\/div>\n\t\t<\/div>\n\t\t\t\t\t<\/div>\n\t\t<\/section>\n\t\t\t\t<\/div>","protected":false},"excerpt":{"rendered":"<p>ENSEMBLE MWM &#8211; TD 226 B TURBO Information du produit : Cylindr\u00e9e compl\u00e8te.Qualit\u00e9 origine Germany. Marque KS ou MAHLE. ** Attention, ne convient pas pour moteur TD226\u00a0**<\/p>","protected":false},"featured_media":7425,"template":"","meta":[],"product_brand":[],"product_cat":[2500,153,119],"product_tag":[],"tracteur":[],"class_list":{"0":"post-7424","1":"product","2":"type-product","3":"status-publish","4":"has-post-thumbnail","6":"product_cat-ensemble-chemise-piston-segments","7":"product_cat-pieces-moteur","8":"product_cat-tracteurs-agricoles","9":"product_shipping_class-142","10":"pa_fabriquant-ks","11":"pa_marque-moteur-moteur-mwm","12":"pa_qualite-origine","13":"pa_type-moteur-td226b","14":"badges-style-2","16":"first","17":"instock","18":"taxable","19":"shipping-taxable","20":"purchasable","21":"product-type-simple"},"acf":[],"yoast_head":"<!-- This site is optimized with the Yoast SEO plugin v27.3 - https:\/\/yoast.com\/product\/yoast-seo-wordpress\/ -->\n<title>Ensemble origine KS Moteur MWM TD226B Tracteur Agricole - Edel<\/title>\n<meta name=\"description\" content=\"Ensemble MWM - TD226 B - Cylindr\u00e9e compl\u00e8te - 155.14, 155.54, 160.90, 160.94, 175.74, 180\/94, 306LSA, 307 LSA, 308 LS, 309 LSA, 310, 310 LSA, 312 LSA, 509\" \/>\n<meta name=\"robots\" content=\"index, follow, max-snippet:-1, max-image-preview:large, max-video-preview:-1\" \/>\n<link rel=\"canonical\" href=\"https:\/\/edel.fr\/en\/product\/ensemble-mwm-td226-b\/\" \/>\n<meta property=\"og:locale\" content=\"en_US\" \/>\n<meta property=\"og:type\" content=\"article\" \/>\n<meta property=\"og:title\" content=\"Ensemble origine KS Moteur MWM TD226B Tracteur Agricole - Edel\" \/>\n<meta property=\"og:description\" content=\"Ensemble MWM - TD226 B - Cylindr\u00e9e compl\u00e8te - 155.14, 155.54, 160.90, 160.94, 175.74, 180\/94, 306LSA, 307 LSA, 308 LS, 309 LSA, 310, 310 LSA, 312 LSA, 509\" \/>\n<meta property=\"og:url\" content=\"https:\/\/edel.fr\/en\/product\/ensemble-mwm-td226-b\/\" \/>\n<meta property=\"og:site_name\" content=\"Edel\" \/>\n<meta property=\"article:modified_time\" content=\"2026-03-25T14:26:18+00:00\" \/>\n<meta property=\"og:image\" content=\"https:\/\/edel.fr\/uploads\/2020\/10\/ensemble-td226b.jpg\" \/>\n\t<meta property=\"og:image:width\" content=\"1512\" \/>\n\t<meta property=\"og:image:height\" content=\"2016\" \/>\n\t<meta property=\"og:image:type\" content=\"image\/jpeg\" \/>\n<meta name=\"twitter:card\" content=\"summary_large_image\" \/>\n<meta name=\"twitter:label1\" content=\"Est. reading time\" \/>\n\t<meta name=\"twitter:data1\" content=\"1 minute\" \/>\n<script type=\"application\/ld+json\" class=\"yoast-schema-graph\">{\"@context\":\"https:\\\/\\\/schema.org\",\"@graph\":[{\"@type\":\"WebPage\",\"@id\":\"https:\\\/\\\/edel.fr\\\/produit\\\/ensemble-mwm-td226-b\\\/\",\"url\":\"https:\\\/\\\/edel.fr\\\/produit\\\/ensemble-mwm-td226-b\\\/\",\"name\":\"Ensemble origine KS Moteur MWM TD226B Tracteur Agricole - Edel\",\"isPartOf\":{\"@id\":\"https:\\\/\\\/www.edel.fr\\\/en\\\/#website\"},\"primaryImageOfPage\":{\"@id\":\"https:\\\/\\\/edel.fr\\\/produit\\\/ensemble-mwm-td226-b\\\/#primaryimage\"},\"image\":{\"@id\":\"https:\\\/\\\/edel.fr\\\/produit\\\/ensemble-mwm-td226-b\\\/#primaryimage\"},\"thumbnailUrl\":\"https:\\\/\\\/edel.fr\\\/uploads\\\/2020\\\/10\\\/ensemble-td226b.jpg\",\"datePublished\":\"2020-10-19T14:17:18+00:00\",\"dateModified\":\"2026-03-25T14:26:18+00:00\",\"description\":\"Ensemble MWM - TD226 B - Cylindr\u00e9e compl\u00e8te - 155.14, 155.54, 160.90, 160.94, 175.74, 180\\\/94, 306LSA, 307 LSA, 308 LS, 309 LSA, 310, 310 LSA, 312 LSA, 509\",\"breadcrumb\":{\"@id\":\"https:\\\/\\\/edel.fr\\\/produit\\\/ensemble-mwm-td226-b\\\/#breadcrumb\"},\"inLanguage\":\"en-US\",\"potentialAction\":[{\"@type\":\"ReadAction\",\"target\":[\"https:\\\/\\\/edel.fr\\\/produit\\\/ensemble-mwm-td226-b\\\/\"]}]},{\"@type\":\"ImageObject\",\"inLanguage\":\"en-US\",\"@id\":\"https:\\\/\\\/edel.fr\\\/produit\\\/ensemble-mwm-td226-b\\\/#primaryimage\",\"url\":\"https:\\\/\\\/edel.fr\\\/uploads\\\/2020\\\/10\\\/ensemble-td226b.jpg\",\"contentUrl\":\"https:\\\/\\\/edel.fr\\\/uploads\\\/2020\\\/10\\\/ensemble-td226b.jpg\",\"width\":1512,\"height\":2016,\"caption\":\"Ensemble MWM - TD226 B - Pi\u00e8ces moteur Tracteur Agricole\"},{\"@type\":\"BreadcrumbList\",\"@id\":\"https:\\\/\\\/edel.fr\\\/produit\\\/ensemble-mwm-td226-b\\\/#breadcrumb\",\"itemListElement\":[{\"@type\":\"ListItem\",\"position\":1,\"name\":\"Pi\u00e8ce Tracteur\",\"item\":\"https:\\\/\\\/www.edel.fr\\\/en\\\/\"},{\"@type\":\"ListItem\",\"position\":2,\"name\":\"Toutes nos pi\u00e8ces Tracteur\",\"item\":\"https:\\\/\\\/edel.fr\\\/shop\\\/\"},{\"@type\":\"ListItem\",\"position\":3,\"name\":\"Ensemble origine KS Moteur MWM TD226B Tracteur Agricole\"}]},{\"@type\":\"WebSite\",\"@id\":\"https:\\\/\\\/www.edel.fr\\\/en\\\/#website\",\"url\":\"https:\\\/\\\/www.edel.fr\\\/en\\\/\",\"name\":\"Edel\",\"description\":\"Pi\u00e8ce d\u00e9tach\u00e9e de Tracteur Agricole\",\"publisher\":{\"@id\":\"https:\\\/\\\/www.edel.fr\\\/en\\\/#organization\"},\"potentialAction\":[{\"@type\":\"SearchAction\",\"target\":{\"@type\":\"EntryPoint\",\"urlTemplate\":\"https:\\\/\\\/www.edel.fr\\\/en\\\/?s={search_term_string}\"},\"query-input\":{\"@type\":\"PropertyValueSpecification\",\"valueRequired\":true,\"valueName\":\"search_term_string\"}}],\"inLanguage\":\"en-US\"},{\"@type\":\"Organization\",\"@id\":\"https:\\\/\\\/www.edel.fr\\\/en\\\/#organization\",\"name\":\"Edel\",\"url\":\"https:\\\/\\\/www.edel.fr\\\/en\\\/\",\"logo\":{\"@type\":\"ImageObject\",\"inLanguage\":\"en-US\",\"@id\":\"https:\\\/\\\/www.edel.fr\\\/en\\\/#\\\/schema\\\/logo\\\/image\\\/\",\"url\":\"https:\\\/\\\/www.edel.fr\\\/uploads\\\/2018\\\/11\\\/logo-edel.png\",\"contentUrl\":\"https:\\\/\\\/www.edel.fr\\\/uploads\\\/2018\\\/11\\\/logo-edel.png\",\"width\":257,\"height\":68,\"caption\":\"Edel\"},\"image\":{\"@id\":\"https:\\\/\\\/www.edel.fr\\\/en\\\/#\\\/schema\\\/logo\\\/image\\\/\"}}]}<\/script>\n<!-- \/ Yoast SEO plugin. -->","yoast_head_json":{"title":"Ensemble origine KS Moteur MWM TD226B Tracteur Agricole - Edel","description":"Ensemble MWM - TD226 B - Cylindr\u00e9e compl\u00e8te - 155.14, 155.54, 160.90, 160.94, 175.74, 180\/94, 306LSA, 307 LSA, 308 LS, 309 LSA, 310, 310 LSA, 312 LSA, 509","robots":{"index":"index","follow":"follow","max-snippet":"max-snippet:-1","max-image-preview":"max-image-preview:large","max-video-preview":"max-video-preview:-1"},"canonical":"https:\/\/edel.fr\/en\/product\/ensemble-mwm-td226-b\/","og_locale":"en_US","og_type":"article","og_title":"Ensemble origine KS Moteur MWM TD226B Tracteur Agricole - Edel","og_description":"Ensemble MWM - TD226 B - Cylindr\u00e9e compl\u00e8te - 155.14, 155.54, 160.90, 160.94, 175.74, 180\/94, 306LSA, 307 LSA, 308 LS, 309 LSA, 310, 310 LSA, 312 LSA, 509","og_url":"https:\/\/edel.fr\/en\/product\/ensemble-mwm-td226-b\/","og_site_name":"Edel","article_modified_time":"2026-03-25T14:26:18+00:00","og_image":[{"width":1512,"height":2016,"url":"https:\/\/edel.fr\/uploads\/2020\/10\/ensemble-td226b.jpg","type":"image\/jpeg"}],"twitter_card":"summary_large_image","twitter_misc":{"Est. reading time":"1 minute"},"schema":{"@context":"https:\/\/schema.org","@graph":[{"@type":"WebPage","@id":"https:\/\/edel.fr\/produit\/ensemble-mwm-td226-b\/","url":"https:\/\/edel.fr\/produit\/ensemble-mwm-td226-b\/","name":"Ensemble origine KS Moteur MWM TD226B Tracteur Agricole - Edel","isPartOf":{"@id":"https:\/\/www.edel.fr\/en\/#website"},"primaryImageOfPage":{"@id":"https:\/\/edel.fr\/produit\/ensemble-mwm-td226-b\/#primaryimage"},"image":{"@id":"https:\/\/edel.fr\/produit\/ensemble-mwm-td226-b\/#primaryimage"},"thumbnailUrl":"https:\/\/edel.fr\/uploads\/2020\/10\/ensemble-td226b.jpg","datePublished":"2020-10-19T14:17:18+00:00","dateModified":"2026-03-25T14:26:18+00:00","description":"Ensemble MWM - TD226 B - Cylindr\u00e9e compl\u00e8te - 155.14, 155.54, 160.90, 160.94, 175.74, 180\/94, 306LSA, 307 LSA, 308 LS, 309 LSA, 310, 310 LSA, 312 LSA, 509","breadcrumb":{"@id":"https:\/\/edel.fr\/produit\/ensemble-mwm-td226-b\/#breadcrumb"},"inLanguage":"en-US","potentialAction":[{"@type":"ReadAction","target":["https:\/\/edel.fr\/produit\/ensemble-mwm-td226-b\/"]}]},{"@type":"ImageObject","inLanguage":"en-US","@id":"https:\/\/edel.fr\/produit\/ensemble-mwm-td226-b\/#primaryimage","url":"https:\/\/edel.fr\/uploads\/2020\/10\/ensemble-td226b.jpg","contentUrl":"https:\/\/edel.fr\/uploads\/2020\/10\/ensemble-td226b.jpg","width":1512,"height":2016,"caption":"Ensemble MWM - TD226 B - Pi\u00e8ces moteur Tracteur Agricole"},{"@type":"BreadcrumbList","@id":"https:\/\/edel.fr\/produit\/ensemble-mwm-td226-b\/#breadcrumb","itemListElement":[{"@type":"ListItem","position":1,"name":"Pi\u00e8ce Tracteur","item":"https:\/\/www.edel.fr\/en\/"},{"@type":"ListItem","position":2,"name":"Toutes nos pi\u00e8ces Tracteur","item":"https:\/\/edel.fr\/shop\/"},{"@type":"ListItem","position":3,"name":"Ensemble origine KS Moteur MWM TD226B Tracteur Agricole"}]},{"@type":"WebSite","@id":"https:\/\/www.edel.fr\/en\/#website","url":"https:\/\/www.edel.fr\/en\/","name":"Edel","description":"Pi\u00e8ce d\u00e9tach\u00e9e de Tracteur Agricole","publisher":{"@id":"https:\/\/www.edel.fr\/en\/#organization"},"potentialAction":[{"@type":"SearchAction","target":{"@type":"EntryPoint","urlTemplate":"https:\/\/www.edel.fr\/en\/?s={search_term_string}"},"query-input":{"@type":"PropertyValueSpecification","valueRequired":true,"valueName":"search_term_string"}}],"inLanguage":"en-US"},{"@type":"Organization","@id":"https:\/\/www.edel.fr\/en\/#organization","name":"Edel","url":"https:\/\/www.edel.fr\/en\/","logo":{"@type":"ImageObject","inLanguage":"en-US","@id":"https:\/\/www.edel.fr\/en\/#\/schema\/logo\/image\/","url":"https:\/\/www.edel.fr\/uploads\/2018\/11\/logo-edel.png","contentUrl":"https:\/\/www.edel.fr\/uploads\/2018\/11\/logo-edel.png","width":257,"height":68,"caption":"Edel"},"image":{"@id":"https:\/\/www.edel.fr\/en\/#\/schema\/logo\/image\/"}}]}},"_links":{"self":[{"href":"https:\/\/edel.fr\/en\/wp-json\/wp\/v2\/product\/7424","targetHints":{"allow":["GET"]}}],"collection":[{"href":"https:\/\/edel.fr\/en\/wp-json\/wp\/v2\/product"}],"about":[{"href":"https:\/\/edel.fr\/en\/wp-json\/wp\/v2\/types\/product"}],"version-history":[{"count":2,"href":"https:\/\/edel.fr\/en\/wp-json\/wp\/v2\/product\/7424\/revisions"}],"predecessor-version":[{"id":19969,"href":"https:\/\/edel.fr\/en\/wp-json\/wp\/v2\/product\/7424\/revisions\/19969"}],"wp:featuredmedia":[{"embeddable":true,"href":"https:\/\/edel.fr\/en\/wp-json\/wp\/v2\/media\/7425"}],"wp:attachment":[{"href":"https:\/\/edel.fr\/en\/wp-json\/wp\/v2\/media?parent=7424"}],"wp:term":[{"taxonomy":"product_brand","embeddable":true,"href":"https:\/\/edel.fr\/en\/wp-json\/wp\/v2\/product_brand?post=7424"},{"taxonomy":"product_cat","embeddable":true,"href":"https:\/\/edel.fr\/en\/wp-json\/wp\/v2\/product_cat?post=7424"},{"taxonomy":"product_tag","embeddable":true,"href":"https:\/\/edel.fr\/en\/wp-json\/wp\/v2\/product_tag?post=7424"},{"taxonomy":"tracteur","embeddable":true,"href":"https:\/\/edel.fr\/en\/wp-json\/wp\/v2\/tracteur?post=7424"}],"curies":[{"name":"wp","href":"https:\/\/api.w.org\/{rel}","templated":true}]}}