{"id":7435,"date":"2020-10-20T09:32:10","date_gmt":"2020-10-20T07:32:10","guid":{"rendered":"https:\/\/www.edel.fr\/?post_type=product&#038;p=7435"},"modified":"2026-03-25T15:25:50","modified_gmt":"2026-03-25T14:25:50","slug":"ensemble-mwm-d226-b-atmo","status":"publish","type":"product","link":"https:\/\/edel.fr\/en\/product\/ensemble-mwm-d226-b-atmo\/","title":{"rendered":"Ensemble origine KS Moteur MWM D226B ATMO Tracteur Agricole"},"content":{"rendered":"<div data-elementor-type=\"wp-post\" data-elementor-id=\"7435\" class=\"elementor elementor-7435\">\n\t\t\t\t\t\t<section class=\"elementor-section elementor-top-section elementor-element elementor-element-27111e87 elementor-section-boxed elementor-section-height-default elementor-section-height-default\" data-id=\"27111e87\" data-element_type=\"section\" data-e-type=\"section\">\n\t\t\t\t\t\t<div class=\"elementor-container elementor-column-gap-default\">\n\t\t\t\t\t<div class=\"elementor-column elementor-col-100 elementor-top-column elementor-element elementor-element-72d3bc81\" data-id=\"72d3bc81\" data-element_type=\"column\" data-e-type=\"column\">\n\t\t\t<div class=\"elementor-widget-wrap elementor-element-populated\">\n\t\t\t\t\t\t<div class=\"elementor-element elementor-element-4f43452b elementor-widget elementor-widget-heading\" data-id=\"4f43452b\" data-element_type=\"widget\" data-e-type=\"widget\" data-widget_type=\"heading.default\">\n\t\t\t\t<div class=\"elementor-widget-container\">\n\t\t\t\t\t<h2 class=\"elementor-heading-title elementor-size-default\">ENSEMBLE MWM - D 226 B ATMOSPHERIQUE - Cylindre Chemise Piston Segments Tracteur Agricole<\/h2>\t\t\t\t<\/div>\n\t\t\t\t<\/div>\n\t\t\t\t<div class=\"elementor-element elementor-element-7778b6d1 elementor-widget elementor-widget-heading\" data-id=\"7778b6d1\" data-element_type=\"widget\" data-e-type=\"widget\" data-widget_type=\"heading.default\">\n\t\t\t\t<div class=\"elementor-widget-container\">\n\t\t\t\t\t<h3 class=\"elementor-heading-title elementor-size-default\">Information du produit :<\/h3>\t\t\t\t<\/div>\n\t\t\t\t<\/div>\n\t\t\t\t\t<\/div>\n\t\t<\/div>\n\t\t\t\t\t<\/div>\n\t\t<\/section>\n\t\t\t\t<section class=\"elementor-section elementor-top-section elementor-element elementor-element-290ca7d1 elementor-section-boxed elementor-section-height-default elementor-section-height-default\" data-id=\"290ca7d1\" data-element_type=\"section\" data-e-type=\"section\">\n\t\t\t\t\t\t<div class=\"elementor-container elementor-column-gap-default\">\n\t\t\t\t\t<div class=\"elementor-column elementor-col-100 elementor-top-column elementor-element elementor-element-773f35b7\" data-id=\"773f35b7\" data-element_type=\"column\" data-e-type=\"column\">\n\t\t\t<div class=\"elementor-widget-wrap elementor-element-populated\">\n\t\t\t\t\t\t<div class=\"elementor-element elementor-element-7774c225 elementor-widget elementor-widget-text-editor\" data-id=\"7774c225\" data-element_type=\"widget\" data-e-type=\"widget\" data-widget_type=\"text-editor.default\">\n\t\t\t\t<div class=\"elementor-widget-container\">\n\t\t\t\t\t\t\t\t\t<div>L\u2019ensemble chemise\/piston\/segments, sont des pi\u00e8ces fondamentales du moteur thermique. Elles assurent le bon d\u00e9roulement de la combustion interne, ainsi que l\u2019exploitation de cette derni\u00e8re.<\/div><div><p>Edel Shop vous propose une cylindr\u00e9e compl\u00e8te, chemise, piston, segments pour moteur MWM D226B ATMOSPHERIQUE.<br \/>Qualit\u00e9 origine Germany, marque KS ou MAHLE.<\/p><\/div><p>** Attention, ne convient pas pour moteur D226<span style=\"font-weight: bold\">\u00a0<\/span>**<\/p>\t\t\t\t\t\t\t\t<\/div>\n\t\t\t\t<\/div>\n\t\t\t\t\t<\/div>\n\t\t<\/div>\n\t\t\t\t\t<\/div>\n\t\t<\/section>\n\t\t\t\t<\/div>","protected":false},"excerpt":{"rendered":"<p>ENSEMBLE MWM &#8211; D 226 B ATMOSPHERIQUE &#8211; Cylindre Chemise Piston Segments Tracteur Agricole Information du produit : L\u2019ensemble chemise\/piston\/segments, sont des pi\u00e8ces fondamentales du moteur thermique. Elles assurent le bon d\u00e9roulement de la combustion interne, ainsi que l\u2019exploitation de cette derni\u00e8re. Edel Shop vous propose une cylindr\u00e9e compl\u00e8te, chemise, piston, segments pour moteur MWM<br \/><a class=\"more-link\" href=\"https:\/\/edel.fr\/en\/product\/ensemble-mwm-d226-b-atmo\/\"><br \/>\n        Read More<span class=\"screen-reader-text\"> \u00ab\u00a0Ensemble origine KS Moteur MWM D226B ATMO Tracteur Agricole\u00a0\u00bb<\/span><\/a><\/p>","protected":false},"featured_media":7436,"template":"","meta":[],"product_brand":[],"product_cat":[2500,153,119],"product_tag":[],"tracteur":[],"class_list":{"0":"post-7435","1":"product","2":"type-product","3":"status-publish","4":"has-post-thumbnail","6":"product_cat-ensemble-chemise-piston-segments","7":"product_cat-pieces-moteur","8":"product_cat-tracteurs-agricoles","9":"product_shipping_class-142","10":"pa_fabriquant-ks","11":"pa_marque-moteur-moteur-mwm","12":"pa_qualite-origine","13":"pa_type-moteur-d226b","14":"badges-style-2","16":"first","17":"instock","18":"taxable","19":"shipping-taxable","20":"purchasable","21":"product-type-simple"},"acf":[],"yoast_head":"<!-- This site is optimized with the Yoast SEO plugin v27.3 - https:\/\/yoast.com\/product\/yoast-seo-wordpress\/ -->\n<title>Ensemble origine KS Moteur MWM D226B ATMO Tracteur Agricole - Edel<\/title>\n<meta name=\"robots\" content=\"index, follow, max-snippet:-1, max-image-preview:large, max-video-preview:-1\" \/>\n<link rel=\"canonical\" href=\"https:\/\/edel.fr\/en\/product\/ensemble-mwm-d226-b-atmo\/\" \/>\n<meta property=\"og:locale\" content=\"en_US\" \/>\n<meta property=\"og:type\" content=\"article\" \/>\n<meta property=\"og:title\" content=\"Ensemble origine KS Moteur MWM D226B ATMO Tracteur Agricole - Edel\" \/>\n<meta property=\"og:description\" content=\"ENSEMBLE MWM &#8211; D 226 B ATMOSPHERIQUE &#8211; Cylindre Chemise Piston Segments Tracteur Agricole Information du produit : L\u2019ensemble chemise\/piston\/segments, sont des pi\u00e8ces fondamentales du moteur thermique. Elles assurent le bon d\u00e9roulement de la combustion interne, ainsi que l\u2019exploitation de cette derni\u00e8re. Edel Shop vous propose une cylindr\u00e9e compl\u00e8te, chemise, piston, segments pour moteur MWM     Read More &quot;Ensemble origine KS Moteur MWM D226B ATMO Tracteur Agricole&quot;\" \/>\n<meta property=\"og:url\" content=\"https:\/\/edel.fr\/en\/product\/ensemble-mwm-d226-b-atmo\/\" \/>\n<meta property=\"og:site_name\" content=\"Edel\" \/>\n<meta property=\"article:modified_time\" content=\"2026-03-25T14:25:50+00:00\" \/>\n<meta property=\"og:image\" content=\"https:\/\/edel.fr\/uploads\/2020\/10\/ensemble-d226b.jpg\" \/>\n\t<meta property=\"og:image:width\" content=\"1512\" \/>\n\t<meta property=\"og:image:height\" content=\"1864\" \/>\n\t<meta property=\"og:image:type\" content=\"image\/jpeg\" \/>\n<meta name=\"twitter:card\" content=\"summary_large_image\" \/>\n<meta name=\"twitter:label1\" content=\"Est. reading time\" \/>\n\t<meta name=\"twitter:data1\" content=\"1 minute\" \/>\n<script type=\"application\/ld+json\" class=\"yoast-schema-graph\">{\"@context\":\"https:\\\/\\\/schema.org\",\"@graph\":[{\"@type\":\"WebPage\",\"@id\":\"https:\\\/\\\/edel.fr\\\/produit\\\/ensemble-mwm-d226-b-atmo\\\/\",\"url\":\"https:\\\/\\\/edel.fr\\\/produit\\\/ensemble-mwm-d226-b-atmo\\\/\",\"name\":\"Ensemble origine KS Moteur MWM D226B ATMO Tracteur Agricole - Edel\",\"isPartOf\":{\"@id\":\"https:\\\/\\\/www.edel.fr\\\/en\\\/#website\"},\"primaryImageOfPage\":{\"@id\":\"https:\\\/\\\/edel.fr\\\/produit\\\/ensemble-mwm-d226-b-atmo\\\/#primaryimage\"},\"image\":{\"@id\":\"https:\\\/\\\/edel.fr\\\/produit\\\/ensemble-mwm-d226-b-atmo\\\/#primaryimage\"},\"thumbnailUrl\":\"https:\\\/\\\/edel.fr\\\/uploads\\\/2020\\\/10\\\/ensemble-d226b.jpg\",\"datePublished\":\"2020-10-20T07:32:10+00:00\",\"dateModified\":\"2026-03-25T14:25:50+00:00\",\"breadcrumb\":{\"@id\":\"https:\\\/\\\/edel.fr\\\/produit\\\/ensemble-mwm-d226-b-atmo\\\/#breadcrumb\"},\"inLanguage\":\"en-US\",\"potentialAction\":[{\"@type\":\"ReadAction\",\"target\":[\"https:\\\/\\\/edel.fr\\\/produit\\\/ensemble-mwm-d226-b-atmo\\\/\"]}]},{\"@type\":\"ImageObject\",\"inLanguage\":\"en-US\",\"@id\":\"https:\\\/\\\/edel.fr\\\/produit\\\/ensemble-mwm-d226-b-atmo\\\/#primaryimage\",\"url\":\"https:\\\/\\\/edel.fr\\\/uploads\\\/2020\\\/10\\\/ensemble-d226b.jpg\",\"contentUrl\":\"https:\\\/\\\/edel.fr\\\/uploads\\\/2020\\\/10\\\/ensemble-d226b.jpg\",\"width\":1512,\"height\":1864},{\"@type\":\"BreadcrumbList\",\"@id\":\"https:\\\/\\\/edel.fr\\\/produit\\\/ensemble-mwm-d226-b-atmo\\\/#breadcrumb\",\"itemListElement\":[{\"@type\":\"ListItem\",\"position\":1,\"name\":\"Pi\u00e8ce Tracteur\",\"item\":\"https:\\\/\\\/www.edel.fr\\\/en\\\/\"},{\"@type\":\"ListItem\",\"position\":2,\"name\":\"Toutes nos pi\u00e8ces Tracteur\",\"item\":\"https:\\\/\\\/edel.fr\\\/shop\\\/\"},{\"@type\":\"ListItem\",\"position\":3,\"name\":\"Ensemble origine KS Moteur MWM D226B ATMO Tracteur Agricole\"}]},{\"@type\":\"WebSite\",\"@id\":\"https:\\\/\\\/www.edel.fr\\\/en\\\/#website\",\"url\":\"https:\\\/\\\/www.edel.fr\\\/en\\\/\",\"name\":\"Edel\",\"description\":\"Pi\u00e8ce d\u00e9tach\u00e9e de Tracteur Agricole\",\"publisher\":{\"@id\":\"https:\\\/\\\/www.edel.fr\\\/en\\\/#organization\"},\"potentialAction\":[{\"@type\":\"SearchAction\",\"target\":{\"@type\":\"EntryPoint\",\"urlTemplate\":\"https:\\\/\\\/www.edel.fr\\\/en\\\/?s={search_term_string}\"},\"query-input\":{\"@type\":\"PropertyValueSpecification\",\"valueRequired\":true,\"valueName\":\"search_term_string\"}}],\"inLanguage\":\"en-US\"},{\"@type\":\"Organization\",\"@id\":\"https:\\\/\\\/www.edel.fr\\\/en\\\/#organization\",\"name\":\"Edel\",\"url\":\"https:\\\/\\\/www.edel.fr\\\/en\\\/\",\"logo\":{\"@type\":\"ImageObject\",\"inLanguage\":\"en-US\",\"@id\":\"https:\\\/\\\/www.edel.fr\\\/en\\\/#\\\/schema\\\/logo\\\/image\\\/\",\"url\":\"https:\\\/\\\/www.edel.fr\\\/uploads\\\/2018\\\/11\\\/logo-edel.png\",\"contentUrl\":\"https:\\\/\\\/www.edel.fr\\\/uploads\\\/2018\\\/11\\\/logo-edel.png\",\"width\":257,\"height\":68,\"caption\":\"Edel\"},\"image\":{\"@id\":\"https:\\\/\\\/www.edel.fr\\\/en\\\/#\\\/schema\\\/logo\\\/image\\\/\"}}]}<\/script>\n<!-- \/ Yoast SEO plugin. -->","yoast_head_json":{"title":"Ensemble origine KS Moteur MWM D226B ATMO Tracteur Agricole - Edel","robots":{"index":"index","follow":"follow","max-snippet":"max-snippet:-1","max-image-preview":"max-image-preview:large","max-video-preview":"max-video-preview:-1"},"canonical":"https:\/\/edel.fr\/en\/product\/ensemble-mwm-d226-b-atmo\/","og_locale":"en_US","og_type":"article","og_title":"Ensemble origine KS Moteur MWM D226B ATMO Tracteur Agricole - Edel","og_description":"ENSEMBLE MWM &#8211; D 226 B ATMOSPHERIQUE &#8211; Cylindre Chemise Piston Segments Tracteur Agricole Information du produit : L\u2019ensemble chemise\/piston\/segments, sont des pi\u00e8ces fondamentales du moteur thermique. Elles assurent le bon d\u00e9roulement de la combustion interne, ainsi que l\u2019exploitation de cette derni\u00e8re. Edel Shop vous propose une cylindr\u00e9e compl\u00e8te, chemise, piston, segments pour moteur MWM     Read More \"Ensemble origine KS Moteur MWM D226B ATMO Tracteur Agricole\"","og_url":"https:\/\/edel.fr\/en\/product\/ensemble-mwm-d226-b-atmo\/","og_site_name":"Edel","article_modified_time":"2026-03-25T14:25:50+00:00","og_image":[{"width":1512,"height":1864,"url":"https:\/\/edel.fr\/uploads\/2020\/10\/ensemble-d226b.jpg","type":"image\/jpeg"}],"twitter_card":"summary_large_image","twitter_misc":{"Est. reading time":"1 minute"},"schema":{"@context":"https:\/\/schema.org","@graph":[{"@type":"WebPage","@id":"https:\/\/edel.fr\/produit\/ensemble-mwm-d226-b-atmo\/","url":"https:\/\/edel.fr\/produit\/ensemble-mwm-d226-b-atmo\/","name":"Ensemble origine KS Moteur MWM D226B ATMO Tracteur Agricole - Edel","isPartOf":{"@id":"https:\/\/www.edel.fr\/en\/#website"},"primaryImageOfPage":{"@id":"https:\/\/edel.fr\/produit\/ensemble-mwm-d226-b-atmo\/#primaryimage"},"image":{"@id":"https:\/\/edel.fr\/produit\/ensemble-mwm-d226-b-atmo\/#primaryimage"},"thumbnailUrl":"https:\/\/edel.fr\/uploads\/2020\/10\/ensemble-d226b.jpg","datePublished":"2020-10-20T07:32:10+00:00","dateModified":"2026-03-25T14:25:50+00:00","breadcrumb":{"@id":"https:\/\/edel.fr\/produit\/ensemble-mwm-d226-b-atmo\/#breadcrumb"},"inLanguage":"en-US","potentialAction":[{"@type":"ReadAction","target":["https:\/\/edel.fr\/produit\/ensemble-mwm-d226-b-atmo\/"]}]},{"@type":"ImageObject","inLanguage":"en-US","@id":"https:\/\/edel.fr\/produit\/ensemble-mwm-d226-b-atmo\/#primaryimage","url":"https:\/\/edel.fr\/uploads\/2020\/10\/ensemble-d226b.jpg","contentUrl":"https:\/\/edel.fr\/uploads\/2020\/10\/ensemble-d226b.jpg","width":1512,"height":1864},{"@type":"BreadcrumbList","@id":"https:\/\/edel.fr\/produit\/ensemble-mwm-d226-b-atmo\/#breadcrumb","itemListElement":[{"@type":"ListItem","position":1,"name":"Pi\u00e8ce Tracteur","item":"https:\/\/www.edel.fr\/en\/"},{"@type":"ListItem","position":2,"name":"Toutes nos pi\u00e8ces Tracteur","item":"https:\/\/edel.fr\/shop\/"},{"@type":"ListItem","position":3,"name":"Ensemble origine KS Moteur MWM D226B ATMO Tracteur Agricole"}]},{"@type":"WebSite","@id":"https:\/\/www.edel.fr\/en\/#website","url":"https:\/\/www.edel.fr\/en\/","name":"Edel","description":"Pi\u00e8ce d\u00e9tach\u00e9e de Tracteur Agricole","publisher":{"@id":"https:\/\/www.edel.fr\/en\/#organization"},"potentialAction":[{"@type":"SearchAction","target":{"@type":"EntryPoint","urlTemplate":"https:\/\/www.edel.fr\/en\/?s={search_term_string}"},"query-input":{"@type":"PropertyValueSpecification","valueRequired":true,"valueName":"search_term_string"}}],"inLanguage":"en-US"},{"@type":"Organization","@id":"https:\/\/www.edel.fr\/en\/#organization","name":"Edel","url":"https:\/\/www.edel.fr\/en\/","logo":{"@type":"ImageObject","inLanguage":"en-US","@id":"https:\/\/www.edel.fr\/en\/#\/schema\/logo\/image\/","url":"https:\/\/www.edel.fr\/uploads\/2018\/11\/logo-edel.png","contentUrl":"https:\/\/www.edel.fr\/uploads\/2018\/11\/logo-edel.png","width":257,"height":68,"caption":"Edel"},"image":{"@id":"https:\/\/www.edel.fr\/en\/#\/schema\/logo\/image\/"}}]}},"_links":{"self":[{"href":"https:\/\/edel.fr\/en\/wp-json\/wp\/v2\/product\/7435","targetHints":{"allow":["GET"]}}],"collection":[{"href":"https:\/\/edel.fr\/en\/wp-json\/wp\/v2\/product"}],"about":[{"href":"https:\/\/edel.fr\/en\/wp-json\/wp\/v2\/types\/product"}],"version-history":[{"count":2,"href":"https:\/\/edel.fr\/en\/wp-json\/wp\/v2\/product\/7435\/revisions"}],"predecessor-version":[{"id":19968,"href":"https:\/\/edel.fr\/en\/wp-json\/wp\/v2\/product\/7435\/revisions\/19968"}],"wp:featuredmedia":[{"embeddable":true,"href":"https:\/\/edel.fr\/en\/wp-json\/wp\/v2\/media\/7436"}],"wp:attachment":[{"href":"https:\/\/edel.fr\/en\/wp-json\/wp\/v2\/media?parent=7435"}],"wp:term":[{"taxonomy":"product_brand","embeddable":true,"href":"https:\/\/edel.fr\/en\/wp-json\/wp\/v2\/product_brand?post=7435"},{"taxonomy":"product_cat","embeddable":true,"href":"https:\/\/edel.fr\/en\/wp-json\/wp\/v2\/product_cat?post=7435"},{"taxonomy":"product_tag","embeddable":true,"href":"https:\/\/edel.fr\/en\/wp-json\/wp\/v2\/product_tag?post=7435"},{"taxonomy":"tracteur","embeddable":true,"href":"https:\/\/edel.fr\/en\/wp-json\/wp\/v2\/tracteur?post=7435"}],"curies":[{"name":"wp","href":"https:\/\/api.w.org\/{rel}","templated":true}]}}