{"id":7453,"date":"2020-10-20T10:56:20","date_gmt":"2020-10-20T08:56:20","guid":{"rendered":"https:\/\/www.edel.fr\/?post_type=product&#038;p=7453"},"modified":"2026-04-01T17:19:48","modified_gmt":"2026-04-01T15:19:48","slug":"pochette-rodage-d-227-1-mm","status":"publish","type":"product","link":"https:\/\/edel.fr\/en\/product\/pochette-rodage-d-227-1-mm\/","title":{"rendered":"Pochette rodage origine OEM Moteur MWM D227 Tracteur agricole"},"content":{"rendered":"<div data-elementor-type=\"wp-post\" data-elementor-id=\"7453\" class=\"elementor elementor-7453\">\n\t\t\t\t\t\t<section class=\"elementor-section elementor-top-section elementor-element elementor-element-5ad4cdc7 elementor-section-boxed elementor-section-height-default elementor-section-height-default\" data-id=\"5ad4cdc7\" data-element_type=\"section\" data-e-type=\"section\">\n\t\t\t\t\t\t<div class=\"elementor-container elementor-column-gap-default\">\n\t\t\t\t\t<div class=\"elementor-column elementor-col-100 elementor-top-column elementor-element elementor-element-49e0850b\" data-id=\"49e0850b\" data-element_type=\"column\" data-e-type=\"column\">\n\t\t\t<div class=\"elementor-widget-wrap elementor-element-populated\">\n\t\t\t\t\t\t<div class=\"elementor-element elementor-element-2e41a92f elementor-widget elementor-widget-heading\" data-id=\"2e41a92f\" data-element_type=\"widget\" data-e-type=\"widget\" data-widget_type=\"heading.default\">\n\t\t\t\t<div class=\"elementor-widget-container\">\n\t\t\t\t\t<h2 class=\"elementor-heading-title elementor-size-default\">POCHETTE RODAGE MWM D227 -\u00a0 1 Mm\u00a0<\/h2>\t\t\t\t<\/div>\n\t\t\t\t<\/div>\n\t\t\t\t<div class=\"elementor-element elementor-element-17d604f3 elementor-widget elementor-widget-heading\" data-id=\"17d604f3\" data-element_type=\"widget\" data-e-type=\"widget\" data-widget_type=\"heading.default\">\n\t\t\t\t<div class=\"elementor-widget-container\">\n\t\t\t\t\t<h3 class=\"elementor-heading-title elementor-size-default\">Information du produit :<\/h3>\t\t\t\t<\/div>\n\t\t\t\t<\/div>\n\t\t\t\t\t<\/div>\n\t\t<\/div>\n\t\t\t\t\t<\/div>\n\t\t<\/section>\n\t\t\t\t<section class=\"elementor-section elementor-top-section elementor-element elementor-element-290ca7d1 elementor-section-boxed elementor-section-height-default elementor-section-height-default\" data-id=\"290ca7d1\" data-element_type=\"section\" data-e-type=\"section\">\n\t\t\t\t\t\t<div class=\"elementor-container elementor-column-gap-default\">\n\t\t\t\t\t<div class=\"elementor-column elementor-col-100 elementor-top-column elementor-element elementor-element-773f35b7\" data-id=\"773f35b7\" data-element_type=\"column\" data-e-type=\"column\">\n\t\t\t<div class=\"elementor-widget-wrap elementor-element-populated\">\n\t\t\t\t\t\t<div class=\"elementor-element elementor-element-7774c225 elementor-widget elementor-widget-text-editor\" data-id=\"7774c225\" data-element_type=\"widget\" data-e-type=\"widget\" data-widget_type=\"text-editor.default\">\n\t\t\t\t<div class=\"elementor-widget-container\">\n\t\t\t\t\t\t\t\t\t<div>Avec joint de culasse \u00e9paisseur 1,0 mm.<\/div><div>\u00a0<\/div><div><div>Qualit\u00e9 origine Reintz, Goetz ou Elring selon arrivage.<\/div><\/div>\t\t\t\t\t\t\t\t<\/div>\n\t\t\t\t<\/div>\n\t\t\t\t\t<\/div>\n\t\t<\/div>\n\t\t\t\t\t<\/div>\n\t\t<\/section>\n\t\t\t\t<\/div>","protected":false},"excerpt":{"rendered":"<p><strong>Joint de culasse \u00e9paisseur 1mm\u00a0<\/strong><\/p>\n<p><strong>Pour cylindr\u00e9es MWM axe de piston 32 mm<\/strong><\/p>","protected":false},"featured_media":7454,"template":"","meta":[],"product_brand":[],"product_cat":[153,207,119],"product_tag":[],"tracteur":[],"class_list":{"0":"post-7453","1":"product","2":"type-product","3":"status-publish","4":"has-post-thumbnail","6":"product_cat-pieces-moteur","7":"product_cat-pochettes-joints-rodage","8":"product_cat-tracteurs-agricoles","9":"product_shipping_class-142","10":"pa_fabriquant-elring","11":"pa_fabriquant-victor-reinz","12":"pa_marque-moteur-moteur-mwm","13":"pa_qualite-origine","14":"pa_type-moteur-d227","15":"badges-style-2","17":"first","18":"instock","19":"taxable","20":"shipping-taxable","21":"purchasable","22":"product-type-simple"},"acf":[],"yoast_head":"<!-- This site is optimized with the Yoast SEO plugin v27.3 - https:\/\/yoast.com\/product\/yoast-seo-wordpress\/ -->\n<title>Pochette rodage origine OEM Moteur MWM D227 Tracteur agricole - Edel<\/title>\n<meta name=\"robots\" content=\"index, follow, max-snippet:-1, max-image-preview:large, max-video-preview:-1\" \/>\n<link rel=\"canonical\" href=\"https:\/\/edel.fr\/en\/product\/pochette-rodage-d-227-1-mm\/\" \/>\n<meta property=\"og:locale\" content=\"en_US\" \/>\n<meta property=\"og:type\" content=\"article\" \/>\n<meta property=\"og:title\" content=\"Pochette rodage origine OEM Moteur MWM D227 Tracteur agricole - Edel\" \/>\n<meta property=\"og:description\" content=\"Joint de culasse \u00e9paisseur 1mm\u00a0  Pour cylindr\u00e9es MWM axe de piston 32 mm\" \/>\n<meta property=\"og:url\" content=\"https:\/\/edel.fr\/en\/product\/pochette-rodage-d-227-1-mm\/\" \/>\n<meta property=\"og:site_name\" content=\"Edel\" \/>\n<meta property=\"article:modified_time\" content=\"2026-04-01T15:19:48+00:00\" \/>\n<meta property=\"og:image\" content=\"https:\/\/edel.fr\/uploads\/2020\/10\/pochette-rodage-1mm.jpg\" \/>\n\t<meta property=\"og:image:width\" content=\"1512\" \/>\n\t<meta property=\"og:image:height\" content=\"1587\" \/>\n\t<meta property=\"og:image:type\" content=\"image\/jpeg\" \/>\n<meta name=\"twitter:card\" content=\"summary_large_image\" \/>\n<meta name=\"twitter:label1\" content=\"Est. reading time\" \/>\n\t<meta name=\"twitter:data1\" content=\"1 minute\" \/>\n<script type=\"application\/ld+json\" class=\"yoast-schema-graph\">{\"@context\":\"https:\\\/\\\/schema.org\",\"@graph\":[{\"@type\":\"WebPage\",\"@id\":\"https:\\\/\\\/edel.fr\\\/en\\\/product\\\/pochette-rodage-d-227-1-mm\\\/\",\"url\":\"https:\\\/\\\/edel.fr\\\/en\\\/product\\\/pochette-rodage-d-227-1-mm\\\/\",\"name\":\"Pochette rodage origine OEM Moteur MWM D227 Tracteur agricole - Edel\",\"isPartOf\":{\"@id\":\"https:\\\/\\\/www.edel.fr\\\/en\\\/#website\"},\"primaryImageOfPage\":{\"@id\":\"https:\\\/\\\/edel.fr\\\/en\\\/product\\\/pochette-rodage-d-227-1-mm\\\/#primaryimage\"},\"image\":{\"@id\":\"https:\\\/\\\/edel.fr\\\/en\\\/product\\\/pochette-rodage-d-227-1-mm\\\/#primaryimage\"},\"thumbnailUrl\":\"https:\\\/\\\/edel.fr\\\/uploads\\\/2020\\\/10\\\/pochette-rodage-1mm.jpg\",\"datePublished\":\"2020-10-20T08:56:20+00:00\",\"dateModified\":\"2026-04-01T15:19:48+00:00\",\"breadcrumb\":{\"@id\":\"https:\\\/\\\/edel.fr\\\/en\\\/product\\\/pochette-rodage-d-227-1-mm\\\/#breadcrumb\"},\"inLanguage\":\"en-US\",\"potentialAction\":[{\"@type\":\"ReadAction\",\"target\":[\"https:\\\/\\\/edel.fr\\\/en\\\/product\\\/pochette-rodage-d-227-1-mm\\\/\"]}]},{\"@type\":\"ImageObject\",\"inLanguage\":\"en-US\",\"@id\":\"https:\\\/\\\/edel.fr\\\/en\\\/product\\\/pochette-rodage-d-227-1-mm\\\/#primaryimage\",\"url\":\"https:\\\/\\\/edel.fr\\\/uploads\\\/2020\\\/10\\\/pochette-rodage-1mm.jpg\",\"contentUrl\":\"https:\\\/\\\/edel.fr\\\/uploads\\\/2020\\\/10\\\/pochette-rodage-1mm.jpg\",\"width\":1512,\"height\":1587},{\"@type\":\"BreadcrumbList\",\"@id\":\"https:\\\/\\\/edel.fr\\\/en\\\/product\\\/pochette-rodage-d-227-1-mm\\\/#breadcrumb\",\"itemListElement\":[{\"@type\":\"ListItem\",\"position\":1,\"name\":\"Pi\u00e8ce Tracteur\",\"item\":\"https:\\\/\\\/www.edel.fr\\\/en\\\/\"},{\"@type\":\"ListItem\",\"position\":2,\"name\":\"Toutes nos pi\u00e8ces Tracteur\",\"item\":\"https:\\\/\\\/edel.fr\\\/shop\\\/\"},{\"@type\":\"ListItem\",\"position\":3,\"name\":\"Pochette rodage origine OEM Moteur MWM D227 Tracteur agricole\"}]},{\"@type\":\"WebSite\",\"@id\":\"https:\\\/\\\/www.edel.fr\\\/en\\\/#website\",\"url\":\"https:\\\/\\\/www.edel.fr\\\/en\\\/\",\"name\":\"Edel\",\"description\":\"Pi\u00e8ce d\u00e9tach\u00e9e de Tracteur Agricole\",\"publisher\":{\"@id\":\"https:\\\/\\\/www.edel.fr\\\/en\\\/#organization\"},\"potentialAction\":[{\"@type\":\"SearchAction\",\"target\":{\"@type\":\"EntryPoint\",\"urlTemplate\":\"https:\\\/\\\/www.edel.fr\\\/en\\\/?s={search_term_string}\"},\"query-input\":{\"@type\":\"PropertyValueSpecification\",\"valueRequired\":true,\"valueName\":\"search_term_string\"}}],\"inLanguage\":\"en-US\"},{\"@type\":\"Organization\",\"@id\":\"https:\\\/\\\/www.edel.fr\\\/en\\\/#organization\",\"name\":\"Edel\",\"url\":\"https:\\\/\\\/www.edel.fr\\\/en\\\/\",\"logo\":{\"@type\":\"ImageObject\",\"inLanguage\":\"en-US\",\"@id\":\"https:\\\/\\\/www.edel.fr\\\/en\\\/#\\\/schema\\\/logo\\\/image\\\/\",\"url\":\"https:\\\/\\\/www.edel.fr\\\/uploads\\\/2018\\\/11\\\/logo-edel.png\",\"contentUrl\":\"https:\\\/\\\/www.edel.fr\\\/uploads\\\/2018\\\/11\\\/logo-edel.png\",\"width\":257,\"height\":68,\"caption\":\"Edel\"},\"image\":{\"@id\":\"https:\\\/\\\/www.edel.fr\\\/en\\\/#\\\/schema\\\/logo\\\/image\\\/\"}}]}<\/script>\n<!-- \/ Yoast SEO plugin. -->","yoast_head_json":{"title":"Pochette rodage origine OEM Moteur MWM D227 Tracteur agricole - Edel","robots":{"index":"index","follow":"follow","max-snippet":"max-snippet:-1","max-image-preview":"max-image-preview:large","max-video-preview":"max-video-preview:-1"},"canonical":"https:\/\/edel.fr\/en\/product\/pochette-rodage-d-227-1-mm\/","og_locale":"en_US","og_type":"article","og_title":"Pochette rodage origine OEM Moteur MWM D227 Tracteur agricole - Edel","og_description":"Joint de culasse \u00e9paisseur 1mm\u00a0  Pour cylindr\u00e9es MWM axe de piston 32 mm","og_url":"https:\/\/edel.fr\/en\/product\/pochette-rodage-d-227-1-mm\/","og_site_name":"Edel","article_modified_time":"2026-04-01T15:19:48+00:00","og_image":[{"width":1512,"height":1587,"url":"https:\/\/edel.fr\/uploads\/2020\/10\/pochette-rodage-1mm.jpg","type":"image\/jpeg"}],"twitter_card":"summary_large_image","twitter_misc":{"Est. reading time":"1 minute"},"schema":{"@context":"https:\/\/schema.org","@graph":[{"@type":"WebPage","@id":"https:\/\/edel.fr\/en\/product\/pochette-rodage-d-227-1-mm\/","url":"https:\/\/edel.fr\/en\/product\/pochette-rodage-d-227-1-mm\/","name":"Pochette rodage origine OEM Moteur MWM D227 Tracteur agricole - Edel","isPartOf":{"@id":"https:\/\/www.edel.fr\/en\/#website"},"primaryImageOfPage":{"@id":"https:\/\/edel.fr\/en\/product\/pochette-rodage-d-227-1-mm\/#primaryimage"},"image":{"@id":"https:\/\/edel.fr\/en\/product\/pochette-rodage-d-227-1-mm\/#primaryimage"},"thumbnailUrl":"https:\/\/edel.fr\/uploads\/2020\/10\/pochette-rodage-1mm.jpg","datePublished":"2020-10-20T08:56:20+00:00","dateModified":"2026-04-01T15:19:48+00:00","breadcrumb":{"@id":"https:\/\/edel.fr\/en\/product\/pochette-rodage-d-227-1-mm\/#breadcrumb"},"inLanguage":"en-US","potentialAction":[{"@type":"ReadAction","target":["https:\/\/edel.fr\/en\/product\/pochette-rodage-d-227-1-mm\/"]}]},{"@type":"ImageObject","inLanguage":"en-US","@id":"https:\/\/edel.fr\/en\/product\/pochette-rodage-d-227-1-mm\/#primaryimage","url":"https:\/\/edel.fr\/uploads\/2020\/10\/pochette-rodage-1mm.jpg","contentUrl":"https:\/\/edel.fr\/uploads\/2020\/10\/pochette-rodage-1mm.jpg","width":1512,"height":1587},{"@type":"BreadcrumbList","@id":"https:\/\/edel.fr\/en\/product\/pochette-rodage-d-227-1-mm\/#breadcrumb","itemListElement":[{"@type":"ListItem","position":1,"name":"Pi\u00e8ce Tracteur","item":"https:\/\/www.edel.fr\/en\/"},{"@type":"ListItem","position":2,"name":"Toutes nos pi\u00e8ces Tracteur","item":"https:\/\/edel.fr\/shop\/"},{"@type":"ListItem","position":3,"name":"Pochette rodage origine OEM Moteur MWM D227 Tracteur agricole"}]},{"@type":"WebSite","@id":"https:\/\/www.edel.fr\/en\/#website","url":"https:\/\/www.edel.fr\/en\/","name":"Edel","description":"Pi\u00e8ce d\u00e9tach\u00e9e de Tracteur Agricole","publisher":{"@id":"https:\/\/www.edel.fr\/en\/#organization"},"potentialAction":[{"@type":"SearchAction","target":{"@type":"EntryPoint","urlTemplate":"https:\/\/www.edel.fr\/en\/?s={search_term_string}"},"query-input":{"@type":"PropertyValueSpecification","valueRequired":true,"valueName":"search_term_string"}}],"inLanguage":"en-US"},{"@type":"Organization","@id":"https:\/\/www.edel.fr\/en\/#organization","name":"Edel","url":"https:\/\/www.edel.fr\/en\/","logo":{"@type":"ImageObject","inLanguage":"en-US","@id":"https:\/\/www.edel.fr\/en\/#\/schema\/logo\/image\/","url":"https:\/\/www.edel.fr\/uploads\/2018\/11\/logo-edel.png","contentUrl":"https:\/\/www.edel.fr\/uploads\/2018\/11\/logo-edel.png","width":257,"height":68,"caption":"Edel"},"image":{"@id":"https:\/\/www.edel.fr\/en\/#\/schema\/logo\/image\/"}}]}},"_links":{"self":[{"href":"https:\/\/edel.fr\/en\/wp-json\/wp\/v2\/product\/7453","targetHints":{"allow":["GET"]}}],"collection":[{"href":"https:\/\/edel.fr\/en\/wp-json\/wp\/v2\/product"}],"about":[{"href":"https:\/\/edel.fr\/en\/wp-json\/wp\/v2\/types\/product"}],"version-history":[{"count":3,"href":"https:\/\/edel.fr\/en\/wp-json\/wp\/v2\/product\/7453\/revisions"}],"predecessor-version":[{"id":20086,"href":"https:\/\/edel.fr\/en\/wp-json\/wp\/v2\/product\/7453\/revisions\/20086"}],"wp:featuredmedia":[{"embeddable":true,"href":"https:\/\/edel.fr\/en\/wp-json\/wp\/v2\/media\/7454"}],"wp:attachment":[{"href":"https:\/\/edel.fr\/en\/wp-json\/wp\/v2\/media?parent=7453"}],"wp:term":[{"taxonomy":"product_brand","embeddable":true,"href":"https:\/\/edel.fr\/en\/wp-json\/wp\/v2\/product_brand?post=7453"},{"taxonomy":"product_cat","embeddable":true,"href":"https:\/\/edel.fr\/en\/wp-json\/wp\/v2\/product_cat?post=7453"},{"taxonomy":"product_tag","embeddable":true,"href":"https:\/\/edel.fr\/en\/wp-json\/wp\/v2\/product_tag?post=7453"},{"taxonomy":"tracteur","embeddable":true,"href":"https:\/\/edel.fr\/en\/wp-json\/wp\/v2\/tracteur?post=7453"}],"curies":[{"name":"wp","href":"https:\/\/api.w.org\/{rel}","templated":true}]}}