{"id":7695,"date":"2020-10-26T14:57:18","date_gmt":"2020-10-26T13:57:18","guid":{"rendered":"https:\/\/www.edel.fr\/?post_type=product&#038;p=7695"},"modified":"2025-11-05T21:07:27","modified_gmt":"2025-11-05T20:07:27","slug":"pompe-hydraulique-0510525046","status":"publish","type":"product","link":"https:\/\/edel.fr\/en\/product\/pompe-hydraulique-0510525046\/","title":{"rendered":"Fiat Pompe Hydraulique Tracteur : 0510525046 &#8211; 400 450 460 480&#8230;"},"content":{"rendered":"<div data-elementor-type=\"wp-post\" data-elementor-id=\"7695\" class=\"elementor elementor-7695\">\n\t\t\t\t\t\t<section class=\"elementor-section elementor-top-section elementor-element elementor-element-abbd2af elementor-section-boxed elementor-section-height-default elementor-section-height-default\" data-id=\"abbd2af\" data-element_type=\"section\" data-e-type=\"section\">\n\t\t\t\t\t\t<div class=\"elementor-container elementor-column-gap-default\">\n\t\t\t\t\t<div class=\"elementor-column elementor-col-100 elementor-top-column elementor-element elementor-element-87a9d27\" data-id=\"87a9d27\" data-element_type=\"column\" data-e-type=\"column\">\n\t\t\t<div class=\"elementor-widget-wrap elementor-element-populated\">\n\t\t\t\t\t\t<div class=\"elementor-element elementor-element-596a6678 elementor-widget elementor-widget-heading\" data-id=\"596a6678\" data-element_type=\"widget\" data-e-type=\"widget\" data-widget_type=\"heading.default\">\n\t\t\t\t<div class=\"elementor-widget-container\">\n\t\t\t\t\t<h2 class=\"elementor-heading-title elementor-size-default\">POMPE HYDRAULIQUE SIMPLE<\/h2>\t\t\t\t<\/div>\n\t\t\t\t<\/div>\n\t\t\t\t<div class=\"elementor-element elementor-element-78aeae38 elementor-widget elementor-widget-heading\" data-id=\"78aeae38\" data-element_type=\"widget\" data-e-type=\"widget\" data-widget_type=\"heading.default\">\n\t\t\t\t<div class=\"elementor-widget-container\">\n\t\t\t\t\t<h3 class=\"elementor-heading-title elementor-size-default\">Information du produit :<\/h3>\t\t\t\t<\/div>\n\t\t\t\t<\/div>\n\t\t\t\t\t<\/div>\n\t\t<\/div>\n\t\t\t\t\t<\/div>\n\t\t<\/section>\n\t\t\t\t<section class=\"elementor-section elementor-top-section elementor-element elementor-element-290ca7d1 elementor-section-boxed elementor-section-height-default elementor-section-height-default\" data-id=\"290ca7d1\" data-element_type=\"section\" data-e-type=\"section\">\n\t\t\t\t\t\t<div class=\"elementor-container elementor-column-gap-default\">\n\t\t\t\t\t<div class=\"elementor-column elementor-col-100 elementor-top-column elementor-element elementor-element-773f35b7\" data-id=\"773f35b7\" data-element_type=\"column\" data-e-type=\"column\">\n\t\t\t<div class=\"elementor-widget-wrap elementor-element-populated\">\n\t\t\t\t\t\t<div class=\"elementor-element elementor-element-7774c225 elementor-widget elementor-widget-text-editor\" data-id=\"7774c225\" data-element_type=\"widget\" data-e-type=\"widget\" data-widget_type=\"text-editor.default\">\n\t\t\t\t<div class=\"elementor-widget-container\">\n\t\t\t\t\t\t\t\t\t<p>Marque origine Bosch Rexroth<\/p><div><ul><li><b>\u00c9quivalen<\/b><strong>t\u00a0\u00e0<\/strong> <strong>:<\/strong> <br \/>&#8211; C 22 X<br \/>&#8211; C 25 X<br \/>&#8211; 193.0056<br \/>&#8211; 5130.133<br \/>&#8211; 0 9 006<\/li><\/ul><div>\u00a0<\/div><\/div>\t\t\t\t\t\t\t\t<\/div>\n\t\t\t\t<\/div>\n\t\t\t\t\t<\/div>\n\t\t<\/div>\n\t\t\t\t\t<\/div>\n\t\t<\/section>\n\t\t\t\t<\/div>","protected":false},"excerpt":{"rendered":"<p>POMPE HYDRAULIQUE SIMPLE Information du produit : Marque origine Bosch Rexroth \u00c9quivalent\u00a0\u00e0 : &#8211; C 22 X &#8211; C 25 X &#8211; 193.0056 &#8211; 5130.133 &#8211; 0 9 006<\/p>","protected":false},"featured_media":7683,"template":"","meta":[],"product_brand":[],"product_cat":[155,3988,167,119],"product_tag":[],"tracteur":[],"class_list":{"0":"post-7695","1":"product","2":"type-product","3":"status-publish","4":"has-post-thumbnail","6":"product_cat-hydraulique","7":"product_cat-pompe-hydraulique-fiat-new-holland","8":"product_cat-pompes-hydrauliques","9":"product_cat-tracteurs-agricoles","10":"product_shipping_class-142","11":"pa_fabriquant-bosch","12":"pa_marque-tracteur-fiat-new-holland","13":"pa_type-2-1735","14":"pa_type-2-1146","15":"pa_type-2-1211","16":"pa_type-2-1167","17":"pa_type-2-1736","18":"pa_type-2-1622","19":"pa_type-2-u-445","20":"badges-style-2","22":"first","23":"outofstock","24":"taxable","25":"shipping-taxable","26":"purchasable","27":"product-type-simple"},"acf":[],"yoast_head":"<!-- This site is optimized with the Yoast SEO plugin v27.3 - https:\/\/yoast.com\/product\/yoast-seo-wordpress\/ -->\n<title>Fiat Pompe Hydraulique Tracteur : 0510525046 - 400 450 460 480... - Edel<\/title>\n<meta name=\"description\" content=\"Fiat Pompe Hydraulique Tracteur : 0510525046 - Bosch - 400 450 460 480 500 540 U 445 - C 22 X - C 25 X - 193.0056 - 5130.133 - 0 9 006\" \/>\n<meta name=\"robots\" content=\"index, follow, max-snippet:-1, max-image-preview:large, max-video-preview:-1\" \/>\n<link rel=\"canonical\" href=\"https:\/\/edel.fr\/en\/product\/pompe-hydraulique-0510525046\/\" \/>\n<meta property=\"og:locale\" content=\"en_US\" \/>\n<meta property=\"og:type\" content=\"article\" \/>\n<meta property=\"og:title\" content=\"Fiat Pompe Hydraulique Tracteur : 0510525046 - 400 450 460 480... - Edel\" \/>\n<meta property=\"og:description\" content=\"Fiat Pompe Hydraulique Tracteur : 0510525046 - Bosch - 400 450 460 480 500 540 U 445 - C 22 X - C 25 X - 193.0056 - 5130.133 - 0 9 006\" \/>\n<meta property=\"og:url\" content=\"https:\/\/edel.fr\/en\/product\/pompe-hydraulique-0510525046\/\" \/>\n<meta property=\"og:site_name\" content=\"Edel\" \/>\n<meta property=\"article:modified_time\" content=\"2025-11-05T20:07:27+00:00\" \/>\n<meta property=\"og:image\" content=\"https:\/\/edel.fr\/uploads\/2020\/10\/hydraulique-0510525046.jpg\" \/>\n\t<meta property=\"og:image:width\" content=\"1512\" \/>\n\t<meta property=\"og:image:height\" content=\"1346\" \/>\n\t<meta property=\"og:image:type\" content=\"image\/jpeg\" \/>\n<meta name=\"twitter:card\" content=\"summary_large_image\" \/>\n<meta name=\"twitter:label1\" content=\"Est. reading time\" \/>\n\t<meta name=\"twitter:data1\" content=\"1 minute\" \/>\n<script type=\"application\/ld+json\" class=\"yoast-schema-graph\">{\"@context\":\"https:\\\/\\\/schema.org\",\"@graph\":[{\"@type\":\"WebPage\",\"@id\":\"https:\\\/\\\/edel.fr\\\/produit\\\/pompe-hydraulique-0510525046\\\/\",\"url\":\"https:\\\/\\\/edel.fr\\\/produit\\\/pompe-hydraulique-0510525046\\\/\",\"name\":\"Fiat Pompe Hydraulique Tracteur : 0510525046 - 400 450 460 480... - Edel\",\"isPartOf\":{\"@id\":\"https:\\\/\\\/www.edel.fr\\\/en\\\/#website\"},\"primaryImageOfPage\":{\"@id\":\"https:\\\/\\\/edel.fr\\\/produit\\\/pompe-hydraulique-0510525046\\\/#primaryimage\"},\"image\":{\"@id\":\"https:\\\/\\\/edel.fr\\\/produit\\\/pompe-hydraulique-0510525046\\\/#primaryimage\"},\"thumbnailUrl\":\"https:\\\/\\\/edel.fr\\\/uploads\\\/2020\\\/10\\\/hydraulique-0510525046.jpg\",\"datePublished\":\"2020-10-26T13:57:18+00:00\",\"dateModified\":\"2025-11-05T20:07:27+00:00\",\"description\":\"Fiat Pompe Hydraulique Tracteur : 0510525046 - Bosch - 400 450 460 480 500 540 U 445 - C 22 X - C 25 X - 193.0056 - 5130.133 - 0 9 006\",\"breadcrumb\":{\"@id\":\"https:\\\/\\\/edel.fr\\\/produit\\\/pompe-hydraulique-0510525046\\\/#breadcrumb\"},\"inLanguage\":\"en-US\",\"potentialAction\":[{\"@type\":\"ReadAction\",\"target\":[\"https:\\\/\\\/edel.fr\\\/produit\\\/pompe-hydraulique-0510525046\\\/\"]}]},{\"@type\":\"ImageObject\",\"inLanguage\":\"en-US\",\"@id\":\"https:\\\/\\\/edel.fr\\\/produit\\\/pompe-hydraulique-0510525046\\\/#primaryimage\",\"url\":\"https:\\\/\\\/edel.fr\\\/uploads\\\/2020\\\/10\\\/hydraulique-0510525046.jpg\",\"contentUrl\":\"https:\\\/\\\/edel.fr\\\/uploads\\\/2020\\\/10\\\/hydraulique-0510525046.jpg\",\"width\":1512,\"height\":1346,\"caption\":\"Pompe Hydraulique Fiat 0510525046\"},{\"@type\":\"BreadcrumbList\",\"@id\":\"https:\\\/\\\/edel.fr\\\/produit\\\/pompe-hydraulique-0510525046\\\/#breadcrumb\",\"itemListElement\":[{\"@type\":\"ListItem\",\"position\":1,\"name\":\"Pi\u00e8ce Tracteur\",\"item\":\"https:\\\/\\\/www.edel.fr\\\/en\\\/\"},{\"@type\":\"ListItem\",\"position\":2,\"name\":\"Toutes nos pi\u00e8ces Tracteur\",\"item\":\"https:\\\/\\\/edel.fr\\\/shop\\\/\"},{\"@type\":\"ListItem\",\"position\":3,\"name\":\"Fiat Pompe Hydraulique Tracteur : 0510525046 &#8211; 400 450 460 480&#8230;\"}]},{\"@type\":\"WebSite\",\"@id\":\"https:\\\/\\\/www.edel.fr\\\/en\\\/#website\",\"url\":\"https:\\\/\\\/www.edel.fr\\\/en\\\/\",\"name\":\"Edel\",\"description\":\"Pi\u00e8ce d\u00e9tach\u00e9e de Tracteur Agricole\",\"publisher\":{\"@id\":\"https:\\\/\\\/www.edel.fr\\\/en\\\/#organization\"},\"potentialAction\":[{\"@type\":\"SearchAction\",\"target\":{\"@type\":\"EntryPoint\",\"urlTemplate\":\"https:\\\/\\\/www.edel.fr\\\/en\\\/?s={search_term_string}\"},\"query-input\":{\"@type\":\"PropertyValueSpecification\",\"valueRequired\":true,\"valueName\":\"search_term_string\"}}],\"inLanguage\":\"en-US\"},{\"@type\":\"Organization\",\"@id\":\"https:\\\/\\\/www.edel.fr\\\/en\\\/#organization\",\"name\":\"Edel\",\"url\":\"https:\\\/\\\/www.edel.fr\\\/en\\\/\",\"logo\":{\"@type\":\"ImageObject\",\"inLanguage\":\"en-US\",\"@id\":\"https:\\\/\\\/www.edel.fr\\\/en\\\/#\\\/schema\\\/logo\\\/image\\\/\",\"url\":\"https:\\\/\\\/www.edel.fr\\\/uploads\\\/2018\\\/11\\\/logo-edel.png\",\"contentUrl\":\"https:\\\/\\\/www.edel.fr\\\/uploads\\\/2018\\\/11\\\/logo-edel.png\",\"width\":257,\"height\":68,\"caption\":\"Edel\"},\"image\":{\"@id\":\"https:\\\/\\\/www.edel.fr\\\/en\\\/#\\\/schema\\\/logo\\\/image\\\/\"}}]}<\/script>\n<!-- \/ Yoast SEO plugin. -->","yoast_head_json":{"title":"Fiat Pompe Hydraulique Tracteur : 0510525046 - 400 450 460 480... - Edel","description":"Fiat Pompe Hydraulique Tracteur : 0510525046 - Bosch - 400 450 460 480 500 540 U 445 - C 22 X - C 25 X - 193.0056 - 5130.133 - 0 9 006","robots":{"index":"index","follow":"follow","max-snippet":"max-snippet:-1","max-image-preview":"max-image-preview:large","max-video-preview":"max-video-preview:-1"},"canonical":"https:\/\/edel.fr\/en\/product\/pompe-hydraulique-0510525046\/","og_locale":"en_US","og_type":"article","og_title":"Fiat Pompe Hydraulique Tracteur : 0510525046 - 400 450 460 480... - Edel","og_description":"Fiat Pompe Hydraulique Tracteur : 0510525046 - Bosch - 400 450 460 480 500 540 U 445 - C 22 X - C 25 X - 193.0056 - 5130.133 - 0 9 006","og_url":"https:\/\/edel.fr\/en\/product\/pompe-hydraulique-0510525046\/","og_site_name":"Edel","article_modified_time":"2025-11-05T20:07:27+00:00","og_image":[{"width":1512,"height":1346,"url":"https:\/\/edel.fr\/uploads\/2020\/10\/hydraulique-0510525046.jpg","type":"image\/jpeg"}],"twitter_card":"summary_large_image","twitter_misc":{"Est. reading time":"1 minute"},"schema":{"@context":"https:\/\/schema.org","@graph":[{"@type":"WebPage","@id":"https:\/\/edel.fr\/produit\/pompe-hydraulique-0510525046\/","url":"https:\/\/edel.fr\/produit\/pompe-hydraulique-0510525046\/","name":"Fiat Pompe Hydraulique Tracteur : 0510525046 - 400 450 460 480... - Edel","isPartOf":{"@id":"https:\/\/www.edel.fr\/en\/#website"},"primaryImageOfPage":{"@id":"https:\/\/edel.fr\/produit\/pompe-hydraulique-0510525046\/#primaryimage"},"image":{"@id":"https:\/\/edel.fr\/produit\/pompe-hydraulique-0510525046\/#primaryimage"},"thumbnailUrl":"https:\/\/edel.fr\/uploads\/2020\/10\/hydraulique-0510525046.jpg","datePublished":"2020-10-26T13:57:18+00:00","dateModified":"2025-11-05T20:07:27+00:00","description":"Fiat Pompe Hydraulique Tracteur : 0510525046 - Bosch - 400 450 460 480 500 540 U 445 - C 22 X - C 25 X - 193.0056 - 5130.133 - 0 9 006","breadcrumb":{"@id":"https:\/\/edel.fr\/produit\/pompe-hydraulique-0510525046\/#breadcrumb"},"inLanguage":"en-US","potentialAction":[{"@type":"ReadAction","target":["https:\/\/edel.fr\/produit\/pompe-hydraulique-0510525046\/"]}]},{"@type":"ImageObject","inLanguage":"en-US","@id":"https:\/\/edel.fr\/produit\/pompe-hydraulique-0510525046\/#primaryimage","url":"https:\/\/edel.fr\/uploads\/2020\/10\/hydraulique-0510525046.jpg","contentUrl":"https:\/\/edel.fr\/uploads\/2020\/10\/hydraulique-0510525046.jpg","width":1512,"height":1346,"caption":"Pompe Hydraulique Fiat 0510525046"},{"@type":"BreadcrumbList","@id":"https:\/\/edel.fr\/produit\/pompe-hydraulique-0510525046\/#breadcrumb","itemListElement":[{"@type":"ListItem","position":1,"name":"Pi\u00e8ce Tracteur","item":"https:\/\/www.edel.fr\/en\/"},{"@type":"ListItem","position":2,"name":"Toutes nos pi\u00e8ces Tracteur","item":"https:\/\/edel.fr\/shop\/"},{"@type":"ListItem","position":3,"name":"Fiat Pompe Hydraulique Tracteur : 0510525046 &#8211; 400 450 460 480&#8230;"}]},{"@type":"WebSite","@id":"https:\/\/www.edel.fr\/en\/#website","url":"https:\/\/www.edel.fr\/en\/","name":"Edel","description":"Pi\u00e8ce d\u00e9tach\u00e9e de Tracteur Agricole","publisher":{"@id":"https:\/\/www.edel.fr\/en\/#organization"},"potentialAction":[{"@type":"SearchAction","target":{"@type":"EntryPoint","urlTemplate":"https:\/\/www.edel.fr\/en\/?s={search_term_string}"},"query-input":{"@type":"PropertyValueSpecification","valueRequired":true,"valueName":"search_term_string"}}],"inLanguage":"en-US"},{"@type":"Organization","@id":"https:\/\/www.edel.fr\/en\/#organization","name":"Edel","url":"https:\/\/www.edel.fr\/en\/","logo":{"@type":"ImageObject","inLanguage":"en-US","@id":"https:\/\/www.edel.fr\/en\/#\/schema\/logo\/image\/","url":"https:\/\/www.edel.fr\/uploads\/2018\/11\/logo-edel.png","contentUrl":"https:\/\/www.edel.fr\/uploads\/2018\/11\/logo-edel.png","width":257,"height":68,"caption":"Edel"},"image":{"@id":"https:\/\/www.edel.fr\/en\/#\/schema\/logo\/image\/"}}]}},"_links":{"self":[{"href":"https:\/\/edel.fr\/en\/wp-json\/wp\/v2\/product\/7695","targetHints":{"allow":["GET"]}}],"collection":[{"href":"https:\/\/edel.fr\/en\/wp-json\/wp\/v2\/product"}],"about":[{"href":"https:\/\/edel.fr\/en\/wp-json\/wp\/v2\/types\/product"}],"version-history":[{"count":2,"href":"https:\/\/edel.fr\/en\/wp-json\/wp\/v2\/product\/7695\/revisions"}],"predecessor-version":[{"id":13607,"href":"https:\/\/edel.fr\/en\/wp-json\/wp\/v2\/product\/7695\/revisions\/13607"}],"wp:featuredmedia":[{"embeddable":true,"href":"https:\/\/edel.fr\/en\/wp-json\/wp\/v2\/media\/7683"}],"wp:attachment":[{"href":"https:\/\/edel.fr\/en\/wp-json\/wp\/v2\/media?parent=7695"}],"wp:term":[{"taxonomy":"product_brand","embeddable":true,"href":"https:\/\/edel.fr\/en\/wp-json\/wp\/v2\/product_brand?post=7695"},{"taxonomy":"product_cat","embeddable":true,"href":"https:\/\/edel.fr\/en\/wp-json\/wp\/v2\/product_cat?post=7695"},{"taxonomy":"product_tag","embeddable":true,"href":"https:\/\/edel.fr\/en\/wp-json\/wp\/v2\/product_tag?post=7695"},{"taxonomy":"tracteur","embeddable":true,"href":"https:\/\/edel.fr\/en\/wp-json\/wp\/v2\/tracteur?post=7695"}],"curies":[{"name":"wp","href":"https:\/\/api.w.org\/{rel}","templated":true}]}}