{"id":7697,"date":"2020-10-26T15:00:31","date_gmt":"2020-10-26T14:00:31","guid":{"rendered":"https:\/\/www.edel.fr\/?post_type=product&#038;p=7697"},"modified":"2025-11-05T21:06:00","modified_gmt":"2025-11-05T20:06:00","slug":"pompe-hydraulique-0510625362","status":"publish","type":"product","link":"https:\/\/edel.fr\/en\/product\/pompe-hydraulique-0510625362\/","title":{"rendered":"Pompe Hydraulique Tracteur Fiat : 0510625362 &#8211; 110.90 130.90&#8230;"},"content":{"rendered":"<div data-elementor-type=\"wp-post\" data-elementor-id=\"7697\" class=\"elementor elementor-7697\">\n\t\t\t\t\t\t<section class=\"elementor-section elementor-top-section elementor-element elementor-element-4db9b2b elementor-section-boxed elementor-section-height-default elementor-section-height-default\" data-id=\"4db9b2b\" data-element_type=\"section\" data-e-type=\"section\">\n\t\t\t\t\t\t<div class=\"elementor-container elementor-column-gap-default\">\n\t\t\t\t\t<div class=\"elementor-column elementor-col-100 elementor-top-column elementor-element elementor-element-5017c215\" data-id=\"5017c215\" data-element_type=\"column\" data-e-type=\"column\">\n\t\t\t<div class=\"elementor-widget-wrap elementor-element-populated\">\n\t\t\t\t\t\t<div class=\"elementor-element elementor-element-206bb57d elementor-widget elementor-widget-heading\" data-id=\"206bb57d\" data-element_type=\"widget\" data-e-type=\"widget\" data-widget_type=\"heading.default\">\n\t\t\t\t<div class=\"elementor-widget-container\">\n\t\t\t\t\t<h2 class=\"elementor-heading-title elementor-size-default\">POMPE HYDRAULIQUE SIMPLE FIAT<\/h2>\t\t\t\t<\/div>\n\t\t\t\t<\/div>\n\t\t\t\t<div class=\"elementor-element elementor-element-2a6dd538 elementor-widget elementor-widget-heading\" data-id=\"2a6dd538\" data-element_type=\"widget\" data-e-type=\"widget\" data-widget_type=\"heading.default\">\n\t\t\t\t<div class=\"elementor-widget-container\">\n\t\t\t\t\t<h3 class=\"elementor-heading-title elementor-size-default\">Information du produit :<\/h3>\t\t\t\t<\/div>\n\t\t\t\t<\/div>\n\t\t\t\t\t<\/div>\n\t\t<\/div>\n\t\t\t\t\t<\/div>\n\t\t<\/section>\n\t\t\t\t<section class=\"elementor-section elementor-top-section elementor-element elementor-element-290ca7d1 elementor-section-boxed elementor-section-height-default elementor-section-height-default\" data-id=\"290ca7d1\" data-element_type=\"section\" data-e-type=\"section\">\n\t\t\t\t\t\t<div class=\"elementor-container elementor-column-gap-default\">\n\t\t\t\t\t<div class=\"elementor-column elementor-col-100 elementor-top-column elementor-element elementor-element-773f35b7\" data-id=\"773f35b7\" data-element_type=\"column\" data-e-type=\"column\">\n\t\t\t<div class=\"elementor-widget-wrap elementor-element-populated\">\n\t\t\t\t\t\t<div class=\"elementor-element elementor-element-7774c225 elementor-widget elementor-widget-text-editor\" data-id=\"7774c225\" data-element_type=\"widget\" data-e-type=\"widget\" data-widget_type=\"text-editor.default\">\n\t\t\t\t<div class=\"elementor-widget-container\">\n\t\t\t\t\t\t\t\t\t<p>Marque origine Bosch Rexroth<\/p><div><ul><li><b>\u00c9quivalen<\/b><strong>t\u00a0\u00e0<\/strong> <strong>:<\/strong> <br \/>&#8211; 0510.625.362<br \/>&#8211; A 42<br \/>&#8211; 1909.916<br \/>&#8211; 5129.488<\/li><\/ul><p>Type : 100.90, 1000, 110.90, 115.90, 1180, 1280, 130.90, 1380, 140.90, 1580, 160.90, 1880, 60.90, 70.90, 72.94, 80.88, 80.90, 800, 85.90, 850, 880, 90.90, 940, 980, A42X<\/p><\/div>\t\t\t\t\t\t\t\t<\/div>\n\t\t\t\t<\/div>\n\t\t\t\t\t<\/div>\n\t\t<\/div>\n\t\t\t\t\t<\/div>\n\t\t<\/section>\n\t\t\t\t<\/div>","protected":false},"excerpt":{"rendered":"<p>POMPE HYDRAULIQUE SIMPLE FIAT Information du produit : Marque origine Bosch Rexroth \u00c9quivalent\u00a0\u00e0 : &#8211; 0510.625.362 &#8211; A 42 &#8211; 1909.916 &#8211; 5129.488 Type : 100.90, 1000, 110.90, 115.90, 1180, 1280, 130.90, 1380, 140.90, 1580, 160.90, 1880, 60.90, 70.90, 72.94, 80.88, 80.90, 800, 85.90, 850, 880, 90.90, 940, 980, A42X<\/p>","protected":false},"featured_media":7698,"template":"","meta":[],"product_brand":[],"product_cat":[155,3988,167,119],"product_tag":[],"tracteur":[],"class_list":{"0":"post-7697","1":"product","2":"type-product","3":"status-publish","4":"has-post-thumbnail","6":"product_cat-hydraulique","7":"product_cat-pompe-hydraulique-fiat-new-holland","8":"product_cat-pompes-hydrauliques","9":"product_cat-tracteurs-agricoles","10":"product_shipping_class-142","11":"pa_fabriquant-bosch","12":"pa_marque-tracteur-fiat-new-holland","13":"pa_type-2-100-90","14":"pa_type-2-1150","15":"pa_type-2-110-90","16":"pa_type-2-115-90","17":"pa_type-2-1175","18":"pa_type-2-1176","19":"pa_type-2-130-90","20":"pa_type-2-1177","21":"pa_type-2-140-90-2","22":"pa_type-2-1178","23":"pa_type-2-160-90-2","24":"pa_type-2-1179","25":"pa_type-2-60-90","26":"pa_type-2-70-90","27":"pa_type-2-72-94","28":"pa_type-2-80-88","29":"pa_type-2-80-90","30":"pa_type-2-1888","31":"pa_type-2-85-90","32":"pa_type-2-1632","33":"pa_type-2-1172","34":"pa_type-2-90-90","35":"pa_type-2-2479","36":"pa_type-2-1174","37":"pa_type-2-a42x","38":"badges-style-2","40":"first","41":"outofstock","42":"taxable","43":"shipping-taxable","44":"purchasable","45":"product-type-simple"},"acf":[],"yoast_head":"<!-- This site is optimized with the Yoast SEO plugin v27.3 - https:\/\/yoast.com\/product\/yoast-seo-wordpress\/ -->\n<title>Pompe Hydraulique Tracteur Fiat : 0510625362 - 110.90 130.90... - Edel<\/title>\n<meta name=\"description\" content=\"Pompe Hydraulique Fiat Bosch - 100.90 1000 115.90 1180 1280 1380 140.90 1580 1880 60.90 70.90 72.94 80.88 80.90 800 850 880 85.90 90.90 940 980 A42X\" \/>\n<meta name=\"robots\" content=\"index, follow, max-snippet:-1, max-image-preview:large, max-video-preview:-1\" \/>\n<link rel=\"canonical\" href=\"https:\/\/www.edel.fr\/en\/product\/pompe-hydraulique-0510625362\/\" \/>\n<meta property=\"og:locale\" content=\"en_US\" \/>\n<meta property=\"og:type\" content=\"article\" \/>\n<meta property=\"og:title\" content=\"Pompe Hydraulique Tracteur Fiat : 0510625362 - 110.90 130.90... - Edel\" \/>\n<meta property=\"og:description\" content=\"Pompe Hydraulique Fiat Bosch - 100.90 1000 115.90 1180 1280 1380 140.90 1580 1880 60.90 70.90 72.94 80.88 80.90 800 850 880 85.90 90.90 940 980 A42X\" \/>\n<meta property=\"og:url\" content=\"https:\/\/www.edel.fr\/en\/product\/pompe-hydraulique-0510625362\/\" \/>\n<meta property=\"og:site_name\" content=\"Edel\" \/>\n<meta property=\"article:modified_time\" content=\"2025-11-05T20:06:00+00:00\" \/>\n<meta property=\"og:image\" content=\"https:\/\/www.edel.fr\/uploads\/2020\/10\/hydraulique-0510625362.jpg\" \/>\n\t<meta property=\"og:image:width\" content=\"1512\" \/>\n\t<meta property=\"og:image:height\" content=\"1364\" \/>\n\t<meta property=\"og:image:type\" content=\"image\/jpeg\" \/>\n<meta name=\"twitter:card\" content=\"summary_large_image\" \/>\n<meta name=\"twitter:label1\" content=\"Est. reading time\" \/>\n\t<meta name=\"twitter:data1\" content=\"1 minute\" \/>\n<script type=\"application\/ld+json\" class=\"yoast-schema-graph\">{\"@context\":\"https:\\\/\\\/schema.org\",\"@graph\":[{\"@type\":\"WebPage\",\"@id\":\"https:\\\/\\\/www.edel.fr\\\/en\\\/product\\\/pompe-hydraulique-0510625362\\\/\",\"url\":\"https:\\\/\\\/www.edel.fr\\\/en\\\/product\\\/pompe-hydraulique-0510625362\\\/\",\"name\":\"Pompe Hydraulique Tracteur Fiat : 0510625362 - 110.90 130.90... - Edel\",\"isPartOf\":{\"@id\":\"http:\\\/\\\/www.edel.fr\\\/en\\\/#website\"},\"primaryImageOfPage\":{\"@id\":\"https:\\\/\\\/www.edel.fr\\\/en\\\/product\\\/pompe-hydraulique-0510625362\\\/#primaryimage\"},\"image\":{\"@id\":\"https:\\\/\\\/www.edel.fr\\\/en\\\/product\\\/pompe-hydraulique-0510625362\\\/#primaryimage\"},\"thumbnailUrl\":\"https:\\\/\\\/edel.fr\\\/uploads\\\/2020\\\/10\\\/hydraulique-0510625362.jpg\",\"datePublished\":\"2020-10-26T14:00:31+00:00\",\"dateModified\":\"2025-11-05T20:06:00+00:00\",\"description\":\"Pompe Hydraulique Fiat Bosch - 100.90 1000 115.90 1180 1280 1380 140.90 1580 1880 60.90 70.90 72.94 80.88 80.90 800 850 880 85.90 90.90 940 980 A42X\",\"breadcrumb\":{\"@id\":\"https:\\\/\\\/www.edel.fr\\\/en\\\/product\\\/pompe-hydraulique-0510625362\\\/#breadcrumb\"},\"inLanguage\":\"en-US\",\"potentialAction\":[{\"@type\":\"ReadAction\",\"target\":[\"https:\\\/\\\/www.edel.fr\\\/en\\\/product\\\/pompe-hydraulique-0510625362\\\/\"]}]},{\"@type\":\"ImageObject\",\"inLanguage\":\"en-US\",\"@id\":\"https:\\\/\\\/www.edel.fr\\\/en\\\/product\\\/pompe-hydraulique-0510625362\\\/#primaryimage\",\"url\":\"https:\\\/\\\/edel.fr\\\/uploads\\\/2020\\\/10\\\/hydraulique-0510625362.jpg\",\"contentUrl\":\"https:\\\/\\\/edel.fr\\\/uploads\\\/2020\\\/10\\\/hydraulique-0510625362.jpg\",\"width\":1512,\"height\":1364,\"caption\":\"Pompe Hydraulique Fiat Bosch\"},{\"@type\":\"BreadcrumbList\",\"@id\":\"https:\\\/\\\/www.edel.fr\\\/en\\\/product\\\/pompe-hydraulique-0510625362\\\/#breadcrumb\",\"itemListElement\":[{\"@type\":\"ListItem\",\"position\":1,\"name\":\"Pi\u00e8ce Tracteur\",\"item\":\"http:\\\/\\\/www.edel.fr\\\/en\\\/\"},{\"@type\":\"ListItem\",\"position\":2,\"name\":\"Toutes nos pi\u00e8ces Tracteur\",\"item\":\"https:\\\/\\\/edel.fr\\\/shop\\\/\"},{\"@type\":\"ListItem\",\"position\":3,\"name\":\"Pompe Hydraulique Tracteur Fiat : 0510625362 &#8211; 110.90 130.90&#8230;\"}]},{\"@type\":\"WebSite\",\"@id\":\"http:\\\/\\\/www.edel.fr\\\/en\\\/#website\",\"url\":\"http:\\\/\\\/www.edel.fr\\\/en\\\/\",\"name\":\"Edel\",\"description\":\"Pi\u00e8ce d\u00e9tach\u00e9e de Tracteur Agricole\",\"publisher\":{\"@id\":\"http:\\\/\\\/www.edel.fr\\\/en\\\/#organization\"},\"potentialAction\":[{\"@type\":\"SearchAction\",\"target\":{\"@type\":\"EntryPoint\",\"urlTemplate\":\"http:\\\/\\\/www.edel.fr\\\/en\\\/?s={search_term_string}\"},\"query-input\":{\"@type\":\"PropertyValueSpecification\",\"valueRequired\":true,\"valueName\":\"search_term_string\"}}],\"inLanguage\":\"en-US\"},{\"@type\":\"Organization\",\"@id\":\"http:\\\/\\\/www.edel.fr\\\/en\\\/#organization\",\"name\":\"Edel\",\"url\":\"http:\\\/\\\/www.edel.fr\\\/en\\\/\",\"logo\":{\"@type\":\"ImageObject\",\"inLanguage\":\"en-US\",\"@id\":\"http:\\\/\\\/www.edel.fr\\\/en\\\/#\\\/schema\\\/logo\\\/image\\\/\",\"url\":\"https:\\\/\\\/www.edel.fr\\\/uploads\\\/2018\\\/11\\\/logo-edel.png\",\"contentUrl\":\"https:\\\/\\\/www.edel.fr\\\/uploads\\\/2018\\\/11\\\/logo-edel.png\",\"width\":257,\"height\":68,\"caption\":\"Edel\"},\"image\":{\"@id\":\"http:\\\/\\\/www.edel.fr\\\/en\\\/#\\\/schema\\\/logo\\\/image\\\/\"}}]}<\/script>\n<!-- \/ Yoast SEO plugin. -->","yoast_head_json":{"title":"Pompe Hydraulique Tracteur Fiat : 0510625362 - 110.90 130.90... - Edel","description":"Pompe Hydraulique Fiat Bosch - 100.90 1000 115.90 1180 1280 1380 140.90 1580 1880 60.90 70.90 72.94 80.88 80.90 800 850 880 85.90 90.90 940 980 A42X","robots":{"index":"index","follow":"follow","max-snippet":"max-snippet:-1","max-image-preview":"max-image-preview:large","max-video-preview":"max-video-preview:-1"},"canonical":"https:\/\/www.edel.fr\/en\/product\/pompe-hydraulique-0510625362\/","og_locale":"en_US","og_type":"article","og_title":"Pompe Hydraulique Tracteur Fiat : 0510625362 - 110.90 130.90... - Edel","og_description":"Pompe Hydraulique Fiat Bosch - 100.90 1000 115.90 1180 1280 1380 140.90 1580 1880 60.90 70.90 72.94 80.88 80.90 800 850 880 85.90 90.90 940 980 A42X","og_url":"https:\/\/www.edel.fr\/en\/product\/pompe-hydraulique-0510625362\/","og_site_name":"Edel","article_modified_time":"2025-11-05T20:06:00+00:00","og_image":[{"width":1512,"height":1364,"url":"https:\/\/www.edel.fr\/uploads\/2020\/10\/hydraulique-0510625362.jpg","type":"image\/jpeg"}],"twitter_card":"summary_large_image","twitter_misc":{"Est. reading time":"1 minute"},"schema":{"@context":"https:\/\/schema.org","@graph":[{"@type":"WebPage","@id":"https:\/\/www.edel.fr\/en\/product\/pompe-hydraulique-0510625362\/","url":"https:\/\/www.edel.fr\/en\/product\/pompe-hydraulique-0510625362\/","name":"Pompe Hydraulique Tracteur Fiat : 0510625362 - 110.90 130.90... - Edel","isPartOf":{"@id":"http:\/\/www.edel.fr\/en\/#website"},"primaryImageOfPage":{"@id":"https:\/\/www.edel.fr\/en\/product\/pompe-hydraulique-0510625362\/#primaryimage"},"image":{"@id":"https:\/\/www.edel.fr\/en\/product\/pompe-hydraulique-0510625362\/#primaryimage"},"thumbnailUrl":"https:\/\/edel.fr\/uploads\/2020\/10\/hydraulique-0510625362.jpg","datePublished":"2020-10-26T14:00:31+00:00","dateModified":"2025-11-05T20:06:00+00:00","description":"Pompe Hydraulique Fiat Bosch - 100.90 1000 115.90 1180 1280 1380 140.90 1580 1880 60.90 70.90 72.94 80.88 80.90 800 850 880 85.90 90.90 940 980 A42X","breadcrumb":{"@id":"https:\/\/www.edel.fr\/en\/product\/pompe-hydraulique-0510625362\/#breadcrumb"},"inLanguage":"en-US","potentialAction":[{"@type":"ReadAction","target":["https:\/\/www.edel.fr\/en\/product\/pompe-hydraulique-0510625362\/"]}]},{"@type":"ImageObject","inLanguage":"en-US","@id":"https:\/\/www.edel.fr\/en\/product\/pompe-hydraulique-0510625362\/#primaryimage","url":"https:\/\/edel.fr\/uploads\/2020\/10\/hydraulique-0510625362.jpg","contentUrl":"https:\/\/edel.fr\/uploads\/2020\/10\/hydraulique-0510625362.jpg","width":1512,"height":1364,"caption":"Pompe Hydraulique Fiat Bosch"},{"@type":"BreadcrumbList","@id":"https:\/\/www.edel.fr\/en\/product\/pompe-hydraulique-0510625362\/#breadcrumb","itemListElement":[{"@type":"ListItem","position":1,"name":"Pi\u00e8ce Tracteur","item":"http:\/\/www.edel.fr\/en\/"},{"@type":"ListItem","position":2,"name":"Toutes nos pi\u00e8ces Tracteur","item":"https:\/\/edel.fr\/shop\/"},{"@type":"ListItem","position":3,"name":"Pompe Hydraulique Tracteur Fiat : 0510625362 &#8211; 110.90 130.90&#8230;"}]},{"@type":"WebSite","@id":"http:\/\/www.edel.fr\/en\/#website","url":"http:\/\/www.edel.fr\/en\/","name":"Edel","description":"Pi\u00e8ce d\u00e9tach\u00e9e de Tracteur Agricole","publisher":{"@id":"http:\/\/www.edel.fr\/en\/#organization"},"potentialAction":[{"@type":"SearchAction","target":{"@type":"EntryPoint","urlTemplate":"http:\/\/www.edel.fr\/en\/?s={search_term_string}"},"query-input":{"@type":"PropertyValueSpecification","valueRequired":true,"valueName":"search_term_string"}}],"inLanguage":"en-US"},{"@type":"Organization","@id":"http:\/\/www.edel.fr\/en\/#organization","name":"Edel","url":"http:\/\/www.edel.fr\/en\/","logo":{"@type":"ImageObject","inLanguage":"en-US","@id":"http:\/\/www.edel.fr\/en\/#\/schema\/logo\/image\/","url":"https:\/\/www.edel.fr\/uploads\/2018\/11\/logo-edel.png","contentUrl":"https:\/\/www.edel.fr\/uploads\/2018\/11\/logo-edel.png","width":257,"height":68,"caption":"Edel"},"image":{"@id":"http:\/\/www.edel.fr\/en\/#\/schema\/logo\/image\/"}}]}},"_links":{"self":[{"href":"https:\/\/edel.fr\/en\/wp-json\/wp\/v2\/product\/7697","targetHints":{"allow":["GET"]}}],"collection":[{"href":"https:\/\/edel.fr\/en\/wp-json\/wp\/v2\/product"}],"about":[{"href":"https:\/\/edel.fr\/en\/wp-json\/wp\/v2\/types\/product"}],"version-history":[{"count":2,"href":"https:\/\/edel.fr\/en\/wp-json\/wp\/v2\/product\/7697\/revisions"}],"predecessor-version":[{"id":13606,"href":"https:\/\/edel.fr\/en\/wp-json\/wp\/v2\/product\/7697\/revisions\/13606"}],"wp:featuredmedia":[{"embeddable":true,"href":"https:\/\/edel.fr\/en\/wp-json\/wp\/v2\/media\/7698"}],"wp:attachment":[{"href":"https:\/\/edel.fr\/en\/wp-json\/wp\/v2\/media?parent=7697"}],"wp:term":[{"taxonomy":"product_brand","embeddable":true,"href":"https:\/\/edel.fr\/en\/wp-json\/wp\/v2\/product_brand?post=7697"},{"taxonomy":"product_cat","embeddable":true,"href":"https:\/\/edel.fr\/en\/wp-json\/wp\/v2\/product_cat?post=7697"},{"taxonomy":"product_tag","embeddable":true,"href":"https:\/\/edel.fr\/en\/wp-json\/wp\/v2\/product_tag?post=7697"},{"taxonomy":"tracteur","embeddable":true,"href":"https:\/\/edel.fr\/en\/wp-json\/wp\/v2\/tracteur?post=7697"}],"curies":[{"name":"wp","href":"https:\/\/api.w.org\/{rel}","templated":true}]}}